{"id":15865,"date":"2025-01-19T15:05:37","date_gmt":"2025-01-19T15:05:37","guid":{"rendered":"https:\/\/www.hydraulic-cylinders.net\/product\/bucket-cylinder-for-yuchai-yc230lc-8\/"},"modified":"2025-01-19T15:05:39","modified_gmt":"2025-01-19T15:05:39","slug":"bucket-cylinder-for-yuchai-yc230lc-8","status":"publish","type":"product","link":"https:\/\/www.hydraulic-cylinders.net\/de\/produkt\/bucket-cylinder-for-yuchai-yc230lc-8\/","title":{"rendered":"Eimerzylinder f\u00fcr Yuchai YC230LC-8"},"content":{"rendered":"<h1>Eimerzylinder f\u00fcr Yuchai YC230LC-8<\/h1>\n<h2>Einf\u00fchrung<\/h2>\n<p>Ein Schaufelzylinder ist ein Hydraulikzylinder, der speziell f\u00fcr die Steuerung der Schaufelbewegung in Baumaschinen wie Baggern, Baggerladern und Radladern entwickelt wurde. Seine Hauptfunktion besteht darin, das Heben, Senken und Neigen der Schaufel zu erm\u00f6glichen und so verschiedene Materialumschlagsaufgaben zu erleichtern. In Hydrauliksystemen erm\u00f6glicht der Schaufelzylinder die pr\u00e4zise Steuerung der Schaufel durch \u00c4nderungen des Hydraulik\u00f6ldrucks. Dies erlaubt es dem Bediener, schwere Lasten effizient zu handhaben, sich an komplexe Arbeitsumgebungen anzupassen und vielf\u00e4ltige Betriebsanforderungen zu erf\u00fcllen.<\/p>\n<p><img decoding=\"async\" src=\"https:\/\/www.hydraulic-cylinders.net\/wp-content\/uploads\/2025\/01\/songte-company-2.webp\" alt=\"Schaufelzylinder\"><\/p>\n<h2>Merkmale<\/h2>\n<ul>\n<li>\n<h3>Hohe Festigkeit und Haltbarkeit<\/h3>\n<p>Die Zylinder von Schaufelradf\u00f6rderanlagen bestehen typischerweise aus hochfestem Stahl oder Aluminium, sind in der Lage, hohem Druck und schweren Lasten standzuhalten, sich an raue Arbeitsumgebungen anzupassen und sind auf Verschlei\u00df- und Korrosionsbest\u00e4ndigkeit ausgelegt, wodurch ihre Lebensdauer verl\u00e4ngert wird.<\/p>\n<\/li>\n<li>\n<h3>Effizienter Hydraulikbetrieb<\/h3>\n<p>Der Schaufelzylinder nutzt den Druck von Hydraulik\u00f6l, um gleichm\u00e4\u00dfige Ausfahr- und Einfahrbewegungen zu erzielen. Dadurch wird eine schnelle Reaktion auf Steuerbefehle erm\u00f6glicht, eine starke Schub- und Zugkraft erzeugt und die Maschine eignet sich f\u00fcr die Handhabung schwerer Lasten und komplexer Arbeitsaufgaben.<\/p>\n<\/li>\n<li>\n<h3>Verschiedene Arten<\/h3>\n<p>Die Zylinder von Schaufeln k\u00f6nnen je nach Einsatzbedarf einfachwirkend (hydraulisch nur in eine Richtung) oder doppeltwirkend (hydraulisch in beide Richtungen) ausgef\u00fchrt sein. Einige Modelle sind teleskopierbar und erm\u00f6glichen so eine gr\u00f6\u00dfere Ausfahrstrecke ohne Vergr\u00f6\u00dferung der Au\u00dfenabmessungen. Dadurch eignen sie sich besonders f\u00fcr Anwendungen mit beengten Platzverh\u00e4ltnissen.<\/p>\n<\/li>\n<li>\n<h3>Perfekte Ersatzoption<\/h3>\n<p>Unsere Produkte k\u00f6nnen diese Hydraulikzylinder perfekt ersetzen, und wir k\u00f6nnen dieses Produkt herstellen.<\/p>\n<\/li>\n<p><img decoding=\"async\" src=\"https:\/\/www.hydraulic-cylinders.net\/wp-content\/uploads\/2025\/01\/songte-cylinder-head-with-all-kinds-excavator-models.webp\" alt=\"Austausch des Schaufelzylinders\"><\/p>\n<\/ul>\n<h2>Anwendungen<\/h2>\n<p>Schaufelzylinder werden in verschiedenen Maschinen eingesetzt, darunter:<\/p>\n<ul>\n<li>\n<h3>Baumaschinen<\/h3>\n<p>Bei Baggern sind sie unverzichtbar zum Ausheben, Laden und Bewegen von Erde oder Bauschutt. Bei Baggerladern unterst\u00fctzt der Schaufelzylinder das Graben und Heben. <\/p>\n<\/li>\n<li>\n<h3>Landmaschinen<\/h3>\n<p>Wird in Frontladern zum Schaufeln, Anheben und Transportieren von Erde, Heu und anderen Materialien verwendet. <\/p>\n<\/li>\n<li>\n<h3>Bagger<\/h3>\n<p>Der Aushub erfolgt durch den Schaufelzylinder, der es der Schaufel erm\u00f6glicht, in den Boden einzudringen. <\/p>\n<\/li>\n<li>\n<h3>Frontlader<\/h3>\n<p>Bei Frontladern helfen sie beim effizienten Anheben und Kippen von Ladung.<\/p>\n<\/li>\n<\/ul>\n<h2>Design\u00fcberlegungen und Auswahlkriterien<\/h2>\n<p>Bei der Konstruktion m\u00fcssen Schaufelzylinder bestimmte Kriterien erf\u00fcllen, um optimal zu funktionieren. Hier einige Schl\u00fcsselfaktoren:<\/p>\n<ul>\n<li>\n<h3>Tragf\u00e4higkeit<\/h3>\n<p>Die Tragf\u00e4higkeit des Zylinders muss so beschaffen sein, dass er das Gewicht der Last ohne Verformung oder Versagen tragen kann.<\/p>\n<\/li>\n<li>\n<h3>Versiegelung<\/h3>\n<p>Der Zylinder muss ausreichend abgedichtet sein, um ein Austreten von Hydraulikfl\u00fcssigkeit zu verhindern.<\/p>\n<\/li>\n<li>\n<h3>Haltbarkeit<\/h3>\n<p>Der Zylinder muss robust genug sein, um den rauen Arbeitsbedingungen standzuhalten und Verschlei\u00df zu widerstehen.<\/p>\n<\/li>\n<li>\n<h3>Sicherheit<\/h3>\n<p>Die Zylinder von Eimerf\u00f6rderanlagen m\u00fcssen so konstruiert sein, dass potenzielle Gefahren wie Leckagen, Br\u00fcche oder Explosionen verhindert werden.<\/p>\n<\/li>\n<li>\n<h3>Wartung<\/h3>\n<p>Der Zylinder muss so konstruiert sein, dass er leicht zu warten und zu reparieren ist, um Ausfallzeiten zu minimieren.<\/p>\n<\/li>\n<\/ul>\n<p><img decoding=\"async\" src=\"https:\/\/www.hydraulic-cylinders.net\/wp-content\/uploads\/2025\/01\/songte-oil-pipes-and-spare-parts.webp\" alt=\"Teile f\u00fcr Schaufelzylinder\"><\/p>\n<h2>Abdichtung und Schmierung<\/h2>\n<p>Der Schaufelzylinder verwendet verschiedene Dichtungen, wie Kolben- und Stangendichtungen, aus verschlei\u00dffesten Materialien wie Polyurethan und Nitrilkautschuk. Zylinderk\u00f6rper und Gewindeendfl\u00e4che werden pr\u00e4zise behandelt, um die Verschlei\u00dffestigkeit zu verbessern. Das regelm\u00e4\u00dfige Nachf\u00fcllen der richtigen Menge Hydraulik\u00f6l ist f\u00fcr die Schmierung und die Aufrechterhaltung einer optimalen Leistung unerl\u00e4sslich.<\/p>\n<h2>Wartung und Reparatur<\/h2>\n<p>Regelm\u00e4\u00dfige Inspektion und vorbeugende Wartung sind entscheidend f\u00fcr die Verl\u00e4ngerung der Lebensdauer von Schaufelzylindern. Hier einige g\u00e4ngige Wartungsarbeiten:<\/p>\n<ul>\n<li>\n<h3>Regelm\u00e4\u00dfige Inspektion<\/h3>\n<p>\u00dcberpr\u00fcfen Sie den Zylinder regelm\u00e4\u00dfig auf Anzeichen von Verschlei\u00df, Besch\u00e4digungen oder Undichtigkeiten.<\/p>\n<\/li>\n<li>\n<h3>Schmierung<\/h3>\n<p>Um eine optimale Leistung zu gew\u00e4hrleisten, muss der Zylinder ausreichend geschmiert sein.<\/p>\n<\/li>\n<li>\n<h3>Dichtungswechsel<\/h3>\n<p>Die Zylinderdichtungen m\u00fcssen ausgetauscht werden, sobald Anzeichen von Verschlei\u00df, Besch\u00e4digung oder Undichtigkeiten festgestellt werden.<\/p>\n<\/li>\n<li>\n<h3>Kalibrierungspr\u00fcfung<\/h3>\n<p>Um eine optimale Leistung zu gew\u00e4hrleisten, sollte die Kalibrierung des Zylinders regelm\u00e4\u00dfig \u00fcberpr\u00fcft werden.<\/p>\n<\/li>\n<\/ul>\n<p><img decoding=\"async\" src=\"https:\/\/www.hydraulic-cylinders.net\/wp-content\/uploads\/2025\/01\/songte-chushion-collar.webp\" alt=\"Einbau eines Schaufelzylinders\"><\/p>\n<h2>Sicherheitsaspekte und Umweltfaktoren<\/h2>\n<p>Bucket cylinders should be handled with care and installed correctly to avoid potential hazards such as leaks, ruptures, or explosions. Environmental factors, such as temperature, humidity, and exposure to corrosive substances, can affect the cylinder&#8217;s performance and durability. Therefore, it is essential to take necessary precautions when handling and operating bucket cylinders.<\/p>\n<h2>Diagnose und Fehlerbehebung<\/h2>\n<p>Common problems with bucket cylinders include leaks, diminished performance, and malfunction. Troubleshooting tips and solutions for these issues include checking the seals, verifying the hydraulic fluid level, and assessing the cylinder&#8217;s calibration. Taking preventive measures, such as regular maintenance and proper handling, can minimize potential problems.<\/p>\n<p><img decoding=\"async\" src=\"https:\/\/www.hydraulic-cylinders.net\/wp-content\/uploads\/2025\/01\/songte-bushings-with-all-kinds-of-excavator-models.webp\" alt=\"Buchsen f\u00fcr Schaufelzylinder\"><\/p>\n<h2>\u00dcber unser Unternehmen<\/h2>\n<p>We are a manufacturer of hydraulic cylinder replacements with a full range of products, becoming one of the leading manufacturers and wholesale distributors of hydraulic cylinders in the domestic and international markets. We adhere to the principle of excellent quality and rely on the industrial production management strategy of sophisticated manufacturing workshops. We continuously improve our workshop manufacturing platform, improve product quality production lines, and have strong creative capabilities to meet customers&#8217; diverse needs with high efficiency, high precision, and high-quality products.<\/p>\n<ul>\n<li>\n<h3>Professionalit\u00e4t<\/h3>\n<p>Unser Unternehmen besch\u00e4ftigt ein Team von technischen Experten und Fachleuten mit jahrelanger Erfahrung im Austausch von Hydraulikzylindern.<\/p>\n<\/li>\n<li>\n<h3>Internationale Zertifizierung<\/h3>\n<p>Unsere Produkte verf\u00fcgen \u00fcber internationale Zertifizierungen wie ISO, CE und RoHS, wodurch die Einhaltung globaler Standards gew\u00e4hrleistet wird.<\/p>\n<\/li>\n<li>\n<h3>Anpassung<\/h3>\n<p>We offer customized services to meet customers&#8217; unique requirements and preferences.<\/p>\n<\/li>\n<li>\n<h3>Produktionsausr\u00fcstung<\/h3>\n<p>Unser Unternehmen verf\u00fcgt \u00fcber hochentwickelte und fortschrittliche Fertigungsanlagen, darunter CNC-Drehmaschinen, Fr\u00e4smaschinen und Pr\u00fcfeinrichtungen.<\/p>\n<\/li>\n<li>\n<h3>Kundendienst<\/h3>\n<p>Wir bieten exzellente Kundendienstleistungen, einschlie\u00dflich Reparatur-, Austausch- und \u00dcberholungsdiensten, um die Kundenzufriedenheit und langfristige Kundenbeziehungen zu gew\u00e4hrleisten.<\/p>\n<\/li>\n<\/ul>\n<p><img decoding=\"async\" src=\"https:\/\/hzpt.com\/wp-content\/uploads\/2024\/11\/songte-company-1.webp\" alt=\"Unternehmens\u00fcbersicht\"><\/p>\n<p>Autor: lyl<\/p>","protected":false},"excerpt":{"rendered":"<p>Bucket Cylinder For Yuchai YC230LC-8 Introduction A bucket cylinder is a hydraulic cylinder specially designed to control the movement of the bucket in heavy machinery, such as excavators, backhoe loaders, and front loaders. Its main function is to allow the bucket to lift, lower, and tilt, making it easier to handle various material handling tasks. [&hellip;]<\/p>","protected":false},"featured_media":14762,"comment_status":"open","ping_status":"closed","template":"","meta":{"_et_pb_use_builder":"","_et_pb_old_content":"","_et_gb_content_width":""},"product_brand":[],"product_cat":[1494],"product_tag":[1495,1496],"class_list":{"0":"post-15865","1":"product","2":"type-product","3":"status-publish","4":"has-post-thumbnail","6":"product_cat-bucket-cylinders","7":"product_tag-bucket-cylinders","8":"product_tag-hydraulic-cylinders","10":"first","11":"instock","12":"shipping-taxable","13":"product-type-simple"},"amp_enabled":true,"_links":{"self":[{"href":"https:\/\/www.hydraulic-cylinders.net\/de\/wp-json\/wp\/v2\/product\/15865","targetHints":{"allow":["GET"]}}],"collection":[{"href":"https:\/\/www.hydraulic-cylinders.net\/de\/wp-json\/wp\/v2\/product"}],"about":[{"href":"https:\/\/www.hydraulic-cylinders.net\/de\/wp-json\/wp\/v2\/types\/product"}],"replies":[{"embeddable":true,"href":"https:\/\/www.hydraulic-cylinders.net\/de\/wp-json\/wp\/v2\/comments?post=15865"}],"wp:featuredmedia":[{"embeddable":true,"href":"https:\/\/www.hydraulic-cylinders.net\/de\/wp-json\/wp\/v2\/media\/14762"}],"wp:attachment":[{"href":"https:\/\/www.hydraulic-cylinders.net\/de\/wp-json\/wp\/v2\/media?parent=15865"}],"wp:term":[{"taxonomy":"product_brand","embeddable":true,"href":"https:\/\/www.hydraulic-cylinders.net\/de\/wp-json\/wp\/v2\/product_brand?post=15865"},{"taxonomy":"product_cat","embeddable":true,"href":"https:\/\/www.hydraulic-cylinders.net\/de\/wp-json\/wp\/v2\/product_cat?post=15865"},{"taxonomy":"product_tag","embeddable":true,"href":"https:\/\/www.hydraulic-cylinders.net\/de\/wp-json\/wp\/v2\/product_tag?post=15865"}],"curies":[{"name":"wp","href":"https:\/\/api.w.org\/{rel}","templated":true}]}}