{"id":15866,"date":"2025-01-19T15:05:41","date_gmt":"2025-01-19T15:05:41","guid":{"rendered":"https:\/\/www.hydraulic-cylinders.net\/product\/bucket-cylinder-for-yuchai-yc240lc-8\/"},"modified":"2025-01-19T15:05:46","modified_gmt":"2025-01-19T15:05:46","slug":"bucket-cylinder-for-yuchai-yc240lc-8","status":"publish","type":"product","link":"https:\/\/www.hydraulic-cylinders.net\/de\/produkt\/bucket-cylinder-for-yuchai-yc240lc-8\/","title":{"rendered":"Eimerzylinder f\u00fcr Yuchai YC240LC-8"},"content":{"rendered":"<h1>Eimerzylinder f\u00fcr Yuchai YC240LC-8<\/h1>\n<h2>Einf\u00fchrung<\/h2>\n<p>Bucket Cylinder is a specially designed hydraulic cylinder primarily used to control the movement of the bucket in heavy machinery such as excavators, backhoe loaders, and front-end loaders. Its main function is to enable the bucket to lift, lower, and tilt, making it easier to handle various material-handling tasks. In the hydraulic system, the bucket cylinder achieves precise control of the bucket&#8217;s movements through changes in hydraulic oil pressure, allowing operators to efficiently handle heavy loads, adapt to complex working environments and diverse operational needs.<\/p>\n<p><img decoding=\"async\" src=\"https:\/\/www.hydraulic-cylinders.net\/wp-content\/uploads\/2025\/01\/songte-company-2.webp\" alt=\"Schaufelzylinder\" \/><\/p>\n<h2>Merkmale<\/h2>\n<ul>\n<li>\n<h3>Hohe Festigkeit und Haltbarkeit<\/h3>\n<p>Die Zylinder von Schaufelradf\u00f6rderanlagen bestehen typischerweise aus hochfestem Stahl oder Aluminium, sind in der Lage, hohem Druck und schweren Lasten standzuhalten, und sind auf Verschlei\u00df- und Korrosionsbest\u00e4ndigkeit ausgelegt, was ihre Lebensdauer verl\u00e4ngert.<\/p>\n<\/li>\n<li>\n<h3>Effizienter Hydraulikbetrieb<\/h3>\n<p>Die Zylinder der Schaufel nutzen den Druck des Hydraulik\u00f6ls, um ein gleichm\u00e4\u00dfiges Aus- und Einfahren zu erreichen, reagieren schnell auf Steuerbefehle und bieten eine starke Schub- und Zugkraft. Sie eignen sich f\u00fcr den Umgang mit schweren Lasten und komplexen Arbeitsaufgaben.<\/p>\n<\/li>\n<li>\n<h3>Verschiedene Typen<\/h3>\n<p>Je nach Bedarf k\u00f6nnen die Zylinder f\u00fcr Schaufeln als einfachwirkend (Hydraulik wird nur in eine Richtung genutzt) oder doppeltwirkend (Hydraulik wird in beide Richtungen genutzt) ausgew\u00e4hlt werden. Einige Modelle sind teleskopierbar, was eine gr\u00f6\u00dfere Ausdehnung ohne Vergr\u00f6\u00dferung der Au\u00dfenabmessungen erm\u00f6glicht und sich f\u00fcr Anwendungen mit begrenztem Platzangebot eignet.<\/p>\n<\/li>\n<li>\n<h3>Perfekter Ersatz<\/h3>\n<p>Unser Unternehmen produziert Schaufelzylinder, die diese Hydraulikzylinder perfekt ersetzen k\u00f6nnen.<\/p>\n<p><img decoding=\"async\" src=\"https:\/\/www.hydraulic-cylinders.net\/wp-content\/uploads\/2025\/01\/songte-cylinder-head-with-all-kinds-excavator-models.webp\" alt=\"Austausch des Schaufelzylinders\" \/><\/p>\n<\/li>\n<li>\n<h3>Breites Anwendungsgebiet<\/h3>\n<p>Schaufelzylinder werden in verschiedenen schweren Maschinen weit verbreitet eingesetzt, darunter:<\/p>\n<ul>\n<li><strong>Baumaschinen:<\/strong> Schaufelzylinder sind f\u00fcr das Graben, Laden und Bewegen von Erde oder Schutt bei Baggern unerl\u00e4sslich. Bei Baggerladern unterst\u00fctzen Schaufelzylinder das Graben und Heben.<\/li>\n<li><strong>Landmaschinen:<\/strong> Bei Radladern dienen Schaufelzylinder zum Aufnehmen, Anheben und Transportieren von Erde, Heu und anderen Materialien. Bei Baggern dringt der Schaufelzylinder in den Boden ein, um den Aushubvorgang zu erm\u00f6glichen.<\/li>\n<li><strong>Lader:<\/strong> Bei Frontladern helfen die Zylinder der Schaufel dabei, G\u00fcter effektiv anzuheben und abzuladen.<\/li>\n<\/ul>\n<\/li>\n<\/ul>\n<h2>Design\u00fcberlegungen und Auswahlkriterien<\/h2>\n<p><img decoding=\"async\" src=\"https:\/\/www.hydraulic-cylinders.net\/wp-content\/uploads\/2025\/01\/songte-oil-pipes-and-spare-parts.webp\" alt=\"Konstruktion eines Schaufelzylinders\" \/><\/p>\n<ul>\n<li>\n<h3>Tragf\u00e4higkeit<\/h3>\n<p>Die Zylinder der Schaufeln sind so konstruiert, dass sie hohem Druck und schweren Lasten standhalten und ihre Tragf\u00e4higkeit den Industriestandards entspricht.<\/p>\n<\/li>\n<li>\n<h3>Versiegelung und Haltbarkeit<\/h3>\n<p>Die Zylinder von Schaufelradbaggern verwenden verschiedene Dichtungselemente wie Kolben-, Stangen- und Abstreifdichtungen aus Materialien wie Polyurethan und Nitrilkautschuk, die f\u00fcr Verschlei\u00dffestigkeit sorgen. Zylinderk\u00f6rper und Gewindestirnfl\u00e4che werden pr\u00e4zise bearbeitet, um die Verschlei\u00dffestigkeit weiter zu verbessern. Zur Schmierung ist das regelm\u00e4\u00dfige Nachf\u00fcllen der erforderlichen Menge Hydraulik\u00f6l notwendig.<\/p>\n<\/li>\n<li>\n<h3>Sicherheit<\/h3>\n<p>Die Zylinder der Schaufel m\u00fcssen zuverl\u00e4ssigen Halt und Stabilit\u00e4t bieten, um die Sicherheit im Betrieb zu gew\u00e4hrleisten. Es ist notwendig, die Sicherheitsrichtlinien zu befolgen und geeignete Sicherheitsma\u00dfnahmen zu w\u00e4hlen, um Unf\u00e4lle w\u00e4hrend des Gebrauchs zu vermeiden.<\/p>\n<\/li>\n<li>\n<h3>Wartbarkeit<\/h3>\n<p>Die Zylinder von Schaufelradbaggern m\u00fcssen so konstruiert sein, dass sie leicht gewartet und repariert werden k\u00f6nnen. Regelm\u00e4\u00dfige Inspektionen, der rechtzeitige Austausch verschlissener Teile und Kalibrierungspr\u00fcfungen sind unerl\u00e4sslich, um ihre Nutzungsdauer zu verl\u00e4ngern.<\/p>\n<\/li>\n<\/ul>\n<h2>Installationsanleitung<\/h2>\n<p>Eine fachgerechte Installation ist entscheidend f\u00fcr den optimalen Betrieb des Schaufelzylinders. Folgende Schritte sind zu beachten:<\/p>\n<ul>\n<li>\n<h3>Ausrichtung<\/h3>\n<p>Richten Sie die Kolbenstange des Zylinders an der Mittellinie der Last aus.<\/p>\n<\/li>\n<li>\n<h3>Montagehalterung<\/h3>\n<p>Verwenden Sie eine geeignete Montagehalterung, um den Zylinder zu befestigen.<\/p>\n<\/li>\n<li>\n<h3>Schmierung<\/h3>\n<p>F\u00fcllen Sie die entsprechende Menge Hydraulik\u00f6l in den Zylinder und vergewissern Sie sich, dass er vollst\u00e4ndig geschmiert ist.<\/p>\n<\/li>\n<\/ul>\n<h2>Wartung und Reparatur<\/h2>\n<p><img decoding=\"async\" src=\"https:\/\/www.hydraulic-cylinders.net\/wp-content\/uploads\/2025\/01\/songte-chushion-collar.webp\" alt=\"Wartung und Reparatur von Schaufelzylindern\" \/><\/p>\n<ul>\n<li>\n<h3>Regelm\u00e4\u00dfige Inspektion<\/h3>\n<p>Regelm\u00e4\u00dfige \u00dcberpr\u00fcfung des Schaufelzylinders auf Verschlei\u00df, Besch\u00e4digungen und Undichtigkeiten.<\/p>\n<\/li>\n<li>\n<h3>Schmierung<\/h3>\n<p>Regelm\u00e4\u00dfige Schmierung hilft, den Verschlei\u00df von Zylinderbauteilen zu verhindern.<\/p>\n<\/li>\n<li>\n<h3>Dichtungswechsel<\/h3>\n<p>Regelm\u00e4\u00dfiger Austausch von Dichtungen und Dichtungsringen, um eine ordnungsgem\u00e4\u00dfe Abdichtung zu gew\u00e4hrleisten und Leckagen zu vermeiden.<\/p>\n<\/li>\n<li>\n<h3>Kalibrierungspr\u00fcfung<\/h3>\n<p>Regelm\u00e4\u00dfige Kalibrierungspr\u00fcfungen gew\u00e4hrleisten einen optimalen und effizienten Betrieb des Zylinders.<\/p>\n<\/li>\n<\/ul>\n<h2>Sicherheitsaspekte und Umweltfaktoren<\/h2>\n<p>Beim Einsatz von Hydraulikzylindern f\u00fcr Schaufeln ist es wichtig, Sicherheitsma\u00dfnahmen zu beachten, um Unf\u00e4lle zu vermeiden und einen sicheren Betrieb zu gew\u00e4hrleisten. Dar\u00fcber hinaus sollten bei der Auswahl von Hydraulikzylindern Umweltfaktoren ber\u00fccksichtigt werden, um Umweltsch\u00e4den vorzubeugen.<\/p>\n<p><img decoding=\"async\" src=\"https:\/\/hzpt.com\/wp-content\/uploads\/2024\/11\/songte-company-1.webp\" alt=\"Sicherheit des Eimerzylinders\" \/><\/p>\n<h2>Fehlerdiagnose und h\u00e4ufige Probleme<\/h2>\n<p><img decoding=\"async\" src=\"https:\/\/www.hydraulic-cylinders.net\/wp-content\/uploads\/2025\/01\/songte-bushings-with-all-kinds-of-excavator-models.webp\" alt=\"Fehlerdiagnose am Schaufelzylinder\" \/><\/p>\n<ul>\n<li>\n<h3>Leckage<\/h3>\n<p>Pr\u00fcfen Sie die Dichtungen und Dichtungsringe auf Besch\u00e4digungen oder Verschlei\u00df und ersetzen Sie sie gegebenenfalls.<\/p>\n<\/li>\n<li>\n<h3>Verminderte Leistung<\/h3>\n<p>Pr\u00fcfen Sie das Hydrauliksystem auf Verunreinigungen oder einen falschen Fl\u00fcssigkeitsstand und stellen Sie sicher, dass es sauber und ordnungsgem\u00e4\u00df bef\u00fcllt ist.<\/p>\n<\/li>\n<li>\n<h3>L\u00e4rm<\/h3>\n<p>Pr\u00fcfen Sie den Zylinder auf Besch\u00e4digungen oder Verschlei\u00df und tauschen Sie die betroffenen Teile aus.<\/p>\n<\/li>\n<\/ul>\n<h2>\u00dcber unser Unternehmen<\/h2>\n<p><img decoding=\"async\" src=\"https:\/\/www.hydraulic-cylinders.net\/wp-content\/uploads\/2025\/01\/songte-company-3.webp\" alt=\"\u00dcber unser Unternehmen\" \/><\/p>\n<p>We are a manufacturer of replacement hydraulic cylinders with a complete range of products, becoming one of the leading manufacturers and wholesalers of hydraulic cylinders in the domestic and foreign markets. We adhere to the principles of excellent quality, rely on the industrialized production management strategy of fine manufacturing workshops, continuously improve the manufacturing platform of the workshop, improve the production quality route of the product, and have strong creative ability, satisfying customers&#8217; diverse needs with high efficiency, high precision, and high quality.<\/p>\n<ul>\n<li>\n<h3>Professionalit\u00e4t<\/h3>\n<p>Unser Unternehmen engagiert sich f\u00fcr die kontinuierliche Weiterentwicklung der Hydraulikzylindertechnologie und verf\u00fcgt \u00fcber ein professionelles Team von Ingenieuren und technischen Experten, die in der Produktentwicklung branchenf\u00fchrend sind.<\/p>\n<\/li>\n<li>\n<h3>Internationale Zertifizierung<\/h3>\n<p>Unser Unternehmen hat die Zertifizierung nach ISO9001:2015 f\u00fcr unser Qualit\u00e4tsmanagementsystem erhalten, wodurch sichergestellt wird, dass unsere Produkte internationalen Qualit\u00e4tsstandards entsprechen.<\/p>\n<\/li>\n<li>\n<h3>Kundenspezifischer Service<\/h3>\n<p>Unser Unternehmen bietet kundenspezifische Hydraulikzylinder an, um den besonderen Bed\u00fcrfnissen der Kunden gerecht zu werden und qualitativ hochwertige L\u00f6sungen f\u00fcr komplexe hydraulische Anforderungen zu liefern.<\/p>\n<\/li>\n<li>\n<h3>Produktionsausr\u00fcstung<\/h3>\n<p>Unser Unternehmen verf\u00fcgt \u00fcber moderne Produktionsanlagen, darunter CNC-Bearbeitungszentren, hochpr\u00e4zise Drehmaschinen und andere spezialisierte Produktionsanlagen f\u00fcr Hydraulikzylinder, um qualitativ hochwertige Produkte zu gew\u00e4hrleisten.<\/p>\n<\/li>\n<li>\n<h3>Kundendienst<\/h3>\n<p>Unser Unternehmen bietet einen umfassenden Kundendienst, einschlie\u00dflich Wartung, Reparatur und \u00dcberholung, um sicherzustellen, dass unsere Produkte stets in Top-Zustand sind.<\/p>\n<\/li>\n<\/ul>\n<p>Artikel verfasst von lyl.<\/p>","protected":false},"excerpt":{"rendered":"<p>Bucket Cylinder For Yuchai YC240LC-8 Introduction Bucket Cylinder is a specially designed hydraulic cylinder primarily used to control the movement of the bucket in heavy machinery such as excavators, backhoe loaders, and front-end loaders. Its main function is to enable the bucket to lift, lower, and tilt, making it easier to handle various material-handling tasks. [&hellip;]<\/p>","protected":false},"featured_media":14761,"comment_status":"open","ping_status":"closed","template":"","meta":{"_et_pb_use_builder":"","_et_pb_old_content":"","_et_gb_content_width":""},"product_brand":[],"product_cat":[1494],"product_tag":[1495,1496],"class_list":{"0":"post-15866","1":"product","2":"type-product","3":"status-publish","4":"has-post-thumbnail","6":"product_cat-bucket-cylinders","7":"product_tag-bucket-cylinders","8":"product_tag-hydraulic-cylinders","10":"first","11":"instock","12":"shipping-taxable","13":"product-type-simple"},"amp_enabled":true,"_links":{"self":[{"href":"https:\/\/www.hydraulic-cylinders.net\/de\/wp-json\/wp\/v2\/product\/15866","targetHints":{"allow":["GET"]}}],"collection":[{"href":"https:\/\/www.hydraulic-cylinders.net\/de\/wp-json\/wp\/v2\/product"}],"about":[{"href":"https:\/\/www.hydraulic-cylinders.net\/de\/wp-json\/wp\/v2\/types\/product"}],"replies":[{"embeddable":true,"href":"https:\/\/www.hydraulic-cylinders.net\/de\/wp-json\/wp\/v2\/comments?post=15866"}],"wp:featuredmedia":[{"embeddable":true,"href":"https:\/\/www.hydraulic-cylinders.net\/de\/wp-json\/wp\/v2\/media\/14761"}],"wp:attachment":[{"href":"https:\/\/www.hydraulic-cylinders.net\/de\/wp-json\/wp\/v2\/media?parent=15866"}],"wp:term":[{"taxonomy":"product_brand","embeddable":true,"href":"https:\/\/www.hydraulic-cylinders.net\/de\/wp-json\/wp\/v2\/product_brand?post=15866"},{"taxonomy":"product_cat","embeddable":true,"href":"https:\/\/www.hydraulic-cylinders.net\/de\/wp-json\/wp\/v2\/product_cat?post=15866"},{"taxonomy":"product_tag","embeddable":true,"href":"https:\/\/www.hydraulic-cylinders.net\/de\/wp-json\/wp\/v2\/product_tag?post=15866"}],"curies":[{"name":"wp","href":"https:\/\/api.w.org\/{rel}","templated":true}]}}