{"id":15875,"date":"2025-01-19T15:06:26","date_gmt":"2025-01-19T15:06:26","guid":{"rendered":"https:\/\/www.hydraulic-cylinders.net\/product\/bucket-cylinder-for-xinyuan-wheel-excavator-xy75w-8-9\/"},"modified":"2025-01-19T15:06:29","modified_gmt":"2025-01-19T15:06:29","slug":"bucket-cylinder-for-xinyuan-wheel-excavator-xy75w-8-9","status":"publish","type":"product","link":"https:\/\/www.hydraulic-cylinders.net\/de\/produkt\/bucket-cylinder-for-xinyuan-wheel-excavator-xy75w-8-9\/","title":{"rendered":"L\u00f6ffelzylinder f\u00fcr Xinyuan Radbagger XY75W-8-9"},"content":{"rendered":"<h1>L\u00f6ffelzylinder f\u00fcr Xinyuan Radbagger XY75W-8-9<\/h1>\n<h2>Einf\u00fchrung<\/h2>\n<p>Ein Schaufelzylinder ist ein speziell entwickelter Hydraulikzylinder, der die Bewegung einer Schaufel in Baumaschinen wie Baggern, Radladern und Baggerladern steuert. Seine Hauptfunktion besteht darin, das Heben, Senken und Neigen der Schaufel f\u00fcr den einfachen Transport verschiedener Materialien zu erm\u00f6glichen. Im Hydrauliksystem gew\u00e4hrleistet der Schaufelzylinder die pr\u00e4zise Steuerung der Schaufel durch die Ver\u00e4nderung des Hydraulik\u00f6ldrucks. Dies erm\u00f6glicht es dem Bediener, schwere Lasten effizient zu handhaben und sich an komplexe Arbeitsumgebungen und vielf\u00e4ltige Betriebsanforderungen anzupassen.<\/p>\n<p><img decoding=\"async\" src=\"https:\/\/www.hydraulic-cylinders.net\/wp-content\/uploads\/2025\/01\/songte-company-2.webp\" alt=\"Schaufelzylinder\"><\/p>\n<h2>Merkmale<\/h2>\n<ul>\n<li>Hohe Festigkeit und Langlebigkeit: Hergestellt aus hochfestem Stahl oder Aluminium, h\u00e4lt es hohem Druck und schweren Belastungen stand, ist f\u00fcr raue Arbeitsumgebungen geeignet und seine Konstruktion ber\u00fccksichtigt Verschlei\u00df- und Korrosionsbest\u00e4ndigkeit, um seine Lebensdauer zu verl\u00e4ngern.<\/li>\n<li>Effizienter Hydraulikbetrieb: Durch die Nutzung des Hydraulik\u00f6ldrucks werden reibungslose Aus- und Einfahrvorg\u00e4nge erreicht, wodurch eine starke Schub- und Zugkraft erzeugt wird. Dies macht das System geeignet f\u00fcr die Handhabung schwerer Lasten und komplexer Arbeitsaufgaben.<\/li>\n<li>Verschiedene Zylindertypen: Je nach Bedarf k\u00f6nnen einfachwirkende (hydraulisch nur in eine Richtung wirkende) oder doppeltwirkende (hydraulisch in beide Richtungen wirkende) Zylinder ausgew\u00e4hlt werden. Einige Modelle sind teleskopierbar und erm\u00f6glichen so eine gr\u00f6\u00dfere Ausfahrl\u00e4nge ohne Vergr\u00f6\u00dferung der Au\u00dfenabmessungen \u2013 ideal f\u00fcr Anwendungen mit beengten Platzverh\u00e4ltnissen. <\/li>\n<li>Perfekter Ersatz: Unsere Produkte k\u00f6nnen diese Hydraulikzylinder perfekt ersetzen. <\/li>\n<\/ul>\n<p><img decoding=\"async\" src=\"https:\/\/www.hydraulic-cylinders.net\/wp-content\/uploads\/2025\/01\/songte-cylinder-head-with-all-kinds-excavator-models.webp\" alt=\"Produkt\"><\/p>\n<h2>Anwendungen<\/h2>\n<p>Der Schaufelzylinder ist f\u00fcr das Ausheben, Laden und Bewegen von Erde oder Bauschutt in Baumaschinen unerl\u00e4sslich. Bei Baggerladern unterst\u00fctzt er das Ausheben und Heben. In der Landwirtschaft wird er bei Radladern zum Schaufeln, Heben und Transportieren von Erde, Heu und anderen Materialien eingesetzt. Bei Baggern erm\u00f6glicht der Schaufelzylinder das Graben, indem er das Eindringen der Schaufel in den Boden erlaubt. Bei Radladern tr\u00e4gt er zum effizienten Heben und Abladen von G\u00fctern bei.<\/p>\n<h2>Design\u00fcberlegungen und Auswahlkriterien<\/h2>\n<ul>\n<li>Tragf\u00e4higkeit: Bei der Auswahl des geeigneten Zylinders f\u00fcr die jeweilige Anwendung sollte die Tragf\u00e4higkeit des Zylinders ber\u00fccksichtigt werden.<\/li>\n<li>Abdichtung: Verschiedene Dichtungselemente wie Kolben- und Stangendichtungen sind zu verwenden. Diese Dichtungselemente sollten aus verschlei\u00dffesten Materialien wie Polyurethan und Nitrilkautschuk gefertigt sein. Zylinderk\u00f6rper und Gewindeendfl\u00e4chen sind sorgf\u00e4ltig zu bearbeiten, um die Verschlei\u00dffestigkeit zu verbessern. Hydraulik\u00f6l ist regelm\u00e4\u00dfig zur Schmierung nachzuf\u00fcllen.<\/li>\n<li>Langlebigkeit: Bei der Konstruktion des Zylinders sollte auf seine Langlebigkeit geachtet werden. Er sollte aus hochfesten und widerstandsf\u00e4higen Materialien gefertigt sein, um Verschlei\u00df, Korrosion und anderen Umwelteinfl\u00fcssen zu widerstehen.<\/li>\n<li>Sicherheit: Sicherheit sollte bei Konstruktion und Auswahl oberste Priorit\u00e4t haben. Der Zylinder muss f\u00fcr einen sicheren Betrieb ausgelegt und ausgew\u00e4hlt werden, und es m\u00fcssen geeignete Sicherheitsma\u00dfnahmen ber\u00fccksichtigt werden.<\/li>\n<li>Wartung: Bei der Konstruktion und Auswahl von Zylindern sollte die Wartung ber\u00fccksichtigt werden. Zylinder sollten so konstruiert sein, dass sie leicht gewartet und repariert werden k\u00f6nnen. Regelm\u00e4\u00dfige Wartungsarbeiten verl\u00e4ngern die Lebensdauer des Zylinders.<\/li>\n<\/ul>\n<p><img decoding=\"async\" src=\"https:\/\/www.hydraulic-cylinders.net\/wp-content\/uploads\/2025\/01\/songte-oil-pipes-and-spare-parts.webp\" alt=\"Produkt\"><\/p>\n<h2>Wartung und Installation<\/h2>\n<p>Im Folgenden werden drei g\u00e4ngige Wartungsaufgaben aufgef\u00fchrt:<\/p>\n<ol>\n<li>Regelm\u00e4\u00dfige Inspektion<\/li>\n<li>Richtige Schmierung<\/li>\n<li>Dichtungswechsel und Kalibrierungspr\u00fcfung<\/li>\n<\/ol>\n<p>F\u00fcr die Langlebigkeit des Schaufelzylinders sind eine fachgerechte Installation, Schmierung und Justierung unerl\u00e4sslich. Bei der Installation ist auf die korrekte Ausrichtung des Zylinders zu achten und dieser mit geeigneten Montagehalterungen zu sichern. Die empfohlenen Inspektions-, Reparatur- und Austauschverfahren sind zu befolgen und \u00dcberholungsleistungen sind anzubieten, um die Lebensdauer des Produkts zu verl\u00e4ngern.<\/p>\n<p><img decoding=\"async\" src=\"https:\/\/www.hydraulic-cylinders.net\/wp-content\/uploads\/2025\/01\/songte-chushion-collar.webp\" alt=\"Produkt\"><\/p>\n<h2>Sicherheits- und Umweltaspekte<\/h2>\n<p>Beim Betrieb des Hubzylinders sind geeignete Sicherheitsvorkehrungen zu treffen, um Unf\u00e4lle zu vermeiden und sichere Arbeitsabl\u00e4ufe zu gew\u00e4hrleisten. Umweltfaktoren sollten bei der Auswahl und dem Betrieb des Zylinders ebenfalls ber\u00fccksichtigt werden, um negative Umweltauswirkungen zu minimieren.<\/p>\n<h2>Diagnose und Fehlerbehebung<\/h2>\n<p>Im Folgenden werden einige h\u00e4ufige Probleme aufgef\u00fchrt, die bei der Verwendung des Schaufelzylinders auftreten k\u00f6nnen:<\/p>\n<ul>\n<li>Dichtungsausfall<\/li>\n<li>\u00fcberm\u00e4\u00dfige Leckage<\/li>\n<li>Verringerte Betriebseffizienz<\/li>\n<\/ul>\n<p>Es sollten Tipps und L\u00f6sungen zur Fehlerbehebung bereitgestellt werden, um Probleme effektiv zu diagnostizieren und zu l\u00f6sen, und es sollten vorbeugende Ma\u00dfnahmen ergriffen werden, um potenzielle Probleme zu minimieren.<\/p>\n<p><img decoding=\"async\" src=\"https:\/\/www.hydraulic-cylinders.net\/wp-content\/uploads\/2025\/01\/songte-bushings-with-all-kinds-of-excavator-models.webp\" alt=\"Produkt\"><\/p>\n<h2>\u00dcber unser Unternehmen<\/h2>\n<p>Wir sind Hersteller von Hydraulikzylindern zum Austausch bestehender Zylinder. Unser Unternehmen bietet ein umfassendes Produktsortiment und z\u00e4hlt zu den f\u00fchrenden Herstellern und Gro\u00dfh\u00e4ndlern von Hydraulikzylindern im In- und Ausland. Wir legen Wert auf h\u00f6chste Qualit\u00e4t, setzen auf eine industrialisierte Produktionsstrategie in einer modernen Fertigungshalle, optimieren kontinuierlich unsere Fertigungsprozesse und zeichnen uns durch hohe Innovationskraft aus. Mit den Prinzipien hoher Effizienz, Pr\u00e4zision und Qualit\u00e4t erf\u00fcllen wir die vielf\u00e4ltigen Bed\u00fcrfnisse unserer Kunden.<\/p>\n<p><img decoding=\"async\" src=\"https:\/\/hzpt.com\/wp-content\/uploads\/2024\/11\/songte-company-1.webp\" alt=\"Unternehmen\"><\/p>\n<h3>Professionalit\u00e4t<\/h3>\n<p>Wir sind ein Team von Fachleuten, die sich der Bereitstellung exzellenter Produkte und Dienstleistungen f\u00fcr unsere Kunden verschrieben haben. Unser Team besteht aus Ingenieuren, Technikern und weiteren qualifizierten Fachkr\u00e4ften, die mit gro\u00dfem Engagement daf\u00fcr sorgen, dass unsere Produkte h\u00f6chsten Qualit\u00e4ts- und Zuverl\u00e4ssigkeitsstandards entsprechen.<\/p>\n<h3>Internationale Zertifizierungen<\/h3>\n<p>Unser Unternehmen hat verschiedene internationale Zertifizierungen erhalten, darunter ISO9001, CE und andere, um sicherzustellen, dass unsere Produkte den h\u00f6chsten internationalen Standards entsprechen.<\/p>\n<h3>Anpassungsdienste<\/h3>\n<p>Wir bieten kundenspezifische Anpassungsleistungen an, um den individuellen Bed\u00fcrfnissen unserer Kunden gerecht zu werden. Gemeinsam mit unseren Kunden entwickeln und fertigen wir Hydraulikzylinder, die ihren spezifischen Anforderungen entsprechen.<\/p>\n<h3>Produktionsausr\u00fcstung<\/h3>\n<p>Unser Unternehmen hat umfangreich in moderne Produktionsanlagen investiert, um sicherzustellen, dass wir schnell und effizient hochwertige Hydraulikzylinder herstellen k\u00f6nnen.<\/p>\n<h3>Kundendienst<\/h3>\n<p>Wir bieten einen exzellenten Kundendienst, um die Zufriedenheit unserer Kunden mit unseren Produkten sicherzustellen. Wir bieten technischen Support, Wartung, Reparatur und \u00dcberholung an, damit unsere Kunden unsere Produkte optimal nutzen k\u00f6nnen.<\/p>\n<p>Autor: lyl.<\/p>","protected":false},"excerpt":{"rendered":"<p>Bucket Cylinder For Xinyuan Wheel Excavator XY75W-8-9 Introduction A bucket cylinder is a specially designed hydraulic cylinder used to control the movement of a bucket in heavy machinery such as excavators, backhoe excavators, and front-end loaders. Its main function is to enable the bucket to lift, lower, and tilt for easy handling of various materials. [&hellip;]<\/p>","protected":false},"featured_media":14776,"comment_status":"open","ping_status":"closed","template":"","meta":{"_et_pb_use_builder":"","_et_pb_old_content":"","_et_gb_content_width":""},"product_brand":[],"product_cat":[1494],"product_tag":[1495,1496],"class_list":{"0":"post-15875","1":"product","2":"type-product","3":"status-publish","4":"has-post-thumbnail","6":"product_cat-bucket-cylinders","7":"product_tag-bucket-cylinders","8":"product_tag-hydraulic-cylinders","10":"first","11":"instock","12":"shipping-taxable","13":"product-type-simple"},"amp_enabled":true,"_links":{"self":[{"href":"https:\/\/www.hydraulic-cylinders.net\/de\/wp-json\/wp\/v2\/product\/15875","targetHints":{"allow":["GET"]}}],"collection":[{"href":"https:\/\/www.hydraulic-cylinders.net\/de\/wp-json\/wp\/v2\/product"}],"about":[{"href":"https:\/\/www.hydraulic-cylinders.net\/de\/wp-json\/wp\/v2\/types\/product"}],"replies":[{"embeddable":true,"href":"https:\/\/www.hydraulic-cylinders.net\/de\/wp-json\/wp\/v2\/comments?post=15875"}],"wp:featuredmedia":[{"embeddable":true,"href":"https:\/\/www.hydraulic-cylinders.net\/de\/wp-json\/wp\/v2\/media\/14776"}],"wp:attachment":[{"href":"https:\/\/www.hydraulic-cylinders.net\/de\/wp-json\/wp\/v2\/media?parent=15875"}],"wp:term":[{"taxonomy":"product_brand","embeddable":true,"href":"https:\/\/www.hydraulic-cylinders.net\/de\/wp-json\/wp\/v2\/product_brand?post=15875"},{"taxonomy":"product_cat","embeddable":true,"href":"https:\/\/www.hydraulic-cylinders.net\/de\/wp-json\/wp\/v2\/product_cat?post=15875"},{"taxonomy":"product_tag","embeddable":true,"href":"https:\/\/www.hydraulic-cylinders.net\/de\/wp-json\/wp\/v2\/product_tag?post=15875"}],"curies":[{"name":"wp","href":"https:\/\/api.w.org\/{rel}","templated":true}]}}