{"id":15898,"date":"2025-01-19T15:08:16","date_gmt":"2025-01-19T15:08:16","guid":{"rendered":"https:\/\/www.hydraulic-cylinders.net\/product\/bucket-cylinder-for-volwa-cane-unloader-dls100-9a\/"},"modified":"2025-01-19T15:08:18","modified_gmt":"2025-01-19T15:08:18","slug":"bucket-cylinder-for-volwa-cane-unloader-dls100-9a","status":"publish","type":"product","link":"https:\/\/www.hydraulic-cylinders.net\/de\/produkt\/bucket-cylinder-for-volwa-cane-unloader-dls100-9a\/","title":{"rendered":"Schaufelzylinder f\u00fcr Volkswagen Zuckerrohrentlader DLS100-9A"},"content":{"rendered":"<h1>Schaufelzylinder f\u00fcr Volkswagen Zuckerrohrentlader DLS100-9A<\/h1>\n<h2>Einf\u00fchrung<\/h2>\n<p>Der Schaufelzylinder ist ein speziell entwickelter Hydraulikzylinder, der die Bewegung der Schaufel in Baumaschinen wie Baggern, Baggerladern und Radladern steuert. Seine Hauptfunktion besteht darin, das Heben, Senken und Neigen der Schaufel f\u00fcr verschiedene Materialumschlagsaufgaben zu erm\u00f6glichen. In einem Hydrauliksystem erm\u00f6glicht der Schaufelzylinder die pr\u00e4zise Steuerung der Schaufel durch die Nutzung von \u00c4nderungen des Hydraulik\u00f6ldrucks. Dadurch k\u00f6nnen Bediener schwere Lasten effizient handhaben und sich an komplexe Arbeitsumgebungen und vielf\u00e4ltige Aufgaben anpassen.<\/p>\n<p><img decoding=\"async\" src=\"https:\/\/www.hydraulic-cylinders.net\/wp-content\/uploads\/2025\/01\/songte-company-2.webp\" alt=\"Bild des Schaufelzylinders\"><\/p>\n<h2>Merkmale<\/h2>\n<ul>\n<li>Hohe Festigkeit und Langlebigkeit: Der aus hochfestem Stahl oder Aluminium gefertigte Schaufelzylinder h\u00e4lt hohem Druck und schweren Lasten stand und eignet sich f\u00fcr anspruchsvolle Arbeitsumgebungen. Seine Konstruktion ber\u00fccksichtigt Verschlei\u00df- und Korrosionsbest\u00e4ndigkeit und verl\u00e4ngert so seine Lebensdauer.<\/li>\n<li>Effizienter Hydraulikbetrieb: Durch die Nutzung des Hydraulik\u00f6ldrucks erreicht der Schaufelzylinder ein sanftes Aus- und Einfahren, was eine schnelle Reaktion auf Steuerbefehle erm\u00f6glicht und kraftvolle Schub- und Zugkr\u00e4fte bereitstellt, die f\u00fcr die Handhabung schwerer Lasten und komplexer Aufgaben geeignet sind.<\/li>\n<li>Verschiedene Ausf\u00fchrungen: Schaufelzylinder sind als einfachwirkende (hydraulisch nur in eine Richtung wirkende) oder doppeltwirkende (hydraulisch in beide Richtungen wirkende) Zylinder erh\u00e4ltlich, um unterschiedlichen Einsatzanforderungen gerecht zu werden. Einige Modelle sind teleskopierbar und erm\u00f6glichen so eine gr\u00f6\u00dfere Ausladung ohne Vergr\u00f6\u00dferung der Au\u00dfenabmessungen. Dadurch eignen sie sich besonders f\u00fcr Anwendungen mit begrenztem Platzangebot.<\/li>\n<li>Perfekter Ersatz: Unsere Produkte k\u00f6nnen vorhandene Hydraulikzylinder perfekt ersetzen und bieten somit eine zuverl\u00e4ssige L\u00f6sung f\u00fcr verschiedene Anwendungen.<\/li>\n<\/ul>\n<p><img decoding=\"async\" src=\"https:\/\/www.hydraulic-cylinders.net\/wp-content\/uploads\/2025\/01\/songte-cylinder-head-with-all-kinds-excavator-models.webp\" alt=\"Abbildung des Ersatzzylinders\"><\/p>\n<h2>Anwendungen<\/h2>\n<p>Schaufelzylinder werden \u00fcblicherweise in folgenden Ger\u00e4ten eingesetzt:<\/p>\n<h3>Baumaschinen:<\/h3>\n<p>Bei Baggern sind sie unverzichtbar f\u00fcr Aushubarbeiten, das Laden und den Materialtransport. Bei Baggerladern unterst\u00fctzen die Schaufelzylinder sowohl das Graben als auch das Heben.<\/p>\n<h3>Landmaschinen:<\/h3>\n<p>Sie werden in Frontladern eingesetzt und \u00fcbernehmen das Schaufeln, Anheben und Transportieren von Erde, Heu und anderen Materialien.<\/p>\n<h3>Bagger:<\/h3>\n<p>Die Zylinder des Schaufelrads erm\u00f6glichen Grabvorg\u00e4nge, indem sie das Eindringen des Schaufelrads in den Boden erlauben.<\/p>\n<h3>Lader:<\/h3>\n<p>Bei Frontladern erleichtern sie das effiziente Anheben und Abladen von G\u00fctern.<\/p>\n<p><img decoding=\"async\" src=\"https:\/\/www.hydraulic-cylinders.net\/wp-content\/uploads\/2025\/01\/songte-bushings-with-all-kinds-of-excavator-models.webp\" alt=\"Anwendungen des Zylinderbildes\"><\/p>\n<h2>Design\u00fcberlegungen und Auswahlkriterien<\/h2>\n<p>Bei der Konstruktion von Schaufelzylindern m\u00fcssen mehrere Faktoren ber\u00fccksichtigt werden:<\/p>\n<ul>\n<li>Tragf\u00e4higkeit: Der Zylinder sollte so konstruiert sein, dass er der vorgesehenen Last ohne Versagen standh\u00e4lt.<\/li>\n<li>Abdichtung: Um eine ordnungsgem\u00e4\u00dfe Abdichtung zu gew\u00e4hrleisten und \u00d6laustritt zu verhindern, sollten verschiedene Dichtungskomponenten, wie z. B. Kolbendichtungen und Pleueldichtungen, verwendet werden.<\/li>\n<li>Langlebigkeit: Der Zylinder sollte langlebig und verschlei\u00dffest sein, um eine lange Lebensdauer zu gew\u00e4hrleisten.<\/li>\n<li>Sicherheit: Um Unf\u00e4lle zu vermeiden und den Schutz des Bedieners zu gew\u00e4hrleisten, sollten Sicherheitsmerkmale in die Konstruktion des Zylinders integriert werden.<\/li>\n<li>Wartungsfreundlichkeit: Der Zylinder sollte so konstruiert sein, dass er eine einfache Wartung erm\u00f6glicht und eine bequeme Inspektion, Reparatur und den Austausch von Komponenten erlaubt.<\/li>\n<\/ul>\n<p><img decoding=\"async\" src=\"https:\/\/www.hydraulic-cylinders.net\/wp-content\/uploads\/2025\/01\/songte-oil-pipes-and-spare-parts.webp\" alt=\"Design\u00fcberlegungen Bild\"><\/p>\n<h2>Abdichtung und Schmierung<\/h2>\n<p>Der Schaufelzylinder verwendet verschiedene Dichtungskomponenten, darunter Kolben- und Stangendichtungen. Diese Dichtungen bestehen aus verschlei\u00dffesten Materialien wie Polyurethan und Nitrilkautschuk. Zylinderk\u00f6rper und Gewindeenden sind feinbearbeitet, um die Verschlei\u00dffestigkeit zu erh\u00f6hen. Regelm\u00e4\u00dfige Schmierung mit der richtigen Menge Hydraulik\u00f6l ist erforderlich, um einen reibungslosen Betrieb zu gew\u00e4hrleisten und die Lebensdauer des Zylinders zu verl\u00e4ngern.<\/p>\n<h2>Regelm\u00e4\u00dfige Inspektion und vorbeugende Wartung<\/h2>\n<p>Um eine optimale Leistung zu gew\u00e4hrleisten, sind regelm\u00e4\u00dfige Inspektionen und vorbeugende Wartungsarbeiten unerl\u00e4sslich. Hier einige empfohlene Ma\u00dfnahmen:<\/p>\n<ul>\n<li>Pr\u00fcfen Sie den Zylinder auf Anzeichen von Besch\u00e4digung oder Verschlei\u00df.<\/li>\n<li>Sorgen Sie f\u00fcr eine ordnungsgem\u00e4\u00dfe Schmierung aller beweglichen Teile.<\/li>\n<li>Abgenutzte oder besch\u00e4digte Dichtungen m\u00fcssen ersetzt werden, um \u00d6laustritt zu verhindern.<\/li>\n<li>F\u00fchren Sie Kalibrierungspr\u00fcfungen durch, um einen genauen Betrieb zu gew\u00e4hrleisten.<\/li>\n<\/ul>\n<p><img decoding=\"async\" src=\"https:\/\/www.hydraulic-cylinders.net\/wp-content\/uploads\/2025\/01\/songte-chushion-collar.webp\" alt=\"Wartungstipps Bild\"><\/p>\n<h2>Sicherheitsaspekte und Umweltfaktoren<\/h2>\n<p>Beim Einsatz von Hubzylindern ist es wichtig, Sicherheitsma\u00dfnahmen zu priorisieren, um Unf\u00e4lle zu vermeiden und das Wohlbefinden des Bedieners zu gew\u00e4hrleisten. Die Einhaltung von Sicherheitsprotokollen und -richtlinien ist entscheidend f\u00fcr ein sicheres Arbeitsumfeld. Dar\u00fcber hinaus ist die Ber\u00fccksichtigung von Umweltfaktoren wie die ordnungsgem\u00e4\u00dfe Entsorgung von Hydraulikfl\u00fcssigkeiten und die Einhaltung von Umweltauflagen f\u00fcr einen nachhaltigen Betrieb unerl\u00e4sslich.<\/p>\n<h2>Fehlerbehebung und h\u00e4ufige Probleme<\/h2>\n<p>Benutzer von Saugzylindern k\u00f6nnen auf verschiedene Probleme sto\u00dfen. Hier finden Sie einige Tipps und L\u00f6sungen zur Fehlerbehebung:<\/p>\n<ul>\n<li>Falls sich der Zylinder nicht aus- oder einfahren l\u00e4sst, pr\u00fcfen Sie auf Hydraulik\u00f6llecks und stellen Sie sicher, dass der \u00d6lstand korrekt ist.<\/li>\n<li>Wenn der Zylinder langsam arbeitet, pr\u00fcfen Sie das Hydrauliksystem auf Verstopfungen und stellen Sie sicher, dass das \u00d6l die richtige Temperatur hat.<\/li>\n<li>Bei \u00fcberm\u00e4\u00dfigen Ger\u00e4uschen w\u00e4hrend des Betriebs pr\u00fcfen Sie auf lose oder verschlissene Bauteile und ziehen Sie diese gegebenenfalls fest oder ersetzen Sie sie.<\/li>\n<\/ul>\n<p><img decoding=\"async\" src=\"https:\/\/www.hydraulic-cylinders.net\/wp-content\/uploads\/2025\/01\/songte-company-1.webp\" alt=\"Bild mit Tipps zur Fehlerbehebung\"><\/p>\n<h2>Unternehmens\u00fcbersicht<\/h2>\n<p>Wir sind ein f\u00fchrender Hersteller und Gro\u00dfh\u00e4ndler von Hydraulikzylindern und spezialisiert auf Ersatzteill\u00f6sungen. Unser umfassendes Produktsortiment hat uns auf dem nationalen und internationalen Markt einen vertrauensw\u00fcrdigen Namen gemacht. Mit dem Fokus auf Exzellenz und modernsten Fertigungsanlagen optimieren wir kontinuierlich unsere Produktionsplattformen und gew\u00e4hrleisten so h\u00f6chste Effizienz, Pr\u00e4zision und Qualit\u00e4t, um den vielf\u00e4ltigen Kundenbed\u00fcrfnissen gerecht zu werden.<\/p>\n<p><img decoding=\"async\" src=\"https:\/\/www.hydraulic-cylinders.net\/wp-content\/uploads\/2025\/01\/songte-company-3.webp\" alt=\"Firmenimage\"><\/p>\n<p>Unser Unternehmen zeichnet sich durch Folgendes aus:<\/p>\n<ul>\n<li>Professionalit\u00e4t<\/li>\n<li>Internationale Zertifizierungen<\/li>\n<li>Anpassungsdienste<\/li>\n<li>Modernste Produktionsanlagen<\/li>\n<li>Kundendienst<\/li>\n<\/ul>\n<p>Wir sind stolz darauf, erstklassige Produkte und Dienstleistungen anzubieten. Kontaktieren Sie uns f\u00fcr all Ihre Anforderungen an Hydraulikzylinder.<\/p>\n<p>Autor: lyl<\/p>","protected":false},"excerpt":{"rendered":"<p>Bucket Cylinder For Volwa Cane Unloader DLS100-9A Introduction The bucket cylinder is a specially designed hydraulic cylinder used to control the movement of the bucket in heavy machinery such as excavators, backhoe loaders, and front loaders. Its main function is to enable the lifting, lowering, and tilting of the bucket for various material handling tasks. [&hellip;]<\/p>","protected":false},"featured_media":14788,"comment_status":"open","ping_status":"closed","template":"","meta":{"_et_pb_use_builder":"","_et_pb_old_content":"","_et_gb_content_width":""},"product_brand":[],"product_cat":[1494],"product_tag":[1495,1496],"class_list":{"0":"post-15898","1":"product","2":"type-product","3":"status-publish","4":"has-post-thumbnail","6":"product_cat-bucket-cylinders","7":"product_tag-bucket-cylinders","8":"product_tag-hydraulic-cylinders","10":"first","11":"instock","12":"shipping-taxable","13":"product-type-simple"},"amp_enabled":true,"_links":{"self":[{"href":"https:\/\/www.hydraulic-cylinders.net\/de\/wp-json\/wp\/v2\/product\/15898","targetHints":{"allow":["GET"]}}],"collection":[{"href":"https:\/\/www.hydraulic-cylinders.net\/de\/wp-json\/wp\/v2\/product"}],"about":[{"href":"https:\/\/www.hydraulic-cylinders.net\/de\/wp-json\/wp\/v2\/types\/product"}],"replies":[{"embeddable":true,"href":"https:\/\/www.hydraulic-cylinders.net\/de\/wp-json\/wp\/v2\/comments?post=15898"}],"wp:featuredmedia":[{"embeddable":true,"href":"https:\/\/www.hydraulic-cylinders.net\/de\/wp-json\/wp\/v2\/media\/14788"}],"wp:attachment":[{"href":"https:\/\/www.hydraulic-cylinders.net\/de\/wp-json\/wp\/v2\/media?parent=15898"}],"wp:term":[{"taxonomy":"product_brand","embeddable":true,"href":"https:\/\/www.hydraulic-cylinders.net\/de\/wp-json\/wp\/v2\/product_brand?post=15898"},{"taxonomy":"product_cat","embeddable":true,"href":"https:\/\/www.hydraulic-cylinders.net\/de\/wp-json\/wp\/v2\/product_cat?post=15898"},{"taxonomy":"product_tag","embeddable":true,"href":"https:\/\/www.hydraulic-cylinders.net\/de\/wp-json\/wp\/v2\/product_tag?post=15898"}],"curies":[{"name":"wp","href":"https:\/\/api.w.org\/{rel}","templated":true}]}}