{"id":15907,"date":"2025-01-19T15:08:55","date_gmt":"2025-01-19T15:08:55","guid":{"rendered":"https:\/\/www.hydraulic-cylinders.net\/product\/bucket-cylinder-for-wacker-e5023\/"},"modified":"2025-01-19T15:08:57","modified_gmt":"2025-01-19T15:08:57","slug":"bucket-cylinder-for-wacker-e5023","status":"publish","type":"product","link":"https:\/\/www.hydraulic-cylinders.net\/de\/produkt\/bucket-cylinder-for-wacker-e5023\/","title":{"rendered":"Schaufelzylinder f\u00fcr Wacker E5023"},"content":{"rendered":"<h1>Schaufelzylinder f\u00fcr Wacker E5023<\/h1>\n<h2>Einf\u00fchrung<\/h2>\n<p>Ein Schaufelzylinder ist ein speziell entwickelter Hydraulikzylinder, der haupts\u00e4chlich zur Steuerung der Schaufelbewegung in Baumaschinen wie Baggern, Baggerladern und Radladern eingesetzt wird. Seine Hauptfunktion besteht darin, das Heben, Senken und Neigen der Schaufel zu erm\u00f6glichen und so verschiedene Materialumschlagsaufgaben zu erleichtern. In einem Hydrauliksystem erm\u00f6glicht der Schaufelzylinder die pr\u00e4zise Steuerung der Schaufel durch \u00c4nderungen des Hydraulik\u00f6ldrucks. Dadurch kann der Bediener schwere Lasten effizient handhaben und sich an komplexe Arbeitsumgebungen und vielf\u00e4ltige Arbeitsanforderungen anpassen.<\/p>\n<p><img decoding=\"async\" src=\"https:\/\/www.hydraulic-cylinders.net\/wp-content\/uploads\/2025\/01\/songte-company-2.webp\" alt=\"Schaufelzylinder f\u00fcr Wacker E5023\"><\/p>\n<h2>Merkmale<\/h2>\n<ul>\n<li>Hohe Festigkeit und Langlebigkeit: Typischerweise aus hochfestem Stahl oder Aluminium gefertigt, ist es in der Lage, hohem Druck und schweren Belastungen standzuhalten, sich an raue Arbeitsumgebungen anzupassen und ist auf Verschlei\u00df- und Korrosionsbest\u00e4ndigkeit ausgelegt, um seine Lebensdauer zu verl\u00e4ngern.<\/li>\n<li>Effizienter Hydraulikbetrieb: Nutzt den Hydraulik\u00f6ldruck f\u00fcr sanfte Aus- und Einfahrbewegungen, reagiert schnell auf Steuerbefehle und bietet starke Schub- und Zugkr\u00e4fte, geeignet f\u00fcr die Handhabung schwerer Lasten und komplexer Arbeitsaufgaben.<\/li>\n<li>Mehrere Ausf\u00fchrungen: Je nach Bedarf und den jeweiligen Betriebsanforderungen sind die Zylinder als einfachwirkende (hydraulisch nur in eine Richtung wirkende) oder doppeltwirkende (hydraulisch in beide Richtungen wirkende) Zylinder erh\u00e4ltlich. Einige Modelle sind teleskopierbar und erm\u00f6glichen so eine gr\u00f6\u00dfere Ausdehnung ohne Vergr\u00f6\u00dferung der Au\u00dfenabmessungen. Sie eignen sich daher f\u00fcr Anwendungen mit begrenztem Platzangebot.<\/li>\n<li>K\u00f6nnen von unserem Unternehmen hergestellt werden: Unsere Produkte k\u00f6nnen diese Hydraulikzylinder perfekt ersetzen.<\/li>\n<\/ul>\n<p><img decoding=\"async\" src=\"https:\/\/www.hydraulic-cylinders.net\/wp-content\/uploads\/2025\/01\/songte-cylinder-head-with-all-kinds-excavator-models.webp\" alt=\"Schaufelzylinder f\u00fcr Wacker E5023\"><\/p>\n<h2>Anwendungen<\/h2>\n<p>Schaufelzylinder werden h\u00e4ufig in einer Vielzahl von Anwendungen im Schwermaschinenbau eingesetzt, darunter:<\/p>\n<ul>\n<li>Baumaschinen: Sie sind in Baggern unverzichtbar zum Ausheben, Laden und Bewegen von Erde oder Bauschutt. In Baggerladern unterst\u00fctzen die Schaufelzylinder sowohl das Ausheben als auch das Heben. In Radladern helfen sie beim effektiven Anheben und Kippen von G\u00fctern.<\/li>\n<li>Landwirtschaftliche Maschinen: Sie werden in Frontladern eingesetzt und nehmen Erde, Heu und andere Materialien auf, heben sie an und transportieren sie. In Baggern erleichtern Schaufelzylinder das Graben, indem sie das Eindringen der Schaufel in den Boden erm\u00f6glichen. <\/li>\n<\/ul>\n<h2>Design\u00fcberlegungen und Auswahlkriterien<\/h2>\n<p>Bei der Konstruktion von Schaufelzylindern werden folgende Aspekte ber\u00fccksichtigt:<\/p>\n<ul>\n<li>Tragf\u00e4higkeit: Der Zylinder muss der Last des anzuhebenden oder zu bewegenden Materials standhalten k\u00f6nnen.<\/li>\n<li>Abdichtung: Der Zylinder muss so beschaffen sein, dass w\u00e4hrend des Betriebs kein \u00d6l austreten kann, da dies andere Bauteile der Maschine besch\u00e4digen k\u00f6nnte.<\/li>\n<li>Langlebigkeit: Der Zylinder muss den rauen Betriebsbedingungen standhalten und Verschlei\u00df widerstehen k\u00f6nnen.<\/li>\n<li>Sicherheit: Der Zylinder muss mit Sicherheitsmerkmalen ausgestattet sein, um Unf\u00e4lle zu verhindern.<\/li>\n<li>Wartungsfreundlichkeit: Der Zylinder muss so konstruiert sein, dass er leicht zu warten und zu reparieren ist.<\/li>\n<\/ul>\n<p><img decoding=\"async\" src=\"https:\/\/www.hydraulic-cylinders.net\/wp-content\/uploads\/2025\/01\/songte-oil-pipes-and-spare-parts.webp\" alt=\"Schaufelzylinder f\u00fcr Wacker E5023\"><\/p>\n<h2>Abdichtung und Schmierung<\/h2>\n<p>Zur Verbesserung der Dichtungsleistung werden verschiedene Dichtungskomponenten wie Kolben- und Stangendichtungen aus verschlei\u00dffesten Materialien wie Polyurethan und Nitrilkautschuk eingesetzt. Zylinderk\u00f6rper und Gewindeendfl\u00e4che sind pr\u00e4zisionsbearbeitet, um die Verschlei\u00dffestigkeit zu erh\u00f6hen. Der Zylinder muss regelm\u00e4\u00dfig mit geeignetem Hydraulik\u00f6l geschmiert werden, um eine optimale Leistung zu gew\u00e4hrleisten.<\/p>\n<h2>Wartung und Reparatur<\/h2>\n<p>Regelm\u00e4\u00dfige Inspektion, ordnungsgem\u00e4\u00dfe Schmierung, Dichtungsaustausch und Kalibrierungspr\u00fcfungen geh\u00f6ren zu den g\u00e4ngigen Wartungsarbeiten. Korrekte Montage, Schmierung und Justierung sind unerl\u00e4sslich f\u00fcr einen sicheren und effizienten Betrieb. Die Verwendung von Ausrichtungshinweisen und geeigneten Montagehalterungen wird empfohlen. Die empfohlenen Inspektions-, Reparatur- und Austauschverfahren werden bereitgestellt, einschlie\u00dflich Ersatzteilen und \u00dcberholungsleistungen zur Verl\u00e4ngerung der Zylinderlebensdauer.<\/p>\n<p><img decoding=\"async\" src=\"https:\/\/www.hydraulic-cylinders.net\/wp-content\/uploads\/2025\/01\/songte-chushion-collar.webp\" alt=\"Schaufelzylinder f\u00fcr Wacker E5023\"><\/p>\n<h2>Sicherheits- und Umweltaspekte<\/h2>\n<p>Bei der Verwendung von Hubzylindern ist die Einhaltung der Sicherheitsma\u00dfnahmen zur Unfallverh\u00fctung unerl\u00e4sslich. Zu den Umweltaspekten geh\u00f6rt die sachgem\u00e4\u00dfe Entsorgung von gebrauchtem Hydraulik\u00f6l und anderen Teilen.<\/p>\n<h2>Fehlerdiagnose und h\u00e4ufige Probleme<\/h2>\n<p>H\u00e4ufige Probleme mit Schaufelzylindern sind \u00d6lleckagen, unzureichende Hubkraft und verringerte Aus- und Einfahrgeschwindigkeit. Eine sorgf\u00e4ltige Inspektion und Diagnose helfen, diese Probleme zu erkennen und zu beheben.<\/p>\n<p><img decoding=\"async\" src=\"https:\/\/www.hydraulic-cylinders.net\/wp-content\/uploads\/2025\/01\/songte-bushings-with-all-kinds-of-excavator-models.webp\" alt=\"Schaufelzylinder f\u00fcr Wacker E5023\"><\/p>\n<h2>\u00dcber unser Unternehmen<\/h2>\n<p>Wir sind Hersteller von Hydraulikzylindern, die als Ersatz f\u00fcr Originalteile dienen k\u00f6nnen. Unser Unternehmen bietet ein umfassendes Produktsortiment und z\u00e4hlt zu den f\u00fchrenden Herstellern und Gro\u00dfh\u00e4ndlern von Hydraulikzylindern auf dem nationalen und internationalen Markt. Wir setzen auf h\u00f6chste Qualit\u00e4t, nutzen modernste Fertigungsmethoden in unseren Produktionsst\u00e4tten, optimieren kontinuierlich unsere Fertigungsplattformen und perfektionieren unsere Produktionslinien. Dank unserer ausgepr\u00e4gten Innovationskraft k\u00f6nnen wir die vielf\u00e4ltigen Kundenbed\u00fcrfnisse mit hoher Effizienz, Pr\u00e4zision und Qualit\u00e4t erf\u00fcllen. <\/p>\n<ul>\n<li>Professionalit\u00e4t<\/li>\n<li>Internationale Zertifizierung<\/li>\n<li>Ma\u00dfgeschneiderter Service<\/li>\n<li>Produktionsausr\u00fcstung<\/li>\n<li>Kundendienst<\/li>\n<\/ul>\n<p><img decoding=\"async\" src=\"https:\/\/hzpt.com\/wp-content\/uploads\/2024\/11\/songte-company-1.webp\" alt=\"Schaufelzylinder f\u00fcr Wacker E5023\"><\/p>\n<p>Autor: lyl<\/p>","protected":false},"excerpt":{"rendered":"<p>Bucket Cylinder For Wacker E5023 Introduction A bucket cylinder is a specially designed hydraulic cylinder primarily used for controlling the movement of the bucket in heavy machinery such as excavators, backhoes, and front loaders. Its main function is to allow the bucket to lift, lower, and tilt, making it easier to handle various material-handling tasks. [&hellip;]<\/p>","protected":false},"featured_media":14771,"comment_status":"open","ping_status":"closed","template":"","meta":{"_et_pb_use_builder":"","_et_pb_old_content":"","_et_gb_content_width":""},"product_brand":[],"product_cat":[1494],"product_tag":[1495,1496],"class_list":{"0":"post-15907","1":"product","2":"type-product","3":"status-publish","4":"has-post-thumbnail","6":"product_cat-bucket-cylinders","7":"product_tag-bucket-cylinders","8":"product_tag-hydraulic-cylinders","10":"first","11":"instock","12":"shipping-taxable","13":"product-type-simple"},"amp_enabled":true,"_links":{"self":[{"href":"https:\/\/www.hydraulic-cylinders.net\/de\/wp-json\/wp\/v2\/product\/15907","targetHints":{"allow":["GET"]}}],"collection":[{"href":"https:\/\/www.hydraulic-cylinders.net\/de\/wp-json\/wp\/v2\/product"}],"about":[{"href":"https:\/\/www.hydraulic-cylinders.net\/de\/wp-json\/wp\/v2\/types\/product"}],"replies":[{"embeddable":true,"href":"https:\/\/www.hydraulic-cylinders.net\/de\/wp-json\/wp\/v2\/comments?post=15907"}],"wp:featuredmedia":[{"embeddable":true,"href":"https:\/\/www.hydraulic-cylinders.net\/de\/wp-json\/wp\/v2\/media\/14771"}],"wp:attachment":[{"href":"https:\/\/www.hydraulic-cylinders.net\/de\/wp-json\/wp\/v2\/media?parent=15907"}],"wp:term":[{"taxonomy":"product_brand","embeddable":true,"href":"https:\/\/www.hydraulic-cylinders.net\/de\/wp-json\/wp\/v2\/product_brand?post=15907"},{"taxonomy":"product_cat","embeddable":true,"href":"https:\/\/www.hydraulic-cylinders.net\/de\/wp-json\/wp\/v2\/product_cat?post=15907"},{"taxonomy":"product_tag","embeddable":true,"href":"https:\/\/www.hydraulic-cylinders.net\/de\/wp-json\/wp\/v2\/product_tag?post=15907"}],"curies":[{"name":"wp","href":"https:\/\/api.w.org\/{rel}","templated":true}]}}