{"id":15917,"date":"2025-01-19T15:09:43","date_gmt":"2025-01-19T15:09:43","guid":{"rendered":"https:\/\/www.hydraulic-cylinders.net\/product\/bucket-cylinder-for-atlas-2006lc\/"},"modified":"2025-01-19T15:09:45","modified_gmt":"2025-01-19T15:09:45","slug":"bucket-cylinder-for-atlas-2006lc","status":"publish","type":"product","link":"https:\/\/www.hydraulic-cylinders.net\/de\/produkt\/bucket-cylinder-for-atlas-2006lc\/","title":{"rendered":"Schaufelzylinder f\u00fcr Atlas 2006LC"},"content":{"rendered":"<h1>Schaufelzylinder f\u00fcr Atlas 2006LC<\/h1>\n<h2>Einf\u00fchrung<\/h2>\n<p>Der Schaufelzylinder f\u00fcr den Atlas 2006LC ist ein speziell entwickelter Hydraulikzylinder zur Steuerung der Schaufelbewegung in schweren Maschinen wie Baggern, Baggerladern und Frontladern. Seine Hauptfunktion besteht darin, das Heben, Senken und Kippen der Schaufel zu erm\u00f6glichen und so die effiziente Handhabung verschiedener Materialien zu erm\u00f6glichen. Im Hydrauliksystem erm\u00f6glicht der Schaufelzylinder durch die Nutzung der Druck\u00e4nderungen des Hydraulik\u00f6ls eine pr\u00e4zise Steuerung der Schaufel. So k\u00f6nnen Bediener schwere Lasten effizient handhaben und sich an komplexe Arbeitsumgebungen und unterschiedliche Arbeitsanforderungen anpassen.<\/p>\n<p><img decoding=\"async\" src=\"https:\/\/www.hydraulic-cylinders.net\/wp-content\/uploads\/2025\/01\/songte-company-2.webp\"><\/p>\n<h2>Merkmale<\/h2>\n<ul>\n<li>Hohe Festigkeit und Langlebigkeit: Der Schaufelzylinder besteht typischerweise aus hochfestem Stahl oder Aluminium und h\u00e4lt hohem Druck und schweren Lasten stand. Er passt sich so den rauen Arbeitsbedingungen an. Seine Konstruktion ist verschlei\u00dffest und korrosionsbest\u00e4ndig, was seine Lebensdauer verl\u00e4ngert.<\/li>\n<li>Effizienter Hydraulikbetrieb: Durch die Nutzung des Hydraulik\u00f6ldrucks wird ein sanftes Aus- und Einfahren des Schaufelzylinders erreicht, wodurch eine schnelle Reaktion auf Steuerbefehle erm\u00f6glicht wird und starke Schub- und Zugkr\u00e4fte bereitgestellt werden, die f\u00fcr die Handhabung schwerer Lasten und komplexe Aufgaben geeignet sind.<\/li>\n<li>Verschiedene Ausf\u00fchrungen: Der Schaufelzylinder kann je nach Einsatzbedarf als einfachwirkender (Hydraulikdruck nur in eine Richtung) oder doppeltwirkender (Hydraulikdruck in beide Richtungen) Zylinder gew\u00e4hlt werden. Einige Modelle sind teleskopisch und erm\u00f6glichen so eine gr\u00f6\u00dfere Ausfahrbarkeit ohne Vergr\u00f6\u00dferung der Au\u00dfenma\u00dfe. Dadurch eignen sie sich f\u00fcr Anwendungen mit begrenztem Platzangebot.<\/li>\n<\/ul>\n<p><img decoding=\"async\" src=\"https:\/\/www.hydraulic-cylinders.net\/wp-content\/uploads\/2025\/01\/songte-cylinder-head-with-all-kinds-excavator-models.webp\"><\/p>\n<h2>Anwendungen<\/h2>\n<p>Der L\u00f6ffelzylinder f\u00fcr Atlas 2006LC findet Anwendung in verschiedenen Ger\u00e4ten:<\/p>\n<ul>\n<li>Baumaschinen: Sie sind f\u00fcr Bagger unverzichtbar und unterst\u00fctzen das Graben, Laden und Bewegen von Erde oder Schutt. Bei Baggerladern unterst\u00fctzt der Schaufelzylinder sowohl das Graben als auch das Heben.<\/li>\n<li>Landwirtschaftliche Maschinen: Wird in Frontladern zum Schaufeln, Heben und Transportieren von Erde, Heu und anderen Materialien verwendet.<\/li>\n<li>Bagger: Der L\u00f6ffelzylinder erm\u00f6glicht das Ausheben, indem er dem L\u00f6ffel das Eindringen in den Boden erm\u00f6glicht.<\/li>\n<li>Frontlader: Bei Frontladern helfen sie beim effektiven Anheben und Kippen von G\u00fctern.<\/li>\n<\/ul>\n<p><img decoding=\"async\" src=\"https:\/\/www.hydraulic-cylinders.net\/wp-content\/uploads\/2025\/01\/songte-oil-pipes-and-spare-parts.webp\"><\/p>\n<h2>Design\u00fcberlegungen und Auswahlkriterien<\/h2>\n<p>Bei der Konstruktion des L\u00f6ffelzylinders werden mehrere Schl\u00fcsselfaktoren ber\u00fccksichtigt:<\/p>\n<ul>\n<li>Belastbarkeit<\/li>\n<li>Versiegelung<\/li>\n<li>Haltbarkeit<\/li>\n<li>Sicherheit<\/li>\n<li>Wartbarkeit<\/li>\n<\/ul>\n<p><img decoding=\"async\" src=\"https:\/\/www.hydraulic-cylinders.net\/wp-content\/uploads\/2025\/01\/songte-bushings-with-all-kinds-of-excavator-models.webp\"><\/p>\n<h2>Abdichtung und Schmierung<\/h2>\n<p>Der Schaufelzylinder verf\u00fcgt \u00fcber verschiedene Dichtungen, wie Kolben- und Stangendichtungen, aus verschlei\u00dffesten Materialien wie Polyurethan und Nitrilkautschuk. Zylinderk\u00f6rper und Gewindeenden werden sorgf\u00e4ltig oberfl\u00e4chenbehandelt, um die Verschlei\u00dffestigkeit zu erh\u00f6hen. F\u00fcr einen reibungslosen Betrieb ist regelm\u00e4\u00dfige Schmierung mit geeignetem Hydraulik\u00f6l erforderlich.<\/p>\n<h2>Inspektion und vorbeugende Wartung<\/h2>\n<p>Regelm\u00e4\u00dfige Inspektionen und vorbeugende Wartung sind unerl\u00e4sslich, um optimale Leistung und Langlebigkeit des L\u00f6ffelzylinders zu gew\u00e4hrleisten. Zu diesen Ma\u00dfnahmen geh\u00f6ren:<\/p>\n<ul>\n<li>Regelm\u00e4\u00dfige Kontrollen<\/li>\n<li>Richtige Schmierung<\/li>\n<li>Dichtungswechsel<\/li>\n<li>Kalibrierungspr\u00fcfungen<\/li>\n<\/ul>\n<p><img decoding=\"async\" src=\"https:\/\/www.hydraulic-cylinders.net\/wp-content\/uploads\/2025\/01\/songte-chushion-collar.webp\"><\/p>\n<h2>Sicherheitsaspekte und Umweltfaktoren<\/h2>\n<p>Die Einhaltung von Sicherheitsma\u00dfnahmen bei der Verwendung des L\u00f6ffelzylinders ist von gr\u00f6\u00dfter Bedeutung. Um Unf\u00e4lle zu vermeiden und die Umwelt zu sch\u00fctzen, ist es wichtig, die Umgebung zu ber\u00fccksichtigen und Sicherheitsrichtlinien einzuhalten.<\/p>\n<h2>Fehlerdiagnose und h\u00e4ufige Probleme<\/h2>\n<p>Bei St\u00f6rungen ist eine schnelle Diagnose und Behebung wichtig. H\u00e4ufige Probleme sind Leckagen, unregelm\u00e4\u00dfige Bewegungen oder Druckverlust. Tipps und L\u00f6sungen zur Fehlerbehebung helfen dem Leser, Probleme effektiv zu diagnostizieren und zu beheben und bieten pr\u00e4ventive Ma\u00dfnahmen zur Minimierung potenzieller Probleme.<\/p>\n<p><img decoding=\"async\" src=\"https:\/\/www.hydraulic-cylinders.net\/wp-content\/uploads\/2025\/01\/songte-company-1.webp\"><\/p>\n<h2>Unternehmens\u00fcbersicht<\/h2>\n<p>Wir sind ein auf Hydraulikzylinder spezialisierter Hersteller. Mit unserem breiten Produktangebot sind wir einer der f\u00fchrenden Hersteller und Gro\u00dfh\u00e4ndler f\u00fcr Hydraulikzylinder im In- und Ausland. Unser Engagement f\u00fcr Spitzenleistung und industrialisierte Produktionsmanagementstrategien, unterst\u00fctzt durch qualifizierte Techniker, moderne Fertigungsanlagen und professionelle Pr\u00fcfsysteme, erm\u00f6glichen uns die kontinuierliche Verbesserung unserer Fertigungsplattform und unserer Produktionslinien f\u00fcr Produktqualit\u00e4t. Wir verf\u00fcgen \u00fcber ausgepr\u00e4gte Kreativit\u00e4t und halten uns an die Prinzipien hoher Effizienz, Pr\u00e4zision und Qualit\u00e4t, um den vielf\u00e4ltigen Kundenbed\u00fcrfnissen gerecht zu werden.<\/p>\n<p><img decoding=\"async\" src=\"https:\/\/www.hydraulic-cylinders.net\/wp-content\/uploads\/2025\/01\/songte-company-3.webp\"><\/p>\n<p>Dar\u00fcber hinaus sind wir stolz auf unsere Professionalit\u00e4t, unsere internationalen Zertifizierungen, unsere ma\u00dfgeschneiderten Dienstleistungen, unsere Produktionsausr\u00fcstung und unseren Kundendienst.<\/p>\n<p>Autor: lyl<\/p>","protected":false},"excerpt":{"rendered":"<p>Bucket Cylinder For Atlas 2006LC Introduction The bucket cylinder for Atlas 2006LC is a specially designed hydraulic cylinder used to control the movement of the bucket in heavy machinery such as excavators, backhoe loaders, and front-end loaders. Its main function is to enable the lifting, lowering, and tilting of the bucket, allowing for efficient handling [&hellip;]<\/p>","protected":false},"featured_media":14782,"comment_status":"open","ping_status":"closed","template":"","meta":{"_et_pb_use_builder":"","_et_pb_old_content":"","_et_gb_content_width":""},"product_brand":[],"product_cat":[1494],"product_tag":[1495,1496],"class_list":{"0":"post-15917","1":"product","2":"type-product","3":"status-publish","4":"has-post-thumbnail","6":"product_cat-bucket-cylinders","7":"product_tag-bucket-cylinders","8":"product_tag-hydraulic-cylinders","10":"first","11":"instock","12":"shipping-taxable","13":"product-type-simple"},"amp_enabled":true,"_links":{"self":[{"href":"https:\/\/www.hydraulic-cylinders.net\/de\/wp-json\/wp\/v2\/product\/15917","targetHints":{"allow":["GET"]}}],"collection":[{"href":"https:\/\/www.hydraulic-cylinders.net\/de\/wp-json\/wp\/v2\/product"}],"about":[{"href":"https:\/\/www.hydraulic-cylinders.net\/de\/wp-json\/wp\/v2\/types\/product"}],"replies":[{"embeddable":true,"href":"https:\/\/www.hydraulic-cylinders.net\/de\/wp-json\/wp\/v2\/comments?post=15917"}],"wp:featuredmedia":[{"embeddable":true,"href":"https:\/\/www.hydraulic-cylinders.net\/de\/wp-json\/wp\/v2\/media\/14782"}],"wp:attachment":[{"href":"https:\/\/www.hydraulic-cylinders.net\/de\/wp-json\/wp\/v2\/media?parent=15917"}],"wp:term":[{"taxonomy":"product_brand","embeddable":true,"href":"https:\/\/www.hydraulic-cylinders.net\/de\/wp-json\/wp\/v2\/product_brand?post=15917"},{"taxonomy":"product_cat","embeddable":true,"href":"https:\/\/www.hydraulic-cylinders.net\/de\/wp-json\/wp\/v2\/product_cat?post=15917"},{"taxonomy":"product_tag","embeddable":true,"href":"https:\/\/www.hydraulic-cylinders.net\/de\/wp-json\/wp\/v2\/product_tag?post=15917"}],"curies":[{"name":"wp","href":"https:\/\/api.w.org\/{rel}","templated":true}]}}