{"id":15922,"date":"2025-01-19T15:10:17","date_gmt":"2025-01-19T15:10:17","guid":{"rendered":"https:\/\/www.hydraulic-cylinders.net\/product\/bucket-cylinder-for-atlas-2307lc\/"},"modified":"2025-01-19T15:10:19","modified_gmt":"2025-01-19T15:10:19","slug":"bucket-cylinder-for-atlas-2307lc","status":"publish","type":"product","link":"https:\/\/www.hydraulic-cylinders.net\/de\/produkt\/bucket-cylinder-for-atlas-2307lc\/","title":{"rendered":"Schaufelzylinder f\u00fcr Atlas 2307LC"},"content":{"rendered":"<p><!DOCTYPE html><br \/>\n<html><br \/>\n<head><br \/>\n<title>Schaufelzylinder f\u00fcr Atlas 2307LC<\/title><br \/>\n<\/head><br \/>\n<body><\/p>\n<h1>Schaufelzylinder f\u00fcr Atlas 2307LC<\/h1>\n<h2>Einf\u00fchrung<\/h2>\n<p>Der Schaufelzylinder f\u00fcr Atlas 2307LC ist ein speziell entwickelter Hydraulikzylinder zur Steuerung der Schaufelbewegung in Baumaschinen wie Baggern, Baggerladern und Radladern. Seine Hauptfunktion besteht darin, das Heben, Senken und Neigen der Schaufel zu erm\u00f6glichen und so verschiedene Materialumschlagsaufgaben zu erleichtern. Im Hydrauliksystem nutzt der Schaufelzylinder die Druckver\u00e4nderungen des Hydraulik\u00f6ls, um eine pr\u00e4zise Steuerung der Schaufel zu gew\u00e4hrleisten. Dadurch k\u00f6nnen Bediener schwere Lasten effizient handhaben und sich an komplexe Arbeitsumgebungen und vielf\u00e4ltige Aufgaben anpassen.<\/p>\n<p><img decoding=\"async\" src=\"https:\/\/www.hydraulic-cylinders.net\/wp-content\/uploads\/2025\/01\/songte-company-2.webp\" alt=\"Bild des Schaufelzylinders\"><\/p>\n<h2>Merkmale<\/h2>\n<ul>\n<li>Hohe Festigkeit und Langlebigkeit: Hergestellt aus hochfestem Stahl oder Aluminium, widerstandsf\u00e4hig gegen hohen Druck und schwere Lasten, geeignet f\u00fcr raue Arbeitsumgebungen und mit Blick auf Verschlei\u00df- und Korrosionsbest\u00e4ndigkeit entwickelt, um die Lebensdauer zu verl\u00e4ngern.<\/li>\n<li>Effizienter Hydraulikbetrieb: Nutzt den Druck des Hydraulik\u00f6ls, um sanfte Aus- und Einfahrvorg\u00e4nge zu erreichen, reagiert schnell auf Steuerbefehle, bietet starke Schub- und Zugkr\u00e4fte und eignet sich f\u00fcr die Handhabung schwerer Lasten und komplexer Arbeitsaufgaben.<\/li>\n<li>Verschiedene Typen: Je nach Bedarf kann zwischen einfachwirkenden (hydraulisch nur in eine Richtung wirkenden) und doppeltwirkenden (hydraulisch in beide Richtungen wirkenden) Zylindern gew\u00e4hlt werden. Einige Modelle sind teleskopierbar und erm\u00f6glichen so eine gr\u00f6\u00dfere Ausdehnung ohne Vergr\u00f6\u00dferung der Au\u00dfenabmessungen. Sie eignen sich daher f\u00fcr Anwendungen mit begrenztem Platzangebot.<\/li>\n<\/ul>\n<p><img decoding=\"async\" src=\"https:\/\/www.hydraulic-cylinders.net\/wp-content\/uploads\/2025\/01\/songte-cylinder-head-with-all-kinds-excavator-models.webp\" alt=\"Anwendung mit Schaufelzylinder\"><\/p>\n<h2>Anwendungen<\/h2>\n<p>Der Schaufelzylinder f\u00fcr Atlas 2307LC findet in verschiedenen Branchen Anwendung, darunter:<\/p>\n<h3>Baumaschinen<\/h3>\n<p>Bei Baggern ist der Schaufelzylinder unerl\u00e4sslich f\u00fcr das Ausheben, Laden und Bewegen von Erde oder Schutt. Bei Baggerladern unterst\u00fctzt er sowohl das Graben als auch das Heben.<\/p>\n<h3>Landmaschinen<\/h3>\n<p>Wird in Frontladern zum Schaufeln, Anheben und Transportieren von Erde, Heu und anderen Materialien verwendet.<\/p>\n<h3>Bagger<\/h3>\n<p>Der Zylinder des L\u00f6ffels erm\u00f6glicht Grabvorg\u00e4nge, indem er das Eindringen des L\u00f6ffels in den Boden erlaubt.<\/p>\n<h3>Lader<\/h3>\n<p>Bei Frontladern helfen sie beim effektiven Anheben und Abladen von G\u00fctern.<\/p>\n<p><img decoding=\"async\" src=\"https:\/\/www.hydraulic-cylinders.net\/wp-content\/uploads\/2025\/01\/songte-oil-pipes-and-spare-parts.webp\" alt=\"Konstruktion eines Schaufelzylinders\"><\/p>\n<h2>Design\u00fcberlegungen und Auswahlkriterien<\/h2>\n<ul>\n<li>Tragf\u00e4higkeit: Der Schaufelzylinder ist so konstruiert, dass er den vorgegebenen Lastanforderungen standh\u00e4lt und einen sicheren Betrieb gew\u00e4hrleistet.<\/li>\n<li>Abdichtung: Um Leckagen zu verhindern und eine ordnungsgem\u00e4\u00dfe Funktion zu gew\u00e4hrleisten, werden verschiedene Dichtungen wie Kolbendichtungen und Pleuelstangendichtungen eingesetzt.<\/li>\n<li>Langlebigkeit: Der Zylinder ist so konstruiert, dass er Verschlei\u00df und Korrosion widersteht, wodurch seine Lebensdauer verl\u00e4ngert wird.<\/li>\n<li>Sicherheit: Sicherheitsfunktionen sind integriert, um einen sicheren Betrieb zu gew\u00e4hrleisten und Unf\u00e4lle zu verhindern.<\/li>\n<li>Wartungsfreundlichkeit: Es wird auf einfache Wartung und Reparatur geachtet, um eine effiziente Instandhaltung und reduzierte Ausfallzeiten zu erm\u00f6glichen.<\/li>\n<\/ul>\n<p><img decoding=\"async\" src=\"https:\/\/www.hydraulic-cylinders.net\/wp-content\/uploads\/2025\/01\/songte-chushion-collar.webp\" alt=\"Dichtungen f\u00fcr Schaufelzylinder\"><\/p>\n<h2>Abdichtung und Schmierung<\/h2>\n<p>Der Schaufelzylinder verwendet verschiedene Dichtungselemente, wie Kolben- und Stangendichtungen, die aus verschlei\u00dffesten Materialien wie Polyurethan und Nitrilkautschuk gefertigt sind. Zylinderk\u00f6rper und Gewindeendfl\u00e4chen werden pr\u00e4zise behandelt, um die Verschlei\u00dffestigkeit zu verbessern. Regelm\u00e4\u00dfige Schmierung mit der richtigen Menge Hydraulik\u00f6l ist erforderlich, um einen reibungslosen Betrieb zu gew\u00e4hrleisten und Sch\u00e4den vorzubeugen.<\/p>\n<h2>Wartungs- und Pr\u00e4ventivma\u00dfnahmen<\/h2>\n<ul>\n<li>Regelm\u00e4\u00dfige Inspektionen: Es sollten periodische Kontrollen durchgef\u00fchrt werden, um etwaige Probleme oder potenzielle Schwierigkeiten zu erkennen.<\/li>\n<li>Richtige Schmierung: Ausreichende Schmierung ist f\u00fcr optimale Leistung und zur Vermeidung von Verschlei\u00df und Besch\u00e4digung unerl\u00e4sslich.<\/li>\n<li>Dichtungsaustausch: Besch\u00e4digte oder abgenutzte Dichtungen sollten umgehend ausgetauscht werden, um eine ordnungsgem\u00e4\u00dfe Abdichtung zu gew\u00e4hrleisten und Leckagen zu vermeiden.<\/li>\n<li>Kalibrierungspr\u00fcfungen: Regelm\u00e4\u00dfige Kalibrierung gew\u00e4hrleistet einen genauen Betrieb und beugt Fehlfunktionen vor.<\/li>\n<\/ul>\n<p><img decoding=\"async\" src=\"https:\/\/www.hydraulic-cylinders.net\/wp-content\/uploads\/2025\/01\/songte-bushings-with-all-kinds-of-excavator-models.webp\" alt=\"Wartung des Schaufelzylinders\"><\/p>\n<h2>Sicherheitsaspekte und Umweltfaktoren<\/h2>\n<p>Bei der Verwendung des Hubzylinders ist es unerl\u00e4sslich, Sicherheitsma\u00dfnahmen zu befolgen, um Unf\u00e4lle zu vermeiden und die Umweltbelastung zu minimieren. Sicherheitsvorkehrungen sind w\u00e4hrend der Installation, des Betriebs und der Wartung zu treffen, um die Sicherheit des Personals und den Schutz der Umwelt zu gew\u00e4hrleisten.<\/p>\n<h2>Fehlerbehebung und h\u00e4ufige Probleme<\/h2>\n<p>H\u00e4ufige Probleme mit dem Baggerzylinder sind Leckagen, unzureichende Leistung und Fehlbedienung. Hier finden Sie Tipps und L\u00f6sungen zur Fehlerbehebung sowie vorbeugende Ma\u00dfnahmen, um potenzielle Probleme zu minimieren.<\/p>\n<p><img decoding=\"async\" src=\"https:\/\/www.hydraulic-cylinders.net\/wp-content\/uploads\/2025\/01\/songte-company-1.webp\" alt=\"Fehlerbehebung am Schaufelzylinder\"><\/p>\n<h2>Unternehmens\u00fcbersicht<\/h2>\n<p>Wir sind Hersteller von Hydraulikzylindern und bieten ein breites Produktsortiment an. Wir z\u00e4hlen zu den f\u00fchrenden Herstellern und Gro\u00dfh\u00e4ndlern von Hydraulikzylindern auf dem nationalen und internationalen Markt. Unser Unternehmen verpflichtet sich zu h\u00f6chster Qualit\u00e4t und setzt auf moderne Produktionsmanagementstrategien, unterst\u00fctzt durch hochmoderne Fertigungsanlagen. Mit Fokus auf qualifizierte Fachkr\u00e4fte, fortschrittliche digitale Fertigungstechnik und professionelle Testsysteme optimieren wir kontinuierlich unsere Fertigungsplattform, perfektionieren unsere Produktionsprozesse und verf\u00fcgen \u00fcber ausgepr\u00e4gte Innovationskraft. Wir streben danach, die vielf\u00e4ltigen Kundenanforderungen mit h\u00f6chster Effizienz, Pr\u00e4zision und Qualit\u00e4t zu erf\u00fcllen.<\/p>\n<p><img decoding=\"async\" src=\"https:\/\/www.hydraulic-cylinders.net\/wp-content\/uploads\/2025\/01\/songte-company-3.webp\" alt=\"Firmenimage\"><\/p>\n<h3>Professionalit\u00e4t<\/h3>\n<p>Wir legen in allen Bereichen unserer Gesch\u00e4ftst\u00e4tigkeit, einschlie\u00dflich Produktentwicklung, Fertigung und Kundenservice, gr\u00f6\u00dften Wert auf Professionalit\u00e4t.<\/p>\n<h3>Internationale Zertifizierungen<\/h3>\n<p>Unsere Produkte haben internationale Zertifizierungen erhalten, die gew\u00e4hrleisten, dass ihre Qualit\u00e4t und Leistung h\u00f6chsten Standards entsprechen.<\/p>\n<h3>Anpassungsdienste<\/h3>\n<p>Wir bieten ma\u00dfgeschneiderte Dienstleistungen an, um den individuellen Anforderungen und Spezifikationen unserer Kunden gerecht zu werden.<\/p>\n<h3>Produktionsausr\u00fcstung<\/h3>\n<p>Wir setzen modernste Produktionsanlagen ein, um Pr\u00e4zision und Effizienz in der Fertigung zu gew\u00e4hrleisten.<\/p>\n<h3>Kundendienst<\/h3>\n<p>Wir bieten umfassende Kundendienstleistungen an, einschlie\u00dflich Teileaustausch und \u00dcberholung, um die Lebensdauer unserer Hydraulikzylinder zu verl\u00e4ngern.<\/p>\n<hr>\n<p>Autor: lyl<\/p>\n<p><\/body><br \/>\n<\/html><\/p>","protected":false},"excerpt":{"rendered":"<p>Bucket Cylinder For Atlas 2307LC Bucket Cylinder For Atlas 2307LC Introduction The Bucket Cylinder for Atlas 2307LC is a specially designed hydraulic cylinder used to control the movement of the bucket in heavy machinery such as excavators, backhoe loaders, and front-end loaders. Its main function is to enable the lifting, lowering, and tilting of the [&hellip;]<\/p>","protected":false},"featured_media":14771,"comment_status":"open","ping_status":"closed","template":"","meta":{"_et_pb_use_builder":"","_et_pb_old_content":"","_et_gb_content_width":""},"product_brand":[],"product_cat":[1494],"product_tag":[1495,1496],"class_list":{"0":"post-15922","1":"product","2":"type-product","3":"status-publish","4":"has-post-thumbnail","6":"product_cat-bucket-cylinders","7":"product_tag-bucket-cylinders","8":"product_tag-hydraulic-cylinders","10":"first","11":"instock","12":"shipping-taxable","13":"product-type-simple"},"amp_enabled":true,"_links":{"self":[{"href":"https:\/\/www.hydraulic-cylinders.net\/de\/wp-json\/wp\/v2\/product\/15922","targetHints":{"allow":["GET"]}}],"collection":[{"href":"https:\/\/www.hydraulic-cylinders.net\/de\/wp-json\/wp\/v2\/product"}],"about":[{"href":"https:\/\/www.hydraulic-cylinders.net\/de\/wp-json\/wp\/v2\/types\/product"}],"replies":[{"embeddable":true,"href":"https:\/\/www.hydraulic-cylinders.net\/de\/wp-json\/wp\/v2\/comments?post=15922"}],"wp:featuredmedia":[{"embeddable":true,"href":"https:\/\/www.hydraulic-cylinders.net\/de\/wp-json\/wp\/v2\/media\/14771"}],"wp:attachment":[{"href":"https:\/\/www.hydraulic-cylinders.net\/de\/wp-json\/wp\/v2\/media?parent=15922"}],"wp:term":[{"taxonomy":"product_brand","embeddable":true,"href":"https:\/\/www.hydraulic-cylinders.net\/de\/wp-json\/wp\/v2\/product_brand?post=15922"},{"taxonomy":"product_cat","embeddable":true,"href":"https:\/\/www.hydraulic-cylinders.net\/de\/wp-json\/wp\/v2\/product_cat?post=15922"},{"taxonomy":"product_tag","embeddable":true,"href":"https:\/\/www.hydraulic-cylinders.net\/de\/wp-json\/wp\/v2\/product_tag?post=15922"}],"curies":[{"name":"wp","href":"https:\/\/api.w.org\/{rel}","templated":true}]}}