{"id":15941,"date":"2025-01-19T15:11:42","date_gmt":"2025-01-19T15:11:42","guid":{"rendered":"https:\/\/www.hydraulic-cylinders.net\/product\/bucket-cylinder-for-bonny-ced460-8-ced480-9\/"},"modified":"2025-01-19T15:11:44","modified_gmt":"2025-01-19T15:11:44","slug":"bucket-cylinder-for-bonny-ced460-8-ced480-9","status":"publish","type":"product","link":"https:\/\/www.hydraulic-cylinders.net\/de\/produkt\/bucket-cylinder-for-bonny-ced460-8-ced480-9\/","title":{"rendered":"Schaufelzylinder f\u00fcr Bonny CED460-8\/CED480-9"},"content":{"rendered":"<h2>Schaufelzylinder f\u00fcr Bonny CED460-8\/CED480-9<\/h2>\n<p>\n    <img decoding=\"async\" src=\"https:\/\/www.hydraulic-cylinders.net\/wp-content\/uploads\/2025\/01\/songte-company-2.webp\" alt=\"Schaufelzylinder\" \/><br \/>\n    Ein Schaufelzylinder ist ein spezieller Hydraulikzylinder zur Steuerung der Schaufelbewegung in Baumaschinen wie Baggern, Baggerladern und Radladern. Seine Hauptfunktion besteht darin, das Heben, Senken und Neigen der Schaufel zu erm\u00f6glichen und so den effizienten Umgang mit verschiedenen Materialien zu gew\u00e4hrleisten. In einem Hydrauliksystem steuert der Schaufelzylinder die Schaufel pr\u00e4zise durch die Nutzung von \u00c4nderungen des Hydraulik\u00f6ldrucks. Dadurch k\u00f6nnen Bediener schwere Lasten effizient handhaben und sich an komplexe Arbeitsumgebungen und vielf\u00e4ltige Arbeitsanforderungen anpassen.\n<\/p>\n<h3>Produkteigenschaften<\/h3>\n<ul>\n<li><strong>Hohe Festigkeit und Haltbarkeit:<\/strong> Der aus hochfestem Stahl oder Aluminium gefertigte Schaufelzylinder ist f\u00fcr hohe Dr\u00fccke und schwere Lasten ausgelegt und eignet sich f\u00fcr raue Arbeitsbedingungen. Seine Konstruktion ber\u00fccksichtigt Verschlei\u00df- und Korrosionsbest\u00e4ndigkeit, was seine Lebensdauer verl\u00e4ngert.<\/li>\n<li><strong>Effizienter Hydraulikbetrieb:<\/strong> Durch die Nutzung des Hydraulik\u00f6ldrucks erm\u00f6glicht der Zylinder der Schaufel ein gleichm\u00e4\u00dfiges Aus- und Einfahren, reagiert schnell auf Steuerbefehle und liefert kraftvolle Schub- und Zugkr\u00e4fte, wodurch er sich f\u00fcr den Umgang mit schweren Lasten und komplexen Arbeitsaufgaben eignet.<\/li>\n<li><strong>Vielseitige Typen:<\/strong> Der Schaufelzylinder ist je nach Bedarf als einfachwirkender (hydraulisch nur in eine Richtung wirkender) oder doppeltwirkender (hydraulisch in beide Richtungen wirkender) Zylinder erh\u00e4ltlich und deckt somit unterschiedliche Einsatzanforderungen ab. Bestimmte Modelle sind teleskopierbar und erm\u00f6glichen eine gr\u00f6\u00dfere Ausladung ohne Vergr\u00f6\u00dferung der Au\u00dfenabmessungen. Dadurch eignen sie sich ideal f\u00fcr Anwendungen mit begrenztem Platzangebot.<\/li>\n<li><strong>Perfekter Ersatz:<\/strong> Unsere Produkte k\u00f6nnen diese Hydraulikzylinder perfekt ersetzen. <img decoding=\"async\" src=\"https:\/\/www.hydraulic-cylinders.net\/wp-content\/uploads\/2025\/01\/songte-cylinder-head-with-all-kinds-excavator-models.webp\" alt=\"Zylinderkopf\" \/><\/li>\n<\/ul>\n<h3>Anwendungen<\/h3>\n<p>\n    <strong>Baumaschinen:<\/strong> Sie sind in Baggern unverzichtbar zum Graben, Laden und Bewegen von Erde oder Schutt. Bei Baggerladern unterst\u00fctzt der Schaufelzylinder sowohl das Graben als auch das Heben.<br \/>\n    <strong>Landmaschinen:<\/strong> Sie werden in Frontladern eingesetzt und helfen beim Schaufeln, Anheben und Transportieren von Erde, Heu und anderen Materialien.<br \/>\n    <strong>Bagger:<\/strong> Der Zylinder des L\u00f6ffels erm\u00f6glicht Grabvorg\u00e4nge, indem er das Eindringen des L\u00f6ffels in den Boden erlaubt.<br \/>\n    <strong>Lader:<\/strong> Bei Frontladern helfen sie beim effizienten Anheben und Abladen von G\u00fctern.\n<\/p>\n<h3>Design\u00fcberlegungen und Auswahlkriterien<\/h3>\n<p>\n    <img decoding=\"async\" src=\"https:\/\/www.hydraulic-cylinders.net\/wp-content\/uploads\/2025\/01\/songte-oil-pipes-and-spare-parts.webp\" alt=\"\u00d6lleitungen und Ersatzteile\" \/><br \/>\n    Zu den Konstruktionskriterien f\u00fcr Schaufelzylinder geh\u00f6ren Tragf\u00e4higkeit, Dichtheit, Langlebigkeit, Sicherheit und Wartungsfreundlichkeit. Jeder Aspekt ist entscheidend f\u00fcr die optimale Leistung und Lebensdauer des Zylinders.\n<\/p>\n<h3>Abdichtung und Schmierung<\/h3>\n<p>\n    Im Schaufelzylinder kommen verschiedene Dichtungselemente zum Einsatz, beispielsweise Kolben- und Stangendichtungen. Diese Dichtungen bestehen aus verschlei\u00dffesten Materialien wie Polyurethan und Nitrilkautschuk. Zylinderk\u00f6rper und Gewindeendfl\u00e4chen werden pr\u00e4zise bearbeitet, um die Verschlei\u00dffestigkeit zu verbessern. Regelm\u00e4\u00dfige Schmierung mit geeignetem Hydraulik\u00f6l ist f\u00fcr einen reibungslosen Betrieb und eine lange Lebensdauer unerl\u00e4sslich.\n<\/p>\n<h3>Regelm\u00e4\u00dfige Inspektion und vorbeugende Wartung<\/h3>\n<p>\n    Es ist wichtig, den Baggerzylinder regelm\u00e4\u00dfig zu \u00fcberpr\u00fcfen und vorbeugende Wartungsma\u00dfnahmen durchzuf\u00fchren. Dazu geh\u00f6ren die Kontrolle auf Leckagen, die Sicherstellung der ordnungsgem\u00e4\u00dfen Schmierung, der gegebenenfalls erforderliche Austausch von Dichtungen und die Durchf\u00fchrung von Kalibrierungspr\u00fcfungen, um eine optimale Leistung zu gew\u00e4hrleisten. Durch die Einhaltung der korrekten Installationsanleitung, einschlie\u00dflich der korrekten Ausrichtung des Zylinders und der Verwendung geeigneter Montagehalterungen zur Befestigung, kann die Lebensdauer des Baggerzylinders verl\u00e4ngert werden. Empfohlene Inspektions-, Reparatur- und Austauschverfahren sowie Tipps zur Verl\u00e4ngerung der Zylinderlebensdauer sollten beachtet werden.\n<\/p>\n<h3>Sicherheitsaspekte und Umweltfaktoren<\/h3>\n<p>\n    Beim Einsatz von Hubzylindern ist es unerl\u00e4sslich, Sicherheitsma\u00dfnahmen zu priorisieren, um Unf\u00e4lle zu vermeiden und den Schutz von Personal und Ausr\u00fcstung zu gew\u00e4hrleisten. Dazu geh\u00f6rt die Einhaltung der empfohlenen Betriebsabl\u00e4ufe, der Sicherheitsrichtlinien und die Verwendung geeigneter pers\u00f6nlicher Schutzausr\u00fcstung (PSA) beim Umgang mit Hydrauliksystemen. Auch Umweltfaktoren wie die Vermeidung von \u00d6lverschmutzungen und die ordnungsgem\u00e4\u00dfe Entsorgung von gebrauchtem Hydraulik\u00f6l und -komponenten sind zu ber\u00fccksichtigen.\n<\/p>\n<h3>Fehlerdiagnose und h\u00e4ufige Probleme<\/h3>\n<p>\n    <img decoding=\"async\" src=\"https:\/\/www.hydraulic-cylinders.net\/wp-content\/uploads\/2025\/01\/songte-bushings-with-all-kinds-of-excavator-models.webp\" alt=\"Buchsen\" \/><br \/>\n    Es ist wichtig, Fehler am Baggerzylinder diagnostizieren und beheben zu k\u00f6nnen. H\u00e4ufige Probleme sind Leckagen, unzureichender Druck, verz\u00f6gerte Reaktion oder ungew\u00f6hnliche Ger\u00e4usche. Tipps und L\u00f6sungen zur Fehlerbehebung sollten bereitgestellt werden, um Lesern die effektive Diagnose und L\u00f6sung von Problemen zu erleichtern. Zus\u00e4tzlich sollten vorbeugende Ma\u00dfnahmen vorgeschlagen werden, um potenzielle Probleme zu minimieren.\n<\/p>\n<h3>Installationsanleitung<\/h3>\n<p>\n    Eine korrekte Montageanleitung ist erforderlich, um die fachgerechte Installation des Schaufelzylinders zu gew\u00e4hrleisten. Diese umfasst die korrekte Ausrichtung des Zylinders, die Verwendung geeigneter Montagehalterungen zur Befestigung des Zylinders und die Einhaltung der empfohlenen Drehmomentvorgaben. Dar\u00fcber hinaus sollten geeignete Abdichtungsmethoden und die Verwendung geeigneter Komponenten hervorgehoben werden.\n<\/p>\n<h3>Wartungsaufgaben<\/h3>\n<p>\n    <img decoding=\"async\" src=\"https:\/\/www.hydraulic-cylinders.net\/wp-content\/uploads\/2025\/01\/songte-chushion-collar.webp\" alt=\"Chushion-Halsband\" \/><br \/>\n    Zu den \u00fcblichen Wartungsarbeiten an Schaufelzylindern geh\u00f6ren regelm\u00e4\u00dfige Inspektionen, sachgem\u00e4\u00dfe Schmierung, Dichtungsaustausch und Kalibrierungspr\u00fcfungen. Die Bedeutung korrekter Montage, Schmierung und Justierung sollte hervorgehoben werden. Um die Lebensdauer des Schaufelzylinders zu verl\u00e4ngern, sollten Hinweise zur korrekten Ausrichtung bei der Montage, empfohlene Inspektions-, Reparatur- und Austauschverfahren sowie Informationen zu Ersatzteilen und \u00dcberholungsdienstleistungen bereitgestellt werden.\n<\/p>\n<h3>\u00dcber unser Unternehmen<\/h3>\n<p>\n    <img decoding=\"async\" src=\"https:\/\/hzpt.com\/wp-content\/uploads\/2024\/11\/songte-company-1.webp\" alt=\"Unternehmen\" \/><br \/>\n    Wir sind Hersteller von Hydraulikzylindern und bieten ein breites Produktsortiment an. Wir z\u00e4hlen zu den f\u00fchrenden Herstellern und Gro\u00dfh\u00e4ndlern von Hydraulikzylindern auf dem nationalen und internationalen Markt. Unser Fokus liegt auf exzellenter Qualit\u00e4t. In unseren modernen Fertigungsanlagen setzen wir auf industrialisierte Produktionsmanagementstrategien. Wir optimieren kontinuierlich unsere Fertigungsplattform, verbessern unsere Produktionsprozesse und verf\u00fcgen \u00fcber ausgepr\u00e4gte Innovationskraft. Unser Ziel ist es, die vielf\u00e4ltigen Bed\u00fcrfnisse unserer Kunden mit h\u00f6chster Effizienz, Pr\u00e4zision und Qualit\u00e4t zu erf\u00fcllen.\n<\/p>\n<h3>\u00dcber unser Unternehmen (Fortsetzung)<\/h3>\n<ul>\n<li><strong>Professionalit\u00e4t:<\/strong> Wir sind stolz auf unsere Expertise und Professionalit\u00e4t bei der Herstellung von Hydraulikzylindern.<\/li>\n<li><strong>Internationale Zertifizierungen:<\/strong> Unsere Produkte erf\u00fcllen internationale Zertifizierungen, wodurch ihre Qualit\u00e4t und Zuverl\u00e4ssigkeit gew\u00e4hrleistet sind.<\/li>\n<li><strong>Anpassungsdienstleistungen:<\/strong> Wir bieten kundenspezifische Anpassungsleistungen an, um den individuellen Anforderungen unserer Kunden gerecht zu werden.<\/li>\n<li><strong>Produktionsanlagen:<\/strong> Unser Unternehmen nutzt modernste Produktionsanlagen und -technologien.<\/li>\n<li><strong>Kundendienst:<\/strong> Wir bieten einen umfassenden Kundendienst an, der auch den Austausch von Teilen und die \u00dcberholung von Ger\u00e4ten umfasst.<\/li>\n<\/ul>\n<p>\n    Autor: lyl<\/p>","protected":false},"excerpt":{"rendered":"<p>Bucket Cylinder For Bonny CED460-8\/CED480-9 A bucket cylinder is a specialized hydraulic cylinder designed for controlling the movement of buckets in heavy machinery such as excavators, backhoe loaders, and front loaders. Its main function is to enable lifting, lowering, and tilting of the bucket, allowing for efficient handling of various materials. In a hydraulic system, [&hellip;]<\/p>","protected":false},"featured_media":14761,"comment_status":"open","ping_status":"closed","template":"","meta":{"_et_pb_use_builder":"","_et_pb_old_content":"","_et_gb_content_width":""},"product_brand":[],"product_cat":[1494],"product_tag":[1495,1496],"class_list":{"0":"post-15941","1":"product","2":"type-product","3":"status-publish","4":"has-post-thumbnail","6":"product_cat-bucket-cylinders","7":"product_tag-bucket-cylinders","8":"product_tag-hydraulic-cylinders","10":"first","11":"instock","12":"shipping-taxable","13":"product-type-simple"},"amp_enabled":true,"_links":{"self":[{"href":"https:\/\/www.hydraulic-cylinders.net\/de\/wp-json\/wp\/v2\/product\/15941","targetHints":{"allow":["GET"]}}],"collection":[{"href":"https:\/\/www.hydraulic-cylinders.net\/de\/wp-json\/wp\/v2\/product"}],"about":[{"href":"https:\/\/www.hydraulic-cylinders.net\/de\/wp-json\/wp\/v2\/types\/product"}],"replies":[{"embeddable":true,"href":"https:\/\/www.hydraulic-cylinders.net\/de\/wp-json\/wp\/v2\/comments?post=15941"}],"wp:featuredmedia":[{"embeddable":true,"href":"https:\/\/www.hydraulic-cylinders.net\/de\/wp-json\/wp\/v2\/media\/14761"}],"wp:attachment":[{"href":"https:\/\/www.hydraulic-cylinders.net\/de\/wp-json\/wp\/v2\/media?parent=15941"}],"wp:term":[{"taxonomy":"product_brand","embeddable":true,"href":"https:\/\/www.hydraulic-cylinders.net\/de\/wp-json\/wp\/v2\/product_brand?post=15941"},{"taxonomy":"product_cat","embeddable":true,"href":"https:\/\/www.hydraulic-cylinders.net\/de\/wp-json\/wp\/v2\/product_cat?post=15941"},{"taxonomy":"product_tag","embeddable":true,"href":"https:\/\/www.hydraulic-cylinders.net\/de\/wp-json\/wp\/v2\/product_tag?post=15941"}],"curies":[{"name":"wp","href":"https:\/\/api.w.org\/{rel}","templated":true}]}}