{"id":15956,"date":"2025-01-19T15:12:51","date_gmt":"2025-01-19T15:12:51","guid":{"rendered":"https:\/\/www.hydraulic-cylinders.net\/product\/bucket-cylinder-for-baoding-wy90-7\/"},"modified":"2025-01-19T15:12:53","modified_gmt":"2025-01-19T15:12:53","slug":"bucket-cylinder-for-baoding-wy90-7","status":"publish","type":"product","link":"https:\/\/www.hydraulic-cylinders.net\/de\/produkt\/bucket-cylinder-for-baoding-wy90-7\/","title":{"rendered":"Eimerzylinder f\u00fcr Baoding WY90-7"},"content":{"rendered":"<h1>Eimerzylinder f\u00fcr Baoding WY90-7<\/h1>\n<h2>Produktdefinition<\/h2>\n<p>Der Schaufelzylinder f\u00fcr Baoding WY90-7 ist ein Spezialhydraulikzylinder, der prim\u00e4r zur Steuerung der Schaufelbewegung in Baumaschinen wie Baggern, Baggerladern und Radladern entwickelt wurde. Seine Hauptfunktion besteht darin, das Heben, Senken und Neigen der Schaufel zu erm\u00f6glichen und so vielf\u00e4ltige Materialumschlagsaufgaben zu erleichtern. In einem Hydrauliksystem nutzt der Schaufelzylinder \u00c4nderungen des Hydraulik\u00f6ldrucks, um eine pr\u00e4zise Steuerung der Schaufel zu erreichen. Dies erlaubt es dem Bediener, schwere Lasten effizient zu handhaben und sich an komplexe Arbeitsumgebungen und unterschiedliche Arbeitsanforderungen anzupassen.<\/p>\n<p><img decoding=\"async\" src=\"https:\/\/www.hydraulic-cylinders.net\/wp-content\/uploads\/2025\/01\/songte-company-2.webp\" alt=\"Eimerzylinder f\u00fcr Baoding WY90-7\" \/><\/p>\n<h2>Produkteigenschaften<\/h2>\n<ul>\n<li>Hohe Festigkeit und Langlebigkeit: Typischerweise aus hochfestem Stahl oder Aluminium gefertigt, h\u00e4lt es hohem Druck und schweren Belastungen stand, ist f\u00fcr raue Arbeitsumgebungen geeignet und ist verschlei\u00df- und korrosionsbest\u00e4ndig, was die Lebensdauer verl\u00e4ngert.<\/li>\n<li>Effizienter Hydraulikbetrieb: Durch den Einsatz von Hydraulik\u00f6ldruck wird ein reibungsloser Aus- und Einfahrvorgang erreicht. Dieser reagiert schnell auf Bedienbefehle und bietet kraftvolle Schub- und Zugkr\u00e4fte, die sich f\u00fcr die Handhabung schwerer Lasten und komplexer Arbeitsaufgaben eignen.<\/li>\n<li>Verschiedene Zylindertypen: Je nach Bedarf k\u00f6nnen einfachwirkende (hydraulisch nur in eine Richtung wirkende) oder doppeltwirkende (hydraulisch in beide Richtungen wirkende) Zylinder ausgew\u00e4hlt werden. Einige Modelle sind teleskopierbar und erm\u00f6glichen so eine gr\u00f6\u00dfere Ausfahrl\u00e4nge ohne Vergr\u00f6\u00dferung der Au\u00dfenabmessungen \u2013 ideal f\u00fcr Anwendungen mit begrenztem Platzangebot.<\/li>\n<li>Kompatibel mit verschiedenen Maschinen: Unser Produkt kann diese Hydraulikzylinder perfekt ersetzen.<\/li>\n<\/ul>\n<p><img decoding=\"async\" src=\"https:\/\/www.hydraulic-cylinders.net\/wp-content\/uploads\/2025\/01\/songte-cylinder-head-with-all-kinds-excavator-models.webp\" alt=\"kompatibler Hydraulikzylinder f\u00fcr verschiedene Maschinen\" \/><\/p>\n<h2>Anwendungen<\/h2>\n<p>Der Schaufelzylinder f\u00fcr Baoding WY90-7 kann in verschiedenen Baumaschinen eingesetzt werden, darunter:<\/p>\n<ul>\n<li>Baumaschinen: Sie sind unverzichtbar f\u00fcr Bagger, da diese Erde oder Bauschutt ausheben, laden und transportieren. Bei Baggerladern unterst\u00fctzt der Schaufelzylinder das Ausheben und Anheben. <\/li>\n<li>Landwirtschaftliche Maschinen: Wird in Frontladern zum Schaufeln, Heben und Transportieren von Erde, Heu und anderen Materialien verwendet. <\/li>\n<li>Bagger: Der Schaufelzylinder erm\u00f6glicht das Graben, indem er es der Schaufel erlaubt, in den Boden einzudringen.<\/li>\n<li>Lader: Bei Frontladern helfen sie beim effizienten Anheben und Kippen von Ladung.<\/li>\n<\/ul>\n<h2>Design\u00fcberlegungen und Auswahlkriterien<\/h2>\n<p>Bei der Konstruktion des Schaufelzylinders f\u00fcr die Baoding WY90-7 wurden mehrere Faktoren ber\u00fccksichtigt, darunter:<\/p>\n<h3>Tragf\u00e4higkeit<\/h3>\n<p>Der Zylinder ist so konstruiert, dass er enormen Belastungen standh\u00e4lt, und besteht aus hochfesten Materialien, die auch schweren Maschinen und rauen Arbeitsumgebungen gewachsen sind.<\/p>\n<h3>Versiegelung<\/h3>\n<p>Der Zylinder verwendet verschiedene Dichtungen wie Kolbendichtungen, Stangendichtungen und Abstreifdichtungen aus Polyurethan, Nitrilkautschuk usw., um Verschlei\u00df standzuhalten und das Austreten von Hydraulikfl\u00fcssigkeit zu verhindern.<\/p>\n<h3>Haltbarkeit<\/h3>\n<p>Der Zylinder ist auf Langlebigkeit und Korrosionsbest\u00e4ndigkeit ausgelegt, und die Endfl\u00e4chen und Gewindeenden des Zylinders sind fein bearbeitet, um die Verschlei\u00dffestigkeit zu verbessern.<\/p>\n<h3>Sicherheit<\/h3>\n<p>Der Schaufelzylinder ist auf Sicherheit ausgelegt und verursacht bei sachgem\u00e4\u00dfer Verwendung keine Sch\u00e4den oder Verletzungen. Er ist mit Sicherheitsmechanismen ausgestattet, um Unf\u00e4lle zu verhindern, beispielsweise mit Sicherheitsventilen, die ein Bersten oder Zusammenbrechen des Zylinders bei einem Ausfall des Hydrauliksystems verhindern.<\/p>\n<h3>Wartung<\/h3>\n<p>Der Schaufelzylinder erfordert regelm\u00e4\u00dfige Wartung, einschlie\u00dflich Reinigung, Inspektion und Schmierung. Es wird empfohlen, verschlissene Dichtungen und andere Bauteile regelm\u00e4\u00dfig auszutauschen und Hydraulik\u00f6l nachzuf\u00fcllen, um die einwandfreie Funktion des Zylinders zu gew\u00e4hrleisten.<\/p>\n<p><img decoding=\"async\" src=\"https:\/\/www.hydraulic-cylinders.net\/wp-content\/uploads\/2025\/01\/songte-oil-pipes-and-spare-parts.webp\" alt=\"Ersatzteile f\u00fcr den Schaufelzylinder\" \/><\/p>\n<h2>Abdichtung und Schmierung<\/h2>\n<p>Der Schaufelzylinder verwendet verschiedene Dichtungen wie Kolben-, Stangen- und Abstreifdichtungen aus Polyurethan, Nitrilkautschuk usw., um Verschlei\u00df zu widerstehen und das Austreten von Hydraulikfl\u00fcssigkeit zu verhindern. Er ben\u00f6tigt regelm\u00e4\u00dfige Schmierung mit Hydraulik\u00f6l, um einen reibungslosen Betrieb zu gew\u00e4hrleisten und Verschlei\u00df vorzubeugen. Die Stirnfl\u00e4chen und Gewindeenden des Zylinders sind feinbearbeitet, um die Verschlei\u00dffestigkeit zu verbessern, ben\u00f6tigen aber dennoch regelm\u00e4\u00dfige Schmierung.<\/p>\n<h2>Wartung und Reparatur<\/h2>\n<p>Regelm\u00e4\u00dfige Wartung und Reparatur des Schaufelzylinders sind unerl\u00e4sslich f\u00fcr dessen einwandfreie Funktion und lange Lebensdauer. Zu den Wartungsarbeiten geh\u00f6ren Reinigung, Inspektion und Schmierung. Reparaturen umfassen den Austausch verschlissener Dichtungen und anderer Bauteile sowie gegebenenfalls die \u00dcberholung des Zylinders. Im Folgenden finden Sie einige Tipps f\u00fcr die ordnungsgem\u00e4\u00dfe Wartung und Reparatur:<\/p>\n<ul>\n<li>\u00dcberpr\u00fcfen Sie den Zylinder regelm\u00e4\u00dfig auf Verschlei\u00df, Undichtigkeiten und andere Probleme.<\/li>\n<li>Um die einwandfreie Funktion des Zylinders zu gew\u00e4hrleisten, sollten verschlissene Dichtungen und andere Bauteile regelm\u00e4\u00dfig ausgetauscht werden.<\/li>\n<li>Regelm\u00e4\u00dfiges Nachf\u00fcllen des Hydraulik\u00f6ls gew\u00e4hrleistet einen reibungslosen Betrieb und beugt Verschlei\u00df vor.<\/li>\n<li>Richten Sie den Zylinder bei der Montage korrekt aus und verwenden Sie geeignete Montagehalterungen, um den Zylinder zu befestigen.<\/li>\n<li>Um einen sicheren und effektiven Betrieb des Zylinders zu gew\u00e4hrleisten, befolgen Sie die empfohlenen Inspektions-, Reparatur- und Austauschverfahren.<\/li>\n<li>Verwenden Sie zur Wartung des Zylinders ausschlie\u00dflich Originalteile und -komponenten.<\/li>\n<\/ul>\n<p><img decoding=\"async\" src=\"https:\/\/www.hydraulic-cylinders.net\/wp-content\/uploads\/2025\/01\/songte-chushion-collar.webp\" alt=\"Kupplungskragen f\u00fcr Eimerzylinder\" \/><\/p>\n<h2>Sicherheits- und Umweltaspekte<\/h2>\n<p>Beim Einsatz des Hubzylinders m\u00fcssen Sicherheitsvorkehrungen getroffen werden, um Unf\u00e4lle und Verletzungen zu vermeiden. Es ist unbedingt erforderlich, die Anweisungen des Herstellers f\u00fcr sicheren Betrieb und Wartung zu befolgen und die entsprechende pers\u00f6nliche Schutzausr\u00fcstung, wie z. B. Handschuhe und Schutzbrille, zu verwenden.<\/p>\n<h2>Fehlerbehebung und h\u00e4ufige Probleme<\/h2>\n<p>Der Schaufelzylinder kann verschiedene Probleme aufweisen, wie z. B. Leckagen, verschlissene Dichtungen und andere Defekte. Zur Fehlerbehebung sind grundlegende Kenntnisse des Zylinders und seiner Komponenten erforderlich. Im Folgenden werden einige h\u00e4ufige Probleme und deren L\u00f6sungen aufgef\u00fchrt:<\/p>\n<ul>\n<li>Undichte Zylinder: \u00dcberpr\u00fcfen Sie die Dichtungen und andere Bauteile auf Verschlei\u00df und tauschen Sie diese gegebenenfalls aus.<\/li>\n<li>Abgenutzte Dichtungen: Ersetzen Sie die Dichtungen durch Originalteile und -komponenten.<\/li>\n<li>Weitere Probleme: Befolgen Sie die vom Hersteller empfohlenen Schritte zur Fehlerbehebung, um das Problem zu identifizieren und zu l\u00f6sen.<\/li>\n<\/ul>\n<p><img decoding=\"async\" src=\"https:\/\/www.hydraulic-cylinders.net\/wp-content\/uploads\/2025\/01\/songte-bushings-with-all-kinds-of-excavator-models.webp\" alt=\"Buchsen f\u00fcr Schaufelzylinder\" \/><\/p>\n<h2>\u00dcber unser Unternehmen<\/h2>\n<p>Wir sind Hersteller von Hydraulikzylindern, die den Schaufelzylinder des Baoding WY90-7 ersetzen k\u00f6nnen. Unser Unternehmen bietet ein umfassendes Produktsortiment und z\u00e4hlt zu den f\u00fchrenden Herstellern und Gro\u00dfh\u00e4ndlern von Hydraulikzylindern auf dem nationalen und internationalen Markt. Wir setzen auf h\u00f6chste Qualit\u00e4t und nutzen daf\u00fcr bew\u00e4hrte Produktionsmanagementstrategien in modernen Fertigungswerkst\u00e4tten, die kontinuierliche Verbesserung unserer Fertigungsprozesse und die Optimierung unserer Qualit\u00e4tssicherung. So erf\u00fcllen wir die vielf\u00e4ltigen Bed\u00fcrfnisse unserer Kunden mit h\u00f6chster Effizienz, Pr\u00e4zision und Qualit\u00e4t. <\/p>\n<p><img decoding=\"async\" src=\"https:\/\/hzpt.com\/wp-content\/uploads\/2024\/11\/songte-company-1.webp\" alt=\"Firmenlogo\" \/><\/p>\n<h3>Unsere Spezialgebiete<\/h3>\n<ul>\n<li>Professionalit\u00e4t<\/li>\n<li>Internationale Zertifizierung<\/li>\n<li>Ma\u00dfgeschneiderte Dienstleistungen<\/li>\n<li>Moderne Produktionsanlagen<\/li>\n<li>Hervorragender Kundendienst<\/li>\n<\/ul>\n<p>Unsere Produkte sind international zertifiziert, unter anderem nach ISO 9001, CE und SGS. Unser professionelles Technikerteam bietet ma\u00dfgeschneiderte L\u00f6sungen. Wir halten uns an strenge Qualit\u00e4tskontrollen und setzen modernste Produktionsanlagen ein, um h\u00f6chste Qualit\u00e4tsstandards zu gew\u00e4hrleisten. Auch nach dem Kauf bieten wir exzellenten Kundenservice, um Ihre Zufriedenheit sicherzustellen.<\/p>\n<p>Wenn Sie einen zuverl\u00e4ssigen Lieferanten von Hydraulikzylindern suchen, kontaktieren Sie uns bitte f\u00fcr weitere Informationen.<\/p>\n<p>Autor: lyl.<\/p>","protected":false},"excerpt":{"rendered":"<p>Bucket Cylinder For Baoding WY90-7 Product Definition The bucket cylinder for Baoding WY90-7 is a specialized hydraulic cylinder designed primarily for controlling the movement of shovels in heavy machinery such as excavators, backhoe loaders, and front-end loaders. Its main function is to enable the shovel to lift, lower and tilt, making it easier to handle [&hellip;]<\/p>","protected":false},"featured_media":14761,"comment_status":"open","ping_status":"closed","template":"","meta":{"_et_pb_use_builder":"","_et_pb_old_content":"","_et_gb_content_width":""},"product_brand":[],"product_cat":[1494],"product_tag":[1495,1496],"class_list":{"0":"post-15956","1":"product","2":"type-product","3":"status-publish","4":"has-post-thumbnail","6":"product_cat-bucket-cylinders","7":"product_tag-bucket-cylinders","8":"product_tag-hydraulic-cylinders","10":"first","11":"instock","12":"shipping-taxable","13":"product-type-simple"},"amp_enabled":true,"_links":{"self":[{"href":"https:\/\/www.hydraulic-cylinders.net\/de\/wp-json\/wp\/v2\/product\/15956","targetHints":{"allow":["GET"]}}],"collection":[{"href":"https:\/\/www.hydraulic-cylinders.net\/de\/wp-json\/wp\/v2\/product"}],"about":[{"href":"https:\/\/www.hydraulic-cylinders.net\/de\/wp-json\/wp\/v2\/types\/product"}],"replies":[{"embeddable":true,"href":"https:\/\/www.hydraulic-cylinders.net\/de\/wp-json\/wp\/v2\/comments?post=15956"}],"wp:featuredmedia":[{"embeddable":true,"href":"https:\/\/www.hydraulic-cylinders.net\/de\/wp-json\/wp\/v2\/media\/14761"}],"wp:attachment":[{"href":"https:\/\/www.hydraulic-cylinders.net\/de\/wp-json\/wp\/v2\/media?parent=15956"}],"wp:term":[{"taxonomy":"product_brand","embeddable":true,"href":"https:\/\/www.hydraulic-cylinders.net\/de\/wp-json\/wp\/v2\/product_brand?post=15956"},{"taxonomy":"product_cat","embeddable":true,"href":"https:\/\/www.hydraulic-cylinders.net\/de\/wp-json\/wp\/v2\/product_cat?post=15956"},{"taxonomy":"product_tag","embeddable":true,"href":"https:\/\/www.hydraulic-cylinders.net\/de\/wp-json\/wp\/v2\/product_tag?post=15956"}],"curies":[{"name":"wp","href":"https:\/\/api.w.org\/{rel}","templated":true}]}}