{"id":15958,"date":"2025-01-19T15:13:01","date_gmt":"2025-01-19T15:13:01","guid":{"rendered":"https:\/\/www.hydraulic-cylinders.net\/product\/bucket-cylinder-for-baoding-sc85-8\/"},"modified":"2025-01-19T15:13:03","modified_gmt":"2025-01-19T15:13:03","slug":"bucket-cylinder-for-baoding-sc85-8","status":"publish","type":"product","link":"https:\/\/www.hydraulic-cylinders.net\/de\/produkt\/bucket-cylinder-for-baoding-sc85-8\/","title":{"rendered":"Eimerzylinder f\u00fcr Baoding SC85.8"},"content":{"rendered":"<h2>Eimerzylinder f\u00fcr Baoding SC85.8<\/h2>\n<h3>Einf\u00fchrung<\/h3>\n<p>Der Schaufelzylinder f\u00fcr Baoding SC85.8 ist ein speziell entwickelter Hydraulikzylinder, der haupts\u00e4chlich zur Steuerung der Schaufelbewegung in Baumaschinen wie Baggern, Radladern und Baggerladern eingesetzt wird. Seine Hauptfunktion besteht darin, das Heben, Senken und Neigen der Schaufel zu erm\u00f6glichen und so den Umgang mit verschiedenen Materialien zu erleichtern. Im Hydrauliksystem gew\u00e4hrleistet der Schaufelzylinder durch die Anpassung des Hydraulik\u00f6ldrucks eine pr\u00e4zise Steuerung der Schaufel. Dies erm\u00f6glicht es dem Bediener, schwere Lasten effizient zu handhaben und sich an komplexe Arbeitsumgebungen und vielf\u00e4ltige Aufgaben anzupassen.<\/p>\n<p><img decoding=\"async\" src=\"https:\/\/www.hydraulic-cylinders.net\/wp-content\/uploads\/2025\/01\/songte-company-2.webp\" alt=\"Eimerzylinder f\u00fcr Baoding SC85.8\"><\/p>\n<h3>Merkmale<\/h3>\n<ul>\n<li>Hohe Festigkeit und Langlebigkeit: Hergestellt aus hochfestem Stahl oder Aluminium, h\u00e4lt es hohem Druck und schweren Belastungen stand, ist f\u00fcr raue Arbeitsumgebungen geeignet und ist verschlei\u00df- und korrosionsbest\u00e4ndig, was seine Lebensdauer verl\u00e4ngert.<\/li>\n<li>Effizienter Hydraulikbetrieb: Durch den Druck des Hydraulik\u00f6ls wird eine reibungslose Aus- und Einfahrbewegung erreicht. Dadurch kann schnell auf Steuerbefehle reagiert werden, es wird eine starke Schub- und Zugkraft bereitgestellt, und es eignet sich f\u00fcr die Handhabung schwerer Gegenst\u00e4nde und komplexer Aufgaben.<\/li>\n<li>Verschiedene Zylindertypen stehen zur Auswahl: Einfachwirkende (hydraulisch nur in eine Richtung wirkende) oder doppeltwirkende (hydraulisch in beide Richtungen wirkende) Zylinder k\u00f6nnen je nach Bedarf und Betriebsanforderungen ausgew\u00e4hlt werden. Einige Modelle sind teleskopierbar und erm\u00f6glichen so eine gr\u00f6\u00dfere Auszugsl\u00e4nge ohne Vergr\u00f6\u00dferung der Au\u00dfenabmessungen \u2013 ideal f\u00fcr Anwendungen mit begrenztem Platzangebot.<\/li>\n<li>Einfacher Austausch: Unser Produkt kann diese Hydraulikzylinder perfekt ersetzen.<\/li>\n<\/ul>\n<p><img decoding=\"async\" src=\"https:\/\/www.hydraulic-cylinders.net\/wp-content\/uploads\/2025\/01\/songte-cylinder-head-with-all-kinds-excavator-models.webp\" alt=\"Eimerzylinder f\u00fcr Baoding SC85.8\"><\/p>\n<h3>Anwendungen<\/h3>\n<p>Der Schaufelzylinder findet in verschiedenen Branchen und Ger\u00e4ten breite Anwendung, zum Beispiel:<\/p>\n<ul>\n<li>Baumaschinen: In Baggern sind sie unverzichtbar zum Graben, Laden und Bewegen von Erde oder Bauschutt. Bei Tiefladern tragen die Schaufelzylinder sowohl zum Graben als auch zum Heben bei. In Radladern sind sie hilfreich zum effizienten Heben und Abladen von Ladung.<\/li>\n<li>Landwirtschaftliche Maschinen: Sie werden in Frontladern eingesetzt und nehmen Erde, Heu und andere Materialien auf, heben sie an und transportieren sie. In Baggern erm\u00f6glichen die Zylinder der Schaufel das Graben, indem sie das Eindringen der Schaufel in den Boden erlauben.<\/li>\n<\/ul>\n<h3>Design\u00fcberlegungen und Auswahlkriterien<\/h3>\n<p>Bei der Konstruktion des Schaufelzylinders spielen mehrere Faktoren eine Rolle, wie zum Beispiel:<\/p>\n<ul>\n<li>Tragf\u00e4higkeit: die F\u00e4higkeit, hohem Druck und schweren Lasten standzuhalten.<\/li>\n<li>Abdichtung: die F\u00e4higkeit, Fl\u00fcssigkeitsverluste zu verhindern und den Hydraulikdruck aufrechtzuerhalten<\/li>\n<li>Langlebigkeit: die F\u00e4higkeit, Verschlei\u00df, Korrosion und extremen Temperaturen standzuhalten.<\/li>\n<li>Sicherheit: die F\u00e4higkeit, die Sicherheit der Bediener und des umliegenden Personals zu gew\u00e4hrleisten.<\/li>\n<li>Wartungsfreundlichkeit: die F\u00e4higkeit, Wartungs- und Reparaturarbeiten zu erleichtern<\/li>\n<\/ul>\n<p><img decoding=\"async\" src=\"https:\/\/www.hydraulic-cylinders.net\/wp-content\/uploads\/2025\/01\/songte-oil-pipes-and-spare-parts.webp\" alt=\"Eimerzylinder f\u00fcr Baoding SC85.8\"><\/p>\n<h3>Abdichtung und Schmierung<\/h3>\n<p>Der Schaufelzylinder verwendet verschiedene Dichtungselemente wie Kolben- und Stangendichtungen aus verschlei\u00dffesten Materialien wie Polyurethan und Nitrilkautschuk. Zylinderk\u00f6rper und Gewindeendfl\u00e4chen sind pr\u00e4zisionsbearbeitet, um die Verschlei\u00dffestigkeit zu erh\u00f6hen. Regelm\u00e4\u00dfige Schmierung mit der entsprechenden Menge Hydraulik\u00f6l ist erforderlich.<\/p>\n<p><img decoding=\"async\" src=\"https:\/\/www.hydraulic-cylinders.net\/wp-content\/uploads\/2025\/01\/songte-chushion-collar.webp\" alt=\"Eimerzylinder f\u00fcr Baoding SC85.8\"><\/p>\n<h3>Wartung und Reparatur<\/h3>\n<p>Regelm\u00e4\u00dfige Wartung und Reparatur sind entscheidend f\u00fcr die Verl\u00e4ngerung der Lebensdauer des Schaufelzylinders. Im Folgenden sind einige Wartungsarbeiten aufgef\u00fchrt:<\/p>\n<ul>\n<li>Regelm\u00e4\u00dfige Inspektion<\/li>\n<li>Richtige Schmierung<\/li>\n<li>Dichtungswechsel<\/li>\n<li>Kalibrierungspr\u00fcfung<\/li>\n<\/ul>\n<p>Eine fachgerechte Installation ist f\u00fcr die einwandfreie Funktion des Zylinders unerl\u00e4sslich. Der Zylinder muss korrekt ausgerichtet und mit geeigneten Montagehalterungen gesichert werden. Um den effizienten Betrieb des Schaufelzylinders sicherzustellen, sind die empfohlenen Pr\u00fcf-, Reparatur- und Austauschverfahren zu befolgen.<\/p>\n<h3>Sicherheitsaspekte und Umweltfaktoren<\/h3>\n<p>Beim Einsatz des Hubzylinders sind Sicherheitsvorkehrungen zu treffen, um die Sicherheit des umliegenden Personals und der Bediener zu gew\u00e4hrleisten. Bei der Materialauswahl f\u00fcr den Hubzylinder sind Umweltfaktoren wie Temperatur, Luftfeuchtigkeit und der Kontakt mit Chemikalien zu ber\u00fccksichtigen.<\/p>\n<p><img decoding=\"async\" src=\"https:\/\/www.hydraulic-cylinders.net\/wp-content\/uploads\/2025\/01\/songte-bushings-with-all-kinds-of-excavator-models.webp\" alt=\"Eimerzylinder f\u00fcr Baoding SC85.8\"><\/p>\n<h3>H\u00e4ufige St\u00f6rungen und Fehlerbehebung<\/h3>\n<p>H\u00e4ufige St\u00f6rungen des Schaufelzylinders sind Fl\u00fcssigkeitsverlust, unzureichender Druck und ungew\u00f6hnliche Ger\u00e4usche. Diese Probleme lassen sich durch die \u00dcberpr\u00fcfung der Dichtungen, \u00d6lleitungen und anderer Bauteile diagnostizieren und beheben. Vorbeugende Ma\u00dfnahmen wie regelm\u00e4\u00dfige Inspektion und Wartung k\u00f6nnen die Anzahl der St\u00f6rungen reduzieren.<\/p>\n<h3>\u00dcber unser Unternehmen<\/h3>\n<p>Wir sind ein f\u00fchrender Hersteller und Gro\u00dfh\u00e4ndler von Hydraulikzylindern auf dem nationalen und internationalen Markt. Wir bieten ein umfassendes Produktsortiment und wenden die besten Branchenpraktiken an, um h\u00f6chste Qualit\u00e4t zu gew\u00e4hrleisten. Unsere Produktionsst\u00e4tte ist mit modernster Technologie und professionellen Pr\u00fcfsystemen ausgestattet, sodass wir die vielf\u00e4ltigen Bed\u00fcrfnisse unserer Kunden erf\u00fcllen k\u00f6nnen.<\/p>\n<p><img decoding=\"async\" src=\"https:\/\/hzpt.com\/wp-content\/uploads\/2024\/11\/songte-company-1.webp\" alt=\"Eimerzylinder f\u00fcr Baoding SC85.8\"><\/p>\n<h4>Zu unseren St\u00e4rken geh\u00f6ren:<\/h4>\n<ul>\n<li>Professionalit\u00e4t<\/li>\n<li>Internationale Zertifizierungen<\/li>\n<li>Anpassungsdienste<\/li>\n<li>Moderne Produktionsanlagen<\/li>\n<li>Hervorragender Kundendienst<\/li>\n<\/ul>\n<p>Vielen Dank f\u00fcrs Lesen unseres Artikels. Autor: lyl.<\/p>","protected":false},"excerpt":{"rendered":"<p>Bucket Cylinder For Baoding SC85.8 Introduction A bucket cylinder for Baoding SC85.8 is a specially designed hydraulic cylinder that is mainly used to control the movement of the bucket in heavy machinery such as excavators, backhoe excavators, and front-end loaders. Its main function is to enable the bucket to lift, lower, and tilt, making it [&hellip;]<\/p>","protected":false},"featured_media":14788,"comment_status":"open","ping_status":"closed","template":"","meta":{"_et_pb_use_builder":"","_et_pb_old_content":"","_et_gb_content_width":""},"product_brand":[],"product_cat":[1494],"product_tag":[1495,1496],"class_list":{"0":"post-15958","1":"product","2":"type-product","3":"status-publish","4":"has-post-thumbnail","6":"product_cat-bucket-cylinders","7":"product_tag-bucket-cylinders","8":"product_tag-hydraulic-cylinders","10":"first","11":"instock","12":"shipping-taxable","13":"product-type-simple"},"amp_enabled":true,"_links":{"self":[{"href":"https:\/\/www.hydraulic-cylinders.net\/de\/wp-json\/wp\/v2\/product\/15958","targetHints":{"allow":["GET"]}}],"collection":[{"href":"https:\/\/www.hydraulic-cylinders.net\/de\/wp-json\/wp\/v2\/product"}],"about":[{"href":"https:\/\/www.hydraulic-cylinders.net\/de\/wp-json\/wp\/v2\/types\/product"}],"replies":[{"embeddable":true,"href":"https:\/\/www.hydraulic-cylinders.net\/de\/wp-json\/wp\/v2\/comments?post=15958"}],"wp:featuredmedia":[{"embeddable":true,"href":"https:\/\/www.hydraulic-cylinders.net\/de\/wp-json\/wp\/v2\/media\/14788"}],"wp:attachment":[{"href":"https:\/\/www.hydraulic-cylinders.net\/de\/wp-json\/wp\/v2\/media?parent=15958"}],"wp:term":[{"taxonomy":"product_brand","embeddable":true,"href":"https:\/\/www.hydraulic-cylinders.net\/de\/wp-json\/wp\/v2\/product_brand?post=15958"},{"taxonomy":"product_cat","embeddable":true,"href":"https:\/\/www.hydraulic-cylinders.net\/de\/wp-json\/wp\/v2\/product_cat?post=15958"},{"taxonomy":"product_tag","embeddable":true,"href":"https:\/\/www.hydraulic-cylinders.net\/de\/wp-json\/wp\/v2\/product_tag?post=15958"}],"curies":[{"name":"wp","href":"https:\/\/api.w.org\/{rel}","templated":true}]}}