{"id":15960,"date":"2025-01-19T15:13:10","date_gmt":"2025-01-19T15:13:10","guid":{"rendered":"https:\/\/www.hydraulic-cylinders.net\/product\/bucket-cylinder-for-baoding-wy75-7\/"},"modified":"2025-01-19T15:13:13","modified_gmt":"2025-01-19T15:13:13","slug":"bucket-cylinder-for-baoding-wy75-7","status":"publish","type":"product","link":"https:\/\/www.hydraulic-cylinders.net\/de\/produkt\/bucket-cylinder-for-baoding-wy75-7\/","title":{"rendered":"Eimerzylinder f\u00fcr Baoding WY75-7"},"content":{"rendered":"<h1>Eimerzylinder f\u00fcr Baoding WY75-7<\/h1>\n<h2>Einf\u00fchrung<\/h2>\n<p>Ein Schaufelzylinder ist ein Hydraulikzylinder, der speziell f\u00fcr die Steuerung der Schaufelbewegung in Baumaschinen wie Baggern, Radladern und Baggerladern entwickelt wurde. Seine Hauptfunktion besteht darin, das Heben, Senken und Neigen der Schaufel zu erm\u00f6glichen und so verschiedene Materialumschlagsaufgaben zu erleichtern. In Hydrauliksystemen erm\u00f6glichen Schaufelzylinder eine pr\u00e4zise Steuerung der Schaufel durch die Variation des Hydraulik\u00f6ldrucks. Dadurch k\u00f6nnen Bediener schwere Lasten effizient handhaben, sich an komplexe Arbeitsumgebungen und vielf\u00e4ltige Betriebsanforderungen anpassen.<\/p>\n<p><img decoding=\"async\" src=\"https:\/\/www.hydraulic-cylinders.net\/wp-content\/uploads\/2025\/01\/songte-company-2.webp\" alt=\"Bild des Schaufelzylinders\"><\/p>\n<h2>Merkmale<\/h2>\n<ul>\n<li>Hohe Festigkeit und Langlebigkeit: Typischerweise aus hochfestem Stahl oder Aluminium gefertigt, halten sie hohem Druck und hohen Belastungen stand, sind anpassungsf\u00e4hig an raue Arbeitsumgebungen, auf Verschlei\u00df- und Korrosionsbest\u00e4ndigkeit ausgelegt und verl\u00e4ngern die Lebensdauer.<\/li>\n<li>Effizienter Hydraulikbetrieb: Durch die Nutzung des Hydraulik\u00f6ldrucks werden sanfte Aus- und Einfahrbewegungen erreicht, eine schnelle Reaktion auf Steuerbefehle erm\u00f6glicht und eine starke Schub- und Zugkraft bereitgestellt, die f\u00fcr die Handhabung schwerer Lasten und komplexer Arbeitsaufgaben geeignet ist.<\/li>\n<li>Verschiedene Typen: Je nach Betriebsanforderungen k\u00f6nnen einfachwirkende (hydraulisch nur in eine Richtung wirkende) oder doppeltwirkende (hydraulisch in zwei Richtungen wirkende) Zylinder ausgew\u00e4hlt werden. Einige Modelle sind teleskopierbar und erm\u00f6glichen so eine gr\u00f6\u00dfere Ausdehnung ohne Vergr\u00f6\u00dferung der Au\u00dfenabmessungen. Sie eignen sich f\u00fcr Anwendungen mit begrenztem Platzangebot.<\/li>\n<\/ul>\n<p>Wir sind in der Lage, dieses Produkt herzustellen, das diese Hydraulikzylinder perfekt ersetzen kann.<\/p>\n<p><img decoding=\"async\" src=\"https:\/\/www.hydraulic-cylinders.net\/wp-content\/uploads\/2025\/01\/songte-cylinder-head-with-all-kinds-excavator-models.webp\" alt=\"Hydraulikzylinderbild\"><\/p>\n<h2>Anwendungen<\/h2>\n<p>Der Schaufelzylinder hat ein breites Anwendungsspektrum:<\/p>\n<ul>\n<li>Baumaschinen: Bei Baggern sind sie unverzichtbar zum Ausheben, Laden und Bewegen von Erde oder Bauschutt. Bei Tiefladern helfen die Schaufelzylinder sowohl beim Ausheben als auch beim Heben. <\/li>\n<li>Landwirtschaftliche Maschinen: Sie werden in Frontladern zum Schaufeln, Anheben und Transportieren von Erde, Heu und anderen Materialien sowie in Baggern zum Graben eingesetzt, indem die Schaufel in den Boden eindringt.<\/li>\n<li>Lader: Bei Frontladern helfen sie beim effektiven Anheben und Abladen von G\u00fctern.<\/li>\n<\/ul>\n<h2>Design\u00fcberlegungen und Auswahlkriterien<\/h2>\n<p>Die folgenden Konstruktions\u00fcberlegungen und Auswahlkriterien sind entscheidend f\u00fcr die Langlebigkeit und Leistungsf\u00e4higkeit des Schaufelzylinders:<\/p>\n<ul>\n<li>Tragf\u00e4higkeit: Der Zylinder muss in der Lage sein, hohem Druck und hohen Belastungen standzuhalten.<\/li>\n<li>Abdichtung: Der Zylinder sollte mit hochwertigen Dichtungen ausgestattet sein, um ein Austreten von Hydraulik\u00f6l zu verhindern.<\/li>\n<li>Langlebigkeit: Die im Zylinder verwendeten Materialien sollten Verschlei\u00df und Korrosion widerstehen k\u00f6nnen.<\/li>\n<li>Sicherheit: Bei der Konstruktion des Zylinders sollte besonderer Wert auf Sicherheit gelegt werden. Es sollten Vorsichtsma\u00dfnahmen getroffen werden, um Unf\u00e4lle oder Funktionsst\u00f6rungen zu vermeiden.<\/li>\n<li>Wartungsfreundlichkeit: Der Zylinder sollte so konstruiert sein, dass er leicht gewartet und repariert werden kann.<\/li>\n<\/ul>\n<p><img decoding=\"async\" src=\"https:\/\/www.hydraulic-cylinders.net\/wp-content\/uploads\/2025\/01\/songte-oil-pipes-and-spare-parts.webp\" alt=\"Hydraulikzylinderbild\"><\/p>\n<h2>Abdichtung und Schmierung<\/h2>\n<p>Der Schaufelzylinder ben\u00f6tigt verschiedene Dichtungselemente, wie Kolben- und Stangendichtungen, aus verschlei\u00dffesten Materialien wie Polyurethan und Nitrilkautschuk. Die Zylinderoberfl\u00e4che und die Gewinde werden pr\u00e4zise behandelt, um die Verschlei\u00dffestigkeit zu verbessern. Regelm\u00e4\u00dfiges Nachf\u00fcllen des Hydraulik\u00f6ls ist notwendig, um eine ausreichende Schmierung des Zylinders zu gew\u00e4hrleisten.<\/p>\n<h2>Wartung und Reparatur<\/h2>\n<p>Regelm\u00e4\u00dfige Inspektionen und vorbeugende Wartungsarbeiten sind entscheidend f\u00fcr die Verl\u00e4ngerung der Lebensdauer des Schaufelzylinders. Im Folgenden sind einige g\u00e4ngige Wartungsarbeiten aufgef\u00fchrt:<\/p>\n<ul>\n<li>Regelm\u00e4\u00dfige Inspektion<\/li>\n<li>Richtige Schmierung<\/li>\n<li>Dichtungswechsel<\/li>\n<li>Kalibrierungspr\u00fcfungen<\/li>\n<\/ul>\n<p><img decoding=\"async\" src=\"https:\/\/www.hydraulic-cylinders.net\/wp-content\/uploads\/2025\/01\/songte-chushion-collar.webp\" alt=\"Hydraulikzylinderbild\"><\/p>\n<h2>Sicherheitsaspekte und Umweltfaktoren<\/h2>\n<p>Die Einhaltung von Sicherheitsma\u00dfnahmen beim Umgang mit dem Eimerzylinder ist unerl\u00e4sslich. Es ist unbedingt notwendig, die Anweisungen des Herstellers zu befolgen und die entsprechende pers\u00f6nliche Schutzausr\u00fcstung (PSA) zu verwenden. Auch Umgebungsfaktoren wie Temperatur, Luftfeuchtigkeit und Luftdruck m\u00fcssen beim Einsatz des Zylinders ber\u00fccksichtigt werden.<\/p>\n<h2>Fehlerbehebung und h\u00e4ufige Probleme<\/h2>\n<p>Zu den h\u00e4ufigsten Problemen mit dem Baggerzylinder z\u00e4hlen Leckagen, Fehlfunktionen und Verschlei\u00df. Um diese Probleme zu erkennen und zu beheben, sind fundierte Kenntnisse in der Fehlersuche erforderlich. Vorbeugende Ma\u00dfnahmen wie regelm\u00e4\u00dfige Inspektionen und Wartungsarbeiten k\u00f6nnen dazu beitragen, das Auftreten dieser Probleme zu reduzieren.<\/p>\n<p><img decoding=\"async\" src=\"https:\/\/www.hydraulic-cylinders.net\/wp-content\/uploads\/2025\/01\/songte-bushings-with-all-kinds-of-excavator-models.webp\" alt=\"Hydraulikzylinderbild\"><\/p>\n<h2>\u00dcber unser Unternehmen<\/h2>\n<p>Wir sind ein f\u00fchrender Hersteller und Gro\u00dfh\u00e4ndler von Hydraulikzylindern f\u00fcr den nationalen und internationalen Markt. Unser Produktionssortiment umfasst verschiedene Hydraulikzylindertypen. Wir setzen auf exzellente Qualit\u00e4ts- und Produktionsmanagementstrategien und nutzen modernste Fertigungsanlagen sowie professionelle Pr\u00fcfsysteme. Unser Expertenteam erf\u00fcllt die vielf\u00e4ltigen Kundenanforderungen mit h\u00f6chster Effizienz, Pr\u00e4zision und Qualit\u00e4t.<\/p>\n<h3>Unsere Expertise<\/h3>\n<p>Wir bieten Ihnen folgende Expertise:<\/p>\n<ul>\n<li>Internationale Zertifizierung<\/li>\n<li>Anpassungsdienste<\/li>\n<li>Modernste Produktionsanlagen<\/li>\n<li>Kundendienst<\/li>\n<\/ul>\n<p><img decoding=\"async\" src=\"https:\/\/hzpt.com\/wp-content\/uploads\/2024\/11\/songte-company-1.webp\" alt=\"Hydraulikzylinderbild\"><\/p>\n<p>Autor: lyl.<\/p>","protected":false},"excerpt":{"rendered":"<p>Bucket Cylinder For Baoding WY75-7 Introduction A bucket cylinder is a type of hydraulic cylinder specially designed for controlling the movement of buckets in heavy machinery such as excavators, backhoe excavators, and front loaders. Its main function is to enable the bucket to lift, lower, and tilt, making it easier for various material handling tasks. [&hellip;]<\/p>","protected":false},"featured_media":14785,"comment_status":"open","ping_status":"closed","template":"","meta":{"_et_pb_use_builder":"","_et_pb_old_content":"","_et_gb_content_width":""},"product_brand":[],"product_cat":[1494],"product_tag":[1495,1496],"class_list":{"0":"post-15960","1":"product","2":"type-product","3":"status-publish","4":"has-post-thumbnail","6":"product_cat-bucket-cylinders","7":"product_tag-bucket-cylinders","8":"product_tag-hydraulic-cylinders","10":"first","11":"instock","12":"shipping-taxable","13":"product-type-simple"},"amp_enabled":true,"_links":{"self":[{"href":"https:\/\/www.hydraulic-cylinders.net\/de\/wp-json\/wp\/v2\/product\/15960","targetHints":{"allow":["GET"]}}],"collection":[{"href":"https:\/\/www.hydraulic-cylinders.net\/de\/wp-json\/wp\/v2\/product"}],"about":[{"href":"https:\/\/www.hydraulic-cylinders.net\/de\/wp-json\/wp\/v2\/types\/product"}],"replies":[{"embeddable":true,"href":"https:\/\/www.hydraulic-cylinders.net\/de\/wp-json\/wp\/v2\/comments?post=15960"}],"wp:featuredmedia":[{"embeddable":true,"href":"https:\/\/www.hydraulic-cylinders.net\/de\/wp-json\/wp\/v2\/media\/14785"}],"wp:attachment":[{"href":"https:\/\/www.hydraulic-cylinders.net\/de\/wp-json\/wp\/v2\/media?parent=15960"}],"wp:term":[{"taxonomy":"product_brand","embeddable":true,"href":"https:\/\/www.hydraulic-cylinders.net\/de\/wp-json\/wp\/v2\/product_brand?post=15960"},{"taxonomy":"product_cat","embeddable":true,"href":"https:\/\/www.hydraulic-cylinders.net\/de\/wp-json\/wp\/v2\/product_cat?post=15960"},{"taxonomy":"product_tag","embeddable":true,"href":"https:\/\/www.hydraulic-cylinders.net\/de\/wp-json\/wp\/v2\/product_tag?post=15960"}],"curies":[{"name":"wp","href":"https:\/\/api.w.org\/{rel}","templated":true}]}}