{"id":15965,"date":"2025-01-19T15:13:35","date_gmt":"2025-01-19T15:13:35","guid":{"rendered":"https:\/\/www.hydraulic-cylinders.net\/product\/bucket-cylinder-for-tiangong-zg3235-9c\/"},"modified":"2025-01-19T15:13:37","modified_gmt":"2025-01-19T15:13:37","slug":"bucket-cylinder-for-tiangong-zg3235-9c","status":"publish","type":"product","link":"https:\/\/www.hydraulic-cylinders.net\/de\/produkt\/bucket-cylinder-for-tiangong-zg3235-9c\/","title":{"rendered":"Schaufelzylinder f\u00fcr Tiangong ZG3235-9C"},"content":{"rendered":"<h1>Schaufelzylinder f\u00fcr Tiangong ZG3235-9C<\/h1>\n<h2>Einf\u00fchrung<\/h2>\n<p>Der Schaufelzylinder ist ein speziell entwickelter Hydraulikzylinder, der die Bewegung der Schaufel in Baumaschinen wie Baggern, Radladern und Baggerladern steuert. Seine Hauptfunktion besteht darin, das Heben, Senken und Neigen der Schaufel zu erm\u00f6glichen und so verschiedene Materialumschlagsaufgaben zu erleichtern. Im Hydrauliksystem steuert der Schaufelzylinder die Schaufel pr\u00e4zise durch Druck\u00e4nderungen im Hydraulik\u00f6l. Dadurch k\u00f6nnen Bediener schwere Lasten effizient handhaben und sich an komplexe Arbeitsumgebungen und vielf\u00e4ltige Aufgaben anpassen.<\/p>\n<p><img decoding=\"async\" src=\"https:\/\/www.hydraulic-cylinders.net\/wp-content\/uploads\/2025\/01\/songte-company-2.webp\" alt=\"Bild des Schaufelzylinders\"><\/p>\n<h2>Merkmale<\/h2>\n<ul>\n<li>Hohe Festigkeit und Langlebigkeit: Typischerweise aus hochfestem Stahl oder Aluminium gefertigt, widerstehen sie hohem Druck und schweren Belastungen und eignen sich f\u00fcr raue Arbeitsumgebungen. Sie sind verschlei\u00df- und korrosionsbest\u00e4ndig konstruiert, um ihre Lebensdauer zu verl\u00e4ngern.<\/li>\n<li>Effizienter Hydraulikbetrieb: Nutzt den Druck des Hydraulik\u00f6ls, um sanfte Aus- und Einfahrbewegungen zu erzielen, reagiert schnell auf Steuerbefehle und bietet kraftvolle Schub- und Zugkr\u00e4fte, die f\u00fcr die Handhabung schwerer Lasten und komplexer Aufgaben geeignet sind.<\/li>\n<li>Verschiedene Typen: W\u00e4hlen Sie je nach Bedarf zwischen einfachwirkenden (Hydraulikdruck wirkt nur in eine Richtung) und doppeltwirkenden (Hydraulikdruck wirkt in beide Richtungen) Zylindern. Einige Modelle sind teleskopierbar und erm\u00f6glichen so eine gr\u00f6\u00dfere Auszugsl\u00e4nge ohne Vergr\u00f6\u00dferung der Au\u00dfenabmessungen \u2013 ideal f\u00fcr Anwendungen mit begrenztem Platzangebot.<\/li>\n<li>Perfekter Ersatz: Unser Produkt kann vorhandene Hydraulikzylinder perfekt ersetzen. <\/li>\n<\/ul>\n<p><img decoding=\"async\" src=\"https:\/\/www.hydraulic-cylinders.net\/wp-content\/uploads\/2025\/01\/songte-cylinder-head-with-all-kinds-excavator-models.webp\" alt=\"Austausch des Schaufelzylinders\"><\/p>\n<h2>Anwendungen<\/h2>\n<ul>\n<li>Baumaschinen: Sie sind in Baggern zu finden und unverzichtbar zum Graben, Laden und Bewegen von Erde oder Bauschutt. Bei Baggerladern unterst\u00fctzt der Schaufelzylinder sowohl das Graben als auch das Heben.<\/li>\n<li>Landwirtschaftliche Maschinen: Wird in Frontladern zum Schaufeln, Heben und Transportieren von Erde, Heu und anderen Materialien verwendet.<\/li>\n<li>Bagger: Der Schaufelzylinder erm\u00f6glicht Grabvorg\u00e4nge, indem er der Schaufel das Eindringen in den Boden erm\u00f6glicht.<\/li>\n<li>Radlader: In Radladern helfen sie beim effizienten Anheben und Abladen von G\u00fctern.<\/li>\n<\/ul>\n<h2>Design\u00fcberlegungen und Auswahlkriterien<\/h2>\n<ul>\n<li>Tragf\u00e4higkeit: Er\u00f6rtern Sie die F\u00e4higkeit des Schaufelzylinders, hohen Belastungen standzuhalten.<\/li>\n<li>Abdichtung: Erforschen Sie den Einsatz verschiedener Dichtungen, wie z. B. Kolbendichtungen und Pleueldichtungen, die aus langlebigen Materialien wie Polyurethan und Nitrilkautschuk hergestellt sind, um eine effektive Abdichtung zu gew\u00e4hrleisten.<\/li>\n<li>Haltbarkeit: Er\u00f6rtern Sie die Konstruktions\u00fcberlegungen zur Verbesserung der Haltbarkeit des Schaufelzylinders.<\/li>\n<li>Safety: Examine the safety measures incorporated in the bucket cylinder&#8217;s design.<\/li>\n<li>Wartung: Besprechen Sie die Wartungsanforderungen und geben Sie Tipps f\u00fcr den Schaufelzylinder.<\/li>\n<\/ul>\n<p><img decoding=\"async\" src=\"https:\/\/www.hydraulic-cylinders.net\/wp-content\/uploads\/2025\/01\/songte-oil-pipes-and-spare-parts.webp\" alt=\"Hydraulikzylinderkomponenten\"><\/p>\n<h2>Abdichtung und Schmierung<\/h2>\n<p>Der Schaufelzylinder verwendet verschiedene Dichtungselemente, wie Kolben- und Stangendichtungen, die aus verschlei\u00dffesten Materialien wie Polyurethan und Nitrilkautschuk gefertigt sind. Zylinderk\u00f6rper und Gewindeenden werden einer Feinbearbeitung unterzogen, um die Verschlei\u00dffestigkeit zu verbessern. Regelm\u00e4\u00dfige Schmierung mit geeignetem Hydraulik\u00f6l ist f\u00fcr einen reibungslosen Betrieb unerl\u00e4sslich.<\/p>\n<h2>Regelm\u00e4\u00dfige Inspektion und vorbeugende Wartung<\/h2>\n<ul>\n<li>\u00dcberpr\u00fcfen Sie regelm\u00e4\u00dfig den Zustand der Dichtungen und tauschen Sie diese gegebenenfalls aus.<\/li>\n<li>Die ordnungsgem\u00e4\u00dfe Schmierung des Schaufelzylinders beugt Verschlei\u00df vor und gew\u00e4hrleistet einen reibungslosen Betrieb.<\/li>\n<li>F\u00fchren Sie Kalibrierungspr\u00fcfungen durch, um eine optimale Leistung zu gew\u00e4hrleisten.<\/li>\n<\/ul>\n<h2>Korrekte Installationsanleitung<\/h2>\n<p>Die korrekte Montage des Schaufelzylinders ist f\u00fcr seine einwandfreie Funktion entscheidend. Es wird empfohlen, den Zylinder bei der Montage pr\u00e4zise auszurichten und geeignete Montagehalterungen zur sicheren Befestigung zu verwenden. Geben Sie eine Schritt-f\u00fcr-Schritt-Anleitung f\u00fcr Montage, Schmierung und Justierung. Geben Sie au\u00dferdem Tipps zur Verl\u00e4ngerung der Lebensdauer des Schaufelzylinders.<\/p>\n<p><img decoding=\"async\" src=\"https:\/\/www.hydraulic-cylinders.net\/wp-content\/uploads\/2025\/01\/songte-chushion-collar.webp\" alt=\"Einbau eines Schaufelzylinders\"><\/p>\n<h2>Sicherheitsaspekte und Umweltfaktoren<\/h2>\n<p>Betonen Sie die Wichtigkeit von Sicherheitsma\u00dfnahmen beim Arbeiten mit dem Schaufelzylinder und weisen Sie auf alle zu ber\u00fccksichtigenden Umweltfaktoren hin.<\/p>\n<h2>Fehlerdiagnose und h\u00e4ufige Probleme<\/h2>\n<p>Er\u00f6rtern Sie die Fehlerdiagnose f\u00fcr den Schaufelzylinder und bieten Sie L\u00f6sungen f\u00fcr h\u00e4ufige Probleme an. Schlagen Sie vorbeugende Ma\u00dfnahmen zur Minimierung potenzieller Probleme vor.<\/p>\n<p><img decoding=\"async\" src=\"https:\/\/www.hydraulic-cylinders.net\/wp-content\/uploads\/2025\/01\/songte-bushings-with-all-kinds-of-excavator-models.webp\" alt=\"Buchsen f\u00fcr Schaufelzylinder\"><\/p>\n<p>Denken Sie daran, den Artikel logisch zu strukturieren, Zwischen\u00fcberschriften f\u00fcr eine einfache Navigation zu verwenden, relevante Bilder oder Diagramme zum besseren Verst\u00e4ndnis einzuf\u00fcgen und sicherzustellen, dass der Inhalt klar, pr\u00e4gnant und f\u00fcr Leser mit unterschiedlichem technischen Wissen geeignet ist. Konzentrieren Sie sich abschlie\u00dfend auf die Vorstellung unseres Unternehmens:<\/p>\n<h2>\u00dcber unser Unternehmen<\/h2>\n<p>We are a leading manufacturer and wholesale distributor of hydraulic cylinders in the domestic and international markets. With a comprehensive range of products, we have become one of the industry&#8217;s top manufacturers and distributors. We prioritize excellence in quality and rely on industrialized production management strategies in our sophisticated manufacturing workshop. Through the utilization of technological talent, advanced manufacturing equipment, and professional testing systems, we continuously improve our manufacturing platform, refine our product quality production lines, and possess strong creative capabilities. We strive to meet diverse customer needs with high efficiency, precision, and quality.<\/p>\n<p><img decoding=\"async\" src=\"https:\/\/www.hydraulic-cylinders.net\/wp-content\/uploads\/2025\/01\/songte-company-3.webp\" alt=\"Firmenimage\"><\/p>\n<p>Erweitern Sie die Vorstellung unseres Unternehmens, indem Sie auf Professionalit\u00e4t, internationale Zertifizierungen, kundenspezifische Dienstleistungen, Produktionsanlagen und Kundendienstleistungen eingehen.<\/p>\n<p><img decoding=\"async\" src=\"https:\/\/hzpt.com\/wp-content\/uploads\/2024\/11\/songte-company-1.webp\" alt=\"Firmenimage\"><\/p>\n<p>Autor: lyl<\/p>","protected":false},"excerpt":{"rendered":"<p>Bucket Cylinder For Tiangong ZG3235-9C Introduction The bucket cylinder is a specially designed hydraulic cylinder used to control the movement of the bucket in heavy machinery such as excavators, backhoe loaders, and wheel loaders. Its main function is to enable the bucket to perform lifting, lowering, and tilting actions, making it easier to handle various [&hellip;]<\/p>","protected":false},"featured_media":14776,"comment_status":"open","ping_status":"closed","template":"","meta":{"_et_pb_use_builder":"","_et_pb_old_content":"","_et_gb_content_width":""},"product_brand":[],"product_cat":[1494],"product_tag":[1495,1496],"class_list":{"0":"post-15965","1":"product","2":"type-product","3":"status-publish","4":"has-post-thumbnail","6":"product_cat-bucket-cylinders","7":"product_tag-bucket-cylinders","8":"product_tag-hydraulic-cylinders","10":"first","11":"instock","12":"shipping-taxable","13":"product-type-simple"},"amp_enabled":true,"_links":{"self":[{"href":"https:\/\/www.hydraulic-cylinders.net\/de\/wp-json\/wp\/v2\/product\/15965","targetHints":{"allow":["GET"]}}],"collection":[{"href":"https:\/\/www.hydraulic-cylinders.net\/de\/wp-json\/wp\/v2\/product"}],"about":[{"href":"https:\/\/www.hydraulic-cylinders.net\/de\/wp-json\/wp\/v2\/types\/product"}],"replies":[{"embeddable":true,"href":"https:\/\/www.hydraulic-cylinders.net\/de\/wp-json\/wp\/v2\/comments?post=15965"}],"wp:featuredmedia":[{"embeddable":true,"href":"https:\/\/www.hydraulic-cylinders.net\/de\/wp-json\/wp\/v2\/media\/14776"}],"wp:attachment":[{"href":"https:\/\/www.hydraulic-cylinders.net\/de\/wp-json\/wp\/v2\/media?parent=15965"}],"wp:term":[{"taxonomy":"product_brand","embeddable":true,"href":"https:\/\/www.hydraulic-cylinders.net\/de\/wp-json\/wp\/v2\/product_brand?post=15965"},{"taxonomy":"product_cat","embeddable":true,"href":"https:\/\/www.hydraulic-cylinders.net\/de\/wp-json\/wp\/v2\/product_cat?post=15965"},{"taxonomy":"product_tag","embeddable":true,"href":"https:\/\/www.hydraulic-cylinders.net\/de\/wp-json\/wp\/v2\/product_tag?post=15965"}],"curies":[{"name":"wp","href":"https:\/\/api.w.org\/{rel}","templated":true}]}}