{"id":15995,"date":"2025-01-19T15:16:04","date_gmt":"2025-01-19T15:16:04","guid":{"rendered":"https:\/\/www.hydraulic-cylinders.net\/product\/bucket-cylinder-for-yigong-cy8150\/"},"modified":"2025-01-19T15:16:06","modified_gmt":"2025-01-19T15:16:06","slug":"bucket-cylinder-for-yigong-cy8150","status":"publish","type":"product","link":"https:\/\/www.hydraulic-cylinders.net\/de\/produkt\/bucket-cylinder-for-yigong-cy8150\/","title":{"rendered":"Eimerzylinder f\u00fcr Yigong CY8150"},"content":{"rendered":"<h1>Eimerzylinder f\u00fcr Yigong CY8150<\/h1>\n<h2>Einf\u00fchrung<\/h2>\n<p>Der Schaufelzylinder ist ein speziell entwickelter Hydraulikzylinder, der haupts\u00e4chlich zur Steuerung der Schaufelbewegung in Baumaschinen wie Baggern, Baggerladern und Radladern eingesetzt wird. Seine Hauptfunktion besteht darin, das Heben, Senken und Neigen der Schaufel zu erm\u00f6glichen und so verschiedene Materialumschlagsaufgaben zu erleichtern. Im Hydrauliksystem gew\u00e4hrleistet der Schaufelzylinder durch die Anpassung des Hydraulik\u00f6ldrucks eine pr\u00e4zise Steuerung der Schaufel. Dies erlaubt dem Bediener, schwere Lasten effizient zu handhaben und sich an komplexe Arbeitsumgebungen und vielf\u00e4ltige Aufgaben anzupassen.<\/p>\n<p><img decoding=\"async\" src=\"https:\/\/www.hydraulic-cylinders.net\/wp-content\/uploads\/2025\/01\/songte-company-2.webp\"\/><\/p>\n<h2>Merkmale<\/h2>\n<ul>\n<li>Hohe Festigkeit und Langlebigkeit: Typischerweise aus hochfestem Stahl oder Aluminium gefertigt, halten sie hohem Druck und schweren Belastungen stand, sind f\u00fcr raue Arbeitsumgebungen geeignet und wurden mit Blick auf Verschlei\u00df- und Korrosionsbest\u00e4ndigkeit entwickelt, was die Lebensdauer verl\u00e4ngert.<\/li>\n<li>Effizienter Hydraulikbetrieb: Durch den Einsatz von Hydraulik\u00f6ldruck werden sanfte Ausfahr- und Einfahrbewegungen erreicht. Das System reagiert schnell auf Steuerbefehle und bietet starke Schub- und Zugkr\u00e4fte, die f\u00fcr die Handhabung schwerer Lasten und komplexer Arbeitsaufgaben geeignet sind.<\/li>\n<li>Je nach Bedarf k\u00f6nnen verschiedene Zylindertypen ausgew\u00e4hlt werden: einfachwirkende (hydraulisch nur in eine Richtung wirkende) oder doppeltwirkende (hydraulisch in beide Richtungen wirkende) Zylinder. Einige Modelle sind teleskopierbar und erm\u00f6glichen so eine gr\u00f6\u00dfere Ausladung ohne Vergr\u00f6\u00dferung der Au\u00dfenabmessungen \u2013 ideal f\u00fcr Anwendungen mit begrenztem Platzangebot.<\/li>\n<li>Einfach herzustellen: Unser Unternehmen kann dieses Produkt perfekt herstellen und diese Hydraulikzylinder ersetzen.<\/li>\n<\/ul>\n<p><img decoding=\"async\" src=\"https:\/\/www.hydraulic-cylinders.net\/wp-content\/uploads\/2025\/01\/songte-cylinder-head-with-all-kinds-excavator-models.webp\"\/><\/p>\n<h2>Anwendungen<\/h2>\n<p>Der Schaufelzylinder findet in verschiedenen Ger\u00e4ten breite Anwendung, darunter:<\/p>\n<ul>\n<li>Baumaschinen: Bei Baggern sind sie unverzichtbar zum Graben, Laden und Bewegen von Erde oder Bauschutt. Bei Baggerladern unterst\u00fctzen die Schaufelzylinder sowohl das Graben als auch das Heben. <\/li>\n<li>Landwirtschaftliche Maschinen: Werden in Frontladern zum Schaufeln, Anheben und Transportieren von Erde, Heu und anderen Materialien eingesetzt. <\/li>\n<li>Bagger: Die Schaufelzylinder erm\u00f6glichen das Graben, indem sie das Eindringen der Schaufel in den Boden erlauben.<\/li>\n<li>Frontlader: Bei Frontladern helfen sie beim effektiven Anheben und Kippen von Ladung.<\/li>\n<\/ul>\n<p>Jede dieser Anwendungen kann von der Verwendung von Schaufelzylindern stark profitieren, da diese eine effiziente und pr\u00e4zise Steuerung schwerer Lasten erm\u00f6glichen.<\/p>\n<h2>Design- und Auswahlkriterien<\/h2>\n<p>Bei der Konstruktion von Schaufelzylindern werden verschiedene Faktoren ber\u00fccksichtigt, darunter:<\/p>\n<ul>\n<li>Tragf\u00e4higkeit: Der Zylinder muss in der Lage sein, das Gewicht der Last zu tragen, die er tragen wird.<\/li>\n<li>Abdichtung: Verschiedene Dichtungen verhindern \u00d6laustritt und gew\u00e4hrleisten einen reibungslosen und effizienten Betrieb des Zylinders.<\/li>\n<li>Langlebigkeit: Der Zylinder muss rauen Betriebsbedingungen standhalten und eine lange Lebensdauer aufweisen.<\/li>\n<li>Safety: the cylinder&#8217;s design must ensure safe operation and minimize the risk of accidents.<\/li>\n<li>Maintenance: the cylinder&#8217;s design should allow for easy and quick maintenance and repair.<\/li>\n<\/ul>\n<p>Die Auswahl der Materialien und Komponenten muss diesen Standards ebenfalls entsprechen, und regelm\u00e4\u00dfige Wartung und Inspektion sind notwendig, um eine optimale Leistung zu gew\u00e4hrleisten und die Lebensdauer zu verl\u00e4ngern.<\/p>\n<p><img decoding=\"async\" src=\"https:\/\/www.hydraulic-cylinders.net\/wp-content\/uploads\/2025\/01\/songte-oil-pipes-and-spare-parts.webp\"\/><\/p>\n<h2>Abdichtung und Schmierung<\/h2>\n<p>Verschiedene Dichtungselemente, wie Kolben- und Pleueldichtungen, verhindern \u00d6laustritt und gew\u00e4hrleisten einen reibungslosen Betrieb. Diese Dichtungen bestehen aus verschlei\u00dffesten Materialien wie Polyurethan und Nitrilkautschuk. Zylinderk\u00f6rper und Gewindeendfl\u00e4che sind pr\u00e4zise bearbeitet, um die Verschlei\u00dffestigkeit zu verbessern. Regelm\u00e4\u00dfiges Nachf\u00fcllen von geeignetem Hydraulik\u00f6l ist f\u00fcr die Schmierung erforderlich.<\/p>\n<h2>Wartung und Reparatur<\/h2>\n<p>Regelm\u00e4\u00dfige Wartung und Inspektion sind notwendig, um optimale Leistung zu gew\u00e4hrleisten und die Lebensdauer zu verl\u00e4ngern. Zu den \u00fcblichen Wartungsarbeiten geh\u00f6ren:<\/p>\n<ul>\n<li>Regelm\u00e4\u00dfige Inspektion<\/li>\n<li>Angemessene Schmierung<\/li>\n<li>Dichtungswechsel<\/li>\n<li>Kalibrierungspr\u00fcfung<\/li>\n<\/ul>\n<p>Eine fachgerechte Installation ist wichtig, um den korrekten und sicheren Betrieb des Zylinders zu gew\u00e4hrleisten. W\u00e4hrend der Installation sollten Hinweise zur korrekten Ausrichtung gegeben werden, und geeignete Montagehalterungen k\u00f6nnen zur Befestigung des Zylinders verwendet werden. Empfohlene Inspektions-, Reparatur- und Austauschverfahren werden bereitgestellt, und \u00dcberholungsdienste sind verf\u00fcgbar, um die Lebensdauer zu verl\u00e4ngern.<\/p>\n<p><img decoding=\"async\" src=\"https:\/\/www.hydraulic-cylinders.net\/wp-content\/uploads\/2025\/01\/songte-chushion-collar.webp\"\/><\/p>\n<h2>Sicherheitsaspekte und Umweltfaktoren<\/h2>\n<p>Bei der Verwendung von Hubzylindern sind Sicherheitsma\u00dfnahmen unerl\u00e4sslich, um das Unfallrisiko zu minimieren. Sachgem\u00e4\u00dfe Verwendung und Wartung k\u00f6nnen zudem die Umweltbelastung reduzieren und die Effizienz steigern.<\/p>\n<h2>Fehlerbehebung und h\u00e4ufige Probleme<\/h2>\n<p>H\u00e4ufige Probleme beim Einsatz von Hubzylindern sind \u00d6lleckagen, defekte Dichtungen und Funktionsst\u00f6rungen. Tipps und L\u00f6sungen zur Fehlerbehebung helfen bei der Diagnose und Behebung dieser Probleme, w\u00e4hrend vorbeugende Ma\u00dfnahmen das Auftreten von Problemen verringern k\u00f6nnen.<\/p>\n<p><img decoding=\"async\" src=\"https:\/\/www.hydraulic-cylinders.net\/wp-content\/uploads\/2025\/01\/songte-bushings-with-all-kinds-of-excavator-models.webp\"\/><\/p>\n<h2>\u00dcber unser Unternehmen<\/h2>\n<p>Unser Unternehmen ist Hersteller von Hydraulikzylindern, die herk\u00f6mmliche Hydraulikzylinder ersetzen k\u00f6nnen. Wir bieten ein umfassendes Produktsortiment und z\u00e4hlen zu den f\u00fchrenden Herstellern und Gro\u00dfh\u00e4ndlern von Hydraulikzylindern auf dem nationalen und internationalen Markt. Wir setzen auf h\u00f6chste Qualit\u00e4t, industrialisierte Produktionsmanagementstrategien in modernsten Werkst\u00e4tten und optimieren kontinuierlich unsere Fertigungsplattform. So perfektionieren wir unsere Produktionslinie und gew\u00e4hrleisten h\u00f6chste Produktqualit\u00e4t. Dadurch sind wir in der Lage, hocheffiziente, pr\u00e4zise und qualitativ hochwertige Produkte herzustellen, die den vielf\u00e4ltigen Bed\u00fcrfnissen unserer Kunden gerecht werden.<\/p>\n<p>Wir bieten professionelle, international zertifizierte und ma\u00dfgeschneiderte Dienstleistungen, setzen modernste Produktionsanlagen ein und bieten einen exzellenten Kundendienst. Wir verpflichten uns, unseren Kunden qualitativ hochwertige Produkte und Dienstleistungen zu liefern.<\/p>\n<p><img decoding=\"async\" src=\"https:\/\/www.hydraulic-cylinders.net\/wp-content\/uploads\/2025\/01\/songte-company-3.webp\"\/><\/p>\n<p>Autor: lyl<\/p>","protected":false},"excerpt":{"rendered":"<p>Bucket Cylinder For Yigong CY8150 Introduction The bucket cylinder is a specially designed hydraulic cylinder that is mainly used to control the movement of buckets in heavy machinery, such as excavators, backhoe loaders, and front-end loaders. Its main function is to enable the bucket to lift, lower, and tilt, making it easier to handle various [&hellip;]<\/p>","protected":false},"featured_media":14776,"comment_status":"open","ping_status":"closed","template":"","meta":{"_et_pb_use_builder":"","_et_pb_old_content":"","_et_gb_content_width":""},"product_brand":[],"product_cat":[1494],"product_tag":[1495,1496],"class_list":{"0":"post-15995","1":"product","2":"type-product","3":"status-publish","4":"has-post-thumbnail","6":"product_cat-bucket-cylinders","7":"product_tag-bucket-cylinders","8":"product_tag-hydraulic-cylinders","10":"first","11":"instock","12":"shipping-taxable","13":"product-type-simple"},"amp_enabled":true,"_links":{"self":[{"href":"https:\/\/www.hydraulic-cylinders.net\/de\/wp-json\/wp\/v2\/product\/15995","targetHints":{"allow":["GET"]}}],"collection":[{"href":"https:\/\/www.hydraulic-cylinders.net\/de\/wp-json\/wp\/v2\/product"}],"about":[{"href":"https:\/\/www.hydraulic-cylinders.net\/de\/wp-json\/wp\/v2\/types\/product"}],"replies":[{"embeddable":true,"href":"https:\/\/www.hydraulic-cylinders.net\/de\/wp-json\/wp\/v2\/comments?post=15995"}],"wp:featuredmedia":[{"embeddable":true,"href":"https:\/\/www.hydraulic-cylinders.net\/de\/wp-json\/wp\/v2\/media\/14776"}],"wp:attachment":[{"href":"https:\/\/www.hydraulic-cylinders.net\/de\/wp-json\/wp\/v2\/media?parent=15995"}],"wp:term":[{"taxonomy":"product_brand","embeddable":true,"href":"https:\/\/www.hydraulic-cylinders.net\/de\/wp-json\/wp\/v2\/product_brand?post=15995"},{"taxonomy":"product_cat","embeddable":true,"href":"https:\/\/www.hydraulic-cylinders.net\/de\/wp-json\/wp\/v2\/product_cat?post=15995"},{"taxonomy":"product_tag","embeddable":true,"href":"https:\/\/www.hydraulic-cylinders.net\/de\/wp-json\/wp\/v2\/product_tag?post=15995"}],"curies":[{"name":"wp","href":"https:\/\/api.w.org\/{rel}","templated":true}]}}