{"id":16097,"date":"2025-01-20T08:28:31","date_gmt":"2025-01-20T08:28:31","guid":{"rendered":"https:\/\/www.hydraulic-cylinders.net\/product\/arm-cylinderfor-sumitomo-small-excavator-sh80-6\/"},"modified":"2025-01-20T08:28:33","modified_gmt":"2025-01-20T08:28:33","slug":"arm-cylinderfor-sumitomo-small-excavator-sh80-6","status":"publish","type":"product","link":"https:\/\/www.hydraulic-cylinders.net\/de\/produkt\/arm-cylinderfor-sumitomo-small-excavator-sh80-6\/","title":{"rendered":"Armzylinder f\u00fcr Sumitomo Kleinbagger SH80-6"},"content":{"rendered":"<h1>Armzylinder f\u00fcr Sumitomo Kleinbagger SH80-6<\/h1>\n<h2>Einf\u00fchrung<\/h2>\n<h3>Definierender Armzylinder<\/h3>\n<p>Ein Armzylinder ist ein Hydraulikzylinder, der speziell f\u00fcr die lineare Bewegung und Kraft\u00fcbertragung an verschiedenen Maschinenarmen wie Baggern, Kr\u00e4nen und Roboterarmen entwickelt wurde. Armzylinder spielen eine entscheidende Rolle in Hydrauliksystemen und erm\u00f6glichen die effektive Bewegung und Steuerung von Anbauger\u00e4ten oder Werkzeugen. Diese Zylinder gew\u00e4hrleisten nicht nur eine gleichm\u00e4\u00dfige Bewegung, sondern halten auch hohen Belastungen stand und sichern so den effizienten Betrieb und die Zuverl\u00e4ssigkeit der Maschinen unter verschiedenen Einsatzbedingungen.<\/p>\n<p><img decoding=\"async\" src=\"https:\/\/www.hydraulic-cylinders.net\/wp-content\/uploads\/2025\/01\/songte-company-2.webp\" alt=\"Armzylinder\" \/><\/p>\n<h2>Merkmale<\/h2>\n<h3>Effiziente Energie\u00fcbertragung<\/h3>\n<p>Die Armzylinder sorgen f\u00fcr eine kraftvolle lineare Bewegung und Kraft und gew\u00e4hrleisten so einen hocheffizienten Betrieb des Maschinenarms bei verschiedenen Arbeitsg\u00e4ngen.<\/p>\n<h3>Pr\u00e4zise Steuerung<\/h3>\n<p>Durch das Hydrauliksystem k\u00f6nnen die Armzylinder eine pr\u00e4zise Bewegungssteuerung erreichen, wodurch der Betrieb der Anbauger\u00e4te flexibler und genauer wird.<\/p>\n<h3>Haltbarkeit<\/h3>\n<p>Armzylinder werden typischerweise aus hochfesten Werkstoffen mit guter Verschlei\u00df- und Korrosionsbest\u00e4ndigkeit hergestellt und eignen sich f\u00fcr den Langzeiteinsatz unter rauen Bedingungen.<\/p>\n<h3>Multifunktionale Anpassungsf\u00e4higkeit<\/h3>\n<p>Diese Zylinder sind vielseitig einsetzbar und eignen sich f\u00fcr verschiedene Maschinentypen wie Bagger, Kr\u00e4ne und Roboterarme, um unterschiedlichen Arbeitsanforderungen gerecht zu werden.<\/p>\n<h3>Einfache Wartung<\/h3>\n<p>Die Konstruktion gew\u00e4hrleistet eine einfache Wartung und einen unkomplizierten Austausch, wodurch regelm\u00e4\u00dfige Kontrollen und Wartungsarbeiten bequemer werden und Ger\u00e4teausfallzeiten reduziert werden.<\/p>\n<p><img decoding=\"async\" src=\"https:\/\/www.hydraulic-cylinders.net\/wp-content\/uploads\/2025\/01\/songte-oil-pipes-and-spare-parts.webp\" alt=\"Ersatzteile f\u00fcr Armzylinder\" \/><\/p>\n<h2>Anwendungen<\/h2>\n<p>Der Armzylinder findet in verschiedenen Bereichen Anwendung, unter anderem:<\/p>\n<h3>Konstruktion<\/h3>\n<ul>\n<li>Steuert die Bewegung des L\u00f6ffels oder Auslegers von Baggern oder Kr\u00e4nen, die f\u00fcr Erdarbeiten, Materialtransport und die Montage von Bauwerken eingesetzt werden.<\/li>\n<\/ul>\n<h3>Herstellung<\/h3>\n<ul>\n<li>Steuert die Bewegung von Roboterarmen in Montage-, Schwei\u00df- und Materialhandhabungsprozessen, um die Produktionseffizienz und -genauigkeit zu verbessern.<\/li>\n<\/ul>\n<h3>Landmaschinen<\/h3>\n<ul>\n<li>Steuert die Bewegung der Bedienarme von landwirtschaftlichen Ger\u00e4ten wie M\u00e4hdreschern und S\u00e4maschinen, um Aufgaben wie Pflanzen, D\u00fcngen und Ernten durchzuf\u00fchren.<\/li>\n<\/ul>\n<h3>Bergbau<\/h3>\n<ul>\n<li>Steuert die Armbewegung von Bergbauger\u00e4ten, die zur Erzgewinnung und zum Erztransport eingesetzt werden.<\/li>\n<\/ul>\n<h3>Logistik und Transport<\/h3>\n<ul>\n<li>Steuert die Bewegung von Gabelstaplern und Handhabungsrobotern, die f\u00fcr den Materialtransport und die Stapelung eingesetzt werden.<\/li>\n<\/ul>\n<h2>Design\u00fcberlegungen und Auswahlkriterien<\/h2>\n<h3>Belastbarkeit<\/h3>\n<p>Der Armzylinder muss \u00fcber eine ausreichende Tragf\u00e4higkeit verf\u00fcgen, um das Gewicht der Anbauteile oder Werkzeuge, die er bet\u00e4tigt, zu tragen. Die Tragf\u00e4higkeit sollte bei der Auswahl eines Zylinders f\u00fcr eine bestimmte Anwendung sorgf\u00e4ltig ber\u00fccksichtigt werden.<\/p>\n<h3>Dichtungsleistung<\/h3>\n<p>Der Armzylinder muss \u00fcber eine ausgezeichnete Dichtleistung verf\u00fcgen, um das Austreten von Hydraulik\u00f6l zu verhindern und den Wartungsaufwand zu reduzieren. Verschiedene Dichtungskomponenten, wie Kolben- und Stangendichtungen, werden eingesetzt, um eine effektive Dichtwirkung zu gew\u00e4hrleisten.<\/p>\n<h3>Haltbarkeit<\/h3>\n<p>Der Armzylinder muss \u00e4u\u00dferst robust sein, um rauen Umgebungsbedingungen und hohen Belastungen standzuhalten. Er sollte aus hochfesten Materialien gefertigt und einer geeigneten Oberfl\u00e4chenbehandlung unterzogen werden, um die Verschlei\u00dffestigkeit zu verbessern.<\/p>\n<h3>Sicherheit<\/h3>\n<p>Der Armzylinder muss so konstruiert sein, dass Sicherheitsrisiken im Betrieb, wie beispielsweise die Gefahr eines pl\u00f6tzlichen Bruchs oder Versagens, minimiert werden. Die Sicherheit des Zylinders kann durch die Auswahl hochwertiger Materialien, eine geeignete Konstruktion und Tests gew\u00e4hrleistet werden.<\/p>\n<h3>Wartung<\/h3>\n<p>Der Armzylinder muss wartungs- und reparaturfreundlich sein, um Ausfallzeiten und Wartungskosten zu minimieren. Die Konstruktion sollte eine einfache Demontage, den Austausch von Komponenten und die erforderlichen Schmierstoffe ber\u00fccksichtigen.<\/p>\n<p><img decoding=\"async\" src=\"https:\/\/www.hydraulic-cylinders.net\/wp-content\/uploads\/2025\/01\/songte-cylinder-head-with-all-kinds-excavator-models.webp\" alt=\"Zylinderkopf\" \/><\/p>\n<h2>Abdichtung und Schmierung<\/h2>\n<p>Der Armzylinder verwendet verschiedene Dichtungselemente wie Kolben- und Stangendichtungen, um eine effektive Abdichtung zu gew\u00e4hrleisten. Diese Dichtungselemente bestehen aus langlebigen Materialien wie Polyurethan und Nitrilkautschuk. Zylinderkopf und Gewindeendfl\u00e4che werden pr\u00e4zise bearbeitet, um die Verschlei\u00dffestigkeit zu verbessern. Der Armzylinder muss regelm\u00e4\u00dfig mit geeignetem Hydraulik\u00f6l geschmiert werden, um einen reibungslosen Betrieb zu gew\u00e4hrleisten und Verschlei\u00df zu minimieren.<\/p>\n<h2>Wartung und Fehlerbehebung<\/h2>\n<p>Der Armzylinder erfordert regelm\u00e4\u00dfige Inspektion und vorbeugende Wartung, um einen sicheren und effizienten Betrieb zu gew\u00e4hrleisten. H\u00e4ufige Probleme sind Leckagen, ungew\u00f6hnliche Ger\u00e4usche und Zylinderdrift. Zur Fehlerbehebung befolgen Sie die Anweisungen des Herstellers. Diese k\u00f6nnen die \u00dcberpr\u00fcfung des Hydrauliksystems, den Austausch besch\u00e4digter Dichtungen oder die Reparatur des Zylinders umfassen. Um potenziellen Problemen vorzubeugen, sollten regelm\u00e4\u00dfige Wartungsarbeiten und Inspektionen durchgef\u00fchrt werden.<\/p>\n<p><img decoding=\"async\" src=\"https:\/\/www.hydraulic-cylinders.net\/wp-content\/uploads\/2025\/01\/songte-chushion-collar.webp\" alt=\"Kissenkragen\" \/><\/p>\n<h2>Installationshinweise<\/h2>\n<p>Der Armzylinder muss von einem qualifizierten Techniker gem\u00e4\u00df den Herstellerrichtlinien eingebaut werden. Achten Sie beim Einbau auf die korrekte Ausrichtung, Abdichtung und Schmierung des Zylinders. Sp\u00fclen Sie das Hydrauliksystem vor dem Einbau, um Ablagerungen und Verunreinigungen zu entfernen. F\u00fchren Sie nach dem Einbau eine Sicht- und Funktionspr\u00fcfung des Zylinders durch, um dessen einwandfreie Funktion sicherzustellen.<\/p>\n<h2>\u00dcber uns<\/h2>\n<p>Wir sind ein professioneller Hersteller von Hydraulikzylindern mit einem breiten Produktsortiment und z\u00e4hlen zu den f\u00fchrenden Herstellern und Gro\u00dfh\u00e4ndlern von Hydraulikzylindern auf dem nationalen und internationalen Markt. Wir halten stets am Prinzip h\u00f6chster Qualit\u00e4t fest und setzen auf eine effiziente industrielle Produktionsplanung in unseren modernen Fertigungsst\u00e4tten, um unsere Technologie und Produktionseffizienz kontinuierlich zu verbessern.<\/p>\n<p>Durch die Einf\u00fchrung modernster digitaler Fertigungsanlagen und professioneller Testsysteme optimieren wir kontinuierlich unsere Fertigungsplattform, verbessern unsere Produktqualit\u00e4tskontrolle und verf\u00fcgen \u00fcber ausgepr\u00e4gte Innovationskraft. Unser Ziel ist es, die vielf\u00e4ltigen Bed\u00fcrfnisse unserer Kunden durch hocheffiziente, pr\u00e4zise und qualitativ hochwertige Produkte zu erf\u00fcllen.<\/p>\n<p>Wir bieten unseren Kunden professionelle Dienstleistungen, internationale Zertifizierungen, kundenspezifische L\u00f6sungen, Produktionsanlagen und Kundendienstleistungen.<\/p>\n<p><img decoding=\"async\" src=\"https:\/\/www.hydraulic-cylinders.net\/wp-content\/uploads\/2025\/01\/songte-company-4.webp\" alt=\"Firmenbild 1\" \/><\/p>\n<p><img decoding=\"async\" src=\"https:\/\/www.hydraulic-cylinders.net\/wp-content\/uploads\/2025\/01\/songte-company-3.webp\" alt=\"Firmenbild 2\" \/><\/p>\n<p>Autor: lyl.<\/p>","protected":false},"excerpt":{"rendered":"<p>Arm Cylinder For Sumitomo Small Excavator SH80-6 Introduction Defining Arm Cylinder An arm cylinder is a hydraulic cylinder specially designed to provide linear motion and power to various types of machinery arms such as excavators, cranes, and robotic arms. Arm cylinders play a crucial role in hydraulic systems, enabling effective movement and control of attachments [&hellip;]<\/p>","protected":false},"featured_media":14774,"comment_status":"open","ping_status":"closed","template":"","meta":{"_et_pb_use_builder":"","_et_pb_old_content":"","_et_gb_content_width":""},"product_brand":[],"product_cat":[1497],"product_tag":[1498,1496],"class_list":{"0":"post-16097","1":"product","2":"type-product","3":"status-publish","4":"has-post-thumbnail","6":"product_cat-arm-cylinders","7":"product_tag-arm-cylinders","8":"product_tag-hydraulic-cylinders","10":"first","11":"instock","12":"shipping-taxable","13":"product-type-simple"},"amp_enabled":true,"_links":{"self":[{"href":"https:\/\/www.hydraulic-cylinders.net\/de\/wp-json\/wp\/v2\/product\/16097","targetHints":{"allow":["GET"]}}],"collection":[{"href":"https:\/\/www.hydraulic-cylinders.net\/de\/wp-json\/wp\/v2\/product"}],"about":[{"href":"https:\/\/www.hydraulic-cylinders.net\/de\/wp-json\/wp\/v2\/types\/product"}],"replies":[{"embeddable":true,"href":"https:\/\/www.hydraulic-cylinders.net\/de\/wp-json\/wp\/v2\/comments?post=16097"}],"wp:featuredmedia":[{"embeddable":true,"href":"https:\/\/www.hydraulic-cylinders.net\/de\/wp-json\/wp\/v2\/media\/14774"}],"wp:attachment":[{"href":"https:\/\/www.hydraulic-cylinders.net\/de\/wp-json\/wp\/v2\/media?parent=16097"}],"wp:term":[{"taxonomy":"product_brand","embeddable":true,"href":"https:\/\/www.hydraulic-cylinders.net\/de\/wp-json\/wp\/v2\/product_brand?post=16097"},{"taxonomy":"product_cat","embeddable":true,"href":"https:\/\/www.hydraulic-cylinders.net\/de\/wp-json\/wp\/v2\/product_cat?post=16097"},{"taxonomy":"product_tag","embeddable":true,"href":"https:\/\/www.hydraulic-cylinders.net\/de\/wp-json\/wp\/v2\/product_tag?post=16097"}],"curies":[{"name":"wp","href":"https:\/\/api.w.org\/{rel}","templated":true}]}}