{"id":1623,"date":"2023-10-08T08:41:38","date_gmt":"2023-10-08T08:41:38","guid":{"rendered":"https:\/\/hydraulic-cylinders.net\/?post_type=product&#038;p=1623"},"modified":"2025-04-11T02:55:33","modified_gmt":"2025-04-11T02:55:33","slug":"press-return-cylinder","status":"publish","type":"product","link":"https:\/\/www.hydraulic-cylinders.net\/de\/produkt\/press-return-cylinder\/","title":{"rendered":"R\u00fccklaufzylinder"},"content":{"rendered":"<h1 style=\"text-align: center;\"><strong>R\u00fccklaufzylinder<\/strong><\/h1>\n<p><img loading=\"lazy\" decoding=\"async\" class=\"aligncenter wp-image-1624\" src=\"https:\/\/hydraulic-cylinders.net\/wp-content\/uploads\/2023\/10\/return-cylinder-1-300x300.webp\" alt=\"\" width=\"400\" height=\"400\" \/><\/p>\n<p>Der R\u00fccklaufzylinder der Presse ist eine entscheidende Komponente zur Optimierung von Pressvorg\u00e4ngen in verschiedenen Branchen. Dank seiner fortschrittlichen Eigenschaften und zuverl\u00e4ssigen Leistung bietet dieser Zylinder h\u00f6here Effizienz, Genauigkeit und Sicherheit.<\/p>\n<p>Der R\u00fccklaufzylinder der Presse tr\u00e4gt wesentlich zur Steigerung von Effizienz, Genauigkeit und Sicherheit beim Pressen bei. Dank seiner robusten Konstruktion, pr\u00e4zisen Positionierung, effizienten R\u00fcckf\u00fchrung und integrierten Sicherheitsfunktionen erm\u00f6glicht Ihnen dieser Zylinder optimale Ergebnisse. Durch die Einhaltung der empfohlenen Anwendungs- und Wartungsmethoden maximieren Sie die Leistung, Produktivit\u00e4t und Lebensdauer Ihrer Pressprozesse. Entscheiden Sie sich f\u00fcr den R\u00fccklaufzylinder, um kritische Abl\u00e4ufe zu optimieren und h\u00f6chste Betriebsqualit\u00e4t zu erreichen.<\/p>\n<p>Merkmale des R\u00fcckstellzylinders:<\/p>\n<ol>\n<li>Robuste Konstruktion:<\/li>\n<\/ol>\n<ul>\n<li>Der R\u00fccklaufzylinder der Presse ist aus hochwertigen Materialien gefertigt, was Langlebigkeit und Robustheit gew\u00e4hrleistet.<\/li>\n<li>Seine robuste Konstruktion h\u00e4lt hohen Belastungen und rauen Betriebsbedingungen stand und bietet zuverl\u00e4ssige Leistung in anspruchsvollen Industrieumgebungen.<\/li>\n<\/ul>\n<ol start=\"2\">\n<li>Pr\u00e4zise Positionierung:<\/li>\n<\/ol>\n<ul>\n<li>Dieser Zylinder erm\u00f6glicht eine pr\u00e4zise Positionssteuerung und damit eine genaue Ausrichtung des R\u00fcckstellmechanismus der Presse.<\/li>\n<li>Durch seine au\u00dfergew\u00f6hnliche Genauigkeit wird eine gleichbleibende und zuverl\u00e4ssige Positionierung gew\u00e4hrleistet, wodurch das Risiko von Fehlern oder Fehlausrichtungen minimiert wird.<\/li>\n<\/ul>\n<ol start=\"3\">\n<li>Effiziente Rendite:<\/li>\n<\/ol>\n<ul>\n<li>Der R\u00fccklaufzylinder der Presse erm\u00f6glicht die schnelle und effiziente R\u00fcckkehr des Pressmechanismus in seine Ausgangsposition.<\/li>\n<li>Das leistungsstarke Hydrauliksystem erm\u00f6glicht schnelle Bewegungen, reduziert Leerlaufzeiten und erh\u00f6ht die Gesamtproduktivit\u00e4t.<\/li>\n<\/ul>\n<ol start=\"4\">\n<li>Sicherheitsfunktionen:<\/li>\n<\/ol>\n<ul>\n<li>Dieser Zylinder verf\u00fcgt \u00fcber Sicherheitsmerkmale wie Druckentlastungsventile und Not-Aus-Mechanismen.<\/li>\n<li>Diese Sicherheitsmerkmale tragen zum Schutz der Presse und des Bedieners bei, verhindern Unf\u00e4lle und minimieren das Schadensrisiko.<\/li>\n<\/ul>\n<h2><strong>Parameter des R\u00fccklaufzylinders:<\/strong><\/h2>\n<table border=\"1\" cellspacing=\"0\" cellpadding=\"0\">\n<tbody>\n<tr>\n<td>Produktname<\/td>\n<td>R\u00fccklaufzylinder der Hydraulikpresse<\/td>\n<\/tr>\n<tr>\n<td>Merkmale:<\/td>\n<td>Bereitstellung der R\u00fcckstellkraft f\u00fcr Hauptzylinder und Seitenzylinder, unterteilt in Kolben-\/Plungertyp.<\/td>\n<\/tr>\n<tr>\n<td>Bohrungsdurchmesser:<\/td>\n<td>180 mm bis 410 mm<\/td>\n<\/tr>\n<tr>\n<td>Stangendurchmesser:<\/td>\n<td>\u00a0120 mm bis 360 mm<br \/>\nHub \u2264 4500 mm<\/td>\n<\/tr>\n<tr>\n<td>Schubkraft:<\/td>\n<td>Maximal 2612 kN<br \/>\n(Bohrungsdurchmesser: 410 mm \/ Druck: 31,5 MPa)<\/td>\n<\/tr>\n<tr>\n<td>P\u00fcmpel:<\/td>\n<td>\u00a0140 mm bis 360 mm<br \/>\nHub \u2264 3000 mm<\/td>\n<\/tr>\n<tr>\n<td>Kolbenschubkraft:<\/td>\n<td>Maximal 3206 kN<br \/>\n(Kolben 360 mm\/Druck 31,5 MPa)<\/td>\n<\/tr>\n<tr>\n<td>Anwendungen f\u00fcr R\u00fcckholzylinder in Hydraulikpressen:<\/td>\n<td>Hydraulische Presse<\/td>\n<\/tr>\n<\/tbody>\n<\/table>\n<div class=\"txtboxL\">\n<div><\/div>\n<div class=\"txtboxL\">Merkmale:<\/div>\n<div class=\"txtboxR\">Bereitstellung der R\u00fcckstellkraft f\u00fcr Hauptzylinder und Seitenzylinder, unterteilt in Kolben-\/Plungertyp.<\/div>\n<div class=\"txtboxL\">Spezifikation:<br \/>\nKolben<\/div>\n<div class=\"txtboxR\">Bohrungsdurchmesser: 180 mm bis 410 mm<br \/>\nStangendurchmesser: 120 mm bis 360 mm<br \/>\nHub \u2264 4500 mm<\/div>\n<div class=\"txtboxL\">Schubkraft:<\/div>\n<div class=\"txtboxR\">Maximal 2612 kN<br \/>\n(Bohrungsdurchmesser: 410 mm \/ Druck: 31,5 MPa)<\/div>\n<div class=\"txtboxL\">Spezifikation:<br \/>\nP\u00fcmpel<\/div>\n<div class=\"txtboxR\">Kolben: 140 mm bis 360 mm<br \/>\nHub \u2264 3000 mm<\/div>\n<div class=\"txtboxL\">Schubkraft:<\/div>\n<div class=\"txtboxR\">Maximal 3206 kN<br \/>\n(Kolben 360 mm\/Druck 31,5 MPa)<\/div>\n<\/div>\n<h2><strong>Presszylinderfabrik:<\/strong><\/h2>\n<p><img loading=\"lazy\" decoding=\"async\" class=\"alignnone wp-image-1619 size-full\" src=\"https:\/\/hydraulic-cylinders.net\/wp-content\/uploads\/2023\/10\/press-cylinder.webp\" alt=\"\" width=\"1418\" height=\"946\" srcset=\"https:\/\/hydraulic-cylinders.net\/wp-content\/uploads\/2023\/10\/press-cylinder.webp 1418w, https:\/\/hydraulic-cylinders.net\/wp-content\/uploads\/2023\/10\/press-cylinder-1280x854.webp 1280w, https:\/\/hydraulic-cylinders.net\/wp-content\/uploads\/2023\/10\/press-cylinder-980x654.webp 980w, https:\/\/hydraulic-cylinders.net\/wp-content\/uploads\/2023\/10\/press-cylinder-480x320.webp 480w\" sizes=\"(min-width: 0px) and (max-width: 480px) 480px, (min-width: 481px) and (max-width: 980px) 980px, (min-width: 981px) and (max-width: 1280px) 1280px, (min-width: 1281px) 1418px, 100vw\" \/><\/p>\n<h2><strong>Verwendungsmethode des R\u00fccklaufzylinders<\/strong><strong>:<\/strong><\/h2>\n<ol>\n<li><strong>Installation und Integration:<\/strong><\/li>\n<\/ol>\n<ul>\n<li>Montieren Sie den R\u00fccklaufzylinder der Presse sicher am Pressenrahmen oder an der daf\u00fcr vorgesehenen Montagefl\u00e4che.<\/li>\n<li>Stellen Sie die richtige Ausrichtung und Verbindung sicher und befolgen Sie dabei die Richtlinien und Empfehlungen des Herstellers.<\/li>\n<\/ul>\n<ol start=\"2\">\n<li><strong>Hydraulische Anschl\u00fcsse:<\/strong><\/li>\n<\/ol>\n<ul>\n<li>Verbinden Sie den R\u00fccklaufzylinder der Presse mit dem Hydraulikaggregat mithilfe geeigneter Hydraulikschl\u00e4uche und -armaturen.<\/li>\n<li>Stellen Sie sicher, dass die Hydraulikanschl\u00fcsse sicher und dicht sind, um einen effizienten Fl\u00fcssigkeitstransfer und einen sicheren Betrieb zu gew\u00e4hrleisten.<\/li>\n<\/ul>\n<ol start=\"3\">\n<li><strong>Positionierungsanpassung:<\/strong><\/li>\n<\/ol>\n<ul>\n<li>Passen Sie die Positionierung des R\u00fccklaufzylinders der Presse an die spezifischen Anforderungen Ihrer Pressanwendung an.<\/li>\n<li>Befolgen Sie die Anweisungen des Herstellers, um die gew\u00fcnschten Start- und Zielpositionen f\u00fcr eine optimale Leistung einzustellen.<\/li>\n<\/ul>\n<ol start=\"4\">\n<li><strong>Betriebskontrollen:<\/strong><\/li>\n<\/ol>\n<ul>\n<li>Machen Sie sich mit den Bedienelementen des R\u00fccklaufzylinders der Presse vertraut.<\/li>\n<li>Machen Sie sich mit der Funktionsweise der R\u00fccklaufbewegung und zus\u00e4tzlichen Funktionen wie Geschwindigkeitsregelung oder Not-Aus-Funktionen vertraut.<\/li>\n<\/ul>\n<h2><strong>Welches hydraulische Gesetz wendet das Bremssystem an?<\/strong><\/h2>\n<p>Das Bremssystem in Fahrzeugen nutzt typischerweise das Pascalsche Gesetz der Hydraulik. Dieses besagt, dass sich der Druck in einer eingeschlossenen Fl\u00fcssigkeit gleichm\u00e4\u00dfig in alle Richtungen ausbreitet. Im Kontext eines hydraulischen Bremssystems erm\u00f6glicht dieses Prinzip die Kraft\u00fcbertragung vom Bremspedal auf die Bremsen.<\/p>\n<p>Hier eine vereinfachte Erkl\u00e4rung, wie das Bremssystem das Pascalsche Gesetz nutzt:<\/p>\n<ol>\n<li><strong>Bremspedalbet\u00e4tigung:<\/strong>\n<ul>\n<li>Wenn der Fahrer das Bremspedal bet\u00e4tigt, wird eine mechanische Kraft auf den Hauptbremszylinder ausge\u00fcbt.<\/li>\n<\/ul>\n<\/li>\n<li><strong>Hauptbremszylinder:<\/strong>\n<ul>\n<li>Der Hauptbremszylinder enth\u00e4lt einen Kolben, der sich in Abh\u00e4ngigkeit von der durch das Bremspedal ausge\u00fcbten Kraft bewegt.<\/li>\n<li>Durch die Bewegung des Kolbens wird Druck auf die im Hauptbremszylinder enthaltene Bremsfl\u00fcssigkeit ausge\u00fcbt.<\/li>\n<\/ul>\n<\/li>\n<li><strong>Druck\u00fcbertragung:<\/strong>\n<ul>\n<li>An dieser Stelle kommt das Pascalsche Gesetz ins Spiel.<\/li>\n<li>Der durch die Kolbenbewegung erzeugte Druck wird gleichm\u00e4\u00dfig in alle Richtungen durch die Bremsfl\u00fcssigkeit \u00fcbertragen.<\/li>\n<\/ul>\n<\/li>\n<li><strong>Hydraulikleitungen:<\/strong>\n<ul>\n<li>Die Bremsfl\u00fcssigkeit flie\u00dft unter Druck durch Hydraulikleitungen oder Bremsleitungen.<\/li>\n<li>Diese Leitungen verbinden den Hauptbremszylinder mit den Bremss\u00e4tteln bzw. Radbremszylindern an jedem Rad.<\/li>\n<\/ul>\n<\/li>\n<li><strong>Bremss\u00e4ttel\/Radzylinder:<\/strong>\n<ul>\n<li>Die Bremss\u00e4ttel (bei Scheibenbremsen) bzw. Radzylinder (bei Trommelbremsen) erhalten an jedem Rad die unter Druck stehende Bremsfl\u00fcssigkeit.<\/li>\n<li>Der Druck bewirkt, dass die Bremss\u00e4ttel bzw. -zylinder eine Kraft auf die Bremsbel\u00e4ge bzw. -backen aus\u00fcben, die gegen die Bremsscheiben bzw. -trommeln dr\u00fccken.<\/li>\n<\/ul>\n<\/li>\n<li><strong>Reibung und Bremswirkung:<\/strong>\n<ul>\n<li>Die Reibung zwischen den Bremsbel\u00e4gen und Bremsscheiben (bzw. Bremsbacken und Bremstrommeln) verlangsamt oder stoppt die R\u00e4der des Fahrzeugs.<\/li>\n<\/ul>\n<\/li>\n<\/ol>\n<h2><strong>F\u00e4higkeit und Kapazit\u00e4t der Fabrik:<\/strong><\/h2>\n<h3>(1) Montage<\/h3>\n<p>Wir verf\u00fcgen \u00fcber eine erstklassige, unabh\u00e4ngige Forschungs- und Entwicklungsmontageplattform. Die Hydraulikzylinder-Produktionswerkstatt verf\u00fcgt \u00fcber vier halbautomatische Montagelinien f\u00fcr Hubzylinder und eine automatische Montagelinie f\u00fcr Kippzylinder mit einer geplanten j\u00e4hrlichen Produktionskapazit\u00e4t von 1 Million St\u00fcck. Die Spezialzylinderwerkstatt ist mit verschiedenen Spezifikationen eines halbautomatischen Reinigungsmontagesystems mit einer geplanten j\u00e4hrlichen Produktionskapazit\u00e4t von 200.000 ausgestattet und mit renommierten CNC-Bearbeitungsger\u00e4ten, einem Bearbeitungszentrum, einer hochpr\u00e4zisen Spezialausr\u00fcstung f\u00fcr die Zylinderverarbeitung, einer Roboterschwei\u00dfmaschine, einer automatischen Reinigungsmaschine, einer automatischen Zylindermontagemaschine und einer automatischen Lackierproduktionslinie ausgestattet. Es sind mehr als 300 Sets (S\u00e4tze) an kritischer Ausr\u00fcstung vorhanden. Die optimale Zuweisung und effiziente Nutzung der Ausr\u00fcstungsressourcen gew\u00e4hrleistet die Genauigkeitsanforderungen der Produkte und erf\u00fcllt die hohen Qualit\u00e4tsanforderungen der Produkte.<\/p>\n<p><img loading=\"lazy\" decoding=\"async\" class=\"alignnone wp-image-626\" src=\"https:\/\/hydraulic-cylinders.net\/wp-content\/uploads\/2023\/08\/hydraulic-cylinder-product-1-300x158.webp\" alt=\"\" width=\"495\" height=\"260\" srcset=\"https:\/\/hydraulic-cylinders.net\/wp-content\/uploads\/2023\/08\/hydraulic-cylinder-product-1-300x158.webp 495w, https:\/\/hydraulic-cylinders.net\/wp-content\/uploads\/2023\/08\/hydraulic-cylinder-product-1-480x252.webp 480w\" sizes=\"(min-width: 0px) and (max-width: 480px) 480px, (min-width: 481px) 495px, 100vw\" \/> <img loading=\"lazy\" decoding=\"async\" class=\"alignnone wp-image-627\" src=\"https:\/\/hydraulic-cylinders.net\/wp-content\/uploads\/2023\/08\/hydraulic-cylinder-product-2-300x189.webp\" alt=\"\" width=\"413\" height=\"260\" \/><\/p>\n<h3>(2) Bearbeitungen<\/h3>\n<p>Die Bearbeitungswerkstatt ist mit einem ma\u00dfgeschneiderten Schr\u00e4gschienen-Drehzentrum, einem Bearbeitungszentrum, einer Hochgeschwindigkeits-Honmaschine, einem Schwei\u00dfroboter und anderen zugeh\u00f6rigen Ger\u00e4ten ausgestattet, die die Bearbeitung von Zylinderrohren mit einem maximalen Innendurchmesser von 400 mm und einer maximalen L\u00e4nge von 6 Metern erm\u00f6glichen.<\/p>\n<p><img loading=\"lazy\" decoding=\"async\" class=\"alignnone wp-image-628 size-large\" src=\"https:\/\/hydraulic-cylinders.net\/wp-content\/uploads\/2023\/08\/hydraulic-cylinder-product-3-1024x391.webp\" alt=\"\" width=\"1024\" height=\"391\" srcset=\"https:\/\/hydraulic-cylinders.net\/wp-content\/uploads\/2023\/08\/hydraulic-cylinder-product-3-980x374.webp 980w, https:\/\/hydraulic-cylinders.net\/wp-content\/uploads\/2023\/08\/hydraulic-cylinder-product-3-480x183.webp 480w\" sizes=\"(min-width: 0px) and (max-width: 480px) 480px, (min-width: 481px) and (max-width: 980px) 980px, (min-width: 981px) 1024px, 100vw\" \/><\/p>\n<h3>(3) Schwei\u00dfen<\/h3>\n<p><img loading=\"lazy\" decoding=\"async\" class=\"alignnone wp-image-629 size-large\" src=\"https:\/\/hydraulic-cylinders.net\/wp-content\/uploads\/2023\/08\/hydraulic-cylinder-product-4-1024x510.webp\" alt=\"\" width=\"1024\" height=\"510\" srcset=\"https:\/\/hydraulic-cylinders.net\/wp-content\/uploads\/2023\/08\/hydraulic-cylinder-product-4-980x488.webp 980w, https:\/\/hydraulic-cylinders.net\/wp-content\/uploads\/2023\/08\/hydraulic-cylinder-product-4-480x239.webp 480w\" sizes=\"(min-width: 0px) and (max-width: 480px) 480px, (min-width: 481px) and (max-width: 980px) 980px, (min-width: 981px) 1024px, 100vw\" \/><\/p>\n<h3>(4) Malerei und Beschichtung<\/h3>\n<p>Mit kleinen und mittleren Zylinder automatische Lackieranlagen auf Wasserbasis, zu erreichen automatische Roboter Be-und Entladen und automatische Spritzen, die Design-Kapazit\u00e4t von 4000 St\u00fcck pro Schicht;<br \/>\nWir verf\u00fcgen auch \u00fcber eine halbautomatische Lackieranlage f\u00fcr gro\u00dfe Zylinder, die von einer Energiekette angetrieben wird und eine Kapazit\u00e4t von 60 Kisten pro Schicht hat.<\/p>\n<p><img loading=\"lazy\" decoding=\"async\" class=\"alignnone wp-image-630\" src=\"https:\/\/hydraulic-cylinders.net\/wp-content\/uploads\/2023\/08\/hydraulic-cylinder-product-5-300x213.webp\" alt=\"\" width=\"366\" height=\"260\" \/> <img loading=\"lazy\" decoding=\"async\" class=\"alignnone wp-image-631\" src=\"https:\/\/hydraulic-cylinders.net\/wp-content\/uploads\/2023\/08\/hydraulic-cylinder-product-6-300x225.webp\" alt=\"\" width=\"347\" height=\"260\" \/><\/p>\n<h3>(5) Pr\u00fcfung<\/h3>\n<p>Wir verf\u00fcgen \u00fcber erstklassige Pr\u00fcfeinrichtungen und Pr\u00fcfst\u00e4nde, um sicherzustellen, dass die Leistung des Zylinders den Anforderungen entspricht.<\/p>\n<p><img loading=\"lazy\" decoding=\"async\" class=\"alignnone wp-image-632\" src=\"https:\/\/hydraulic-cylinders.net\/wp-content\/uploads\/2023\/08\/hydraulic-cylinder-product-8-300x200.webp\" alt=\"\" width=\"389\" height=\"260\" \/><\/p>\n<p>&nbsp;<\/p>\n<p>&nbsp;<\/p>\n<p>Wir sind einer der besten Hydraulikzylinderhersteller. Wir k\u00f6nnen umfassende Hydraulikzylinder anbieten. Wir bieten auch entsprechende <a href=\"https:\/\/hzpt.com\/agricultural-pto-gearbox\/\" target=\"_blank\" rel=\"noopener\">landwirtschaftliche Getriebe<\/a>. Wir haben unsere Produkte an Kunden weltweit exportiert und uns aufgrund unserer hervorragenden Produktqualit\u00e4t und unseres Kundendienstes einen guten Ruf erworben. Wir begr\u00fc\u00dfen Kunden im In- und Ausland, die uns kontaktieren, um Gesch\u00e4fte zu verhandeln, Informationen auszutauschen und <a href=\"https:\/\/www.hydraulic-cylinders.net\/de\/contact-us\/\">mit uns zusammenarbeiten<\/a>!<\/p>","protected":false},"excerpt":{"rendered":"<p>Press Return Cylinder The press return cylinder is a vital component in optimizing pressing operations in various industries. With its advanced features and reliable performance, this cylinder offers enhanced efficiency, accuracy, and safety. The press return cylinder is valuable for enhancing efficiency, accuracy, and safety in pressing operations. With its robust construction, precise positioning, efficient [&hellip;]<\/p>","protected":false},"featured_media":1625,"comment_status":"open","ping_status":"closed","template":"","meta":{"_et_pb_use_builder":"","_et_pb_old_content":"","_et_gb_content_width":""},"product_brand":[],"product_cat":[1522,1549,1376],"product_tag":[1380],"class_list":{"0":"post-1623","1":"product","2":"type-product","3":"status-publish","4":"has-post-thumbnail","6":"product_cat-press-hydraulic-cylinders","7":"product_cat-single-acting-hydraulic-cylinder","8":"product_cat-hydraulic-cylinder","9":"product_tag-hydraulic-cylinder","11":"first","12":"instock","13":"shipping-taxable","14":"product-type-simple"},"amp_enabled":true,"_links":{"self":[{"href":"https:\/\/www.hydraulic-cylinders.net\/de\/wp-json\/wp\/v2\/product\/1623","targetHints":{"allow":["GET"]}}],"collection":[{"href":"https:\/\/www.hydraulic-cylinders.net\/de\/wp-json\/wp\/v2\/product"}],"about":[{"href":"https:\/\/www.hydraulic-cylinders.net\/de\/wp-json\/wp\/v2\/types\/product"}],"replies":[{"embeddable":true,"href":"https:\/\/www.hydraulic-cylinders.net\/de\/wp-json\/wp\/v2\/comments?post=1623"}],"wp:featuredmedia":[{"embeddable":true,"href":"https:\/\/www.hydraulic-cylinders.net\/de\/wp-json\/wp\/v2\/media\/1625"}],"wp:attachment":[{"href":"https:\/\/www.hydraulic-cylinders.net\/de\/wp-json\/wp\/v2\/media?parent=1623"}],"wp:term":[{"taxonomy":"product_brand","embeddable":true,"href":"https:\/\/www.hydraulic-cylinders.net\/de\/wp-json\/wp\/v2\/product_brand?post=1623"},{"taxonomy":"product_cat","embeddable":true,"href":"https:\/\/www.hydraulic-cylinders.net\/de\/wp-json\/wp\/v2\/product_cat?post=1623"},{"taxonomy":"product_tag","embeddable":true,"href":"https:\/\/www.hydraulic-cylinders.net\/de\/wp-json\/wp\/v2\/product_tag?post=1623"}],"curies":[{"name":"wp","href":"https:\/\/api.w.org\/{rel}","templated":true}]}}