{"id":1626,"date":"2023-10-08T08:46:25","date_gmt":"2023-10-08T08:46:25","guid":{"rendered":"https:\/\/hydraulic-cylinders.net\/?post_type=product&#038;p=1626"},"modified":"2025-04-11T03:46:32","modified_gmt":"2025-04-11T03:46:32","slug":"press-lateral-shift-anvil-cylinder","status":"publish","type":"product","link":"https:\/\/www.hydraulic-cylinders.net\/de\/produkt\/press-lateral-shift-anvil-cylinder\/","title":{"rendered":"Seitliche Verschiebung des Ambosszylinders der Presse"},"content":{"rendered":"<h1 style=\"text-align: center;\"><strong>Seitliche Verschiebung des Ambosszylinders der Presse<\/strong><\/h1>\n<p><img loading=\"lazy\" decoding=\"async\" class=\"aligncenter wp-image-1627\" src=\"https:\/\/hydraulic-cylinders.net\/wp-content\/uploads\/2023\/10\/lateral-shift-anvil-cylinder-300x300.webp\" alt=\"\" width=\"400\" height=\"400\" \/><\/p>\n<p>Der seitlich verschiebbare Ambosszylinder ist eine hochmoderne Komponente zur Optimierung von Pressvorg\u00e4ngen in verschiedenen Branchen. Dank seiner fortschrittlichen Funktionen und zuverl\u00e4ssigen Leistung bietet dieser Zylinder verbesserte Pr\u00e4zision, Effizienz und Vielseitigkeit.<\/p>\n<p>Der seitlich verschiebbare Ambosszylinder ist ein leistungsstarkes Werkzeug zur Steigerung von Pr\u00e4zision, Effizienz und Vielseitigkeit bei Pressvorg\u00e4ngen. Dank seiner seitlichen Verschiebung, seiner hohen Genauigkeit, seines schnellen Prozesses und seiner Kompatibilit\u00e4t mit verschiedenen Anwendungen erm\u00f6glicht Ihnen dieser Zylinder hervorragende Ergebnisse. Durch Befolgen der empfohlenen Verwendungs- und Wartungsmethoden maximieren Sie die Leistung, Produktivit\u00e4t und Lebensdauer Ihrer Pressvorg\u00e4nge. W\u00e4hlen Sie den seitlich verschiebbaren Ambosszylinder, um Ihre Pressvorg\u00e4nge zu optimieren und ein neues Ma\u00df an Pr\u00e4zision und Effizienz zu erreichen.<\/p>\n<p>Hauptmerkmale des seitlich verschobenen Ambosszylinders der Presse:<\/p>\n<ol>\n<li>Laterale Verschiebungsf\u00e4higkeit:<\/li>\n<\/ol>\n<ul>\n<li>Der Ambosszylinder mit seitlicher Verschiebung der Presse verf\u00fcgt \u00fcber einen einzigartigen seitlichen Verschiebungsmechanismus, der eine pr\u00e4zise Positionierung des Ambosses erm\u00f6glicht.<\/li>\n<li>Diese seitliche Verschiebungsm\u00f6glichkeit erm\u00f6glicht eine genaue Ausrichtung mit dem Pressmaterial, gew\u00e4hrleistet optimale Ergebnisse und reduziert die R\u00fcstzeit.<\/li>\n<\/ul>\n<ol start=\"2\">\n<li>Hohe Pr\u00e4zision:<\/li>\n<\/ol>\n<ul>\n<li>Dieser Zylinder bietet eine au\u00dfergew\u00f6hnliche Pr\u00e4zision bei der seitlichen Verschiebung und erm\u00f6glicht Feineinstellungen der Ambossposition.<\/li>\n<li>Durch seine hohe Pr\u00e4zision gew\u00e4hrleistet es eine konsistente und genaue Ausrichtung und f\u00fchrt so zu einer \u00fcberragenden Pressqualit\u00e4t.<\/li>\n<\/ul>\n<ol start=\"3\">\n<li>Schneller und effizienter Betrieb:<\/li>\n<\/ol>\n<ul>\n<li>Der seitlich verschiebbare Ambosszylinder der Presse ist f\u00fcr einen schnellen und effizienten Betrieb ausgelegt und maximiert die Produktivit\u00e4t.<\/li>\n<li>Sein fortschrittliches Hydrauliksystem erm\u00f6glicht eine schnelle seitliche Verschiebung, wodurch die Zykluszeiten verk\u00fcrzt und die Gesamtleistung erh\u00f6ht wird.<\/li>\n<\/ul>\n<ol start=\"4\">\n<li>Vielseitigkeit:<\/li>\n<\/ol>\n<ul>\n<li>Dieser Zylinder ist mit einer Vielzahl von Pressanwendungen kompatibel und eignet sich f\u00fcr verschiedene Materialien und Formen.<\/li>\n<li>Egal, ob Sie mit Blech, Kunststoff oder anderen Materialien arbeiten, der seitlich verschiebbare Ambosszylinder der Presse bietet die Vielseitigkeit, die Sie f\u00fcr Ihre Pressanforderungen ben\u00f6tigen.<\/li>\n<\/ul>\n<h2><strong>Parameter f\u00fcr den seitlichen Ambosszylinder der Presse:<\/strong><\/h2>\n<table border=\"1\" cellspacing=\"0\" cellpadding=\"0\">\n<tbody>\n<tr>\n<td>Produktname<\/td>\n<td>Hydraulische Presse mit seitlichem Ambosszylinder<\/td>\n<\/tr>\n<tr>\n<td>Merkmale:<\/td>\n<td>Bewegen Sie den Amboss seitlich<\/td>\n<\/tr>\n<tr>\n<td>Bohrungsdurchmesser:<\/td>\n<td>125 mm \uff5e 250 mm<\/td>\n<\/tr>\n<tr>\n<td>Stangendurchmesser:<\/td>\n<td>90 mm \uff5e 180 mm<br \/>\nHub \u2264 5500 mm<\/td>\n<\/tr>\n<tr>\n<td>Schubkraft:<\/td>\n<td>Maximal 1546 kN<br \/>\n(Bohrungsdurchmesser: 250 mm\/Druck 31,5 MPa)<\/td>\n<\/tr>\n<tr>\n<td>Anwendungen f\u00fcr seitlich verschobene Ambosszylinder:<\/td>\n<td>Hydraulische Presse<\/td>\n<\/tr>\n<\/tbody>\n<\/table>\n<div><\/div>\n<div class=\"txtboxL\">\n<div class=\"txtboxL\">\n<div class=\"txtboxL\">Merkmale:<\/div>\n<div class=\"txtboxR\">Bewegen Sie den Amboss seitlich<\/div>\n<div class=\"txtboxL\">Spezifikation:<\/div>\n<div class=\"txtboxR\">Bohrungsdurchmesser: 125 mm \uff5e 250 mm<br \/>\nStangendurchmesser: 90 mm \uff5e 180 mm<br \/>\nHub \u2264 5500 mm<\/div>\n<div class=\"txtboxL\">Schubkraft:<\/div>\n<div class=\"txtboxR\">Maximal 1546 kN<br \/>\n(Bohrungsdurchmesser: 250 mm\/Druck 31,5 MPa)<\/div>\n<\/div>\n<\/div>\n<h2><strong>Presszylinderfabrik:<\/strong><\/h2>\n<p><img loading=\"lazy\" decoding=\"async\" class=\"alignnone wp-image-1619 size-full\" src=\"https:\/\/hydraulic-cylinders.net\/wp-content\/uploads\/2023\/10\/press-cylinder.webp\" alt=\"\" width=\"1418\" height=\"946\" srcset=\"https:\/\/hydraulic-cylinders.net\/wp-content\/uploads\/2023\/10\/press-cylinder.webp 1418w, https:\/\/hydraulic-cylinders.net\/wp-content\/uploads\/2023\/10\/press-cylinder-1280x854.webp 1280w, https:\/\/hydraulic-cylinders.net\/wp-content\/uploads\/2023\/10\/press-cylinder-980x654.webp 980w, https:\/\/hydraulic-cylinders.net\/wp-content\/uploads\/2023\/10\/press-cylinder-480x320.webp 480w\" sizes=\"(min-width: 0px) and (max-width: 480px) 480px, (min-width: 481px) and (max-width: 980px) 980px, (min-width: 981px) and (max-width: 1280px) 1280px, (min-width: 1281px) 1418px, 100vw\" \/><\/p>\n<h2><strong>Verwendungsmethode des seitlich verschobenen Ambosszylinders der Presse<\/strong><strong>:<\/strong><\/h2>\n<ol>\n<li><strong>Installation und Integration:<\/strong><\/li>\n<\/ol>\n<ul>\n<li>Montieren Sie den Ambosszylinder f\u00fcr die seitliche Verschiebung der Presse sicher am Pressenrahmen oder an der daf\u00fcr vorgesehenen Montagefl\u00e4che.<\/li>\n<li>Stellen Sie die richtige Ausrichtung und Verbindung sicher und befolgen Sie dabei die Richtlinien und Empfehlungen des Herstellers.<\/li>\n<\/ul>\n<ol start=\"2\">\n<li><strong>Hydraulische Anschl\u00fcsse:<\/strong><\/li>\n<\/ol>\n<ul>\n<li>Verbinden Sie den Ambosszylinder f\u00fcr die seitliche Verschiebung der Presse mithilfe geeigneter Schl\u00e4uche und Anschl\u00fcsse mit der Hydraulikeinheit.<\/li>\n<li>Stellen Sie sicher, dass die Hydraulikanschl\u00fcsse sicher und dicht sind, um einen effizienten Fl\u00fcssigkeitstransfer und einen sicheren Betrieb zu gew\u00e4hrleisten.<\/li>\n<\/ul>\n<ol start=\"3\">\n<li><strong>Positionierungsanpassung:<\/strong><\/li>\n<\/ol>\n<ul>\n<li>Passen Sie die seitliche Verschiebungsposition des Ambosses entsprechend den spezifischen Anforderungen Ihrer Pressanwendung an.<\/li>\n<li>Nutzen Sie den seitlichen Verschiebungsmechanismus, um eine pr\u00e4zise Ausrichtung mit dem Pressmaterial zu erreichen.<\/li>\n<\/ul>\n<ol start=\"4\">\n<li><strong>Betriebskontrollen:<\/strong><\/li>\n<\/ol>\n<ul>\n<li>Machen Sie sich mit den Bedienelementen des seitlichen Ambosszylinders der Presse vertraut.<\/li>\n<li>Machen Sie sich mit der Einleitung der seitlichen Verschiebungsbewegung und allen zus\u00e4tzlichen Funktionen wie Geschwindigkeitsregelung oder Positionsverriegelungsmechanismen vertraut.<\/li>\n<\/ul>\n<h2><strong>Wie l\u00e4sst man den Druck im Hydrauliksystem ab?<\/strong><\/h2>\n<p>Das Ablassen des Drucks aus einem Hydrauliksystem ist ein entscheidender Schritt, um die Sicherheit zu gew\u00e4hrleisten und Wartungs- oder Reparaturarbeiten durchzuf\u00fchren. Hier finden Sie eine Schritt-f\u00fcr-Schritt-Anleitung zum Ablassen des Drucks aus einem Hydrauliksystem:<\/p>\n<ol>\n<li><strong>Identifizieren Sie die Stromquelle:<\/strong>\n<ul>\n<li>Bestimmen Sie die Energiequelle, die das Hydrauliksystem mit Druck versorgt. Dies kann ein Elektromotor, eine motorbetriebene Pumpe oder eine andere Energiequelle sein.<\/li>\n<\/ul>\n<\/li>\n<li><strong>Schalten Sie die Stromquelle aus:<\/strong>\n<ul>\n<li>Schalten Sie die Stromquelle aus oder schalten Sie sie ab, die den Druck f\u00fcr das Hydrauliksystem erzeugt.<\/li>\n<li>Handelt es sich um einen Elektromotor, schalten Sie die Stromzufuhr ab bzw. trennen Sie die Verbindung.<\/li>\n<li>Bei einer motorbetriebenen Pumpe schalten Sie den Motor ab.<\/li>\n<\/ul>\n<\/li>\n<li><strong>Not-Aus bet\u00e4tigen:<\/strong>\n<ul>\n<li>Wenn Ihr Hydrauliksystem \u00fcber einen Not-Aus-Schalter oder -Hebel verf\u00fcgt, bet\u00e4tigen Sie diesen, um die weitere Erzeugung von Hydraulikdruck zu stoppen.<\/li>\n<\/ul>\n<\/li>\n<li><strong>Zeit f\u00fcr die Druckentlastung einplanen:<\/strong>\n<ul>\n<li>Lassen Sie nach dem Abschalten der Stromquelle und dem Bet\u00e4tigen des Not-Aus-Schalters ausreichend Zeit, damit der Druck abgebaut werden kann.<\/li>\n<li>Die zum Druckentlasten erforderliche Zeit h\u00e4ngt von der Gr\u00f6\u00dfe und Komplexit\u00e4t des Hydrauliksystems ab. Es kann einige Minuten oder l\u00e4nger dauern, bis der Druck vollst\u00e4ndig entlastet ist.<\/li>\n<\/ul>\n<\/li>\n<li><strong>\u00dcberpr\u00fcfen Sie die Druckentlastung:<\/strong>\n<ul>\n<li>Um sicherzustellen, dass der Druck abgelassen wurde, \u00fcberpr\u00fcfen Sie die Druckmesser oder Anzeigen am Hydrauliksystem, falls vorhanden.<\/li>\n<li>Wenn der Druckwert Null oder nahe Null betr\u00e4gt, bedeutet dies, dass der Druck erfolgreich abgelassen wurde.<\/li>\n<\/ul>\n<\/li>\n<li><strong>Restdruck ablassen:<\/strong>\n<ul>\n<li>In manchen F\u00e4llen kann auch nach dem Abschalten der Stromquelle noch Restdruck im Hydrauliksystem vorhanden sein.<\/li>\n<li>Um diesen Restdruck abzulassen, suchen Sie das \u00dcberdruckventil am Hydrauliksystem.<\/li>\n<li>\u00d6ffnen Sie das \u00dcberdruckventil langsam mit dem entsprechenden Werkzeug (z. B. einem Schraubenschl\u00fcssel), um den verbleibenden Druck allm\u00e4hlich abzulassen.<\/li>\n<li>Seien Sie beim Ablassen des Restdrucks vorsichtig und aufmerksam, um pl\u00f6tzliche Bewegungen oder das Verspritzen von Hydraulikfl\u00fcssigkeit zu vermeiden.<\/li>\n<\/ul>\n<\/li>\n<li><strong>Druckentlastung doppelt pr\u00fcfen:<\/strong>\n<ul>\n<li>\u00dcberpr\u00fcfen Sie nach dem Ablassen des Restdrucks erneut, ob die Druckanzeigen einen Druck von Null oder nahezu Null anzeigen.<\/li>\n<li>F\u00fchren Sie eine Sichtpr\u00fcfung des Hydrauliksystems auf Anzeichen von Bewegung oder Druckaufbau durch.<\/li>\n<\/ul>\n<\/li>\n<\/ol>\n<h2><strong>F\u00e4higkeit und Kapazit\u00e4t der Fabrik:<\/strong><\/h2>\n<h3>(1) Montage<\/h3>\n<p>Wir verf\u00fcgen \u00fcber eine erstklassige, unabh\u00e4ngige Forschungs- und Entwicklungsmontageplattform. Die Hydraulikzylinder-Produktionswerkstatt verf\u00fcgt \u00fcber vier halbautomatische Montagelinien f\u00fcr Hubzylinder und eine automatische Montagelinie f\u00fcr Kippzylinder mit einer geplanten j\u00e4hrlichen Produktionskapazit\u00e4t von 1 Million St\u00fcck. Die Spezialzylinderwerkstatt ist mit verschiedenen Spezifikationen eines halbautomatischen Reinigungsmontagesystems mit einer geplanten j\u00e4hrlichen Produktionskapazit\u00e4t von 200.000 ausgestattet und mit renommierten CNC-Bearbeitungsger\u00e4ten, einem Bearbeitungszentrum, einer hochpr\u00e4zisen Spezialausr\u00fcstung f\u00fcr die Zylinderverarbeitung, einer Roboterschwei\u00dfmaschine, einer automatischen Reinigungsmaschine, einer automatischen Zylindermontagemaschine und einer automatischen Lackierproduktionslinie ausgestattet. Es sind mehr als 300 Sets (S\u00e4tze) an kritischer Ausr\u00fcstung vorhanden. Die optimale Zuweisung und effiziente Nutzung der Ausr\u00fcstungsressourcen gew\u00e4hrleistet die Genauigkeitsanforderungen der Produkte und erf\u00fcllt die hohen Qualit\u00e4tsanforderungen der Produkte.<\/p>\n<p><img loading=\"lazy\" decoding=\"async\" class=\"alignnone wp-image-626\" src=\"https:\/\/hydraulic-cylinders.net\/wp-content\/uploads\/2023\/08\/hydraulic-cylinder-product-1-300x158.webp\" alt=\"\" width=\"495\" height=\"260\" srcset=\"https:\/\/hydraulic-cylinders.net\/wp-content\/uploads\/2023\/08\/hydraulic-cylinder-product-1-300x158.webp 495w, https:\/\/hydraulic-cylinders.net\/wp-content\/uploads\/2023\/08\/hydraulic-cylinder-product-1-480x252.webp 480w\" sizes=\"(min-width: 0px) and (max-width: 480px) 480px, (min-width: 481px) 495px, 100vw\" \/> <img loading=\"lazy\" decoding=\"async\" class=\"alignnone wp-image-627\" src=\"https:\/\/hydraulic-cylinders.net\/wp-content\/uploads\/2023\/08\/hydraulic-cylinder-product-2-300x189.webp\" alt=\"\" width=\"413\" height=\"260\" \/><\/p>\n<h3>(2) Bearbeitungen<\/h3>\n<p>Die Bearbeitungswerkstatt ist mit einem ma\u00dfgeschneiderten Schr\u00e4gschienen-Drehzentrum, einem Bearbeitungszentrum, einer Hochgeschwindigkeits-Honmaschine, einem Schwei\u00dfroboter und anderen zugeh\u00f6rigen Ger\u00e4ten ausgestattet, die die Bearbeitung von Zylinderrohren mit einem maximalen Innendurchmesser von 400 mm und einer maximalen L\u00e4nge von 6 Metern erm\u00f6glichen.<\/p>\n<p><img loading=\"lazy\" decoding=\"async\" class=\"alignnone wp-image-628 size-large\" src=\"https:\/\/hydraulic-cylinders.net\/wp-content\/uploads\/2023\/08\/hydraulic-cylinder-product-3-1024x391.webp\" alt=\"\" width=\"1024\" height=\"391\" srcset=\"https:\/\/hydraulic-cylinders.net\/wp-content\/uploads\/2023\/08\/hydraulic-cylinder-product-3-980x374.webp 980w, https:\/\/hydraulic-cylinders.net\/wp-content\/uploads\/2023\/08\/hydraulic-cylinder-product-3-480x183.webp 480w\" sizes=\"(min-width: 0px) and (max-width: 480px) 480px, (min-width: 481px) and (max-width: 980px) 980px, (min-width: 981px) 1024px, 100vw\" \/><\/p>\n<h3>(3) Schwei\u00dfen<\/h3>\n<p><img loading=\"lazy\" decoding=\"async\" class=\"alignnone wp-image-629 size-large\" src=\"https:\/\/hydraulic-cylinders.net\/wp-content\/uploads\/2023\/08\/hydraulic-cylinder-product-4-1024x510.webp\" alt=\"\" width=\"1024\" height=\"510\" srcset=\"https:\/\/hydraulic-cylinders.net\/wp-content\/uploads\/2023\/08\/hydraulic-cylinder-product-4-980x488.webp 980w, https:\/\/hydraulic-cylinders.net\/wp-content\/uploads\/2023\/08\/hydraulic-cylinder-product-4-480x239.webp 480w\" sizes=\"(min-width: 0px) and (max-width: 480px) 480px, (min-width: 481px) and (max-width: 980px) 980px, (min-width: 981px) 1024px, 100vw\" \/><\/p>\n<h3>(4) Malerei und Beschichtung<\/h3>\n<p>Mit kleinen und mittleren Zylinder automatische Lackieranlagen auf Wasserbasis, zu erreichen automatische Roboter Be-und Entladen und automatische Spritzen, die Design-Kapazit\u00e4t von 4000 St\u00fcck pro Schicht;<br \/>\nWir verf\u00fcgen auch \u00fcber eine halbautomatische Lackieranlage f\u00fcr gro\u00dfe Zylinder, die von einer Energiekette angetrieben wird und eine Kapazit\u00e4t von 60 Kisten pro Schicht hat.<\/p>\n<p><img loading=\"lazy\" decoding=\"async\" class=\"alignnone wp-image-630\" src=\"https:\/\/hydraulic-cylinders.net\/wp-content\/uploads\/2023\/08\/hydraulic-cylinder-product-5-300x213.webp\" alt=\"\" width=\"366\" height=\"260\" \/> <img loading=\"lazy\" decoding=\"async\" class=\"alignnone wp-image-631\" src=\"https:\/\/hydraulic-cylinders.net\/wp-content\/uploads\/2023\/08\/hydraulic-cylinder-product-6-300x225.webp\" alt=\"\" width=\"347\" height=\"260\" \/><\/p>\n<h3>(5) Pr\u00fcfung<\/h3>\n<p>Wir verf\u00fcgen \u00fcber erstklassige Pr\u00fcfeinrichtungen und Pr\u00fcfst\u00e4nde, um sicherzustellen, dass die Leistung des Zylinders den Anforderungen entspricht.<\/p>\n<p><img loading=\"lazy\" decoding=\"async\" class=\"alignnone wp-image-632\" src=\"https:\/\/hydraulic-cylinders.net\/wp-content\/uploads\/2023\/08\/hydraulic-cylinder-product-8-300x200.webp\" alt=\"\" width=\"389\" height=\"260\" \/><\/p>\n<p>&nbsp;<\/p>\n<p>&nbsp;<\/p>\n<p>Wir sind einer der besten Hydraulikzylinderhersteller. Wir k\u00f6nnen umfassende Hydraulikzylinder anbieten. Wir bieten auch entsprechende <a href=\"https:\/\/hzpt.com\/agricultural-pto-gearbox\/\" target=\"_blank\" rel=\"noopener\">landwirtschaftliche Getriebe<\/a>. Wir haben unsere Produkte an Kunden weltweit exportiert und uns aufgrund unserer hervorragenden Produktqualit\u00e4t und unseres Kundendienstes einen guten Ruf erworben. Wir begr\u00fc\u00dfen Kunden im In- und Ausland, die uns kontaktieren, um Gesch\u00e4fte zu verhandeln, Informationen auszutauschen und <a href=\"https:\/\/www.hydraulic-cylinders.net\/de\/contact-us\/\">mit uns zusammenarbeiten<\/a>!<\/p>","protected":false},"excerpt":{"rendered":"<p>Press Lateral Shift Anvil Cylinder The press lateral shift anvil cylinder is a cutting-edge component designed to optimize pressing operations in various industries. With its advanced features and reliable performance, this cylinder offers enhanced precision, efficiency, and versatility. The press lateral shift anvil cylinder is a powerful tool for enhancing precision, efficiency, and versatility in [&hellip;]<\/p>","protected":false},"featured_media":1628,"comment_status":"open","ping_status":"closed","template":"","meta":{"_et_pb_use_builder":"","_et_pb_old_content":"","_et_gb_content_width":""},"product_brand":[],"product_cat":[1550,1522,1376],"product_tag":[1380],"class_list":{"0":"post-1626","1":"product","2":"type-product","3":"status-publish","4":"has-post-thumbnail","6":"product_cat-double-acting-hydraulic-cylinder","7":"product_cat-press-hydraulic-cylinders","8":"product_cat-hydraulic-cylinder","9":"product_tag-hydraulic-cylinder","11":"first","12":"instock","13":"shipping-taxable","14":"product-type-simple"},"amp_enabled":true,"_links":{"self":[{"href":"https:\/\/www.hydraulic-cylinders.net\/de\/wp-json\/wp\/v2\/product\/1626","targetHints":{"allow":["GET"]}}],"collection":[{"href":"https:\/\/www.hydraulic-cylinders.net\/de\/wp-json\/wp\/v2\/product"}],"about":[{"href":"https:\/\/www.hydraulic-cylinders.net\/de\/wp-json\/wp\/v2\/types\/product"}],"replies":[{"embeddable":true,"href":"https:\/\/www.hydraulic-cylinders.net\/de\/wp-json\/wp\/v2\/comments?post=1626"}],"wp:featuredmedia":[{"embeddable":true,"href":"https:\/\/www.hydraulic-cylinders.net\/de\/wp-json\/wp\/v2\/media\/1628"}],"wp:attachment":[{"href":"https:\/\/www.hydraulic-cylinders.net\/de\/wp-json\/wp\/v2\/media?parent=1626"}],"wp:term":[{"taxonomy":"product_brand","embeddable":true,"href":"https:\/\/www.hydraulic-cylinders.net\/de\/wp-json\/wp\/v2\/product_brand?post=1626"},{"taxonomy":"product_cat","embeddable":true,"href":"https:\/\/www.hydraulic-cylinders.net\/de\/wp-json\/wp\/v2\/product_cat?post=1626"},{"taxonomy":"product_tag","embeddable":true,"href":"https:\/\/www.hydraulic-cylinders.net\/de\/wp-json\/wp\/v2\/product_tag?post=1626"}],"curies":[{"name":"wp","href":"https:\/\/api.w.org\/{rel}","templated":true}]}}