{"id":16423,"date":"2025-01-20T09:14:18","date_gmt":"2025-01-20T09:14:18","guid":{"rendered":"https:\/\/www.hydraulic-cylinders.net\/product\/arm-cylinderfor-zoomlion-small-excavator-ze150e\/"},"modified":"2025-01-20T09:14:27","modified_gmt":"2025-01-20T09:14:27","slug":"arm-cylinderfor-zoomlion-small-excavator-ze150e","status":"publish","type":"product","link":"https:\/\/www.hydraulic-cylinders.net\/de\/produkt\/arm-cylinderfor-zoomlion-small-excavator-ze150e\/","title":{"rendered":"Armzylinder f\u00fcr Zoomlion Kleinbagger ZE150E"},"content":{"rendered":"<p>Armzylinder f\u00fcr Zoomlion Kleinbagger ZE150E<\/p>\n<p>Der Armzylinder ist ein spezieller Hydraulikzylinder, der die lineare Bewegung und Kraft\u00fcbertragung des Arms verschiedener Maschinentypen wie Bagger, Kr\u00e4ne und Roboterarme erm\u00f6glicht. Er spielt eine entscheidende Rolle im Hydrauliksystem und erm\u00f6glicht die Bewegung und effektive Steuerung von Anbauteilen. Diese Zylinder gew\u00e4hrleisten nicht nur eine reibungslose Bewegung, sondern halten auch hohen Belastungen stand und sichern so den effizienten und zuverl\u00e4ssigen Betrieb der Maschinen unter verschiedenen Arbeitsbedingungen.<\/p>\n<p>Definition und Erkl\u00e4rung:<\/p>\n<p>Der Armzylinder, auch Auslegerzylinder genannt, geh\u00f6rt zu den einfachwirkenden Hydraulikzylindern und ist ein integraler Bestandteil des Hydrauliksystems von Baumaschinen. Er liefert die Schub- und Zugkraft, die zum Heben, Senken und Bewegen der Anbauger\u00e4te ben\u00f6tigt wird. Im Inneren des Zylinders befindet sich ein Kolben, der die Energie der Hydraulikfl\u00fcssigkeit in mechanische Kraft umwandelt oder umgekehrt.<\/p>\n<p>Der Armzylinder ist so konstruiert, dass er die unterschiedlichen Spezifikationen und Anforderungen verschiedener Maschinen erf\u00fcllt. Er besteht \u00fcblicherweise aus hochfesten Werkstoffen wie Stahl und ist mit einer widerstandsf\u00e4higen Oberfl\u00e4chenbehandlung versehen, um Korrosion, Verschlei\u00df und Abnutzung zu verhindern. Der Zylinder verf\u00fcgt au\u00dferdem \u00fcber eine Dichtung, die das Austreten von Hydraulikfl\u00fcssigkeit verhindert und einen effizienten Betrieb gew\u00e4hrleistet.<\/p>\n<p>Merkmale:<\/p>\n<p>1. Hocheffiziente \u00dcbertragung:<br \/>\nDer Armzylinder sorgt f\u00fcr eine starke lineare Bewegung und Kraft und gew\u00e4hrleistet so die hohe Leistungsf\u00e4higkeit des mechanischen Arms bei verschiedenen Eins\u00e4tzen.<\/p>\n<p>2. Pr\u00e4zise Steuerung:<br \/>\nDurch das Hydrauliksystem kann der Armzylinder eine pr\u00e4zise Bewegungssteuerung erreichen, wodurch die Bedienung der angebrachten Werkzeuge flexibler und genauer wird.<\/p>\n<p>3. Hohe Haltbarkeit:<br \/>\nDer Armzylinder besteht typischerweise aus hochfesten Werkstoffen und weist eine gute Verschlei\u00df- und Korrosionsbest\u00e4ndigkeit auf, wodurch er sich f\u00fcr den Langzeiteinsatz in rauen Umgebungen eignet.<\/p>\n<p>4. Vielseitigkeit:<br \/>\nDiese Zylinder k\u00f6nnen in verschiedenen Arten von Maschinen und Ger\u00e4ten, wie z. B. Baggern, Kr\u00e4nen und Roboterarmen, eingesetzt werden, um sich an unterschiedliche Arbeitsanforderungen anzupassen.<\/p>\n<p>5. Einfache Wartung:<br \/>\nBei der Konstruktion des Armzylinders wurde auf einfache Wartung und Austausch geachtet, was regelm\u00e4\u00dfige Inspektionen und Wartungsarbeiten erleichtert und Ausfallzeiten der Ausr\u00fcstung reduziert.<\/p>\n<p>Produktion:<\/p>\n<p>Unser Unternehmen kann dieses Produkt herstellen, und unser Produkt ist ein perfekter Ersatz f\u00fcr diese Hydraulikzylinder. Wir bieten eine breite Palette an Hydraulikzylindern und Ersatzteilen, die individuell an die Kundenbed\u00fcrfnisse angepasst werden k\u00f6nnen.<\/p>\n<p>Anwendungen:<\/p>\n<p>Armzylinder werden in verschiedenen Branchen wie dem Bauwesen, der Fertigung, der Landwirtschaft, dem Bergbau sowie der Logistik und dem Transportwesen h\u00e4ufig eingesetzt.<\/p>\n<p>Konstruktion:<br \/>\nBei Baggern und Kr\u00e4nen dient der Armzylinder zur Steuerung der Bewegung von Schaufeln oder Auslegern und wird f\u00fcr Erdarbeiten, Materialtransport und die Montage von Bauwerken eingesetzt.<\/p>\n<p>Herstellung:<br \/>\nIn automatisierten Produktionslinien wird der Armzylinder f\u00fcr die Bewegung von mechanischen Armen, Montage-, Schwei\u00df- und Handhabungsprozessen eingesetzt, wodurch die Produktionseffizienz und -genauigkeit verbessert werden.<\/p>\n<p>Landmaschinen:<br \/>\nBei landwirtschaftlichen Maschinen wie M\u00e4hdreschern und S\u00e4maschinen steuert der Armzylinder die Bewegung des Arbeitsarms und f\u00fchrt Aufgaben wie S\u00e4en, D\u00fcngen und Ernten aus.<\/p>\n<p>Bergbau:<br \/>\nBei Bergbaumaschinen dient der Armzylinder zur Steuerung der Armbewegung der Bergbaumaschine beim Abbau und Transport von Erzen.<\/p>\n<p>Logistik und Transport:<br \/>\nBei Gabelstaplern und Handhabungsrobotern wird der Armzylinder zur Steuerung des Anhebens und der Bewegung der Gabel verwendet, wodurch Materialhandhabung und Stapelung realisiert werden.<\/p>\n<p>Design- und Auswahlstandard:<\/p>\n<p>Der Armzylinder ist ein wesentlicher Bestandteil des Hydrauliksystems von Maschinen und Anlagen, und seine Konstruktions- und Auswahlnormen sollten folgende Kriterien erf\u00fcllen:<\/p>\n<p>1. Tragf\u00e4higkeit:<br \/>\nDer Armzylinder sollte die F\u00e4higkeit besitzen, die maximale Last zu tragen und einen reibungslosen und effizienten Betrieb der Maschinenanlage zu gew\u00e4hrleisten.<\/p>\n<p>2. Abdichtung:<br \/>\nDer Armzylinder sollte \u00fcber eine zuverl\u00e4ssige Dichtung verf\u00fcgen, um das Austreten von Hydraulikfl\u00fcssigkeit zu verhindern, einen effizienten Betrieb zu gew\u00e4hrleisten und Umweltverschmutzung zu vermeiden.<\/p>\n<p>3. Haltbarkeit:<br \/>\nDer Armzylinder sollte eine gute Verschlei\u00df- und Korrosionsbest\u00e4ndigkeit aufweisen, um einen langfristigen Einsatz unter rauen Bedingungen zu gew\u00e4hrleisten.<\/p>\n<p>4. Sicherheit:<br \/>\nDer Armzylinder sollte den Sicherheitsstandards entsprechen und \u00fcber Sicherheitsvorrichtungen wie Pufferventile verf\u00fcgen, um \u00dcberlastung, Leckagen und andere Unf\u00e4lle zu verhindern.<\/p>\n<p>5. Wartung:<br \/>\nBei der Konstruktion des Armzylinders sollten eine einfache Wartung und ein leichter Austausch, die Reduzierung von Ger\u00e4teausfallzeiten und ein effizienter Betrieb ber\u00fccksichtigt werden.<\/p>\n<p>Abdichtung und Schmierung:<\/p>\n<p>Der Armzylinder muss mit verschiedenen Dichtungskomponenten, wie Kolben- und Stangendichtungsringen aus verschlei\u00dffesten Materialien wie Polyurethan und Nitrilkautschuk, ausgestattet sein, um das Austreten von Hydraulikfl\u00fcssigkeit zu verhindern. Zylinderkopf und Gewindeende sollten pr\u00e4zise bearbeitet sein, um die Verschlei\u00dffestigkeit zu verbessern.<\/p>\n<p>Regelm\u00e4\u00dfige Inspektion und vorbeugende Wartung:<\/p>\n<p>Regelm\u00e4\u00dfige Inspektion und vorbeugende Wartung sind unerl\u00e4sslich f\u00fcr den effizienten und sicheren Betrieb des Armzylinders. Die Inspektion sollte die Pr\u00fcfung von Dichtung, Kolben und Kolbenstange auf Verschlei\u00df und Besch\u00e4digungen, die Kontrolle von Hydraulik\u00f6lstand und -qualit\u00e4t sowie die Reinigung des Zylinderk\u00f6rpers und der zugeh\u00f6rigen Teile umfassen. Vorbeugende Wartungsma\u00dfnahmen wie der rechtzeitige Austausch von Dichtungen und Hydraulik\u00f6l k\u00f6nnen die Lebensdauer des Armzylinders verl\u00e4ngern.<\/p>\n<p>Installationsanleitung:<\/p>\n<p>Die Installation des Armzylinders muss gem\u00e4\u00df der Montageanleitung des Herstellers erfolgen. Der Installationsprozess umfasst die Auswahl des passenden Zylinders und der zugeh\u00f6rigen Teile, die Sicherstellung, dass das Hydrauliksystem frei von Verunreinigungen ist, und das Einf\u00fcllen der korrekten Menge Hydraulik\u00f6l. Die Installation sollte von Fachpersonal durchgef\u00fchrt werden, um einen sicheren und effizienten Betrieb der Maschine zu gew\u00e4hrleisten.<\/p>\n<p>Sicherheits- und Umweltaspekte:<\/p>\n<p>Der Einsatz von Armzylindern muss unter Einhaltung der Sicherheitsvorschriften und -normen erfolgen, um Unf\u00e4lle zu vermeiden und die Umwelt zu sch\u00fctzen. Sicherheitsma\u00dfnahmen wie das Tragen von Schutzausr\u00fcstung, die Schulung der Bediener und die Installation von Sicherheitsvorrichtungen sind umzusetzen. Auch Umweltaspekte wie die Reduzierung von Hydraulikfl\u00fcssigkeitsverlusten und die ordnungsgem\u00e4\u00dfe Entsorgung von Althydraulikfl\u00fcssigkeit sind zu ber\u00fccksichtigen.<\/p>\n<p>Fehlerbehebung und h\u00e4ufige Probleme:<\/p>\n<p>Zu den h\u00e4ufigsten Problemen von Armzylindern geh\u00f6ren Hydraulikfl\u00fcssigkeitsverlust, unzureichender Druck, ungew\u00f6hnliche Ger\u00e4usche und langsame Bewegung. Zur Fehlerbehebung sollten Dichtungen, Kolben und Stangen gepr\u00fcft und gegebenenfalls repariert werden. Au\u00dferdem sollten Hydraulik\u00f6lstand und -qualit\u00e4t kontrolliert und Zylinderk\u00f6rper sowie zugeh\u00f6rige Teile gereinigt werden.<\/p>\n<p>Abschluss:<\/p>\n<p>Als professioneller Hersteller von Hydraulikzylindern bietet unser Unternehmen eine breite Produktpalette und kundenspezifische L\u00f6sungen f\u00fcr unterschiedlichste Anforderungen. Wir verf\u00fcgen \u00fcber internationale Zertifizierungen wie ISO 9001, CE und SGS und ein erfahrenes, professionelles Technikerteam, das die Qualit\u00e4t und Effizienz unserer Produkte sicherstellt. Unser Ziel ist es, unseren Kunden hochwertige und innovative Produkte und Dienstleistungen anzubieten und so zur Weiterentwicklung der Hydraulikindustrie beizutragen.<\/p>\n<p>Autor: lyl<\/p>","protected":false},"excerpt":{"rendered":"<p>Arm Cylinder for Zoomlion Small Excavator ZE150E Arm cylinder is a specialized hydraulic cylinder designed to provide linear motion and power to the arm of various types of machinery such as excavators, cranes, and mechanical arms. The arm cylinder plays a crucial role in the hydraulic system, allowing attached tools or attachments to move and [&hellip;]<\/p>","protected":false},"featured_media":14763,"comment_status":"open","ping_status":"closed","template":"","meta":{"_et_pb_use_builder":"","_et_pb_old_content":"","_et_gb_content_width":""},"product_brand":[],"product_cat":[1497],"product_tag":[1498,1496],"class_list":{"0":"post-16423","1":"product","2":"type-product","3":"status-publish","4":"has-post-thumbnail","6":"product_cat-arm-cylinders","7":"product_tag-arm-cylinders","8":"product_tag-hydraulic-cylinders","10":"first","11":"instock","12":"shipping-taxable","13":"product-type-simple"},"amp_enabled":true,"_links":{"self":[{"href":"https:\/\/www.hydraulic-cylinders.net\/de\/wp-json\/wp\/v2\/product\/16423","targetHints":{"allow":["GET"]}}],"collection":[{"href":"https:\/\/www.hydraulic-cylinders.net\/de\/wp-json\/wp\/v2\/product"}],"about":[{"href":"https:\/\/www.hydraulic-cylinders.net\/de\/wp-json\/wp\/v2\/types\/product"}],"replies":[{"embeddable":true,"href":"https:\/\/www.hydraulic-cylinders.net\/de\/wp-json\/wp\/v2\/comments?post=16423"}],"wp:featuredmedia":[{"embeddable":true,"href":"https:\/\/www.hydraulic-cylinders.net\/de\/wp-json\/wp\/v2\/media\/14763"}],"wp:attachment":[{"href":"https:\/\/www.hydraulic-cylinders.net\/de\/wp-json\/wp\/v2\/media?parent=16423"}],"wp:term":[{"taxonomy":"product_brand","embeddable":true,"href":"https:\/\/www.hydraulic-cylinders.net\/de\/wp-json\/wp\/v2\/product_brand?post=16423"},{"taxonomy":"product_cat","embeddable":true,"href":"https:\/\/www.hydraulic-cylinders.net\/de\/wp-json\/wp\/v2\/product_cat?post=16423"},{"taxonomy":"product_tag","embeddable":true,"href":"https:\/\/www.hydraulic-cylinders.net\/de\/wp-json\/wp\/v2\/product_tag?post=16423"}],"curies":[{"name":"wp","href":"https:\/\/api.w.org\/{rel}","templated":true}]}}