{"id":1644,"date":"2023-10-10T06:05:51","date_gmt":"2023-10-10T06:05:51","guid":{"rendered":"https:\/\/hydraulic-cylinders.net\/?post_type=product&#038;p=1644"},"modified":"2025-04-11T02:55:30","modified_gmt":"2025-04-11T02:55:30","slug":"press-clamping-cylinder","status":"publish","type":"product","link":"https:\/\/www.hydraulic-cylinders.net\/de\/produkt\/press-clamping-cylinder\/","title":{"rendered":"Pressen-Spannzylinder"},"content":{"rendered":"<h1 style=\"text-align: center;\"><strong>Pressen-Spannzylinder<\/strong><\/h1>\n<p><img loading=\"lazy\" decoding=\"async\" class=\"aligncenter wp-image-1645\" src=\"https:\/\/hydraulic-cylinders.net\/wp-content\/uploads\/2023\/10\/clamping-cylinder-1-1-300x300.webp\" alt=\"\" width=\"400\" height=\"400\" \/><\/p>\n<p>Der Pressenschlie\u00dfzylinder ist ein hochmodernes Produkt, das in verschiedenen industriellen Anwendungen herausragende Leistung und Zuverl\u00e4ssigkeit bietet. Dank seiner fortschrittlichen Funktionen und robusten Bauweise erm\u00f6glicht dieser Zylinder eine h\u00f6here Schlie\u00dfkraft, pr\u00e4zise Steuerung und gesteigerte Produktivit\u00e4t.<\/p>\n<p>Der Pressenschlie\u00dfzylinder ist ein Meilenstein in industriellen Anwendungen und bietet hohe Schlie\u00dfkr\u00e4fte, pr\u00e4zise Steuerung und schnelle Bedienung. Dank seiner vielseitigen Montagem\u00f6glichkeiten und zuverl\u00e4ssigen Leistung steigert dieser Zylinder Produktivit\u00e4t, Effizienz und Pr\u00e4zision in verschiedenen industriellen Prozessen. Durch die Einhaltung der empfohlenen Anwendungs- und Wartungsmethoden maximieren Sie die Lebensdauer, Zuverl\u00e4ssigkeit und Sicherheit des Pressenschlie\u00dfzylinders in Ihrer Produktionsanlage. Entscheiden Sie sich f\u00fcr diesen Zylinder, um das volle Potenzial Ihrer industriellen Prozesse auszusch\u00f6pfen und schnell \u00fcberragende Ergebnisse zu erzielen.<\/p>\n<p>Wichtigste Merkmale des Pressen-Spannzylinders:<\/p>\n<ol>\n<li>Hohe Klemmkraft:<\/li>\n<\/ol>\n<ul>\n<li>Der Pressenspannzylinder zeichnet sich durch eine hohe Spannkraft aus, die es erm\u00f6glicht, Werkst\u00fccke w\u00e4hrend der Bearbeitung, des Schwei\u00dfens oder der Montage sicher zu fixieren.<\/li>\n<li>Dank seiner robusten Konstruktion und optimierten Ausf\u00fchrung bietet dieser Zylinder eine zuverl\u00e4ssige und gleichm\u00e4\u00dfige Klemmkraft und gew\u00e4hrleistet so Stabilit\u00e4t und Genauigkeit.<\/li>\n<\/ul>\n<ol start=\"2\">\n<li>Pr\u00e4zise Steuerung:<\/li>\n<\/ol>\n<ul>\n<li>Dieser Zylinder verf\u00fcgt \u00fcber pr\u00e4zise Steuermechanismen, die es dem Bediener erm\u00f6glichen, die Klemmkraft genau einzustellen.<\/li>\n<li>Die M\u00f6glichkeit, die Spannkraft feinabzustimmen, gew\u00e4hrleistet einen optimalen Halt, ohne empfindliche Werkst\u00fccke zu besch\u00e4digen, was zu \u00fcberlegener Qualit\u00e4t und weniger Nacharbeit f\u00fchrt.<\/li>\n<\/ul>\n<ol start=\"3\">\n<li>Schnelle Bedienung:<\/li>\n<\/ol>\n<ul>\n<li>Der Pressenschlie\u00dfzylinder ist f\u00fcr schnelle Schlie\u00df- und L\u00f6sevorg\u00e4nge ausgelegt, wodurch Ausfallzeiten minimiert und die Produktivit\u00e4t maximiert werden.<\/li>\n<li>Durch die effiziente Konstruktion und die Hochgeschwindigkeitsbet\u00e4tigung sind schnelle Werkst\u00fcckwechsel m\u00f6glich, wodurch die Zykluszeiten verk\u00fcrzt und die Gesamteffizienz verbessert werden.<\/li>\n<\/ul>\n<ol start=\"4\">\n<li>Vielseitige Montagem\u00f6glichkeiten:<\/li>\n<\/ol>\n<ul>\n<li>Dieser Zylinder bietet vielseitige Montagem\u00f6glichkeiten, darunter Flansch-, Fu\u00df- oder Gewindemontage, und erm\u00f6glicht so eine flexible und nahtlose Integration in verschiedene industrielle Anlagen.<\/li>\n<li>Die Vielfalt der Montagem\u00f6glichkeiten erm\u00f6glicht eine einfache Installation und Integration in bestehende Maschinen oder kundenspezifische Arbeitspl\u00e4tze.<\/li>\n<\/ul>\n<h2><strong>Parameter des Pressen-Spannzylinders:<\/strong><\/h2>\n<table border=\"1\" cellspacing=\"0\" cellpadding=\"0\">\n<tbody>\n<tr>\n<td>Produktname<\/td>\n<td>Spannzylinder f\u00fcr Hydraulikpresse<\/td>\n<\/tr>\n<tr>\n<td>Merkmale:<\/td>\n<td>Ziehen Sie den Klemmkopf fest, der den Stahlbarren oder -block h\u00e4lt.<\/td>\n<\/tr>\n<tr>\n<td>Bohrungsdurchmesser:<\/td>\n<td>125 mm bis 700 mm<\/td>\n<\/tr>\n<tr>\n<td>Stangendurchmesser:<\/td>\n<td>80 mm bis 520 mm<br \/>\nHub \u2264 1200 mm<\/td>\n<\/tr>\n<tr>\n<td>Schubkraft:<\/td>\n<td>Maximal 9621 kN<br \/>\n(Zylinderdurchmesser 700 mm \/ Druck 25 MPa)<\/td>\n<\/tr>\n<tr>\n<td>\u00a0Anwendungen f\u00fcr Spannzylinder:<\/td>\n<td>Hydraulische Presse<\/td>\n<\/tr>\n<\/tbody>\n<\/table>\n<div><\/div>\n<div class=\"txtboxL\">Merkmale:<\/div>\n<div class=\"txtboxR\">Ziehen Sie den Klemmkopf fest, der den Stahlbarren oder -block h\u00e4lt.<\/div>\n<div class=\"txtboxL\">Spezifikation:<\/div>\n<div class=\"txtboxR\">Bohrungsdurchmesser: 125 mm bis 700 mm<br \/>\nStangendurchmesser: 80 mm bis 520 mm<br \/>\nHub \u2264 1200 mm<\/div>\n<div class=\"txtboxL\">Schubkraft:<\/div>\n<div class=\"txtboxR\">Maximal 9621 kN<br \/>\n(Zylinderdurchmesser 700 mm \/ Druck 25 MPa)<\/div>\n<h2><strong>Presszylinderfabrik:<\/strong><\/h2>\n<p><img loading=\"lazy\" decoding=\"async\" class=\"alignnone wp-image-1619 size-full\" src=\"https:\/\/hydraulic-cylinders.net\/wp-content\/uploads\/2023\/10\/press-cylinder.webp\" alt=\"\" width=\"1418\" height=\"946\" srcset=\"https:\/\/hydraulic-cylinders.net\/wp-content\/uploads\/2023\/10\/press-cylinder.webp 1418w, https:\/\/hydraulic-cylinders.net\/wp-content\/uploads\/2023\/10\/press-cylinder-1280x854.webp 1280w, https:\/\/hydraulic-cylinders.net\/wp-content\/uploads\/2023\/10\/press-cylinder-980x654.webp 980w, https:\/\/hydraulic-cylinders.net\/wp-content\/uploads\/2023\/10\/press-cylinder-480x320.webp 480w\" sizes=\"(min-width: 0px) and (max-width: 480px) 480px, (min-width: 481px) and (max-width: 980px) 980px, (min-width: 981px) and (max-width: 1280px) 1280px, (min-width: 1281px) 1418px, 100vw\" \/><\/p>\n<h2><strong>Anwendungsmethode des Pressenspannzylinders<\/strong><strong>:<\/strong><\/h2>\n<ol>\n<li><strong>Montage und Installation:<\/strong><\/li>\n<\/ol>\n<ul>\n<li>W\u00e4hlen Sie zun\u00e4chst die f\u00fcr Ihre Anwendung geeignete Montageart aus, z. B. Flansch, Fu\u00df oder Gewindek\u00f6rper.<\/li>\n<li>Befolgen Sie die Anweisungen oder Richtlinien des Herstellers, um den Pressenspannzylinder sicher an der gew\u00fcnschten Stelle zu montieren und dabei die korrekte Ausrichtung und Stabilit\u00e4t zu gew\u00e4hrleisten.<\/li>\n<\/ul>\n<ol start=\"2\">\n<li><strong>Einstellen der Klemmkraft:<\/strong><\/li>\n<\/ol>\n<ul>\n<li>Je nach den Anforderungen Ihrer Anwendung k\u00f6nnen Sie mithilfe der bereitgestellten Bedienelemente oder Einstellmechanismen die gew\u00fcnschte Klemmkraft einstellen.<\/li>\n<li>Um die optimale Spannkraft f\u00fcr beste Ergebnisse zu erzielen, m\u00fcssen Werkst\u00fcckmaterial, Gr\u00f6\u00dfe und Bearbeitungsanforderungen sorgf\u00e4ltig ber\u00fccksichtigt werden.<\/li>\n<\/ul>\n<ol start=\"3\">\n<li><strong>Werkst\u00fcckspannung:<\/strong><\/li>\n<\/ol>\n<ul>\n<li>Positionieren Sie das Werkst\u00fcck innerhalb des Spannbereichs des Pressenspannzylinders.<\/li>\n<li>Durch Aktivierung des Zylinders wird die Klemmkraft aufgebracht, wodurch ein sicherer Halt des Werkst\u00fccks gew\u00e4hrleistet wird.<\/li>\n<li>Pr\u00fcfen Sie, ob die Klemmkraft ausreicht, um das Werkst\u00fcck w\u00e4hrend des erforderlichen Arbeitsgangs festzuhalten.<\/li>\n<\/ul>\n<h2><strong>Wie entfernt man die Endkappe eines Hydraulikzylinders?<\/strong><\/h2>\n<div class=\"ChatMessage_chatMessage__xkgHx\" data-complete=\"true\">\n<div class=\"ChatMessage_botMessageHeader__8yA1R\">\n<div class=\"ChatMessage_headerWrapper__UeGSI\">\n<div class=\"ChatMessage_badge__ah1FU\">Das Entfernen der Endkappe eines Hydraulikzylinders ist ein unkomplizierter Vorgang, der einige wichtige Werkzeuge und sorgf\u00e4ltiges Vorgehen erfordert. Hier finden Sie eine Schritt-f\u00fcr-Schritt-Anleitung zum Entfernen der Endkappe eines Hydraulikzylinders:<\/div>\n<\/div>\n<\/div>\n<div class=\"ChatMessage_messageRow__DHlnq\">\n<div class=\"ChatMessage_messageWrapper__4Ugd6\">\n<div class=\"Message_row__ug_UU\">\n<div class=\"Message_botMessageBubble__aYctV\">\n<div class=\"Markdown_markdownContainer__Tz3HQ\">\n<ol>\n<li><strong>Sicherheit geht vor:<\/strong> Bevor Sie mit Arbeiten am Hydraulikzylinder beginnen, stellen Sie sicher, dass das System drucklos ist und die Hydraulikzufuhr vollst\u00e4ndig abgeschaltet ist. Dadurch werden unerwartete Bewegungen oder ein Austreten von Hydraulikfl\u00fcssigkeit verhindert.<\/li>\n<li><strong>Werkzeuge sammeln:<\/strong> Sie ben\u00f6tigen geeignetes Werkzeug, darunter Schraubenschl\u00fcssel, Steckschl\u00fcssels\u00e4tze, einen Gummihammer und ein Brecheisen oder einen Schraubendreher.<\/li>\n<li><strong>Identifizieren Sie die Endkappe:<\/strong> Die Endkappe befindet sich typischerweise an einem Ende des Hydraulikzylinders und wird mit Schrauben oder Sicherungsringen befestigt.<\/li>\n<li><strong>Zugriff auf die Bolzen:<\/strong> Ist die Endkappe mit Schrauben befestigt, l\u00f6sen und entfernen Sie diese mit dem passenden Schraubenschl\u00fcssel oder Steckschl\u00fcsselsatz. Beginnen Sie, indem Sie die Schrauben \u00fcber Kreuz l\u00f6sen, um eine gleichm\u00e4\u00dfige Druckentlastung zu gew\u00e4hrleisten.<\/li>\n<li><strong>Die Sicherungsringe entfernen:<\/strong> Die Endkappe kann mitunter durch Sicherungsringe befestigt sein. Hebeln Sie die Sicherungsringe vorsichtig mit einem Hebel oder Schraubendreher ab, ohne dabei den Zylinder oder die Endkappe zu besch\u00e4digen.<\/li>\n<li><strong>Leicht antippen:<\/strong> Nach dem Entfernen der Schrauben oder Sicherungsringe kann die Endkappe aufgrund von Hydraulikdruck oder Reibung noch fest sitzen. Klopfen Sie vorsichtig mit einem Gummihammer am Rand der Endkappe entlang. Dadurch l\u00f6sen sich Klebstoff- oder Dichtungsreste und die Endkappe kann sich lockern.<\/li>\n<li><strong>Die Endkappe abhebeln:<\/strong> Nachdem die Endkappe gel\u00f6st ist, hebeln Sie sie vorsichtig mit einem Brecheisen oder Schraubendreher ab. Beginnen Sie an einer Kante und arbeiten Sie sich rundherum vor. \u00dcben Sie dabei sanften und gleichm\u00e4\u00dfigen Druck aus, um Besch\u00e4digungen am Zylinder oder der Endkappe zu vermeiden. Klopfen Sie leicht mit einem Gummihammer auf das Brecheisen, um das L\u00f6sen der Endkappe zu erleichtern.<\/li>\n<li><strong>Pr\u00fcfen und Reinigen:<\/strong> Nach dem Abnehmen der Endkappe diese auf Besch\u00e4digungen, Verschlei\u00df oder Undichtigkeiten pr\u00fcfen. Achten Sie auf Dichtungen oder Dichtungsringe, die gegebenenfalls ausgetauscht werden m\u00fcssen. Reinigen Sie die Endkappe und die Zylinderbefestigungsfl\u00e4che gr\u00fcndlich, um eine einwandfreie Abdichtung beim Zusammenbau zu gew\u00e4hrleisten.<\/li>\n<\/ol>\n<\/div>\n<\/div>\n<\/div>\n<\/div>\n<\/div>\n<\/div>\n<h2><strong>F\u00e4higkeit und Kapazit\u00e4t der Fabrik:<\/strong><\/h2>\n<h3>(1) Montage<\/h3>\n<p>Wir verf\u00fcgen \u00fcber eine erstklassige, unabh\u00e4ngige Forschungs- und Entwicklungsmontageplattform. Die Hydraulikzylinder-Produktionswerkstatt verf\u00fcgt \u00fcber vier halbautomatische Montagelinien f\u00fcr Hubzylinder und eine automatische Montagelinie f\u00fcr Kippzylinder mit einer geplanten j\u00e4hrlichen Produktionskapazit\u00e4t von 1 Million St\u00fcck. Die Spezialzylinderwerkstatt ist mit verschiedenen Spezifikationen eines halbautomatischen Reinigungsmontagesystems mit einer geplanten j\u00e4hrlichen Produktionskapazit\u00e4t von 200.000 ausgestattet und mit renommierten CNC-Bearbeitungsger\u00e4ten, einem Bearbeitungszentrum, einer hochpr\u00e4zisen Spezialausr\u00fcstung f\u00fcr die Zylinderverarbeitung, einer Roboterschwei\u00dfmaschine, einer automatischen Reinigungsmaschine, einer automatischen Zylindermontagemaschine und einer automatischen Lackierproduktionslinie ausgestattet. Es sind mehr als 300 Sets (S\u00e4tze) an kritischer Ausr\u00fcstung vorhanden. Die optimale Zuweisung und effiziente Nutzung der Ausr\u00fcstungsressourcen gew\u00e4hrleistet die Genauigkeitsanforderungen der Produkte und erf\u00fcllt die hohen Qualit\u00e4tsanforderungen der Produkte.<\/p>\n<p><img loading=\"lazy\" decoding=\"async\" class=\"alignnone wp-image-626\" src=\"https:\/\/hydraulic-cylinders.net\/wp-content\/uploads\/2023\/08\/hydraulic-cylinder-product-1-300x158.webp\" alt=\"\" width=\"495\" height=\"260\" srcset=\"https:\/\/hydraulic-cylinders.net\/wp-content\/uploads\/2023\/08\/hydraulic-cylinder-product-1-300x158.webp 495w, https:\/\/hydraulic-cylinders.net\/wp-content\/uploads\/2023\/08\/hydraulic-cylinder-product-1-480x252.webp 480w\" sizes=\"(min-width: 0px) and (max-width: 480px) 480px, (min-width: 481px) 495px, 100vw\" \/> <img loading=\"lazy\" decoding=\"async\" class=\"alignnone wp-image-627\" src=\"https:\/\/hydraulic-cylinders.net\/wp-content\/uploads\/2023\/08\/hydraulic-cylinder-product-2-300x189.webp\" alt=\"\" width=\"413\" height=\"260\" \/><\/p>\n<h3>(2) Bearbeitungen<\/h3>\n<p>Die Bearbeitungswerkstatt ist mit einem ma\u00dfgeschneiderten Schr\u00e4gschienen-Drehzentrum, einem Bearbeitungszentrum, einer Hochgeschwindigkeits-Honmaschine, einem Schwei\u00dfroboter und anderen zugeh\u00f6rigen Ger\u00e4ten ausgestattet, die die Bearbeitung von Zylinderrohren mit einem maximalen Innendurchmesser von 400 mm und einer maximalen L\u00e4nge von 6 Metern erm\u00f6glichen.<\/p>\n<p><img loading=\"lazy\" decoding=\"async\" class=\"alignnone wp-image-628 size-large\" src=\"https:\/\/hydraulic-cylinders.net\/wp-content\/uploads\/2023\/08\/hydraulic-cylinder-product-3-1024x391.webp\" alt=\"\" width=\"1024\" height=\"391\" srcset=\"https:\/\/hydraulic-cylinders.net\/wp-content\/uploads\/2023\/08\/hydraulic-cylinder-product-3-980x374.webp 980w, https:\/\/hydraulic-cylinders.net\/wp-content\/uploads\/2023\/08\/hydraulic-cylinder-product-3-480x183.webp 480w\" sizes=\"(min-width: 0px) and (max-width: 480px) 480px, (min-width: 481px) and (max-width: 980px) 980px, (min-width: 981px) 1024px, 100vw\" \/><\/p>\n<h3>(3) Schwei\u00dfen<\/h3>\n<p><img loading=\"lazy\" decoding=\"async\" class=\"alignnone wp-image-629 size-large\" src=\"https:\/\/hydraulic-cylinders.net\/wp-content\/uploads\/2023\/08\/hydraulic-cylinder-product-4-1024x510.webp\" alt=\"\" width=\"1024\" height=\"510\" srcset=\"https:\/\/hydraulic-cylinders.net\/wp-content\/uploads\/2023\/08\/hydraulic-cylinder-product-4-980x488.webp 980w, https:\/\/hydraulic-cylinders.net\/wp-content\/uploads\/2023\/08\/hydraulic-cylinder-product-4-480x239.webp 480w\" sizes=\"(min-width: 0px) and (max-width: 480px) 480px, (min-width: 481px) and (max-width: 980px) 980px, (min-width: 981px) 1024px, 100vw\" \/><\/p>\n<h3>(4) Malerei und Beschichtung<\/h3>\n<p>Mit kleinen und mittleren Zylinder automatische Lackieranlagen auf Wasserbasis, zu erreichen automatische Roboter Be-und Entladen und automatische Spritzen, die Design-Kapazit\u00e4t von 4000 St\u00fcck pro Schicht;<br \/>\nWir verf\u00fcgen auch \u00fcber eine halbautomatische Lackieranlage f\u00fcr gro\u00dfe Zylinder, die von einer Energiekette angetrieben wird und eine Kapazit\u00e4t von 60 Kisten pro Schicht hat.<\/p>\n<p><img loading=\"lazy\" decoding=\"async\" class=\"alignnone wp-image-630\" src=\"https:\/\/hydraulic-cylinders.net\/wp-content\/uploads\/2023\/08\/hydraulic-cylinder-product-5-300x213.webp\" alt=\"\" width=\"366\" height=\"260\" \/> <img loading=\"lazy\" decoding=\"async\" class=\"alignnone wp-image-631\" src=\"https:\/\/hydraulic-cylinders.net\/wp-content\/uploads\/2023\/08\/hydraulic-cylinder-product-6-300x225.webp\" alt=\"\" width=\"347\" height=\"260\" \/><\/p>\n<h3>(5) Pr\u00fcfung<\/h3>\n<p>Wir verf\u00fcgen \u00fcber erstklassige Pr\u00fcfeinrichtungen und Pr\u00fcfst\u00e4nde, um sicherzustellen, dass die Leistung des Zylinders den Anforderungen entspricht.<\/p>\n<p><img loading=\"lazy\" decoding=\"async\" class=\"alignnone wp-image-632\" src=\"https:\/\/hydraulic-cylinders.net\/wp-content\/uploads\/2023\/08\/hydraulic-cylinder-product-8-300x200.webp\" alt=\"\" width=\"389\" height=\"260\" \/><\/p>\n<p>&nbsp;<\/p>\n<p>&nbsp;<\/p>\n<p>Wir sind einer der besten Hydraulikzylinderhersteller. Wir k\u00f6nnen umfassende Hydraulikzylinder anbieten. Wir bieten auch entsprechende <a href=\"https:\/\/hzpt.com\/agricultural-pto-gearbox\/\" target=\"_blank\" rel=\"noopener\">landwirtschaftliche Getriebe<\/a>. Wir haben unsere Produkte an Kunden weltweit exportiert und uns aufgrund unserer hervorragenden Produktqualit\u00e4t und unseres Kundendienstes einen guten Ruf erworben. Wir begr\u00fc\u00dfen Kunden im In- und Ausland, die uns kontaktieren, um Gesch\u00e4fte zu verhandeln, Informationen auszutauschen und <a href=\"https:\/\/www.hydraulic-cylinders.net\/de\/contact-us\/\">mit uns zusammenarbeiten<\/a>!<\/p>","protected":false},"excerpt":{"rendered":"<p>Press Clamping Cylinder The press clamping cylinder is a cutting-edge product that delivers exceptional performance and reliability in various industrial applications. With its advanced features and robust design, this cylinder offers enhanced clamping force, precise control, and improved productivity. The press clamping cylinder is a game-changer in industrial applications, offering high clamping force, precise control, [&hellip;]<\/p>","protected":false},"featured_media":1646,"comment_status":"open","ping_status":"closed","template":"","meta":{"_et_pb_use_builder":"","_et_pb_old_content":"","_et_gb_content_width":""},"product_brand":[],"product_cat":[1522,1549,1376],"product_tag":[1380],"class_list":{"0":"post-1644","1":"product","2":"type-product","3":"status-publish","4":"has-post-thumbnail","6":"product_cat-press-hydraulic-cylinders","7":"product_cat-single-acting-hydraulic-cylinder","8":"product_cat-hydraulic-cylinder","9":"product_tag-hydraulic-cylinder","11":"first","12":"instock","13":"shipping-taxable","14":"product-type-simple"},"amp_enabled":true,"_links":{"self":[{"href":"https:\/\/www.hydraulic-cylinders.net\/de\/wp-json\/wp\/v2\/product\/1644","targetHints":{"allow":["GET"]}}],"collection":[{"href":"https:\/\/www.hydraulic-cylinders.net\/de\/wp-json\/wp\/v2\/product"}],"about":[{"href":"https:\/\/www.hydraulic-cylinders.net\/de\/wp-json\/wp\/v2\/types\/product"}],"replies":[{"embeddable":true,"href":"https:\/\/www.hydraulic-cylinders.net\/de\/wp-json\/wp\/v2\/comments?post=1644"}],"wp:featuredmedia":[{"embeddable":true,"href":"https:\/\/www.hydraulic-cylinders.net\/de\/wp-json\/wp\/v2\/media\/1646"}],"wp:attachment":[{"href":"https:\/\/www.hydraulic-cylinders.net\/de\/wp-json\/wp\/v2\/media?parent=1644"}],"wp:term":[{"taxonomy":"product_brand","embeddable":true,"href":"https:\/\/www.hydraulic-cylinders.net\/de\/wp-json\/wp\/v2\/product_brand?post=1644"},{"taxonomy":"product_cat","embeddable":true,"href":"https:\/\/www.hydraulic-cylinders.net\/de\/wp-json\/wp\/v2\/product_cat?post=1644"},{"taxonomy":"product_tag","embeddable":true,"href":"https:\/\/www.hydraulic-cylinders.net\/de\/wp-json\/wp\/v2\/product_tag?post=1644"}],"curies":[{"name":"wp","href":"https:\/\/api.w.org\/{rel}","templated":true}]}}