{"id":16472,"date":"2025-01-21T05:27:41","date_gmt":"2025-01-21T05:27:41","guid":{"rendered":"https:\/\/www.hydraulic-cylinders.net\/product\/arm-cylinder-for-lishide-middle-excavator-sc270-8lc\/"},"modified":"2025-01-21T05:27:43","modified_gmt":"2025-01-21T05:27:43","slug":"arm-cylinder-for-lishide-middle-excavator-sc270-8lc","status":"publish","type":"product","link":"https:\/\/www.hydraulic-cylinders.net\/de\/produkt\/arm-cylinder-for-lishide-middle-excavator-sc270-8lc\/","title":{"rendered":"Armzylinder f\u00fcr Lishide Mittelbagger SC270.8LC"},"content":{"rendered":"<h1>Armzylinder f\u00fcr Lishide Mittelbagger SC270.8LC<\/h1>\n<h2>Einf\u00fchrung<\/h2>\n<p>Der Armzylinder f\u00fcr den Lishide-Mittelbagger SC270.8LC ist ein Spezialhydraulikzylinder, der f\u00fcr die lineare Bewegung und Kraft\u00fcbertragung am Arm verschiedener Maschinentypen wie Bagger, Krane und Roboterarme entwickelt wurde. Als zentrales Element in Hydrauliksystemen erm\u00f6glicht der Armzylinder die effiziente Bewegung und Steuerung von Anbauger\u00e4ten. Diese Zylinder gew\u00e4hrleisten nicht nur eine reibungslose Bewegung, sondern halten auch hohen Belastungen stand und garantieren so hohe Betriebseffizienz und Zuverl\u00e4ssigkeit unter verschiedensten Arbeitsbedingungen.<\/p>\n<p><img decoding=\"async\" src=\"https:\/\/www.hydraulic-cylinders.net\/wp-content\/uploads\/2025\/01\/songte-company-2.webp\" alt=\"Bild des Armzylinders\"><\/p>\n<h2>Merkmale<\/h2>\n<ul>\n<li><strong>Hocheffiziente \u00dcbertragung:<\/strong> Der Armzylinder sorgt f\u00fcr eine kraftvolle lineare Bewegung und Kraft und gew\u00e4hrleistet so die hohe Leistungsf\u00e4higkeit des mechanischen Arms bei verschiedenen Operationen.<\/li>\n<li><strong>Pr\u00e4zise Steuerung:<\/strong> Durch das Hydrauliksystem erm\u00f6glicht der Armzylinder eine pr\u00e4zise Bewegungssteuerung, wodurch der Betrieb der angebrachten Werkzeuge flexibler und genauer wird.<\/li>\n<li><strong>Haltbarkeit:<\/strong> Armzylinder werden typischerweise aus hochfesten Werkstoffen hergestellt und bieten eine ausgezeichnete Verschlei\u00df- und Korrosionsbest\u00e4ndigkeit, die f\u00fcr den Langzeiteinsatz in rauen Umgebungen geeignet ist.<\/li>\n<li><strong>Multifunktionale Anpassungsf\u00e4higkeit:<\/strong> Diese Zylinder finden breite Anwendung in verschiedenen Maschinen wie Baggern, Kr\u00e4nen und Roboterarmen und passen sich unterschiedlichen Arbeitsanforderungen an.<\/li>\n<li><strong>Einfache Wartung:<\/strong> Der Armzylinder wurde mit Blick auf einfache Wartung und Austauschbarkeit entwickelt und erm\u00f6glicht so bequeme regelm\u00e4\u00dfige Inspektionen und Wartungsarbeiten, wodurch Ausfallzeiten der Ausr\u00fcstung reduziert werden.<\/li>\n<\/ul>\n<p><img decoding=\"async\" src=\"https:\/\/www.hydraulic-cylinders.net\/wp-content\/uploads\/2025\/01\/songte-oil-pipes-and-spare-parts.webp\" alt=\"Hydraulikzylinderteile\"><\/p>\n<h2>Anwendungen<\/h2>\n<p>Der Armzylinder f\u00fcr den Lishide-Mittelbagger SC270.8LC findet in verschiedenen Branchen und Sektoren breite Anwendung:<\/p>\n<h3>1. Bauingenieurwesen<\/h3>\n<p>Bei Baggern und Kr\u00e4nen steuert der Armzylinder die Bewegung der Schaufel oder des Auslegers und erm\u00f6glicht so Erdarbeiten, Materialtransport und die Montage von Bauwerken.<\/p>\n<h3>2. Fertigungsindustrie<\/h3>\n<p>In automatisierten Produktionslinien erleichtert der Armzylinder die Bewegung von Roboterarmen bei Montage-, Schwei\u00df- und Handhabungsprozessen und steigert so die Produktionseffizienz und -pr\u00e4zision.<\/p>\n<h3>3. Landwirtschaftliche Maschinen<\/h3>\n<p>Bei landwirtschaftlichen Maschinen wie M\u00e4hdreschern und S\u00e4maschinen steuert der Armzylinder die Bewegung der Arbeitsarme, die Aufgaben wie S\u00e4en, D\u00fcngen und Ernten ausf\u00fchren.<\/p>\n<h3>4. Bergbau<\/h3>\n<p>Bei Bergbaumaschinen reguliert der Armzylinder die Bewegung des Arms beim Abbau und Transport von Erzen.<\/p>\n<h3>5. Logistik und Transport<\/h3>\n<p>Bei Gabelstaplern und Handhabungsrobotern steuert der Armzylinder das Anheben und Bewegen der Gabeln und erm\u00f6glicht so die Handhabung und Stapelung von Materialien.<\/p>\n<h2>Design\u00fcberlegungen und Auswahlkriterien<\/h2>\n<p>Der Armzylinder f\u00fcr den Lishide Mittelbagger SC270.8LC wurde unter Ber\u00fccksichtigung verschiedener Aspekte konstruiert, um eine optimale Leistung zu gew\u00e4hrleisten:<\/p>\n<ul>\n<li><strong>Belastbarkeit:<\/strong> Der Zylinder ist so konstruiert, dass er den vorgegebenen Belastungsanforderungen standh\u00e4lt.<\/li>\n<li><strong>Versiegelung:<\/strong> Es werden verschiedene Dichtungselemente wie Kolbendichtungen und Stangendichtungen verwendet, wobei verschlei\u00dffeste Materialien wie Polyurethan und Nitrilkautschuk zum Einsatz kommen.<\/li>\n<li><strong>Haltbarkeit:<\/strong> Der Zylinderk\u00f6rper und die Gewindeenden werden einer sorgf\u00e4ltigen Oberfl\u00e4chenbehandlung unterzogen, um die Verschlei\u00dffestigkeit zu erh\u00f6hen.<\/li>\n<li><strong>Sicherheit:<\/strong> Um einen sicheren Betrieb bei verschiedenen Anwendungen zu gew\u00e4hrleisten, sind Sicherheitsma\u00dfnahmen integriert.<\/li>\n<li><strong>Wartbarkeit:<\/strong> Die Zylinderkonstruktion erm\u00f6glicht eine einfache Wartung und einen unkomplizierten Austausch, wodurch Ausfallzeiten reduziert werden.<\/li>\n<\/ul>\n<p><img decoding=\"async\" src=\"https:\/\/www.hydraulic-cylinders.net\/wp-content\/uploads\/2025\/01\/songte-cylinder-head-with-all-kinds-excavator-models.webp\" alt=\"Zylinderkopf\"><\/p>\n<h2>Abdichtung und Schmierung<\/h2>\n<p>Der Armzylinder des Lishide-Mittelbaggers SC270.8LC verwendet verschiedene Dichtungen, darunter Kolben- und Stangendichtungen, aus verschlei\u00dffesten Materialien wie Polyurethan und Nitrilkautschuk. Zylinderk\u00f6rper und Gewindeenden sind feinbearbeitet, um die Verschlei\u00dffestigkeit zu erh\u00f6hen. Regelm\u00e4\u00dfige Schmierung mit geeignetem Hydraulik\u00f6l ist f\u00fcr einen reibungslosen Betrieb unerl\u00e4sslich.<\/p>\n<h2>Regelm\u00e4\u00dfige Inspektion und vorbeugende Wartung<\/h2>\n<p>Um eine optimale Leistung zu gew\u00e4hrleisten und die Lebensdauer des Armzylinders zu verl\u00e4ngern, ist es unerl\u00e4sslich, regelm\u00e4\u00dfige Inspektionen durchzuf\u00fchren und vorbeugende Wartungsma\u00dfnahmen umzusetzen:<\/p>\n<ul>\n<li>Pr\u00fcfen Sie den Zylinder auf Anzeichen von Verschlei\u00df, Besch\u00e4digungen oder Undichtigkeiten.<\/li>\n<li>Pr\u00fcfen und ersetzen Sie gegebenenfalls verschlissene Dichtungen und Bauteile.<\/li>\n<li>Pr\u00fcfen Sie, ob das Schmiersystem ordnungsgem\u00e4\u00df funktioniert und f\u00fcllen Sie gegebenenfalls Hydraulik\u00f6l nach.<\/li>\n<li>F\u00fchren Sie Tests durch, um die pr\u00e4zise Steuerung und Sicherheit des Armzylinders zu gew\u00e4hrleisten.<\/li>\n<\/ul>\n<p><img decoding=\"async\" src=\"https:\/\/www.hydraulic-cylinders.net\/wp-content\/uploads\/2025\/01\/songte-chushion-collar.webp\" alt=\"Chushion-Halsband\"><\/p>\n<h2>Produktinstallationshandbuch<\/h2>\n<p>Die korrekte Montage des Armzylinders f\u00fcr den Lishide-Mittelbagger SC270.8LC ist entscheidend f\u00fcr seine optimale Leistung. Befolgen Sie diese Schritte f\u00fcr die korrekte Montage:<\/p>\n<ol>\n<li>Stellen Sie sicher, dass der Bagger oder die Maschine ordnungsgem\u00e4\u00df abgest\u00fctzt und gesichert ist.<\/li>\n<li>Reinigen und pr\u00fcfen Sie alle Verbindungsteile sorgf\u00e4ltig, um sicherzustellen, dass sie frei von Verunreinigungen, Besch\u00e4digungen oder M\u00e4ngeln sind.<\/li>\n<li>Geeignete Dichtungsmaterialien verwenden und bei der Montage auf korrekte Ausrichtung achten.<\/li>\n<li>Ziehen Sie alle Verbindungen mit den vom Hersteller vorgegebenen Drehmomentwerten fest.<\/li>\n<li>F\u00fchren Sie einen Funktionstest durch, um sicherzustellen, dass der Armzylinder reibungslos und sicher funktioniert.<\/li>\n<\/ol>\n<p><img decoding=\"async\" src=\"https:\/\/www.hydraulic-cylinders.net\/wp-content\/uploads\/2025\/01\/songte-bushings-with-all-kinds-of-excavator-models.webp\" alt=\"Buchsen\"><\/p>\n<h2>Sicherheitsaspekte und Umweltfaktoren<\/h2>\n<p>Bei der Verwendung des Armzylinders f\u00fcr den Lishide-Mittelbagger SC270.8LC ist es aufgrund der Art der Bedienung unerl\u00e4sslich, Sicherheitsma\u00dfnahmen zu beachten. Die Einhaltung der Sicherheitsvorkehrungen gew\u00e4hrleistet den Schutz von Personal und Ausr\u00fcstung w\u00e4hrend des Einsatzes.<\/p>\n<h2>Fehlerbehebung und h\u00e4ufige Probleme<\/h2>\n<p>Hier sind einige g\u00e4ngige Tipps und L\u00f6sungen zur Fehlerbehebung bei potenziellen Problemen mit dem Armzylinder:<\/p>\n<ul>\n<li><strong>Ausgabe:<\/strong> Der Zylinder f\u00e4hrt weder aus noch ein.<\/li>\n<ul>\n<li><strong>L\u00f6sung:<\/strong> Pr\u00fcfen Sie, ob es Probleme mit dem Hydraulikdruck, besch\u00e4digte Dichtungen oder Verstopfungen im Hydrauliksystem gibt.<\/li>\n<\/ul>\n<li><strong>Ausgabe:<\/strong> Der Zylinder bewegt sich langsam oder mit reduzierter Kraft.<\/li>\n<ul>\n<li><strong>L\u00f6sung:<\/strong> \u00dcberpr\u00fcfen Sie das Hydrauliksystem auf niedrige \u00d6lst\u00e4nde, Leckagen oder besch\u00e4digte Bauteile, die die Leistung des Zylinders beeintr\u00e4chtigen k\u00f6nnten.<\/li>\n<\/ul>\n<li><strong>Ausgabe:<\/strong> Der Zylinder weist Anzeichen von Undichtigkeit auf.<\/li>\n<ul>\n<li><strong>L\u00f6sung:<\/strong> Pr\u00fcfen und ersetzen Sie verschlissene Dichtungen, ziehen Sie Verbindungen fest und untersuchen Sie den Zylinderk\u00f6rper auf Besch\u00e4digungen.<\/li>\n<\/ul>\n<\/ul>\n<p><img decoding=\"async\" src=\"https:\/\/www.hydraulic-cylinders.net\/wp-content\/uploads\/2025\/01\/songte-company-4.webp\" alt=\"Firmenimage\"><\/p>\n<p>Wir sind ein professioneller Hersteller von Hydraulikzylindern und bieten ein breites Produktsortiment. Als einer der f\u00fchrenden Hersteller und Gro\u00dfh\u00e4ndler von Hydraulikzylindern auf nationalen und internationalen M\u00e4rkten legen wir gr\u00f6\u00dften Wert auf h\u00f6chste Qualit\u00e4t. Durch den Einsatz industrialisierter Produktionsmanagementstrategien in unserer modernen Fertigungshalle verbessern wir kontinuierlich unser technisches Know-how und unsere Produktionseffizienz.<\/p>\n<p>Durch den Einsatz fortschrittlicher digitaler Fertigungsanlagen und professioneller Testsysteme optimieren wir unsere Fertigungsplattform und verbessern unsere Prozesse zur Produktqualit\u00e4tskontrolle, wodurch wir unsere Innovationskraft st\u00e4rken. Unser Ziel ist es, die vielf\u00e4ltigen Kundenbed\u00fcrfnisse mit h\u00f6chster Effizienz, Pr\u00e4zision und Qualit\u00e4t zu erf\u00fcllen.<\/p>\n<p><img decoding=\"async\" src=\"https:\/\/www.hydraulic-cylinders.net\/wp-content\/uploads\/2025\/01\/songte-company-3.webp\" alt=\"Firmenimage\"><\/p>\n<p>Mit unserer Professionalit\u00e4t, internationalen Zertifizierungen, ma\u00dfgeschneiderten Dienstleistungen, fortschrittlichen Produktionsanlagen und umfassenden Kundendienstleistungen m\u00f6chten wir Ihnen einen umfassenden Einblick in unser Unternehmen geben.<\/p>","protected":false},"excerpt":{"rendered":"<p>Arm Cylinder For Lishide Middle Excavator SC270.8LC Introduction The Arm Cylinder for Lishide Middle Excavator SC270.8LC is a specialized hydraulic cylinder designed to provide linear motion and power to the arm of various types of machinery, such as excavators, cranes, and robotic arms. Serving a crucial role in hydraulic systems, the arm cylinder enables efficient [&hellip;]<\/p>","protected":false},"featured_media":14770,"comment_status":"open","ping_status":"closed","template":"","meta":{"_et_pb_use_builder":"","_et_pb_old_content":"","_et_gb_content_width":""},"product_brand":[],"product_cat":[1497],"product_tag":[1498,1496],"class_list":{"0":"post-16472","1":"product","2":"type-product","3":"status-publish","4":"has-post-thumbnail","6":"product_cat-arm-cylinders","7":"product_tag-arm-cylinders","8":"product_tag-hydraulic-cylinders","10":"first","11":"instock","12":"shipping-taxable","13":"product-type-simple"},"amp_enabled":true,"_links":{"self":[{"href":"https:\/\/www.hydraulic-cylinders.net\/de\/wp-json\/wp\/v2\/product\/16472","targetHints":{"allow":["GET"]}}],"collection":[{"href":"https:\/\/www.hydraulic-cylinders.net\/de\/wp-json\/wp\/v2\/product"}],"about":[{"href":"https:\/\/www.hydraulic-cylinders.net\/de\/wp-json\/wp\/v2\/types\/product"}],"replies":[{"embeddable":true,"href":"https:\/\/www.hydraulic-cylinders.net\/de\/wp-json\/wp\/v2\/comments?post=16472"}],"wp:featuredmedia":[{"embeddable":true,"href":"https:\/\/www.hydraulic-cylinders.net\/de\/wp-json\/wp\/v2\/media\/14770"}],"wp:attachment":[{"href":"https:\/\/www.hydraulic-cylinders.net\/de\/wp-json\/wp\/v2\/media?parent=16472"}],"wp:term":[{"taxonomy":"product_brand","embeddable":true,"href":"https:\/\/www.hydraulic-cylinders.net\/de\/wp-json\/wp\/v2\/product_brand?post=16472"},{"taxonomy":"product_cat","embeddable":true,"href":"https:\/\/www.hydraulic-cylinders.net\/de\/wp-json\/wp\/v2\/product_cat?post=16472"},{"taxonomy":"product_tag","embeddable":true,"href":"https:\/\/www.hydraulic-cylinders.net\/de\/wp-json\/wp\/v2\/product_tag?post=16472"}],"curies":[{"name":"wp","href":"https:\/\/api.w.org\/{rel}","templated":true}]}}