{"id":16553,"date":"2025-01-21T05:33:31","date_gmt":"2025-01-21T05:33:31","guid":{"rendered":"https:\/\/www.hydraulic-cylinders.net\/product\/arm-cylinder-for-jcm-middle-excavator-jcm921f\/"},"modified":"2025-01-21T05:33:32","modified_gmt":"2025-01-21T05:33:32","slug":"arm-cylinder-for-jcm-middle-excavator-jcm921f","status":"publish","type":"product","link":"https:\/\/www.hydraulic-cylinders.net\/de\/produkt\/arm-cylinder-for-jcm-middle-excavator-jcm921f\/","title":{"rendered":"Armzylinder f\u00fcr JCM-Mittelbagger JCM921F"},"content":{"rendered":"<p>Armzylinder f\u00fcr JCM-Mittelbagger JCM921F<\/p>\n<p>Einf\u00fchrung<br \/>\nDer Armzylinder ist ein speziell entwickelter Hydraulikzylinder, der die Arme verschiedener Maschinen wie Bagger, Kr\u00e4ne und Roboterarme linear bewegt und mit Kraft versorgt. Er spielt eine Schl\u00fcsselrolle im Hydrauliksystem und erm\u00f6glicht die effektive Bewegung und Steuerung von Anbauger\u00e4ten. Diese Zylinder gew\u00e4hrleisten nicht nur eine gleichm\u00e4\u00dfige Bewegung, sondern halten auch hohen Belastungen stand und sichern so den effizienten und zuverl\u00e4ssigen Betrieb der Maschinen unter verschiedensten Arbeitsbedingungen.<\/p>\n<p><img loading=\"lazy\" decoding=\"async\" src=\"https:\/\/www.hydraulic-cylinders.net\/wp-content\/uploads\/2025\/01\/songte-company-2.webp\" alt=\"Armzylinder\" width=\"400\" height=\"267\"><\/p>\n<p>Definition und Erkl\u00e4rung<br \/>\nArmzylinder sind wesentliche Bestandteile des Hydrauliksystems in Baumaschinen. Sie dienen der linearen Bewegung und Kraft\u00fcbertragung auf die Arme verschiedener Maschinentypen wie Bagger, Kr\u00e4ne und Roboterarme. Der Armzylinder erm\u00f6glicht die reibungslose Bewegung und Steuerung von Anbauger\u00e4ten und ist somit unerl\u00e4sslich f\u00fcr den effizienten Betrieb und die Zuverl\u00e4ssigkeit der Maschinen. Diese Zylinder spielen eine entscheidende Rolle im Hydrauliksystem, indem sie die effektive Bewegung und Steuerung von Anbauger\u00e4ten wie Schaufeln und Auslegern erm\u00f6glichen. Armzylinder werden aus hochfesten Materialien gefertigt und gew\u00e4hrleisten so Langlebigkeit und Zuverl\u00e4ssigkeit unter verschiedenen Einsatzbedingungen.<\/p>\n<p>Merkmale<br \/>\nArmzylinder weisen folgende Hauptmerkmale auf:<\/p>\n<h2>Hocheffiziente \u00dcbertragung<\/h2>\n<p>Die Armzylinder sorgen f\u00fcr eine kraftvolle lineare Bewegung und Kraft und gew\u00e4hrleisten so einen hohen Wirkungsgrad beim Betrieb der Maschinen.<\/p>\n<h2>Pr\u00e4zise Steuerung<\/h2>\n<p>Durch das Hydrauliksystem k\u00f6nnen die Armzylinder eine pr\u00e4zise Bewegungssteuerung erreichen, wodurch der Einsatz zus\u00e4tzlicher Werkzeuge flexibler und genauer wird.<\/p>\n<h2>Haltbarkeit<\/h2>\n<p>Armzylinder werden \u00fcblicherweise aus hochfesten Werkstoffen gefertigt, wodurch sie \u00e4u\u00dferst verschlei\u00df- und korrosionsbest\u00e4ndig sind und sich f\u00fcr den Langzeiteinsatz unter rauen Bedingungen eignen.<\/p>\n<h2>Multifunktionale Anpassungsf\u00e4higkeit<\/h2>\n<p>Diese Zylinder werden in verschiedenen Maschinentypen wie Baggern, Kr\u00e4nen und Roboterarmen eingesetzt und an unterschiedliche Arbeitsanforderungen angepasst.<\/p>\n<h2>Einfache Wartung<\/h2>\n<p>Die Armzylinder sind so konstruiert, dass sie leicht gewartet und ausgetauscht werden k\u00f6nnen, was regelm\u00e4\u00dfige Kontrollen und Wartungsarbeiten bequemer macht und die Ausfallzeiten der Ger\u00e4te reduziert.<\/p>\n<p>Wir k\u00f6nnen dieses Produkt herstellen, das diese Hydraulikzylinder perfekt ersetzen kann.<\/p>\n<p><img loading=\"lazy\" decoding=\"async\" src=\"https:\/\/www.hydraulic-cylinders.net\/wp-content\/uploads\/2025\/01\/songte-oil-pipes-and-spare-parts.webp\" alt=\"Hydraulikzylinderteile\" width=\"400\" height=\"267\"><\/p>\n<p>Anwendungen<br \/>\nArmzylinder finden in verschiedenen Branchen vielf\u00e4ltige Anwendung, zum Beispiel:<\/p>\n<h2>Bauingenieurwesen<\/h2>\n<p>Armzylinder steuern die Bewegung von Schaufeln oder Auslegern in Baggern und Kr\u00e4nen, die Erdarbeiten, Materialtransport und die Montage von Bauwerken durchf\u00fchren.<\/p>\n<h2>Fertigungsindustrie<\/h2>\n<p>Armzylinder steuern die Bewegung von mechanischen Armen in automatisierten Produktionslinien f\u00fcr Montage-, Schwei\u00df- und Handhabungsvorg\u00e4nge und verbessern so die Produktionseffizienz und -genauigkeit.<\/p>\n<h2>Landmaschinen<\/h2>\n<p>Armzylinder steuern den Arbeitsarm in landwirtschaftlichen Maschinen wie M\u00e4hdreschern und S\u00e4maschinen und f\u00fchren Aufgaben wie Pflanzen, D\u00fcngen und Ernten aus.<\/p>\n<h2>Bergbau<\/h2>\n<p>Armzylinder steuern die Armbewegung in Bergbauger\u00e4ten und f\u00fchren so Abbau- und Transportvorg\u00e4nge durch.<\/p>\n<h2>Logistik und Transport<\/h2>\n<p>Armzylinder steuern die Bewegung der Lastgabeln in Gabelstaplern und Handhabungsrobotern und erm\u00f6glichen so das Handling und Stapeln von Materialien.<\/p>\n<p>Design\u00fcberlegungen und Auswahlstandards<br \/>\nArmzylinder unterliegen spezifischen Konstruktions\u00fcberlegungen und Auswahlkriterien, um ihre optimale Leistung zu gew\u00e4hrleisten. Diese sind:<\/p>\n<h2>Belastbarkeit<\/h2>\n<p>Die Armzylinder m\u00fcssen in der Lage sein, die von der Maschine ausge\u00fcbte Last zu tragen.<\/p>\n<h2>Versiegelung<\/h2>\n<p>Armzylinder ben\u00f6tigen verschiedene Dichtungen, wie z. B. Kolbendichtungen und Stangendichtungen, um Leckagen zu verhindern und den effizienten Betrieb des Zylinders zu gew\u00e4hrleisten.<\/p>\n<h2>Haltbarkeit<\/h2>\n<p>Die Armzylinder sollten aus hochwertigen Materialien gefertigt sein, um Langlebigkeit und Zuverl\u00e4ssigkeit unter verschiedenen Arbeitsbedingungen zu gew\u00e4hrleisten.<\/p>\n<h2>Sicherheit<\/h2>\n<p>Bei der Konstruktion von Armzylindern sollte besonderer Wert auf Sicherheit gelegt werden, um sicherzustellen, dass sie den erforderlichen Kr\u00e4ften standhalten und Unf\u00e4lle verhindern.<\/p>\n<h2>Wartung<\/h2>\n<p>Die Zylinder der Ausleger sollten so konstruiert sein, dass sie leicht gewartet und ausgetauscht werden k\u00f6nnen, um regelm\u00e4\u00dfige Kontrollen und Wartungsarbeiten zu erm\u00f6glichen und so die Ausfallzeiten der Ausr\u00fcstung zu reduzieren.<\/p>\n<p><img loading=\"lazy\" decoding=\"async\" src=\"https:\/\/www.hydraulic-cylinders.net\/wp-content\/uploads\/2025\/01\/songte-cylinder-head-with-all-kinds-excavator-models.webp\" alt=\"Zylinderkopf\" width=\"400\" height=\"267\"><\/p>\n<p>Abdichtung und Schmierung<br \/>\nArmzylinder ben\u00f6tigen verschiedene Dichtungstypen, wie Kolben- und Stangendichtungen, aus verschlei\u00dffesten Materialien wie Polyurethan und Nitrilkautschuk, um Leckagen zu verhindern und den effizienten Betrieb des Zylinders zu gew\u00e4hrleisten. Zylinderk\u00f6rper und Gewindefl\u00e4chen m\u00fcssen pr\u00e4zise bearbeitet sein, um die Verschlei\u00dffestigkeit zu verbessern. Regelm\u00e4\u00dfige Schmierung mit einer angemessenen Menge Hydraulik\u00f6l ist erforderlich.<\/p>\n<p>Wartungs- und Pr\u00e4ventivma\u00dfnahmen<br \/>\nRegelm\u00e4\u00dfige Wartungspr\u00fcfungen und vorbeugende Ma\u00dfnahmen sind unerl\u00e4sslich, um die optimale Leistung der Armzylinder zu gew\u00e4hrleisten. Zu den vorbeugenden Ma\u00dfnahmen geh\u00f6ren:<\/p>\n<h2>Regelm\u00e4\u00dfige Inspektion<\/h2>\n<p>\u00dcberpr\u00fcfung des Zylinders auf Undichtigkeiten, Besch\u00e4digungen und Verschlei\u00df sowie Austausch verschlissener Teile.<\/p>\n<h2>Reinigung<\/h2>\n<p>Den Zylinder sauber halten, um zu verhindern, dass Staub, Schmutz und andere Verunreinigungen seine Leistung beeintr\u00e4chtigen.<\/p>\n<h2>Schmierung<\/h2>\n<p>Den Zylinder regelm\u00e4\u00dfig mit der entsprechenden Menge Hydraulik\u00f6l schmieren, um Verschlei\u00df vorzubeugen und seine Lebensdauer zu verl\u00e4ngern.<\/p>\n<h2>Sachgerechte Lagerung<\/h2>\n<p>Lagern Sie den Zylinder an einem trockenen, k\u00fchlen Ort, um Rost und andere Sch\u00e4den zu vermeiden.<\/p>\n<h2>Teileaustausch<\/h2>\n<p>Durch den Austausch verschlissener Teile wie Dichtungen und Kolben wird der effiziente Betrieb des Zylinders sichergestellt.<\/p>\n<p><img loading=\"lazy\" decoding=\"async\" src=\"https:\/\/www.hydraulic-cylinders.net\/wp-content\/uploads\/2025\/01\/songte-chushion-collar.webp\" alt=\"Kissenkragen\" width=\"400\" height=\"267\"><\/p>\n<p>Installationsanleitung<br \/>\nF\u00fcr die Installation von Armzylindern sind spezifische Schritte erforderlich, um eine optimale Leistung zu gew\u00e4hrleisten. Diese sind:<\/p>\n<h2>Vorbereitung<\/h2>\n<p>Bereiten Sie die notwendigen Werkzeuge, die Schutzausr\u00fcstung und den Zylinder vor.<\/p>\n<h2>Inspektion<\/h2>\n<p>Pr\u00fcfen Sie den Zylinder vor dem Einbau auf Besch\u00e4digungen oder M\u00e4ngel.<\/p>\n<h2>Demontage<\/h2>\n<p>Den alten Zylinder zerlegen und aus der Maschine ausbauen.<\/p>\n<h2>Installation<\/h2>\n<p>Bauen Sie den neuen Armzylinder gem\u00e4\u00df den Anweisungen des Herstellers ein.<\/p>\n<h2>Pr\u00fcfung<\/h2>\n<p>Pr\u00fcfen Sie den neuen Armzylinder auf ordnungsgem\u00e4\u00dfe Funktion und Dichtheit.<\/p>\n<p>Sicherheits- und Umweltaspekte<br \/>\nArmzylinder erfordern spezielle Sicherheitsma\u00dfnahmen, um Unf\u00e4lle w\u00e4hrend des Betriebs zu verhindern. Zu diesen Sicherheitsma\u00dfnahmen geh\u00f6ren:<\/p>\n<h2>Richtiges Training<\/h2>\n<p>Eine angemessene Schulung der Bediener ist erforderlich, um sicherzustellen, dass sie die Ger\u00e4te und deren sichere Bedienung verstehen.<\/p>\n<h2>Regelm\u00e4\u00dfige Wartung<\/h2>\n<p>Regelm\u00e4\u00dfige Wartungspr\u00fcfungen gew\u00e4hrleisten die optimale Leistung des Zylinders und beugen Unf\u00e4llen vor.<\/p>\n<h2>Umweltschutz<\/h2>\n<p>Ordnungsgem\u00e4\u00dfe Entsorgung von Hydraulik\u00f6l und anderen Gefahrstoffen, die beim Betrieb von Armzylindern verwendet werden, zum Schutz der Umwelt.<\/p>\n<p>Fehlerdiagnose und h\u00e4ufige Probleme<br \/>\nArmzylinder k\u00f6nnen verschiedene h\u00e4ufige Probleme aufweisen, darunter Leckagen, Besch\u00e4digungen und Verschlei\u00df. Um diese Probleme zu diagnostizieren und zu beheben, befolgen Sie die nachstehenden Richtlinien:<\/p>\n<h2>Leckage<\/h2>\n<p>Undichtigkeiten k\u00f6nnen durch verschlissene Dichtungen entstehen. Tauschen Sie die Dichtungen aus, um das Problem zu beheben.<\/p>\n<h2>Schaden<\/h2>\n<p>Besch\u00e4digungen k\u00f6nnen durch unsachgem\u00e4\u00dfe Bedienung oder \u00e4u\u00dfere Einfl\u00fcsse entstehen. \u00dcberpr\u00fcfen Sie den Zylinder und tauschen Sie besch\u00e4digte Teile aus.<\/p>\n<h2>Tragen<\/h2>\n<p>Verschlei\u00df kann durch l\u00e4ngere Nutzung entstehen. Regelm\u00e4\u00dfige Wartung und der Austausch verschlissener Teile k\u00f6nnen Verschlei\u00df vorbeugen.<\/p>\n<p><img loading=\"lazy\" decoding=\"async\" src=\"https:\/\/www.hydraulic-cylinders.net\/wp-content\/uploads\/2025\/01\/songte-bushings-with-all-kinds-of-excavator-models.webp\" alt=\"Buchsen\" width=\"400\" height=\"267\"><\/p>\n<p>Fehlerbehebung und Pr\u00e4vention<br \/>\nUm h\u00e4ufig auftretenden Problemen vorzubeugen, ergreifen Sie folgende Ma\u00dfnahmen:<\/p>\n<h2>Regelm\u00e4\u00dfige Wartungschecks<\/h2>\n<p>Regelm\u00e4\u00dfige Wartungspr\u00fcfungen zur Vorbeugung von Verschlei\u00df und Besch\u00e4digungen.<\/p>\n<h2>Richtiges Training<\/h2>\n<p>Eine angemessene Schulung der Maschinenbediener ist erforderlich, um den optimalen Betrieb der Maschinen zu gew\u00e4hrleisten.<\/p>\n<h2>Geeignete Schmierung<\/h2>\n<p>Angemessene Schmierung zur Vermeidung von Verschlei\u00df und zur Verl\u00e4ngerung der Lebensdauer des Zylinders.<\/p>\n<h2>Austausch verschlissener Teile<\/h2>\n<p>Durch den Austausch verschlissener Teile wird ein effizienter Betrieb des Zylinders gew\u00e4hrleistet.<\/p>\n<p>Abschluss<br \/>\nWir sind ein professioneller Hersteller von Hydraulikzylindern mit einem breiten Produktsortiment und geh\u00f6ren damit zu den weltweit f\u00fchrenden Herstellern und Gro\u00dfh\u00e4ndlern von Hydraulikzylindern. Wir verpflichten uns zu h\u00f6chster Qualit\u00e4t und verbessern kontinuierlich unsere technischen F\u00e4higkeiten und unsere Produktionseffizienz. Durch den Einsatz modernster digitaler Fertigungsanlagen und professioneller Testsysteme optimieren wir unsere Fertigungsplattform und verbessern unsere Produktqualit\u00e4tskontrolle. Unser Ziel ist es, die vielf\u00e4ltigen Bed\u00fcrfnisse unserer Kunden durch hohe Effizienz, Pr\u00e4zision und erstklassige Qualit\u00e4t zu erf\u00fcllen.<\/p>\n<p><img loading=\"lazy\" decoding=\"async\" src=\"https:\/\/www.hydraulic-cylinders.net\/wp-content\/uploads\/2025\/01\/songte-company-4.webp\" alt=\"Unternehmen\" width=\"400\" height=\"267\"><\/p>\n<p>Wir sind ein Unternehmen, das Wert auf Professionalit\u00e4t, internationale Zertifizierung, kundenspezifische Dienstleistungen, Produktionsanlagen und Kundendienst legt. <\/p>\n<p><img loading=\"lazy\" decoding=\"async\" src=\"https:\/\/www.hydraulic-cylinders.net\/wp-content\/uploads\/2025\/01\/songte-company-3.webp\" alt=\"Fabrik\" width=\"400\" height=\"267\"><\/p>\n<p>Autor: lyl<\/p>","protected":false},"excerpt":{"rendered":"<p>Arm Cylinder for JCM Middle Excavator JCM921F Introduction Arm cylinder is a specially designed hydraulic cylinder used to provide linear motion and power to the arms of various types of machinery such as excavators, cranes, and mechanical arms. The arm cylinder plays a key role in the hydraulic system, enabling the effective movement and control [&hellip;]<\/p>","protected":false},"featured_media":14766,"comment_status":"open","ping_status":"closed","template":"","meta":{"_et_pb_use_builder":"","_et_pb_old_content":"","_et_gb_content_width":""},"product_brand":[],"product_cat":[1497],"product_tag":[1498,1496],"class_list":{"0":"post-16553","1":"product","2":"type-product","3":"status-publish","4":"has-post-thumbnail","6":"product_cat-arm-cylinders","7":"product_tag-arm-cylinders","8":"product_tag-hydraulic-cylinders","10":"first","11":"instock","12":"shipping-taxable","13":"product-type-simple"},"amp_enabled":true,"_links":{"self":[{"href":"https:\/\/www.hydraulic-cylinders.net\/de\/wp-json\/wp\/v2\/product\/16553","targetHints":{"allow":["GET"]}}],"collection":[{"href":"https:\/\/www.hydraulic-cylinders.net\/de\/wp-json\/wp\/v2\/product"}],"about":[{"href":"https:\/\/www.hydraulic-cylinders.net\/de\/wp-json\/wp\/v2\/types\/product"}],"replies":[{"embeddable":true,"href":"https:\/\/www.hydraulic-cylinders.net\/de\/wp-json\/wp\/v2\/comments?post=16553"}],"wp:featuredmedia":[{"embeddable":true,"href":"https:\/\/www.hydraulic-cylinders.net\/de\/wp-json\/wp\/v2\/media\/14766"}],"wp:attachment":[{"href":"https:\/\/www.hydraulic-cylinders.net\/de\/wp-json\/wp\/v2\/media?parent=16553"}],"wp:term":[{"taxonomy":"product_brand","embeddable":true,"href":"https:\/\/www.hydraulic-cylinders.net\/de\/wp-json\/wp\/v2\/product_brand?post=16553"},{"taxonomy":"product_cat","embeddable":true,"href":"https:\/\/www.hydraulic-cylinders.net\/de\/wp-json\/wp\/v2\/product_cat?post=16553"},{"taxonomy":"product_tag","embeddable":true,"href":"https:\/\/www.hydraulic-cylinders.net\/de\/wp-json\/wp\/v2\/product_tag?post=16553"}],"curies":[{"name":"wp","href":"https:\/\/api.w.org\/{rel}","templated":true}]}}