{"id":16622,"date":"2025-01-21T05:38:33","date_gmt":"2025-01-21T05:38:33","guid":{"rendered":"https:\/\/www.hydraulic-cylinders.net\/product\/arm-cylinder-for-bobcat-small-excavator-e45\/"},"modified":"2025-01-21T05:38:35","modified_gmt":"2025-01-21T05:38:35","slug":"arm-cylinder-for-bobcat-small-excavator-e45","status":"publish","type":"product","link":"https:\/\/www.hydraulic-cylinders.net\/de\/produkt\/arm-cylinder-for-bobcat-small-excavator-e45\/","title":{"rendered":"Armzylinder f\u00fcr Bobcat Kleinbagger E45"},"content":{"rendered":"<h2>Armzylinder f\u00fcr Bobcat Kleinbagger E45<\/h2>\n<h3>Definition und Erkl\u00e4rung<\/h3>\n<p>Ein Armzylinder ist ein speziell entwickelter Hydraulikzylinder, der prim\u00e4r zur linearen Bewegung und Kraft\u00fcbertragung an den Armen verschiedener Maschinentypen wie Baggern, Kr\u00e4nen und Roboterarmen dient. Armzylinder spielen eine Schl\u00fcsselrolle in Hydrauliksystemen und erm\u00f6glichen die effektive Bewegung und Steuerung von Anbauger\u00e4ten oder Zubeh\u00f6r. Diese Zylinder gew\u00e4hrleisten nicht nur eine gleichm\u00e4\u00dfige Bewegung, sondern halten auch hohen Belastungen stand und sichern so den effizienten Betrieb und die Zuverl\u00e4ssigkeit der Maschinen unter verschiedenen Einsatzbedingungen.<\/p>\n<p><img decoding=\"async\" src=\"https:\/\/www.hydraulic-cylinders.net\/wp-content\/uploads\/2025\/01\/songte-company-2.webp\"><\/p>\n<h3>Merkmale<\/h3>\n<ul>\n<li>Hocheffizientes Fahren<\/li>\n<li>Pr\u00e4zisionskontrolle<\/li>\n<li>Dauerhaft<\/li>\n<li>Multifunktionale Anpassungsf\u00e4higkeit<\/li>\n<li>Einfache Wartung<\/li>\n<\/ul>\n<p>Armzylinder erm\u00f6glichen kraftvolle Linearbewegungen und gew\u00e4hrleisten so einen hohen Wirkungsgrad bei verschiedenen Anwendungen. Hydraulische Systeme erlauben eine pr\u00e4zise Bewegungssteuerung und machen den Einsatz von Anbauger\u00e4ten flexibler und genauer. Armzylinder bestehen typischerweise aus hochfesten Materialien, sind verschlei\u00df- und korrosionsbest\u00e4ndig und eignen sich f\u00fcr den Langzeiteinsatz unter rauen Bedingungen. Sie finden breite Anwendung, beispielsweise in Baggern, Kr\u00e4nen und Roboterarmen. Ihre Konstruktion erm\u00f6glicht eine einfache Wartung und einen unkomplizierten Austausch, wodurch Ausfallzeiten minimiert werden.<\/p>\n<p><img decoding=\"async\" src=\"https:\/\/www.hydraulic-cylinders.net\/wp-content\/uploads\/2025\/01\/songte-oil-pipes-and-spare-parts.webp\"><\/p>\n<h3>Anwendungen<\/h3>\n<p>Armzylinder finden in verschiedenen Branchen vielf\u00e4ltige Anwendung, unter anderem in folgenden Bereichen:<\/p>\n<ul>\n<li>Bauingenieurwesen<\/li>\n<li>Herstellung<\/li>\n<li>Landmaschinen<\/li>\n<li>Bergbau<\/li>\n<li>Logistik und Transport<\/li>\n<\/ul>\n<p>Im Bauwesen werden Armzylinder zur Steuerung der Bewegung von Schaufeln oder Auslegern an Baggern und Kr\u00e4nen eingesetzt, um Erdarbeiten, Materialtransport und die Montage von Bauteilen durchzuf\u00fchren. In der Fertigung dienen Armzylinder der Bewegung von Roboterarmen bei Montage-, Schwei\u00df- und Handhabungsprozessen, um die Produktionseffizienz und -genauigkeit zu verbessern. In der Landwirtschaft steuern Armzylinder die Bewegung von Arbeitsarmen bei Aufgaben wie S\u00e4en, D\u00fcngen und Ernten. Im Bergbau werden Armzylinder zur Steuerung der Armbewegung von Bergbauger\u00e4ten f\u00fcr den Erzabbau und -transport verwendet. In der Logistik und im Transportwesen steuern Armzylinder das Heben und Bewegen von Lastgabeln an Gabelstaplern und Handhabungsrobotern f\u00fcr Materialtransport und Stapelung.<\/p>\n<h3>Design\u00fcberlegungen und Auswahlkriterien<\/h3>\n<p>Hinsichtlich der Konstruktions\u00fcberlegungen sollten Armzylinder folgende Eigenschaften aufweisen:<\/p>\n<ul>\n<li>Tragf\u00e4higkeit<\/li>\n<li>Dichtungsleistung<\/li>\n<li>Haltbarkeit<\/li>\n<li>Sicherheit<\/li>\n<li>Wartbarkeit<\/li>\n<\/ul>\n<p>Die Hydraulikzylinder des Arms m\u00fcssen der maximalen Belastung der Maschine und ihrer Anbauteile standhalten. Die Dichtleistung des Armzylinders beeinflusst direkt die Zuverl\u00e4ssigkeit und Lebensdauer des Hydrauliksystems. Die Langlebigkeit des Zylinders ist entscheidend f\u00fcr seine Lebensdauer und den sicheren Betrieb der Maschine. Die sichere Konstruktion des Armzylinders gew\u00e4hrleistet den sicheren Betrieb der Maschine und sch\u00fctzt den Bediener. Die Wartungsfreundlichkeit des Armzylinders vereinfacht Wartung und Austausch und reduziert Maschinenstillstandszeiten.<\/p>\n<p><img decoding=\"async\" src=\"https:\/\/www.hydraulic-cylinders.net\/wp-content\/uploads\/2025\/01\/songte-cylinder-head-with-all-kinds-excavator-models.webp\"><\/p>\n<h3>Abdichtung und Schmierung<\/h3>\n<p>Armzylinder verwenden verschiedene Dichtungselemente wie Kolbendichtungen, Stangendichtungen und Abstreifer. Die Dichtungen bestehen aus verschlei\u00dffesten Materialien wie Polyurethan und Nitrilkautschuk. Zylinderk\u00f6rper und Gewindeendfl\u00e4che sind pr\u00e4zise bearbeitet, um die Verschlei\u00dffestigkeit zu verbessern. Armzylinder m\u00fcssen regelm\u00e4\u00dfig mit Hydraulik\u00f6l geschmiert werden, um einen reibungslosen Betrieb zu gew\u00e4hrleisten und ihre Lebensdauer zu verl\u00e4ngern.<\/p>\n<h3>Vorbeugende Wartung<\/h3>\n<p>Regelm\u00e4\u00dfige Inspektion und vorbeugende Wartung sind entscheidend, um die Lebensdauer des Armzylinders zu verl\u00e4ngern und einen sicheren und effizienten Betrieb der Anlage zu gew\u00e4hrleisten. Die regelm\u00e4\u00dfigen Inspektionen sollten die \u00dcberpr\u00fcfung von Besch\u00e4digungen am Zylinderk\u00f6rper, der Kolbenstange und den Dichtungen umfassen. Das Hydrauliksystem ist auf Leckagen zu pr\u00fcfen, und \u00d6lstand und -qualit\u00e4t sind zu kontrollieren. Auch die Betriebsbedingungen der Anlage sind regelm\u00e4\u00dfig zu \u00fcberpr\u00fcfen, um potenzielle Probleme fr\u00fchzeitig zu erkennen.<\/p>\n<h3>Installationsanleitung<\/h3>\n<p>Die fachgerechte Installation des Armzylinders ist f\u00fcr einen sicheren und effizienten Betrieb unerl\u00e4sslich. Die Installation muss gem\u00e4\u00df den Anweisungen des Ger\u00e4teherstellers erfolgen, und alle Verbindungen m\u00fcssen fest angezogen werden. Die Hydraulikleitungen und -armaturen m\u00fcssen korrekt angeschlossen und das Hydrauliksystem vor der Inbetriebnahme entl\u00fcftet werden. Die Kolbenstange des Armzylinders muss w\u00e4hrend des Transports und der Installation eingefahren werden, um Besch\u00e4digungen zu vermeiden.<\/p>\n<p><img decoding=\"async\" src=\"https:\/\/www.hydraulic-cylinders.net\/wp-content\/uploads\/2025\/01\/songte-bushings-with-all-kinds-of-excavator-models.webp\"><\/p>\n<h3>Sicherheitsaspekte und Umweltfaktoren<\/h3>\n<p>Bei der Verwendung des Armzylinders ist das Ger\u00e4t gem\u00e4\u00df den Anweisungen und Sicherheitsrichtlinien des Herstellers zu bedienen. Der Bediener muss entsprechend geschult sein und sich der potenziellen Gefahren w\u00e4hrend des Betriebs bewusst sein. W\u00e4hrend des Betriebs ist geeignete Schutzausr\u00fcstung wie Schutzbrille und Handschuhe zu tragen. Umgebungsfaktoren wie Temperatur, Luftfeuchtigkeit und Staub sind ebenfalls zu ber\u00fccksichtigen, da sie die Leistung und Lebensdauer des Zylinders beeinflussen k\u00f6nnen.<\/p>\n<h3>Fehlerbehebung und h\u00e4ufige Probleme<\/h3>\n<p>H\u00e4ufige Probleme mit Armzylindern sind Leckagen, unzureichende Kraft und ungew\u00f6hnliche Ger\u00e4usche. Die Ursache sollte durch eine sorgf\u00e4ltige Pr\u00fcfung des Hydrauliksystems bzw. der Anlage ermittelt werden. M\u00f6gliche L\u00f6sungen sind der Austausch besch\u00e4digter Dichtungen, die Reinigung oder der Austausch des Filters sowie die Anpassung des Hydraulikdrucks. Regelm\u00e4\u00dfige Wartung und Inspektion beugen potenziellen Problemen vor.<\/p>\n<p><img decoding=\"async\" src=\"https:\/\/www.hydraulic-cylinders.net\/wp-content\/uploads\/2025\/01\/songte-chushion-collar.webp\"><\/p>\n<h3>\u00dcber uns<\/h3>\n<p>Wir sind ein professioneller Hersteller von Hydraulikzylindern mit einem breiten Produktsortiment und z\u00e4hlen damit zu den f\u00fchrenden Herstellern und Gro\u00dfh\u00e4ndlern auf nationalen und internationalen M\u00e4rkten. Wir legen gr\u00f6\u00dften Wert auf h\u00f6chste Qualit\u00e4t und setzen in unseren hochmodernen Fertigungsst\u00e4tten auf bew\u00e4hrte Produktionsmanagementstrategien, um unser technologisches Niveau und unsere Produktionseffizienz kontinuierlich zu verbessern. Durch den Einsatz fortschrittlicher digitaler Fertigungsanlagen und professioneller Testsysteme optimieren wir unsere Fertigungsplattform, verbessern unsere Produktqualit\u00e4tskontrollprozesse und verf\u00fcgen \u00fcber eine hohe Innovationskraft. Unser Ziel ist es, die vielf\u00e4ltigen Bed\u00fcrfnisse unserer Kunden mit h\u00f6chster Effizienz, Pr\u00e4zision und Qualit\u00e4t zu erf\u00fcllen.<\/p>\n<p>Unser Unternehmen bietet kundenspezifische Hydraulikzylinderprodukte, internationale Zertifizierung, Produktionsanlagen und einen exzellenten Kundendienst.<\/p>\n<p><img decoding=\"async\" src=\"https:\/\/www.hydraulic-cylinders.net\/wp-content\/uploads\/2025\/01\/songte-company-4.webp\"><br \/>\n<img decoding=\"async\" src=\"https:\/\/www.hydraulic-cylinders.net\/wp-content\/uploads\/2025\/01\/songte-company-3.webp\"><\/p>\n<p>Autor: lyl<\/p>","protected":false},"excerpt":{"rendered":"<p>Arm Cylinder for Bobcat Small Excavator E45 Definition and Explanation An arm cylinder is a specifically designed hydraulic cylinder that is primarily used to provide linear motion and power to the arms of various types of machinery such as excavators, cranes, and robotic arms. Arm cylinders play a key role in hydraulic systems, allowing for [&hellip;]<\/p>","protected":false},"featured_media":14770,"comment_status":"open","ping_status":"closed","template":"","meta":{"_et_pb_use_builder":"","_et_pb_old_content":"","_et_gb_content_width":""},"product_brand":[],"product_cat":[1497],"product_tag":[1498,1496],"class_list":{"0":"post-16622","1":"product","2":"type-product","3":"status-publish","4":"has-post-thumbnail","6":"product_cat-arm-cylinders","7":"product_tag-arm-cylinders","8":"product_tag-hydraulic-cylinders","10":"first","11":"instock","12":"shipping-taxable","13":"product-type-simple"},"amp_enabled":true,"_links":{"self":[{"href":"https:\/\/www.hydraulic-cylinders.net\/de\/wp-json\/wp\/v2\/product\/16622","targetHints":{"allow":["GET"]}}],"collection":[{"href":"https:\/\/www.hydraulic-cylinders.net\/de\/wp-json\/wp\/v2\/product"}],"about":[{"href":"https:\/\/www.hydraulic-cylinders.net\/de\/wp-json\/wp\/v2\/types\/product"}],"replies":[{"embeddable":true,"href":"https:\/\/www.hydraulic-cylinders.net\/de\/wp-json\/wp\/v2\/comments?post=16622"}],"wp:featuredmedia":[{"embeddable":true,"href":"https:\/\/www.hydraulic-cylinders.net\/de\/wp-json\/wp\/v2\/media\/14770"}],"wp:attachment":[{"href":"https:\/\/www.hydraulic-cylinders.net\/de\/wp-json\/wp\/v2\/media?parent=16622"}],"wp:term":[{"taxonomy":"product_brand","embeddable":true,"href":"https:\/\/www.hydraulic-cylinders.net\/de\/wp-json\/wp\/v2\/product_brand?post=16622"},{"taxonomy":"product_cat","embeddable":true,"href":"https:\/\/www.hydraulic-cylinders.net\/de\/wp-json\/wp\/v2\/product_cat?post=16622"},{"taxonomy":"product_tag","embeddable":true,"href":"https:\/\/www.hydraulic-cylinders.net\/de\/wp-json\/wp\/v2\/product_tag?post=16622"}],"curies":[{"name":"wp","href":"https:\/\/api.w.org\/{rel}","templated":true}]}}