{"id":1682,"date":"2023-10-11T06:14:39","date_gmt":"2023-10-11T06:14:39","guid":{"rendered":"https:\/\/hydraulic-cylinders.net\/?post_type=product&#038;p=1682"},"modified":"2025-04-11T03:46:09","modified_gmt":"2025-04-11T03:46:09","slug":"press-rear-side-shift-cylinder","status":"publish","type":"product","link":"https:\/\/www.hydraulic-cylinders.net\/de\/produkt\/press-rear-side-shift-cylinder\/","title":{"rendered":"Dr\u00fccken Sie den hinteren seitlichen Schaltzylinder"},"content":{"rendered":"<h1 style=\"text-align: center;\"><strong>Dr\u00fccken Sie den hinteren seitlichen Schaltzylinder<\/strong><\/h1>\n<p><img loading=\"lazy\" decoding=\"async\" class=\"aligncenter wp-image-1684\" src=\"https:\/\/hydraulic-cylinders.net\/wp-content\/uploads\/2023\/10\/rear-side-shift-cylinder-1-300x300.webp\" alt=\"\" width=\"400\" height=\"400\" \/><\/p>\n<p>Der r\u00fcckseitig verschiebbare Presszylinder ist ein hochmodernes Werkzeug zur Steigerung von Effizienz und Pr\u00e4zision beim Pressen. Dank seiner innovativen r\u00fcckseitigen Verschiebung erm\u00f6glicht dieser Zylinder die nahtlose Justierung der Werkst\u00fccke w\u00e4hrend des Pressvorgangs, gew\u00e4hrleistet so eine pr\u00e4zise Ausrichtung und reduziert die R\u00fcstzeiten.<\/p>\n<p>Der r\u00fcckseitige Verschiebezylinder revolutioniert Pressprozesse. Dank seiner r\u00fcckseitigen Verschiebefunktion, pr\u00e4zisen Ausrichtung, einstellbaren Verschiebebereichs und schnellen Reaktionsf\u00e4higkeit erm\u00f6glicht dieser Zylinder pr\u00e4zise und effiziente Pressergebnisse. Durch die Einhaltung der empfohlenen Anwendungs- und Wartungsmethoden maximieren Sie Leistung, Lebensdauer und Sicherheit des r\u00fcckseitigen Verschiebezylinders in Ihren Pressanwendungen. Steigern Sie Ihre Pressleistung und erleben Sie \u00fcberlegene Ausrichtung und Effizienz mit diesem hochmodernen Zylinder.<\/p>\n<p>Hauptmerkmale des hinteren seitlichen Schaltzylinders:<\/p>\n<ol>\n<li>M\u00f6glichkeit zum seitlichen Verschieben nach hinten:\n<ul>\n<li>Der r\u00fcckseitige Verschiebezylinder der Presse ist speziell so konstruiert, dass er ein pr\u00e4zises Verschieben der Werkst\u00fccke nach hinten w\u00e4hrend des Pressvorgangs erm\u00f6glicht.<\/li>\n<li>Es erm\u00f6glicht dem Bediener, die Position des Werkst\u00fccks m\u00fchelos anzupassen, wodurch eine optimale Ausrichtung gew\u00e4hrleistet und der Bedarf an manuellen Justierungen minimiert wird.<\/li>\n<\/ul>\n<\/li>\n<li>Pr\u00e4zise Ausrichtung:\n<ul>\n<li>Dieser Zylinder gew\u00e4hrleistet eine genaue Ausrichtung des Werkst\u00fccks, verringert das Risiko von Fehlausrichtungen und erh\u00f6ht die Gesamtpr\u00e4zision.<\/li>\n<li>Die durch den seitlichen Verschiebezylinder der Presse erreichte pr\u00e4zise Ausrichtung f\u00fchrt zu einer verbesserten Produktqualit\u00e4t und reduzierten Ausschussquoten.<\/li>\n<\/ul>\n<\/li>\n<li>Einstellbarer Schaltbereich:\n<ul>\n<li>Der Zylinder bietet einen einstellbaren Schaltbereich, sodass der Bediener den Umfang der Verschiebung nach hinten an die jeweiligen Anwendungsanforderungen anpassen kann.<\/li>\n<li>Die Flexibilit\u00e4t, den Verstellbereich anzupassen, gew\u00e4hrleistet die Kompatibilit\u00e4t mit unterschiedlichen Werkst\u00fcckgr\u00f6\u00dfen, -formen und Pressanforderungen.<\/li>\n<\/ul>\n<\/li>\n<li>Schnell und reaktionsschnell:\n<ul>\n<li>Der seitliche Verstellzylinder der Presse verf\u00fcgt \u00fcber einen schnellen und reaktionsschnellen Schaltmechanismus, der rasche Anpassungen w\u00e4hrend des Pressvorgangs erm\u00f6glicht.<\/li>\n<li>Durch die schnelle Schaltvorg\u00e4nge wird die Gesamtzykluszeit verk\u00fcrzt, wodurch Produktivit\u00e4t und Durchsatz bei Pressanwendungen maximiert werden.<\/li>\n<\/ul>\n<\/li>\n<\/ol>\n<h2><strong>Parameter des hinteren seitlichen Schaltzylinders:<\/strong><\/h2>\n<table border=\"1\" cellspacing=\"0\" cellpadding=\"0\">\n<tbody>\n<tr>\n<td>Produktname<\/td>\n<td>Hydraulikpresse Frontseiten-Verschiebezylinder<\/td>\n<\/tr>\n<tr>\n<td>Merkmale:<\/td>\n<td>Bewegen Sie das Werkst\u00fcck horizontal.<\/td>\n<\/tr>\n<tr>\n<td>P\u00fcmpel:<\/td>\n<td>80 mm bis 240 mm<br \/>\nHub \u2264 300 mm<\/td>\n<\/tr>\n<tr>\n<td>Schubkraft:<\/td>\n<td>Maximal 1130 kN<br \/>\n(Kolben 240 mm \/ Druck 25 MPa)<\/td>\n<\/tr>\n<tr>\n<td>Anwendungsbereiche f\u00fcr den vorderen seitlichen Schaltzylinder:<\/td>\n<td>Hydraulische Presse<\/td>\n<\/tr>\n<\/tbody>\n<\/table>\n<div><\/div>\n<div>\n<div class=\"txtboxL\">\n<div class=\"txtboxL\">\n<div class=\"txtboxL\">Merkmale:<\/div>\n<div class=\"txtboxR\">Zusammenarbeiten, um das Anheben des Klemmkopfes des Manipulators zu realisieren<\/div>\n<div class=\"txtboxL\">Spezifikation:<\/div>\n<div class=\"txtboxR\">Kolben: 70 mm \uff5e 180 mm<br \/>\nHub \u2264 300 mm<\/div>\n<div class=\"txtboxL\">Schubkraft:<\/div>\n<div class=\"txtboxR\">Maximal 636 kN<br \/>\n(Kolben 180 mm \/ Druck 25 MPa)<\/div>\n<\/div>\n<\/div>\n<\/div>\n<h2><strong>Presszylinderfabrik:<\/strong><\/h2>\n<p><img loading=\"lazy\" decoding=\"async\" class=\"alignnone wp-image-1619 size-full\" src=\"https:\/\/hydraulic-cylinders.net\/wp-content\/uploads\/2023\/10\/press-cylinder.webp\" alt=\"\" width=\"1418\" height=\"946\" srcset=\"https:\/\/hydraulic-cylinders.net\/wp-content\/uploads\/2023\/10\/press-cylinder.webp 1418w, https:\/\/hydraulic-cylinders.net\/wp-content\/uploads\/2023\/10\/press-cylinder-1280x854.webp 1280w, https:\/\/hydraulic-cylinders.net\/wp-content\/uploads\/2023\/10\/press-cylinder-980x654.webp 980w, https:\/\/hydraulic-cylinders.net\/wp-content\/uploads\/2023\/10\/press-cylinder-480x320.webp 480w\" sizes=\"(min-width: 0px) and (max-width: 480px) 480px, (min-width: 481px) and (max-width: 980px) 980px, (min-width: 981px) and (max-width: 1280px) 1280px, (min-width: 1281px) 1418px, 100vw\" \/><\/p>\n<h2><strong>Verwendungsmethode des hinteren Seitenschaltzylinders<\/strong><strong>:<\/strong><\/h2>\n<ul>\n<li><strong>Installation:<\/strong>\n<ul>\n<li>Montieren Sie den hinteren Seitenverschiebungszylinder der Presse sicher an der gew\u00fcnschten Stelle und achten Sie dabei auf die korrekte Ausrichtung mit der Pressvorrichtung.<\/li>\n<li>Schlie\u00dfen Sie die Hydraulikleitungen gem\u00e4\u00df den Anweisungen des Herstellers an, um einen korrekten Fl\u00fcssigkeitsdurchfluss zu gew\u00e4hrleisten und Leckagen zu vermeiden.<\/li>\n<\/ul>\n<\/li>\n<li><strong>Schalteinstellung:<\/strong>\n<ul>\n<li>Machen Sie sich mit dem vom Zylinder bereitgestellten Schaltmechanismus vertraut.<\/li>\n<li>Die Einstellungen k\u00f6nnen \u00fcblicherweise \u00fcber Drehkn\u00f6pfe, Handr\u00e4der oder digitale Bedienelemente vorgenommen werden.<\/li>\n<li>Um pr\u00e4zise Verschiebungen auf der R\u00fcckseite vorzunehmen, die auf den Abmessungen des Werkst\u00fccks und den Ausrichtungsanforderungen basieren, befolgen Sie die Richtlinien des Herstellers.<\/li>\n<\/ul>\n<\/li>\n<li><strong>Werkst\u00fcckausrichtung und -verschiebung:<\/strong>\n<ul>\n<li>Positionieren Sie das Werkst\u00fcck auf dem Pressentisch und achten Sie dabei auf die anf\u00e4ngliche Ausrichtung zum Zylinder.<\/li>\n<li>Durch Aktivieren des Zylinders wird der Schaltmechanismus in Gang gesetzt und das Werkst\u00fcck sanft in die gew\u00fcnschte Position auf der R\u00fcckseite gebracht.<\/li>\n<li>\u00dcberpr\u00fcfen Sie die Ausrichtung visuell oder mithilfe von Messwerkzeugen, um eine genaue Verschiebung auf der Hinterachse sicherzustellen.<\/li>\n<\/ul>\n<\/li>\n<li><strong>Pressvorgang:<\/strong>\n<ul>\n<li>Sobald das Werkst\u00fcck richtig ausgerichtet und positioniert ist, fahren Sie mit dem Pressvorgang gem\u00e4\u00df Ihren Standardverfahren fort.<\/li>\n<li>Der seitliche Verschiebezylinder der Presse sorgt f\u00fcr die Ausrichtung und Stabilit\u00e4t des Werkst\u00fccks w\u00e4hrend des gesamten Pressvorgangs und gew\u00e4hrleistet so gleichbleibende Ergebnisse.<\/li>\n<\/ul>\n<\/li>\n<\/ul>\n<h2><strong>Wie findet man Dichtungss\u00e4tze f\u00fcr Hydraulikzylinder?<\/strong><\/h2>\n<p>Um den passenden Dichtungssatz f\u00fcr einen Hydraulikzylinder zu finden, m\u00fcssen Sie zun\u00e4chst die Marke und das Modell des Zylinders ermitteln, seri\u00f6se Lieferanten oder Hersteller recherchieren und den richtigen Dichtungssatz anhand der Zylinderspezifikationen ausw\u00e4hlen. Hier finden Sie eine Schritt-f\u00fcr-Schritt-Anleitung, wie Sie einen Dichtungssatz f\u00fcr einen Hydraulikzylinder finden:<\/p>\n<ol>\n<li><strong>Zylinderinformationen ermitteln:<\/strong>\n<ul>\n<li>Ermitteln Sie die Marke und das Modell des Hydraulikzylinders, f\u00fcr den Sie einen Dichtungssatz ben\u00f6tigen.<\/li>\n<li>Achten Sie auf Kennzeichnungen, Etiketten oder eingravierte Informationen auf dem Zylinder selbst.<\/li>\n<li>Wenn Sie die Originalausr\u00fcstungsherstellerdokumentation (OEM) oder die Teilenummer haben, kann dies beim Suchprozess hilfreich sein.<\/li>\n<\/ul>\n<\/li>\n<li><strong>Recherchieren Sie seri\u00f6se Lieferanten:<\/strong>\n<ul>\n<li>Beginnen Sie mit der Recherche nach seri\u00f6sen Lieferanten oder Herstellern von Hydraulikdichtungen.<\/li>\n<li>Suchen Sie nach Lieferanten, die sich auf Hydraulikdichtungen spezialisiert haben und eine breite Produktpalette anbieten.<\/li>\n<li>Online-Suchmaschinen, Branchenverzeichnisse und Foren f\u00fcr Hydraulikger\u00e4te k\u00f6nnen wertvolle Ressourcen sein, um seri\u00f6se Lieferanten zu finden.<\/li>\n<\/ul>\n<\/li>\n<li><strong>Wenden Sie sich an den Zylinderhersteller oder OEM:<\/strong>\n<ul>\n<li>Wenden Sie sich nach M\u00f6glichkeit an den Hersteller des Hydraulikzylinders oder den Originalger\u00e4tehersteller (OEM), um weitere Anweisungen zu erhalten.<\/li>\n<li>Wenden Sie sich an deren Kundendienst oder technischen Support, um sich nach der Verf\u00fcgbarkeit von Dichtungss\u00e4tzen f\u00fcr Ihr spezifisches Zylindermodell zu erkundigen.<\/li>\n<li>Geben Sie ihnen die Marke, das Modell und alle anderen relevanten Informationen zu Ihrem Zylinder an, damit sie den richtigen Dichtungssatz identifizieren k\u00f6nnen.<\/li>\n<\/ul>\n<\/li>\n<li><strong>Spezifikationen der Zylinder erfassen:<\/strong>\n<ul>\n<li>Ermitteln Sie die genauen Spezifikationen des Hydraulikzylinders, f\u00fcr den Sie einen Dichtungssatz ben\u00f6tigen.<\/li>\n<li>Notieren Sie Details wie den Zylinderbohrungsdurchmesser, den Kolbenstangendurchmesser sowie die Anzahl und Art der ben\u00f6tigten Dichtungen.<\/li>\n<li>Messen Sie nach M\u00f6glichkeit die Abmessungen der vorhandenen Dichtungen, um eine genaue Identifizierung und Auswahl des Dichtungssatzes zu gew\u00e4hrleisten.<\/li>\n<\/ul>\n<\/li>\n<li><strong>Online-Suche nach Dichtungslieferanten:<\/strong>\n<ul>\n<li>Nutzen Sie die Webseiten von Online-Dichtungslieferanten und suchen Sie nach Dichtungss\u00e4tzen, die den Spezifikationen Ihres Hydraulikzylinders entsprechen.<\/li>\n<li>Geben Sie die Marke, das Modell oder die Abmessungen des Zylinders in die Suchfilter ein, um die verf\u00fcgbaren Optionen einzugrenzen.<\/li>\n<li>Pr\u00fcfen Sie die Produktbeschreibungen, Spezifikationen und Kompatibilit\u00e4tsinformationen der Lieferanten, um eine optimale \u00dcbereinstimmung sicherzustellen.<\/li>\n<\/ul>\n<\/li>\n<li><strong>Kompatibilit\u00e4t pr\u00fcfen:<\/strong>\n<ul>\n<li>Sobald Sie einen m\u00f6glichen Dichtungssatz identifiziert haben, \u00fcberpr\u00fcfen Sie dessen Kompatibilit\u00e4t mit Ihrem Hydraulikzylinder.<\/li>\n<li>Vergleichen Sie die Spezifikationen und Abmessungen des Dichtungssatzes mit den Informationen, die Sie von Ihrem Zylinder erhalten haben.<\/li>\n<li>Stellen Sie sicher, dass der Dichtungssatz alle f\u00fcr die spezifische Konfiguration Ihres Zylinders erforderlichen Dichtungen enth\u00e4lt.<\/li>\n<\/ul>\n<\/li>\n<li><strong>Dichtungssatz bestellen und einbauen:<\/strong>\n<ul>\n<li>Bestellen Sie den Dichtungssatz beim ausgew\u00e4hlten Lieferanten oder Hersteller.<\/li>\n<li>Stellen Sie genaue Informationen bereit, einschlie\u00dflich der Zylinderspezifikationen und aller weiteren erforderlichen Details, um sicherzustellen, dass der richtige Dichtungssatz geliefert wird.<\/li>\n<li>Befolgen Sie die Anweisungen des Lieferanten bez\u00fcglich Zahlung, Versand und Lieferung.<\/li>\n<li>Sobald der Dichtungssatz eingetroffen ist, befolgen Sie sorgf\u00e4ltig die vom Lieferanten oder Hersteller bereitgestellten Installationsanweisungen, um die Dichtungen in Ihrem Hydraulikzylinder auszutauschen.<\/li>\n<\/ul>\n<\/li>\n<\/ol>\n<h2><strong>F\u00e4higkeit und Kapazit\u00e4t der Fabrik:<\/strong><\/h2>\n<h3>(1) Montage<\/h3>\n<p>Wir verf\u00fcgen \u00fcber eine erstklassige, unabh\u00e4ngige Forschungs- und Entwicklungsmontageplattform. Die Hydraulikzylinder-Produktionswerkstatt verf\u00fcgt \u00fcber vier halbautomatische Montagelinien f\u00fcr Hubzylinder und eine automatische Montagelinie f\u00fcr Kippzylinder mit einer geplanten j\u00e4hrlichen Produktionskapazit\u00e4t von 1 Million St\u00fcck. Die Spezialzylinderwerkstatt ist mit verschiedenen Spezifikationen eines halbautomatischen Reinigungsmontagesystems mit einer geplanten j\u00e4hrlichen Produktionskapazit\u00e4t von 200.000 ausgestattet und mit renommierten CNC-Bearbeitungsger\u00e4ten, einem Bearbeitungszentrum, einer hochpr\u00e4zisen Spezialausr\u00fcstung f\u00fcr die Zylinderverarbeitung, einer Roboterschwei\u00dfmaschine, einer automatischen Reinigungsmaschine, einer automatischen Zylindermontagemaschine und einer automatischen Lackierproduktionslinie ausgestattet. Es sind mehr als 300 Sets (S\u00e4tze) an kritischer Ausr\u00fcstung vorhanden. Die optimale Zuweisung und effiziente Nutzung der Ausr\u00fcstungsressourcen gew\u00e4hrleistet die Genauigkeitsanforderungen der Produkte und erf\u00fcllt die hohen Qualit\u00e4tsanforderungen der Produkte.<\/p>\n<p><img loading=\"lazy\" decoding=\"async\" class=\"alignnone wp-image-626\" src=\"https:\/\/hydraulic-cylinders.net\/wp-content\/uploads\/2023\/08\/hydraulic-cylinder-product-1-300x158.webp\" alt=\"\" width=\"495\" height=\"260\" srcset=\"https:\/\/hydraulic-cylinders.net\/wp-content\/uploads\/2023\/08\/hydraulic-cylinder-product-1-300x158.webp 495w, https:\/\/hydraulic-cylinders.net\/wp-content\/uploads\/2023\/08\/hydraulic-cylinder-product-1-480x252.webp 480w\" sizes=\"(min-width: 0px) and (max-width: 480px) 480px, (min-width: 481px) 495px, 100vw\" \/> <img loading=\"lazy\" decoding=\"async\" class=\"alignnone wp-image-627\" src=\"https:\/\/hydraulic-cylinders.net\/wp-content\/uploads\/2023\/08\/hydraulic-cylinder-product-2-300x189.webp\" alt=\"\" width=\"413\" height=\"260\" \/><\/p>\n<h3>(2) Bearbeitungen<\/h3>\n<p>Die Bearbeitungswerkstatt ist mit einem ma\u00dfgeschneiderten Schr\u00e4gschienen-Drehzentrum, einem Bearbeitungszentrum, einer Hochgeschwindigkeits-Honmaschine, einem Schwei\u00dfroboter und anderen zugeh\u00f6rigen Ger\u00e4ten ausgestattet, die die Bearbeitung von Zylinderrohren mit einem maximalen Innendurchmesser von 400 mm und einer maximalen L\u00e4nge von 6 Metern erm\u00f6glichen.<\/p>\n<p><img loading=\"lazy\" decoding=\"async\" class=\"alignnone wp-image-628 size-large\" src=\"https:\/\/hydraulic-cylinders.net\/wp-content\/uploads\/2023\/08\/hydraulic-cylinder-product-3-1024x391.webp\" alt=\"\" width=\"1024\" height=\"391\" srcset=\"https:\/\/hydraulic-cylinders.net\/wp-content\/uploads\/2023\/08\/hydraulic-cylinder-product-3-980x374.webp 980w, https:\/\/hydraulic-cylinders.net\/wp-content\/uploads\/2023\/08\/hydraulic-cylinder-product-3-480x183.webp 480w\" sizes=\"(min-width: 0px) and (max-width: 480px) 480px, (min-width: 481px) and (max-width: 980px) 980px, (min-width: 981px) 1024px, 100vw\" \/><\/p>\n<h3>(3) Schwei\u00dfen<\/h3>\n<p><img loading=\"lazy\" decoding=\"async\" class=\"alignnone wp-image-629 size-large\" src=\"https:\/\/hydraulic-cylinders.net\/wp-content\/uploads\/2023\/08\/hydraulic-cylinder-product-4-1024x510.webp\" alt=\"\" width=\"1024\" height=\"510\" srcset=\"https:\/\/hydraulic-cylinders.net\/wp-content\/uploads\/2023\/08\/hydraulic-cylinder-product-4-980x488.webp 980w, https:\/\/hydraulic-cylinders.net\/wp-content\/uploads\/2023\/08\/hydraulic-cylinder-product-4-480x239.webp 480w\" sizes=\"(min-width: 0px) and (max-width: 480px) 480px, (min-width: 481px) and (max-width: 980px) 980px, (min-width: 981px) 1024px, 100vw\" \/><\/p>\n<h3>(4) Malerei und Beschichtung<\/h3>\n<p>Mit kleinen und mittleren Zylinder automatische Lackieranlagen auf Wasserbasis, zu erreichen automatische Roboter Be-und Entladen und automatische Spritzen, die Design-Kapazit\u00e4t von 4000 St\u00fcck pro Schicht;<br \/>\nWir verf\u00fcgen auch \u00fcber eine halbautomatische Lackieranlage f\u00fcr gro\u00dfe Zylinder, die von einer Energiekette angetrieben wird und eine Kapazit\u00e4t von 60 Kisten pro Schicht hat.<\/p>\n<p><img loading=\"lazy\" decoding=\"async\" class=\"alignnone wp-image-630\" src=\"https:\/\/hydraulic-cylinders.net\/wp-content\/uploads\/2023\/08\/hydraulic-cylinder-product-5-300x213.webp\" alt=\"\" width=\"366\" height=\"260\" \/> <img loading=\"lazy\" decoding=\"async\" class=\"alignnone wp-image-631\" src=\"https:\/\/hydraulic-cylinders.net\/wp-content\/uploads\/2023\/08\/hydraulic-cylinder-product-6-300x225.webp\" alt=\"\" width=\"347\" height=\"260\" \/><\/p>\n<h3>(5) Pr\u00fcfung<\/h3>\n<p>Wir verf\u00fcgen \u00fcber erstklassige Pr\u00fcfeinrichtungen und Pr\u00fcfst\u00e4nde, um sicherzustellen, dass die Leistung des Zylinders den Anforderungen entspricht.<\/p>\n<p><img loading=\"lazy\" decoding=\"async\" class=\"alignnone wp-image-632\" src=\"https:\/\/hydraulic-cylinders.net\/wp-content\/uploads\/2023\/08\/hydraulic-cylinder-product-8-300x200.webp\" alt=\"\" width=\"389\" height=\"260\" \/><\/p>\n<p>&nbsp;<\/p>\n<p>&nbsp;<\/p>\n<p>Wir sind einer der besten Hydraulikzylinderhersteller. Wir k\u00f6nnen umfassende Hydraulikzylinder anbieten. Wir bieten auch entsprechende <a href=\"https:\/\/hzpt.com\/agricultural-pto-gearbox\/\" target=\"_blank\" rel=\"noopener\">landwirtschaftliche Getriebe<\/a>. Wir haben unsere Produkte an Kunden weltweit exportiert und uns aufgrund unserer hervorragenden Produktqualit\u00e4t und unseres Kundendienstes einen guten Ruf erworben. Wir begr\u00fc\u00dfen Kunden im In- und Ausland, die uns kontaktieren, um Gesch\u00e4fte zu verhandeln, Informationen auszutauschen und <a href=\"https:\/\/www.hydraulic-cylinders.net\/de\/contact-us\/\">mit uns zusammenarbeiten<\/a>!<\/p>","protected":false},"excerpt":{"rendered":"<p>Press Rear Side Shift Cylinder The press rear side shift cylinder is a cutting-edge tool designed to enhance efficiency and precision in pressing operations. With its innovative rear side shifting capability, this cylinder allows for seamless adjustment of workpieces during pressing, ensuring accurate alignment and reducing setup time. The press rear side shift cylinder is [&hellip;]<\/p>","protected":false},"featured_media":1685,"comment_status":"open","ping_status":"closed","template":"","meta":{"_et_pb_use_builder":"","_et_pb_old_content":"","_et_gb_content_width":""},"product_brand":[],"product_cat":[1550,1522,1376],"product_tag":[1380],"class_list":{"0":"post-1682","1":"product","2":"type-product","3":"status-publish","4":"has-post-thumbnail","6":"product_cat-double-acting-hydraulic-cylinder","7":"product_cat-press-hydraulic-cylinders","8":"product_cat-hydraulic-cylinder","9":"product_tag-hydraulic-cylinder","11":"first","12":"instock","13":"shipping-taxable","14":"product-type-simple"},"amp_enabled":true,"_links":{"self":[{"href":"https:\/\/www.hydraulic-cylinders.net\/de\/wp-json\/wp\/v2\/product\/1682","targetHints":{"allow":["GET"]}}],"collection":[{"href":"https:\/\/www.hydraulic-cylinders.net\/de\/wp-json\/wp\/v2\/product"}],"about":[{"href":"https:\/\/www.hydraulic-cylinders.net\/de\/wp-json\/wp\/v2\/types\/product"}],"replies":[{"embeddable":true,"href":"https:\/\/www.hydraulic-cylinders.net\/de\/wp-json\/wp\/v2\/comments?post=1682"}],"wp:featuredmedia":[{"embeddable":true,"href":"https:\/\/www.hydraulic-cylinders.net\/de\/wp-json\/wp\/v2\/media\/1685"}],"wp:attachment":[{"href":"https:\/\/www.hydraulic-cylinders.net\/de\/wp-json\/wp\/v2\/media?parent=1682"}],"wp:term":[{"taxonomy":"product_brand","embeddable":true,"href":"https:\/\/www.hydraulic-cylinders.net\/de\/wp-json\/wp\/v2\/product_brand?post=1682"},{"taxonomy":"product_cat","embeddable":true,"href":"https:\/\/www.hydraulic-cylinders.net\/de\/wp-json\/wp\/v2\/product_cat?post=1682"},{"taxonomy":"product_tag","embeddable":true,"href":"https:\/\/www.hydraulic-cylinders.net\/de\/wp-json\/wp\/v2\/product_tag?post=1682"}],"curies":[{"name":"wp","href":"https:\/\/api.w.org\/{rel}","templated":true}]}}