{"id":16832,"date":"2025-01-21T05:57:43","date_gmt":"2025-01-21T05:57:43","guid":{"rendered":"https:\/\/www.hydraulic-cylinders.net\/product\/arm-cylinder-for-volwa-cane-unloader-dls880-9ag\/"},"modified":"2025-01-21T05:57:45","modified_gmt":"2025-01-21T05:57:45","slug":"arm-cylinder-for-volwa-cane-unloader-dls880-9ag","status":"publish","type":"product","link":"https:\/\/www.hydraulic-cylinders.net\/de\/produkt\/arm-cylinder-for-volwa-cane-unloader-dls880-9ag\/","title":{"rendered":"Armzylinder f\u00fcr Volvo Stockentlader DLS880-9AG"},"content":{"rendered":"<p>Armzylinder f\u00fcr Volwa Zuckerrohrentlader DLS880-9AG<\/p>\n<p>Der Armzylinder f\u00fcr den Volwa Zuckerrohrentlader DLS880-9AG ist ein Spezialhydraulikzylinder, der f\u00fcr die lineare Bewegung und Kraft\u00fcbertragung an verschiedenen Maschinenarmen wie Baggern, Kr\u00e4nen und Roboterarmen entwickelt wurde. Armzylinder spielen eine entscheidende Rolle in Hydrauliksystemen, da sie die Bewegung und effektive Steuerung von Anbauger\u00e4ten erm\u00f6glichen. Diese Zylinder gew\u00e4hrleisten nicht nur eine reibungslose Bewegung, sondern halten auch hohen Belastungen stand und sichern so den effizienten und zuverl\u00e4ssigen Betrieb der Maschinen unter verschiedensten Einsatzbedingungen.<\/p>\n<p>Definition und Erkl\u00e4rung<\/p>\n<p>Armzylinder sind Hydraulikzylinder, die Maschinenarmen verschiedener Art direkte lineare Bewegung und Kraft verleihen. Sie spielen eine entscheidende Rolle f\u00fcr den reibungslosen Betrieb von Maschinen, die lineare Bewegungen ben\u00f6tigen, wie Kr\u00e4ne, Bagger und Roboterarme. Je nach ihrer Funktion lassen sie sich in verschiedene Typen einteilen, z. B. einfachwirkende, doppeltwirkende und Teleskopzylinder.<\/p>\n<p>Armzylinder bestehen in der Regel aus hochfesten Materialien wie Stahl und sind f\u00fcr hohe Belastungen ausgelegt. Sie ben\u00f6tigen nur minimalen Wartungsaufwand und eignen sich daher ideal f\u00fcr den Einsatz in rauen Umgebungen. Dar\u00fcber hinaus sind sie \u00e4u\u00dferst vielseitig und mit verschiedenen Maschinentypen kompatibel, was sie in diversen Branchen zu einer beliebten Wahl macht.<\/p>\n<p>Merkmale<\/p>\n<p>Der Armzylinder f\u00fcr den Volwa Zuckerrohrentlader DLS880-9AG zeichnet sich durch zahlreiche Merkmale aus, die ihn zur idealen Wahl f\u00fcr verschiedene Branchen machen. Zu seinen wichtigsten Merkmalen geh\u00f6ren:<\/p>\n<p>1. Hocheffiziente Kraft\u00fcbertragung: Der Armzylinder sorgt f\u00fcr eine kraftvolle lineare Bewegung und Kraft\u00fcbertragung und gew\u00e4hrleistet so eine hohe Effizienz und Leistungsf\u00e4higkeit des Maschinenarms w\u00e4hrend des Betriebs.<\/p>\n<p>2. Pr\u00e4zise Steuerung: Mithilfe von Hydrauliksystemen k\u00f6nnen die Armzylinder eine pr\u00e4zise Bewegungssteuerung erreichen, wodurch der Einsatz zus\u00e4tzlicher Werkzeuge flexibler und genauer wird.<\/p>\n<p>3. Hohe Langlebigkeit: Armzylinder werden \u00fcblicherweise aus hochfesten Materialien hergestellt, wodurch sie sehr verschlei\u00df- und korrosionsbest\u00e4ndig sind und sich f\u00fcr den Langzeiteinsatz in rauen Umgebungen eignen.<\/p>\n<p>4. Multifunktionale Anpassungsf\u00e4higkeit: Diese Zylinder k\u00f6nnen in einer breiten Palette von Maschinen und Ger\u00e4ten, wie z. B. Baggern, Kr\u00e4nen und Roboterarmen, eingesetzt werden, um unterschiedlichen Arbeitsanforderungen gerecht zu werden.<\/p>\n<p>5. Einfache Wartung: Die Konstruktion der Armzylinder gew\u00e4hrleistet eine einfache Wartung und einen unkomplizierten Austausch, was regelm\u00e4\u00dfige \u00dcberpr\u00fcfungen und Wartungsarbeiten erleichtert und somit die Ausfallzeiten der Ger\u00e4te reduziert.<\/p>\n<p>Produktion<\/p>\n<p>Unser Unternehmen fertigt den Armzylinder f\u00fcr den Volwa Zuckerrohrentlader DLS880-9AG in h\u00f6chster Qualit\u00e4t und zu einem erschwinglichen Preis. Unsere Produkte eignen sich perfekt als Ersatz f\u00fcr diverse Hydraulikzylinder und sind daher eine zuverl\u00e4ssige Wahl f\u00fcr unsere Kunden.<\/p>\n<p>Anwendungen<\/p>\n<p>Armzylinder finden in verschiedenen Branchen unterschiedliche Anwendungen, darunter:<\/p>\n<p>1. Bauindustrie: Armzylinder steuern die Bewegung des L\u00f6ffels oder Auslegers von Baggern und Kr\u00e4nen und erm\u00f6glichen so Erdarbeiten, Materialtransport und die Montage von Bauwerken.<\/p>\n<p>2. Fertigungsindustrie: Armzylinder werden in automatisierten Produktionslinien eingesetzt, um die Bewegung von mechanischen Armen zu steuern und so die Produktionseffizienz und -genauigkeit zu verbessern.<\/p>\n<p>3. Landwirtschaftliche Maschinen: Armzylinder steuern die Bewegung des Arbeitsarms in landwirtschaftlichen Maschinen wie M\u00e4hdreschern und S\u00e4maschinen und erm\u00f6glichen so die Durchf\u00fchrung von Aufgaben wie S\u00e4en, D\u00fcngen und Ernten.<\/p>\n<p>4. Bergbauindustrie: Armzylinder steuern die Armbewegung von Bergbauger\u00e4ten und erm\u00f6glichen so die Durchf\u00fchrung von Aufgaben wie dem Abbau und Transport von Erz.<\/p>\n<p>5. Logistik und Transport: Armzylinder steuern die Bewegung der Gabeln des Gabelstaplers und erm\u00f6glichen so den Transport und das Stapeln von Materialien.<\/p>\n<p>Design- und Auswahlstandards<\/p>\n<p>Bei der Konstruktion und Auswahl von Armzylindern m\u00fcssen verschiedene Faktoren ber\u00fccksichtigt werden, darunter Tragf\u00e4higkeit, Abdichtung, Haltbarkeit, Sicherheit und Wartungsfreundlichkeit.<\/p>\n<p>1. Tragf\u00e4higkeit: Die Armzylinder m\u00fcssen in der Lage sein, das Gewicht der von ihnen getragenen Ausr\u00fcstung zu tragen.<\/p>\n<p>2. Abdichtung: Die Armzylinder m\u00fcssen ordnungsgem\u00e4\u00df abgedichtet sein, um Fl\u00fcssigkeitsverluste zu verhindern und den Druck aufrechtzuerhalten.<\/p>\n<p>3. Langlebigkeit: Die Armzylinder sollten so robust sein, dass sie auch unter rauen Arbeitsbedingungen zuverl\u00e4ssig funktionieren und \u00fcber einen l\u00e4ngeren Zeitraum effizient arbeiten k\u00f6nnen.<\/p>\n<p>4. Sicherheit: Armzylinder m\u00fcssen die erforderlichen Sicherheitsstandards erf\u00fcllen, um Unf\u00e4lle oder Verletzungen zu vermeiden.<\/p>\n<p>5. Wartungsfreundlichkeit: Die Armzylinder sollten leicht zu warten und auszutauschen sein, um Ger\u00e4teausfallzeiten zu reduzieren und maximale Effizienz zu gew\u00e4hrleisten.<\/p>\n<p>Abdichtung und Schmierung<\/p>\n<p>Armzylinder ben\u00f6tigen verschiedene Dichtungen, wie Kolben- und Stangendichtungen, um Fl\u00fcssigkeitsverluste zu verhindern. Diese Dichtungen bestehen aus verschlei\u00dffesten Materialien wie Polyurethan und Nitrilkautschuk. Zylinderk\u00f6rper und Gewindeendfl\u00e4che sind pr\u00e4zise bearbeitet, um die Verschlei\u00dffestigkeit zu verbessern. Zur Schmierung muss handels\u00fcbliches Hydraulik\u00f6l eingef\u00fcllt werden.<\/p>\n<p>Wartung und vorbeugende Ma\u00dfnahmen<\/p>\n<p>Regelm\u00e4\u00dfige Inspektionen und vorbeugende Wartungsarbeiten sind f\u00fcr den effizienten Betrieb von Armzylindern unerl\u00e4sslich. Zu den vorbeugenden Ma\u00dfnahmen geh\u00f6ren unter anderem:<\/p>\n<p>1. Regelm\u00e4\u00dfige Inspektion und Wartung des Armzylinders zur Vermeidung von Verschlei\u00df.<\/p>\n<p>2. Verwendung von hochwertigem Hydraulik\u00f6l zur Schmierung.<\/p>\n<p>3. Regelm\u00e4\u00dfiger Austausch der Dichtungen, um Fl\u00fcssigkeitsverluste zu vermeiden.<\/p>\n<p>4. Der Armzylinder muss bei Nichtgebrauch ordnungsgem\u00e4\u00df gelagert werden, um Besch\u00e4digungen zu vermeiden.<\/p>\n<p>Installationsanleitung<\/p>\n<p>Befolgen Sie die nachstehende Installationsanleitung, um eine ordnungsgem\u00e4\u00dfe Installation des Armzylinders f\u00fcr den Volwa Zuckerrohrentlader DLS880-9AG sicherzustellen:<\/p>\n<p>1. Bauen Sie den Zylinder gem\u00e4\u00df den Maschinenspezifikationen ein.<\/p>\n<p>2. Achten Sie bei der Montage auf die korrekte Ausrichtung des Zylinders.<\/p>\n<p>3. Pr\u00fcfen Sie die Montagefl\u00e4chen des Zylinders, um sicherzustellen, dass sie frei von Schmutz und Ablagerungen sind.<\/p>\n<p>4. Ziehen Sie die Befestigungsschrauben mit dem empfohlenen Drehmoment fest.<\/p>\n<p>Sicherheitsaspekte und Umweltfaktoren<\/p>\n<p>Sicherheit hat beim Einsatz von Armzylindern oberste Priorit\u00e4t. Die Bediener m\u00fcssen die erforderlichen Sicherheitsrichtlinien befolgen, um Unf\u00e4lle und Verletzungen zu vermeiden. Dar\u00fcber hinaus k\u00f6nnen Umwelteinfl\u00fcsse wie Temperatur, Feuchtigkeit und korrosive Substanzen die Leistung von Armzylindern beeintr\u00e4chtigen und m\u00fcssen entsprechend ber\u00fccksichtigt werden.<\/p>\n<p>Fehlerdiagnose und h\u00e4ufige Probleme<\/p>\n<p>Zu den h\u00e4ufigsten Problemen mit Armzylindern geh\u00f6ren Fl\u00fcssigkeitsverlust, langsame Arbeitsweise und mangelnde Kraft. Die Bediener sollten regelm\u00e4\u00dfige Inspektionen durchf\u00fchren, um Fehler fr\u00fchzeitig zu erkennen und umgehend zu beheben. Fehlerdiagnose und -behebung sollten von qualifizierten Technikern durchgef\u00fchrt werden.<\/p>\n<p>Abschluss<\/p>\n<p>Wir sind ein spezialisierter Hersteller von Hydraulikzylindern mit einem breiten Sortiment an hochwertigen Produkten. Unsere Produkte finden in verschiedenen Branchen breite Anwendung, und unser Streben nach Exzellenz hat uns zu einem der f\u00fchrenden Hersteller auf dem Weltmarkt gemacht. Wir setzen modernste Fertigungs- und Qualit\u00e4tskontrollverfahren ein, um sicherzustellen, dass unsere Produkte h\u00f6chsten Anspr\u00fcchen gen\u00fcgen.<\/p>\n<p>Unser Unternehmen ist hochspezialisiert auf internationale Zertifizierungen, kundenspezifische Dienstleistungen, Produktionsanlagen und Kundendienst und gew\u00e4hrleistet so die Zufriedenheit unserer Kunden. Unser Ziel ist es, qualitativ hochwertige Produkte anzubieten, die den vielf\u00e4ltigen Bed\u00fcrfnissen unserer Kunden gerecht werden. <\/p>\n<p>Autor: lyl<\/p>","protected":false},"excerpt":{"rendered":"<p>Arm Cylinder for Volwa Cane Unloader DLS880-9AG The Arm Cylinder for Volwa Cane Unloader DLS880-9AG is a specialized hydraulic cylinder designed to provide linear motion and power to various machine arms, such as excavators, cranes, and mechanical arms. Arm cylinders play a critical role in hydraulic systems, allowing additional tools or attachments to move and [&hellip;]<\/p>","protected":false},"featured_media":14772,"comment_status":"open","ping_status":"closed","template":"","meta":{"_et_pb_use_builder":"","_et_pb_old_content":"","_et_gb_content_width":""},"product_brand":[],"product_cat":[1497],"product_tag":[1498,1496],"class_list":{"0":"post-16832","1":"product","2":"type-product","3":"status-publish","4":"has-post-thumbnail","6":"product_cat-arm-cylinders","7":"product_tag-arm-cylinders","8":"product_tag-hydraulic-cylinders","10":"first","11":"instock","12":"shipping-taxable","13":"product-type-simple"},"amp_enabled":true,"_links":{"self":[{"href":"https:\/\/www.hydraulic-cylinders.net\/de\/wp-json\/wp\/v2\/product\/16832","targetHints":{"allow":["GET"]}}],"collection":[{"href":"https:\/\/www.hydraulic-cylinders.net\/de\/wp-json\/wp\/v2\/product"}],"about":[{"href":"https:\/\/www.hydraulic-cylinders.net\/de\/wp-json\/wp\/v2\/types\/product"}],"replies":[{"embeddable":true,"href":"https:\/\/www.hydraulic-cylinders.net\/de\/wp-json\/wp\/v2\/comments?post=16832"}],"wp:featuredmedia":[{"embeddable":true,"href":"https:\/\/www.hydraulic-cylinders.net\/de\/wp-json\/wp\/v2\/media\/14772"}],"wp:attachment":[{"href":"https:\/\/www.hydraulic-cylinders.net\/de\/wp-json\/wp\/v2\/media?parent=16832"}],"wp:term":[{"taxonomy":"product_brand","embeddable":true,"href":"https:\/\/www.hydraulic-cylinders.net\/de\/wp-json\/wp\/v2\/product_brand?post=16832"},{"taxonomy":"product_cat","embeddable":true,"href":"https:\/\/www.hydraulic-cylinders.net\/de\/wp-json\/wp\/v2\/product_cat?post=16832"},{"taxonomy":"product_tag","embeddable":true,"href":"https:\/\/www.hydraulic-cylinders.net\/de\/wp-json\/wp\/v2\/product_tag?post=16832"}],"curies":[{"name":"wp","href":"https:\/\/api.w.org\/{rel}","templated":true}]}}