{"id":16960,"date":"2025-01-21T08:27:32","date_gmt":"2025-01-21T08:27:32","guid":{"rendered":"https:\/\/www.hydraulic-cylinders.net\/?post_type=product&#038;p=16960"},"modified":"2025-04-11T01:44:58","modified_gmt":"2025-04-11T01:44:58","slug":"hcyy11112000-forklift-lifting-cylinder","status":"publish","type":"product","link":"https:\/\/www.hydraulic-cylinders.net\/de\/produkt\/hcyy11112000-forklift-lifting-cylinder\/","title":{"rendered":"HCYY11112000 Hubzylinder f\u00fcr Gabelstapler"},"content":{"rendered":"<h1 style=\"text-align: center;\"><strong>HCYY11112000 Hubzylinder f\u00fcr Gabelstapler<\/strong><\/h1>\n<p><img loading=\"lazy\" decoding=\"async\" class=\"alignnone wp-image-16964\" src=\"https:\/\/www.hydraulic-cylinders.net\/wp-content\/uploads\/2025\/01\/hcyy11112000-forklift-lifting-cylinder-1.webp\" alt=\"\" width=\"1000\" height=\"345\" srcset=\"https:\/\/www.hydraulic-cylinders.net\/wp-content\/uploads\/2025\/01\/hcyy11112000-forklift-lifting-cylinder-1-980x338.webp 980w, https:\/\/www.hydraulic-cylinders.net\/wp-content\/uploads\/2025\/01\/hcyy11112000-forklift-lifting-cylinder-1-480x166.webp 480w\" sizes=\"(min-width: 0px) and (max-width: 480px) 480px, (min-width: 481px) and (max-width: 980px) 980px, (min-width: 981px) 1000px, 100vw\" \/><\/p>\n<p>Der Gabelstapler-Hubzylinder HCYY11112000 ist eine entscheidende Komponente f\u00fcr den Gabelstaplerbetrieb und erm\u00f6glicht das effiziente Heben und Senken schwerer Lasten. Dieser auf Langlebigkeit und hohe Leistung ausgelegte Hydraulikzylinder steigert die Produktivit\u00e4t in verschiedenen industriellen Umgebungen deutlich.<\/p>\n<p>Als unverzichtbarer Bestandteil jedes Gabelstaplerbetriebs zeichnet sich der HCYY11112000 durch seine robuste Bauweise und hohe Tragf\u00e4higkeit aus und ist somit die ideale Wahl f\u00fcr Branchen wie Lagerhaltung und Bauwesen. Durch die Kenntnis seiner Funktionen, der korrekten Anwendung und der Wartungsanforderungen k\u00f6nnen Bediener sicherstellen, dass dieser Hydraulikzylinder \u00fcber Jahre hinweg zuverl\u00e4ssig funktioniert und die Produktivit\u00e4t steigert.<\/p>\n<h2><strong>HCYY11112000 Gabelstapler-Hubzylinder-Parameter:<\/strong><\/h2>\n<h2><img loading=\"lazy\" decoding=\"async\" class=\"alignnone size-full wp-image-16968\" src=\"https:\/\/www.hydraulic-cylinders.net\/wp-content\/uploads\/2025\/01\/hcyy11112000-forklift-lifting-cylinder-5.webp\" alt=\"\" width=\"1517\" height=\"144\" srcset=\"https:\/\/www.hydraulic-cylinders.net\/wp-content\/uploads\/2025\/01\/hcyy11112000-forklift-lifting-cylinder-5.webp 1517w, https:\/\/www.hydraulic-cylinders.net\/wp-content\/uploads\/2025\/01\/hcyy11112000-forklift-lifting-cylinder-5-1280x122.webp 1280w, https:\/\/www.hydraulic-cylinders.net\/wp-content\/uploads\/2025\/01\/hcyy11112000-forklift-lifting-cylinder-5-980x93.webp 980w, https:\/\/www.hydraulic-cylinders.net\/wp-content\/uploads\/2025\/01\/hcyy11112000-forklift-lifting-cylinder-5-480x46.webp 480w\" sizes=\"(min-width: 0px) and (max-width: 480px) 480px, (min-width: 481px) and (max-width: 980px) 980px, (min-width: 981px) and (max-width: 1280px) 1280px, (min-width: 1281px) 1517px, 100vw\" \/><img loading=\"lazy\" decoding=\"async\" class=\"alignnone wp-image-16965\" style=\"color: #666666; font-size: 14px;\" src=\"https:\/\/www.hydraulic-cylinders.net\/wp-content\/uploads\/2025\/01\/hcyy11112000-forklift-lifting-cylinder-2.webp\" alt=\"\" width=\"1000\" height=\"482\" srcset=\"https:\/\/www.hydraulic-cylinders.net\/wp-content\/uploads\/2025\/01\/hcyy11112000-forklift-lifting-cylinder-2-980x472.webp 980w, https:\/\/www.hydraulic-cylinders.net\/wp-content\/uploads\/2025\/01\/hcyy11112000-forklift-lifting-cylinder-2-480x231.webp 480w\" sizes=\"(min-width: 0px) and (max-width: 480px) 480px, (min-width: 481px) and (max-width: 980px) 980px, (min-width: 981px) 1000px, 100vw\" \/><span style=\"color: #666666; font-size: 14px;\">\u00a0<\/span><img loading=\"lazy\" decoding=\"async\" class=\"alignnone wp-image-16966\" style=\"color: #666666; font-size: 14px;\" src=\"https:\/\/www.hydraulic-cylinders.net\/wp-content\/uploads\/2025\/01\/hcyy11112000-forklift-lifting-cylinder-3.webp\" alt=\"\" width=\"1000\" height=\"482\" srcset=\"https:\/\/www.hydraulic-cylinders.net\/wp-content\/uploads\/2025\/01\/hcyy11112000-forklift-lifting-cylinder-3-980x473.webp 980w, https:\/\/www.hydraulic-cylinders.net\/wp-content\/uploads\/2025\/01\/hcyy11112000-forklift-lifting-cylinder-3-480x232.webp 480w\" sizes=\"(min-width: 0px) and (max-width: 480px) 480px, (min-width: 481px) and (max-width: 980px) 980px, (min-width: 981px) 1000px, 100vw\" \/><img loading=\"lazy\" decoding=\"async\" class=\"alignnone size-full wp-image-16967\" src=\"https:\/\/www.hydraulic-cylinders.net\/wp-content\/uploads\/2025\/01\/hcyy11112000-forklift-lifting-cylinder-4.webp\" alt=\"\" width=\"1496\" height=\"774\" srcset=\"https:\/\/www.hydraulic-cylinders.net\/wp-content\/uploads\/2025\/01\/hcyy11112000-forklift-lifting-cylinder-4.webp 1496w, https:\/\/www.hydraulic-cylinders.net\/wp-content\/uploads\/2025\/01\/hcyy11112000-forklift-lifting-cylinder-4-1280x662.webp 1280w, https:\/\/www.hydraulic-cylinders.net\/wp-content\/uploads\/2025\/01\/hcyy11112000-forklift-lifting-cylinder-4-980x507.webp 980w, https:\/\/www.hydraulic-cylinders.net\/wp-content\/uploads\/2025\/01\/hcyy11112000-forklift-lifting-cylinder-4-480x248.webp 480w\" sizes=\"(min-width: 0px) and (max-width: 480px) 480px, (min-width: 481px) and (max-width: 980px) 980px, (min-width: 981px) and (max-width: 1280px) 1280px, (min-width: 1281px) 1496px, 100vw\" \/><\/h2>\n<h2><strong>Gabelstaplerzylinder-Serie:\u00a0<\/strong><\/h2>\n<h2><img loading=\"lazy\" decoding=\"async\" class=\"alignnone size-full wp-image-16971\" src=\"https:\/\/www.hydraulic-cylinders.net\/wp-content\/uploads\/2025\/01\/fork-lift-cylinder.webp\" alt=\"\" width=\"2004\" height=\"2529\" srcset=\"https:\/\/www.hydraulic-cylinders.net\/wp-content\/uploads\/2025\/01\/fork-lift-cylinder.webp 2004w, https:\/\/www.hydraulic-cylinders.net\/wp-content\/uploads\/2025\/01\/fork-lift-cylinder-1280x1615.webp 1280w, https:\/\/www.hydraulic-cylinders.net\/wp-content\/uploads\/2025\/01\/fork-lift-cylinder-980x1237.webp 980w, https:\/\/www.hydraulic-cylinders.net\/wp-content\/uploads\/2025\/01\/fork-lift-cylinder-480x606.webp 480w\" sizes=\"(min-width: 0px) and (max-width: 480px) 480px, (min-width: 481px) and (max-width: 980px) 980px, (min-width: 981px) and (max-width: 1280px) 1280px, (min-width: 1281px) 2004px, 100vw\" \/><\/h2>\n<h2><strong>Hauptmerkmale des Gabelstapler-Hubzylinders HCYY11112000:<\/strong><\/h2>\n<p>Der Gabelstapler-Hubzylinder HCYY11112000 ist mit mehreren herausragenden Merkmalen ausgestattet, die seine Leistung und Zuverl\u00e4ssigkeit in anspruchsvollen industriellen Umgebungen verbessern.<\/p>\n<h4><strong>Hohe Tragf\u00e4higkeit<\/strong><\/h4>\n<p>Der HCYY11112000 wurde f\u00fcr anspruchsvolle Anwendungen entwickelt und bew\u00e4ltigt m\u00fchelos hohe Gewichte. Dank dieser hohen Tragf\u00e4higkeit k\u00f6nnen Bediener gro\u00dfe Materialien sicher heben und transportieren. Damit ist er ein unverzichtbares Werkzeug in Lagerhallen, auf Baustellen und in Produktionsanlagen.<\/p>\n<h4><strong>Langlebige Konstruktion<\/strong><\/h4>\n<p>Dieser aus hochfesten Materialien gefertigte Zylinder zeichnet sich durch au\u00dfergew\u00f6hnliche Langlebigkeit aus. Seine robuste Konstruktion widersteht Verschlei\u00df und erm\u00f6glicht es ihm, den Belastungen des t\u00e4glichen Gebrauchs standzuhalten. Diese Langlebigkeit f\u00fchrt zu einer l\u00e4ngeren Lebensdauer, wodurch der Bedarf an h\u00e4ufigen Austauschvorg\u00e4ngen reduziert und die Betriebskosten minimiert werden.<\/p>\n<h4><strong>Feinmechanik<\/strong><\/h4>\n<p>Der HCYY11112000 zeichnet sich durch ein innovatives Design aus, das ein gleichm\u00e4\u00dfiges und pr\u00e4zises Heben erm\u00f6glicht. Diese pr\u00e4zise Konstruktion minimiert das Risiko eines Lastverrutschens und erh\u00f6ht so die Sicherheit im Betrieb. Bediener k\u00f6nnen sich darauf verlassen, dass dieser Zylinder auch beim Heben ungleichm\u00e4\u00dfiger oder sperriger Lasten f\u00fcr Stabilit\u00e4t sorgt.<\/p>\n<h4><strong>Korrosionsbest\u00e4ndigkeit<\/strong><\/h4>\n<p>In anspruchsvollen Umgebungen kann die Einwirkung von Feuchtigkeit und aggressiven Chemikalien zu vorzeitigem Verschlei\u00df f\u00fchren. Der HCYY11112000 ist mit Spezialbeschichtungen ausgestattet, die einen wirksamen Schutz vor Rost und Korrosion bieten. Diese Eigenschaft gew\u00e4hrleistet einen zuverl\u00e4ssigen Betrieb und verl\u00e4ngert die Lebensdauer des Zylinders unabh\u00e4ngig von den Umgebungsbedingungen.<\/p>\n<h4><strong>Effizienter Betrieb<\/strong><\/h4>\n<p>Ein optimiertes Hydrauliksystem steigert die Hubgeschwindigkeit und Effizienz des HCYY11112000. Diese durchdachte Konstruktion reduziert Ausfallzeiten und erm\u00f6glicht es den Bedienern, Aufgaben schneller und effizienter zu erledigen. Die verbesserte Leistung spart nicht nur Zeit, sondern erh\u00f6ht auch die Gesamtproduktivit\u00e4t in schnelllebigen Arbeitsumgebungen.<\/p>\n<h4><strong>Vielseitige Anwendung<\/strong><\/h4>\n<p>Der HCYY11112000 ist so vielseitig, dass er sich f\u00fcr unterschiedlichste Anwendungen eignet \u2013 vom Heben schwerer Industriekomponenten bis zum Palettenhandling im Lager. Seine Anpassungsf\u00e4higkeit macht ihn in zahlreichen Branchen zur bevorzugten Wahl und gew\u00e4hrleistet, dass er den vielf\u00e4ltigen Anforderungen der Anwender gerecht wird.<\/p>\n<h4><strong>Einfache Installation und Wartung<\/strong><\/h4>\n<p>Das HCYY11112000 wurde mit Blick auf Benutzerfreundlichkeit entwickelt und erm\u00f6glicht eine unkomplizierte Installation und Wartung. Bediener k\u00f6nnen es schnell einrichten und regelm\u00e4\u00dfige \u00dcberpr\u00fcfungen durchf\u00fchren, wodurch ein reibungsloser Betrieb ohne l\u00e4ngere Ausfallzeiten gew\u00e4hrleistet wird.<\/p>\n<p>Mit seinen beeindruckenden Eigenschaften steigert der Gabelstapler-Hubzylinder HCYY11112000 nicht nur die Hubleistung, sondern setzt auch neue Ma\u00dfst\u00e4be in puncto Sicherheit und Langlebigkeit. Durch die Investition in diesen Hochleistungszylinder k\u00f6nnen Unternehmen ihre Produktivit\u00e4t steigern und einen zuverl\u00e4ssigen Betrieb \u00fcber Jahre hinweg gew\u00e4hrleisten.<\/p>\n<h2><strong>Welche wichtigen Wartungspraktiken tragen zur Verl\u00e4ngerung der Lebensdauer eines Gabelstapler-Hubzylinders bei?<\/strong><\/h2>\n<p>To significantly extend the life of a forklift lifting cylinder, it&#8217;s essential to adopt a proactive maintenance approach. Here are some key practices that not only enhance longevity but also ensure safe and efficient operations:<\/p>\n<h4><strong>1. Regelm\u00e4\u00dfige Inspektionen<\/strong><\/h4>\n<ul>\n<li><strong>Warum das wichtig ist<\/strong>Regelm\u00e4\u00dfige Inspektionen sind unerl\u00e4sslich, um Verschlei\u00df, Leckagen oder Sch\u00e4den fr\u00fchzeitig zu erkennen. Werden diese Probleme behoben, bevor sie sich verschlimmern, lassen sich teure Reparaturen und Ausfallzeiten vermeiden.<\/li>\n<li><strong>Tipp<\/strong>Erstellen Sie eine Checkliste, um alle Komponenten systematisch zu \u00fcberpr\u00fcfen, einschlie\u00dflich Schl\u00e4uche, Dichtungen und des Zylinders selbst.<\/li>\n<\/ul>\n<h4><strong>2. \u00dcberpr\u00fcfung der Hydraulikfl\u00fcssigkeit<\/strong><\/h4>\n<ul>\n<li><strong>Warum das wichtig ist<\/strong>Die Hydraulikfl\u00fcssigkeit ist das Lebenselixier des Hubzylinders und erm\u00f6glicht dessen reibungslosen Betrieb. Die Einhaltung des korrekten Fl\u00fcssigkeitsstands und der richtigen Fl\u00fcssigkeitsqualit\u00e4t ist f\u00fcr eine optimale Leistung unerl\u00e4sslich.<\/li>\n<li><strong>Tipp<\/strong>Regelm\u00e4\u00dfig auf Verunreinigungen pr\u00fcfen und die Fl\u00fcssigkeit gem\u00e4\u00df den Empfehlungen des Herstellers austauschen.<\/li>\n<\/ul>\n<h4><strong>3. Dichtungswartung<\/strong><\/h4>\n<ul>\n<li><strong>Warum das wichtig ist<\/strong>Dichtungen spielen eine entscheidende Rolle bei der Verhinderung von Leckagen und der Aufrechterhaltung des Drucks im Zylinder. Abgenutzte oder besch\u00e4digte Dichtungen k\u00f6nnen zu Leistungseinbu\u00dfen und Sicherheitsrisiken f\u00fchren.<\/li>\n<li><strong>Tipp<\/strong>\u00dcberpr\u00fcfen Sie die Dichtungen regelm\u00e4\u00dfig und tauschen Sie sie umgehend aus, um gr\u00f6\u00dfere Probleme zu vermeiden.<\/li>\n<\/ul>\n<h4><strong>4. Reinigung<\/strong><\/h4>\n<ul>\n<li><strong>Warum das wichtig ist<\/strong>Es ist unerl\u00e4sslich, den Zylinder und die umliegenden Bereiche frei von Schmutz und Ablagerungen zu halten, um Verunreinigungen zu vermeiden und einen reibungslosen Betrieb zu gew\u00e4hrleisten.<\/li>\n<li><strong>Tipp<\/strong>Verwenden Sie ein weiches Tuch und geeignete Reinigungsmittel, um die Oberfl\u00e4che nicht zu besch\u00e4digen und gleichzeitig sicherzustellen, dass der Bereich sauber bleibt.<\/li>\n<\/ul>\n<h4><strong>5. Schmierung<\/strong><\/h4>\n<ul>\n<li><strong>Warum das wichtig ist<\/strong>Eine ordnungsgem\u00e4\u00dfe Schmierung der beweglichen Teile reduziert Reibung und Verschlei\u00df, was die Lebensdauer des Zylinders verl\u00e4ngern kann.<\/li>\n<li><strong>Tipp<\/strong>Beachten Sie die Richtlinien des Herstellers bez\u00fcglich der Schmierstoffe und stellen Sie sicher, dass alle beweglichen Teile ordnungsgem\u00e4\u00df gewartet werden.<\/li>\n<\/ul>\n<h4><strong>6. Lastmanagement<\/strong><\/h4>\n<ul>\n<li><strong>Warum das wichtig ist<\/strong>Der Betrieb innerhalb der vorgegebenen Tragf\u00e4higkeit ist entscheidend f\u00fcr Sicherheit und Effizienz. \u00dcberlastung kann zu mechanischen Ausf\u00e4llen und erh\u00f6htem Verschlei\u00df f\u00fchren.<\/li>\n<li><strong>Tipp<\/strong>Achten Sie stets auf die zul\u00e4ssigen Lastgrenzen und weisen Sie die Zugf\u00fchrer darauf hin, wie wichtig es ist, diese einzuhalten.<\/li>\n<\/ul>\n<h4><strong>7. Professionelle Wartung<\/strong><\/h4>\n<ul>\n<li><strong>Warum das wichtig ist<\/strong>Die Beauftragung von Fachleuten f\u00fcr regelm\u00e4\u00dfige Wartungspr\u00fcfungen kann dazu beitragen, potenzielle Probleme zu erkennen, die bei routinem\u00e4\u00dfigen Inspektionen m\u00f6glicherweise nicht erkennbar sind.<\/li>\n<li><strong>Tipp<\/strong>: Erstellen Sie gemeinsam mit einem zertifizierten Techniker einen Wartungsplan, um sicherzustellen, dass alle Komponenten in einwandfreiem Zustand sind.<\/li>\n<\/ul>\n<p>Durch die Integration dieser wichtigen Wartungsma\u00dfnahmen in Ihre Arbeitsabl\u00e4ufe verl\u00e4ngern Sie die Lebensdauer Ihres Gabelstapler-Hubzylinders und verbessern Sicherheit und Effizienz in Ihrem gesamten Betrieb. Ein gut gewarteter Hubzylinder kann zu h\u00f6herer Produktivit\u00e4t, geringeren Betriebskosten und einem sichereren Arbeitsplatz f\u00fchren \u2013 diese Ma\u00dfnahmen lohnen sich also!<\/p>\n<h2><strong>Produktionsbereich f\u00fcr Gabelstaplerzylinder:<\/strong><\/h2>\n<h2><img loading=\"lazy\" decoding=\"async\" class=\"alignnone size-full wp-image-16972\" src=\"https:\/\/www.hydraulic-cylinders.net\/wp-content\/uploads\/2025\/01\/hydraulic-cylinder-factory-1-scaled.webp\" alt=\"\" width=\"2016\" height=\"2560\" srcset=\"https:\/\/www.hydraulic-cylinders.net\/wp-content\/uploads\/2025\/01\/hydraulic-cylinder-factory-1-scaled.webp 2016w, https:\/\/www.hydraulic-cylinders.net\/wp-content\/uploads\/2025\/01\/hydraulic-cylinder-factory-1-1280x1625.webp 1280w, https:\/\/www.hydraulic-cylinders.net\/wp-content\/uploads\/2025\/01\/hydraulic-cylinder-factory-1-980x1244.webp 980w, https:\/\/www.hydraulic-cylinders.net\/wp-content\/uploads\/2025\/01\/hydraulic-cylinder-factory-1-480x610.webp 480w\" sizes=\"(min-width: 0px) and (max-width: 480px) 480px, (min-width: 481px) and (max-width: 980px) 980px, (min-width: 981px) and (max-width: 1280px) 1280px, (min-width: 1281px) 2016px, 100vw\" \/><\/h2>\n<p>Wir verf\u00fcgen \u00fcber eine erstklassige, unabh\u00e4ngige F&amp;E-Plattform f\u00fcr die Montage. Die Produktionswerkstatt f\u00fcr Gabelstaplerzylinder hat vier halbautomatische Montagelinien f\u00fcr Hubzylinder und eine vollautomatische Montagelinie f\u00fcr Kippzylinder mit einer geplanten j\u00e4hrlichen Produktionskapazit\u00e4t von Millionen St\u00fcck. Die Spezialzylinderwerkstatt verf\u00fcgt \u00fcber halbautomatische Reinigungs- und Montagesysteme unterschiedlicher Spezifikationen mit einer geplanten j\u00e4hrlichen Produktionskapazit\u00e4t von 200.000 St\u00fcck. Sie ist mit CNC-Bearbeitungsmaschinen namhafter Marken, Bearbeitungszentren, Spezialger\u00e4ten f\u00fcr die hochpr\u00e4zise Zylinderbearbeitung, Roboterschwei\u00dfger\u00e4ten, automatischen Reinigungsmaschinen, automatischen Zylindermontagemaschinen und automatischen Lackierproduktionslinien ausgestattet. Wir haben mehr als 300 S\u00e4tze wichtiger Ger\u00e4te in Betrieb. Die optimierte Zuweisung und effiziente Nutzung der Ger\u00e4teressourcen gew\u00e4hrleistet die Pr\u00e4zisionsanforderungen der Produkte und erf\u00fcllt die hohen Standardqualit\u00e4tsanforderungen der Produkte.<\/p>\n<p>Die Bearbeitungswerkstatt ist mit ma\u00dfgefertigten Drehzentren mit kippbaren F\u00fchrungsschienen, Bearbeitungszentren, Hochgeschwindigkeits-Honmaschinen, Schwei\u00dfrobotern und anderen relevanten Ger\u00e4ten ausgestattet, die die Bearbeitung von Zylinderrohren mit einem maximalen Innendurchmesser von 400 mm und einer maximalen L\u00e4nge von 6 Metern bew\u00e4ltigen k\u00f6nnen.<\/p>\n<h2><img loading=\"lazy\" decoding=\"async\" class=\"alignnone size-full wp-image-16973\" src=\"https:\/\/www.hydraulic-cylinders.net\/wp-content\/uploads\/2025\/01\/hydraulic-cylinder-factory-2-scaled.webp\" alt=\"\" width=\"2011\" height=\"2560\" srcset=\"https:\/\/www.hydraulic-cylinders.net\/wp-content\/uploads\/2025\/01\/hydraulic-cylinder-factory-2-scaled.webp 2011w, https:\/\/www.hydraulic-cylinders.net\/wp-content\/uploads\/2025\/01\/hydraulic-cylinder-factory-2-1280x1629.webp 1280w, https:\/\/www.hydraulic-cylinders.net\/wp-content\/uploads\/2025\/01\/hydraulic-cylinder-factory-2-980x1248.webp 980w, https:\/\/www.hydraulic-cylinders.net\/wp-content\/uploads\/2025\/01\/hydraulic-cylinder-factory-2-480x611.webp 480w\" sizes=\"(min-width: 0px) and (max-width: 480px) 480px, (min-width: 481px) and (max-width: 980px) 980px, (min-width: 981px) and (max-width: 1280px) 1280px, (min-width: 1281px) 2011px, 100vw\" \/><\/h2>\n<p>Wir verf\u00fcgen \u00fcber eine vollautomatische Lackieranlage f\u00fcr kleine und mittelgro\u00dfe Zylinder mit automatischer Be- und Entladung sowie automatischen Spr\u00fchrobotern und einer Produktionskapazit\u00e4t von 4.000 Pl\u00e4tzen pro Schicht. F\u00fcr gro\u00dfe Zylinder haben wir eine weitere halbautomatische Lackieranlage mit Kettenantrieb und einer Kapazit\u00e4t von 60 Kisten pro Schicht.<\/p>\n<p>Um die Produktleistung weiter zu verbessern und die F\u00fchrungsposition unserer Hydraulikzylinder in der Branche zu etablieren, haben unser Unternehmen und zjimee gemeinsam ein umfassendes Leistungslabor f\u00fcr Hydraulikzylinder, Hydraulikventile und Hydraulikpumpen eingerichtet. Das Labor f\u00fchrt computergest\u00fctzte Tests mithilfe elektrohydraulischer Technologie durch. Die Testbedingungen werden von einem Computer voreingestellt, wodurch die Testgenauigkeit und Systemvielseitigkeit sowie die experimentellen Daten verbessert werden.<\/p>\n<p>Die automatische Erfassung erfolgt durch den Einsatz von Sensoren. Die Ausgabedaten, wie z. B. interne Leckagen und die Lasteffizienz des Zylinders oder des Ventils, werden direkt vom Computer verarbeitet und in Standardeinheiten (ml\/min%) umgerechnet. Gleichzeitig wird zur Gew\u00e4hrleistung der Betriebssicherheit des Hydrauliksystems eine Zustands\u00fcberwachung f\u00fcr wichtige Leistungsparameter wie \u00d6ltemperatur, Fl\u00fcssigkeitsstand und Filtervorrichtung durchgef\u00fchrt. Der Hydraulikzylinder-Pr\u00fcfstand kann unter anderem die Leistung der Last pr\u00fcfen.<br \/>\nEffizienz\u201c und \u201einterne Leckage\u201c durch Ablesungen. Gleichzeitig ist es mit einem Gitterlineal-Messger\u00e4t ausgestattet, das die Anforderungen aller Pr\u00fcfgegenst\u00e4nde von Hydraulikzylinderprodukten gem\u00e4\u00df der nationalen Norm erf\u00fcllt.<\/p>","protected":false},"excerpt":{"rendered":"<p>HCYY11112000 Forklift Lifting Cylinder The HCYY11112000 Forklift Lifting Cylinder is a crucial component for forklift operations, facilitating the efficient lifting and lowering of heavy loads. Engineered for durability and high performance, this hydraulic cylinder significantly boosts productivity across various industrial environments. As an essential asset for any forklift operation, the HCYY11112000 features a robust design [&hellip;]<\/p>","protected":false},"featured_media":16974,"comment_status":"open","ping_status":"closed","template":"","meta":{"_et_pb_use_builder":"","_et_pb_old_content":"","_et_gb_content_width":""},"product_brand":[],"product_cat":[1484,1549],"product_tag":[],"class_list":{"0":"post-16960","1":"product","2":"type-product","3":"status-publish","4":"has-post-thumbnail","6":"product_cat-forklift-hydraulic-cylinders","7":"product_cat-single-acting-hydraulic-cylinder","9":"first","10":"instock","11":"shipping-taxable","12":"product-type-simple"},"amp_enabled":true,"_links":{"self":[{"href":"https:\/\/www.hydraulic-cylinders.net\/de\/wp-json\/wp\/v2\/product\/16960","targetHints":{"allow":["GET"]}}],"collection":[{"href":"https:\/\/www.hydraulic-cylinders.net\/de\/wp-json\/wp\/v2\/product"}],"about":[{"href":"https:\/\/www.hydraulic-cylinders.net\/de\/wp-json\/wp\/v2\/types\/product"}],"replies":[{"embeddable":true,"href":"https:\/\/www.hydraulic-cylinders.net\/de\/wp-json\/wp\/v2\/comments?post=16960"}],"wp:featuredmedia":[{"embeddable":true,"href":"https:\/\/www.hydraulic-cylinders.net\/de\/wp-json\/wp\/v2\/media\/16974"}],"wp:attachment":[{"href":"https:\/\/www.hydraulic-cylinders.net\/de\/wp-json\/wp\/v2\/media?parent=16960"}],"wp:term":[{"taxonomy":"product_brand","embeddable":true,"href":"https:\/\/www.hydraulic-cylinders.net\/de\/wp-json\/wp\/v2\/product_brand?post=16960"},{"taxonomy":"product_cat","embeddable":true,"href":"https:\/\/www.hydraulic-cylinders.net\/de\/wp-json\/wp\/v2\/product_cat?post=16960"},{"taxonomy":"product_tag","embeddable":true,"href":"https:\/\/www.hydraulic-cylinders.net\/de\/wp-json\/wp\/v2\/product_tag?post=16960"}],"curies":[{"name":"wp","href":"https:\/\/api.w.org\/{rel}","templated":true}]}}