{"id":16982,"date":"2025-01-21T08:46:17","date_gmt":"2025-01-21T08:46:17","guid":{"rendered":"https:\/\/www.hydraulic-cylinders.net\/?post_type=product&#038;p=16982"},"modified":"2025-04-11T03:15:39","modified_gmt":"2025-04-11T03:15:39","slug":"hcyy11112002-forklift-steering-cylinder","status":"publish","type":"product","link":"https:\/\/www.hydraulic-cylinders.net\/de\/produkt\/hcyy11112002-forklift-steering-cylinder\/","title":{"rendered":"HCYY11112002 Gabelstapler-Lenkzylinder"},"content":{"rendered":"<h1 style=\"text-align: center;\"><strong>HCYY11112002 Gabelstapler-Lenkzylinder\u00a0<\/strong><\/h1>\n<h1 style=\"text-align: center;\"><strong><img loading=\"lazy\" decoding=\"async\" class=\"alignnone size-full wp-image-16984\" src=\"https:\/\/www.hydraulic-cylinders.net\/wp-content\/uploads\/2025\/01\/hcyy11112002-forklift-lifting-cylinder-2.webp\" alt=\"\" width=\"1496\" height=\"517\" srcset=\"https:\/\/www.hydraulic-cylinders.net\/wp-content\/uploads\/2025\/01\/hcyy11112002-forklift-lifting-cylinder-2.webp 1496w, https:\/\/www.hydraulic-cylinders.net\/wp-content\/uploads\/2025\/01\/hcyy11112002-forklift-lifting-cylinder-2-1280x442.webp 1280w, https:\/\/www.hydraulic-cylinders.net\/wp-content\/uploads\/2025\/01\/hcyy11112002-forklift-lifting-cylinder-2-980x339.webp 980w, https:\/\/www.hydraulic-cylinders.net\/wp-content\/uploads\/2025\/01\/hcyy11112002-forklift-lifting-cylinder-2-480x166.webp 480w\" sizes=\"(min-width: 0px) and (max-width: 480px) 480px, (min-width: 481px) and (max-width: 980px) 980px, (min-width: 981px) and (max-width: 1280px) 1280px, (min-width: 1281px) 1496px, 100vw\" \/> <\/strong><\/h1>\n<p>Der Gabelstapler-Lenkzylinder HCYY11112002 ist eine wichtige Komponente, die die Man\u00f6vrierf\u00e4higkeit und Kontrolle von Gabelstaplern in unterschiedlichsten Einsatzumgebungen deutlich verbessert. Dieser auf Effizienz und Zuverl\u00e4ssigkeit ausgelegte Lenkzylinder erm\u00f6glicht es dem Bediener, auch auf engstem Raum m\u00fchelos zu man\u00f6vrieren und schwere Lasten zu bewegen.<\/p>\n<p>Als unverzichtbarer Bestandteil jedes Gabelstaplerbetriebs bietet der HCYY11112002 eine robuste Konstruktion, hervorragende Reaktionsf\u00e4higkeit und einfache Wartung und ist damit die ideale Wahl f\u00fcr Unternehmen, die ihre Materialtransportkapazit\u00e4ten optimieren m\u00f6chten. Durch die Einhaltung der korrekten Anwendungs- und Wartungsvorschriften gew\u00e4hrleisten Sie einen reibungslosen und effizienten Betrieb des Lenkzylinders und somit einen sichereren und effektiveren Betrieb.<\/p>\n<p>Die Investition in hochwertige Komponenten wie den HCYY11112002 steigert nicht nur die Produktivit\u00e4t, sondern erh\u00f6ht auch die Sicherheit Ihrer Mitarbeiter. Erleben Sie den Unterschied, den eine zuverl\u00e4ssige Lenkung ausmacht, und optimieren Sie Ihre Betriebsabl\u00e4ufe noch heute!<\/p>\n<h2><strong>HCYY11112002 Gabelstapler-Lenkzylinder-Parameter:<\/strong><\/h2>\n<h1 style=\"text-align: center;\"><strong><img loading=\"lazy\" decoding=\"async\" class=\"alignnone size-full wp-image-16983\" src=\"https:\/\/www.hydraulic-cylinders.net\/wp-content\/uploads\/2025\/01\/hcyy11112002-forklift-lifting-cylinder-1.webp\" alt=\"\" width=\"1514\" height=\"142\" srcset=\"https:\/\/www.hydraulic-cylinders.net\/wp-content\/uploads\/2025\/01\/hcyy11112002-forklift-lifting-cylinder-1.webp 1514w, https:\/\/www.hydraulic-cylinders.net\/wp-content\/uploads\/2025\/01\/hcyy11112002-forklift-lifting-cylinder-1-1280x120.webp 1280w, https:\/\/www.hydraulic-cylinders.net\/wp-content\/uploads\/2025\/01\/hcyy11112002-forklift-lifting-cylinder-1-980x92.webp 980w, https:\/\/www.hydraulic-cylinders.net\/wp-content\/uploads\/2025\/01\/hcyy11112002-forklift-lifting-cylinder-1-480x45.webp 480w\" sizes=\"(min-width: 0px) and (max-width: 480px) 480px, (min-width: 481px) and (max-width: 980px) 980px, (min-width: 981px) and (max-width: 1280px) 1280px, (min-width: 1281px) 1514px, 100vw\" \/><\/strong><\/h1>\n<h1 style=\"text-align: center;\"><strong><img loading=\"lazy\" decoding=\"async\" class=\"alignnone size-full wp-image-16985\" src=\"https:\/\/www.hydraulic-cylinders.net\/wp-content\/uploads\/2025\/01\/hcyy11112002-forklift-lifting-cylinder-3.webp\" alt=\"\" width=\"1479\" height=\"707\" srcset=\"https:\/\/www.hydraulic-cylinders.net\/wp-content\/uploads\/2025\/01\/hcyy11112002-forklift-lifting-cylinder-3.webp 1479w, https:\/\/www.hydraulic-cylinders.net\/wp-content\/uploads\/2025\/01\/hcyy11112002-forklift-lifting-cylinder-3-1280x612.webp 1280w, https:\/\/www.hydraulic-cylinders.net\/wp-content\/uploads\/2025\/01\/hcyy11112002-forklift-lifting-cylinder-3-980x468.webp 980w, https:\/\/www.hydraulic-cylinders.net\/wp-content\/uploads\/2025\/01\/hcyy11112002-forklift-lifting-cylinder-3-480x229.webp 480w\" sizes=\"(min-width: 0px) and (max-width: 480px) 480px, (min-width: 481px) and (max-width: 980px) 980px, (min-width: 981px) and (max-width: 1280px) 1280px, (min-width: 1281px) 1479px, 100vw\" \/> <img loading=\"lazy\" decoding=\"async\" class=\"alignnone size-full wp-image-16986\" src=\"https:\/\/www.hydraulic-cylinders.net\/wp-content\/uploads\/2025\/01\/hcyy11112002-forklift-lifting-cylinder-4.webp\" alt=\"\" width=\"1477\" height=\"710\" srcset=\"https:\/\/www.hydraulic-cylinders.net\/wp-content\/uploads\/2025\/01\/hcyy11112002-forklift-lifting-cylinder-4.webp 1477w, https:\/\/www.hydraulic-cylinders.net\/wp-content\/uploads\/2025\/01\/hcyy11112002-forklift-lifting-cylinder-4-1280x615.webp 1280w, https:\/\/www.hydraulic-cylinders.net\/wp-content\/uploads\/2025\/01\/hcyy11112002-forklift-lifting-cylinder-4-980x471.webp 980w, https:\/\/www.hydraulic-cylinders.net\/wp-content\/uploads\/2025\/01\/hcyy11112002-forklift-lifting-cylinder-4-480x231.webp 480w\" sizes=\"(min-width: 0px) and (max-width: 480px) 480px, (min-width: 481px) and (max-width: 980px) 980px, (min-width: 981px) and (max-width: 1280px) 1280px, (min-width: 1281px) 1477px, 100vw\" \/> <img loading=\"lazy\" decoding=\"async\" class=\"alignnone size-full wp-image-16987\" src=\"https:\/\/www.hydraulic-cylinders.net\/wp-content\/uploads\/2025\/01\/hcyy11112002-forklift-lifting-cylinder-5.webp\" alt=\"\" width=\"1495\" height=\"730\" srcset=\"https:\/\/www.hydraulic-cylinders.net\/wp-content\/uploads\/2025\/01\/hcyy11112002-forklift-lifting-cylinder-5.webp 1495w, https:\/\/www.hydraulic-cylinders.net\/wp-content\/uploads\/2025\/01\/hcyy11112002-forklift-lifting-cylinder-5-1280x625.webp 1280w, https:\/\/www.hydraulic-cylinders.net\/wp-content\/uploads\/2025\/01\/hcyy11112002-forklift-lifting-cylinder-5-980x479.webp 980w, https:\/\/www.hydraulic-cylinders.net\/wp-content\/uploads\/2025\/01\/hcyy11112002-forklift-lifting-cylinder-5-480x234.webp 480w\" sizes=\"(min-width: 0px) and (max-width: 480px) 480px, (min-width: 481px) and (max-width: 980px) 980px, (min-width: 981px) and (max-width: 1280px) 1280px, (min-width: 1281px) 1495px, 100vw\" \/><\/strong><\/h1>\n<h1 style=\"text-align: center;\"><\/h1>\n<h2>\u00a0<strong>Gabelstaplerzylinder-Serie:\u00a0<\/strong><\/h2>\n<h2><img loading=\"lazy\" decoding=\"async\" class=\"alignnone size-full wp-image-16971\" src=\"https:\/\/www.hydraulic-cylinders.net\/wp-content\/uploads\/2025\/01\/fork-lift-cylinder.webp\" alt=\"\" width=\"2004\" height=\"2529\" srcset=\"https:\/\/www.hydraulic-cylinders.net\/wp-content\/uploads\/2025\/01\/fork-lift-cylinder.webp 2004w, https:\/\/www.hydraulic-cylinders.net\/wp-content\/uploads\/2025\/01\/fork-lift-cylinder-1280x1615.webp 1280w, https:\/\/www.hydraulic-cylinders.net\/wp-content\/uploads\/2025\/01\/fork-lift-cylinder-980x1237.webp 980w, https:\/\/www.hydraulic-cylinders.net\/wp-content\/uploads\/2025\/01\/fork-lift-cylinder-480x606.webp 480w\" sizes=\"(min-width: 0px) and (max-width: 480px) 480px, (min-width: 481px) and (max-width: 980px) 980px, (min-width: 981px) and (max-width: 1280px) 1280px, (min-width: 1281px) 2004px, 100vw\" \/><\/h2>\n<h2><strong>Hauptmerkmale des Gabelstapler-Lenkzylinders HCYY11112002:<\/strong><\/h2>\n<ul>\n<li><strong>Langlebige Konstruktion<\/strong>Die aus hochwertigen Materialien gefertigte HCYY11112002 ist f\u00fcr den Einsatz unter anspruchsvollen Bedingungen und rauen Arbeitsbedingungen ausgelegt. Ihre robuste Konstruktion gew\u00e4hrleistet au\u00dfergew\u00f6hnliche Langlebigkeit und Zuverl\u00e4ssigkeit und minimiert den Bedarf an h\u00e4ufigen Austauschvorg\u00e4ngen.<\/li>\n<li><strong>Hohe Reaktionsf\u00e4higkeit<\/strong>Erleben Sie mit diesem Lenkzylinder eine unvergleichliche Kontrolle, die f\u00fcr schnelle und pr\u00e4zise Lenkreaktionen sorgt. Bediener k\u00f6nnen enge Kurven und komplexe Streckenf\u00fchrungen m\u00fchelos meistern, was zu sanfteren Kurvenfahrten und einem verbesserten Lastenhandling f\u00fchrt. Diese Reaktionsf\u00e4higkeit steigert nicht nur die Effizienz, sondern erh\u00f6ht auch die allgemeine Sicherheit.<\/li>\n<li><strong>Korrosionsbest\u00e4ndigkeit<\/strong>Der HCYY11112002 verf\u00fcgt \u00fcber speziell behandelte Oberfl\u00e4chen, die Rost und Korrosion widerstehen. Diese Korrosionsbest\u00e4ndigkeit verl\u00e4ngert die Lebensdauer des Zylinders und gew\u00e4hrleistet optimale Leistung, selbst in Umgebungen mit Feuchtigkeit oder aggressiven Chemikalien.<\/li>\n<li><strong>Einfache Installation<\/strong>Der HCYY11112002 wurde mit Blick auf Benutzerfreundlichkeit entwickelt und erm\u00f6glicht eine unkomplizierte Installation. Dank des intuitiven Einrichtungsprozesses werden Ausfallzeiten minimiert und schnelle Austausch- und Reparaturarbeiten erm\u00f6glicht. Dies bedeutet weniger Betriebsunterbrechungen und mehr Zeit f\u00fcr produktives Arbeiten.<\/li>\n<li><strong>Breite Kompatibilit\u00e4t<\/strong>Vielseitigkeit ist ein Markenzeichen des HCYY11112002. Dieser Lenkzylinder wurde f\u00fcr verschiedene Gabelstaplermodelle entwickelt und passt sich nahtlos an unterschiedliche Systeme an. Dadurch ist er die ideale Wahl f\u00fcr verschiedenste Unternehmen. Ob Sie einen einzelnen Gabelstapler oder eine ganze Flotte betreiben \u2013 diese Komponente erf\u00fcllt Ihre vielf\u00e4ltigen Anforderungen m\u00fchelos.<\/li>\n<li><strong>Verbesserte Sicherheitsmerkmale<\/strong>Durch die Integration fortschrittlicher Sicherheitsmechanismen gew\u00e4hrleistet der HCYY11112002 einen stabilen Betrieb unter verschiedensten Bedingungen. Diese zus\u00e4tzliche Sicherheitsebene sch\u00fctzt sowohl Bediener als auch Lasten und verbessert so das gesamte Arbeitsumfeld.<\/li>\n<li><strong>Geringer Wartungsaufwand<\/strong>Der HCYY11112002 ist auf Langlebigkeit und Effizienz ausgelegt und ben\u00f6tigt nur minimalen Wartungsaufwand. Regelm\u00e4\u00dfige Kontrollen und gelegentliches Schmieren sorgen f\u00fcr optimale Leistung, sodass sich Ihr Team auf seine Aufgaben konzentrieren kann, ohne sich um h\u00e4ufige Wartungsarbeiten k\u00fcmmern zu m\u00fcssen.<\/li>\n<\/ul>\n<p>Mit dem Gabelstapler-Lenkzylinder HCYY11112002 investieren Sie in ein Produkt, das die Betriebseffizienz steigert und zu einem sichereren und produktiveren Arbeitsumfeld beitr\u00e4gt. Erleben Sie den Unterschied, den diese fortschrittlichen Funktionen in Ihren Materialflussprozessen ausmachen k\u00f6nnen!<\/p>\n<h2><strong>Woran erkennt man, dass ein Lenkzylinder an einem Gabelstapler ausgetauscht werden muss?<\/strong><\/h2>\n<p>Ein einwandfrei funktionierender Lenkzylinder ist f\u00fcr den sicheren Betrieb Ihres Gabelstaplers unerl\u00e4sslich. Hier sind einige Anzeichen daf\u00fcr, dass ein Austausch erforderlich sein k\u00f6nnte:<\/p>\n<ol>\n<li><strong>Hydraulikfl\u00fcssigkeitslecks<\/strong><br \/>\nWenn Sie unter Ihrem Gabelstapler Pf\u00fctzen von Hydraulikfl\u00fcssigkeit entdecken, ist das ein Warnsignal. Leckagen deuten darauf hin, dass die Dichtungen im Lenkzylinder verschlissen oder besch\u00e4digt sein k\u00f6nnten, wodurch die Systemsicherheit beeintr\u00e4chtigt wird.<\/li>\n<li><strong>Lenkschwierigkeiten<\/strong><br \/>\nWenn sich das Lenkrad nur schwer drehen l\u00e4sst oder ein starker Widerstand sp\u00fcrbar ist, kann dies auf zugrundeliegende Probleme hinweisen. Eine reaktionsschnelle Lenkung ist f\u00fcr Effizienz und Sicherheit unerl\u00e4sslich, ignorieren Sie diese Anzeichen daher nicht.<\/li>\n<li><strong>Ungew\u00f6hnliche Ger\u00e4usche<\/strong><br \/>\nAchten Sie w\u00e4hrend des Betriebs auf schleifende, quietschende oder klappernde Ger\u00e4usche. Diese Ger\u00e4usche k\u00f6nnen auf mechanischen Verschlei\u00df oder eine Fehlausrichtung im Lenkzylinder hinweisen, was unbehandelt zu schwerwiegenderen Problemen f\u00fchren kann.<\/li>\n<li><strong>Abgenutzte Dichtungen und Buchsen<\/strong><br \/>\n\u00dcberpr\u00fcfen Sie die Dichtungen und Buchsen regelm\u00e4\u00dfig auf Verschlei\u00dferscheinungen. Risse oder Ausfransungen k\u00f6nnen zu Undichtigkeiten und Leistungseinbu\u00dfen f\u00fchren, weshalb ein rechtzeitiger Austausch unerl\u00e4sslich ist.<\/li>\n<li><strong>Uneinheitliche Bewegung<\/strong><br \/>\nWenn sich die Lenkung Ihres Gabelstaplers ruckartig oder unpr\u00e4zise anf\u00fchlt, kann dies auf ein Problem mit der Hydraulik im Zylinder hindeuten. Eine leichtg\u00e4ngige Lenkung ist f\u00fcr pr\u00e4zises Man\u00f6vrieren unerl\u00e4sslich, insbesondere auf engstem Raum.<\/li>\n<li><strong>\u00dcberm\u00e4\u00dfiges Spielen<\/strong><br \/>\nEin sp\u00fcrbar erh\u00f6htes Spiel oder Lockerheit des Lenkrads kann auf einen Defekt des Lenkzylinders hindeuten. Dies kann die Fahrzeugkontrolle beeintr\u00e4chtigen und das Unfallrisiko erh\u00f6hen.<\/li>\n<li><strong>Warnleuchten<\/strong><br \/>\nViele moderne Gabelstapler verf\u00fcgen \u00fcber Diagnosesysteme, die Sie auf potenzielle Probleme hinweisen. Wenn eine Warnleuchte im Zusammenhang mit der Lenkung aufleuchtet, nehmen Sie dies ernst und untersuchen Sie die Ursache umgehend.<\/li>\n<\/ol>\n<p>Wenn Sie diese Anzeichen fr\u00fchzeitig erkennen, k\u00f6nnen Sie teure Reparaturen und unsichere Betriebsbedingungen vermeiden. Regelm\u00e4\u00dfige Wartung und rechtzeitiger Austausch gew\u00e4hrleisten die Zuverl\u00e4ssigkeit und Effizienz Ihres Gabelstaplers. Sollten Sie eines dieser Symptome feststellen, konsultieren Sie einen Fachmann, um die Situation zu beurteilen und gegebenenfalls den Austausch des Lenkzylinders f\u00fcr optimale Leistung in Betracht zu ziehen. Ihre Sicherheit und Produktivit\u00e4t h\u00e4ngen davon ab!<\/p>\n<h2><strong>Produktionsbereich f\u00fcr Gabelstaplerzylinder:<\/strong><\/h2>\n<h2><img loading=\"lazy\" decoding=\"async\" class=\"alignnone size-full wp-image-16972\" src=\"https:\/\/www.hydraulic-cylinders.net\/wp-content\/uploads\/2025\/01\/hydraulic-cylinder-factory-1-scaled.webp\" alt=\"\" width=\"2016\" height=\"2560\" srcset=\"https:\/\/www.hydraulic-cylinders.net\/wp-content\/uploads\/2025\/01\/hydraulic-cylinder-factory-1-scaled.webp 2016w, https:\/\/www.hydraulic-cylinders.net\/wp-content\/uploads\/2025\/01\/hydraulic-cylinder-factory-1-1280x1625.webp 1280w, https:\/\/www.hydraulic-cylinders.net\/wp-content\/uploads\/2025\/01\/hydraulic-cylinder-factory-1-980x1244.webp 980w, https:\/\/www.hydraulic-cylinders.net\/wp-content\/uploads\/2025\/01\/hydraulic-cylinder-factory-1-480x610.webp 480w\" sizes=\"(min-width: 0px) and (max-width: 480px) 480px, (min-width: 481px) and (max-width: 980px) 980px, (min-width: 981px) and (max-width: 1280px) 1280px, (min-width: 1281px) 2016px, 100vw\" \/><\/h2>\n<p>Wir verf\u00fcgen \u00fcber eine erstklassige, unabh\u00e4ngige F&amp;E-Plattform f\u00fcr die Montage. Die Produktionswerkstatt f\u00fcr Gabelstaplerzylinder hat vier halbautomatische Montagelinien f\u00fcr Hubzylinder und eine vollautomatische Montagelinie f\u00fcr Kippzylinder mit einer geplanten j\u00e4hrlichen Produktionskapazit\u00e4t von Millionen St\u00fcck. Die Spezialzylinderwerkstatt verf\u00fcgt \u00fcber halbautomatische Reinigungs- und Montagesysteme unterschiedlicher Spezifikationen mit einer geplanten j\u00e4hrlichen Produktionskapazit\u00e4t von 200.000 St\u00fcck. Sie ist mit CNC-Bearbeitungsmaschinen namhafter Marken, Bearbeitungszentren, Spezialger\u00e4ten f\u00fcr die hochpr\u00e4zise Zylinderbearbeitung, Roboterschwei\u00dfger\u00e4ten, automatischen Reinigungsmaschinen, automatischen Zylindermontagemaschinen und automatischen Lackierproduktionslinien ausgestattet. Wir haben mehr als 300 S\u00e4tze wichtiger Ger\u00e4te in Betrieb. Die optimierte Zuweisung und effiziente Nutzung der Ger\u00e4teressourcen gew\u00e4hrleistet die Pr\u00e4zisionsanforderungen der Produkte und erf\u00fcllt die hohen Standardqualit\u00e4tsanforderungen der Produkte.<\/p>\n<p>Die Bearbeitungswerkstatt ist mit ma\u00dfgefertigten Drehzentren mit kippbaren F\u00fchrungsschienen, Bearbeitungszentren, Hochgeschwindigkeits-Honmaschinen, Schwei\u00dfrobotern und anderen relevanten Ger\u00e4ten ausgestattet, die die Bearbeitung von Zylinderrohren mit einem maximalen Innendurchmesser von 400 mm und einer maximalen L\u00e4nge von 6 Metern bew\u00e4ltigen k\u00f6nnen.<\/p>\n<h2><img loading=\"lazy\" decoding=\"async\" class=\"alignnone size-full wp-image-16973\" src=\"https:\/\/www.hydraulic-cylinders.net\/wp-content\/uploads\/2025\/01\/hydraulic-cylinder-factory-2-scaled.webp\" alt=\"\" width=\"2011\" height=\"2560\" srcset=\"https:\/\/www.hydraulic-cylinders.net\/wp-content\/uploads\/2025\/01\/hydraulic-cylinder-factory-2-scaled.webp 2011w, https:\/\/www.hydraulic-cylinders.net\/wp-content\/uploads\/2025\/01\/hydraulic-cylinder-factory-2-1280x1629.webp 1280w, https:\/\/www.hydraulic-cylinders.net\/wp-content\/uploads\/2025\/01\/hydraulic-cylinder-factory-2-980x1248.webp 980w, https:\/\/www.hydraulic-cylinders.net\/wp-content\/uploads\/2025\/01\/hydraulic-cylinder-factory-2-480x611.webp 480w\" sizes=\"(min-width: 0px) and (max-width: 480px) 480px, (min-width: 481px) and (max-width: 980px) 980px, (min-width: 981px) and (max-width: 1280px) 1280px, (min-width: 1281px) 2011px, 100vw\" \/><\/h2>\n<p>Wir verf\u00fcgen \u00fcber eine vollautomatische Lackieranlage f\u00fcr kleine und mittelgro\u00dfe Zylinder mit automatischer Be- und Entladung sowie automatischen Spr\u00fchrobotern und einer Produktionskapazit\u00e4t von 4.000 Pl\u00e4tzen pro Schicht. F\u00fcr gro\u00dfe Zylinder haben wir eine weitere halbautomatische Lackieranlage mit Kettenantrieb und einer Kapazit\u00e4t von 60 Kisten pro Schicht.<\/p>\n<p>Um die Produktleistung weiter zu verbessern und die F\u00fchrungsposition unserer Hydraulikzylinder in der Branche zu etablieren, haben unser Unternehmen und zjimee gemeinsam ein umfassendes Leistungslabor f\u00fcr Hydraulikzylinder, Hydraulikventile und Hydraulikpumpen eingerichtet. Das Labor f\u00fchrt computergest\u00fctzte Tests mithilfe elektrohydraulischer Technologie durch. Die Testbedingungen werden von einem Computer voreingestellt, wodurch die Testgenauigkeit und Systemvielseitigkeit sowie die experimentellen Daten verbessert werden.<\/p>\n<p>Die automatische Erfassung erfolgt durch den Einsatz von Sensoren. Die Ausgabedaten, wie z. B. interne Leckagen und die Lasteffizienz des Zylinders oder des Ventils, werden direkt vom Computer verarbeitet und in Standardeinheiten (ml\/min%) umgerechnet. Gleichzeitig wird zur Gew\u00e4hrleistung der Betriebssicherheit des Hydrauliksystems eine Zustands\u00fcberwachung f\u00fcr wichtige Leistungsparameter wie \u00d6ltemperatur, Fl\u00fcssigkeitsstand und Filtervorrichtung durchgef\u00fchrt. Der Hydraulikzylinder-Pr\u00fcfstand kann unter anderem die Leistung der Last pr\u00fcfen.<br \/>\nEffizienz\u201c und \u201einterne Leckage\u201c durch Ablesungen. Gleichzeitig ist es mit einem Gitterlineal-Messger\u00e4t ausgestattet, das die Anforderungen aller Pr\u00fcfgegenst\u00e4nde von Hydraulikzylinderprodukten gem\u00e4\u00df der nationalen Norm erf\u00fcllt.<\/p>","protected":false},"excerpt":{"rendered":"<p>HCYY11112002 Forklift Steering Cylinder\u00a0 The HCYY11112002 Forklift Steering Cylinder stands as a vital component that significantly boosts the maneuverability and control of forklifts across diverse operational environments. Crafted for both efficiency and reliability, this steering cylinder empowers operators to navigate tight spaces and manage heavy loads effortlessly. As an essential part of any forklift operation, [&hellip;]<\/p>","protected":false},"featured_media":16988,"comment_status":"open","ping_status":"closed","template":"","meta":{"_et_pb_use_builder":"","_et_pb_old_content":"","_et_gb_content_width":""},"product_brand":[],"product_cat":[1550,1484,1376],"product_tag":[],"class_list":{"0":"post-16982","1":"product","2":"type-product","3":"status-publish","4":"has-post-thumbnail","6":"product_cat-double-acting-hydraulic-cylinder","7":"product_cat-forklift-hydraulic-cylinders","8":"product_cat-hydraulic-cylinder","10":"first","11":"instock","12":"shipping-taxable","13":"product-type-simple"},"amp_enabled":true,"_links":{"self":[{"href":"https:\/\/www.hydraulic-cylinders.net\/de\/wp-json\/wp\/v2\/product\/16982","targetHints":{"allow":["GET"]}}],"collection":[{"href":"https:\/\/www.hydraulic-cylinders.net\/de\/wp-json\/wp\/v2\/product"}],"about":[{"href":"https:\/\/www.hydraulic-cylinders.net\/de\/wp-json\/wp\/v2\/types\/product"}],"replies":[{"embeddable":true,"href":"https:\/\/www.hydraulic-cylinders.net\/de\/wp-json\/wp\/v2\/comments?post=16982"}],"wp:featuredmedia":[{"embeddable":true,"href":"https:\/\/www.hydraulic-cylinders.net\/de\/wp-json\/wp\/v2\/media\/16988"}],"wp:attachment":[{"href":"https:\/\/www.hydraulic-cylinders.net\/de\/wp-json\/wp\/v2\/media?parent=16982"}],"wp:term":[{"taxonomy":"product_brand","embeddable":true,"href":"https:\/\/www.hydraulic-cylinders.net\/de\/wp-json\/wp\/v2\/product_brand?post=16982"},{"taxonomy":"product_cat","embeddable":true,"href":"https:\/\/www.hydraulic-cylinders.net\/de\/wp-json\/wp\/v2\/product_cat?post=16982"},{"taxonomy":"product_tag","embeddable":true,"href":"https:\/\/www.hydraulic-cylinders.net\/de\/wp-json\/wp\/v2\/product_tag?post=16982"}],"curies":[{"name":"wp","href":"https:\/\/api.w.org\/{rel}","templated":true}]}}