{"id":17058,"date":"2025-02-05T06:07:17","date_gmt":"2025-02-05T06:07:17","guid":{"rendered":"https:\/\/www.hydraulic-cylinders.net\/?post_type=product&#038;p=17058"},"modified":"2025-04-11T03:28:20","modified_gmt":"2025-04-11T03:28:20","slug":"arm-anti-tilt-hydraulic-cylinders-for-crawler-crane","status":"publish","type":"product","link":"https:\/\/www.hydraulic-cylinders.net\/de\/produkt\/arm-anti-tilt-hydraulic-cylinders-for-crawler-crane\/","title":{"rendered":"Hydraulische Kippsicherungszylinder f\u00fcr Raupenkrane"},"content":{"rendered":"<h1 style=\"text-align: center;\"><strong>Hydraulische Kippsicherungszylinder f\u00fcr Raupenkrane<\/strong><\/h1>\n<h1 style=\"text-align: center;\"><img loading=\"lazy\" decoding=\"async\" class=\"alignnone size-full wp-image-17060\" src=\"https:\/\/www.hydraulic-cylinders.net\/wp-content\/uploads\/2025\/02\/hcyy11112019-cylinder-for-preventing-rear-tlit-of-boom-2.webp\" alt=\"\" width=\"1499\" height=\"519\" srcset=\"https:\/\/www.hydraulic-cylinders.net\/wp-content\/uploads\/2025\/02\/hcyy11112019-cylinder-for-preventing-rear-tlit-of-boom-2.webp 1499w, https:\/\/www.hydraulic-cylinders.net\/wp-content\/uploads\/2025\/02\/hcyy11112019-cylinder-for-preventing-rear-tlit-of-boom-2-1280x443.webp 1280w, https:\/\/www.hydraulic-cylinders.net\/wp-content\/uploads\/2025\/02\/hcyy11112019-cylinder-for-preventing-rear-tlit-of-boom-2-980x339.webp 980w, https:\/\/www.hydraulic-cylinders.net\/wp-content\/uploads\/2025\/02\/hcyy11112019-cylinder-for-preventing-rear-tlit-of-boom-2-480x166.webp 480w\" sizes=\"(min-width: 0px) and (max-width: 480px) 480px, (min-width: 481px) and (max-width: 980px) 980px, (min-width: 981px) and (max-width: 1280px) 1280px, (min-width: 1281px) 1499px, 100vw\" \/><\/h1>\n<p>Unsere hydraulischen Ausleger-Neigungsbremszylinder f\u00fcr Raupenkrane wurden entwickelt, um Sicherheit und Stabilit\u00e4t bei schweren Hebevorg\u00e4ngen zu erh\u00f6hen. Speziell f\u00fcr Raupenkrane konzipiert, verhindern diese Zylinder das Zur\u00fcckkippen des Kranauslegers unter extremen Lasten und gew\u00e4hrleisten so die Betriebssicherheit in anspruchsvollen Umgebungen wie Baustellen, Hafenanlagen und Industrieprojekten. Dank der Verwendung hochfester Materialien und fortschrittlicher Dichtungstechnologie bieten unsere Zylinder au\u00dfergew\u00f6hnliche Langlebigkeit, widerstehen dynamischen Belastungen und rauen Bedingungen und erm\u00f6glichen gleichzeitig eine pr\u00e4zise Steuerung.<\/p>\n<p>With a pressure rating of up to 35 MPa and corrosion-resistant coatings, they are ideal for long-term use in rugged terrains. Whether you&#8217;re lifting heavy steel structures or handling oversized cargo, our arm anti tilt hydraulic cylinders provide the reliability and performance you need to keep your crawler crane operations safe and efficient.<\/p>\n<h2><strong>Parameter der hydraulischen Kippsicherungszylinder f\u00fcr Raupenkrane:<\/strong><\/h2>\n<h1 style=\"text-align: center;\"><img loading=\"lazy\" decoding=\"async\" class=\"alignnone size-full wp-image-17059\" src=\"https:\/\/www.hydraulic-cylinders.net\/wp-content\/uploads\/2025\/02\/hcyy11112019-cylinder-for-preventing-rear-tlit-of-boom-1.webp\" alt=\"\" width=\"1512\" height=\"147\" srcset=\"https:\/\/www.hydraulic-cylinders.net\/wp-content\/uploads\/2025\/02\/hcyy11112019-cylinder-for-preventing-rear-tlit-of-boom-1.webp 1512w, https:\/\/www.hydraulic-cylinders.net\/wp-content\/uploads\/2025\/02\/hcyy11112019-cylinder-for-preventing-rear-tlit-of-boom-1-1280x124.webp 1280w, https:\/\/www.hydraulic-cylinders.net\/wp-content\/uploads\/2025\/02\/hcyy11112019-cylinder-for-preventing-rear-tlit-of-boom-1-980x95.webp 980w, https:\/\/www.hydraulic-cylinders.net\/wp-content\/uploads\/2025\/02\/hcyy11112019-cylinder-for-preventing-rear-tlit-of-boom-1-480x47.webp 480w\" sizes=\"(min-width: 0px) and (max-width: 480px) 480px, (min-width: 481px) and (max-width: 980px) 980px, (min-width: 981px) and (max-width: 1280px) 1280px, (min-width: 1281px) 1512px, 100vw\" \/><img loading=\"lazy\" decoding=\"async\" class=\"alignnone size-full wp-image-17061\" src=\"https:\/\/www.hydraulic-cylinders.net\/wp-content\/uploads\/2025\/02\/hcyy11112019-cylinder-for-preventing-rear-tlit-of-boom-3.webp\" alt=\"\" width=\"1477\" height=\"707\" srcset=\"https:\/\/www.hydraulic-cylinders.net\/wp-content\/uploads\/2025\/02\/hcyy11112019-cylinder-for-preventing-rear-tlit-of-boom-3.webp 1477w, https:\/\/www.hydraulic-cylinders.net\/wp-content\/uploads\/2025\/02\/hcyy11112019-cylinder-for-preventing-rear-tlit-of-boom-3-1280x613.webp 1280w, https:\/\/www.hydraulic-cylinders.net\/wp-content\/uploads\/2025\/02\/hcyy11112019-cylinder-for-preventing-rear-tlit-of-boom-3-980x469.webp 980w, https:\/\/www.hydraulic-cylinders.net\/wp-content\/uploads\/2025\/02\/hcyy11112019-cylinder-for-preventing-rear-tlit-of-boom-3-480x230.webp 480w\" sizes=\"(min-width: 0px) and (max-width: 480px) 480px, (min-width: 481px) and (max-width: 980px) 980px, (min-width: 981px) and (max-width: 1280px) 1280px, (min-width: 1281px) 1477px, 100vw\" \/> <img loading=\"lazy\" decoding=\"async\" class=\"alignnone size-full wp-image-17062\" src=\"https:\/\/www.hydraulic-cylinders.net\/wp-content\/uploads\/2025\/02\/hcyy11112019-cylinder-for-preventing-rear-tlit-of-boom-4.webp\" alt=\"\" width=\"1477\" height=\"711\" srcset=\"https:\/\/www.hydraulic-cylinders.net\/wp-content\/uploads\/2025\/02\/hcyy11112019-cylinder-for-preventing-rear-tlit-of-boom-4.webp 1477w, https:\/\/www.hydraulic-cylinders.net\/wp-content\/uploads\/2025\/02\/hcyy11112019-cylinder-for-preventing-rear-tlit-of-boom-4-1280x616.webp 1280w, https:\/\/www.hydraulic-cylinders.net\/wp-content\/uploads\/2025\/02\/hcyy11112019-cylinder-for-preventing-rear-tlit-of-boom-4-980x472.webp 980w, https:\/\/www.hydraulic-cylinders.net\/wp-content\/uploads\/2025\/02\/hcyy11112019-cylinder-for-preventing-rear-tlit-of-boom-4-480x231.webp 480w\" sizes=\"(min-width: 0px) and (max-width: 480px) 480px, (min-width: 481px) and (max-width: 980px) 980px, (min-width: 981px) and (max-width: 1280px) 1280px, (min-width: 1281px) 1477px, 100vw\" \/> <img loading=\"lazy\" decoding=\"async\" class=\"alignnone size-full wp-image-17063\" src=\"https:\/\/www.hydraulic-cylinders.net\/wp-content\/uploads\/2025\/02\/hcyy11112019-cylinder-for-preventing-rear-tlit-of-boom-5.webp\" alt=\"\" width=\"1401\" height=\"671\" srcset=\"https:\/\/www.hydraulic-cylinders.net\/wp-content\/uploads\/2025\/02\/hcyy11112019-cylinder-for-preventing-rear-tlit-of-boom-5.webp 1401w, https:\/\/www.hydraulic-cylinders.net\/wp-content\/uploads\/2025\/02\/hcyy11112019-cylinder-for-preventing-rear-tlit-of-boom-5-1280x613.webp 1280w, https:\/\/www.hydraulic-cylinders.net\/wp-content\/uploads\/2025\/02\/hcyy11112019-cylinder-for-preventing-rear-tlit-of-boom-5-980x469.webp 980w, https:\/\/www.hydraulic-cylinders.net\/wp-content\/uploads\/2025\/02\/hcyy11112019-cylinder-for-preventing-rear-tlit-of-boom-5-480x230.webp 480w\" sizes=\"(min-width: 0px) and (max-width: 480px) 480px, (min-width: 481px) and (max-width: 980px) 980px, (min-width: 981px) and (max-width: 1280px) 1280px, (min-width: 1281px) 1401px, 100vw\" \/><\/h1>\n<h2><strong>Zylinderserie des Raupenkrans:<\/strong><\/h2>\n<h2><img loading=\"lazy\" decoding=\"async\" class=\"alignnone size-full wp-image-17054 aligncenter\" src=\"https:\/\/www.hydraulic-cylinders.net\/wp-content\/uploads\/2025\/02\/cylinder-series-of-crawler-crane-1.webp\" alt=\"\" width=\"709\" height=\"791\" srcset=\"https:\/\/www.hydraulic-cylinders.net\/wp-content\/uploads\/2025\/02\/cylinder-series-of-crawler-crane-1.webp 709w, https:\/\/www.hydraulic-cylinders.net\/wp-content\/uploads\/2025\/02\/cylinder-series-of-crawler-crane-1-480x536.webp 480w\" sizes=\"(min-width: 0px) and (max-width: 480px) 480px, (min-width: 481px) 709px, 100vw\" \/><\/h2>\n<h2><strong>Hauptmerkmale der hydraulischen Kippsicherungszylinder f\u00fcr Raupenkrane:<\/strong><\/h2>\n<h4><strong>Robuste Konstruktion<\/strong><\/h4>\n<p>The arm anti tilt hydraulic cylinders boast a robust construction made from high-strength materials, carefully selected to endure the toughest working conditions. This construction not only ensures exceptional durability but also enhances reliability, allowing operators to focus on the task at hand without worrying about equipment failures. The cylinder&#8217;s resilience means it can tackle everything from extreme temperatures to heavy vibrations, making it a dependable choice for any crane operation.<\/p>\n<h4><strong>Hohe Tragf\u00e4higkeit<\/strong><\/h4>\n<p>Engineered to handle significant weights, the arm anti tilt hydraulic cylinders empower operators to lift and maneuver heavy materials with confidence. Its impressive load capacity plays a crucial role in expanding the capabilities of crawler cranes, allowing them to perform complex tasks that demand strength and stability. Whether it&#8217;s lifting steel beams or transporting heavy machinery, this cylinder provides the muscle needed to get the job done safely and efficiently.<\/p>\n<h4><strong>Feinmechanik<\/strong><\/h4>\n<p>With a design that features tight tolerances, the arm anti-tilt hydraulic cylinders promote smooth operation and precise positioning of the boom. This level of precision minimizes the risk of accidents and enhances overall operational safety. Operators can rely on the cylinder&#8217;s accuracy, which is vital for tasks requiring meticulous control. This attention to detail not only boosts performance but also instills confidence in operators as they navigate challenging lifting scenarios.<\/p>\n<h4><strong>Korrosionsbest\u00e4ndigkeit<\/strong><\/h4>\n<p>Die hydraulischen Kippschutzzylinder der Arme verf\u00fcgen \u00fcber eine spezielle Oberfl\u00e4chenbehandlung, die einen hervorragenden Schutz vor Rost und Korrosion bietet. Diese Eigenschaft ist besonders vorteilhaft in anspruchsvollen Umgebungen, in denen Feuchtigkeit und aggressive Chemikalien h\u00e4ufig vorkommen. Durch die verl\u00e4ngerte Lebensdauer des Zylinders gew\u00e4hrleistet diese Korrosionsbest\u00e4ndigkeit eine gleichbleibende Leistung \u00fcber lange Zeit, reduziert die Wartungskosten und steigert den Gesamtwert Ihrer Investition.<\/p>\n<h4><strong>Kompakte Bauweise<\/strong><\/h4>\n<p>Die platzsparende Bauweise des Zylinders erm\u00f6glicht eine einfache Installation und nahtlose Integration in verschiedene Raupenkranmodelle. Diese Kompaktheit maximiert die Betriebseffizienz und erlaubt den Einsatz der Krane auch auf engstem Raum ohne Leistungseinbu\u00dfen. Die Bediener sch\u00e4tzen den unkomplizierten Installationsprozess, der wertvolle Zeit spart und Ausfallzeiten minimiert. Die Konstruktion gew\u00e4hrleistet, dass die hydraulischen Ausleger-Kippbremszylinder m\u00fchelos in Ihre bestehende Ausr\u00fcstung passen und so Vielseitigkeit und Funktionalit\u00e4t erh\u00f6hen.<\/p>\n<p>Zusammenfassend l\u00e4sst sich sagen, dass sich der Zylinder HCYY11112019 durch seine robuste Konstruktion, hohe Tragf\u00e4higkeit, pr\u00e4zise Verarbeitung, Korrosionsbest\u00e4ndigkeit und kompakte Bauweise auszeichnet. Jede dieser Eigenschaften tr\u00e4gt zu einem zuverl\u00e4ssigen, effizienten und sicheren Hebevorgang bei und macht diesen Zylinder zu einer unverzichtbaren Komponente f\u00fcr jeden Raupenkranbetrieb.<\/p>\n<h2><strong>Wie tr\u00e4gt der Zylinder zur Verhinderung des Hinterkantens zur Erh\u00f6hung der Sicherheit beim Betrieb von Raupenkranen bei?<\/strong><\/h2>\n<p>Der Zylinder zur Verhinderung des Hinterankippens ist eine wichtige Komponente, die die Sicherheit von Raupenkraneins\u00e4tzen auf mehrere \u00fcberzeugende Arten deutlich erh\u00f6ht:<\/p>\n<ol>\n<li><strong>Stabilit\u00e4t beim Anheben<\/strong>Stellen Sie sich vor, wie beruhigend es ist, zu wissen, dass Ihr Kran stabil steht, insbesondere beim Heben schwerer Lasten. Der Zylinder verhindert das Kippen des Auslegers nach hinten und sorgt so f\u00fcr eine ausbalancierte Position des Krans. Diese Stabilit\u00e4t ist entscheidend, da sie das Risiko des Umkippens oder Kontrollverlusts bei anspruchsvollen Hebearbeiten deutlich reduziert. Die Kranf\u00fchrer k\u00f6nnen sich voll und ganz auf ihre Arbeit konzentrieren, ohne sich st\u00e4ndig Sorgen um m\u00f6gliche Unf\u00e4lle machen zu m\u00fcssen.<\/li>\n<li><strong>Genaue Laststeuerung<\/strong>Pr\u00e4zision ist bei Kranarbeiten entscheidend, und dieser Zylinder tr\u00e4gt ma\u00dfgeblich dazu bei. Durch die pr\u00e4zise Positionierung des Auslegers k\u00f6nnen Kranf\u00fchrer Lasten mit bemerkenswerter Genauigkeit man\u00f6vrieren. Diese F\u00e4higkeit ist besonders wichtig beim Man\u00f6vrieren auf engstem Raum oder beim heiklen Positionieren von Lasten. Dank der verbesserten Kontrolle wird das Unfallrisiko durch unsachgem\u00e4\u00dfe Lastplatzierung minimiert, was einen reibungsloseren Arbeitsablauf gew\u00e4hrleistet.<\/li>\n<li><strong>Reduziertes Risiko mechanischer Ausf\u00e4lle<\/strong>Die robuste Konstruktion des Zylinders ist f\u00fcr die Belastungen beim Heben schwerer Lasten ausgelegt. Diese Langlebigkeit erm\u00f6glicht eine effektive Spannungsverteilung, was entscheidend zur Vermeidung von mechanischen Ausf\u00e4llen ist. Durch die Reduzierung der Ausfallwahrscheinlichkeit erh\u00f6ht der Zylinder nicht nur die Sicherheit, sondern tr\u00e4gt auch zur betrieblichen Effizienz bei und erm\u00f6glicht so die termingerechte Fertigstellung von Projekten ohne unerwartete Unterbrechungen.<\/li>\n<li><strong>Erh\u00f6htes Vertrauen der Bediener<\/strong>Vertrauen ist ein entscheidender Sicherheitsfaktor. Wenn die Bediener wissen, dass der Zylinder ein Kippen nach hinten aktiv verhindert, k\u00f6nnen sie sich ungest\u00f6rt auf ihre Aufgaben konzentrieren. Diese Gewissheit f\u00f6rdert eine Sicherheitskultur auf der Baustelle, da die Bediener aufmerksamer und wachsamer sind, wodurch die Unfallwahrscheinlichkeit weiter sinkt.<\/li>\n<li><strong>Einhaltung der Sicherheitsstandards<\/strong>In einer Branche, in der Sicherheitsvorschriften h\u00f6chste Priorit\u00e4t haben, tr\u00e4gt der Einsatz eines hinteren Kippsicherungszylinders dazu bei, dass Krane die strengen Sicherheitsstandards einhalten. Dies sch\u00fctzt nicht nur die Kranf\u00fchrer und die Besatzung, sondern st\u00e4rkt auch den Ruf des Unternehmens und unterstreicht dessen Engagement f\u00fcr Sicherheit und Professionalit\u00e4t.<\/li>\n<\/ol>\n<p>Zusammenfassend l\u00e4sst sich sagen, dass der Zylinder zur Verhinderung des Heckkippens mehr als nur ein Bauteil ist; er revolutioniert die Kransicherheit. Durch die Gew\u00e4hrleistung von Stabilit\u00e4t, Pr\u00e4zision, die Reduzierung mechanischer Risiken, das gesteigerte Vertrauen des Bedieners und die Einhaltung von Sicherheitsstandards tr\u00e4gt dieser Zylinder wesentlich zu einem sicheren und effizienten Arbeitsumfeld bei. Investitionen in solche Sicherheitsma\u00dfnahmen sch\u00fctzen nicht nur Leben, sondern steigern auch die Produktivit\u00e4t und sind daher eine kluge Wahl f\u00fcr jeden Raupenkranbetrieb.<\/p>\n<h2><strong>Produktionsbereich f\u00fcr Gabelstaplerzylinder:<\/strong><\/h2>\n<h2><img loading=\"lazy\" decoding=\"async\" class=\"alignnone size-full wp-image-16972\" src=\"https:\/\/www.hydraulic-cylinders.net\/wp-content\/uploads\/2025\/01\/hydraulic-cylinder-factory-1-scaled.webp\" alt=\"\" width=\"2016\" height=\"2560\" srcset=\"https:\/\/www.hydraulic-cylinders.net\/wp-content\/uploads\/2025\/01\/hydraulic-cylinder-factory-1-scaled.webp 2016w, https:\/\/www.hydraulic-cylinders.net\/wp-content\/uploads\/2025\/01\/hydraulic-cylinder-factory-1-1280x1625.webp 1280w, https:\/\/www.hydraulic-cylinders.net\/wp-content\/uploads\/2025\/01\/hydraulic-cylinder-factory-1-980x1244.webp 980w, https:\/\/www.hydraulic-cylinders.net\/wp-content\/uploads\/2025\/01\/hydraulic-cylinder-factory-1-480x610.webp 480w\" sizes=\"(min-width: 0px) and (max-width: 480px) 480px, (min-width: 481px) and (max-width: 980px) 980px, (min-width: 981px) and (max-width: 1280px) 1280px, (min-width: 1281px) 2016px, 100vw\" \/><\/h2>\n<p>Wir verf\u00fcgen \u00fcber eine hochmoderne, unabh\u00e4ngige Forschungs- und Entwicklungsplattform speziell f\u00fcr die Montage, die h\u00f6chste Innovationskraft und Qualit\u00e4t in unseren Fertigungsprozessen gew\u00e4hrleistet. Unsere Produktionswerkstatt f\u00fcr Gabelstaplerzylinder verf\u00fcgt \u00fcber vier halbautomatische Montagelinien f\u00fcr Hubzylinder und eine vollautomatische Montagelinie f\u00fcr Kippzylinder, die zusammen f\u00fcr die Produktion von bis zu einer Million Einheiten pro Jahr ausgelegt sind.<\/p>\n<p>Dar\u00fcber hinaus ist unsere spezialisierte Zylinderwerkstatt mit halbautomatischen Reinigungs- und Montagesystemen f\u00fcr unterschiedliche Anforderungen ausgestattet und verf\u00fcgt \u00fcber eine j\u00e4hrliche Produktionskapazit\u00e4t von 200.000 St\u00fcck. Wir nutzen renommierte CNC-Anlagen, Bearbeitungszentren und Spezialwerkzeuge f\u00fcr die hochpr\u00e4zise Zylinderbearbeitung. Unsere Anlage verf\u00fcgt au\u00dferdem \u00fcber moderne Roboterschwei\u00dfmaschinen, automatische Reinigungssysteme sowie vollautomatische Zylindermontage- und Lackierlinien. Mit \u00fcber 300 betriebsbereiten Schl\u00fcsselger\u00e4ten optimieren wir die Ressourcenverteilung und gew\u00e4hrleisten eine effiziente Nutzung unter Einhaltung strenger Pr\u00e4zisions- und Qualit\u00e4tsstandards.<\/p>\n<p>Unsere Werkstatt verf\u00fcgt \u00fcber kundenspezifische Drehzentren mit Schwenkf\u00fchrung, Bearbeitungszentren, Hochgeschwindigkeits-Honmaschinen, Schwei\u00dfroboter und weitere wichtige Ger\u00e4te. Diese Ausstattung erm\u00f6glicht uns die Bearbeitung von Zylinderrohren mit einem maximalen Innendurchmesser von 400 mm und einer L\u00e4nge von bis zu 6 Metern und erweitert so unsere Produktionskapazit\u00e4ten.<\/p>\n<h2><img loading=\"lazy\" decoding=\"async\" class=\"alignnone size-full wp-image-16973\" src=\"https:\/\/www.hydraulic-cylinders.net\/wp-content\/uploads\/2025\/01\/hydraulic-cylinder-factory-2-scaled.webp\" alt=\"\" width=\"2011\" height=\"2560\" srcset=\"https:\/\/www.hydraulic-cylinders.net\/wp-content\/uploads\/2025\/01\/hydraulic-cylinder-factory-2-scaled.webp 2011w, https:\/\/www.hydraulic-cylinders.net\/wp-content\/uploads\/2025\/01\/hydraulic-cylinder-factory-2-1280x1629.webp 1280w, https:\/\/www.hydraulic-cylinders.net\/wp-content\/uploads\/2025\/01\/hydraulic-cylinder-factory-2-980x1248.webp 980w, https:\/\/www.hydraulic-cylinders.net\/wp-content\/uploads\/2025\/01\/hydraulic-cylinder-factory-2-480x611.webp 480w\" sizes=\"(min-width: 0px) and (max-width: 480px) 480px, (min-width: 481px) and (max-width: 980px) 980px, (min-width: 981px) and (max-width: 1280px) 1280px, (min-width: 1281px) 2011px, 100vw\" \/><\/h2>\n<p>Wir betreiben eine vollautomatische Lackieranlage f\u00fcr Wasserlacke, die speziell f\u00fcr kleine und mittelgro\u00dfe Zylinder konzipiert ist und \u00fcber automatisierte Be- und Entlade- sowie Spr\u00fchroboter verf\u00fcgt. Diese hochmoderne Anlage verf\u00fcgt \u00fcber eine Produktionskapazit\u00e4t von 4.000 Einheiten pro Schicht. Zus\u00e4tzlich verf\u00fcgen wir \u00fcber eine halbautomatische Lackieranlage f\u00fcr Gro\u00dfzylinder mit Kettenantrieb und einer Kapazit\u00e4t von 60 Kisten pro Schicht.<\/p>\n<p>Um die Produktleistung zu verbessern und unsere f\u00fchrende Position in der Hydraulikzylinderindustrie zu festigen, haben wir in Zusammenarbeit mit ZJIMEE ein umfassendes Leistungslabor f\u00fcr Hydraulikzylinder, Ventile und Pumpen eingerichtet. Dieses fortschrittliche Labor nutzt computergest\u00fctzte Tests mit elektrohydraulischer Technologie und erm\u00f6glicht voreingestellte Testbedingungen, die die Genauigkeit und Systemflexibilit\u00e4t verbessern. Der automatisierte Datenerfassungsprozess nutzt Sensoren, um Ausgangsdaten wie interne Leckagen und Lasteffizienz zu erfassen. Diese werden dann von einem Computer verarbeitet und in Standardeinheiten (ml\/min%) umgerechnet.<\/p>\n<p>Um die Sicherheit unserer Hydrauliksysteme zu gew\u00e4hrleisten, f\u00fchren wir au\u00dferdem eine Zustands\u00fcberwachung wichtiger Leistungsparameter wie \u00d6ltemperatur, Fl\u00fcssigkeitsstand und Filterstatus durch. Unser Hydraulikzylinderpr\u00fcfstand erm\u00f6glicht die pr\u00e4zise Messung von Lasteffizienz und interner Leckage. Er ist au\u00dferdem mit einem Gitterlineal-Messger\u00e4t ausgestattet, das nationalen Normen entspricht und die Einhaltung aller Pr\u00fcfanforderungen f\u00fcr Hydraulikzylinderprodukte gew\u00e4hrleistet.<\/p>\n<p>&nbsp;<\/p>","protected":false},"excerpt":{"rendered":"<p>Arm Anti Tilt Hydraulic Cylinders For Crawler Crane Our arm anti tilt hydraulic cylinders for crawler cranes are engineered to enhance safety and stability during heavy-duty lifting operations. Designed specifically for crawler cranes, these cylinders prevent the crane arm (boom) from tilting backward under extreme loads, ensuring operational safety in demanding environments like construction sites, [&hellip;]<\/p>","protected":false},"featured_media":17064,"comment_status":"open","ping_status":"closed","template":"","meta":{"_et_pb_use_builder":"","_et_pb_old_content":"","_et_gb_content_width":""},"product_brand":[],"product_cat":[1550,1514,1376],"product_tag":[],"class_list":{"0":"post-17058","1":"product","2":"type-product","3":"status-publish","4":"has-post-thumbnail","6":"product_cat-double-acting-hydraulic-cylinder","7":"product_cat-mobile-crane-hydraulic-cylinders","8":"product_cat-hydraulic-cylinder","10":"first","11":"instock","12":"shipping-taxable","13":"product-type-simple"},"amp_enabled":true,"_links":{"self":[{"href":"https:\/\/www.hydraulic-cylinders.net\/de\/wp-json\/wp\/v2\/product\/17058","targetHints":{"allow":["GET"]}}],"collection":[{"href":"https:\/\/www.hydraulic-cylinders.net\/de\/wp-json\/wp\/v2\/product"}],"about":[{"href":"https:\/\/www.hydraulic-cylinders.net\/de\/wp-json\/wp\/v2\/types\/product"}],"replies":[{"embeddable":true,"href":"https:\/\/www.hydraulic-cylinders.net\/de\/wp-json\/wp\/v2\/comments?post=17058"}],"wp:featuredmedia":[{"embeddable":true,"href":"https:\/\/www.hydraulic-cylinders.net\/de\/wp-json\/wp\/v2\/media\/17064"}],"wp:attachment":[{"href":"https:\/\/www.hydraulic-cylinders.net\/de\/wp-json\/wp\/v2\/media?parent=17058"}],"wp:term":[{"taxonomy":"product_brand","embeddable":true,"href":"https:\/\/www.hydraulic-cylinders.net\/de\/wp-json\/wp\/v2\/product_brand?post=17058"},{"taxonomy":"product_cat","embeddable":true,"href":"https:\/\/www.hydraulic-cylinders.net\/de\/wp-json\/wp\/v2\/product_cat?post=17058"},{"taxonomy":"product_tag","embeddable":true,"href":"https:\/\/www.hydraulic-cylinders.net\/de\/wp-json\/wp\/v2\/product_tag?post=17058"}],"curies":[{"name":"wp","href":"https:\/\/api.w.org\/{rel}","templated":true}]}}