{"id":17065,"date":"2025-02-05T07:37:55","date_gmt":"2025-02-05T07:37:55","guid":{"rendered":"https:\/\/www.hydraulic-cylinders.net\/?post_type=product&#038;p=17065"},"modified":"2025-04-11T01:53:48","modified_gmt":"2025-04-11T01:53:48","slug":"support-hydraulic-cylinders-for-crawler-crane","status":"publish","type":"product","link":"https:\/\/www.hydraulic-cylinders.net\/de\/produkt\/support-hydraulic-cylinders-for-crawler-crane\/","title":{"rendered":"St\u00fctzhydraulikzylinder f\u00fcr Raupenkrane"},"content":{"rendered":"<h1 style=\"text-align: center;\"><strong>St\u00fctzhydraulikzylinder f\u00fcr Raupenkrane<\/strong><\/h1>\n<h1 style=\"text-align: center;\"><img loading=\"lazy\" decoding=\"async\" class=\"alignnone size-full wp-image-17068\" src=\"https:\/\/www.hydraulic-cylinders.net\/wp-content\/uploads\/2025\/02\/hcyy11112020-cylinder-for-frame-support-2.webp\" alt=\"\" width=\"1497\" height=\"520\" srcset=\"https:\/\/www.hydraulic-cylinders.net\/wp-content\/uploads\/2025\/02\/hcyy11112020-cylinder-for-frame-support-2.webp 1497w, https:\/\/www.hydraulic-cylinders.net\/wp-content\/uploads\/2025\/02\/hcyy11112020-cylinder-for-frame-support-2-1280x445.webp 1280w, https:\/\/www.hydraulic-cylinders.net\/wp-content\/uploads\/2025\/02\/hcyy11112020-cylinder-for-frame-support-2-980x340.webp 980w, https:\/\/www.hydraulic-cylinders.net\/wp-content\/uploads\/2025\/02\/hcyy11112020-cylinder-for-frame-support-2-480x167.webp 480w\" sizes=\"(min-width: 0px) and (max-width: 480px) 480px, (min-width: 481px) and (max-width: 980px) 980px, (min-width: 981px) and (max-width: 1280px) 1280px, (min-width: 1281px) 1497px, 100vw\" \/><\/h1>\n<div>Unser <strong>St\u00fctzhydraulikzylinder f\u00fcr Raupenkrane<\/strong> Diese Hydraulikzylinder sind f\u00fcr schwere Hebe- und Stabilisierungsaufgaben in anspruchsvollen Umgebungen konzipiert. Sie st\u00fctzen die Traversenarmstruktur und gew\u00e4hrleisten optimale Stabilit\u00e4t und Sicherheit bei hohen Lasten. Dadurch eignen sie sich ideal f\u00fcr Raupenkrane im Bauwesen, Hafenbetrieb und bei Industrieprojekten. Dank ihrer Langlebigkeit und Pr\u00e4zision sind unsere Hydraulikzylinder so konstruiert, dass sie dynamischen Belastungen und rauen Bedingungen standhalten und so die zuverl\u00e4ssige Leistung Ihres Raupenkrans gew\u00e4hrleisten.<\/div>\n<h2><strong>Parameter der St\u00fctzhydraulikzylinder f\u00fcr Raupenkrane:<\/strong><\/h2>\n<h1 style=\"text-align: center;\"><img loading=\"lazy\" decoding=\"async\" class=\"alignnone size-full wp-image-17067\" src=\"https:\/\/www.hydraulic-cylinders.net\/wp-content\/uploads\/2025\/02\/hcyy11112020-cylinder-for-frame-support-1.webp\" alt=\"\" width=\"1512\" height=\"150\" srcset=\"https:\/\/www.hydraulic-cylinders.net\/wp-content\/uploads\/2025\/02\/hcyy11112020-cylinder-for-frame-support-1.webp 1512w, https:\/\/www.hydraulic-cylinders.net\/wp-content\/uploads\/2025\/02\/hcyy11112020-cylinder-for-frame-support-1-1280x127.webp 1280w, https:\/\/www.hydraulic-cylinders.net\/wp-content\/uploads\/2025\/02\/hcyy11112020-cylinder-for-frame-support-1-980x97.webp 980w, https:\/\/www.hydraulic-cylinders.net\/wp-content\/uploads\/2025\/02\/hcyy11112020-cylinder-for-frame-support-1-480x48.webp 480w\" sizes=\"(min-width: 0px) and (max-width: 480px) 480px, (min-width: 481px) and (max-width: 980px) 980px, (min-width: 981px) and (max-width: 1280px) 1280px, (min-width: 1281px) 1512px, 100vw\" \/><img loading=\"lazy\" decoding=\"async\" class=\"alignnone size-full wp-image-17069\" src=\"https:\/\/www.hydraulic-cylinders.net\/wp-content\/uploads\/2025\/02\/hcyy11112020-cylinder-for-frame-support-3.webp\" alt=\"\" width=\"1475\" height=\"710\" srcset=\"https:\/\/www.hydraulic-cylinders.net\/wp-content\/uploads\/2025\/02\/hcyy11112020-cylinder-for-frame-support-3.webp 1475w, https:\/\/www.hydraulic-cylinders.net\/wp-content\/uploads\/2025\/02\/hcyy11112020-cylinder-for-frame-support-3-1280x616.webp 1280w, https:\/\/www.hydraulic-cylinders.net\/wp-content\/uploads\/2025\/02\/hcyy11112020-cylinder-for-frame-support-3-980x472.webp 980w, https:\/\/www.hydraulic-cylinders.net\/wp-content\/uploads\/2025\/02\/hcyy11112020-cylinder-for-frame-support-3-480x231.webp 480w\" sizes=\"(min-width: 0px) and (max-width: 480px) 480px, (min-width: 481px) and (max-width: 980px) 980px, (min-width: 981px) and (max-width: 1280px) 1280px, (min-width: 1281px) 1475px, 100vw\" \/> <img loading=\"lazy\" decoding=\"async\" class=\"alignnone size-full wp-image-17070\" src=\"https:\/\/www.hydraulic-cylinders.net\/wp-content\/uploads\/2025\/02\/hcyy11112020-cylinder-for-frame-support-4.webp\" alt=\"\" width=\"1479\" height=\"717\" srcset=\"https:\/\/www.hydraulic-cylinders.net\/wp-content\/uploads\/2025\/02\/hcyy11112020-cylinder-for-frame-support-4.webp 1479w, https:\/\/www.hydraulic-cylinders.net\/wp-content\/uploads\/2025\/02\/hcyy11112020-cylinder-for-frame-support-4-1280x621.webp 1280w, https:\/\/www.hydraulic-cylinders.net\/wp-content\/uploads\/2025\/02\/hcyy11112020-cylinder-for-frame-support-4-980x475.webp 980w, https:\/\/www.hydraulic-cylinders.net\/wp-content\/uploads\/2025\/02\/hcyy11112020-cylinder-for-frame-support-4-480x233.webp 480w\" sizes=\"(min-width: 0px) and (max-width: 480px) 480px, (min-width: 481px) and (max-width: 980px) 980px, (min-width: 981px) and (max-width: 1280px) 1280px, (min-width: 1281px) 1479px, 100vw\" \/> <img loading=\"lazy\" decoding=\"async\" class=\"alignnone size-full wp-image-17071\" src=\"https:\/\/www.hydraulic-cylinders.net\/wp-content\/uploads\/2025\/02\/hcyy11112020-cylinder-for-frame-support-5.webp\" alt=\"\" width=\"1421\" height=\"704\" srcset=\"https:\/\/www.hydraulic-cylinders.net\/wp-content\/uploads\/2025\/02\/hcyy11112020-cylinder-for-frame-support-5.webp 1421w, https:\/\/www.hydraulic-cylinders.net\/wp-content\/uploads\/2025\/02\/hcyy11112020-cylinder-for-frame-support-5-1280x634.webp 1280w, https:\/\/www.hydraulic-cylinders.net\/wp-content\/uploads\/2025\/02\/hcyy11112020-cylinder-for-frame-support-5-980x486.webp 980w, https:\/\/www.hydraulic-cylinders.net\/wp-content\/uploads\/2025\/02\/hcyy11112020-cylinder-for-frame-support-5-480x238.webp 480w\" sizes=\"(min-width: 0px) and (max-width: 480px) 480px, (min-width: 481px) and (max-width: 980px) 980px, (min-width: 981px) and (max-width: 1280px) 1280px, (min-width: 1281px) 1421px, 100vw\" \/><\/h1>\n<h2><strong>Zylinderserie des Raupenkrans:<\/strong><\/h2>\n<h2><img loading=\"lazy\" decoding=\"async\" class=\"alignnone size-full wp-image-17054 aligncenter\" src=\"https:\/\/www.hydraulic-cylinders.net\/wp-content\/uploads\/2025\/02\/cylinder-series-of-crawler-crane-1.webp\" alt=\"\" width=\"709\" height=\"791\" srcset=\"https:\/\/www.hydraulic-cylinders.net\/wp-content\/uploads\/2025\/02\/cylinder-series-of-crawler-crane-1.webp 709w, https:\/\/www.hydraulic-cylinders.net\/wp-content\/uploads\/2025\/02\/cylinder-series-of-crawler-crane-1-480x536.webp 480w\" sizes=\"(min-width: 0px) and (max-width: 480px) 480px, (min-width: 481px) 709px, 100vw\" \/><\/h2>\n<h2><strong>Hauptmerkmale der hydraulischen St\u00fctzzylinder f\u00fcr Raupenkrane mit Fachwerkarm:<\/strong><\/h2>\n<h4><strong>Hohe Tragf\u00e4higkeit<\/strong><\/h4>\n<p>Der <strong>St\u00fctzzylinder<\/strong> Der Kran zeichnet sich durch seine beeindruckende Tragf\u00e4higkeit aus und erm\u00f6glicht es ihm, m\u00fchelos erhebliche Gewichte zu tragen. Diese Eigenschaft macht ihn ideal f\u00fcr anspruchsvolle Anwendungen wie gro\u00dfe Bauprojekte und Infrastrukturentwicklung. Kranf\u00fchrer k\u00f6nnen schwere Lasten bedenkenlos heben und bewegen, da sie sich auf eine zuverl\u00e4ssige Komponente verlassen k\u00f6nnen, die selbst den anspruchsvollsten Aufgaben gerecht wird. Diese Leistungsf\u00e4higkeit maximiert nicht nur die Produktivit\u00e4t, sondern steigert auch die Gesamteffizienz des Kranbetriebs.<\/p>\n<h4><strong>Langlebige Konstruktion<\/strong><\/h4>\n<p>Der aus hochfesten Materialien gefertigte St\u00fctzzylinder ist f\u00fcr den Einsatz in anspruchsvollen Umgebungen konzipiert. Seine robuste Konstruktion widersteht Verschlei\u00df und gew\u00e4hrleistet so eine zuverl\u00e4ssige Funktion \u00fcber lange Zeit. Diese Widerstandsf\u00e4higkeit reduziert Austausch und Reparaturen, sodass sich die Bauteams auf ihre eigentliche Arbeit konzentrieren k\u00f6nnen. Die lange Lebensdauer des Zylinders tr\u00e4gt zu geringeren Ausfallzeiten bei und macht ihn zu einer lohnenden Investition f\u00fcr jeden Betrieb.<\/p>\n<h4><strong>Korrosionsbest\u00e4ndigkeit<\/strong><\/h4>\n<p>Korrosion kann eine erhebliche Gefahr f\u00fcr Hydraulikkomponenten darstellen. Der St\u00fctzzylinder verf\u00fcgt jedoch \u00fcber fortschrittliche Oberfl\u00e4chenbehandlungen, die ihn vor Rost und Korrosion sch\u00fctzen. Diese zus\u00e4tzliche Schutzschicht gew\u00e4hrleistet, dass der Zylinder auch unter widrigen Witterungsbedingungen oder in aggressiven Umgebungen in einwandfreiem Zustand bleibt. Durch die verl\u00e4ngerte Lebensdauer erh\u00f6ht diese Korrosionsbest\u00e4ndigkeit nicht nur die Zuverl\u00e4ssigkeit, sondern minimiert auch den Bedarf an kostspieligen Reparaturen oder Austauschteilen und steigert so letztendlich die Betriebseffizienz.<\/p>\n<h4><strong>Kompakte Bauweise<\/strong><\/h4>\n<p>Die kompakte Bauweise des St\u00fctzzylinders erh\u00f6ht seine Vielseitigkeit und erm\u00f6glicht die einfache Integration in verschiedene Raupenkranmodelle. Dank dieser platzsparenden Konstruktion k\u00f6nnen Kranf\u00fchrer die Leistungsf\u00e4higkeit ihres Krans optimal nutzen, ohne unn\u00f6tiges Volumen zu verschwenden. Das optimierte Design erm\u00f6glicht eine schnelle Installation und Bedienung, sodass Teams sich nahtlos an unterschiedliche Projektanforderungen anpassen k\u00f6nnen. Diese Anpassungsf\u00e4higkeit sorgt f\u00fcr mehr Flexibilit\u00e4t auf der Baustelle und erleichtert die Bew\u00e4ltigung vielf\u00e4ltiger Hebeaufgaben.<\/p>\n<h4><strong>Feinmechanik<\/strong><\/h4>\n<p>Pr\u00e4zision ist bei Hebevorg\u00e4ngen unerl\u00e4sslich, und der St\u00fctzzylinder wurde mit h\u00f6chster Sorgfalt konstruiert, um einen reibungslosen Betrieb und eine exakte Lastpositionierung zu gew\u00e4hrleisten. Dank enger Fertigungstoleranzen stellt dieser Zylinder sicher, dass jeder Hub mit h\u00f6chster Pr\u00e4zision ausgef\u00fchrt wird und die Sicherheit dadurch deutlich erh\u00f6ht wird. Bediener k\u00f6nnen sich darauf verlassen, dass ihre Lasten exakt positioniert werden, wodurch das Unfallrisiko minimiert und die Arbeitsabl\u00e4ufe effizienter gestaltet werden. Diese hohe Pr\u00e4zision sch\u00fctzt nicht nur wertvolle Ausr\u00fcstung, sondern tr\u00e4gt auch zu einem sichereren Arbeitsumfeld f\u00fcr alle bei.<\/p>\n<p>Zusammenfassend l\u00e4sst sich sagen, dass der St\u00fctzzylinder durch seine au\u00dfergew\u00f6hnliche Tragf\u00e4higkeit, robuste Konstruktion, Korrosionsbest\u00e4ndigkeit, kompakte Bauweise und pr\u00e4zise Fertigung besticht. Diese Eigenschaften ergeben zusammen eine zuverl\u00e4ssige und effiziente L\u00f6sung f\u00fcr Bauprojekte und machen ihn zu einem unverzichtbaren Werkzeug f\u00fcr Fachleute der Branche.<\/p>\n<h2><strong>Wie tr\u00e4gt der Zylinder zur Verhinderung des Hinterkantens zur Erh\u00f6hung der Sicherheit beim Betrieb von Raupenkranen bei?<\/strong><\/h2>\n<p>Das Design des <strong>Unterst\u00fctzung<\/strong> <strong>Zylinder<\/strong> ist ein Meisterwerk der Ingenieurskunst, das die Stabilit\u00e4t bei Schwerlasthebungen deutlich verbessert. Im Folgenden wird erl\u00e4utert, wie die einzelnen Merkmale zu seiner herausragenden Leistung beitragen:<\/p>\n<h4><strong>1. Beeindruckende Tragf\u00e4higkeit<\/strong><\/h4>\n<p>Der St\u00fctzzylinder ist speziell f\u00fcr die Aufnahme hoher Gewichte konstruiert und eignet sich daher ideal f\u00fcr anspruchsvolle Anwendungen. Dank seiner beeindruckenden Tragf\u00e4higkeit k\u00f6nnen selbst schwerste Lasten sicher angehoben werden, wodurch das Risiko des Umkippens oder Schwankens deutlich reduziert wird. Durch die stabile Basis erm\u00f6glicht dieser Zylinder den Bedienern, sich auf ihre Aufgaben zu konzentrieren, ohne sich st\u00e4ndig um die Stabilit\u00e4t sorgen zu m\u00fcssen, was die Gesamtproduktivit\u00e4t steigert.<\/p>\n<h4><strong>2. Robuste Konstruktion<\/strong><\/h4>\n<p>Der aus hochfesten Materialien gefertigte Zylinder ist f\u00fcr den Einsatz in anspruchsvollen Umgebungen konzipiert. Seine robuste Konstruktion gew\u00e4hrleistet die Beibehaltung der strukturellen Integrit\u00e4t auch unter starkem Druck und bietet ein zuverl\u00e4ssiges St\u00fctzsystem, das dynamische Kr\u00e4fte beim Heben aufnehmen kann. Die Langlebigkeit der verwendeten Materialien verl\u00e4ngert nicht nur die Lebensdauer des Zylinders, sondern verbessert auch seine Leistungsf\u00e4higkeit, selbst unter extremen Bedingungen.<\/p>\n<h4><strong>3. Kompaktes Design<\/strong><\/h4>\n<p>Eine der herausragenden Eigenschaften des St\u00fctzzylinders ist seine kompakte Bauweise, die eine optimale Positionierung im Kranrahmen erm\u00f6glicht. Diese strategische Positionierung senkt den Schwerpunkt und verbessert so die Gesamtstabilit\u00e4t w\u00e4hrend des Betriebs deutlich. Ein niedrigerer Schwerpunkt verringert die Kippgefahr, insbesondere beim Man\u00f6vrieren schwerer Lasten, wodurch der Zylinder zu einer unverzichtbaren Komponente f\u00fcr sicheres und effizientes Heben wird.<\/p>\n<h4><strong>4. Pr\u00e4zisionstechnik<\/strong><\/h4>\n<p>Pr\u00e4zision ist bei Hebevorg\u00e4ngen von gr\u00f6\u00dfter Bedeutung, und der St\u00fctzzylinder zeichnet sich in dieser Hinsicht durch seine hervorragende Leistung aus. Dank enger Fertigungstoleranzen garantiert dieser Zylinder sanfte und kontrollierte Bewegungen. Diese Pr\u00e4zision verbessert nicht nur die Genauigkeit der Lastpositionierung, sondern minimiert auch das Risiko pl\u00f6tzlicher Verschiebungen, die die Stabilit\u00e4t beeintr\u00e4chtigen k\u00f6nnten. Bediener k\u00f6nnen sich darauf verlassen, dass ihre Lasten schonend und pr\u00e4zise gehandhabt werden, was die Sicherheit auf der Baustelle erh\u00f6ht.<\/p>\n<h4><strong>5. Korrosionsbest\u00e4ndigkeit<\/strong><\/h4>\n<p>Korrosion kann insbesondere in rauen Umgebungen ein erhebliches Problem f\u00fcr Hydraulikkomponenten darstellen. Der St\u00fctzzylinder verf\u00fcgt \u00fcber fortschrittliche Oberfl\u00e4chenbehandlungen, die ihn vor Rost und Verschlei\u00df sch\u00fctzen. Diese Korrosionsbest\u00e4ndigkeit gew\u00e4hrleistet, dass der Zylinder seine Leistungsf\u00e4higkeit auch unter widrigen Bedingungen dauerhaft beibeh\u00e4lt. Durch die Vermeidung von Verschlei\u00df erh\u00f6ht diese Eigenschaft die Zuverl\u00e4ssigkeit und verl\u00e4ngert die Lebensdauer des Zylinders, was zu dauerhafter Stabilit\u00e4t bei schweren Hebeaufgaben beitr\u00e4gt.<\/p>\n<p>Zusammenfassend l\u00e4sst sich sagen, dass <strong>St\u00fctzzylinder<\/strong> Der St\u00fctzzylinder gilt als Eckpfeiler f\u00fcr Stabilit\u00e4t und Zuverl\u00e4ssigkeit bei Schwerlasthebungen. Seine beeindruckende Tragf\u00e4higkeit, robuste Konstruktion, kompakte Bauweise, pr\u00e4zise Verarbeitung und Korrosionsbest\u00e4ndigkeit bilden ein leistungsstarkes St\u00fctzsystem. Dieser Zylinder erh\u00f6ht nicht nur die Sicherheit, sondern steigert auch die Effizienz und ist somit ein unverzichtbares Hilfsmittel f\u00fcr Bauprofis. Mit dem St\u00fctzzylinder k\u00f6nnen Bediener ihre Leistung steigern und selbst anspruchsvollste Projekte erfolgreich bew\u00e4ltigen.<\/p>\n<h2><strong>Produktionsbereich f\u00fcr Gabelstaplerzylinder:<\/strong><\/h2>\n<h2><img loading=\"lazy\" decoding=\"async\" class=\"alignnone size-full wp-image-16972\" src=\"https:\/\/www.hydraulic-cylinders.net\/wp-content\/uploads\/2025\/01\/hydraulic-cylinder-factory-1-scaled.webp\" alt=\"\" width=\"2016\" height=\"2560\" srcset=\"https:\/\/www.hydraulic-cylinders.net\/wp-content\/uploads\/2025\/01\/hydraulic-cylinder-factory-1-scaled.webp 2016w, https:\/\/www.hydraulic-cylinders.net\/wp-content\/uploads\/2025\/01\/hydraulic-cylinder-factory-1-1280x1625.webp 1280w, https:\/\/www.hydraulic-cylinders.net\/wp-content\/uploads\/2025\/01\/hydraulic-cylinder-factory-1-980x1244.webp 980w, https:\/\/www.hydraulic-cylinders.net\/wp-content\/uploads\/2025\/01\/hydraulic-cylinder-factory-1-480x610.webp 480w\" sizes=\"(min-width: 0px) and (max-width: 480px) 480px, (min-width: 481px) and (max-width: 980px) 980px, (min-width: 981px) and (max-width: 1280px) 1280px, (min-width: 1281px) 2016px, 100vw\" \/><\/h2>\n<p>Wir verf\u00fcgen \u00fcber eine hochmoderne, unabh\u00e4ngige Forschungs- und Entwicklungsplattform speziell f\u00fcr die Montage, die h\u00f6chste Innovationskraft und Qualit\u00e4t in unseren Fertigungsprozessen gew\u00e4hrleistet. Unsere Produktionswerkstatt f\u00fcr Gabelstaplerzylinder verf\u00fcgt \u00fcber vier halbautomatische Montagelinien f\u00fcr Hubzylinder und eine vollautomatische Montagelinie f\u00fcr Kippzylinder, die zusammen f\u00fcr die Produktion von bis zu einer Million Einheiten pro Jahr ausgelegt sind.<\/p>\n<p>Dar\u00fcber hinaus ist unsere spezialisierte Zylinderwerkstatt mit halbautomatischen Reinigungs- und Montagesystemen f\u00fcr unterschiedliche Anforderungen ausgestattet und verf\u00fcgt \u00fcber eine j\u00e4hrliche Produktionskapazit\u00e4t von 200.000 St\u00fcck. Wir nutzen renommierte CNC-Anlagen, Bearbeitungszentren und Spezialwerkzeuge f\u00fcr die hochpr\u00e4zise Zylinderbearbeitung. Unsere Anlage verf\u00fcgt au\u00dferdem \u00fcber moderne Roboterschwei\u00dfmaschinen, automatische Reinigungssysteme sowie vollautomatische Zylindermontage- und Lackierlinien. Mit \u00fcber 300 betriebsbereiten Schl\u00fcsselger\u00e4ten optimieren wir die Ressourcenverteilung und gew\u00e4hrleisten eine effiziente Nutzung unter Einhaltung strenger Pr\u00e4zisions- und Qualit\u00e4tsstandards.<\/p>\n<p>Unsere Werkstatt verf\u00fcgt \u00fcber kundenspezifische Drehzentren mit Schwenkf\u00fchrung, Bearbeitungszentren, Hochgeschwindigkeits-Honmaschinen, Schwei\u00dfroboter und weitere wichtige Ger\u00e4te. Diese Ausstattung erm\u00f6glicht uns die Bearbeitung von Zylinderrohren mit einem maximalen Innendurchmesser von 400 mm und einer L\u00e4nge von bis zu 6 Metern und erweitert so unsere Produktionskapazit\u00e4ten.<\/p>\n<h2><img loading=\"lazy\" decoding=\"async\" class=\"alignnone size-full wp-image-16973\" src=\"https:\/\/www.hydraulic-cylinders.net\/wp-content\/uploads\/2025\/01\/hydraulic-cylinder-factory-2-scaled.webp\" alt=\"\" width=\"2011\" height=\"2560\" srcset=\"https:\/\/www.hydraulic-cylinders.net\/wp-content\/uploads\/2025\/01\/hydraulic-cylinder-factory-2-scaled.webp 2011w, https:\/\/www.hydraulic-cylinders.net\/wp-content\/uploads\/2025\/01\/hydraulic-cylinder-factory-2-1280x1629.webp 1280w, https:\/\/www.hydraulic-cylinders.net\/wp-content\/uploads\/2025\/01\/hydraulic-cylinder-factory-2-980x1248.webp 980w, https:\/\/www.hydraulic-cylinders.net\/wp-content\/uploads\/2025\/01\/hydraulic-cylinder-factory-2-480x611.webp 480w\" sizes=\"(min-width: 0px) and (max-width: 480px) 480px, (min-width: 481px) and (max-width: 980px) 980px, (min-width: 981px) and (max-width: 1280px) 1280px, (min-width: 1281px) 2011px, 100vw\" \/><\/h2>\n<p>Wir betreiben eine vollautomatische Lackieranlage f\u00fcr Wasserlacke, die speziell f\u00fcr kleine und mittelgro\u00dfe Zylinder konzipiert ist und \u00fcber automatisierte Be- und Entlade- sowie Spr\u00fchroboter verf\u00fcgt. Diese hochmoderne Anlage verf\u00fcgt \u00fcber eine Produktionskapazit\u00e4t von 4.000 Einheiten pro Schicht. Zus\u00e4tzlich verf\u00fcgen wir \u00fcber eine halbautomatische Lackieranlage f\u00fcr Gro\u00dfzylinder mit Kettenantrieb und einer Kapazit\u00e4t von 60 Kisten pro Schicht.<\/p>\n<p>Um die Produktleistung zu verbessern und unsere f\u00fchrende Position in der Hydraulikzylinderindustrie zu festigen, haben wir in Zusammenarbeit mit ZJIMEE ein umfassendes Leistungslabor f\u00fcr Hydraulikzylinder, Ventile und Pumpen eingerichtet. Dieses fortschrittliche Labor nutzt computergest\u00fctzte Tests mit elektrohydraulischer Technologie und erm\u00f6glicht voreingestellte Testbedingungen, die die Genauigkeit und Systemflexibilit\u00e4t verbessern. Der automatisierte Datenerfassungsprozess nutzt Sensoren, um Ausgangsdaten wie interne Leckagen und Lasteffizienz zu erfassen. Diese werden dann von einem Computer verarbeitet und in Standardeinheiten (ml\/min%) umgerechnet.<\/p>\n<p>Um die Sicherheit unserer Hydrauliksysteme zu gew\u00e4hrleisten, f\u00fchren wir au\u00dferdem eine Zustands\u00fcberwachung wichtiger Leistungsparameter wie \u00d6ltemperatur, Fl\u00fcssigkeitsstand und Filterstatus durch. Unser Hydraulikzylinderpr\u00fcfstand erm\u00f6glicht die pr\u00e4zise Messung von Lasteffizienz und interner Leckage. Er ist au\u00dferdem mit einem Gitterlineal-Messger\u00e4t ausgestattet, das nationalen Normen entspricht und die Einhaltung aller Pr\u00fcfanforderungen f\u00fcr Hydraulikzylinderprodukte gew\u00e4hrleistet.<\/p>\n<p>&nbsp;<\/p>","protected":false},"excerpt":{"rendered":"<p>Support Hydraulic Cylinders For Crawler Crane Our support hydraulic cylinders for crawler cranes are engineered for heavy-duty lifting and stabilization in demanding environments. Designed to support the truss arm structure, these cylinders ensure optimal stability and safety during high-load operations, making them ideal for crawler cranes used in construction, port operations, and industrial projects. With [&hellip;]<\/p>","protected":false},"featured_media":17072,"comment_status":"open","ping_status":"closed","template":"","meta":{"_et_pb_use_builder":"","_et_pb_old_content":"","_et_gb_content_width":""},"product_brand":[],"product_cat":[1514,1549,1376],"product_tag":[],"class_list":{"0":"post-17065","1":"product","2":"type-product","3":"status-publish","4":"has-post-thumbnail","6":"product_cat-mobile-crane-hydraulic-cylinders","7":"product_cat-single-acting-hydraulic-cylinder","8":"product_cat-hydraulic-cylinder","10":"first","11":"instock","12":"shipping-taxable","13":"product-type-simple"},"amp_enabled":true,"_links":{"self":[{"href":"https:\/\/www.hydraulic-cylinders.net\/de\/wp-json\/wp\/v2\/product\/17065","targetHints":{"allow":["GET"]}}],"collection":[{"href":"https:\/\/www.hydraulic-cylinders.net\/de\/wp-json\/wp\/v2\/product"}],"about":[{"href":"https:\/\/www.hydraulic-cylinders.net\/de\/wp-json\/wp\/v2\/types\/product"}],"replies":[{"embeddable":true,"href":"https:\/\/www.hydraulic-cylinders.net\/de\/wp-json\/wp\/v2\/comments?post=17065"}],"wp:featuredmedia":[{"embeddable":true,"href":"https:\/\/www.hydraulic-cylinders.net\/de\/wp-json\/wp\/v2\/media\/17072"}],"wp:attachment":[{"href":"https:\/\/www.hydraulic-cylinders.net\/de\/wp-json\/wp\/v2\/media?parent=17065"}],"wp:term":[{"taxonomy":"product_brand","embeddable":true,"href":"https:\/\/www.hydraulic-cylinders.net\/de\/wp-json\/wp\/v2\/product_brand?post=17065"},{"taxonomy":"product_cat","embeddable":true,"href":"https:\/\/www.hydraulic-cylinders.net\/de\/wp-json\/wp\/v2\/product_cat?post=17065"},{"taxonomy":"product_tag","embeddable":true,"href":"https:\/\/www.hydraulic-cylinders.net\/de\/wp-json\/wp\/v2\/product_tag?post=17065"}],"curies":[{"name":"wp","href":"https:\/\/api.w.org\/{rel}","templated":true}]}}