{"id":17147,"date":"2025-02-07T06:47:22","date_gmt":"2025-02-07T06:47:22","guid":{"rendered":"https:\/\/www.hydraulic-cylinders.net\/?post_type=product&#038;p=17147"},"modified":"2025-04-15T05:52:21","modified_gmt":"2025-04-15T05:52:21","slug":"wind-power-series-cylinders","status":"publish","type":"product","link":"https:\/\/www.hydraulic-cylinders.net\/de\/produkt\/wind-power-series-cylinders\/","title":{"rendered":"Zylinder der Windkraftserie"},"content":{"rendered":"<h1 style=\"text-align: center;\"><strong>Zylinder der Windkraftserie<\/strong><\/h1>\n<h1 style=\"text-align: center;\">\u00a0<img loading=\"lazy\" decoding=\"async\" class=\"alignnone size-full wp-image-17149\" src=\"https:\/\/www.hydraulic-cylinders.net\/wp-content\/uploads\/2025\/02\/wind_power_series_cylinders-1-removebg-preview.webp\" alt=\"\" width=\"644\" height=\"644\" srcset=\"https:\/\/www.hydraulic-cylinders.net\/wp-content\/uploads\/2025\/02\/wind_power_series_cylinders-1-removebg-preview.webp 644w, https:\/\/www.hydraulic-cylinders.net\/wp-content\/uploads\/2025\/02\/wind_power_series_cylinders-1-removebg-preview-480x480.webp 480w\" sizes=\"(min-width: 0px) and (max-width: 480px) 480px, (min-width: 481px) 644px, 100vw\" \/><\/h1>\n<p>Der <strong>Zylinder der Windkraftserie<\/strong> wurden speziell f\u00fcr die Windenergiebranche entwickelt und bieten zuverl\u00e4ssige und effiziente Leistung in verschiedenen Anwendungen. Diese Zylinder spielen eine entscheidende Rolle bei der Steuerung der Mechanismen zur Nutzung der Windenergie und steigern die Effizienz und Effektivit\u00e4t von Windkraftanlagen deutlich. Pr\u00e4zise gefertigt und f\u00fcr die hohen Anforderungen der Branche ausgelegt, erf\u00fcllen sie die hohen Anforderungen dieses schnell wachsenden Bereichs.<\/p>\n<p>Die Zylinder der Wind Power-Serie vereinen Langlebigkeit, Effizienz und Benutzerfreundlichkeit und sind eine zuverl\u00e4ssige Wahl f\u00fcr Windenergieanwendungen. Ihre hohe Tragf\u00e4higkeit und Korrosionsbest\u00e4ndigkeit machen sie ideal f\u00fcr die anspruchsvollen Betriebsbedingungen von Windkraftanlagen. Durch die Einhaltung der empfohlenen Nutzungs- und Wartungspraktiken k\u00f6nnen Betreiber sicherstellen, dass diese Zylinder jahrelang optimale Leistung erbringen. Investitionen in diese Zylinder verbessern nicht nur die Zuverl\u00e4ssigkeit von Windenergieanlagen, sondern tragen auch zu einer nachhaltigen Zukunft bei.<\/p>\n<h2><strong>Parameter der Zylinder der Windkraftserie:<\/strong><\/h2>\n<h2><img loading=\"lazy\" decoding=\"async\" class=\"alignnone size-full wp-image-17148\" style=\"color: #666666; font-size: 14px;\" src=\"https:\/\/www.hydraulic-cylinders.net\/wp-content\/uploads\/2025\/02\/wind-power-series-cylinders-2.webp\" alt=\"\" width=\"1394\" height=\"731\" srcset=\"https:\/\/www.hydraulic-cylinders.net\/wp-content\/uploads\/2025\/02\/wind-power-series-cylinders-2.webp 1394w, https:\/\/www.hydraulic-cylinders.net\/wp-content\/uploads\/2025\/02\/wind-power-series-cylinders-2-1280x671.webp 1280w, https:\/\/www.hydraulic-cylinders.net\/wp-content\/uploads\/2025\/02\/wind-power-series-cylinders-2-980x514.webp 980w, https:\/\/www.hydraulic-cylinders.net\/wp-content\/uploads\/2025\/02\/wind-power-series-cylinders-2-480x252.webp 480w\" sizes=\"(min-width: 0px) and (max-width: 480px) 480px, (min-width: 481px) and (max-width: 980px) 980px, (min-width: 981px) and (max-width: 1280px) 1280px, (min-width: 1281px) 1394px, 100vw\" \/><\/h2>\n<p>\u00b7Zylindermodus: HCYY11112028<br \/>\n\u00b7 Arbeitsdruck: 16 MPa<br \/>\n\u00b7 Maximaler Druckwiderstand: 25 MPa<br \/>\n\u00b7 Durchmesser des Zylinderrohrs: 100 mm<br \/>\n\u00b7 Kolbenstangendurchmesser: 50 mm<br \/>\n\u00b7 Stiftdurchmesser: 150 mm<br \/>\n\u00b7Auslenkung: 80 mm<br \/>\n\u00b7 Zylinderl\u00e4nge: 855 mm<br \/>\n\u00b7 Gewicht: 140 kg<\/p>\n<h2><strong>Hauptmerkmale der Zylinder der Wind Power-Serie:<\/strong><\/h2>\n<h4><strong>Hohe Tragf\u00e4higkeit<\/strong><\/h4>\n<p>Die Zylinder der Wind Power-Serie zeichnen sich durch die F\u00e4higkeit aus, hohe Lasten zu tragen, was f\u00fcr die anspruchsvollen Anwendungen in der Windenergie entscheidend ist. Ihre robuste Konstruktion gew\u00e4hrleistet einen zuverl\u00e4ssigen Betrieb unter schwierigen Bedingungen wie starkem Wind oder extremen Wetterbedingungen. Diese F\u00e4higkeit steigert nicht nur die Effizienz von Windkraftanlagen, sondern gibt den Betreibern auch das Vertrauen, dass ihre Anlagen erhebliches Gewicht ohne Kompromisse bei Sicherheit und Leistung tragen k\u00f6nnen.<\/p>\n<h4><strong>Langlebige Konstruktion<\/strong><\/h4>\n<p>Diese Zylinder werden aus hochwertigen Materialien gefertigt und sind so konstruiert, dass sie langfristig verschlei\u00dffest sind. Ihre langlebige Konstruktion reduziert den Bedarf an h\u00e4ufigen Austauschvorg\u00e4ngen erheblich und macht sie zu einer kosteng\u00fcnstigen Wahl f\u00fcr den Langzeitbetrieb. Ob unter rauen Umweltbedingungen oder im harten Alltagsbetrieb \u2013 die Zylinder behalten ihre Integrit\u00e4t und sorgen f\u00fcr einen reibungslosen und effizienten Betrieb der Windenergieanlagen.<\/p>\n<h4><strong>Korrosionsbest\u00e4ndigkeit<\/strong><\/h4>\n<p>Dank einer speziellen Beschichtung sind die Zylinder widerstandsf\u00e4hig gegen Rost und Umwelteinfl\u00fcsse. Diese Korrosionsbest\u00e4ndigkeit ist besonders wichtig f\u00fcr Au\u00dfenanwendungen, wo Feuchtigkeit, Salz und andere aggressive Elemente zu Verschlei\u00df f\u00fchren k\u00f6nnen. Der Korrosionsschutz verl\u00e4ngert nicht nur die Lebensdauer der Zylinder, sondern minimiert auch den Wartungsaufwand, sodass sich die Betreiber auf die Maximierung der Energieproduktion konzentrieren k\u00f6nnen.<\/p>\n<h4><strong>Feinmechanik<\/strong><\/h4>\n<p>Die Zylinder der Wind Power-Serie werden nach exakten Spezifikationen gefertigt und garantieren nahtlose Kompatibilit\u00e4t mit einer Vielzahl von Windkraftanlagenmodellen. Diese Pr\u00e4zisionstechnik erm\u00f6glicht eine unkomplizierte Installation und Integration in bestehende Systeme und reduziert so das Risiko von Betriebsproblemen. Mit diesen Zylindern k\u00f6nnen Betreiber beruhigt sein, da sie Komponenten verwenden, die f\u00fcr eine optimale Funktion in ihrer spezifischen Anlagenkonfiguration ausgelegt sind.<\/p>\n<h4><strong>Einfache Installation<\/strong><\/h4>\n<p>Die Zylinder sind benutzerfreundlich konzipiert und erm\u00f6glichen eine schnelle und problemlose Installation. Ihr intuitives Design minimiert Ausfallzeiten w\u00e4hrend der Einrichtung und erm\u00f6glicht es den Betreibern, ihre Systeme schnell in Betrieb zu nehmen. Diese einfache Installation steigert nicht nur die Betriebseffizienz, sondern erm\u00f6glicht auch schnellere Reaktionen auf Wartungsanforderungen und stellt sicher, dass Windenergieanlagen jederzeit produktiv bleiben.<\/p>\n<p>Durch die Betonung dieser Eigenschaften liefern die Zylinder der Wind Power-Serie HCYY11112028 eine au\u00dfergew\u00f6hnliche Leistung, die den sich entwickelnden Anforderungen des Windenergiesektors gerecht wird.<\/p>\n<h2><strong>Wie verbessert die Korrosionsbest\u00e4ndigkeit von Zylindern der Windkraftserie ihre Leistung im Au\u00dfenbereich?<\/strong><\/h2>\n<p>Auf jeden Fall! Hier finden Sie eine interessantere und detailliertere Erl\u00e4uterung, wie die Korrosionsbest\u00e4ndigkeit der Zylinder der Wind Power-Serie ihre Leistung im Au\u00dfenbereich verbessert:<\/p>\n<h4><strong>1. Langlebigkeit<\/strong><\/h4>\n<p>Die spezielle korrosionsbest\u00e4ndige Beschichtung der Zylinder wirkt als wirksame Barriere gegen Rost und Verschlei\u00df. Diese Schutzschicht ist besonders wertvoll in Umgebungen mit Feuchtigkeit, Salznebel und Temperaturschwankungen. Durch die deutlich verl\u00e4ngerte Lebensdauer der Zylinder k\u00f6nnen sich Betreiber darauf verlassen, dass ihre Investition den Belastungen der Zeit standh\u00e4lt und einen l\u00e4ngeren, unterbrechungsfreien Betrieb im Feld erm\u00f6glicht.<\/p>\n<h4><strong>2. Geringerer Wartungsaufwand<\/strong><\/h4>\n<p>Ein herausragender Vorteil der Korrosionsbest\u00e4ndigkeit ist der deutlich geringere Wartungsaufwand. Da die Zylinder weniger anf\u00e4llig f\u00fcr Rost und Verschlei\u00df sind, m\u00fcssen Betreiber weniger Ressourcen \u2013 Zeit und Geld \u2013 f\u00fcr die Instandhaltung aufwenden. Diese Effizienz bedeutet, dass sich die Wartungsteams auf andere wichtige Aspekte des Windkraftanlagenbetriebs konzentrieren k\u00f6nnen, was die Gesamtproduktivit\u00e4t steigert. Dadurch l\u00e4uft die Windenergieanlage reibungsloser und maximiert die Energieausbeute, ohne dass st\u00e4ndig Komponentenausf\u00e4lle bef\u00fcrchtet werden m\u00fcssen.<\/p>\n<h4><strong>3. Konstante Leistung<\/strong><\/h4>\n<p>Korrosion kann Materialien mit der Zeit schw\u00e4chen und zu Betriebsst\u00f6rungen f\u00fchren, die die Energieerzeugung beeintr\u00e4chtigen k\u00f6nnen. Die korrosionsbest\u00e4ndigen Zylinder behalten ihre strukturelle Integrit\u00e4t und Leistungsstandards auch unter h\u00e4rtesten Au\u00dfenbedingungen. Diese Zuverl\u00e4ssigkeit gew\u00e4hrleistet einen effizienten Betrieb der Turbinen und damit eine optimale Energieerzeugung. Betreiber k\u00f6nnen eine konstante Leistung erwarten, die f\u00fcr die Deckung des Energiebedarfs und das Erreichen von Nachhaltigkeitszielen unerl\u00e4sslich ist.<\/p>\n<h4><strong>4. Sicherheit<\/strong><\/h4>\n<p>Sicherheit hat in jedem industriellen Umfeld oberste Priorit\u00e4t, und das Risiko von Ausf\u00e4llen durch Korrosion ist ein nicht zu untersch\u00e4tzendes Problem. Die Zylinder tragen dazu bei, diese Risiken zu mindern, indem sie ihre Festigkeit und Funktionalit\u00e4t auch in rauen Umgebungen bewahren. Durch die Vermeidung korrosionsbedingter Ausf\u00e4lle tragen diese Zylinder zu einer sichereren Betriebsumgebung f\u00fcr Personal und Ausr\u00fcstung bei. Dieser Schwerpunkt auf Sicherheit f\u00f6rdert eine Kultur der Zuverl\u00e4ssigkeit und des Vertrauens in der Windenergiebranche.<\/p>\n<h4><strong>5. Kosteneffizienz<\/strong><\/h4>\n<p>Bei der Investition in korrosionsbest\u00e4ndige Zylinder geht es nicht nur um sofortige Leistung, sondern auch um langfristige finanzielle Vorteile. Die Langlebigkeit und der geringere Wartungsbedarf der Zylinder f\u00fchren langfristig zu erheblichen Kosteneinsparungen. Betreiber k\u00f6nnen die Kosten f\u00fcr h\u00e4ufigen Austausch und Reparaturen vermeiden und so ihre Budgetressourcen besser einsetzen. Diese Kosteneffizienz macht diese Zylinder zu einer attraktiven Option f\u00fcr Unternehmen, die ihre Betriebsbudgets optimieren und gleichzeitig eine zuverl\u00e4ssige Energieerzeugung sicherstellen m\u00f6chten.<\/p>\n<p>Zusammenfassend l\u00e4sst sich sagen, dass die Korrosionsbest\u00e4ndigkeit der Zylinder der Wind Power-Serie mehr als nur ein Merkmal ist \u2013 sie ist ein wichtiges Merkmal, das die Lebensdauer erh\u00f6ht, den Wartungsaufwand reduziert, eine gleichbleibende Leistung gew\u00e4hrleistet, die Sicherheit erh\u00f6ht und die Kosteneffizienz steigert. Diese Vorteile tragen insgesamt zu einer effizienteren und nachhaltigeren Nutzung der Windenergie bei und machen diese Zylinder zu einer unverzichtbaren Wahl in der Branche.<\/p>\n<h2><strong>Produktionsbereich f\u00fcr Gabelstaplerzylinder:<\/strong><\/h2>\n<h2><img loading=\"lazy\" decoding=\"async\" class=\"alignnone size-full wp-image-16972\" src=\"https:\/\/www.hydraulic-cylinders.net\/wp-content\/uploads\/2025\/01\/hydraulic-cylinder-factory-1-scaled.webp\" alt=\"\" width=\"2016\" height=\"2560\" srcset=\"https:\/\/www.hydraulic-cylinders.net\/wp-content\/uploads\/2025\/01\/hydraulic-cylinder-factory-1-scaled.webp 2016w, https:\/\/www.hydraulic-cylinders.net\/wp-content\/uploads\/2025\/01\/hydraulic-cylinder-factory-1-1280x1625.webp 1280w, https:\/\/www.hydraulic-cylinders.net\/wp-content\/uploads\/2025\/01\/hydraulic-cylinder-factory-1-980x1244.webp 980w, https:\/\/www.hydraulic-cylinders.net\/wp-content\/uploads\/2025\/01\/hydraulic-cylinder-factory-1-480x610.webp 480w\" sizes=\"(min-width: 0px) and (max-width: 480px) 480px, (min-width: 481px) and (max-width: 980px) 980px, (min-width: 981px) and (max-width: 1280px) 1280px, (min-width: 1281px) 2016px, 100vw\" \/><\/h2>\n<p>Wir verf\u00fcgen \u00fcber eine hochmoderne, unabh\u00e4ngige Forschungs- und Entwicklungsplattform speziell f\u00fcr die Montage, die h\u00f6chste Innovationskraft und Qualit\u00e4t in unseren Fertigungsprozessen gew\u00e4hrleistet. Unsere Produktionswerkstatt f\u00fcr Gabelstaplerzylinder verf\u00fcgt \u00fcber vier halbautomatische Montagelinien f\u00fcr Hubzylinder und eine vollautomatische Montagelinie f\u00fcr Kippzylinder, die zusammen f\u00fcr die Produktion von bis zu einer Million Einheiten pro Jahr ausgelegt sind.<\/p>\n<p>Dar\u00fcber hinaus ist unsere spezialisierte Zylinderwerkstatt mit halbautomatischen Reinigungs- und Montagesystemen f\u00fcr unterschiedliche Anforderungen ausgestattet und verf\u00fcgt \u00fcber eine j\u00e4hrliche Produktionskapazit\u00e4t von 200.000 St\u00fcck. Wir nutzen renommierte CNC-Anlagen, Bearbeitungszentren und Spezialwerkzeuge f\u00fcr die hochpr\u00e4zise Zylinderbearbeitung. Unsere Anlage verf\u00fcgt au\u00dferdem \u00fcber moderne Roboterschwei\u00dfmaschinen, automatische Reinigungssysteme sowie vollautomatische Zylindermontage- und Lackierlinien. Mit \u00fcber 300 betriebsbereiten Schl\u00fcsselger\u00e4ten optimieren wir die Ressourcenverteilung und gew\u00e4hrleisten eine effiziente Nutzung unter Einhaltung strenger Pr\u00e4zisions- und Qualit\u00e4tsstandards.<\/p>\n<p>Unsere Werkstatt verf\u00fcgt \u00fcber kundenspezifische Drehzentren mit Schwenkf\u00fchrung, Bearbeitungszentren, Hochgeschwindigkeits-Honmaschinen, Schwei\u00dfroboter und weitere wichtige Ger\u00e4te. Diese Ausstattung erm\u00f6glicht uns die Bearbeitung von Zylinderrohren mit einem maximalen Innendurchmesser von 400 mm und einer L\u00e4nge von bis zu 6 Metern und erweitert so unsere Produktionskapazit\u00e4ten.<\/p>\n<h2><img loading=\"lazy\" decoding=\"async\" class=\"alignnone size-full wp-image-16973\" src=\"https:\/\/www.hydraulic-cylinders.net\/wp-content\/uploads\/2025\/01\/hydraulic-cylinder-factory-2-scaled.webp\" alt=\"\" width=\"2011\" height=\"2560\" srcset=\"https:\/\/www.hydraulic-cylinders.net\/wp-content\/uploads\/2025\/01\/hydraulic-cylinder-factory-2-scaled.webp 2011w, https:\/\/www.hydraulic-cylinders.net\/wp-content\/uploads\/2025\/01\/hydraulic-cylinder-factory-2-1280x1629.webp 1280w, https:\/\/www.hydraulic-cylinders.net\/wp-content\/uploads\/2025\/01\/hydraulic-cylinder-factory-2-980x1248.webp 980w, https:\/\/www.hydraulic-cylinders.net\/wp-content\/uploads\/2025\/01\/hydraulic-cylinder-factory-2-480x611.webp 480w\" sizes=\"(min-width: 0px) and (max-width: 480px) 480px, (min-width: 481px) and (max-width: 980px) 980px, (min-width: 981px) and (max-width: 1280px) 1280px, (min-width: 1281px) 2011px, 100vw\" \/><\/h2>\n<p>Wir betreiben eine vollautomatische Lackieranlage f\u00fcr Wasserlacke, die speziell f\u00fcr kleine und mittelgro\u00dfe Zylinder konzipiert ist und \u00fcber automatisierte Be- und Entlade- sowie Spr\u00fchroboter verf\u00fcgt. Diese hochmoderne Anlage verf\u00fcgt \u00fcber eine Produktionskapazit\u00e4t von 4.000 Einheiten pro Schicht. Zus\u00e4tzlich verf\u00fcgen wir \u00fcber eine halbautomatische Lackieranlage f\u00fcr Gro\u00dfzylinder mit Kettenantrieb und einer Kapazit\u00e4t von 60 Kisten pro Schicht.<\/p>\n<p>Um die Produktleistung zu verbessern und unsere f\u00fchrende Position in der Hydraulikzylinderindustrie zu festigen, haben wir in Zusammenarbeit mit ZJIMEE ein umfassendes Leistungslabor f\u00fcr Hydraulikzylinder, Ventile und Pumpen eingerichtet. Dieses fortschrittliche Labor nutzt computergest\u00fctzte Tests mit elektrohydraulischer Technologie und erm\u00f6glicht voreingestellte Testbedingungen, die die Genauigkeit und Systemflexibilit\u00e4t verbessern. Der automatisierte Datenerfassungsprozess nutzt Sensoren, um Ausgangsdaten wie interne Leckagen und Lasteffizienz zu erfassen. Diese werden dann von einem Computer verarbeitet und in Standardeinheiten (ml\/min%) umgerechnet.<\/p>\n<p>Um die Sicherheit unserer Hydrauliksysteme zu gew\u00e4hrleisten, f\u00fchren wir au\u00dferdem eine Zustands\u00fcberwachung wichtiger Leistungsparameter wie \u00d6ltemperatur, Fl\u00fcssigkeitsstand und Filterstatus durch. Unser Hydraulikzylinderpr\u00fcfstand erm\u00f6glicht die pr\u00e4zise Messung von Lasteffizienz und interner Leckage. Er ist au\u00dferdem mit einem Gitterlineal-Messger\u00e4t ausgestattet, das nationalen Normen entspricht und die Einhaltung aller Pr\u00fcfanforderungen f\u00fcr Hydraulikzylinderprodukte gew\u00e4hrleistet.<\/p>\n<p>&nbsp;<\/p>","protected":false},"excerpt":{"rendered":"<p>Wind Power Series Cylinders \u00a0 The Wind Power Series Cylinders are specifically engineered for the wind energy sector, delivering reliable and efficient performance across various applications. These cylinders play a vital role in controlling the mechanisms that harness wind energy, significantly enhancing the efficiency and effectiveness of wind turbines. Crafted with precision and built to [&hellip;]<\/p>","protected":false},"featured_media":17150,"comment_status":"open","ping_status":"closed","template":"","meta":{"_et_pb_use_builder":"","_et_pb_old_content":"","_et_gb_content_width":""},"product_brand":[],"product_cat":[1552,1513,1376],"product_tag":[],"class_list":{"0":"post-17147","1":"product","2":"type-product","3":"status-publish","4":"has-post-thumbnail","6":"product_cat-stainless-steel-hydraulic-cylinder","7":"product_cat-wind-turbine-hydraulic-cylinders","8":"product_cat-hydraulic-cylinder","10":"first","11":"instock","12":"shipping-taxable","13":"product-type-simple"},"amp_enabled":true,"_links":{"self":[{"href":"https:\/\/www.hydraulic-cylinders.net\/de\/wp-json\/wp\/v2\/product\/17147","targetHints":{"allow":["GET"]}}],"collection":[{"href":"https:\/\/www.hydraulic-cylinders.net\/de\/wp-json\/wp\/v2\/product"}],"about":[{"href":"https:\/\/www.hydraulic-cylinders.net\/de\/wp-json\/wp\/v2\/types\/product"}],"replies":[{"embeddable":true,"href":"https:\/\/www.hydraulic-cylinders.net\/de\/wp-json\/wp\/v2\/comments?post=17147"}],"wp:featuredmedia":[{"embeddable":true,"href":"https:\/\/www.hydraulic-cylinders.net\/de\/wp-json\/wp\/v2\/media\/17150"}],"wp:attachment":[{"href":"https:\/\/www.hydraulic-cylinders.net\/de\/wp-json\/wp\/v2\/media?parent=17147"}],"wp:term":[{"taxonomy":"product_brand","embeddable":true,"href":"https:\/\/www.hydraulic-cylinders.net\/de\/wp-json\/wp\/v2\/product_brand?post=17147"},{"taxonomy":"product_cat","embeddable":true,"href":"https:\/\/www.hydraulic-cylinders.net\/de\/wp-json\/wp\/v2\/product_cat?post=17147"},{"taxonomy":"product_tag","embeddable":true,"href":"https:\/\/www.hydraulic-cylinders.net\/de\/wp-json\/wp\/v2\/product_tag?post=17147"}],"curies":[{"name":"wp","href":"https:\/\/api.w.org\/{rel}","templated":true}]}}