{"id":17208,"date":"2025-02-23T08:12:19","date_gmt":"2025-02-23T08:12:19","guid":{"rendered":"https:\/\/www.hydraulic-cylinders.net\/?post_type=product&#038;p=17208"},"modified":"2025-04-30T08:43:42","modified_gmt":"2025-04-30T08:43:42","slug":"leveling-oil-cylinder-for-arm-type-aerial-work-vehicles","status":"publish","type":"product","link":"https:\/\/www.hydraulic-cylinders.net\/de\/produkt\/leveling-oil-cylinder-for-arm-type-aerial-work-vehicles\/","title":{"rendered":"Nivellierungs\u00f6lzylinder f\u00fcr Hubarbeitsfahrzeuge mit Arm"},"content":{"rendered":"<h1 style=\"text-align: center;\"><strong>Nivellierungs\u00f6lzylinder f\u00fcr Hubarbeitsfahrzeuge mit Arm<\/strong><\/h1>\n<h1 style=\"text-align: center;\"><img loading=\"lazy\" decoding=\"async\" class=\"alignnone size-full wp-image-17224\" src=\"https:\/\/www.hydraulic-cylinders.net\/wp-content\/uploads\/2025\/02\/hcyy11112008-upper-leveling-cylinder-for-aerial-work-vehicles-2.webp\" alt=\"\" width=\"1500\" height=\"520\" srcset=\"https:\/\/www.hydraulic-cylinders.net\/wp-content\/uploads\/2025\/02\/hcyy11112008-upper-leveling-cylinder-for-aerial-work-vehicles-2.webp 1500w, https:\/\/www.hydraulic-cylinders.net\/wp-content\/uploads\/2025\/02\/hcyy11112008-upper-leveling-cylinder-for-aerial-work-vehicles-2-1280x444.webp 1280w, https:\/\/www.hydraulic-cylinders.net\/wp-content\/uploads\/2025\/02\/hcyy11112008-upper-leveling-cylinder-for-aerial-work-vehicles-2-980x340.webp 980w, https:\/\/www.hydraulic-cylinders.net\/wp-content\/uploads\/2025\/02\/hcyy11112008-upper-leveling-cylinder-for-aerial-work-vehicles-2-480x166.webp 480w\" sizes=\"(min-width: 0px) and (max-width: 480px) 480px, (min-width: 481px) and (max-width: 980px) 980px, (min-width: 981px) and (max-width: 1280px) 1280px, (min-width: 1281px) 1500px, 100vw\" \/><\/h1>\n<p>Der Nivellierzylinder f\u00fcr Hubarbeitsb\u00fchnen mit Ausleger ist eine unverzichtbare Komponente und gew\u00e4hrleistet Stabilit\u00e4t und Pr\u00e4zision bei Arbeiten in der H\u00f6he. Entwickelt zur Steigerung der Betriebseffizienz, unterst\u00fctzt dieser Zylinder effektives Nivellieren und Man\u00f6vrieren und ist somit f\u00fcr Bau-, Wartungs- und diverse andere Arbeiten in der H\u00f6he unverzichtbar.<\/p>\n<p>Dank seiner robusten Konstruktion und pr\u00e4zisen Fertigung ist der Nivellierzylinder ein unverzichtbares Bauteil f\u00fcr jedes Hubarbeitsfahrzeug. Seine benutzerfreundlichen Funktionen gew\u00e4hrleisten Zuverl\u00e4ssigkeit und machen ihn zur bevorzugten Wahl von Profis. Durch die Integration dieses Zylinders in Ihre Arbeitsabl\u00e4ufe erh\u00f6hen Sie die Sicherheit und die betriebliche Effizienz deutlich und erm\u00f6glichen Ihrem Team, sich auf seine Kernaufgaben zu konzentrieren.<\/p>\n<p>Investieren Sie in den Nivellier\u00f6lzylinder f\u00fcr Hubarbeitsb\u00fchnen mit Ausleger und steigern Sie Ihre M\u00f6glichkeiten bei Hubarbeiten, um sicherzustellen, dass Ihre Eins\u00e4tze neue Erfolgsdimensionen erreichen.<\/p>\n<h2><strong>Parameter des Nivellier\u00f6lzylinders f\u00fcr Hubarbeitsb\u00fchnen mit Ausleger:<\/strong><\/h2>\n<h1 style=\"text-align: center;\"><img loading=\"lazy\" decoding=\"async\" class=\"alignnone size-full wp-image-17223\" src=\"https:\/\/www.hydraulic-cylinders.net\/wp-content\/uploads\/2025\/02\/hcyy11112008-upper-leveling-cylinder-for-aerial-work-vehicles-1.webp\" alt=\"\" width=\"1506\" height=\"138\" srcset=\"https:\/\/www.hydraulic-cylinders.net\/wp-content\/uploads\/2025\/02\/hcyy11112008-upper-leveling-cylinder-for-aerial-work-vehicles-1.webp 1506w, https:\/\/www.hydraulic-cylinders.net\/wp-content\/uploads\/2025\/02\/hcyy11112008-upper-leveling-cylinder-for-aerial-work-vehicles-1-1280x117.webp 1280w, https:\/\/www.hydraulic-cylinders.net\/wp-content\/uploads\/2025\/02\/hcyy11112008-upper-leveling-cylinder-for-aerial-work-vehicles-1-980x90.webp 980w, https:\/\/www.hydraulic-cylinders.net\/wp-content\/uploads\/2025\/02\/hcyy11112008-upper-leveling-cylinder-for-aerial-work-vehicles-1-480x44.webp 480w\" sizes=\"(min-width: 0px) and (max-width: 480px) 480px, (min-width: 481px) and (max-width: 980px) 980px, (min-width: 981px) and (max-width: 1280px) 1280px, (min-width: 1281px) 1506px, 100vw\" \/> \u00a0<img loading=\"lazy\" decoding=\"async\" class=\"alignnone size-full wp-image-17225\" src=\"https:\/\/www.hydraulic-cylinders.net\/wp-content\/uploads\/2025\/02\/hcyy11112008-upper-leveling-cylinder-for-aerial-work-vehicles-3.webp\" alt=\"\" width=\"1481\" height=\"709\" srcset=\"https:\/\/www.hydraulic-cylinders.net\/wp-content\/uploads\/2025\/02\/hcyy11112008-upper-leveling-cylinder-for-aerial-work-vehicles-3.webp 1481w, https:\/\/www.hydraulic-cylinders.net\/wp-content\/uploads\/2025\/02\/hcyy11112008-upper-leveling-cylinder-for-aerial-work-vehicles-3-1280x613.webp 1280w, https:\/\/www.hydraulic-cylinders.net\/wp-content\/uploads\/2025\/02\/hcyy11112008-upper-leveling-cylinder-for-aerial-work-vehicles-3-980x469.webp 980w, https:\/\/www.hydraulic-cylinders.net\/wp-content\/uploads\/2025\/02\/hcyy11112008-upper-leveling-cylinder-for-aerial-work-vehicles-3-480x230.webp 480w\" sizes=\"(min-width: 0px) and (max-width: 480px) 480px, (min-width: 481px) and (max-width: 980px) 980px, (min-width: 981px) and (max-width: 1280px) 1280px, (min-width: 1281px) 1481px, 100vw\" \/> <img loading=\"lazy\" decoding=\"async\" class=\"alignnone size-full wp-image-17226\" src=\"https:\/\/www.hydraulic-cylinders.net\/wp-content\/uploads\/2025\/02\/hcyy11112008-upper-leveling-cylinder-for-aerial-work-vehicles-4.webp\" alt=\"\" width=\"1479\" height=\"712\" srcset=\"https:\/\/www.hydraulic-cylinders.net\/wp-content\/uploads\/2025\/02\/hcyy11112008-upper-leveling-cylinder-for-aerial-work-vehicles-4.webp 1479w, https:\/\/www.hydraulic-cylinders.net\/wp-content\/uploads\/2025\/02\/hcyy11112008-upper-leveling-cylinder-for-aerial-work-vehicles-4-1280x616.webp 1280w, https:\/\/www.hydraulic-cylinders.net\/wp-content\/uploads\/2025\/02\/hcyy11112008-upper-leveling-cylinder-for-aerial-work-vehicles-4-980x472.webp 980w, https:\/\/www.hydraulic-cylinders.net\/wp-content\/uploads\/2025\/02\/hcyy11112008-upper-leveling-cylinder-for-aerial-work-vehicles-4-480x231.webp 480w\" sizes=\"(min-width: 0px) and (max-width: 480px) 480px, (min-width: 481px) and (max-width: 980px) 980px, (min-width: 981px) and (max-width: 1280px) 1280px, (min-width: 1281px) 1479px, 100vw\" \/> <img loading=\"lazy\" decoding=\"async\" class=\"alignnone size-full wp-image-17227\" src=\"https:\/\/www.hydraulic-cylinders.net\/wp-content\/uploads\/2025\/02\/hcyy11112008-upper-leveling-cylinder-for-aerial-work-vehicles-5.webp\" alt=\"\" width=\"1499\" height=\"774\" srcset=\"https:\/\/www.hydraulic-cylinders.net\/wp-content\/uploads\/2025\/02\/hcyy11112008-upper-leveling-cylinder-for-aerial-work-vehicles-5.webp 1499w, https:\/\/www.hydraulic-cylinders.net\/wp-content\/uploads\/2025\/02\/hcyy11112008-upper-leveling-cylinder-for-aerial-work-vehicles-5-1280x661.webp 1280w, https:\/\/www.hydraulic-cylinders.net\/wp-content\/uploads\/2025\/02\/hcyy11112008-upper-leveling-cylinder-for-aerial-work-vehicles-5-980x506.webp 980w, https:\/\/www.hydraulic-cylinders.net\/wp-content\/uploads\/2025\/02\/hcyy11112008-upper-leveling-cylinder-for-aerial-work-vehicles-5-480x248.webp 480w\" sizes=\"(min-width: 0px) and (max-width: 480px) 480px, (min-width: 481px) and (max-width: 980px) 980px, (min-width: 981px) and (max-width: 1280px) 1280px, (min-width: 1281px) 1499px, 100vw\" \/><\/h1>\n<h2><strong>Zylinderserien f\u00fcr Hubarbeitsfahrzeuge:<\/strong><\/h2>\n<h2><img loading=\"lazy\" decoding=\"async\" class=\"wp-image-1044652 size-full aligncenter\" src=\"https:\/\/images.hzpt.com\/2025\/02\/cylinder-series-for-aerial-work-vehicles.webp\" alt=\"\" width=\"751\" height=\"850\" \/><\/h2>\n<h2><strong>Hauptmerkmale des Nivellier\u00f6lzylinders f\u00fcr Hubarbeitsb\u00fchnen mit Ausleger:<\/strong><\/h2>\n<h4><strong>Robuste Konstruktion<\/strong><\/h4>\n<p>Der Nivellierzylinder f\u00fcr Hubarbeitsb\u00fchnen mit Ausleger besteht aus hochfesten, korrosionsbest\u00e4ndigen Materialien und h\u00e4lt selbst extremen Umgebungsbedingungen stand. Diese Langlebigkeit gew\u00e4hrleistet eine dauerhafte Leistung und reduziert den Bedarf an h\u00e4ufigen Austauschvorg\u00e4ngen erheblich. Ob extreme Temperaturen, Feuchtigkeit oder abrasive Einfl\u00fcsse \u2013 dieser Zylinder beh\u00e4lt seine Integrit\u00e4t und ist somit eine zuverl\u00e4ssige Wahl f\u00fcr anspruchsvolle Arbeiten in der H\u00f6he.<\/p>\n<h4><strong>Feinmechanik<\/strong><\/h4>\n<p>Der pr\u00e4zise konstruierte Nivellier\u00f6lzylinder f\u00fcr Hubarbeitsb\u00fchnen mit Ausleger erm\u00f6glicht ein gleichm\u00e4\u00dfiges und genaues Nivellieren, was f\u00fcr sichere Arbeiten in der H\u00f6he unerl\u00e4sslich ist. Seine fortschrittliche Konstruktion minimiert das Stabilit\u00e4tsrisiko und gibt dem Bediener die Sicherheit, Arbeiten in der H\u00f6he souver\u00e4n auszuf\u00fchren. Diese hohe Genauigkeit erh\u00f6ht nicht nur die Sicherheit, sondern steigert auch die Gesamtproduktivit\u00e4t, da sich die Arbeiter auf ihre Aufgaben konzentrieren k\u00f6nnen, ohne sich Gedanken \u00fcber Ger\u00e4teausf\u00e4lle machen zu m\u00fcssen.<\/p>\n<h4><strong>Einfache Installation<\/strong><\/h4>\n<p>Der \u00d6lausgleichszylinder ist f\u00fcr eine einfache Installation konzipiert, wodurch Ausfallzeiten minimiert und den Bedienern ein schnelles Wiederaufnehmen ihrer Arbeit erm\u00f6glicht wird. Dank klarer Anweisungen und intuitiver Bedienung ist er f\u00fcr verschiedene Kenntnisst\u00e4nde geeignet, sodass Teams diese Komponente effizient in ihre bestehenden Systeme integrieren k\u00f6nnen. Diese einfache Installation optimiert die Betriebsabl\u00e4ufe und erm\u00f6glicht es, mehr Zeit f\u00fcr produktive T\u00e4tigkeiten anstatt f\u00fcr die Einrichtung aufzuwenden.<\/p>\n<h4><strong>Hohe Tragf\u00e4higkeit<\/strong><\/h4>\n<p>Eine der herausragenden Eigenschaften des Nivellierzylinders f\u00fcr Hubarbeitsb\u00fchnen mit Ausleger ist seine beeindruckende Tragf\u00e4higkeit. Dieser Zylinder kann erhebliche Gewichte aufnehmen und eignet sich daher f\u00fcr ein breites Spektrum an Hubarbeitsanwendungen. Ob beim Heben schwerer Ausr\u00fcstung oder beim Tragen mehrerer Arbeiter \u2013 der HCYY11112008 gew\u00e4hrleistet jederzeit h\u00f6chste Sicherheit. Seine robuste Leistung gibt den Anwendern die Gewissheit, dass er sich auch bei anspruchsvollen Aufgaben zuverl\u00e4ssig darauf verlassen kann.<\/p>\n<h4><strong>Vielseitige Kompatibilit\u00e4t<\/strong><\/h4>\n<p>Der Nivellierzylinder f\u00fcr Hubarbeitsb\u00fchnen mit Ausleger zeichnet sich durch seine vielseitige Kompatibilit\u00e4t mit einer Vielzahl von Hubarbeitsb\u00fchnen aus. Diese Flexibilit\u00e4t optimiert die Funktionalit\u00e4t verschiedener Modelle und macht ihn zur idealen Wahl f\u00fcr Flottenbetriebe. Ob Scherenb\u00fchne, Teleskopb\u00fchne oder andere Hubarbeitsb\u00fchnen \u2013 dieser Zylinder integriert sich nahtlos, verbessert die Gesamteffizienz Ihrer Maschinen und erweitert Ihre Einsatzm\u00f6glichkeiten.<\/p>\n<h2><strong>Wie funktioniert der Nivellier\u00f6lzylinder bei Hubarbeitsb\u00fchnen mit Ausleger?<\/strong><\/h2>\n<p>Der Nivellier\u00f6lzylinder f\u00fcr Hubarbeitsb\u00fchnen mit Ausleger verbessert die Sicherheit und Effizienz von Hubarbeitsb\u00fchnen auf mehrere wichtige Arten:<\/p>\n<h4><strong>Verbesserte Stabilit\u00e4t<\/strong><\/h4>\n<p>Durch die pr\u00e4zise Nivellierung gew\u00e4hrleistet der Zylinder die Stabilit\u00e4t von Hubarbeitsb\u00fchnen bei Arbeiten in der H\u00f6he. Diese Stabilit\u00e4t verringert das Unfallrisiko durch Umkippen oder unebene Oberfl\u00e4chen.<\/p>\n<h4><strong>Verbessertes Lastmanagement<\/strong><\/h4>\n<p>Dank seiner hohen Tragf\u00e4higkeit bew\u00e4ltigt der Nivellier\u00f6lzylinder f\u00fcr Hubarbeitsb\u00fchnen mit Ausleger auch erhebliche Gewichte effizient und erm\u00f6glicht es dem Bediener, schwere Ausr\u00fcstung und Personen sicher anzuheben, ohne Kompromisse bei der Sicherheit einzugehen.<\/p>\n<h4><strong>Schnelle Installation und Reduzierung von Ausfallzeiten<\/strong><\/h4>\n<p>Der einfache Installationsprozess minimiert Ausfallzeiten und erm\u00f6glicht es den Bedienern, schnell wieder an die Arbeit zu gehen. Weniger Ausfallzeiten bedeuten h\u00f6here Produktivit\u00e4t und effizientere Ressourcennutzung.<\/p>\n<h4><strong>Zuverl\u00e4ssige Leistung unter h\u00e4rtesten Bedingungen<\/strong><\/h4>\n<p>Der aus robusten, korrosionsbest\u00e4ndigen Materialien gefertigte Nivellier\u00f6lzylinder f\u00fcr Hubarbeitsb\u00fchnen mit Ausleger widersteht anspruchsvollen Umgebungsbedingungen, gew\u00e4hrleistet eine gleichbleibende Leistung und verringert die Wahrscheinlichkeit von mechanischen Ausf\u00e4llen, die zu Sicherheitsrisiken f\u00fchren k\u00f6nnten.<\/p>\n<h4><strong>Vielseitige Kompatibilit\u00e4t<\/strong><\/h4>\n<p>Die Kompatibilit\u00e4t mit verschiedenen Hubarbeitsb\u00fchnenmodellen erh\u00f6ht die operative Flexibilit\u00e4t und erm\u00f6glicht es den Teams, sich schnell an unterschiedliche Aufgaben anzupassen, ohne dass umfangreiche Ausr\u00fcstungs\u00e4nderungen erforderlich sind.<\/p>\n<p>Insgesamt verbessert der Nivellier\u00f6lzylinder f\u00fcr Hubarbeitsb\u00fchnen mit Ausleger nicht nur die Sicherheit der Arbeiten in der Luft, sondern steigert auch die betriebliche Effizienz erheblich, sodass die Teams ihre Arbeit mit Zuversicht und Zuverl\u00e4ssigkeit ausf\u00fchren k\u00f6nnen.<\/p>\n<h2><strong>Produktionsbereich f\u00fcr Zylinder f\u00fcr Hubarbeitsfahrzeuge:<\/strong><\/h2>\n<h2><img loading=\"lazy\" decoding=\"async\" class=\"alignnone size-full wp-image-16972\" src=\"https:\/\/www.hydraulic-cylinders.net\/wp-content\/uploads\/2025\/01\/hydraulic-cylinder-factory-1-scaled.webp\" alt=\"\" width=\"2016\" height=\"2560\" srcset=\"https:\/\/www.hydraulic-cylinders.net\/wp-content\/uploads\/2025\/01\/hydraulic-cylinder-factory-1-scaled.webp 2016w, https:\/\/www.hydraulic-cylinders.net\/wp-content\/uploads\/2025\/01\/hydraulic-cylinder-factory-1-1280x1625.webp 1280w, https:\/\/www.hydraulic-cylinders.net\/wp-content\/uploads\/2025\/01\/hydraulic-cylinder-factory-1-980x1244.webp 980w, https:\/\/www.hydraulic-cylinders.net\/wp-content\/uploads\/2025\/01\/hydraulic-cylinder-factory-1-480x610.webp 480w\" sizes=\"(min-width: 0px) and (max-width: 480px) 480px, (min-width: 481px) and (max-width: 980px) 980px, (min-width: 981px) and (max-width: 1280px) 1280px, (min-width: 1281px) 2016px, 100vw\" \/><\/h2>\n<p>Wir verf\u00fcgen \u00fcber eine hochmoderne, unabh\u00e4ngige Forschungs- und Entwicklungsplattform speziell f\u00fcr die Montage, die h\u00f6chste Innovationskraft und Qualit\u00e4t in unseren Fertigungsprozessen gew\u00e4hrleistet. Unsere Produktionswerkstatt f\u00fcr Gabelstaplerzylinder verf\u00fcgt \u00fcber vier halbautomatische Montagelinien f\u00fcr Hubzylinder und eine vollautomatische Montagelinie f\u00fcr Kippzylinder, die zusammen f\u00fcr die Produktion von bis zu einer Million Einheiten pro Jahr ausgelegt sind.<\/p>\n<p>Dar\u00fcber hinaus ist unsere spezialisierte Zylinderwerkstatt mit halbautomatischen Reinigungs- und Montagesystemen f\u00fcr unterschiedliche Anforderungen ausgestattet und verf\u00fcgt \u00fcber eine j\u00e4hrliche Produktionskapazit\u00e4t von 200.000 St\u00fcck. Wir nutzen renommierte CNC-Anlagen, Bearbeitungszentren und Spezialwerkzeuge f\u00fcr die hochpr\u00e4zise Zylinderbearbeitung. Unsere Anlage verf\u00fcgt au\u00dferdem \u00fcber moderne Roboterschwei\u00dfmaschinen, automatische Reinigungssysteme sowie vollautomatische Zylindermontage- und Lackierlinien. Mit \u00fcber 300 betriebsbereiten Schl\u00fcsselger\u00e4ten optimieren wir die Ressourcenverteilung und gew\u00e4hrleisten eine effiziente Nutzung unter Einhaltung strenger Pr\u00e4zisions- und Qualit\u00e4tsstandards.<\/p>\n<p>Unsere Werkstatt verf\u00fcgt \u00fcber kundenspezifische Drehzentren mit Schwenkf\u00fchrung, Bearbeitungszentren, Hochgeschwindigkeits-Honmaschinen, Schwei\u00dfroboter und weitere wichtige Ger\u00e4te. Diese Ausstattung erm\u00f6glicht uns die Bearbeitung von Zylinderrohren mit einem maximalen Innendurchmesser von 400 mm und einer L\u00e4nge von bis zu 6 Metern und erweitert so unsere Produktionskapazit\u00e4ten.<\/p>\n<h2><img loading=\"lazy\" decoding=\"async\" class=\"alignnone size-full wp-image-16973\" src=\"https:\/\/www.hydraulic-cylinders.net\/wp-content\/uploads\/2025\/01\/hydraulic-cylinder-factory-2-scaled.webp\" alt=\"\" width=\"2011\" height=\"2560\" srcset=\"https:\/\/www.hydraulic-cylinders.net\/wp-content\/uploads\/2025\/01\/hydraulic-cylinder-factory-2-scaled.webp 2011w, https:\/\/www.hydraulic-cylinders.net\/wp-content\/uploads\/2025\/01\/hydraulic-cylinder-factory-2-1280x1629.webp 1280w, https:\/\/www.hydraulic-cylinders.net\/wp-content\/uploads\/2025\/01\/hydraulic-cylinder-factory-2-980x1248.webp 980w, https:\/\/www.hydraulic-cylinders.net\/wp-content\/uploads\/2025\/01\/hydraulic-cylinder-factory-2-480x611.webp 480w\" sizes=\"(min-width: 0px) and (max-width: 480px) 480px, (min-width: 481px) and (max-width: 980px) 980px, (min-width: 981px) and (max-width: 1280px) 1280px, (min-width: 1281px) 2011px, 100vw\" \/><\/h2>\n<p>Wir betreiben eine vollautomatische Lackieranlage f\u00fcr Wasserlacke, die speziell f\u00fcr kleine und mittelgro\u00dfe Zylinder konzipiert ist und \u00fcber automatisierte Be- und Entlade- sowie Spr\u00fchroboter verf\u00fcgt. Diese hochmoderne Anlage verf\u00fcgt \u00fcber eine Produktionskapazit\u00e4t von 4.000 Einheiten pro Schicht. Zus\u00e4tzlich verf\u00fcgen wir \u00fcber eine halbautomatische Lackieranlage f\u00fcr Gro\u00dfzylinder mit Kettenantrieb und einer Kapazit\u00e4t von 60 Kisten pro Schicht.<\/p>\n<p>Um die Produktleistung zu verbessern und unsere f\u00fchrende Position in der Hydraulikzylinderindustrie zu festigen, haben wir in Zusammenarbeit mit ZJIMEE ein umfassendes Leistungslabor f\u00fcr Hydraulikzylinder, Ventile und Pumpen eingerichtet. Dieses fortschrittliche Labor nutzt computergest\u00fctzte Tests mit elektrohydraulischer Technologie und erm\u00f6glicht voreingestellte Testbedingungen, die die Genauigkeit und Systemflexibilit\u00e4t verbessern. Der automatisierte Datenerfassungsprozess nutzt Sensoren, um Ausgangsdaten wie interne Leckagen und Lasteffizienz zu erfassen. Diese werden dann von einem Computer verarbeitet und in Standardeinheiten (ml\/min%) umgerechnet.<\/p>\n<p>Um die Sicherheit unserer Hydrauliksysteme zu gew\u00e4hrleisten, f\u00fchren wir au\u00dferdem eine Zustands\u00fcberwachung wichtiger Leistungsparameter wie \u00d6ltemperatur, Fl\u00fcssigkeitsstand und Filterstatus durch. Unser Hydraulikzylinderpr\u00fcfstand erm\u00f6glicht die pr\u00e4zise Messung von Lasteffizienz und interner Leckage. Er ist au\u00dferdem mit einem Gitterlineal-Messger\u00e4t ausgestattet, das nationalen Normen entspricht und die Einhaltung aller Pr\u00fcfanforderungen f\u00fcr Hydraulikzylinderprodukte gew\u00e4hrleistet.<\/p>\n<p>&nbsp;<\/p>","protected":false},"excerpt":{"rendered":"<p>Leveling Oil Cylinder For Arm Type Aerial Work Vehicles The leveling oil cylinder for arm type aerial work vehicles is a vital component for aerial work vehicles, providing essential stability and precision during elevated operations. Engineered to boost operational efficiency, this cylinder supports effective leveling and maneuvering, making it indispensable for construction, maintenance, and a [&hellip;]<\/p>","protected":false},"featured_media":17494,"comment_status":"open","ping_status":"closed","template":"","meta":{"_et_pb_use_builder":"","_et_pb_old_content":"","_et_gb_content_width":""},"product_brand":[],"product_cat":[1500,1550,1376],"product_tag":[],"class_list":{"0":"post-17208","1":"product","2":"type-product","3":"status-publish","4":"has-post-thumbnail","6":"product_cat-aerial-work-vehicle-hydraulic-cylinder","7":"product_cat-double-acting-hydraulic-cylinder","8":"product_cat-hydraulic-cylinder","10":"first","11":"instock","12":"shipping-taxable","13":"product-type-simple"},"amp_enabled":true,"_links":{"self":[{"href":"https:\/\/www.hydraulic-cylinders.net\/de\/wp-json\/wp\/v2\/product\/17208","targetHints":{"allow":["GET"]}}],"collection":[{"href":"https:\/\/www.hydraulic-cylinders.net\/de\/wp-json\/wp\/v2\/product"}],"about":[{"href":"https:\/\/www.hydraulic-cylinders.net\/de\/wp-json\/wp\/v2\/types\/product"}],"replies":[{"embeddable":true,"href":"https:\/\/www.hydraulic-cylinders.net\/de\/wp-json\/wp\/v2\/comments?post=17208"}],"wp:featuredmedia":[{"embeddable":true,"href":"https:\/\/www.hydraulic-cylinders.net\/de\/wp-json\/wp\/v2\/media\/17494"}],"wp:attachment":[{"href":"https:\/\/www.hydraulic-cylinders.net\/de\/wp-json\/wp\/v2\/media?parent=17208"}],"wp:term":[{"taxonomy":"product_brand","embeddable":true,"href":"https:\/\/www.hydraulic-cylinders.net\/de\/wp-json\/wp\/v2\/product_brand?post=17208"},{"taxonomy":"product_cat","embeddable":true,"href":"https:\/\/www.hydraulic-cylinders.net\/de\/wp-json\/wp\/v2\/product_cat?post=17208"},{"taxonomy":"product_tag","embeddable":true,"href":"https:\/\/www.hydraulic-cylinders.net\/de\/wp-json\/wp\/v2\/product_tag?post=17208"}],"curies":[{"name":"wp","href":"https:\/\/api.w.org\/{rel}","templated":true}]}}