{"id":1724,"date":"2023-10-12T03:00:38","date_gmt":"2023-10-12T03:00:38","guid":{"rendered":"https:\/\/hydraulic-cylinders.net\/?post_type=product&#038;p=1724"},"modified":"2025-04-11T02:53:46","modified_gmt":"2025-04-11T02:53:46","slug":"equipment-roller-press-cement-cylinder","status":"publish","type":"product","link":"https:\/\/www.hydraulic-cylinders.net\/de\/produkt\/equipment-roller-press-cement-cylinder\/","title":{"rendered":"Ausr\u00fcstung Walzenpresse Zementzylinder"},"content":{"rendered":"<h1 style=\"text-align: center;\"><strong>Ausr\u00fcstung Walzenpresse Zementzylinder<\/strong><\/h1>\n<p><img loading=\"lazy\" decoding=\"async\" class=\"aligncenter wp-image-1726\" src=\"https:\/\/hydraulic-cylinders.net\/wp-content\/uploads\/2023\/10\/roller-press-cylinder-1-300x300.webp\" alt=\"\" width=\"400\" height=\"400\" \/><\/p>\n<p>Der Walzenpresszylinder f\u00fcr Zement ist eine wichtige Komponente in der Zementproduktion und wurde speziell entwickelt, um Effizienz und Produktivit\u00e4t in Zementwerken zu steigern. Seine herausragenden Eigenschaften und seine robuste Bauweise machen ihn unverzichtbar f\u00fcr den effektiven Betrieb von Walzenpressen.<\/p>\n<p>Dank seiner hohen Druckbest\u00e4ndigkeit, pr\u00e4zisen Fertigung und fortschrittlichen Dichtungstechnik gew\u00e4hrleistet der Zylinder der Zementwalzenpresse zuverl\u00e4ssige und effiziente Leistung. Durch die Einhaltung der empfohlenen Anwendungs- und Wartungsmethoden k\u00f6nnen Sie die Leistung und Lebensdauer des Zylinders maximieren. Dies steigert nicht nur die Effizienz Ihrer Zementproduktion, sondern tr\u00e4gt auch zu h\u00f6herer Produktivit\u00e4t und Rentabilit\u00e4t bei.<\/p>\n<h2><strong>Parameter der Walzenpresszylinder f\u00fcr Zementanlagen:<\/strong><\/h2>\n<table border=\"1\" cellspacing=\"0\" cellpadding=\"0\">\n<tbody>\n<tr>\n<td>Produktname<\/td>\n<td>Ausr\u00fcstung Walzenpresse Zementzylinder<\/td>\n<\/tr>\n<tr>\n<td>Merkmale:<\/td>\n<td>Achten Sie auf die Mittelstellung des Klemmkopfes<\/td>\n<\/tr>\n<tr>\n<td>Bohrungsdurchmesser:<\/td>\n<td>200 mm \uff5e 700 mm<\/td>\n<\/tr>\n<tr>\n<td>Stangendurchmesser:<\/td>\n<td>130 mm \uff5e 500 mm<br \/>\nHub: \u2264500mm<\/td>\n<\/tr>\n<tr>\n<td>Schubkraft:<\/td>\n<td>Max 5387KN<br \/>\n(Zylinderdurchmesser 700 mm\/Druck 14 MPa)<\/td>\n<\/tr>\n<tr>\n<td>Anwendungen f\u00fcr Walzenpresszylinder in Zementanlagen:<\/td>\n<td>Zementausr\u00fcstung<\/td>\n<\/tr>\n<\/tbody>\n<\/table>\n<div><\/div>\n<div class=\"txtboxR\">\n<div class=\"txtboxL\">\n<div class=\"txtboxL\">\n<div class=\"txtboxL\">\n<div class=\"txtboxL\">\n<div class=\"txtboxL\">\n<div class=\"txtboxL\">\n<div class=\"youhangitem\">\n<div class=\"youhangitem3\">\n<div class=\"txtbox clearfix\">\n<div class=\"txtboxL\"><strong>Merkmale: <\/strong>Schubkraft erzeugen\/Rollspalt kontrollieren<\/div>\n<div class=\"txtboxL\"><strong>Spezifikation:<\/strong><\/div>\n<div class=\"txtboxR\"><strong>Bohrungsdurchmesser:<\/strong> 200 mm \uff5e 700 mm<br \/>\n<strong>Stangendurchmesser:<\/strong> 130 mm \uff5e 500 mm<br \/>\n<strong>Schlaganfall:<\/strong> \u2264500 mm<\/div>\n<div class=\"txtboxL\"><strong>Schubkraft: <\/strong>Max 5387KN<br \/>\n(Zylinderdurchmesser 700 mm\/Druck 14 MPa)<\/div>\n<\/div>\n<\/div>\n<\/div>\n<\/div>\n<\/div>\n<\/div>\n<div><\/div>\n<div><strong style=\"color: #333333; font-size: 26px;\">Wichtigste Merkmale des Walzenpresszylinders einer Zementanlage:<\/strong><\/div>\n<\/div>\n<\/div>\n<\/div>\n<\/div>\n<h3><strong>Robuste Konstruktion<\/strong><\/h3>\n<p>Die Walzenpresse f\u00fcr Zement ist aus hochwertigen Materialien gefertigt und gew\u00e4hrleistet so au\u00dfergew\u00f6hnliche Langlebigkeit auch unter den anspruchsvollen Bedingungen von Zementwerken. Ihre robuste Konstruktion erm\u00f6glicht die Bew\u00e4ltigung hoher Belastungen bei gleichzeitig optimaler Leistung im Dauerbetrieb.<\/p>\n<h3><strong>Hochdruckbest\u00e4ndigkeit<\/strong><\/h3>\n<p>Dieser speziell f\u00fcr Hochdruckanwendungen entwickelte Zylinder bew\u00e4hrt sich unter den intensiven Bedingungen von Zementwalzenpressen. Er bew\u00e4ltigt die beim Mahlen und Zerkleinern von Rohmaterialien entstehenden erheblichen Kr\u00e4fte effektiv und gew\u00e4hrleistet so einen zuverl\u00e4ssigen und effizienten Betrieb.<\/p>\n<h3><strong>Pr\u00e4zisionsfertigung<\/strong><\/h3>\n<p>Jeder Walzenpresszylinder der Zementanlage wird sorgf\u00e4ltig gefertigt, um pr\u00e4zise Abmessungen und enge Toleranzen zu gew\u00e4hrleisten. Diese hohe Pr\u00e4zision erm\u00f6glicht eine reibungslose und genaue Bewegung und steigert so die Leistung und den Aussto\u00df der Walzenpresse erheblich.<\/p>\n<h3><strong>Fortschrittliche Dichtungstechnologie<\/strong><\/h3>\n<p>Dank modernster Dichtungstechnologie verhindert dieser Zylinder effektiv das Austreten von Hydraulikfl\u00fcssigkeit. Der zuverl\u00e4ssige Dichtungsmechanismus minimiert nicht nur Ausfallzeiten, sondern reduziert auch die Wartungskosten und steigert so die Gesamteffizienz des Zementproduktionsprozesses.<\/p>\n<h2><strong>Elektroofen <\/strong><strong> Zylinderfabrik:<\/strong><\/h2>\n<p><img loading=\"lazy\" decoding=\"async\" class=\"alignnone wp-image-1697 size-full\" src=\"https:\/\/hydraulic-cylinders.net\/wp-content\/uploads\/2023\/10\/filter-press-cylinder-1.webp\" alt=\"\" width=\"1418\" height=\"946\" srcset=\"https:\/\/hydraulic-cylinders.net\/wp-content\/uploads\/2023\/10\/filter-press-cylinder-1.webp 1418w, https:\/\/hydraulic-cylinders.net\/wp-content\/uploads\/2023\/10\/filter-press-cylinder-1-1280x854.webp 1280w, https:\/\/hydraulic-cylinders.net\/wp-content\/uploads\/2023\/10\/filter-press-cylinder-1-980x654.webp 980w, https:\/\/hydraulic-cylinders.net\/wp-content\/uploads\/2023\/10\/filter-press-cylinder-1-480x320.webp 480w\" sizes=\"(min-width: 0px) and (max-width: 480px) 480px, (min-width: 481px) and (max-width: 980px) 980px, (min-width: 981px) and (max-width: 1280px) 1280px, (min-width: 1281px) 1418px, 100vw\" \/><\/p>\n<h2><strong>Anwendungsmethode der Zementiermaschine Walzenpresse Zylinder<\/strong><strong>:<\/strong><\/h2>\n<h3><strong>Installation<\/strong><\/h3>\n<p>Befolgen Sie zun\u00e4chst die Anweisungen des Herstellers, um die sichere Installation durchzuf\u00fchren. <strong>Ausr\u00fcstung Walzenpresse Zementzylinder<\/strong> an der Walzenpresse anbringen. Achten Sie auf korrekte Ausrichtung und Befestigung, um einen stabilen und sicheren Betrieb zu gew\u00e4hrleisten.<\/p>\n<h3><strong>Hydraulischer Anschluss<\/strong><\/h3>\n<p>Verbinden Sie anschlie\u00dfend den Zylinder mithilfe der passenden Hydraulikanschl\u00fcsse und -schl\u00e4uche mit dem Hydrauliksystem der Walzenpresse. Um die Systemintegrit\u00e4t zu gew\u00e4hrleisten, ist es unerl\u00e4sslich, alle Verbindungen auf festen Sitz und Dichtheit zu pr\u00fcfen.<\/p>\n<h3><strong>Systemkalibrierung<\/strong><\/h3>\n<p><img loading=\"lazy\" decoding=\"async\" class=\"size-full wp-image-8207 aligncenter\" src=\"https:\/\/www.hydraulic-cylinders.net\/wp-content\/uploads\/2023\/10\/hydraulic-system.webp\" alt=\"\" width=\"800\" height=\"450\" srcset=\"https:\/\/www.hydraulic-cylinders.net\/wp-content\/uploads\/2023\/10\/hydraulic-system.webp 800w, https:\/\/www.hydraulic-cylinders.net\/wp-content\/uploads\/2023\/10\/hydraulic-system-480x270.webp 480w\" sizes=\"(min-width: 0px) and (max-width: 480px) 480px, (min-width: 481px) 800px, 100vw\" \/><\/p>\n<p>Kalibrieren Sie das Hydrauliksystem, um eine optimale Leistung zu gew\u00e4hrleisten. <strong>Ausr\u00fcstung Walzenpresse Zementzylinder<\/strong>Passen Sie die Druckeinstellungen und Durchflussmengen gem\u00e4\u00df den Empfehlungen des Herstellers an, um die gew\u00fcnschten Betriebsparameter zu erreichen.<\/p>\n<h3><strong>Betrieb und Steuerung<\/strong><\/h3>\n<p>Aktivieren Sie das Hydrauliksystem, um den Betrieb der Walzenpresse einzuleiten. <strong>Ausr\u00fcstung Walzenpresse Zementzylinder<\/strong> Die Presswalzen greifen in den Pressvorgang ein und \u00fcben die notwendige Kraft aus, um Rohmaterialien effizient zu zerkleinern und zu zerkleinern. \u00dcber das Bedienfeld oder die Benutzeroberfl\u00e4che k\u00f6nnen Sie Position, Druck und Geschwindigkeit des Zylinders \u00fcberwachen und anpassen, um einen pr\u00e4zisen und effektiven Betrieb zu gew\u00e4hrleisten.<\/p>\n<h2 id=\"the-pasted-async\"><strong>Wie verbessern Walzenpressen f\u00fcr Zementzylinder die Effizienz bei der Zementproduktion?<\/strong><\/h2>\n<h3 id=\"the-pasted-async\"><strong>Verbesserte Materialvermahlung<\/strong><\/h3>\n<p><strong>Hochdruckanwendung:<\/strong> Die Zylinder \u00fcben einen erheblichen Druck auf das Rohmaterial aus, wodurch die Partikel effektiver zerkleinert werden als bei herk\u00f6mmlichen Mahlverfahren. Dieses Verfahren f\u00fchrt zu einem feineren Produkt, was die Qualit\u00e4t des fertigen Zements verbessert.<br \/>\n<strong>Verbesserte Partikelverteilung:<\/strong> Durch den Mahlvorgang wird eine gleichm\u00e4\u00dfigere Partikelgr\u00f6\u00dfenverteilung erzielt, die f\u00fcr die Erzielung gleichbleibender Zementeigenschaften von entscheidender Bedeutung ist.<\/p>\n<h3><strong>Reduzierter Energieverbrauch<\/strong><\/h3>\n<p><strong>Niedrigere Energiekosten:<\/strong> Dank ihrer effizienten Mahlleistung verbrauchen diese Zylinder weniger Energie, wodurch die Betriebskosten gesenkt werden. Die Energieeinsparungen k\u00f6nnen sich bei langen Produktionsl\u00e4ufen erheblich summieren.<br \/>\n<strong>Geringerer Verschlei\u00df der Ausr\u00fcstung:<\/strong> Durch effizientes Mahlen wird die Belastung anderer Komponenten der Produktionslinie reduziert, was zu einem geringeren Energiebedarf f\u00fcr den gesamten Betrieb f\u00fchrt.<\/p>\n<h3><strong>Kontinuierlicher Betrieb<\/strong><\/h3>\n<p><strong>Robustes Design:<\/strong> Die f\u00fcr den Einsatz unter rauen Bedingungen konzipierten Walzenpresszylinder f\u00fcr Zement k\u00f6nnen ohne h\u00e4ufige Ausf\u00e4lle kontinuierlich betrieben werden. Diese Langlebigkeit ist unerl\u00e4sslich f\u00fcr die Aufrechterhaltung hoher Produktionsraten.<br \/>\n<strong>Minimierte Ausfallzeiten:<\/strong> Durch den geringeren Wartungsaufwand und die M\u00f6glichkeit des kontinuierlichen Betriebs werden Produktionsausfallzeiten deutlich reduziert, was eine gleichm\u00e4\u00dfigere Leistung erm\u00f6glicht.<\/p>\n<h3><strong>Pr\u00e4zisionskontrolle<\/strong><\/h3>\n<p><img loading=\"lazy\" decoding=\"async\" class=\"size-full wp-image-8213 aligncenter\" src=\"https:\/\/www.hydraulic-cylinders.net\/wp-content\/uploads\/2023\/10\/Hydraulic-Cylinder-for-Cement-Roller.webp\" alt=\"\" width=\"550\" height=\"550\" srcset=\"https:\/\/www.hydraulic-cylinders.net\/wp-content\/uploads\/2023\/10\/Hydraulic-Cylinder-for-Cement-Roller.webp 550w, https:\/\/www.hydraulic-cylinders.net\/wp-content\/uploads\/2023\/10\/Hydraulic-Cylinder-for-Cement-Roller-480x480.webp 480w\" sizes=\"(min-width: 0px) and (max-width: 480px) 480px, (min-width: 481px) 550px, 100vw\" \/><\/p>\n<p><strong>Ma\u00dfgeschneiderte Verarbeitung:<\/strong> Die Bediener k\u00f6nnen Parameter wie Druck und Durchflussrate an spezifische Materialien und Produktionsanforderungen anpassen. Diese Flexibilit\u00e4t tr\u00e4gt zur Optimierung des Mahlprozesses f\u00fcr verschiedene Zementsorten bei.<br \/>\n<strong>Qualit\u00e4tskonstanz:<\/strong> Die pr\u00e4zise Steuerung des Mahlprozesses gew\u00e4hrleistet eine gleichbleibende Zementqualit\u00e4t, was f\u00fcr die Einhaltung von Branchenstandards und Kundenerwartungen von entscheidender Bedeutung ist.<\/p>\n<h3><strong>Platzeffizienz<\/strong><\/h3>\n<p><strong>Kompaktes Design:<\/strong> Die geringere Stellfl\u00e4che von Walzenpresszylindern im Vergleich zu herk\u00f6mmlichen Walzwerken erm\u00f6glicht eine effizientere Raumnutzung in der Produktionsanlage. Dies kann zu einem optimierten Arbeitsablauf und einer besseren Prozessintegration f\u00fchren.<br \/>\n<strong>Flexible Layouts:<\/strong> Ihre Konstruktion erm\u00f6glicht Flexibilit\u00e4t bei der Anlagenplanung, sodass sich die Hersteller an ver\u00e4nderte Produktionsanforderungen anpassen oder ohne wesentliche bauliche Ver\u00e4nderungen expandieren k\u00f6nnen.<\/p>\n<h3><strong>Umweltvorteile<\/strong><\/h3>\n<p><strong>Geringere CO2-Emissionen:<\/strong> Durch einen geringeren Energieverbrauch und eine h\u00f6here Effizienz des Mahlprozesses tragen Walzenpressen f\u00fcr Zementzylinder zu geringeren Kohlenstoffemissionen bei der Zementproduktion bei.<br \/>\n<strong>Ressourcenschonung:<\/strong> Eine effiziente Verarbeitung bedeutet weniger Rohstoffabfall und unterst\u00fctzt nachhaltigere Produktionspraktiken.<\/p>\n<h3><strong>Integration mit moderner Technologie<\/strong><\/h3>\n<p><strong>Automatisierung und \u00dcberwachung:<\/strong> Viele moderne Walzenpressen verf\u00fcgen \u00fcber fortschrittliche \u00dcberwachungs- und Steuerungssysteme, die eine Echtzeit-Datenanalyse und -Anpassung erm\u00f6glichen. Diese Integration verbessert die Betriebseffizienz und die Reaktionsf\u00e4higkeit auf Produktionsanforderungen.<br \/>\n<strong>Kompatibilit\u00e4t mit anderen Technologien:<\/strong> Diese Zylinder lassen sich problemlos in bestehende Produktionslinien integrieren, wodurch Modernisierungen ohne vollst\u00e4ndige System\u00fcberholungen m\u00f6glich sind.<\/p>\n<h2><strong>F\u00e4higkeit und Kapazit\u00e4t der Fabrik:<\/strong><\/h2>\n<h3><strong>(1) Montage<\/strong><\/h3>\n<p>Unser Werk verf\u00fcgt \u00fcber eine erstklassige, unabh\u00e4ngige Forschungs- und Entwicklungsplattform f\u00fcr die Produktion von Hydraulikzylindern. Wir betreiben vier halbautomatische Montagelinien f\u00fcr Hubzylinder und eine vollautomatische Montagelinie f\u00fcr Kippzylinder mit einer beeindruckenden j\u00e4hrlichen Produktionskapazit\u00e4t von 1 Million Zylindern.<img loading=\"lazy\" decoding=\"async\" class=\"aligncenter wp-image-626\" src=\"https:\/\/hydraulic-cylinders.net\/wp-content\/uploads\/2023\/08\/hydraulic-cylinder-product-1-300x158.webp\" alt=\"\" width=\"500\" height=\"263\" srcset=\"https:\/\/hydraulic-cylinders.net\/wp-content\/uploads\/2023\/08\/hydraulic-cylinder-product-1-300x158.webp 500w, https:\/\/hydraulic-cylinders.net\/wp-content\/uploads\/2023\/08\/hydraulic-cylinder-product-1-480x252.webp 480w\" sizes=\"(min-width: 0px) and (max-width: 480px) 480px, (min-width: 481px) 500px, 100vw\" \/><\/p>\n<p>In unserer spezialisierten Zylinderwerkstatt nutzen wir ein halbautomatisches Reinigungs- und Montagesystem f\u00fcr verschiedene Spezifikationen, mit dem wir j\u00e4hrlich 200.000 Zylinder produzieren k\u00f6nnen. Unsere Werkstatt ist mit modernen CNC-Bearbeitungsmaschinen, einem Bearbeitungszentrum, hochpr\u00e4zisen Zylinderbearbeitungswerkzeugen, Roboterschwei\u00dfmaschinen, automatischen Reinigungssystemen und einer automatisierten Zylindermontagelinie ausgestattet. Dar\u00fcber hinaus verf\u00fcgen wir \u00fcber eine vollautomatische Lackieranlage.<\/p>\n<p>Mit \u00fcber 300 kritischen Ger\u00e4ten stellt unsere optimale Ressourcenverteilung sicher, dass wir die strengen Genauigkeits- und Qualit\u00e4tsstandards unserer Kunden erf\u00fcllen. Dieses Engagement f\u00fcr Effizienz und Pr\u00e4zision positioniert uns als f\u00fchrendes Unternehmen in der Hydraulikzylinderindustrie.<\/p>\n<p><img loading=\"lazy\" decoding=\"async\" class=\"aligncenter wp-image-627\" src=\"https:\/\/hydraulic-cylinders.net\/wp-content\/uploads\/2023\/08\/hydraulic-cylinder-product-2-300x189.webp\" alt=\"\" width=\"500\" height=\"315\" srcset=\"https:\/\/hydraulic-cylinders.net\/wp-content\/uploads\/2023\/08\/hydraulic-cylinder-product-2-300x189.webp 500w, https:\/\/hydraulic-cylinders.net\/wp-content\/uploads\/2023\/08\/hydraulic-cylinder-product-2-480x302.webp 480w\" sizes=\"(min-width: 0px) and (max-width: 480px) 480px, (min-width: 481px) 500px, 100vw\" \/><\/p>\n<h3><strong>(2) Bearbeitungen<\/strong><\/h3>\n<p>Unsere mechanische Fertigung ist mit modernster Ausr\u00fcstung ausgestattet, darunter ein ma\u00dfgeschneidertes Schr\u00e4gschienen-Drehzentrum, ein Pr\u00e4zisionsbearbeitungszentrum, eine Hochgeschwindigkeits-Honmaschine und moderne Schwei\u00dfroboter. Diese hochentwickelte Ausstattung erm\u00f6glicht uns die effiziente Bearbeitung von Zylinderrohren mit einem maximalen Innendurchmesser von 400 mm und einer L\u00e4nge von bis zu 6 Metern.<\/p>\n<p><img loading=\"lazy\" decoding=\"async\" class=\"wp-image-628 size-large aligncenter\" src=\"https:\/\/hydraulic-cylinders.net\/wp-content\/uploads\/2023\/08\/hydraulic-cylinder-product-3-1024x391.webp\" alt=\"\" width=\"1024\" height=\"391\" srcset=\"https:\/\/hydraulic-cylinders.net\/wp-content\/uploads\/2023\/08\/hydraulic-cylinder-product-3-980x374.webp 980w, https:\/\/hydraulic-cylinders.net\/wp-content\/uploads\/2023\/08\/hydraulic-cylinder-product-3-480x183.webp 480w\" sizes=\"(min-width: 0px) and (max-width: 480px) 480px, (min-width: 481px) and (max-width: 980px) 980px, (min-width: 981px) 1024px, 100vw\" \/><\/p>\n<p>Mit unserer Spitzentechnologie gew\u00e4hrleisten wir eine hochwertige Bearbeitung, die den vielf\u00e4ltigen Anforderungen der Hydraulikzylinderproduktion gerecht wird.<\/p>\n<h3><strong>(3) Schwei\u00dfen<\/strong><\/h3>\n<p><img loading=\"lazy\" decoding=\"async\" class=\"wp-image-629 size-large aligncenter\" src=\"https:\/\/hydraulic-cylinders.net\/wp-content\/uploads\/2023\/08\/hydraulic-cylinder-product-4-1024x510.webp\" alt=\"\" width=\"1024\" height=\"510\" srcset=\"https:\/\/hydraulic-cylinders.net\/wp-content\/uploads\/2023\/08\/hydraulic-cylinder-product-4-980x488.webp 980w, https:\/\/hydraulic-cylinders.net\/wp-content\/uploads\/2023\/08\/hydraulic-cylinder-product-4-480x239.webp 480w\" sizes=\"(min-width: 0px) and (max-width: 480px) 480px, (min-width: 481px) and (max-width: 980px) 980px, (min-width: 981px) 1024px, 100vw\" \/><\/p>\n<h3><strong>(4) Lackieren &amp; Beschichten<\/strong><\/h3>\n<p><img loading=\"lazy\" decoding=\"async\" class=\"wp-image-630 aligncenter\" src=\"https:\/\/hydraulic-cylinders.net\/wp-content\/uploads\/2023\/08\/hydraulic-cylinder-product-5-300x213.webp\" alt=\"\" width=\"500\" height=\"355\" \/><\/p>\n<p>Unser Werk verf\u00fcgt \u00fcber moderne automatische Lackieranlagen f\u00fcr Wasserlacke, die speziell f\u00fcr kleine und mittelgro\u00dfe Zylinder konzipiert sind. Diese Anlagen nutzen Robotertechnologie f\u00fcr effizientes Be- und Entladen sowie Bespr\u00fchen und erreichen eine bemerkenswerte Produktionskapazit\u00e4t von 4.000 St\u00fcck pro Schicht.<\/p>\n<p><img loading=\"lazy\" decoding=\"async\" class=\"wp-image-631 aligncenter\" src=\"https:\/\/hydraulic-cylinders.net\/wp-content\/uploads\/2023\/08\/hydraulic-cylinder-product-6-300x225.webp\" alt=\"\" width=\"500\" height=\"375\" srcset=\"https:\/\/hydraulic-cylinders.net\/wp-content\/uploads\/2023\/08\/hydraulic-cylinder-product-6-300x225.webp 500w, https:\/\/hydraulic-cylinders.net\/wp-content\/uploads\/2023\/08\/hydraulic-cylinder-product-6-480x360.webp 480w\" sizes=\"(min-width: 0px) and (max-width: 480px) 480px, (min-width: 481px) 500px, 100vw\" \/><\/p>\n<p>Dar\u00fcber hinaus betreiben wir eine halbautomatische Lackieranlage f\u00fcr Gro\u00dfzylinder, die von einer robusten Antriebskette angetrieben wird und eine Kapazit\u00e4t von 60 Kisten pro Schicht hat. Diese Kombination aus Automatisierung und Effizienz gew\u00e4hrleistet eine hochwertige Lackierung aller unserer Hydraulikzylinder.<\/p>\n<h3><strong>(5) Pr\u00fcfung<\/strong><\/h3>\n<p>Wir verf\u00fcgen \u00fcber erstklassige Pr\u00fcfeinrichtungen und Pr\u00fcfst\u00e4nde, um sicherzustellen, dass die Leistung des Zylinders den Anforderungen entspricht.<\/p>\n<p><img loading=\"lazy\" decoding=\"async\" class=\"wp-image-632 aligncenter\" src=\"https:\/\/hydraulic-cylinders.net\/wp-content\/uploads\/2023\/08\/hydraulic-cylinder-product-8-300x200.webp\" alt=\"\" width=\"389\" height=\"260\" \/><\/p>\n<p>Wir sind ein renommierter Hersteller von <a href=\"https:\/\/hzpt.com\/mobile-machinery-hydraulic-cylinder\/\" target=\"_blank\" rel=\"noopener\">Hydraulikzylinder<\/a>, anerkannt als einer der besten der Branche. Unser umfangreiches Produktsortiment umfasst eine breite Palette an Hydraulikzylindern f\u00fcr unterschiedliche Anwendungen. Neben Hydraulikzylindern bieten wir auch hochwertige Agrargetriebe an und bieten unseren Kunden so umfassende L\u00f6sungen f\u00fcr ihre Maschinenanforderungen.<\/p>\n<p>Mit unserem Engagement f\u00fcr Spitzenleistungen exportieren wir unsere Produkte erfolgreich an Kunden weltweit und haben uns einen hervorragenden Ruf f\u00fcr h\u00f6chste Produktqualit\u00e4t und hervorragenden Kundendienst erworben. Unser Engagement f\u00fcr die Kundenzufriedenheit hat uns zu einem vertrauensw\u00fcrdigen Partner auf dem nationalen und internationalen Markt gemacht.<\/p>\n<h2><strong>Warum uns w\u00e4hlen?<\/strong><\/h2>\n<p><img loading=\"lazy\" decoding=\"async\" class=\"size-full wp-image-7201 aligncenter\" src=\"https:\/\/www.hydraulic-cylinders.net\/wp-content\/uploads\/2024\/09\/mining-dump-steering-cylinder-hydraulics-on-trucks-8.webp\" alt=\"\" width=\"1110\" height=\"735\" srcset=\"https:\/\/www.hydraulic-cylinders.net\/wp-content\/uploads\/2024\/09\/mining-dump-steering-cylinder-hydraulics-on-trucks-8.webp 1110w, https:\/\/www.hydraulic-cylinders.net\/wp-content\/uploads\/2024\/09\/mining-dump-steering-cylinder-hydraulics-on-trucks-8-980x649.webp 980w, https:\/\/www.hydraulic-cylinders.net\/wp-content\/uploads\/2024\/09\/mining-dump-steering-cylinder-hydraulics-on-trucks-8-480x318.webp 480w\" sizes=\"(min-width: 0px) and (max-width: 480px) 480px, (min-width: 481px) and (max-width: 980px) 980px, (min-width: 981px) 1110px, 100vw\" \/><\/p>\n<p><strong>Fachliche Expertise:<\/strong> Unser Team besteht aus Branchenexperten mit umfassenden Kenntnissen und Erfahrungen im Bereich Hydrauliksysteme, die sicherstellen, dass wir erstklassige Produkte und Dienstleistungen liefern.<\/p>\n<p><strong>Internationale Zertifizierungen:<\/strong> Wir halten uns an strenge Qualit\u00e4tsstandards und verf\u00fcgen \u00fcber verschiedene internationale Zertifizierungen, was unser Engagement f\u00fcr die Bereitstellung zuverl\u00e4ssiger und sicherer Hydraulikl\u00f6sungen unterstreicht.<\/p>\n<p><strong>Kundenspezifische L\u00f6sungen:<\/strong> Wir wissen, dass jeder Kunde individuelle Anforderungen hat. Deshalb bieten wir ma\u00dfgeschneiderte Hydraulikzylinder und Getriebe an, die auf die spezifischen Anforderungen zugeschnitten sind.<\/p>\n<p><strong>Moderne Produktionsausr\u00fcstung:<\/strong> Unsere hochmodernen Produktionsanlagen nutzen die neuste Technologie und Ausr\u00fcstung, sodass wir qualitativ hochwertige Produkte effizient herstellen k\u00f6nnen.<\/p>\n<p><strong>Umfassender After-Sales-Support:<\/strong> Unser Engagement f\u00fcr unsere Kunden geht \u00fcber den Verkauf hinaus. Wir bieten fortlaufenden Support und Wartungsdienste, um die optimale Leistung unserer Produkte sicherzustellen.<\/p>\n<p>Wir laden Kunden aus aller Welt ein, sich f\u00fcr Gesch\u00e4ftsverhandlungen, Informationsaustausch und Kooperationsm\u00f6glichkeiten an uns zu wenden. Gemeinsam k\u00f6nnen wir in der Hydraulikbranche gr\u00f6\u00dfere Erfolge erzielen!<\/p>","protected":false},"excerpt":{"rendered":"<p>Equipment Roller Press Cement Cylinder The equipment roller press cement cylinder is a vital component in cement production, specifically designed to boost efficiency and productivity in manufacturing plants. Its exceptional characteristics and robust construction make it indispensable for effectively operating roller press machines. With its high-pressure resistance, precision manufacturing, and advanced sealing technology, the equipment [&hellip;]<\/p>","protected":false},"featured_media":1727,"comment_status":"open","ping_status":"closed","template":"","meta":{"_et_pb_use_builder":"","_et_pb_old_content":"","_et_gb_content_width":""},"product_brand":[],"product_cat":[1520,1549],"product_tag":[1380],"class_list":{"0":"post-1724","1":"product","2":"type-product","3":"status-publish","4":"has-post-thumbnail","6":"product_cat-concrete-equipment-hydraulic-cylinders","7":"product_cat-single-acting-hydraulic-cylinder","8":"product_tag-hydraulic-cylinder","10":"first","11":"instock","12":"shipping-taxable","13":"product-type-simple"},"amp_enabled":true,"_links":{"self":[{"href":"https:\/\/www.hydraulic-cylinders.net\/de\/wp-json\/wp\/v2\/product\/1724","targetHints":{"allow":["GET"]}}],"collection":[{"href":"https:\/\/www.hydraulic-cylinders.net\/de\/wp-json\/wp\/v2\/product"}],"about":[{"href":"https:\/\/www.hydraulic-cylinders.net\/de\/wp-json\/wp\/v2\/types\/product"}],"replies":[{"embeddable":true,"href":"https:\/\/www.hydraulic-cylinders.net\/de\/wp-json\/wp\/v2\/comments?post=1724"}],"wp:featuredmedia":[{"embeddable":true,"href":"https:\/\/www.hydraulic-cylinders.net\/de\/wp-json\/wp\/v2\/media\/1727"}],"wp:attachment":[{"href":"https:\/\/www.hydraulic-cylinders.net\/de\/wp-json\/wp\/v2\/media?parent=1724"}],"wp:term":[{"taxonomy":"product_brand","embeddable":true,"href":"https:\/\/www.hydraulic-cylinders.net\/de\/wp-json\/wp\/v2\/product_brand?post=1724"},{"taxonomy":"product_cat","embeddable":true,"href":"https:\/\/www.hydraulic-cylinders.net\/de\/wp-json\/wp\/v2\/product_cat?post=1724"},{"taxonomy":"product_tag","embeddable":true,"href":"https:\/\/www.hydraulic-cylinders.net\/de\/wp-json\/wp\/v2\/product_tag?post=1724"}],"curies":[{"name":"wp","href":"https:\/\/api.w.org\/{rel}","templated":true}]}}