{"id":1731,"date":"2023-10-12T03:54:29","date_gmt":"2023-10-12T03:54:29","guid":{"rendered":"https:\/\/hydraulic-cylinders.net\/?post_type=product&#038;p=1731"},"modified":"2025-04-11T03:44:54","modified_gmt":"2025-04-11T03:44:54","slug":"cement-equipment-roll-over-cylinder","status":"publish","type":"product","link":"https:\/\/www.hydraulic-cylinders.net\/de\/produkt\/cement-equipment-roll-over-cylinder\/","title":{"rendered":"Zementausr\u00fcstung Rollzylinder"},"content":{"rendered":"<h1 style=\"text-align: center;\"><strong>Zementausr\u00fcstung Rollzylinder<\/strong><\/h1>\n<p><img loading=\"lazy\" decoding=\"async\" class=\"aligncenter wp-image-1732\" src=\"https:\/\/hydraulic-cylinders.net\/wp-content\/uploads\/2023\/10\/roll-over-cylinder-1-300x300.webp\" alt=\"\" width=\"400\" height=\"400\" \/><\/p>\n<p>Der Kippzylinder f\u00fcr Zementmischanlagen ist eine unverzichtbare Komponente in Zementwerken und dient der Erh\u00f6hung von Sicherheit und Effizienz bei verschiedenen Materialumschlagvorg\u00e4ngen. Dieser Spezialzylinder spielt eine entscheidende Rolle in Ger\u00e4ten wie Betonmischern und Betonmischwagen, da er das kontrollierte Kippen und Drehen der Trommel erm\u00f6glicht.<\/p>\n<p>Der Kippzylinder f\u00fcr Zementmischanlagen ist in Zementwerken unverzichtbar und tr\u00e4gt wesentlich zu Sicherheit und Effizienz bei der Materialhandhabung bei. Dank seiner robusten Konstruktion, pr\u00e4zisen Steuerung, Sicherheitsmerkmale und kompakten Bauweise erm\u00f6glicht dieser Zylinder das kontrollierte Kippen und Drehen von Betonmischern oder Fahrmischern. Durch die Einhaltung der empfohlenen Anwendungs- und Wartungsmethoden maximieren Sie die Leistung und Lebensdauer des Kippzylinders und verbessern so letztendlich die Sicherheit, Produktivit\u00e4t und Rentabilit\u00e4t Ihrer Zementproduktion.<\/p>\n<p>Hauptmerkmale des Rollzylinders von Zementanlagen:<\/p>\n<ol>\n<li>Robuste Konstruktion:<\/li>\n<\/ol>\n<ul>\n<li>Der \u00dcberrollzylinder der Zementanlage ist aus hochwertigen Materialien gefertigt und gew\u00e4hrleistet Langlebigkeit und Zuverl\u00e4ssigkeit in anspruchsvollen Zementwerksumgebungen.<\/li>\n<li>Es h\u00e4lt hohen Belastungen und den Belastungen h\u00e4ufigen Kippens und Drehens stand, ohne dass die Leistung beeintr\u00e4chtigt wird.<\/li>\n<\/ul>\n<ol start=\"2\">\n<li>Pr\u00e4zise Steuerung:<\/li>\n<\/ol>\n<ul>\n<li>Dieser Zylinder wurde entwickelt, um eine pr\u00e4zise Steuerung des Kippens und der Rotation von Betonmischern oder Betonmischern zu erm\u00f6glichen.<\/li>\n<li>Es erm\u00f6glicht den Bedienern, Stabilit\u00e4t und Genauigkeit beim Materialaustrag zu gew\u00e4hrleisten und tr\u00e4gt so zu einem effizienten Betriebsablauf bei.<\/li>\n<\/ul>\n<ol start=\"3\">\n<li>Sicherheitsfunktionen:<\/li>\n<\/ol>\n<ul>\n<li>Der Kippzylinder der Zementanlage verf\u00fcgt \u00fcber Sicherheitsmerkmale wie integrierte Verriegelungsmechanismen oder Sicherheitsventile, um ein versehentliches Umkippen oder Drehen zu verhindern.<\/li>\n<li>Diese Merkmale bieten eine zus\u00e4tzliche Schutzebene f\u00fcr Bediener, Ausr\u00fcstung und das umliegende Personal.<\/li>\n<\/ul>\n<ol start=\"4\">\n<li>Kompaktes Design:<\/li>\n<\/ol>\n<ul>\n<li>Die kompakte Bauweise des Zylinders gew\u00e4hrleistet eine nahtlose Integration in bestehende Zementanlagen und minimiert so den Bedarf an zus\u00e4tzlichen Modifikationen.<\/li>\n<li>Es optimiert die Raumausnutzung und erm\u00f6glicht einen effizienten Betrieb auf engstem Raum.<\/li>\n<\/ul>\n<h2><strong>Parameter des Rollzylinders f\u00fcr Zementanlagen:<\/strong><\/h2>\n<table border=\"1\" cellspacing=\"0\" cellpadding=\"0\">\n<tbody>\n<tr>\n<td>Produktname<\/td>\n<td>Zementausr\u00fcstung Rollzylinder<\/td>\n<\/tr>\n<tr>\n<td>Merkmale:<\/td>\n<td>Heben und Senken der Antriebswalze<\/td>\n<\/tr>\n<tr>\n<td>Bohrungsdurchmesser:<\/td>\n<td>180 mm bis 320 mm<\/td>\n<\/tr>\n<tr>\n<td>Stangendurchmesser:<\/td>\n<td>110 mm bis 170 mm<br \/>\nHub: \u22646000 mm<\/td>\n<\/tr>\n<tr>\n<td>Schubkraft:<\/td>\n<td>Max 1688 kN<br \/>\n(Zylinderdurchmesser 320 mm \/ Druck 21 MPa)<\/td>\n<\/tr>\n<tr>\n<td>Anwendungen f\u00fcr Kippzylinder in Zementanlagen:<\/td>\n<td>Zementausr\u00fcstung<\/td>\n<\/tr>\n<\/tbody>\n<\/table>\n<div><\/div>\n<div>\n<div class=\"txtboxL\">\n<div class=\"txtboxL\">Merkmale:<\/div>\n<div class=\"txtboxR\">Heben und Senken der Antriebswalze<\/div>\n<div class=\"txtboxL\">Spezifikation:<\/div>\n<div class=\"txtboxR\">Bohrungsdurchmesser: 180 mm bis 320 mm<br \/>\nStangendurchmesser: 110 mm bis 170 mm<br \/>\nHub: \u22646000 mm<\/div>\n<div class=\"txtboxL\">Schubkraft:<\/div>\n<div class=\"txtboxR\">Max 1688 kN<br \/>\n(Zylinderdurchmesser 320 mm \/ Druck 21 MPa)<\/div>\n<\/div>\n<\/div>\n<h2><strong>Zementausr\u00fcstung <\/strong><strong>Zylinderfabrik:<\/strong><\/h2>\n<p><img loading=\"lazy\" decoding=\"async\" class=\"alignnone wp-image-1734 size-full\" src=\"https:\/\/hydraulic-cylinders.net\/wp-content\/uploads\/2023\/10\/cement-equipment-cylinder-1.webp\" alt=\"\" width=\"1418\" height=\"946\" srcset=\"https:\/\/hydraulic-cylinders.net\/wp-content\/uploads\/2023\/10\/cement-equipment-cylinder-1.webp 1418w, https:\/\/hydraulic-cylinders.net\/wp-content\/uploads\/2023\/10\/cement-equipment-cylinder-1-1280x854.webp 1280w, https:\/\/hydraulic-cylinders.net\/wp-content\/uploads\/2023\/10\/cement-equipment-cylinder-1-980x654.webp 980w, https:\/\/hydraulic-cylinders.net\/wp-content\/uploads\/2023\/10\/cement-equipment-cylinder-1-480x320.webp 480w\" sizes=\"(min-width: 0px) and (max-width: 480px) 480px, (min-width: 481px) and (max-width: 980px) 980px, (min-width: 981px) and (max-width: 1280px) 1280px, (min-width: 1281px) 1418px, 100vw\" \/><\/p>\n<h2><strong>Anwendungsmethode der Zementausr\u00fcstung Rollzylinder<\/strong><strong>:<\/strong><\/h2>\n<ol>\n<li><strong>Installation:<\/strong><\/li>\n<\/ol>\n<ul>\n<li>Befolgen Sie die Anweisungen des Herstellers, um den \u00dcberrollzylinder der Zementausr\u00fcstung sicher auf dem Betonmischer oder Betonmischer zu montieren.<\/li>\n<li>F\u00fcr einen sicheren und zuverl\u00e4ssigen Betrieb ist die korrekte Ausrichtung und Befestigung sicherzustellen.<\/li>\n<\/ul>\n<ol start=\"2\">\n<li><strong>Hydraulischer Anschluss:<\/strong><\/li>\n<\/ol>\n<ul>\n<li>Verbinden Sie den Zylinder mithilfe geeigneter Armaturen und Schl\u00e4uche mit dem Hydrauliksystem des Ger\u00e4ts.<\/li>\n<li>Pr\u00fcfen Sie, ob alle Hydraulikverbindungen fest sitzen und dicht sind.<\/li>\n<\/ul>\n<ol start=\"3\">\n<li><strong>Bedienung und Steuerung:<\/strong><\/li>\n<\/ol>\n<ul>\n<li>Aktivieren Sie das Hydrauliksystem, um den Kippzylinder der Zementieranlage zu bet\u00e4tigen.<\/li>\n<li>\u00dcber das Bedienfeld oder die Benutzeroberfl\u00e4che wird der Zylinder gesteuert, wodurch das Kippen und die Drehung der Trommel geregelt werden.<\/li>\n<li>F\u00fcr einen sicheren und effizienten Betrieb befolgen Sie bitte die Anweisungen und empfohlenen Vorgehensweisen des Herstellers.<\/li>\n<\/ul>\n<h2><strong>Wie entfernt man die hydraulische Kupplungsleitung vom Hauptbremszylinder?<\/strong><\/h2>\n<p>Das Abklemmen der hydraulischen Kupplungsleitung am Hauptbremszylinder erfordert sorgf\u00e4ltiges Vorgehen, um Besch\u00e4digungen der Bauteile oder Leckagen zu vermeiden. Hier finden Sie eine Schritt-f\u00fcr-Schritt-Anleitung zum Abklemmen der hydraulischen Kupplungsleitung am Hauptbremszylinder:<\/p>\n<ol>\n<li><strong>Besorgen Sie sich die notwendigen Werkzeuge:<\/strong>\n<ul>\n<li>Schutzhandschuhe und Schutzbrille<\/li>\n<li>Schraubenschl\u00fcssel oder Leitungsschl\u00fcssel (passende Gr\u00f6\u00dfe f\u00fcr die Armaturen)<\/li>\n<li>Halten Sie eine Pfanne oder einen Beh\u00e4lter bereit, um versch\u00fcttete Fl\u00fcssigkeit aufzufangen.<\/li>\n<li>Saubere Lappen oder Handt\u00fccher<\/li>\n<\/ul>\n<\/li>\n<li><strong>Sicherheitsvorkehrungen treffen:<\/strong>\n<ul>\n<li>Ziehen Sie Schutzhandschuhe und eine Schutzbrille an, um sich vor m\u00f6glichen Gefahren zu sch\u00fctzen.<\/li>\n<li>Stellen Sie sicher, dass der Motor ausgeschaltet ist und sich das Fahrzeug in Park- oder Neutralstellung befindet, wobei die Feststellbremse angezogen ist.<\/li>\n<\/ul>\n<\/li>\n<li><strong>Den Hauptbremszylinder lokalisieren:<\/strong>\n<ul>\n<li>Der Hauptzylinder f\u00fcr die hydraulische Kupplung befindet sich typischerweise in der N\u00e4he der Spritzwand auf der Fahrerseite des Motorraums.<\/li>\n<li>Identifizieren Sie die Kupplungsleitung, die mit dem Hauptbremszylinder verbunden ist. Sie verf\u00fcgt an beiden Enden \u00fcber Anschl\u00fcsse.<\/li>\n<\/ul>\n<\/li>\n<li><strong>Bereiten Sie sich auf Fl\u00fcssigkeitsaustritt vor:<\/strong>\n<ul>\n<li>Stellen Sie eine Auffangwanne oder einen Beh\u00e4lter unter den Hauptbremszylinder und die Kupplungsleitung, um eventuell austretende Fl\u00fcssigkeit w\u00e4hrend des Ausbaus aufzufangen.<\/li>\n<li>Halten Sie saubere Lappen oder Handt\u00fccher bereit, um eventuell versch\u00fcttete Fl\u00fcssigkeiten aufzuwischen.<\/li>\n<\/ul>\n<\/li>\n<li><strong>Die Verschraubungen l\u00f6sen:<\/strong>\n<ul>\n<li>Verwenden Sie den passenden Schraubenschl\u00fcssel oder Leitungsschl\u00fcssel, um die Verschraubungen an beiden Enden der Kupplungsleitung zu l\u00f6sen.<\/li>\n<li>Drehen Sie den Schraubenschl\u00fcssel gegen den Uhrzeigersinn, um die Verschraubung zu l\u00f6sen. Achten Sie jedoch darauf, die Verschraubungen nicht zu fest anzuziehen oder mit Gewalt zu l\u00f6sen, da sie empfindlich sein k\u00f6nnen.<\/li>\n<\/ul>\n<\/li>\n<li><strong>Entfernen Sie die folgende Zeile:<\/strong>\n<ul>\n<li>Sobald die Verschraubungen gel\u00f6st sind, schrauben Sie diese vorsichtig von Hand ab, bis sie vollst\u00e4ndig vom Hauptbremszylinder getrennt sind.<\/li>\n<li>Seien Sie darauf vorbereitet, dass beim Ausbau der Leitungen und Verbindungsst\u00fccke noch etwas Restfl\u00fcssigkeit austreten kann.<\/li>\n<\/ul>\n<\/li>\n<li><strong>Leitung und Armaturen pr\u00fcfen:<\/strong>\n<ul>\n<li>Untersuchen Sie die Kupplungsleitung und die Anschl\u00fcsse auf Anzeichen von Besch\u00e4digung, Verschlei\u00df oder Undichtigkeiten.<\/li>\n<li>Sollten dabei Probleme auftreten, wird empfohlen, die Leitung oder die Armaturen vor der Wiederinstallation auszutauschen.<\/li>\n<\/ul>\n<\/li>\n<li><strong>Hauptbremszylinder abdichten:<\/strong>\n<ul>\n<li>Um zu verhindern, dass Luft oder Schmutz in den Hauptbremszylinder gelangt, decken Sie die \u00d6ffnung mit einem sauberen Lappen oder einer Kappe ab.<\/li>\n<\/ul>\n<\/li>\n<li><strong>Fl\u00fcssigkeiten ordnungsgem\u00e4\u00df entsorgen:<\/strong>\n<ul>\n<li>Die aufgefangene Fl\u00fcssigkeit ist gem\u00e4\u00df den \u00f6rtlichen Vorschriften zu entsorgen oder zu einem geeigneten Recyclingzentrum zu bringen.<\/li>\n<\/ul>\n<\/li>\n<\/ol>\n<h2><strong>F\u00e4higkeit und Kapazit\u00e4t der Fabrik:<\/strong><\/h2>\n<h3>(1) Montage<\/h3>\n<p>Wir verf\u00fcgen \u00fcber eine erstklassige, unabh\u00e4ngige Forschungs- und Entwicklungsmontageplattform. Die Hydraulikzylinder-Produktionswerkstatt verf\u00fcgt \u00fcber vier halbautomatische Montagelinien f\u00fcr Hubzylinder und eine automatische Montagelinie f\u00fcr Kippzylinder mit einer geplanten j\u00e4hrlichen Produktionskapazit\u00e4t von 1 Million St\u00fcck. Die Spezialzylinderwerkstatt ist mit verschiedenen Spezifikationen eines halbautomatischen Reinigungsmontagesystems mit einer geplanten j\u00e4hrlichen Produktionskapazit\u00e4t von 200.000 ausgestattet und mit renommierten CNC-Bearbeitungsger\u00e4ten, einem Bearbeitungszentrum, einer hochpr\u00e4zisen Spezialausr\u00fcstung f\u00fcr die Zylinderverarbeitung, einer Roboterschwei\u00dfmaschine, einer automatischen Reinigungsmaschine, einer automatischen Zylindermontagemaschine und einer automatischen Lackierproduktionslinie ausgestattet. Es sind mehr als 300 Sets (S\u00e4tze) an kritischer Ausr\u00fcstung vorhanden. Die optimale Zuweisung und effiziente Nutzung der Ausr\u00fcstungsressourcen gew\u00e4hrleistet die Genauigkeitsanforderungen der Produkte und erf\u00fcllt die hohen Qualit\u00e4tsanforderungen der Produkte.<\/p>\n<p><img loading=\"lazy\" decoding=\"async\" class=\"alignnone wp-image-626\" src=\"https:\/\/hydraulic-cylinders.net\/wp-content\/uploads\/2023\/08\/hydraulic-cylinder-product-1-300x158.webp\" alt=\"\" width=\"495\" height=\"260\" srcset=\"https:\/\/hydraulic-cylinders.net\/wp-content\/uploads\/2023\/08\/hydraulic-cylinder-product-1-300x158.webp 495w, https:\/\/hydraulic-cylinders.net\/wp-content\/uploads\/2023\/08\/hydraulic-cylinder-product-1-480x252.webp 480w\" sizes=\"(min-width: 0px) and (max-width: 480px) 480px, (min-width: 481px) 495px, 100vw\" \/> <img loading=\"lazy\" decoding=\"async\" class=\"alignnone wp-image-627\" src=\"https:\/\/hydraulic-cylinders.net\/wp-content\/uploads\/2023\/08\/hydraulic-cylinder-product-2-300x189.webp\" alt=\"\" width=\"413\" height=\"260\" \/><\/p>\n<h3>(2) Bearbeitungen<\/h3>\n<p>Die Bearbeitungswerkstatt ist mit einem ma\u00dfgeschneiderten Schr\u00e4gschienen-Drehzentrum, einem Bearbeitungszentrum, einer Hochgeschwindigkeits-Honmaschine, einem Schwei\u00dfroboter und anderen zugeh\u00f6rigen Ger\u00e4ten ausgestattet, die die Bearbeitung von Zylinderrohren mit einem maximalen Innendurchmesser von 400 mm und einer maximalen L\u00e4nge von 6 Metern erm\u00f6glichen.<\/p>\n<p><img loading=\"lazy\" decoding=\"async\" class=\"alignnone wp-image-628 size-large\" src=\"https:\/\/hydraulic-cylinders.net\/wp-content\/uploads\/2023\/08\/hydraulic-cylinder-product-3-1024x391.webp\" alt=\"\" width=\"1024\" height=\"391\" srcset=\"https:\/\/hydraulic-cylinders.net\/wp-content\/uploads\/2023\/08\/hydraulic-cylinder-product-3-980x374.webp 980w, https:\/\/hydraulic-cylinders.net\/wp-content\/uploads\/2023\/08\/hydraulic-cylinder-product-3-480x183.webp 480w\" sizes=\"(min-width: 0px) and (max-width: 480px) 480px, (min-width: 481px) and (max-width: 980px) 980px, (min-width: 981px) 1024px, 100vw\" \/><\/p>\n<h3>(3) Schwei\u00dfen<\/h3>\n<p><img loading=\"lazy\" decoding=\"async\" class=\"alignnone wp-image-629 size-large\" src=\"https:\/\/hydraulic-cylinders.net\/wp-content\/uploads\/2023\/08\/hydraulic-cylinder-product-4-1024x510.webp\" alt=\"\" width=\"1024\" height=\"510\" srcset=\"https:\/\/hydraulic-cylinders.net\/wp-content\/uploads\/2023\/08\/hydraulic-cylinder-product-4-980x488.webp 980w, https:\/\/hydraulic-cylinders.net\/wp-content\/uploads\/2023\/08\/hydraulic-cylinder-product-4-480x239.webp 480w\" sizes=\"(min-width: 0px) and (max-width: 480px) 480px, (min-width: 481px) and (max-width: 980px) 980px, (min-width: 981px) 1024px, 100vw\" \/><\/p>\n<h3>(4) Malerei und Beschichtung<\/h3>\n<p>Mit kleinen und mittleren Zylinder automatische Lackieranlagen auf Wasserbasis, zu erreichen automatische Roboter Be-und Entladen und automatische Spritzen, die Design-Kapazit\u00e4t von 4000 St\u00fcck pro Schicht;<br \/>\nWir verf\u00fcgen auch \u00fcber eine halbautomatische Lackieranlage f\u00fcr gro\u00dfe Zylinder, die von einer Energiekette angetrieben wird und eine Kapazit\u00e4t von 60 Kisten pro Schicht hat.<\/p>\n<p><img loading=\"lazy\" decoding=\"async\" class=\"alignnone wp-image-630\" src=\"https:\/\/hydraulic-cylinders.net\/wp-content\/uploads\/2023\/08\/hydraulic-cylinder-product-5-300x213.webp\" alt=\"\" width=\"366\" height=\"260\" \/> <img loading=\"lazy\" decoding=\"async\" class=\"alignnone wp-image-631\" src=\"https:\/\/hydraulic-cylinders.net\/wp-content\/uploads\/2023\/08\/hydraulic-cylinder-product-6-300x225.webp\" alt=\"\" width=\"347\" height=\"260\" \/><\/p>\n<h3>(5) Pr\u00fcfung<\/h3>\n<p>Wir verf\u00fcgen \u00fcber erstklassige Pr\u00fcfeinrichtungen und Pr\u00fcfst\u00e4nde, um sicherzustellen, dass die Leistung des Zylinders den Anforderungen entspricht.<\/p>\n<p><img loading=\"lazy\" decoding=\"async\" class=\"alignnone wp-image-632\" src=\"https:\/\/hydraulic-cylinders.net\/wp-content\/uploads\/2023\/08\/hydraulic-cylinder-product-8-300x200.webp\" alt=\"\" width=\"389\" height=\"260\" \/><\/p>\n<p>&nbsp;<\/p>\n<p>&nbsp;<\/p>\n<p>Wir sind einer der besten Hydraulikzylinderhersteller. Wir k\u00f6nnen umfassende Hydraulikzylinder anbieten. Wir bieten auch entsprechende <a href=\"https:\/\/hzpt.com\/agricultural-pto-gearbox\/\" target=\"_blank\" rel=\"noopener\">landwirtschaftliche Getriebe<\/a>. Wir haben unsere Produkte an Kunden weltweit exportiert und uns aufgrund unserer hervorragenden Produktqualit\u00e4t und unseres Kundendienstes einen guten Ruf erworben. Wir begr\u00fc\u00dfen Kunden im In- und Ausland, die uns kontaktieren, um Gesch\u00e4fte zu verhandeln, Informationen auszutauschen und <a href=\"https:\/\/www.hydraulic-cylinders.net\/de\/contact-us\/\">mit uns zusammenarbeiten<\/a>!<\/p>","protected":false},"excerpt":{"rendered":"<p>Cement Equipment Roll Over Cylinder The cement equipment roll over cylinder is an essential component in cement plants, designed to enhance safety and efficiency during various material handling operations. This specialized cylinder plays a critical role in equipment such as cement mixers and concrete trucks, allowing for controlled tipping and rotation of the drum. The [&hellip;]<\/p>","protected":false},"featured_media":1733,"comment_status":"open","ping_status":"closed","template":"","meta":{"_et_pb_use_builder":"","_et_pb_old_content":"","_et_gb_content_width":""},"product_brand":[],"product_cat":[1520,1550],"product_tag":[1380],"class_list":{"0":"post-1731","1":"product","2":"type-product","3":"status-publish","4":"has-post-thumbnail","6":"product_cat-concrete-equipment-hydraulic-cylinders","7":"product_cat-double-acting-hydraulic-cylinder","8":"product_tag-hydraulic-cylinder","10":"first","11":"instock","12":"shipping-taxable","13":"product-type-simple"},"amp_enabled":true,"_links":{"self":[{"href":"https:\/\/www.hydraulic-cylinders.net\/de\/wp-json\/wp\/v2\/product\/1731","targetHints":{"allow":["GET"]}}],"collection":[{"href":"https:\/\/www.hydraulic-cylinders.net\/de\/wp-json\/wp\/v2\/product"}],"about":[{"href":"https:\/\/www.hydraulic-cylinders.net\/de\/wp-json\/wp\/v2\/types\/product"}],"replies":[{"embeddable":true,"href":"https:\/\/www.hydraulic-cylinders.net\/de\/wp-json\/wp\/v2\/comments?post=1731"}],"wp:featuredmedia":[{"embeddable":true,"href":"https:\/\/www.hydraulic-cylinders.net\/de\/wp-json\/wp\/v2\/media\/1733"}],"wp:attachment":[{"href":"https:\/\/www.hydraulic-cylinders.net\/de\/wp-json\/wp\/v2\/media?parent=1731"}],"wp:term":[{"taxonomy":"product_brand","embeddable":true,"href":"https:\/\/www.hydraulic-cylinders.net\/de\/wp-json\/wp\/v2\/product_brand?post=1731"},{"taxonomy":"product_cat","embeddable":true,"href":"https:\/\/www.hydraulic-cylinders.net\/de\/wp-json\/wp\/v2\/product_cat?post=1731"},{"taxonomy":"product_tag","embeddable":true,"href":"https:\/\/www.hydraulic-cylinders.net\/de\/wp-json\/wp\/v2\/product_tag?post=1731"}],"curies":[{"name":"wp","href":"https:\/\/api.w.org\/{rel}","templated":true}]}}