{"id":17331,"date":"2025-03-07T07:38:49","date_gmt":"2025-03-07T07:38:49","guid":{"rendered":"https:\/\/www.hydraulic-cylinders.net\/?post_type=product&#038;p=17331"},"modified":"2025-04-11T03:05:13","modified_gmt":"2025-04-11T03:05:13","slug":"main-and-auxiliary-lifting-cylinders-for-no-tillage-machines","status":"publish","type":"product","link":"https:\/\/www.hydraulic-cylinders.net\/de\/produkt\/main-and-auxiliary-lifting-cylinders-for-no-tillage-machines\/","title":{"rendered":"Haupt- und Zusatzhubzylinder f\u00fcr Direktsaatmaschinen"},"content":{"rendered":"<h1 style=\"text-align: center;\"><strong>Haupt- und Zusatzhubzylinder f\u00fcr Direktsaatmaschinen<img loading=\"lazy\" decoding=\"async\" class=\"alignnone wp-image-17286\" src=\"https:\/\/www.hydraulic-cylinders.net\/wp-content\/uploads\/2025\/03\/main-and-auxiliary-lifting-cylinders-1-1.webp\" alt=\"\" width=\"500\" height=\"500\" \/> \u00a0<\/strong><\/h1>\n<p>Haupt- und Zusatzhubzylinder spielen eine entscheidende Rolle f\u00fcr den effektiven Betrieb von Direktsaatmaschinen und verbessern deren Leistung bei verschiedenen landwirtschaftlichen Aufgaben erheblich. Diese Hydraulikzylinder bieten au\u00dfergew\u00f6hnliche Effizienz beim Heben und Senken wichtiger Komponenten und gew\u00e4hrleisten so eine reibungslose und zuverl\u00e4ssige Funktion bei kritischen Vorg\u00e4ngen wie Pflanzen, D\u00fcngen und Pflanzenmanagement.<\/p>\n<p>Diese Hubzylinder sind auf Langlebigkeit und Pr\u00e4zision ausgelegt und halten den Belastungen in anspruchsvollen landwirtschaftlichen Umgebungen stand. Ihre robuste Konstruktion minimiert den Verschlei\u00df und bietet Landwirten Ger\u00e4te, die den Herausforderungen der Direktsaat standhalten. Die Pr\u00e4zisionstechnik dieser Zylinder erm\u00f6glicht eine pr\u00e4zise Steuerung der Maschinenbewegungen, sodass Bediener Feineinstellungen vornehmen und die Positionierung der Ger\u00e4te optimieren k\u00f6nnen.<\/p>\n<p>Durch die Integration von Haupt- und Zusatzhubzylindern in ihre Maschinen k\u00f6nnen Landwirte die Gesamtfunktionalit\u00e4t ihrer Direktsaatmaschinen deutlich verbessern. Diese Integration verbessert die Betriebseffizienz und erm\u00f6glicht nahtlose \u00dcberg\u00e4nge zwischen verschiedenen Aufgaben, reduziert Ausfallzeiten und steigert die Produktivit\u00e4t. So k\u00f6nnen Landwirte moderne Anbaumethoden sicher umsetzen, da sie wissen, dass ihre Maschinen mit fortschrittlicher Hydrauliktechnologie ausgestattet sind, die den Anforderungen der modernen Landwirtschaft gerecht wird.<\/p>\n<h2><strong>Haupt- und Zusatzhubzylinder f\u00fcr Direktsaatmaschinen Parameter:<\/strong><\/h2>\n<h1 style=\"text-align: center;\"><strong><img loading=\"lazy\" decoding=\"async\" class=\"alignnone size-full wp-image-17283\" src=\"https:\/\/www.hydraulic-cylinders.net\/wp-content\/uploads\/2025\/03\/hydraulic-cylinders-for-no-tillage-machines-parameter-1.webp\" alt=\"\" width=\"2237\" height=\"1271\" srcset=\"https:\/\/www.hydraulic-cylinders.net\/wp-content\/uploads\/2025\/03\/hydraulic-cylinders-for-no-tillage-machines-parameter-1.webp 2237w, https:\/\/www.hydraulic-cylinders.net\/wp-content\/uploads\/2025\/03\/hydraulic-cylinders-for-no-tillage-machines-parameter-1-1280x727.webp 1280w, https:\/\/www.hydraulic-cylinders.net\/wp-content\/uploads\/2025\/03\/hydraulic-cylinders-for-no-tillage-machines-parameter-1-980x557.webp 980w, https:\/\/www.hydraulic-cylinders.net\/wp-content\/uploads\/2025\/03\/hydraulic-cylinders-for-no-tillage-machines-parameter-1-480x273.webp 480w\" sizes=\"(min-width: 0px) and (max-width: 480px) 480px, (min-width: 481px) and (max-width: 980px) 980px, (min-width: 981px) and (max-width: 1280px) 1280px, (min-width: 1281px) 2237px, 100vw\" \/><\/strong><\/h1>\n<h2><strong>Haupt- und Zusatzhubzylinder f\u00fcr Direktsaatmaschinen Anwendung:<\/strong><\/h2>\n<p><img loading=\"lazy\" decoding=\"async\" class=\"alignnone size-full wp-image-17282\" src=\"https:\/\/www.hydraulic-cylinders.net\/wp-content\/uploads\/2025\/03\/hydraulic-cylinders-for-no-tillage-machines-application-1.webp\" alt=\"\" width=\"2273\" height=\"976\" srcset=\"https:\/\/www.hydraulic-cylinders.net\/wp-content\/uploads\/2025\/03\/hydraulic-cylinders-for-no-tillage-machines-application-1.webp 2273w, https:\/\/www.hydraulic-cylinders.net\/wp-content\/uploads\/2025\/03\/hydraulic-cylinders-for-no-tillage-machines-application-1-1280x550.webp 1280w, https:\/\/www.hydraulic-cylinders.net\/wp-content\/uploads\/2025\/03\/hydraulic-cylinders-for-no-tillage-machines-application-1-980x421.webp 980w, https:\/\/www.hydraulic-cylinders.net\/wp-content\/uploads\/2025\/03\/hydraulic-cylinders-for-no-tillage-machines-application-1-480x206.webp 480w\" sizes=\"(min-width: 0px) and (max-width: 480px) 480px, (min-width: 481px) and (max-width: 980px) 980px, (min-width: 981px) and (max-width: 1280px) 1280px, (min-width: 1281px) 2273px, 100vw\" \/><\/p>\n<h2><strong>Haupt- und Zusatzhubzylinder f\u00fcr Direktsaatmaschinen. Hauptmerkmale:<\/strong><\/h2>\n<h4><strong>1. Robuste Konstruktion<\/strong><\/h4>\n<p>Diese Hubzylinder bestehen aus hochwertigen Materialien und sind f\u00fcr die anspruchsvollen landwirtschaftlichen Bedingungen ausgelegt. Ihre au\u00dfergew\u00f6hnliche Verschlei\u00dffestigkeit gew\u00e4hrleistet eine lange Lebensdauer und reduziert den Bedarf an h\u00e4ufigen Austauschvorg\u00e4ngen deutlich. Diese Langlebigkeit f\u00fchrt langfristig zu Kosteneinsparungen und erh\u00f6ht die allgemeine Zuverl\u00e4ssigkeit von Direktsaatmaschinen, sodass sich Landwirte auf ihre Arbeit konzentrieren k\u00f6nnen, ohne sich um Ger\u00e4teausf\u00e4lle sorgen zu m\u00fcssen.<\/p>\n<h4><strong>2. Hohe Tragf\u00e4higkeit<\/strong><\/h4>\n<p>Diese Zylinder sind f\u00fcr hohes Gewicht ausgelegt und liefern die n\u00f6tige Kraft, um schwere Ger\u00e4te effizient anzuheben. Ihre beeindruckende Tragf\u00e4higkeit erm\u00f6glicht es Landwirten, selbst anspruchsvollste landwirtschaftliche Aufgaben ohne Leistungseinbu\u00dfen zu bew\u00e4ltigen. Diese Zuverl\u00e4ssigkeit steigert die Produktivit\u00e4t und erm\u00f6glicht es Landwirten, gr\u00f6\u00dfere Felder und komplexere Arbeiten problemlos zu bew\u00e4ltigen.<\/p>\n<h4><strong>3. Reibungsloser Betrieb<\/strong><\/h4>\n<p>Dank ihres fortschrittlichen Hydraulikdesigns minimieren diese Zylinder die Reibung und erm\u00f6glichen so nahtloses Heben und Senken. Dieser reibungslose Betrieb steigert die Gesamteffizienz und erm\u00f6glicht dem Bediener eine pr\u00e4zise Kontrolle \u00fcber seine Ger\u00e4te. Durch die Reduzierung von St\u00f6\u00dfen und Vibrationen k\u00f6nnen Landwirte ihre Aufgaben pr\u00e4ziser erledigen, was zu einem verbesserten Pflanzenmanagement und h\u00f6heren Ertr\u00e4gen f\u00fchrt.<\/p>\n<h4><strong>4. Vielseitige Kompatibilit\u00e4t<\/strong><\/h4>\n<p>Diese Hubzylinder sind f\u00fcr eine Vielzahl von Direktsaatmaschinen konzipiert und bieten vielseitige L\u00f6sungen f\u00fcr verschiedene landwirtschaftliche Anwendungen. Dank der nahtlosen Integration in bestehende Maschinen k\u00f6nnen Landwirte ihre Maschinen ohne umfangreiche Modifikationen aufr\u00fcsten. Diese Flexibilit\u00e4t erm\u00f6glicht ma\u00dfgeschneiderte L\u00f6sungen, die spezifischen Betriebsanforderungen gerecht werden.<\/p>\n<h4><strong>5. Benutzerfreundliche Installation<\/strong><\/h4>\n<p>Die Zylinder sind einfach zu installieren, was Ausfallzeiten deutlich reduziert und Landwirten eine schnelle Wiederaufnahme der Arbeit erm\u00f6glicht. Der unkomplizierte Installationsprozess stellt sicher, dass auch Personen mit geringem technischen Fachwissen die Zylinder problemlos installieren k\u00f6nnen. Dieser Komfort rationalisiert die Abl\u00e4ufe und steigert die Gesamtproduktivit\u00e4t auf dem Bauernhof.<\/p>\n<p>Durch die Wahl dieser leistungsstarken Hubzylinder k\u00f6nnen Landwirte die Effizienz und Zuverl\u00e4ssigkeit ihrer Ger\u00e4te verbessern und so produktivere und erfolgreichere landwirtschaftliche Betriebe betreiben. Mit diesen fortschrittlichen Hydraulikl\u00f6sungen k\u00f6nnen sich Landwirte an moderne Anbaumethoden anpassen und die Herausforderungen der heutigen Agrarlandschaft meistern.<\/p>\n<h2><strong>Haupt- und Zusatzhubzylinder f\u00fcr Direktsaatmaschinen. Anwendbares Modell:<\/strong><\/h2>\n<h1 style=\"text-align: center;\"><strong><img loading=\"lazy\" decoding=\"async\" class=\"alignnone size-full wp-image-17284\" src=\"https:\/\/www.hydraulic-cylinders.net\/wp-content\/uploads\/2025\/03\/hydraulic-cylinders-for-no-tillage-machines-2.webp\" alt=\"\" width=\"2312\" height=\"600\" srcset=\"https:\/\/www.hydraulic-cylinders.net\/wp-content\/uploads\/2025\/03\/hydraulic-cylinders-for-no-tillage-machines-2.webp 2312w, https:\/\/www.hydraulic-cylinders.net\/wp-content\/uploads\/2025\/03\/hydraulic-cylinders-for-no-tillage-machines-2-1280x332.webp 1280w, https:\/\/www.hydraulic-cylinders.net\/wp-content\/uploads\/2025\/03\/hydraulic-cylinders-for-no-tillage-machines-2-980x254.webp 980w, https:\/\/www.hydraulic-cylinders.net\/wp-content\/uploads\/2025\/03\/hydraulic-cylinders-for-no-tillage-machines-2-480x125.webp 480w\" sizes=\"(min-width: 0px) and (max-width: 480px) 480px, (min-width: 481px) and (max-width: 980px) 980px, (min-width: 981px) and (max-width: 1280px) 1280px, (min-width: 1281px) 2312px, 100vw\" \/><\/strong><\/h1>\n<h2><strong>Wie steigern Haupt- und Zusatzhubzylinder die Effizienz landwirtschaftlicher Aufgaben?<\/strong><\/h2>\n<p>Haupt- und Zusatzhubzylinder ver\u00e4ndern die Landwirtschaft grundlegend und bieten zahlreiche Vorteile, die die Effizienz verschiedener Aufgaben deutlich steigern. Hier erfahren Sie, wie diese hydraulischen Wunderwerke den Unterschied ausmachen:<\/p>\n<h4><strong>Verbessertes Lastmanagement<\/strong>:<\/h4>\n<p>Diese Zylinder sind f\u00fcr hohe Lasten ausgelegt und erm\u00f6glichen Landwirten das m\u00fchelose Heben schwerer Ger\u00e4te. Das bedeutet: Kein l\u00e4stiges Werkzeug mehr und keine Gefahr von Ger\u00e4tesch\u00e4den. Dank der F\u00e4higkeit, anspruchsvolle Aufgaben zu bew\u00e4ltigen, k\u00f6nnen Landwirte effizienter und nicht h\u00e4rter arbeiten und so einen reibungslosen und effizienten Arbeitsablauf gew\u00e4hrleisten.<\/p>\n<h4><strong>Reibungsloser Betrieb<\/strong>:<\/h4>\n<p>Dank ihrer fortschrittlichen Hydraulikkonstruktion erm\u00f6glichen diese Zylinder au\u00dfergew\u00f6hnlich sanfte Hebe- und Senkvorg\u00e4nge. Durch die Minimierung der Reibung reduzieren sie St\u00f6\u00dfe und Vibrationen und erm\u00f6glichen dem Bediener eine pr\u00e4zise Kontrolle \u00fcber seine Maschinen. Dieser reibungslose Betrieb erh\u00f6ht nicht nur die Genauigkeit, sondern macht den gesamten Prozess auch intuitiver, sodass sich der Landwirt ungest\u00f6rt auf seine Aufgabe konzentrieren kann.<\/p>\n<h4><strong>Vielseitigkeit<\/strong>:<\/h4>\n<p>Ein herausragendes Merkmal dieser Hubzylinder ist ihre Kompatibilit\u00e4t mit einer Vielzahl von Direktsaatmaschinen. Dank dieser Vielseitigkeit k\u00f6nnen Landwirte sie problemlos in ihre bestehenden Anlagen integrieren und Upgrades ohne umfangreiche Modifikationen durchf\u00fchren. Dank dieser Flexibilit\u00e4t k\u00f6nnen Landwirte ihre Ger\u00e4te an spezifische Betriebsanforderungen anpassen und sie problemlos an unterschiedliche Kulturen und Feldbedingungen anpassen.<\/p>\n<h4><strong>Reduzierte Ausfallzeiten<\/strong>:<\/h4>\n<p>Zeit ist in der Landwirtschaft Geld, und diese Zylinder sind genau darauf ausgelegt. Der benutzerfreundliche Installationsprozess erm\u00f6glicht eine schnelle Einrichtung und Wartung und minimiert so Ausfallzeiten. Landwirte k\u00f6nnen schneller wieder an die Arbeit gehen und so jede Arbeitsstunde w\u00e4hrend der kritischen Pflanz- und Erntesaison optimal nutzen.<\/p>\n<h4><strong>Verbesserte Produktivit\u00e4t<\/strong>:<\/h4>\n<p>Durch die Rationalisierung der Abl\u00e4ufe und die pr\u00e4zise Steuerung mehrerer Aufgaben steigern diese Hubzylinder die Gesamtproduktivit\u00e4t deutlich. Landwirte k\u00f6nnen gr\u00f6\u00dfere Fl\u00e4chen bearbeiten und komplexere Arbeiten effizient bew\u00e4ltigen, was zu einem besseren Pflanzenmanagement und h\u00f6heren Ertr\u00e4gen f\u00fchrt. Dies steigert nicht nur die Rentabilit\u00e4t, sondern erm\u00f6glicht es Landwirten auch, moderne Verfahren selbstbewusst anzuwenden.<\/p>\n<p>Zusammenfassend l\u00e4sst sich sagen, dass Haupt- und Zusatzhubzylinder unverzichtbare Werkzeuge sind, die landwirtschaftliche Betriebe ver\u00e4ndern. Durch verbessertes Lastmanagement, reibungslosen Betrieb, Flexibilit\u00e4t, reduzierte Ausfallzeiten und h\u00f6here Produktivit\u00e4t erm\u00f6glichen sie Landwirten ein effektiveres und nachhaltigeres Arbeiten. Der Einsatz dieser Technologien er\u00f6ffnet neue Erfolgschancen in der sich st\u00e4ndig weiterentwickelnden Landwirtschaft.<\/p>\n<h2><strong>Testger\u00e4te:<\/strong><\/h2>\n<p><strong><img loading=\"lazy\" decoding=\"async\" class=\"alignnone size-full wp-image-17293\" src=\"https:\/\/www.hydraulic-cylinders.net\/wp-content\/uploads\/2025\/03\/test-equipment.webp-2.webp\" alt=\"\" width=\"1932\" height=\"1741\" srcset=\"https:\/\/www.hydraulic-cylinders.net\/wp-content\/uploads\/2025\/03\/test-equipment.webp-2.webp 1932w, https:\/\/www.hydraulic-cylinders.net\/wp-content\/uploads\/2025\/03\/test-equipment.webp-2-1280x1153.webp 1280w, https:\/\/www.hydraulic-cylinders.net\/wp-content\/uploads\/2025\/03\/test-equipment.webp-2-980x883.webp 980w, https:\/\/www.hydraulic-cylinders.net\/wp-content\/uploads\/2025\/03\/test-equipment.webp-2-480x433.webp 480w\" sizes=\"(min-width: 0px) and (max-width: 480px) 480px, (min-width: 481px) and (max-width: 980px) 980px, (min-width: 981px) and (max-width: 1280px) 1280px, (min-width: 1281px) 1932px, 100vw\" \/><\/strong><\/p>\n<ul>\n<li>1: Salzspr\u00fchtestkammer<\/li>\n<li>2: Chemische Analyse<\/li>\n<li>3: Zugpr\u00fcfmaschine<\/li>\n<li>4: Rockwell-H\u00e4rtepr\u00fcfer<\/li>\n<li>5: Sauberkeitspr\u00fcfmaschine<\/li>\n<li>6: TH110 R\u00fcckprallh\u00e4rtepr\u00fcfer<\/li>\n<li>7: Schichtdickenmessger\u00e4t<\/li>\n<li>8: Pendelschlagversuch<\/li>\n<\/ul>\n<p><img loading=\"lazy\" decoding=\"async\" class=\"alignnone size-full wp-image-17292\" src=\"https:\/\/www.hydraulic-cylinders.net\/wp-content\/uploads\/2025\/03\/test-equipment.webp-1.webp\" alt=\"\" width=\"1600\" height=\"1216\" srcset=\"https:\/\/www.hydraulic-cylinders.net\/wp-content\/uploads\/2025\/03\/test-equipment.webp-1.webp 1600w, https:\/\/www.hydraulic-cylinders.net\/wp-content\/uploads\/2025\/03\/test-equipment.webp-1-1280x973.webp 1280w, https:\/\/www.hydraulic-cylinders.net\/wp-content\/uploads\/2025\/03\/test-equipment.webp-1-980x745.webp 980w, https:\/\/www.hydraulic-cylinders.net\/wp-content\/uploads\/2025\/03\/test-equipment.webp-1-480x365.webp 480w\" sizes=\"(min-width: 0px) and (max-width: 480px) 480px, (min-width: 481px) and (max-width: 980px) 980px, (min-width: 981px) and (max-width: 1280px) 1280px, (min-width: 1281px) 1600px, 100vw\" \/><\/p>\n<p>Unser Unternehmen betrachtet Qualit\u00e4t als Grundlage unseres Erfolgs. Um diesem Anspruch gerecht zu werden, haben wir in modernste Pr\u00fcf- und Laborausr\u00fcstung investiert und werden dabei von einem Team hochqualifizierter Fachleute aus Wissenschaft und Technik unterst\u00fctzt.<\/p>\n<p>Wir verf\u00fcgen \u00fcber ein strenges Qualit\u00e4tsmanagementsystem, das den Industriestandards entspricht und sicherstellt, dass jede von uns produzierte Produktcharge den h\u00f6chsten Qualit\u00e4tskriterien entspricht. Durch die Standardisierung unserer Abl\u00e4ufe und die kontinuierliche \u00dcberwachung unserer Prozesse stellen wir sicher, dass unsere Kunden nur das Beste erhalten.<\/p>\n<p>Dieses konsequente Qualit\u00e4tsbewusstsein steigert nicht nur die Zuverl\u00e4ssigkeit unserer Produkte, sondern schafft auch Vertrauen und Zufriedenheit bei unseren Kunden. Wir sind \u00fcberzeugt, dass wir durch die Priorisierung von Spitzenleistungen in allen Bereichen unserer Produktion zum Erfolg unserer Partner und der gesamten Branche beitragen. Gemeinsam streben wir nach Innovation und Qualit\u00e4t, die langfristig Bestand hat.<\/p>\n<h2><strong>Produktionsstandort f\u00fcr Hydraulikzylinder:<\/strong><\/h2>\n<p>Unser Unternehmen ist ein f\u00fchrender Hersteller von Hydraulikzylindern und verf\u00fcgt \u00fcber eigene, unabh\u00e4ngige Forschungs-, Entwicklungs- und Konstruktionskapazit\u00e4ten. Mit einem hochmodernen Maschinenpark mit \u00fcber 170 Werkzeugmaschinen, CNC-Maschinen, Bearbeitungszentren, Schwei\u00dfger\u00e4ten und speziellen Pr\u00fcf- und Inspektionswerkzeugen sind wir bestens ger\u00fcstet, um den vielf\u00e4ltigen Anforderungen der Industrie gerecht zu werden.<\/p>\n<p>Durch jahrelange technologische Expertise und Prozessoptimierung haben wir einen ausgereiften Produktionsprozess etabliert, der Forschung und Entwicklung nahtlos in die Fertigung integriert. Diese Integration ist zu unserem wichtigsten Wettbewerbsvorteil geworden und erm\u00f6glicht es uns, eine breite Palette ma\u00dfgeschneiderter Hydraulikzylinder zu entwickeln und zu produzieren, die den spezifischen Kundenanforderungen gerecht werden.<\/p>\n<p>Unsere Produkte finden breite Anwendung in verschiedenen Branchen, darunter Landmaschinen, Baumaschinen, Fahrzeuge, Stra\u00dfenbau und Spezialmaschinen. Wir unterst\u00fctzen zahlreiche OEMs, darunter Bonong Xingda, Bojin Hummer, Jilin Ruifeng, Debang Dawei, Shandong Yineng Heavy Industry, Tai'an Modern Heavy Industry und die Shifeng Group.<\/p>\n<p><img loading=\"lazy\" decoding=\"async\" class=\"alignnone size-full wp-image-17290\" src=\"https:\/\/www.hydraulic-cylinders.net\/wp-content\/uploads\/2025\/03\/production-site-1.webp\" alt=\"\" width=\"1971\" height=\"2253\" srcset=\"https:\/\/www.hydraulic-cylinders.net\/wp-content\/uploads\/2025\/03\/production-site-1.webp 1971w, https:\/\/www.hydraulic-cylinders.net\/wp-content\/uploads\/2025\/03\/production-site-1-1280x1463.webp 1280w, https:\/\/www.hydraulic-cylinders.net\/wp-content\/uploads\/2025\/03\/production-site-1-980x1120.webp 980w, https:\/\/www.hydraulic-cylinders.net\/wp-content\/uploads\/2025\/03\/production-site-1-480x549.webp 480w\" sizes=\"(min-width: 0px) and (max-width: 480px) 480px, (min-width: 481px) and (max-width: 980px) 980px, (min-width: 981px) and (max-width: 1280px) 1280px, (min-width: 1281px) 1971px, 100vw\" \/><\/p>\n<p>Wir legen Wert auf herausragenden Service durch eine strenge Qualit\u00e4tspolitik, die kontinuierliche Innovation in Forschung und Entwicklung, Management, Qualit\u00e4tskontrolle und Kundenservice priorisiert. Unser Qualit\u00e4tsanspruch wurde mit der ISO\/TS16949-Zertifizierung anerkannt. Sie stellt sicher, dass wir die Erwartungen unserer Kunden nicht nur erf\u00fcllen, sondern kontinuierlich \u00fcbertreffen.<\/p>\n<p>Auch in Zukunft werden wir unsere Technologie weiterentwickeln und unsere Kapazit\u00e4ten erweitern. Dabei ist es unser Ziel, unseren Kunden stets Produkte und Dienstleistungen von h\u00f6chster Qualit\u00e4t zu bieten. Gemeinsam schaffen wir ein Erbe der Exzellenz in der Hydraulikzylinderindustrie.<\/p>","protected":false},"excerpt":{"rendered":"<p>Main And Auxiliary Lifting Cylinders For No Tillage Machines \u00a0 Main and auxiliary lifting cylinders play a crucial role in the effective operation of no-tillage machines, significantly enhancing their performance in various agricultural tasks. These hydraulic cylinders deliver exceptional efficiency in lifting and lowering essential components, ensuring smooth and reliable functionality during critical operations such [&hellip;]<\/p>","protected":false},"featured_media":17308,"comment_status":"open","ping_status":"closed","template":"","meta":{"_et_pb_use_builder":"","_et_pb_old_content":"","_et_gb_content_width":""},"product_brand":[],"product_cat":[1530,1549,1376],"product_tag":[],"class_list":{"0":"post-17331","1":"product","2":"type-product","3":"status-publish","4":"has-post-thumbnail","6":"product_cat-no-tillage-machinery-hydraulic-cylinders","7":"product_cat-single-acting-hydraulic-cylinder","8":"product_cat-hydraulic-cylinder","10":"first","11":"instock","12":"shipping-taxable","13":"product-type-simple"},"amp_enabled":true,"_links":{"self":[{"href":"https:\/\/www.hydraulic-cylinders.net\/de\/wp-json\/wp\/v2\/product\/17331","targetHints":{"allow":["GET"]}}],"collection":[{"href":"https:\/\/www.hydraulic-cylinders.net\/de\/wp-json\/wp\/v2\/product"}],"about":[{"href":"https:\/\/www.hydraulic-cylinders.net\/de\/wp-json\/wp\/v2\/types\/product"}],"replies":[{"embeddable":true,"href":"https:\/\/www.hydraulic-cylinders.net\/de\/wp-json\/wp\/v2\/comments?post=17331"}],"wp:featuredmedia":[{"embeddable":true,"href":"https:\/\/www.hydraulic-cylinders.net\/de\/wp-json\/wp\/v2\/media\/17308"}],"wp:attachment":[{"href":"https:\/\/www.hydraulic-cylinders.net\/de\/wp-json\/wp\/v2\/media?parent=17331"}],"wp:term":[{"taxonomy":"product_brand","embeddable":true,"href":"https:\/\/www.hydraulic-cylinders.net\/de\/wp-json\/wp\/v2\/product_brand?post=17331"},{"taxonomy":"product_cat","embeddable":true,"href":"https:\/\/www.hydraulic-cylinders.net\/de\/wp-json\/wp\/v2\/product_cat?post=17331"},{"taxonomy":"product_tag","embeddable":true,"href":"https:\/\/www.hydraulic-cylinders.net\/de\/wp-json\/wp\/v2\/product_tag?post=17331"}],"curies":[{"name":"wp","href":"https:\/\/api.w.org\/{rel}","templated":true}]}}