{"id":1749,"date":"2023-10-12T08:32:32","date_gmt":"2023-10-12T08:32:32","guid":{"rendered":"https:\/\/hydraulic-cylinders.net\/?post_type=product&#038;p=1749"},"modified":"2025-04-11T03:49:34","modified_gmt":"2025-04-11T03:49:34","slug":"injection-molding-machine-reciprocating-cylinder","status":"publish","type":"product","link":"https:\/\/www.hydraulic-cylinders.net\/de\/produkt\/injection-molding-machine-reciprocating-cylinder\/","title":{"rendered":"Hubzylinder der Spritzgie\u00dfmaschine"},"content":{"rendered":"<h1 style=\"text-align: center;\"><strong>Hubzylinder der Spritzgie\u00dfmaschine<\/strong><\/h1>\n<p><img loading=\"lazy\" decoding=\"async\" class=\"aligncenter wp-image-1750\" src=\"https:\/\/hydraulic-cylinders.net\/wp-content\/uploads\/2023\/10\/reciprocating-cylinder-1-300x300.webp\" alt=\"\" width=\"400\" height=\"400\" \/><\/p>\n<p>Der Hubzylinder der Spritzgie\u00dfmaschine ist eine entscheidende Komponente im Kunststoffspritzgie\u00dfprozess. Dieser Spezialzylinder erm\u00f6glicht die Hin- und Herbewegung der Spritzeinheit, die f\u00fcr eine pr\u00e4zise und effiziente Produktion unerl\u00e4sslich ist.<\/p>\n<p>Der Hubzylinder einer Spritzgie\u00dfmaschine ist eine entscheidende Komponente und erm\u00f6glicht die pr\u00e4zise und effiziente Hubbewegung der Spritzeinheit. Dank seiner robusten Konstruktion, der speziellen Hubbewegung, der schnellen Betriebsweise sowie der einstellbaren Hubl\u00e4nge und -kraft gew\u00e4hrleistet dieser Zylinder zuverl\u00e4ssige und optimierte Bewegungen der Spritzeinheit. Durch die Einhaltung der empfohlenen Anwendungs- und Wartungsmethoden k\u00f6nnen Hersteller die Leistung und Lebensdauer des Hubzylinders maximieren und somit letztendlich die Pr\u00e4zision, Effizienz und Gesamtqualit\u00e4t der Kunststoffspritzgie\u00dfprozesse verbessern.<\/p>\n<p>Hauptmerkmale des Hubzylinders einer Spritzgie\u00dfmaschine:<\/p>\n<ol>\n<li>Robuste Konstruktion:<\/li>\n<\/ol>\n<ul>\n<li>Der Hubzylinder der Spritzgie\u00dfmaschine ist aus hochwertigen Materialien gefertigt, was Langlebigkeit und Robustheit auch unter anspruchsvollen Produktionsbedingungen gew\u00e4hrleistet.<\/li>\n<li>Es ist so konzipiert, dass es hohen Kr\u00e4ften und wiederholten Bewegungen standh\u00e4lt und \u00fcber l\u00e4ngere Nutzungszeiten eine gleichbleibende Leistung erbringt.<\/li>\n<\/ul>\n<ol start=\"2\">\n<li>Pr\u00e4zise Hin- und Herbewegung:<\/li>\n<\/ol>\n<ul>\n<li>Dieser Zylinder erm\u00f6glicht eine pr\u00e4zise Steuerung der Hin- und Herbewegung der Einspritzeinheit und gew\u00e4hrleistet so eine genaue Positionierung und Ausrichtung.<\/li>\n<li>Es erm\u00f6glicht die Anpassung der Hubgeschwindigkeit, was optimierte Produktionszyklen und eine Minimierung von Teilefehlern erm\u00f6glicht.<\/li>\n<\/ul>\n<ol start=\"3\">\n<li>Schneller und effizienter Betrieb:<\/li>\n<\/ol>\n<ul>\n<li>Der Hubzylinder der Spritzgie\u00dfmaschine erm\u00f6glicht schnelle Hin- und Herbewegungen, wodurch die Produktionszeit verk\u00fcrzt und die Gesamtproduktivit\u00e4t erh\u00f6ht wird.<\/li>\n<li>Es gew\u00e4hrleistet eine schnelle und zuverl\u00e4ssige Bewegung der Einspritzeinheit, erm\u00f6glicht schnellere Einspritzzyklen und maximiert den Produktionsaussto\u00df.<\/li>\n<\/ul>\n<ol start=\"4\">\n<li>Einstellbare Hubl\u00e4nge und -kraft:<\/li>\n<\/ol>\n<ul>\n<li>Dieser Zylinder bietet eine einstellbare Hubl\u00e4nge und -kraft, um unterschiedlichen Einspritzeinheitengr\u00f6\u00dfen und Teileanforderungen gerecht zu werden.<\/li>\n<li>Es erm\u00f6glicht Flexibilit\u00e4t im Betrieb der Spritzgie\u00dfanlage und gew\u00e4hrleistet eine optimale Plastifizierung und Einspritzung ohne Besch\u00e4digung.<\/li>\n<\/ul>\n<h2><strong>Parameter des Hubzylinders einer Spritzgie\u00dfmaschine:<\/strong><\/h2>\n<table border=\"1\" cellspacing=\"0\" cellpadding=\"0\">\n<tbody>\n<tr>\n<td>Produktname<\/td>\n<td>Hubzylinder der Spritzgie\u00dfmaschine<\/td>\n<\/tr>\n<tr>\n<td>Merkmale:<\/td>\n<td>Schneller Formwechsel, auch Formwechselzylinder genannt<\/td>\n<\/tr>\n<tr>\n<td>Bohrungsdurchmesser:<\/td>\n<td>\u00a063 mm bis 180 mm<\/td>\n<\/tr>\n<tr>\n<td>Stangendurchmesser:<\/td>\n<td>\u00a045 mm bis 125 mm<br \/>\nHub \u2264 4000 mm<\/td>\n<\/tr>\n<tr>\n<td>Schubkraft:<\/td>\n<td>Maximal 407 kN<br \/>\n(Bohrungsdurchmesser: 180 mm \/ Druck: 16 MPa)<\/td>\n<\/tr>\n<tr>\n<td>Anwendungen:<\/td>\n<td>Spritzgie\u00dfmaschine<\/td>\n<\/tr>\n<\/tbody>\n<\/table>\n<div><\/div>\n<div>\n<div class=\"txtboxL\">\n<div class=\"txtboxL\">\n<div class=\"txtboxL\">\n<div class=\"txtboxL\">\n<div class=\"txtboxL\">\n<div class=\"txtboxL\">\n<div class=\"txtboxL\">Merkmale:<\/div>\n<div class=\"txtboxR\">Schneller Formwechsel, auch Formwechselzylinder genannt<\/div>\n<div class=\"txtboxL\">Spezifikation:<\/div>\n<div class=\"txtboxR\">Bohrungsdurchmesser: 63 mm bis 180 mm<br \/>\nStangendurchmesser: 45 mm bis 125 mm<br \/>\nHub \u2264 4000 mm<\/div>\n<div class=\"txtboxL\">Schubkraft:<\/div>\n<div class=\"txtboxR\">Maximal 407 kN<br \/>\n(Bohrungsdurchmesser: 180 mm \/ Druck: 16 MPa)<\/div>\n<\/div>\n<\/div>\n<\/div>\n<\/div>\n<\/div>\n<\/div>\n<\/div>\n<h2><strong>Zementausr\u00fcstung <\/strong><strong>Zylinderfabrik:<\/strong><\/h2>\n<p><img loading=\"lazy\" decoding=\"async\" class=\"alignnone wp-image-1734 size-full\" src=\"https:\/\/hydraulic-cylinders.net\/wp-content\/uploads\/2023\/10\/cement-equipment-cylinder-1.webp\" alt=\"\" width=\"1418\" height=\"946\" srcset=\"https:\/\/hydraulic-cylinders.net\/wp-content\/uploads\/2023\/10\/cement-equipment-cylinder-1.webp 1418w, https:\/\/hydraulic-cylinders.net\/wp-content\/uploads\/2023\/10\/cement-equipment-cylinder-1-1280x854.webp 1280w, https:\/\/hydraulic-cylinders.net\/wp-content\/uploads\/2023\/10\/cement-equipment-cylinder-1-980x654.webp 980w, https:\/\/hydraulic-cylinders.net\/wp-content\/uploads\/2023\/10\/cement-equipment-cylinder-1-480x320.webp 480w\" sizes=\"(min-width: 0px) and (max-width: 480px) 480px, (min-width: 481px) and (max-width: 980px) 980px, (min-width: 981px) and (max-width: 1280px) 1280px, (min-width: 1281px) 1418px, 100vw\" \/><\/p>\n<h2><strong>Anwendungsmethode des Hubzylinders einer Spritzgie\u00dfmaschine<\/strong><strong>:<\/strong><\/h2>\n<ol>\n<li><strong>Installation:<\/strong><\/li>\n<\/ol>\n<ul>\n<li>Befolgen Sie die Anweisungen des Herstellers, um den Hubzylinder der Spritzgie\u00dfmaschine sicher an der Maschine zu montieren.<\/li>\n<li>Sorgen Sie f\u00fcr die korrekte Ausrichtung und Befestigung am Hubmechanismus der Maschine, um einen reibungslosen Ablauf beim Formgebungsprozess zu gew\u00e4hrleisten.<\/li>\n<\/ul>\n<ol start=\"2\">\n<li><strong>Einstellen der Hubparameter:<\/strong><\/li>\n<\/ol>\n<ul>\n<li>Nutzen Sie das Bedienfeld oder die Benutzeroberfl\u00e4che der Maschine, um die Parameter der Hubbewegung wie Geschwindigkeit, Hubl\u00e4nge und Kraft anzupassen.<\/li>\n<li>Spezifische Richtlinien zur Einstellung der geeigneten Parameter basierend auf der Konstruktion der Einspritzeinheit und den Teilespezifikationen finden Sie in der Bedienungsanleitung der Maschine.<\/li>\n<\/ul>\n<ol start=\"3\">\n<li><strong>Formvorbereitung:<\/strong><\/li>\n<\/ol>\n<ul>\n<li>Richten Sie die Form in der Spritzgie\u00dfmaschine ein und achten Sie dabei auf die korrekte Ausrichtung und Klemmung.<\/li>\n<li>Befestigen Sie die Spritzeinheit an der Form, um eine sichere und zuverl\u00e4ssige Verbindung zu gew\u00e4hrleisten und so eine pr\u00e4zise Plastifizierung und Einspritzung zu erm\u00f6glichen.<\/li>\n<\/ul>\n<ol start=\"4\">\n<li><strong>Hin- und Herbewegung:<\/strong><\/li>\n<\/ol>\n<ul>\n<li>Den Formgebungsprozess durch Aktivierung der Spritzgie\u00dfmaschine einleiten.<\/li>\n<li>Der Hubzylinder der Spritzgie\u00dfmaschine steuert die Hubbewegung der Spritzeinheit und gew\u00e4hrleistet so pr\u00e4zise und gleichm\u00e4\u00dfige Bewegungen.<\/li>\n<li>Stellen Sie sicher, dass Hubl\u00e4nge und Kraft so eingestellt sind, dass die gew\u00fcnschte Hin- und Herbewegung erreicht wird, ohne dass dabei Sch\u00e4den entstehen.<\/li>\n<\/ul>\n<h2><strong>Wie baut man einen Hydraulikzylinder im Schaltplan wieder auf?<\/strong><\/h2>\n<ol>\n<li><strong>Demontage:<\/strong>\n<ul>\n<li>Beginnen Sie damit, den Hydraulikzylinder aus dem Ger\u00e4t oder der Maschine auszubauen.<\/li>\n<li>Alle am Zylinder befestigten Hydraulikleitungen und -armaturen m\u00fcssen vorsichtig getrennt werden.<\/li>\n<li>Beachten Sie die Ausrichtung und Position des Zylinders f\u00fcr den Wiedereinbau.<\/li>\n<\/ul>\n<\/li>\n<li><strong>Ablassfl\u00fcssigkeit:<\/strong>\n<ul>\n<li>Stellen Sie einen geeigneten Beh\u00e4lter unter den Zylinder, um eventuell verbleibende Hydraulikfl\u00fcssigkeit aufzufangen.<\/li>\n<li>Den Zylinder vollst\u00e4ndig aus- oder einfahren, damit die Fl\u00fcssigkeit vollst\u00e4ndig ablaufen kann.<\/li>\n<\/ul>\n<\/li>\n<li><strong>Endkappen entfernen:<\/strong>\n<ul>\n<li>Suchen Sie die Endkappen am Zylinder.<\/li>\n<li>Je nach Zylinderkonstruktion m\u00fcssen Sie m\u00f6glicherweise Befestigungsschrauben, Sprengringe oder andere Befestigungselemente entfernen, um die Endkappen zu l\u00f6sen.<\/li>\n<li>Falls die Endkappen festsitzen, klopfen Sie vorsichtig mit einem Gummihammer darauf. Achten Sie dabei darauf, keine Bauteile zu besch\u00e4digen.<\/li>\n<\/ul>\n<\/li>\n<li><strong>Kolben und Pleuelstange ausbauen:<\/strong>\n<ul>\n<li>Sobald die Endkappen entfernt sind, schieben Sie die Kolben- und Pleuelstangenbaugruppe vorsichtig heraus.<\/li>\n<li>Beachten Sie die Ausrichtung und Anordnung von Dichtungen, Lagern und anderen Bauteilen.<\/li>\n<\/ul>\n<\/li>\n<li><strong>Komponenten pr\u00fcfen:<\/strong>\n<ul>\n<li>Pr\u00fcfen Sie alle Bauteile sorgf\u00e4ltig auf Verschlei\u00df, Besch\u00e4digungen oder Anzeichen von Undichtigkeiten.<\/li>\n<li>Pr\u00fcfen Sie Kolben, Pleuelstange, Zylinderlaufbahn, Dichtungen, Lager und andere Teile auf etwaige M\u00e4ngel, die einen Austausch erforderlich machen k\u00f6nnten.<\/li>\n<\/ul>\n<\/li>\n<li><strong>Dichtungen und Bauteile austauschen:<\/strong>\n<ul>\n<li>Ersetzen Sie abgenutzte oder besch\u00e4digte Dichtungen, Lager oder andere Bauteile durch neue, die mit dem Zylinder kompatibel sind.<\/li>\n<li>Vor der Installation muss f\u00fcr eine ordnungsgem\u00e4\u00dfe Schmierung der Dichtungen und Bauteile gesorgt werden.<\/li>\n<\/ul>\n<\/li>\n<li><strong>Zusammenbau:<\/strong>\n<ul>\n<li>Setzen Sie die Kolben- und Pleuelstangenbaugruppe vorsichtig wieder in die Zylinderbohrung ein.<\/li>\n<li>Verwenden Sie ein geeignetes Montageschmiermittel, um den Zusammenbau zu erleichtern.<\/li>\n<li>Richten Sie die Endkappen aus und montieren Sie alle erforderlichen Befestigungselemente unter Einhaltung der vorgeschriebenen Drehmomente.<\/li>\n<\/ul>\n<\/li>\n<li><strong>Testen und neu installieren:<\/strong>\n<ul>\n<li>Nach dem Wiederzusammenbau des Zylinders ist eine gr\u00fcndliche Inspektion durchzuf\u00fchren, um sicherzustellen, dass alle Komponenten ordnungsgem\u00e4\u00df installiert und ausgerichtet sind.<\/li>\n<li>Schlie\u00dfen Sie alle Hydraulikleitungen oder -armaturen wieder an, die w\u00e4hrend des Demontagevorgangs getrennt wurden.<\/li>\n<li>Pr\u00fcfen Sie den \u00fcberholten Hydraulikzylinder auf ordnungsgem\u00e4\u00dfe Funktion und Dichtheit.<\/li>\n<li>Wenn der Zylinder ordnungsgem\u00e4\u00df funktioniert, bauen Sie ihn wieder in das Ger\u00e4t oder die Maschine ein.<\/li>\n<\/ul>\n<\/li>\n<\/ol>\n<h2><strong>F\u00e4higkeit und Kapazit\u00e4t der Fabrik:<\/strong><\/h2>\n<h3>(1) Montage<\/h3>\n<p>Wir verf\u00fcgen \u00fcber eine erstklassige, unabh\u00e4ngige Forschungs- und Entwicklungsmontageplattform. Die Hydraulikzylinder-Produktionswerkstatt verf\u00fcgt \u00fcber vier halbautomatische Montagelinien f\u00fcr Hubzylinder und eine automatische Montagelinie f\u00fcr Kippzylinder mit einer geplanten j\u00e4hrlichen Produktionskapazit\u00e4t von 1 Million St\u00fcck. Die Spezialzylinderwerkstatt ist mit verschiedenen Spezifikationen eines halbautomatischen Reinigungsmontagesystems mit einer geplanten j\u00e4hrlichen Produktionskapazit\u00e4t von 200.000 ausgestattet und mit renommierten CNC-Bearbeitungsger\u00e4ten, einem Bearbeitungszentrum, einer hochpr\u00e4zisen Spezialausr\u00fcstung f\u00fcr die Zylinderverarbeitung, einer Roboterschwei\u00dfmaschine, einer automatischen Reinigungsmaschine, einer automatischen Zylindermontagemaschine und einer automatischen Lackierproduktionslinie ausgestattet. Es sind mehr als 300 Sets (S\u00e4tze) an kritischer Ausr\u00fcstung vorhanden. Die optimale Zuweisung und effiziente Nutzung der Ausr\u00fcstungsressourcen gew\u00e4hrleistet die Genauigkeitsanforderungen der Produkte und erf\u00fcllt die hohen Qualit\u00e4tsanforderungen der Produkte.<\/p>\n<p><img loading=\"lazy\" decoding=\"async\" class=\"alignnone wp-image-626\" src=\"https:\/\/hydraulic-cylinders.net\/wp-content\/uploads\/2023\/08\/hydraulic-cylinder-product-1-300x158.webp\" alt=\"\" width=\"495\" height=\"260\" srcset=\"https:\/\/hydraulic-cylinders.net\/wp-content\/uploads\/2023\/08\/hydraulic-cylinder-product-1-300x158.webp 495w, https:\/\/hydraulic-cylinders.net\/wp-content\/uploads\/2023\/08\/hydraulic-cylinder-product-1-480x252.webp 480w\" sizes=\"(min-width: 0px) and (max-width: 480px) 480px, (min-width: 481px) 495px, 100vw\" \/> <img loading=\"lazy\" decoding=\"async\" class=\"alignnone wp-image-627\" src=\"https:\/\/hydraulic-cylinders.net\/wp-content\/uploads\/2023\/08\/hydraulic-cylinder-product-2-300x189.webp\" alt=\"\" width=\"413\" height=\"260\" \/><\/p>\n<h3>(2) Bearbeitungen<\/h3>\n<p>Die Bearbeitungswerkstatt ist mit einem ma\u00dfgeschneiderten Schr\u00e4gschienen-Drehzentrum, einem Bearbeitungszentrum, einer Hochgeschwindigkeits-Honmaschine, einem Schwei\u00dfroboter und anderen zugeh\u00f6rigen Ger\u00e4ten ausgestattet, die die Bearbeitung von Zylinderrohren mit einem maximalen Innendurchmesser von 400 mm und einer maximalen L\u00e4nge von 6 Metern erm\u00f6glichen.<\/p>\n<p><img loading=\"lazy\" decoding=\"async\" class=\"alignnone wp-image-628 size-large\" src=\"https:\/\/hydraulic-cylinders.net\/wp-content\/uploads\/2023\/08\/hydraulic-cylinder-product-3-1024x391.webp\" alt=\"\" width=\"1024\" height=\"391\" srcset=\"https:\/\/hydraulic-cylinders.net\/wp-content\/uploads\/2023\/08\/hydraulic-cylinder-product-3-980x374.webp 980w, https:\/\/hydraulic-cylinders.net\/wp-content\/uploads\/2023\/08\/hydraulic-cylinder-product-3-480x183.webp 480w\" sizes=\"(min-width: 0px) and (max-width: 480px) 480px, (min-width: 481px) and (max-width: 980px) 980px, (min-width: 981px) 1024px, 100vw\" \/><\/p>\n<h3>(3) Schwei\u00dfen<\/h3>\n<p><img loading=\"lazy\" decoding=\"async\" class=\"alignnone wp-image-629 size-large\" src=\"https:\/\/hydraulic-cylinders.net\/wp-content\/uploads\/2023\/08\/hydraulic-cylinder-product-4-1024x510.webp\" alt=\"\" width=\"1024\" height=\"510\" srcset=\"https:\/\/hydraulic-cylinders.net\/wp-content\/uploads\/2023\/08\/hydraulic-cylinder-product-4-980x488.webp 980w, https:\/\/hydraulic-cylinders.net\/wp-content\/uploads\/2023\/08\/hydraulic-cylinder-product-4-480x239.webp 480w\" sizes=\"(min-width: 0px) and (max-width: 480px) 480px, (min-width: 481px) and (max-width: 980px) 980px, (min-width: 981px) 1024px, 100vw\" \/><\/p>\n<h3>(4) Malerei und Beschichtung<\/h3>\n<p>Mit kleinen und mittleren Zylinder automatische Lackieranlagen auf Wasserbasis, zu erreichen automatische Roboter Be-und Entladen und automatische Spritzen, die Design-Kapazit\u00e4t von 4000 St\u00fcck pro Schicht;<br \/>\nWir verf\u00fcgen auch \u00fcber eine halbautomatische Lackieranlage f\u00fcr gro\u00dfe Zylinder, die von einer Energiekette angetrieben wird und eine Kapazit\u00e4t von 60 Kisten pro Schicht hat.<\/p>\n<p><img loading=\"lazy\" decoding=\"async\" class=\"alignnone wp-image-630\" src=\"https:\/\/hydraulic-cylinders.net\/wp-content\/uploads\/2023\/08\/hydraulic-cylinder-product-5-300x213.webp\" alt=\"\" width=\"366\" height=\"260\" \/> <img loading=\"lazy\" decoding=\"async\" class=\"alignnone wp-image-631\" src=\"https:\/\/hydraulic-cylinders.net\/wp-content\/uploads\/2023\/08\/hydraulic-cylinder-product-6-300x225.webp\" alt=\"\" width=\"347\" height=\"260\" \/><\/p>\n<h3>(5) Pr\u00fcfung<\/h3>\n<p>Wir verf\u00fcgen \u00fcber erstklassige Pr\u00fcfeinrichtungen und Pr\u00fcfst\u00e4nde, um sicherzustellen, dass die Leistung des Zylinders den Anforderungen entspricht.<\/p>\n<p><img loading=\"lazy\" decoding=\"async\" class=\"alignnone wp-image-632\" src=\"https:\/\/hydraulic-cylinders.net\/wp-content\/uploads\/2023\/08\/hydraulic-cylinder-product-8-300x200.webp\" alt=\"\" width=\"389\" height=\"260\" \/><\/p>\n<p>&nbsp;<\/p>\n<p>&nbsp;<\/p>\n<p>Wir sind einer der besten Hydraulikzylinderhersteller. Wir k\u00f6nnen umfassende Hydraulikzylinder anbieten. Wir bieten auch entsprechende <a href=\"https:\/\/hzpt.com\/agricultural-pto-gearbox\/\" target=\"_blank\" rel=\"noopener\">landwirtschaftliche Getriebe<\/a>. Wir haben unsere Produkte an Kunden weltweit exportiert und uns aufgrund unserer hervorragenden Produktqualit\u00e4t und unseres Kundendienstes einen guten Ruf erworben. Wir begr\u00fc\u00dfen Kunden im In- und Ausland, die uns kontaktieren, um Gesch\u00e4fte zu verhandeln, Informationen auszutauschen und <a href=\"https:\/\/www.hydraulic-cylinders.net\/de\/contact-us\/\">mit uns zusammenarbeiten<\/a>!<\/p>","protected":false},"excerpt":{"rendered":"<p>Injection Molding Machine Reciprocating Cylinder The injection molding machine reciprocating cylinder is a crucial component in the plastic injection molding process. This specialized cylinder is designed to facilitate the reciprocating movement of the injection unit, which is vital in ensuring precise and efficient production. The injection molding machine reciprocating cylinder is a critical component in [&hellip;]<\/p>","protected":false},"featured_media":1751,"comment_status":"open","ping_status":"closed","template":"","meta":{"_et_pb_use_builder":"","_et_pb_old_content":"","_et_gb_content_width":""},"product_brand":[],"product_cat":[1550,1523,1376],"product_tag":[1380],"class_list":{"0":"post-1749","1":"product","2":"type-product","3":"status-publish","4":"has-post-thumbnail","6":"product_cat-double-acting-hydraulic-cylinder","7":"product_cat-injection-molding-hydraulic-cylinders","8":"product_cat-hydraulic-cylinder","9":"product_tag-hydraulic-cylinder","11":"first","12":"instock","13":"shipping-taxable","14":"product-type-simple"},"amp_enabled":true,"_links":{"self":[{"href":"https:\/\/www.hydraulic-cylinders.net\/de\/wp-json\/wp\/v2\/product\/1749","targetHints":{"allow":["GET"]}}],"collection":[{"href":"https:\/\/www.hydraulic-cylinders.net\/de\/wp-json\/wp\/v2\/product"}],"about":[{"href":"https:\/\/www.hydraulic-cylinders.net\/de\/wp-json\/wp\/v2\/types\/product"}],"replies":[{"embeddable":true,"href":"https:\/\/www.hydraulic-cylinders.net\/de\/wp-json\/wp\/v2\/comments?post=1749"}],"wp:featuredmedia":[{"embeddable":true,"href":"https:\/\/www.hydraulic-cylinders.net\/de\/wp-json\/wp\/v2\/media\/1751"}],"wp:attachment":[{"href":"https:\/\/www.hydraulic-cylinders.net\/de\/wp-json\/wp\/v2\/media?parent=1749"}],"wp:term":[{"taxonomy":"product_brand","embeddable":true,"href":"https:\/\/www.hydraulic-cylinders.net\/de\/wp-json\/wp\/v2\/product_brand?post=1749"},{"taxonomy":"product_cat","embeddable":true,"href":"https:\/\/www.hydraulic-cylinders.net\/de\/wp-json\/wp\/v2\/product_cat?post=1749"},{"taxonomy":"product_tag","embeddable":true,"href":"https:\/\/www.hydraulic-cylinders.net\/de\/wp-json\/wp\/v2\/product_tag?post=1749"}],"curies":[{"name":"wp","href":"https:\/\/api.w.org\/{rel}","templated":true}]}}