{"id":1752,"date":"2023-10-13T02:41:02","date_gmt":"2023-10-13T02:41:02","guid":{"rendered":"https:\/\/hydraulic-cylinders.net\/?post_type=product&#038;p=1752"},"modified":"2025-04-15T05:55:30","modified_gmt":"2025-04-15T05:55:30","slug":"cutter-suction-dredger-traveling-cylinders","status":"publish","type":"product","link":"https:\/\/www.hydraulic-cylinders.net\/de\/produkt\/cutter-suction-dredger-traveling-cylinders\/","title":{"rendered":"Fahrzylinder f\u00fcr Schneidkopf-Saugbagger"},"content":{"rendered":"<h1 style=\"text-align: center;\"><strong>Fahrzylinder f\u00fcr Schneidkopf-Saugbagger<\/strong><\/h1>\n<p><img loading=\"lazy\" decoding=\"async\" class=\"aligncenter wp-image-1753\" src=\"https:\/\/hydraulic-cylinders.net\/wp-content\/uploads\/2023\/10\/cutter-suction-dredger-the-traveling-cylinders-1-300x300.webp\" alt=\"\" width=\"400\" height=\"400\" \/><\/p>\n<p>Die Fahrzylinder von Schneidkopfsaugbaggern sind unverzichtbare Komponenten moderner Baggerarbeiten. Sie wurden entwickelt, um Effizienz und Produktivit\u00e4t zu steigern und spielen eine entscheidende Rolle im Schneidkopfsaugbaggerverfahren.<\/p>\n<p>Die Fahrzylinder von Saugbaggern sind unverzichtbare Komponenten f\u00fcr effiziente und produktive Baggerarbeiten. Dank ihrer robusten Konstruktion, pr\u00e4zisen Fahrbewegung, kraftvollen Antriebskraft und flexiblen Einstellm\u00f6glichkeiten erm\u00f6glichen diese Zylinder eine reibungslose und genaue Bewegung des Baggers und optimieren so die Baggerleistung. Durch die Einhaltung der empfohlenen Einsatz- und Wartungsmethoden k\u00f6nnen die Bediener die Leistung und Lebensdauer der Fahrzylinder maximieren und damit letztendlich die Effizienz und Effektivit\u00e4t des Saugbaggprozesses steigern.<\/p>\n<p>Hauptmerkmale der Fahrzylinder des Schneidkopf-Saugbaggers:<\/p>\n<ol>\n<li>Robuste Konstruktion:<\/li>\n<\/ol>\n<ul>\n<li>Die Fahrzylinder sind aus hochwertigen Materialien gefertigt, was auch unter anspruchsvollen Baggerbedingungen f\u00fcr Langlebigkeit und Robustheit sorgt.<br \/>\nSie sind so konstruiert, dass sie hohem Druck, abrasiven Materialien und st\u00e4ndiger Bewegung standhalten und w\u00e4hrend des gesamten Baggervorgangs eine gleichbleibende Leistung erbringen.<\/li>\n<\/ul>\n<ol start=\"2\">\n<li>Pr\u00e4zise Bewegungsausf\u00fchrung:<\/li>\n<\/ol>\n<ul>\n<li>Diese Zylinder erm\u00f6glichen eine pr\u00e4zise Steuerung der Fahrbewegung des Schneidkopf-Saugbaggers und gew\u00e4hrleisten so eine genaue Positionierung und reibungslose Bewegung w\u00e4hrend der Baggerarbeiten.<\/li>\n<li>Sie erm\u00f6glichen die Anpassung der Fahrgeschwindigkeit und damit eine effiziente Navigation durch unterschiedliches Gel\u00e4nde sowie eine pr\u00e4zise Positionierung f\u00fcr effektives Ausbaggern.<\/li>\n<\/ul>\n<ol start=\"3\">\n<li>Leistungsstarker Antrieb:<\/li>\n<\/ol>\n<ul>\n<li>Die beweglichen Zylinder liefern dem Schneidkopf-Saugbagger einen kraftvollen Antrieb, der es ihm erm\u00f6glicht, sich reibungslos und effizient durch das Baggergebiet zu bewegen.<\/li>\n<li>Sie bieten hervorragenden Schub und Zugkraft, wodurch sichergestellt wird, dass der Bagger den Widerstand durch Sedimente \u00fcberwinden und einen stetigen Vortrieb beibehalten kann.<\/li>\n<\/ul>\n<ol start=\"4\">\n<li>Flexible Anpassung:<\/li>\n<\/ol>\n<ul>\n<li>Diese Zylinder erm\u00f6glichen eine flexible Anpassung der Fahrparameter des Schneidkopf-Saugbaggers, wie z. B. Geschwindigkeit, Richtung und Tiefe.<\/li>\n<li>Die Bediener k\u00f6nnen die Bewegungen des Baggers an die jeweiligen Baggeranforderungen anpassen und so die Effizienz des gesamten Betriebs optimieren.<\/li>\n<\/ul>\n<h2><strong>Parameter der Fahrzylinder des Schneidkopf-Saugbaggers:<\/strong><\/h2>\n<table border=\"1\" cellspacing=\"0\" cellpadding=\"0\">\n<tbody>\n<tr>\n<td>Produktname<\/td>\n<td>Schneidkopf-Saugbagger-Fahrzylinder<\/td>\n<\/tr>\n<tr>\n<td>Merkmale:<\/td>\n<td>Ist das wichtigste Ausf\u00fchrungselement des Fahrmechanismus des Schneidkopf-Saugbaggers<\/td>\n<\/tr>\n<tr>\n<td>Bohrungsdurchmesser:<\/td>\n<td>Bis zu 480 mm<\/td>\n<\/tr>\n<tr>\n<td>Stangendurchmesser:<\/td>\n<td>Bis zu 360 mm<br \/>\nHub bis zu 9400 mm<\/td>\n<\/tr>\n<tr>\n<td>Druck:<\/td>\n<td>bis zu 32 MPa<\/td>\n<\/tr>\n<tr>\n<td>Schubkraft:<\/td>\n<td>Maximal 2900 kN<\/td>\n<\/tr>\n<tr>\n<td>Anwendungen:<\/td>\n<td>Schneidkopf-Saugbagger<\/td>\n<\/tr>\n<\/tbody>\n<\/table>\n<div><\/div>\n<div>\n<div class=\"txtboxL\">\n<div class=\"txtboxL\">\n<div class=\"txtboxL\">\n<div class=\"txtboxL\">\n<div class=\"txtboxL\">\n<div class=\"txtboxL\">\n<div class=\"txtboxL\">\n<div class=\"txtboxL\">Merkmale:<\/div>\n<div class=\"txtboxR\">Ist das wichtigste Ausf\u00fchrungselement des Fahrmechanismus des Schneidkopf-Saugbaggers<\/div>\n<div class=\"txtboxL\">Spezifikation:<\/div>\n<div class=\"txtboxR\">Bohrungsdurchmesser: bis zu 480 mm<br \/>\nStangendurchmesser: bis 360mm<br \/>\nHub bis zu 9400 mm<\/div>\n<div class=\"txtboxL\">Druck:<\/div>\n<div class=\"txtboxR\">bis zu 32 MPa<\/div>\n<div class=\"txtboxL\">Schubkraft:<\/div>\n<div class=\"txtboxR\">Maximal 2900 kN<\/div>\n<\/div>\n<\/div>\n<\/div>\n<\/div>\n<\/div>\n<\/div>\n<\/div>\n<\/div>\n<h2><strong>Baggertank-Schneid-Saugzylinder Anwendung:<\/strong><\/h2>\n<p><img loading=\"lazy\" decoding=\"async\" class=\"alignnone wp-image-1757 size-full\" src=\"https:\/\/hydraulic-cylinders.net\/wp-content\/uploads\/2023\/10\/dredger-tank-cylinder-1.webp\" alt=\"\" width=\"600\" height=\"400\" srcset=\"https:\/\/hydraulic-cylinders.net\/wp-content\/uploads\/2023\/10\/dredger-tank-cylinder-1.webp 600w, https:\/\/hydraulic-cylinders.net\/wp-content\/uploads\/2023\/10\/dredger-tank-cylinder-1-480x320.webp 480w\" sizes=\"(min-width: 0px) and (max-width: 480px) 480px, (min-width: 481px) 600px, 100vw\" \/><\/p>\n<h2><strong>Verwendungsmethode der Schneidkopf-Saugbagger-Fahrzylinder<\/strong><strong>:<\/strong><\/h2>\n<ol>\n<li><strong>Installation:<\/strong><\/li>\n<\/ol>\n<ul>\n<li>Befolgen Sie die Anweisungen des Herstellers, um die Fahrzylinder sicher am Schneidkopf-Saugbagger zu montieren.<\/li>\n<li>Gew\u00e4hrleisten Sie die korrekte Ausrichtung und Befestigung am Antriebssystem des Baggers, um eine reibungslose und zuverl\u00e4ssige Fahrt zu erm\u00f6glichen.<\/li>\n<\/ul>\n<ol start=\"2\">\n<li><strong>Steuerung und Navigation:<\/strong><\/li>\n<\/ol>\n<ul>\n<li>Nutzen Sie das Bedienfeld oder die Benutzeroberfl\u00e4che des Baggers, um die Fahrparameter wie Geschwindigkeit, Richtung und Tiefe zu steuern.<\/li>\n<li>\u00dcberwachen Sie die Position des Baggers und passen Sie die Fahrgeschwindigkeit entsprechend an, um einen effizienten Fortschritt und eine pr\u00e4zise Positionierung f\u00fcr die Baggerarbeiten zu gew\u00e4hrleisten.<\/li>\n<\/ul>\n<ol start=\"3\">\n<li><strong>Baggerarbeiten:<\/strong><\/li>\n<\/ol>\n<ul>\n<li>Den Baggervorgang einleiten, indem der Schneidkopf-Saugbagger aktiviert und die Fahrzylinder f\u00fcr den Antrieb zugeschaltet werden.<\/li>\n<li>Man\u00f6vrieren Sie den Bagger durch das Baggergebiet und achten Sie dabei auf stetigen Fortschritt und pr\u00e4zise Positionierung f\u00fcr eine effektive Ausbaggerung und Materialgewinnung.<\/li>\n<li>Die Fahrparameter des Baggers m\u00fcssen so eingestellt werden, dass die Baggerleistung optimiert und den sich \u00e4ndernden Bedingungen angepasst wird.<\/li>\n<\/ul>\n<h2><strong>Wie entferne ich den Hydraulikzylinder vom Frontlader?<\/strong><\/h2>\n<p>Die genauen Schritte zum Ausbau eines Hydraulikzylinders aus einem Frontlader k\u00f6nnen je nach Marke und Modell des Laders variieren. Ich kann Ihnen jedoch eine allgemeine Vorgehensweise als guten Ausgangspunkt anbieten. Hier ist eine Schritt-f\u00fcr-Schritt-Anleitung:<\/p>\n<ol>\n<li><strong>Sicherheit geht vor:<\/strong> Stellen Sie sicher, dass der Lader ausgeschaltet ist, der Motor einwandfrei l\u00e4uft und der Lader sicher auf Unterstellb\u00f6cken oder Bl\u00f6cken steht.<\/li>\n<li><strong>Lokalisieren Sie den Hydraulikzylinder:<\/strong> Identifizieren Sie den Hydraulikzylinder, den Sie ausbauen m\u00f6chten. Er ist \u00fcblicherweise mit dem Hydrauliksystem des Laders verbunden und so positioniert, dass er die Bewegung einer bestimmten Funktion steuert, z. B. der Schaufel oder der Hubarme.<\/li>\n<li><strong>Hydraulikdruck entlasten:<\/strong> Um unerwartete Bewegungen zu vermeiden und Ihre Sicherheit zu gew\u00e4hrleisten, entlasten Sie das Hydrauliksystem. Dazu m\u00fcssen Sie in der Regel das Hydrauliksteuerventil des Laders finden und die Steuerung bet\u00e4tigen, um den Druck abzulassen. Genaue Anweisungen hierzu finden Sie in der Bedienungsanleitung des Laders.<\/li>\n<li><strong>Hydraulikschl\u00e4uche trennen:<\/strong> Die mit dem Zylinder verbundenen Hydraulikschl\u00e4uche vorsichtig trennen. Je nach Ausf\u00fchrung kann dies das L\u00f6sen und Entfernen von Hydraulikverschraubungen oder die Verwendung von Spezialwerkzeugen wie Schraubenschl\u00fcsseln oder Steckschl\u00fcssels\u00e4tzen erfordern.<\/li>\n<li><strong>Sicherungsstifte entfernen:<\/strong> Suchen Sie nach Sicherungsstiften oder -schrauben, mit denen der Zylinder am Rahmen des Laders oder an anderen Bauteilen befestigt ist. Entfernen Sie diese Stifte oder Schrauben, um den Zylinder zu l\u00f6sen.<\/li>\n<li><strong>St\u00fctzen Sie den Zylinder:<\/strong> Hydraulikzylinder k\u00f6nnen schwer sein, daher ist es wichtig, einen Plan f\u00fcr die Abst\u00fctzung des Zylinders beim Ausbau zu haben. Dies kann durch den Einsatz eines Hebezeugs, wie beispielsweise eines Krans oder eines Wagenhebers, erfolgen, um das Gewicht des Zylinders w\u00e4hrend des Ausbaus zu tragen.<\/li>\n<li><strong>Zylinder ausbauen:<\/strong> Nachdem die Sicherungsstifte oder -schrauben entfernt und der Zylinder ordnungsgem\u00e4\u00df abgest\u00fctzt wurde, kann er vorsichtig aus seinen Halterungen oder Anschl\u00fcssen herausgeschoben oder man\u00f6vriert werden. Achten Sie darauf, dass sich keine Hydraulikfl\u00fcssigkeit mehr im Zylinder oder in den Schl\u00e4uchen befindet.<\/li>\n<li><strong>Pr\u00fcfen und Ersetzen:<\/strong> Nach dem Ausbau des Zylinders ist dieser auf Besch\u00e4digungen oder Verschlei\u00df zu pr\u00fcfen. Dichtungen, O-Ringe und andere Bauteile sind vor dem Wiedereinbau des Zylinders zu ersetzen.<\/li>\n<\/ol>\n<h2><strong>F\u00e4higkeit und Kapazit\u00e4t der Fabrik:<\/strong><\/h2>\n<h3>(1) Montage<\/h3>\n<p>Wir verf\u00fcgen \u00fcber eine erstklassige, unabh\u00e4ngige Forschungs- und Entwicklungsmontageplattform. Die Hydraulikzylinder-Produktionswerkstatt verf\u00fcgt \u00fcber vier halbautomatische Montagelinien f\u00fcr Hubzylinder und eine automatische Montagelinie f\u00fcr Kippzylinder mit einer geplanten j\u00e4hrlichen Produktionskapazit\u00e4t von 1 Million St\u00fcck. Die Spezialzylinderwerkstatt ist mit verschiedenen Spezifikationen eines halbautomatischen Reinigungsmontagesystems mit einer geplanten j\u00e4hrlichen Produktionskapazit\u00e4t von 200.000 ausgestattet und mit renommierten CNC-Bearbeitungsger\u00e4ten, einem Bearbeitungszentrum, einer hochpr\u00e4zisen Spezialausr\u00fcstung f\u00fcr die Zylinderverarbeitung, einer Roboterschwei\u00dfmaschine, einer automatischen Reinigungsmaschine, einer automatischen Zylindermontagemaschine und einer automatischen Lackierproduktionslinie ausgestattet. Es sind mehr als 300 Sets (S\u00e4tze) an kritischer Ausr\u00fcstung vorhanden. Die optimale Zuweisung und effiziente Nutzung der Ausr\u00fcstungsressourcen gew\u00e4hrleistet die Genauigkeitsanforderungen der Produkte und erf\u00fcllt die hohen Qualit\u00e4tsanforderungen der Produkte.<\/p>\n<p><img loading=\"lazy\" decoding=\"async\" class=\"alignnone wp-image-626\" src=\"https:\/\/hydraulic-cylinders.net\/wp-content\/uploads\/2023\/08\/hydraulic-cylinder-product-1-300x158.webp\" alt=\"\" width=\"495\" height=\"260\" srcset=\"https:\/\/hydraulic-cylinders.net\/wp-content\/uploads\/2023\/08\/hydraulic-cylinder-product-1-300x158.webp 495w, https:\/\/hydraulic-cylinders.net\/wp-content\/uploads\/2023\/08\/hydraulic-cylinder-product-1-480x252.webp 480w\" sizes=\"(min-width: 0px) and (max-width: 480px) 480px, (min-width: 481px) 495px, 100vw\" \/> <img loading=\"lazy\" decoding=\"async\" class=\"alignnone wp-image-627\" src=\"https:\/\/hydraulic-cylinders.net\/wp-content\/uploads\/2023\/08\/hydraulic-cylinder-product-2-300x189.webp\" alt=\"\" width=\"413\" height=\"260\" \/><\/p>\n<h3>(2) Bearbeitungen<\/h3>\n<p>Die Bearbeitungswerkstatt ist mit einem ma\u00dfgeschneiderten Schr\u00e4gschienen-Drehzentrum, einem Bearbeitungszentrum, einer Hochgeschwindigkeits-Honmaschine, einem Schwei\u00dfroboter und anderen zugeh\u00f6rigen Ger\u00e4ten ausgestattet, die die Bearbeitung von Zylinderrohren mit einem maximalen Innendurchmesser von 400 mm und einer maximalen L\u00e4nge von 6 Metern erm\u00f6glichen.<\/p>\n<p><img loading=\"lazy\" decoding=\"async\" class=\"alignnone wp-image-628 size-large\" src=\"https:\/\/hydraulic-cylinders.net\/wp-content\/uploads\/2023\/08\/hydraulic-cylinder-product-3-1024x391.webp\" alt=\"\" width=\"1024\" height=\"391\" srcset=\"https:\/\/hydraulic-cylinders.net\/wp-content\/uploads\/2023\/08\/hydraulic-cylinder-product-3-980x374.webp 980w, https:\/\/hydraulic-cylinders.net\/wp-content\/uploads\/2023\/08\/hydraulic-cylinder-product-3-480x183.webp 480w\" sizes=\"(min-width: 0px) and (max-width: 480px) 480px, (min-width: 481px) and (max-width: 980px) 980px, (min-width: 981px) 1024px, 100vw\" \/><\/p>\n<h3>(3) Schwei\u00dfen<\/h3>\n<p><img loading=\"lazy\" decoding=\"async\" class=\"alignnone wp-image-629 size-large\" src=\"https:\/\/hydraulic-cylinders.net\/wp-content\/uploads\/2023\/08\/hydraulic-cylinder-product-4-1024x510.webp\" alt=\"\" width=\"1024\" height=\"510\" srcset=\"https:\/\/hydraulic-cylinders.net\/wp-content\/uploads\/2023\/08\/hydraulic-cylinder-product-4-980x488.webp 980w, https:\/\/hydraulic-cylinders.net\/wp-content\/uploads\/2023\/08\/hydraulic-cylinder-product-4-480x239.webp 480w\" sizes=\"(min-width: 0px) and (max-width: 480px) 480px, (min-width: 481px) and (max-width: 980px) 980px, (min-width: 981px) 1024px, 100vw\" \/><\/p>\n<h3>(4) Malerei und Beschichtung<\/h3>\n<p>Mit kleinen und mittleren Zylinder automatische Lackieranlagen auf Wasserbasis, zu erreichen automatische Roboter Be-und Entladen und automatische Spritzen, die Design-Kapazit\u00e4t von 4000 St\u00fcck pro Schicht;<br \/>\nWir verf\u00fcgen auch \u00fcber eine halbautomatische Lackieranlage f\u00fcr gro\u00dfe Zylinder, die von einer Energiekette angetrieben wird und eine Kapazit\u00e4t von 60 Kisten pro Schicht hat.<\/p>\n<p><img loading=\"lazy\" decoding=\"async\" class=\"alignnone wp-image-630\" src=\"https:\/\/hydraulic-cylinders.net\/wp-content\/uploads\/2023\/08\/hydraulic-cylinder-product-5-300x213.webp\" alt=\"\" width=\"366\" height=\"260\" \/> <img loading=\"lazy\" decoding=\"async\" class=\"alignnone wp-image-631\" src=\"https:\/\/hydraulic-cylinders.net\/wp-content\/uploads\/2023\/08\/hydraulic-cylinder-product-6-300x225.webp\" alt=\"\" width=\"347\" height=\"260\" \/><\/p>\n<h3>(5) Pr\u00fcfung<\/h3>\n<p>Wir verf\u00fcgen \u00fcber erstklassige Pr\u00fcfeinrichtungen und Pr\u00fcfst\u00e4nde, um sicherzustellen, dass die Leistung des Zylinders den Anforderungen entspricht.<\/p>\n<p><img loading=\"lazy\" decoding=\"async\" class=\"alignnone wp-image-632\" src=\"https:\/\/hydraulic-cylinders.net\/wp-content\/uploads\/2023\/08\/hydraulic-cylinder-product-8-300x200.webp\" alt=\"\" width=\"389\" height=\"260\" \/><\/p>\n<p>&nbsp;<\/p>\n<p>&nbsp;<\/p>\n<p>Wir sind einer der besten Hydraulikzylinderhersteller. Wir k\u00f6nnen umfassende Hydraulikzylinder anbieten. Wir bieten auch entsprechende <a href=\"https:\/\/hzpt.com\/agricultural-pto-gearbox\/\" target=\"_blank\" rel=\"noopener\">landwirtschaftliche Getriebe<\/a>. Wir haben unsere Produkte an Kunden weltweit exportiert und uns aufgrund unserer hervorragenden Produktqualit\u00e4t und unseres Kundendienstes einen guten Ruf erworben. Wir begr\u00fc\u00dfen Kunden im In- und Ausland, die uns kontaktieren, um Gesch\u00e4fte zu verhandeln, Informationen auszutauschen und <a href=\"https:\/\/www.hydraulic-cylinders.net\/de\/contact-us\/\">mit uns zusammenarbeiten<\/a>!<\/p>","protected":false},"excerpt":{"rendered":"<p>Cutter Suction Dredger Traveling Cylinders The cutter suction dredger traveling cylinders are essential components of modern dredging operations. Designed to enhance efficiency and productivity, these cylinders play a vital role in the cutter-suction dredging process. The cutter suction dredger traveling cylinders are indispensable components for efficient and productive dredging operations. With their robust construction, precise [&hellip;]<\/p>","protected":false},"featured_media":1755,"comment_status":"open","ping_status":"closed","template":"","meta":{"_et_pb_use_builder":"","_et_pb_old_content":"","_et_gb_content_width":""},"product_brand":[],"product_cat":[1550,1535,1552,1376],"product_tag":[1380],"class_list":{"0":"post-1752","1":"product","2":"type-product","3":"status-publish","4":"has-post-thumbnail","6":"product_cat-double-acting-hydraulic-cylinder","7":"product_cat-dredger-hydraulic-cylinders","8":"product_cat-stainless-steel-hydraulic-cylinder","9":"product_cat-hydraulic-cylinder","10":"product_tag-hydraulic-cylinder","12":"first","13":"instock","14":"shipping-taxable","15":"product-type-simple"},"amp_enabled":true,"_links":{"self":[{"href":"https:\/\/www.hydraulic-cylinders.net\/de\/wp-json\/wp\/v2\/product\/1752","targetHints":{"allow":["GET"]}}],"collection":[{"href":"https:\/\/www.hydraulic-cylinders.net\/de\/wp-json\/wp\/v2\/product"}],"about":[{"href":"https:\/\/www.hydraulic-cylinders.net\/de\/wp-json\/wp\/v2\/types\/product"}],"replies":[{"embeddable":true,"href":"https:\/\/www.hydraulic-cylinders.net\/de\/wp-json\/wp\/v2\/comments?post=1752"}],"wp:featuredmedia":[{"embeddable":true,"href":"https:\/\/www.hydraulic-cylinders.net\/de\/wp-json\/wp\/v2\/media\/1755"}],"wp:attachment":[{"href":"https:\/\/www.hydraulic-cylinders.net\/de\/wp-json\/wp\/v2\/media?parent=1752"}],"wp:term":[{"taxonomy":"product_brand","embeddable":true,"href":"https:\/\/www.hydraulic-cylinders.net\/de\/wp-json\/wp\/v2\/product_brand?post=1752"},{"taxonomy":"product_cat","embeddable":true,"href":"https:\/\/www.hydraulic-cylinders.net\/de\/wp-json\/wp\/v2\/product_cat?post=1752"},{"taxonomy":"product_tag","embeddable":true,"href":"https:\/\/www.hydraulic-cylinders.net\/de\/wp-json\/wp\/v2\/product_tag?post=1752"}],"curies":[{"name":"wp","href":"https:\/\/api.w.org\/{rel}","templated":true}]}}