{"id":17554,"date":"2025-03-17T07:34:13","date_gmt":"2025-03-17T07:34:13","guid":{"rendered":"https:\/\/www.hydraulic-cylinders.net\/?post_type=product&#038;p=17554"},"modified":"2025-04-11T03:15:35","modified_gmt":"2025-04-11T03:15:35","slug":"side-shift-hydraulic-cylinders-for-small-forklift","status":"publish","type":"product","link":"https:\/\/www.hydraulic-cylinders.net\/de\/produkt\/side-shift-hydraulic-cylinders-for-small-forklift\/","title":{"rendered":"Seitenschiebe-Hydraulikzylinder f\u00fcr kleine Gabelstapler"},"content":{"rendered":"<h1 style=\"text-align: center;\"><strong>Seitenschieber-Hydraulikzylinder f\u00fcr kleine Gabelstapler<\/strong><\/h1>\n<p><img loading=\"lazy\" decoding=\"async\" class=\"aligncenter wp-image-17556\" src=\"https:\/\/www.hydraulic-cylinders.net\/wp-content\/uploads\/2025\/03\/side-shift-hydraulic-cylinders-for-small-toongae-forklift.webp\" alt=\"Seitenschieber-Hydraulikzylinder f\u00fcr kleine Gabelstapler\" width=\"500\" height=\"500\" srcset=\"https:\/\/www.hydraulic-cylinders.net\/wp-content\/uploads\/2025\/03\/side-shift-hydraulic-cylinders-for-small-toongae-forklift.webp 500w, https:\/\/www.hydraulic-cylinders.net\/wp-content\/uploads\/2025\/03\/side-shift-hydraulic-cylinders-for-small-toongae-forklift-480x480.webp 480w\" sizes=\"(min-width: 0px) and (max-width: 480px) 480px, (min-width: 481px) 500px, 100vw\" \/><\/p>\n<p>Unsere Hydraulikzylinder f\u00fcr die Seitenverschiebung erm\u00f6glichen eine pr\u00e4zise seitliche Lastpositionierung und eignen sich daher ideal f\u00fcr kleine Gabelstapler, die auf engstem Raum eingesetzt werden. Dank ihrer robusten Konstruktion und einfachen Installation erh\u00f6hen diese Zylinder die Effizienz und Sicherheit bei Materialtransportaufgaben.<\/p>\n<p><span class=\"break-words bg-yellow-50\">Hydraulikzylinder f\u00fcr die Seitenverschiebung sind unverzichtbar, um die Funktionalit\u00e4t und Leistung kleiner Gabelstapler zu verbessern.<\/span>\u00a0<span class=\"break-words bg-yellow-50\">Diese Spezialteile erleichtern die horizontale Bewegung von Lasten und erm\u00f6glichen es den Bedienern, Waren pr\u00e4zise zu positionieren, ohne den Gabelstapler selbst neu positionieren zu m\u00fcssen.<\/span>\u00a0<span class=\"break-words bg-yellow-50\">Diese F\u00e4higkeit ist besonders in engen R\u00e4umen von Vorteil, da sie die Materialhandhabung vereinfacht und die Gesamteffizienz steigert.<\/span><\/p>\n<p><span class=\"break-words bg-yellow-50\">Bei kleinen Gabelstaplern stellen Hydraulikzylinder mit Seitenverschiebung einen bedeutenden Fortschritt dar, der sowohl die Effizienz als auch die Sicherheit erheblich verbessert.<\/span>\u00a0<span class=\"break-words bg-yellow-50\">Ihre F\u00e4higkeit, eine pr\u00e4zise Ladungsplatzierung und verbesserte Man\u00f6vrierf\u00e4higkeit zu gew\u00e4hrleisten, macht sie zu einer wichtigen Verbesserung f\u00fcr jedes Gabelstaplersystem.<\/span>\u00a0<span class=\"break-words\">Durch die Einhaltung regelm\u00e4\u00dfiger Wartungsroutinen und ordnungsgem\u00e4\u00dfer Betriebspraktiken k\u00f6nnen Benutzer sicherstellen, dass diese Hydraulikteile eine gleichm\u00e4\u00dfige und zuverl\u00e4ssige Leistung erbringen, was zu h\u00f6herer Produktivit\u00e4t und weniger St\u00f6rungen f\u00fchrt.<\/span>\u00a0<span class=\"break-words\">Die Entscheidung f\u00fcr Hydraulikzylinder mit Seitenverschiebung ist ein strategischer Schritt zur Verbesserung Ihres Gabelstaplerbetriebs.<\/span><\/p>\n<h2><strong>Hydraulikzylinderserie f\u00fcr kleine Gabelstapler:\u00a0<\/strong><\/h2>\n<h2><img loading=\"lazy\" decoding=\"async\" class=\"aligncenter wp-image-17558 size-full\" src=\"https:\/\/www.hydraulic-cylinders.net\/wp-content\/uploads\/2025\/03\/forklift-hydraulic-cylinder-construction.webp\" alt=\"kleiner Hydraulikzylinder f\u00fcr Gabelstapler\" width=\"640\" height=\"358\" srcset=\"https:\/\/www.hydraulic-cylinders.net\/wp-content\/uploads\/2025\/03\/forklift-hydraulic-cylinder-construction.webp 640w, https:\/\/www.hydraulic-cylinders.net\/wp-content\/uploads\/2025\/03\/forklift-hydraulic-cylinder-construction-480x269.webp 480w\" sizes=\"(min-width: 0px) and (max-width: 480px) 480px, (min-width: 481px) 640px, 100vw\" \/><\/h2>\n<h2><strong>Seitenschiebe-Hydraulikzylinder f\u00fcr kleine Gabelstapler <\/strong><strong>Technische Spezifikationen<\/strong><strong>:<\/strong><\/h2>\n<p><strong>Funktion:<\/strong> Wird verwendet, um eine allgemeine Links- und Rechtsbewegung der Gabel zu erreichen<br \/>\n<strong>Zylinderdurchmesser:<\/strong> 50 mm<br \/>\n<strong>Stangendurchmesser:<\/strong> 25 mm<br \/>\n<strong>Reisen:<\/strong> 200 mm<br \/>\n<strong>Maximaler Druck Mpa:<\/strong> 17,5MPa<br \/>\n<strong>Maximale Schubkraft KN:<\/strong> 34KN<\/p>\n<h2><strong>Hauptmerkmale des <\/strong><strong>Seitenschiebe-Hydraulikzylinder f\u00fcr kleine Gabelstapler<\/strong><strong>:<\/strong><\/h2>\n<h3><strong>1. Pr\u00e4zise Kontrolle<\/strong><\/h3>\n<p><strong>Erweiterter Inhalt<\/strong>:<br \/>\nUnsere Hydraulikzylinder f\u00fcr Gabelstapler sind so konstruiert, dass sie <strong>h\u00f6chste Genauigkeit<\/strong>\u00a0bei der Lastpositionierung. Egal, ob Sie in engen Lagerg\u00e4ngen oder auf engen Baustellen arbeiten, diese Zylinder erm\u00f6glichen es den Bedienern,\u00a0<strong>Lasten seitlich ausrichten<\/strong>\u00a0ohne dass der gesamte Gabelstapler neu positioniert werden muss. Diese Funktion spart nicht nur Zeit, sondern minimiert auch das Risiko von Produktsch\u00e4den durch unn\u00f6tige Bewegungen. Mit sanften und reaktionsschnellen Bedienelementen k\u00f6nnen Bediener erreichen\u00a0<strong>Millimetergenaue Pr\u00e4zision<\/strong>, wodurch sichergestellt wird, dass jede Ladung genau dort platziert wird, wo sie hingeh\u00f6rt.<\/p>\n<h3><strong>2. Langlebige Konstruktion<\/strong><\/h3>\n<p><strong>Erweiterter Inhalt<\/strong>:<br \/>\nUnsere Hydraulikzylinder f\u00fcr die Seitenverschiebung sind f\u00fcr die h\u00e4rtesten Arbeitsbedingungen ausgelegt und bestehen aus\u00a0<strong>hochwertige Materialien<\/strong>, einschlie\u00dflich verst\u00e4rktem Stahl und korrosionsbest\u00e4ndigen Beschichtungen. Jeder Zylinder wird strengen Tests unterzogen, um sicherzustellen, dass er\u00a0<strong>schwere Lasten<\/strong>\u00a0Und\u00a0<strong>h\u00e4ufige Verwendung<\/strong>\u00a0ohne Kompromisse bei der Leistung. Das robuste Design gew\u00e4hrleistet eine\u00a0<strong>lange Lebensdauer<\/strong>, selbst in anspruchsvollen Umgebungen wie Baustellen oder Produktionsanlagen.<\/p>\n<h3><strong>3. Einfache Installation<\/strong><\/h3>\n<p><strong>Erweiterter Inhalt<\/strong>:<br \/>\nUnsere Hydraulikzylinder f\u00fcr die Seitenverschiebung wurden mit Blick auf die Benutzerfreundlichkeit entwickelt und sind\u00a0<strong>Voll kompatibel<\/strong> mit kleinen Gabelstaplern. Der Installationsprozess ist unkompliziert und erfordert <strong>minimale Werkzeuge und Ausfallzeiten<\/strong>Detaillierte Anweisungen und vorgebohrte Befestigungspunkte erleichtern den Technikern die schnelle Montage der Zylinder, sodass Ihr Gabelstapler schnell wieder einsatzbereit ist. Dar\u00fcber hinaus sind unsere Hydraulikzylinder f\u00fcr Gabelstapler so konzipiert, dass sie sich nahtlos in bestehende Hydrauliksysteme integrieren lassen, sodass keine kostspieligen Modifikationen erforderlich sind.<\/p>\n<h3><strong>4. Sicherheitsfunktionen<\/strong><\/h3>\n<p><strong>Erweiterter Inhalt<\/strong>:<br \/>\nSicherheit hat bei der Materialhandhabung oberste Priorit\u00e4t und unsere Hydraulikzylinder f\u00fcr die Seitenverschiebung sind so konzipiert, dass sie beides verbessern\u00a0<strong>Sicherheit des Bedieners<\/strong>\u00a0Und\u00a0<strong>Effizienz am Arbeitsplatz<\/strong>. Durch die pr\u00e4zise seitliche Bewegung reduzieren diese Zylinder riskante Man\u00f6ver in engen R\u00e4umen und senken so das Unfallrisiko deutlich. Das ergonomische Design minimiert zudem\u00a0<strong>Erm\u00fcdung des Bedieners<\/strong>, was l\u00e4ngere und produktivere Schichten erm\u00f6glicht. Dar\u00fcber hinaus sind die Zylinder ausgestattet mit\u00a0<strong>Sicherheitsventile<\/strong>\u00a0um eine \u00dcberlastung zu verhindern und einen stabilen Betrieb bei hoher Belastung zu gew\u00e4hrleisten.<\/p>\n<h3><strong>5. Kosteng\u00fcnstig<\/strong><\/h3>\n<p><strong>Erweiterter Inhalt<\/strong>:<br \/>\nUnsere Hydraulikzylinder f\u00fcr die Seitenverschiebung sind so konzipiert,\u00a0<strong>wartungsarm<\/strong>\u00a0Und\u00a0<strong>hohe Zuverl\u00e4ssigkeit<\/strong>, wodurch Sie im Laufe der Zeit Betriebskosten sparen. Die Verwendung hochwertiger Materialien und fortschrittlicher Fertigungstechniken stellt sicher, dass die Zylinder\u00a0<strong>minimaler Wartungsaufwand<\/strong>, w\u00e4hrend ihre Haltbarkeit die H\u00e4ufigkeit des Austauschs reduziert. Dar\u00fcber hinaus kann die verbesserte Effizienz und Pr\u00e4zision, die sie bieten, dazu f\u00fchren,\u00a0<strong>erhebliche Kosteneinsparungen<\/strong>\u00a0in der Arbeits- und Materialhandhabung. Wenn Sie in unsere Zylinder investieren, kaufen Sie nicht nur ein Produkt \u2013 Sie investieren in\u00a0<strong>langfristige Betriebseffizienz<\/strong>.<\/p>\n<h2><strong>Seitenschiebe-Hydraulikzylinder f\u00fcr kleine Gabelstapler <\/strong><strong>Anwendungsf\u00e4lle:<\/strong><\/h2>\n<p><img loading=\"lazy\" decoding=\"async\" class=\"alignnone wp-image-17572 size-full\" src=\"https:\/\/www.hydraulic-cylinders.net\/wp-content\/uploads\/2025\/03\/Side-shift-cylinder-in-action-on-a-small-Toongae-forklift.webp\" alt=\"Seitenschiebezylinder im Einsatz an einem kleinen Gabelstapler\" width=\"2320\" height=\"1340\" srcset=\"https:\/\/www.hydraulic-cylinders.net\/wp-content\/uploads\/2025\/03\/Side-shift-cylinder-in-action-on-a-small-Toongae-forklift.webp 2320w, https:\/\/www.hydraulic-cylinders.net\/wp-content\/uploads\/2025\/03\/Side-shift-cylinder-in-action-on-a-small-Toongae-forklift-1280x739.webp 1280w, https:\/\/www.hydraulic-cylinders.net\/wp-content\/uploads\/2025\/03\/Side-shift-cylinder-in-action-on-a-small-Toongae-forklift-980x566.webp 980w, https:\/\/www.hydraulic-cylinders.net\/wp-content\/uploads\/2025\/03\/Side-shift-cylinder-in-action-on-a-small-Toongae-forklift-480x277.webp 480w\" sizes=\"(min-width: 0px) and (max-width: 480px) 480px, (min-width: 481px) and (max-width: 980px) 980px, (min-width: 981px) and (max-width: 1280px) 1280px, (min-width: 1281px) 2320px, 100vw\" \/><\/p>\n<ul>\n<li><strong>Lagerung<\/strong>: Perfekt f\u00fcr schmale G\u00e4nge und hochverdichtete Lagerung.<\/li>\n<li><strong>Konstruktion<\/strong>: Ideal f\u00fcr die pr\u00e4zise Materialplatzierung auf Baustellen.<\/li>\n<li><strong>Herstellung<\/strong>: Verbessert die Effizienz im Flie\u00dfbandbetrieb.<\/li>\n<\/ul>\n<h3><strong>Wie funktionieren Hydraulikzylinder f\u00fcr die Seitenverschiebung?<\/strong><\/h3>\n<p>Die Hydraulikzylinder der Seitenverschiebung arbeiten mit <strong>Hydraulikdruck<\/strong>\u00a0um den Gabelstaplerwagen seitlich zu bewegen. Wenn der Bediener den Steuerhebel bet\u00e4tigt, wird Hydraulikfl\u00fcssigkeit in den Zylinder gepumpt, wodurch der Kolben gedr\u00fcckt wird und der Gabelstaplerwagen nach links oder rechts verschoben wird. Diese seitliche Bewegung erm\u00f6glicht\u00a0<strong>pr\u00e4zise Lastpositionierung<\/strong>\u00a0ohne den gesamten Gabelstapler neu positionieren zu m\u00fcssen. Das System ist so konzipiert,\u00a0<strong>reibungslos und reaktionsschnell<\/strong>, wodurch der Aufwand f\u00fcr den Bediener auf ein Minimum reduziert und die Genauigkeit maximiert wird.<\/p>\n<p><strong>Schl\u00fcsselkomponenten<\/strong>:<\/p>\n<ul>\n<li><strong>Zylinderlauf<\/strong>: Beherbergt den Kolben und die Hydraulikfl\u00fcssigkeit.<\/li>\n<li><strong>Kolbenstange<\/strong>: \u00dcbertr\u00e4gt Kraft zum Bewegen des Schlittens.<\/li>\n<li><strong>Hydraulikdichtungen<\/strong>: Verhindern Sie Fl\u00fcssigkeitslecks und gew\u00e4hrleisten Sie einen effizienten Betrieb.<\/li>\n<li><strong>Steuerventil<\/strong>: Reguliert den Fluss der Hydraulikfl\u00fcssigkeit f\u00fcr pr\u00e4zise Bewegungen.<\/li>\n<\/ul>\n<h2><strong>Produktionsbereich f\u00fcr Gabelstaplerzylinder:<\/strong><\/h2>\n<h2><img loading=\"lazy\" decoding=\"async\" class=\"alignnone size-full wp-image-16972\" src=\"https:\/\/www.hydraulic-cylinders.net\/wp-content\/uploads\/2025\/01\/hydraulic-cylinder-factory-1-scaled.webp\" alt=\"\" width=\"2016\" height=\"2560\" srcset=\"https:\/\/www.hydraulic-cylinders.net\/wp-content\/uploads\/2025\/01\/hydraulic-cylinder-factory-1-scaled.webp 2016w, https:\/\/www.hydraulic-cylinders.net\/wp-content\/uploads\/2025\/01\/hydraulic-cylinder-factory-1-1280x1625.webp 1280w, https:\/\/www.hydraulic-cylinders.net\/wp-content\/uploads\/2025\/01\/hydraulic-cylinder-factory-1-980x1244.webp 980w, https:\/\/www.hydraulic-cylinders.net\/wp-content\/uploads\/2025\/01\/hydraulic-cylinder-factory-1-480x610.webp 480w\" sizes=\"(min-width: 0px) and (max-width: 480px) 480px, (min-width: 481px) and (max-width: 980px) 980px, (min-width: 981px) and (max-width: 1280px) 1280px, (min-width: 1281px) 2016px, 100vw\" \/><\/h2>\n<p>Wir verf\u00fcgen \u00fcber eine erstklassige, unabh\u00e4ngige F&amp;E-Plattform f\u00fcr die Montage. Die Produktionswerkstatt f\u00fcr Gabelstaplerzylinder hat vier halbautomatische Montagelinien f\u00fcr Hubzylinder und eine vollautomatische Montagelinie f\u00fcr Kippzylinder mit einer geplanten j\u00e4hrlichen Produktionskapazit\u00e4t von Millionen St\u00fcck. Die Spezialzylinderwerkstatt verf\u00fcgt \u00fcber halbautomatische Reinigungs- und Montagesysteme unterschiedlicher Spezifikationen mit einer geplanten j\u00e4hrlichen Produktionskapazit\u00e4t von 200.000 St\u00fcck. Sie ist mit CNC-Bearbeitungsmaschinen namhafter Marken, Bearbeitungszentren, Spezialger\u00e4ten f\u00fcr die hochpr\u00e4zise Zylinderbearbeitung, Roboterschwei\u00dfger\u00e4ten, automatischen Reinigungsmaschinen, automatischen Zylindermontagemaschinen und automatischen Lackierproduktionslinien ausgestattet. Wir haben mehr als 300 S\u00e4tze wichtiger Ger\u00e4te in Betrieb. Die optimierte Zuweisung und effiziente Nutzung der Ger\u00e4teressourcen gew\u00e4hrleistet die Pr\u00e4zisionsanforderungen der Produkte und erf\u00fcllt die hohen Standardqualit\u00e4tsanforderungen der Produkte.<\/p>\n<p>Die Bearbeitungswerkstatt ist mit ma\u00dfgefertigten Drehzentren mit kippbaren F\u00fchrungsschienen, Bearbeitungszentren, Hochgeschwindigkeits-Honmaschinen, Schwei\u00dfrobotern und anderen relevanten Ger\u00e4ten ausgestattet, die die Bearbeitung von Zylinderrohren mit einem maximalen Innendurchmesser von 400 mm und einer maximalen L\u00e4nge von 6 Metern bew\u00e4ltigen k\u00f6nnen.<\/p>\n<h2><img loading=\"lazy\" decoding=\"async\" class=\"alignnone size-full wp-image-16973\" src=\"https:\/\/www.hydraulic-cylinders.net\/wp-content\/uploads\/2025\/01\/hydraulic-cylinder-factory-2-scaled.webp\" alt=\"\" width=\"2011\" height=\"2560\" srcset=\"https:\/\/www.hydraulic-cylinders.net\/wp-content\/uploads\/2025\/01\/hydraulic-cylinder-factory-2-scaled.webp 2011w, https:\/\/www.hydraulic-cylinders.net\/wp-content\/uploads\/2025\/01\/hydraulic-cylinder-factory-2-1280x1629.webp 1280w, https:\/\/www.hydraulic-cylinders.net\/wp-content\/uploads\/2025\/01\/hydraulic-cylinder-factory-2-980x1248.webp 980w, https:\/\/www.hydraulic-cylinders.net\/wp-content\/uploads\/2025\/01\/hydraulic-cylinder-factory-2-480x611.webp 480w\" sizes=\"(min-width: 0px) and (max-width: 480px) 480px, (min-width: 481px) and (max-width: 980px) 980px, (min-width: 981px) and (max-width: 1280px) 1280px, (min-width: 1281px) 2011px, 100vw\" \/><\/h2>\n<p>Wir verf\u00fcgen \u00fcber eine vollautomatische Lackieranlage f\u00fcr kleine und mittelgro\u00dfe Zylinder mit automatischer Be- und Entladung sowie automatischen Spr\u00fchrobotern und einer Produktionskapazit\u00e4t von 4.000 Pl\u00e4tzen pro Schicht. F\u00fcr gro\u00dfe Zylinder haben wir eine weitere halbautomatische Lackieranlage mit Kettenantrieb und einer Kapazit\u00e4t von 60 Kisten pro Schicht.<\/p>\n<p>Um die Produktleistung weiter zu verbessern und die F\u00fchrungsposition unserer Hydraulikzylinder in der Branche zu etablieren, haben unser Unternehmen und zjimee gemeinsam ein umfassendes Leistungslabor f\u00fcr Hydraulikzylinder, Hydraulikventile und Hydraulikpumpen eingerichtet. Das Labor f\u00fchrt computergest\u00fctzte Tests mithilfe elektrohydraulischer Technologie durch. Die Testbedingungen werden von einem Computer voreingestellt, wodurch die Testgenauigkeit und Systemvielseitigkeit sowie die experimentellen Daten verbessert werden.<\/p>\n<p>Die automatische Erfassung erfolgt durch den Einsatz von Sensoren. Die Ausgabedaten, wie z. B. interne Leckagen und die Lasteffizienz des Zylinders oder des Ventils, werden direkt vom Computer verarbeitet und in Standardeinheiten (ml\/min%) umgerechnet. Gleichzeitig wird zur Gew\u00e4hrleistung der Betriebssicherheit des Hydrauliksystems eine Zustands\u00fcberwachung f\u00fcr wichtige Leistungsparameter wie \u00d6ltemperatur, Fl\u00fcssigkeitsstand und Filtervorrichtung durchgef\u00fchrt. Der Hydraulikzylinder-Pr\u00fcfstand kann unter anderem die Leistung der Last pr\u00fcfen.<br \/>\nEffizienz\u201c und \u201einterne Leckage\u201c durch Ablesungen. Gleichzeitig ist es mit einem Gitterlineal-Messger\u00e4t ausgestattet, das die Anforderungen aller Pr\u00fcfgegenst\u00e4nde von Hydraulikzylinderprodukten gem\u00e4\u00df der nationalen Norm erf\u00fcllt.<\/p>\n<h3><strong>FAQ-Bereich:<\/strong><\/h3>\n<p><strong>F: Sind diese Zylinder mit allen Gabelstaplermodellen kompatibel?<\/strong><br \/>\nA: Ja, sie sind speziell f\u00fcr kleine Gabelstapler konzipiert. Bitte \u00fcberpr\u00fcfen Sie die Modellnummer auf Kompatibilit\u00e4t.<\/p>\n<p><strong>F: Wie lange ist die Garantiezeit?<\/strong><br \/>\nA: Wir bieten eine 2-j\u00e4hrige Garantie auf alle Hydraulikzylinder mit Seitenverschiebung.<\/p>\n<p><strong>F: Kann ich den Zylinder selbst einbauen?<\/strong><br \/>\nA: Ja, die Zylinder werden mit einer leicht verst\u00e4ndlichen Installationsanleitung geliefert. F\u00fcr eine optimale Leistung wird jedoch eine professionelle Installation empfohlen.<\/p>","protected":false},"excerpt":{"rendered":"<p>Side Shift Hydraulic Cylinders For Small Forklifts Our side shift hydraulic cylinders are engineered to provide precise lateral load positioning, making them ideal for small forklifts operating in confined spaces. With a robust design and easy installation, these cylinders enhance efficiency and safety in material handling tasks. Side shift hydraulic cylinders are indispensable for enhancing [&hellip;]<\/p>","protected":false},"featured_media":17557,"comment_status":"open","ping_status":"closed","template":"","meta":{"_et_pb_use_builder":"","_et_pb_old_content":"","_et_gb_content_width":""},"product_brand":[],"product_cat":[1484,1550],"product_tag":[],"class_list":{"0":"post-17554","1":"product","2":"type-product","3":"status-publish","4":"has-post-thumbnail","6":"product_cat-forklift-hydraulic-cylinders","7":"product_cat-double-acting-hydraulic-cylinder","9":"first","10":"instock","11":"shipping-taxable","12":"product-type-simple"},"amp_enabled":true,"_links":{"self":[{"href":"https:\/\/www.hydraulic-cylinders.net\/de\/wp-json\/wp\/v2\/product\/17554","targetHints":{"allow":["GET"]}}],"collection":[{"href":"https:\/\/www.hydraulic-cylinders.net\/de\/wp-json\/wp\/v2\/product"}],"about":[{"href":"https:\/\/www.hydraulic-cylinders.net\/de\/wp-json\/wp\/v2\/types\/product"}],"replies":[{"embeddable":true,"href":"https:\/\/www.hydraulic-cylinders.net\/de\/wp-json\/wp\/v2\/comments?post=17554"}],"wp:featuredmedia":[{"embeddable":true,"href":"https:\/\/www.hydraulic-cylinders.net\/de\/wp-json\/wp\/v2\/media\/17557"}],"wp:attachment":[{"href":"https:\/\/www.hydraulic-cylinders.net\/de\/wp-json\/wp\/v2\/media?parent=17554"}],"wp:term":[{"taxonomy":"product_brand","embeddable":true,"href":"https:\/\/www.hydraulic-cylinders.net\/de\/wp-json\/wp\/v2\/product_brand?post=17554"},{"taxonomy":"product_cat","embeddable":true,"href":"https:\/\/www.hydraulic-cylinders.net\/de\/wp-json\/wp\/v2\/product_cat?post=17554"},{"taxonomy":"product_tag","embeddable":true,"href":"https:\/\/www.hydraulic-cylinders.net\/de\/wp-json\/wp\/v2\/product_tag?post=17554"}],"curies":[{"name":"wp","href":"https:\/\/api.w.org\/{rel}","templated":true}]}}