{"id":17579,"date":"2025-03-18T05:32:03","date_gmt":"2025-03-18T05:32:03","guid":{"rendered":"https:\/\/www.hydraulic-cylinders.net\/?post_type=product&#038;p=17579"},"modified":"2025-04-11T03:15:32","modified_gmt":"2025-04-11T03:15:32","slug":"side-shift-hydraulic-cylinders-large-forklift","status":"publish","type":"product","link":"https:\/\/www.hydraulic-cylinders.net\/de\/produkt\/side-shift-hydraulic-cylinders-large-forklift\/","title":{"rendered":"Seitlich verschiebbare Hydraulikzylinder f\u00fcr gro\u00dfe Gabelstapler"},"content":{"rendered":"<h1 style=\"text-align: center;\"><strong>Seitlich verschiebbare Hydraulikzylinder f\u00fcr gro\u00dfe Gabelstapler<\/strong><\/h1>\n<p>Auf der Suche nach zuverl\u00e4ssigen und effizienten Anbietern\u00a0<strong>Seitlich verschiebbare Hydraulikzylinder f\u00fcr gro\u00dfe Gabelstapler<\/strong>Unsere Hochleistungs-\u00a0<strong>Hydraulikzylinder f\u00fcr die Seitenverschiebung von Gabelstaplern<\/strong>\u00a0sind auf die Anforderungen kompakter Gabelstapler zugeschnitten und bieten pr\u00e4zises Seitw\u00e4rtsschieben f\u00fcr verbesserte Man\u00f6vrierf\u00e4higkeit auf engstem Raum. Hergestellt mit\u00a0<strong>robuste Konstruktion<\/strong>Diese Zylinder gew\u00e4hrleisten eine dauerhafte Leistungsf\u00e4higkeit auch unter h\u00e4rtesten Arbeitsbedingungen.<\/p>\n<p>Ob Sie brauchen\u00a0<strong>Kompakte Gabelstapler-Seitenschubzylinder<\/strong>\u00a0F\u00fcr leichte Eins\u00e4tze oder kosteng\u00fcnstige L\u00f6sungen f\u00fcr Ihren Fuhrpark sind unsere Produkte geeignet\u00a0<strong>einfach zu installieren und zu warten<\/strong>Dadurch werden Ausfallzeiten deutlich reduziert und die Produktivit\u00e4t gesteigert. W\u00e4hlen Sie aus den folgenden Optionen:\u00a0<strong>beste Hydraulikzylinder f\u00fcr gro\u00dfe Gabelstapler<\/strong>\u00a0die Qualit\u00e4t, Langlebigkeit und Erschwinglichkeit vereinen.<\/p>\n<p>R\u00fcsten Sie Ihren Gabelstapler noch heute mit unserem auf\u00a0<strong>robuste Seitenschub-Hydraulikzylinder f\u00fcr leichte Gabelstapler<\/strong>\u00a0und erleben Sie un\u00fcbertroffene Effizienz und Zuverl\u00e4ssigkeit!<\/p>\n<h1 style=\"text-align: center;\"><img loading=\"lazy\" decoding=\"async\" class=\"alignnone wp-image-17586\" src=\"https:\/\/www.hydraulic-cylinders.net\/wp-content\/uploads\/2025\/03\/Side-shift-hydraulic-cylinders-for-large-forklift-1.webp\" alt=\"Seitlich verschiebbarer Hydraulikzylinder f\u00fcr kleine Gabelstapler\" width=\"500\" height=\"500\" srcset=\"https:\/\/www.hydraulic-cylinders.net\/wp-content\/uploads\/2025\/03\/Side-shift-hydraulic-cylinders-for-large-forklift-1.webp 500w, https:\/\/www.hydraulic-cylinders.net\/wp-content\/uploads\/2025\/03\/Side-shift-hydraulic-cylinders-for-large-forklift-1-480x480.webp 480w\" sizes=\"(min-width: 0px) and (max-width: 480px) 480px, (min-width: 481px) 500px, 100vw\" \/><\/h1>\n<p style=\"text-align: center;\"><strong>Seitenschubzylinder f\u00fcr gro\u00dfe Gabelstapler<\/strong><\/p>\n<h2><strong>Seitlich verschiebbare Hydraulikzylinder f\u00fcr gro\u00dfe Gabelstapler <\/strong><strong>Technische Spezifikationen<\/strong><strong>:<\/strong><\/h2>\n<p><strong>Funktion:<\/strong> Wird verwendet, um eine allgemeine Links- und Rechtsbewegung der Gabel zu erreichen<br \/>\n<strong>Zylinderdurchmesser:<\/strong> 70 mm\u2013120 mm<br \/>\n<strong>Stangendurchmesser:<\/strong> 30 mm\u201360 mm<br \/>\n<strong>Reisen:<\/strong> 300 mm\u20131025 mm<br \/>\n<strong>Maximaler Druck:<\/strong> 21 MPa<br \/>\n<strong>Maximaler Schub:<\/strong> 238 kN<\/p>\n<h2><strong>Gro\u00dfe Hydraulikzylinder-Serie f\u00fcr Gabelstapler:\u00a0<\/strong><\/h2>\n<h2><img loading=\"lazy\" decoding=\"async\" class=\"alignnone size-full wp-image-17582\" src=\"https:\/\/www.hydraulic-cylinders.net\/wp-content\/uploads\/2025\/03\/large-forklift-hydraulic-cylinder-construction.webp\" alt=\"\" width=\"1100\" height=\"615\" srcset=\"https:\/\/www.hydraulic-cylinders.net\/wp-content\/uploads\/2025\/03\/large-forklift-hydraulic-cylinder-construction.webp 1100w, https:\/\/www.hydraulic-cylinders.net\/wp-content\/uploads\/2025\/03\/large-forklift-hydraulic-cylinder-construction-980x548.webp 980w, https:\/\/www.hydraulic-cylinders.net\/wp-content\/uploads\/2025\/03\/large-forklift-hydraulic-cylinder-construction-480x268.webp 480w\" sizes=\"(min-width: 0px) and (max-width: 480px) 480px, (min-width: 481px) and (max-width: 980px) 980px, (min-width: 981px) 1100px, 100vw\" \/><\/h2>\n<h2><strong>Hauptmerkmale des\u00a0<\/strong><strong>Hydraulikzylinder f\u00fcr seitliche Verschiebung <\/strong><strong>Gro\u00df <\/strong><strong>Gabelstapler<\/strong><strong>:<\/strong><\/h2>\n<p>Unser\u00a0<strong>Seitlich verschiebbare Hydraulikzylinder f\u00fcr gro\u00dfe Gabelstapler<\/strong>\u00a0Sie sind so konstruiert, dass sie in anspruchsvollsten Industrieumgebungen au\u00dfergew\u00f6hnliche Leistung und Zuverl\u00e4ssigkeit bieten. Das zeichnet sie aus:<\/p>\n<ul>\n<li><strong>Pr\u00e4zise Seitw\u00e4rtsverschiebung<\/strong>Diese Zylinder wurden speziell f\u00fcr gro\u00dfe Gabelstapler entwickelt und erm\u00f6glichen ein pr\u00e4zises und gleichm\u00e4\u00dfiges Seitw\u00e4rtsverschieben, wodurch die Man\u00f6vrierf\u00e4higkeit und Effizienz bei Schwerlastarbeiten verbessert werden.<\/li>\n<li><strong>Langlebige Konstruktion<\/strong>Hergestellt aus hochwertigen Materialien, unsere\u00a0<strong>Hydraulikzylinder f\u00fcr die Seitenverschiebung gro\u00dfer Gabelstapler<\/strong>\u00a0Sie sind so konzipiert, dass sie extremen Bedingungen standhalten und so eine lange Lebensdauer und minimalen Verschlei\u00df gew\u00e4hrleisten.<\/li>\n<li><strong>Einfache Installation und Wartung<\/strong>Mit einem benutzerfreundlichen Design, diese\u00a0<strong>Hochleistungs-Seitenschubzylinder f\u00fcr Gabelstapler<\/strong>\u00a0Sie lassen sich schnell installieren und sind einfach zu warten, wodurch Ausfallzeiten reduziert und die Produktivit\u00e4t maximiert werden.<\/li>\n<li><strong>Optimiert f\u00fcr den Einsatz unter hoher Belastung<\/strong>Diese Zylinder wurden speziell f\u00fcr gro\u00dfe Gabelstapler entwickelt und eignen sich perfekt f\u00fcr industrielle Anwendungen. Sie bieten un\u00fcbertroffene St\u00e4rke und Zuverl\u00e4ssigkeit.<\/li>\n<li><strong>Kosteng\u00fcnstige L\u00f6sung<\/strong>Als einer der wichtigsten\u00a0<strong>Preisg\u00fcnstige Seitenschubzylinder f\u00fcr Schwerlastgabelstapler<\/strong>Unsere Produkte bieten ein au\u00dfergew\u00f6hnliches Preis-Leistungs-Verh\u00e4ltnis ohne Kompromisse bei der Qualit\u00e4t.<\/li>\n<\/ul>\n<p>R\u00fcsten Sie Ihren Gro\u00dfgabelstapler mit unserem\u00a0<strong>Seitlich verschiebbare Hydraulikzylinder f\u00fcr gro\u00dfe Gabelstapler<\/strong>\u00a0und erleben Sie \u00fcberragende Leistung, Langlebigkeit und Benutzerfreundlichkeit!<\/p>\n<h2><strong>Anwendungsf\u00e4lle: Seitlich verschiebbare Hydraulikzylinder f\u00fcr gro\u00dfe Gabelstapler:<\/strong><\/h2>\n<p>Unser\u00a0<strong>Seitlich verschiebbare Hydraulikzylinder f\u00fcr gro\u00dfe Gabelstapler<\/strong>\u00a0Sie sind f\u00fcr die Anforderungen anspruchsvoller Industrieanwendungen konzipiert. Hier einige wichtige Anwendungsf\u00e4lle, in denen diese Zylinder ihre St\u00e4rken ausspielen:<\/p>\n<h3><strong>1. Lagerbetrieb<\/strong><\/h3>\n<p><img loading=\"lazy\" decoding=\"async\" class=\"alignnone size-full wp-image-17583\" src=\"https:\/\/www.hydraulic-cylinders.net\/wp-content\/uploads\/2025\/03\/heavy-duty-forklift-side-shift-cylinder-application.webp\" alt=\"Hydraulikzylinder mit Seitenverschiebung f\u00fcr gro\u00dfe Gabelstapler im Lager\" width=\"2320\" height=\"1340\" srcset=\"https:\/\/www.hydraulic-cylinders.net\/wp-content\/uploads\/2025\/03\/heavy-duty-forklift-side-shift-cylinder-application.webp 2320w, https:\/\/www.hydraulic-cylinders.net\/wp-content\/uploads\/2025\/03\/heavy-duty-forklift-side-shift-cylinder-application-1280x739.webp 1280w, https:\/\/www.hydraulic-cylinders.net\/wp-content\/uploads\/2025\/03\/heavy-duty-forklift-side-shift-cylinder-application-980x566.webp 980w, https:\/\/www.hydraulic-cylinders.net\/wp-content\/uploads\/2025\/03\/heavy-duty-forklift-side-shift-cylinder-application-480x277.webp 480w\" sizes=\"(min-width: 0px) and (max-width: 480px) 480px, (min-width: 481px) and (max-width: 980px) 980px, (min-width: 981px) and (max-width: 1280px) 1280px, (min-width: 1281px) 2320px, 100vw\" \/><\/p>\n<ul>\n<li><strong>Pr\u00e4zise Seitw\u00e4rtsverschiebung<\/strong>In gesch\u00e4ftigen Lagerhallen, unsere\u00a0<strong>Hydraulikzylinder f\u00fcr die Seitenverschiebung gro\u00dfer Gabelstapler<\/strong>\u00a0Erm\u00f6glicht es den Bedienern, schwere Lasten pr\u00e4zise zu man\u00f6vrieren, selbst in schmalen G\u00e4ngen und beengten R\u00e4umen.<\/li>\n<li><strong>Verbesserte Effizienz<\/strong>Durch die Verbesserung der Wendigkeit des Gabelstaplers tragen diese Zylinder zur Optimierung der Be- und Entladevorg\u00e4nge bei und reduzieren so die betrieblichen Ausfallzeiten.<\/li>\n<\/ul>\n<h3><strong>2. Baustellen<\/strong><\/h3>\n<ul>\n<li><strong>Langlebige Konstruktion<\/strong>: Konzipiert, um h\u00e4rtesten Bedingungen standzuhalten, unsere\u00a0<strong>Hochleistungs-Seitenschubzylinder f\u00fcr Gabelstapler<\/strong>\u00a0Sie eignen sich perfekt f\u00fcr Baustellen, wo die Ger\u00e4te Staub, Schutt und schweren Lasten ausgesetzt sind.<\/li>\n<li><strong>Zuverl\u00e4ssige Leistung<\/strong>Diese Zylinder gew\u00e4hrleisten eine gleichbleibende Leistung, selbst beim Umgang mit sperrigen Materialien wie Stahltr\u00e4gern oder Betonbl\u00f6cken.<\/li>\n<\/ul>\n<h3><strong>3. Produktionsanlagen<\/strong><\/h3>\n<ul>\n<li><strong>Einfache Installation und Wartung<\/strong>In Produktionsumgebungen, wo Ausfallzeiten kostspielig sein k\u00f6nnen, sind unsere Seitenschubzylinder schnell zu installieren und einfach zu warten, wodurch minimale Unterbrechungen des Produktionsablaufs gew\u00e4hrleistet werden.<\/li>\n<li><strong>Verbesserte Sicherheit<\/strong>Die durch diese Zylinder erm\u00f6glichte pr\u00e4zise Steuerung verringert das Unfallrisiko beim Bewegen schwerer Maschinen oder Materialien.<\/li>\n<\/ul>\n<h3><strong>4. Logistik- und Vertriebszentren<\/strong><\/h3>\n<ul>\n<li><strong>Hochleistungsf\u00e4higkeit<\/strong>: Unser\u00a0<strong>Seitlich verschiebbare Hydraulikzylinder f\u00fcr gro\u00dfe Gabelstapler<\/strong>\u00a0sind ideal f\u00fcr den Umschlag von Paletten, Containern und \u00fcbergro\u00dfen Ladungen in gro\u00dfen Distributionszentren.<\/li>\n<li><strong>Kosteng\u00fcnstige L\u00f6sung<\/strong>Durch die Verbesserung der Effizienz von Gabelstaplern und die Reduzierung des Wartungsaufwands tragen diese Zylinder dazu bei, die Betriebskosten im Laufe der Zeit zu senken.<\/li>\n<\/ul>\n<h4><strong>5. H\u00e4fen und Werften<\/strong><\/h4>\n<ul>\n<li><strong>Langanhaltende Leistung<\/strong>Diese Zylinder sind f\u00fcr den harten Einsatz konzipiert und eignen sich perfekt f\u00fcr Hafenbetriebe, wo Gabelstapler st\u00e4ndig gro\u00dfe Container und schwere Fracht bewegen.<\/li>\n<li><strong>Witterungsbest\u00e4ndiges Design<\/strong>Die robuste Konstruktion gew\u00e4hrleistet eine zuverl\u00e4ssige Leistung im Au\u00dfenbereich, selbst unter schwierigen Wetterbedingungen.<\/li>\n<\/ul>\n<h4><strong>6. Recycling und Abfallmanagement<\/strong><\/h4>\n<ul>\n<li><strong>Robust und zuverl\u00e4ssig<\/strong>: Unser\u00a0<strong>Hochleistungs-Seitenschubzylinder f\u00fcr Gabelstapler<\/strong>\u00a0Sie sind so konstruiert, dass sie den harten Bedingungen in Recyclinganlagen standhalten, wo Gabelstapler schwere Ballen mit recycelbaren Materialien bewegen.<\/li>\n<li><strong>Reduzierte Ausfallzeiten<\/strong>Die einfache Wartung und Reparatur gew\u00e4hrleisten, dass die Ger\u00e4te auch unter anspruchsvollen Bedingungen der Abfallwirtschaft betriebsbereit bleiben.<\/li>\n<\/ul>\n<h2><strong>Warum sollten Sie sich f\u00fcr unsere Seitenschub-Hydraulikzylinder entscheiden?<\/strong><\/h2>\n<p>Wenn es um\u00a0<strong>Gabelstapleranbauger\u00e4te<\/strong>, unser\u00a0<strong>Seitlich verschiebbare Hydraulikzylinder f\u00fcr gro\u00dfe Gabelstapler<\/strong>\u00a0Diese Zylinder sind ein echter Wendepunkt. Sie wurden entwickelt, um Leistung und Effizienz zu optimieren und sind die perfekte Erg\u00e4nzung f\u00fcr Ihre Schwerlastger\u00e4te.<\/p>\n<ul>\n<li><strong>Pr\u00e4zise Seitw\u00e4rtsverschiebung<\/strong>Diese Zylinder wurden f\u00fcr gro\u00dfe Gabelstapler entwickelt und erm\u00f6glichen ein sanftes und pr\u00e4zises Seitw\u00e4rtsverschieben, wodurch sie sich ideal f\u00fcr den Umgang mit schweren Lasten auf engstem Raum eignen.<\/li>\n<li><strong>Langlebige Konstruktion<\/strong>: Gebaut f\u00fcr die Ewigkeit, unsere\u00a0<strong>Hydraulikzylinder f\u00fcr die Seitenverschiebung gro\u00dfer Gabelstapler<\/strong>\u00a0Sie werden aus hochwertigen Materialien hergestellt und gew\u00e4hrleisten so eine zuverl\u00e4ssige Leistung auch unter h\u00e4rtesten industriellen Bedingungen.<\/li>\n<li><strong>Einfache Installation und Wartung<\/strong>Diese Produkte wurden mit Blick auf Benutzerfreundlichkeit entwickelt.\u00a0<strong>Hochleistungs-Seitenschubzylinder f\u00fcr Gabelstapler<\/strong>\u00a0Sie sind schnell zu installieren und einfach zu warten, wodurch Ausfallzeiten reduziert und ein reibungsloser Betriebsablauf gew\u00e4hrleistet werden.<\/li>\n<\/ul>\n<p>Suchen Sie nach Hochleistungs-Gabelstaplerzylindern? Schauen Sie sich unsere <a href=\"https:\/\/www.hydraulic-cylinders.net\/de\/forklift-hydraulic-cylinder\/\">Hochleistungs-Hydraulikzylinder<\/a>.<\/p>\n<h3><strong>Ideal f\u00fcr die Wartung und Reparatur von Gabelstaplern<\/strong><\/h3>\n<p>Ob Sie nun eine Routine durchf\u00fchren\u00a0<strong>Gabelstaplerwartung<\/strong>\u00a0oder ben\u00f6tigen eine zuverl\u00e4ssige L\u00f6sung f\u00fcr\u00a0<strong>Reparatur von Hydraulikzylindern<\/strong>Unsere Seitenschubzylinder sind so konstruiert, dass sie Betriebsst\u00f6rungen minimieren und die Lebensdauer Ihrer Anlagen verl\u00e4ngern. Dank ihrer robusten Bauweise eignen sie sich f\u00fcr anspruchsvolle Anwendungen und sind somit eine kosteng\u00fcnstige Wahl f\u00fcr industrielle Betriebe.<\/p>\n<h2><strong>Produktionsbereich f\u00fcr Gabelstaplerzylinder:<\/strong><\/h2>\n<h2><img loading=\"lazy\" decoding=\"async\" class=\"alignnone size-full wp-image-16972\" src=\"https:\/\/www.hydraulic-cylinders.net\/wp-content\/uploads\/2025\/01\/hydraulic-cylinder-factory-1-scaled.webp\" sizes=\"(min-width: 0px) and (max-width: 480px) 480px, (min-width: 481px) and (max-width: 980px) 980px, (min-width: 981px) and (max-width: 1280px) 1280px, (min-width: 1281px) 2016px, 100vw\" srcset=\"https:\/\/www.hydraulic-cylinders.net\/wp-content\/uploads\/2025\/01\/hydraulic-cylinder-factory-1-scaled.webp 2016w, https:\/\/www.hydraulic-cylinders.net\/wp-content\/uploads\/2025\/01\/hydraulic-cylinder-factory-1-1280x1625.webp 1280w, https:\/\/www.hydraulic-cylinders.net\/wp-content\/uploads\/2025\/01\/hydraulic-cylinder-factory-1-980x1244.webp 980w, https:\/\/www.hydraulic-cylinders.net\/wp-content\/uploads\/2025\/01\/hydraulic-cylinder-factory-1-480x610.webp 480w\" alt=\"\" width=\"2016\" height=\"2560\" \/><\/h2>\n<p>Wir verf\u00fcgen \u00fcber eine erstklassige, unabh\u00e4ngige F&amp;E-Plattform f\u00fcr die Montage. Die Produktionswerkstatt f\u00fcr Gabelstaplerzylinder hat vier halbautomatische Montagelinien f\u00fcr Hubzylinder und eine vollautomatische Montagelinie f\u00fcr Kippzylinder mit einer geplanten j\u00e4hrlichen Produktionskapazit\u00e4t von Millionen St\u00fcck. Die Spezialzylinderwerkstatt verf\u00fcgt \u00fcber halbautomatische Reinigungs- und Montagesysteme unterschiedlicher Spezifikationen mit einer geplanten j\u00e4hrlichen Produktionskapazit\u00e4t von 200.000 St\u00fcck. Sie ist mit CNC-Bearbeitungsmaschinen namhafter Marken, Bearbeitungszentren, Spezialger\u00e4ten f\u00fcr die hochpr\u00e4zise Zylinderbearbeitung, Roboterschwei\u00dfger\u00e4ten, automatischen Reinigungsmaschinen, automatischen Zylindermontagemaschinen und automatischen Lackierproduktionslinien ausgestattet. Wir haben mehr als 300 S\u00e4tze wichtiger Ger\u00e4te in Betrieb. Die optimierte Zuweisung und effiziente Nutzung der Ger\u00e4teressourcen gew\u00e4hrleistet die Pr\u00e4zisionsanforderungen der Produkte und erf\u00fcllt die hohen Standardqualit\u00e4tsanforderungen der Produkte.<\/p>\n<p>Die Bearbeitungswerkstatt ist mit ma\u00dfgefertigten Drehzentren mit kippbaren F\u00fchrungsschienen, Bearbeitungszentren, Hochgeschwindigkeits-Honmaschinen, Schwei\u00dfrobotern und anderen relevanten Ger\u00e4ten ausgestattet, die die Bearbeitung von Zylinderrohren mit einem maximalen Innendurchmesser von 400 mm und einer maximalen L\u00e4nge von 6 Metern bew\u00e4ltigen k\u00f6nnen.<\/p>\n<h2><img loading=\"lazy\" decoding=\"async\" class=\"alignnone size-full wp-image-16973\" src=\"https:\/\/www.hydraulic-cylinders.net\/wp-content\/uploads\/2025\/01\/hydraulic-cylinder-factory-2-scaled.webp\" sizes=\"(min-width: 0px) and (max-width: 480px) 480px, (min-width: 481px) and (max-width: 980px) 980px, (min-width: 981px) and (max-width: 1280px) 1280px, (min-width: 1281px) 2011px, 100vw\" srcset=\"https:\/\/www.hydraulic-cylinders.net\/wp-content\/uploads\/2025\/01\/hydraulic-cylinder-factory-2-scaled.webp 2011w, https:\/\/www.hydraulic-cylinders.net\/wp-content\/uploads\/2025\/01\/hydraulic-cylinder-factory-2-1280x1629.webp 1280w, https:\/\/www.hydraulic-cylinders.net\/wp-content\/uploads\/2025\/01\/hydraulic-cylinder-factory-2-980x1248.webp 980w, https:\/\/www.hydraulic-cylinders.net\/wp-content\/uploads\/2025\/01\/hydraulic-cylinder-factory-2-480x611.webp 480w\" alt=\"\" width=\"2011\" height=\"2560\" \/><\/h2>\n<p>Wir verf\u00fcgen \u00fcber eine vollautomatische Lackieranlage f\u00fcr kleine und mittelgro\u00dfe Zylinder mit automatischer Be- und Entladung sowie automatischen Spr\u00fchrobotern und einer Produktionskapazit\u00e4t von 4.000 Pl\u00e4tzen pro Schicht. F\u00fcr gro\u00dfe Zylinder haben wir eine weitere halbautomatische Lackieranlage mit Kettenantrieb und einer Kapazit\u00e4t von 60 Kisten pro Schicht.<\/p>\n<p>Um die Produktleistung weiter zu verbessern und die F\u00fchrungsposition unserer Hydraulikzylinder in der Branche zu etablieren, haben unser Unternehmen und zjimee gemeinsam ein umfassendes Leistungslabor f\u00fcr Hydraulikzylinder, Hydraulikventile und Hydraulikpumpen eingerichtet. Das Labor f\u00fchrt computergest\u00fctzte Tests mithilfe elektrohydraulischer Technologie durch. Die Testbedingungen werden von einem Computer voreingestellt, wodurch die Testgenauigkeit und Systemvielseitigkeit sowie die experimentellen Daten verbessert werden.<\/p>\n<p>Die automatische Datenerfassung erfolgt mittels Sensoren. Die Ausgabedaten, wie z. B. die interne Leckage und der Wirkungsgrad des Zylinders oder des Ventils, werden direkt vom Computer verarbeitet und in Standardeinheiten (ml\/min, 1 TP, 3 T) umgerechnet. Gleichzeitig wird zur Gew\u00e4hrleistung der Betriebssicherheit des Hydrauliksystems eine Zustands\u00fcberwachung wichtiger Leistungsparameter wie \u00d6ltemperatur, Fl\u00fcssigkeitsstand und Filterfunktion durchgef\u00fchrt. Der Hydraulikzylinder-Pr\u00fcfstand kann unter anderem die Leistungsf\u00e4higkeit des Zylinders unter Last testen.<br \/>\nDie Effizienz und die interne Leckage werden durch Messwerte ermittelt. Gleichzeitig ist das Ger\u00e4t mit einem Messgitter ausgestattet, das alle Pr\u00fcfanforderungen f\u00fcr Hydraulikzylinder gem\u00e4\u00df nationaler Norm erf\u00fcllt.<\/p>\n<h3><strong>FAQ-Bereich:<\/strong><\/h3>\n<p><strong>F: Was sind die wichtigsten Merkmale von Seitenschub-Hydraulikzylindern f\u00fcr gro\u00dfe Gabelstapler?<\/strong><br \/>\nA: Unsere Seitenschub-Hydraulikzylinder sind f\u00fcr gro\u00dfe Gabelstapler konzipiert und bieten pr\u00e4zises Seitenschieben, eine robuste Konstruktion f\u00fcr dauerhafte Leistung und eine einfache Installation zur Reduzierung von Ausfallzeiten.<\/p>\n<p><strong>F: Sind diese Zylinder auch f\u00fcr anspruchsvolle Anwendungen geeignet?<\/strong><br \/>\nA: Ja, diese Zylinder sind speziell f\u00fcr den Einsatz unter hoher Belastung konzipiert und eignen sich daher ideal f\u00fcr industrielle Umgebungen wie Baustellen, Lagerhallen und H\u00e4fen.<\/p>\n<p><strong>F: Sind diese Hydraulikzylinder einfach zu montieren?<\/strong><br \/>\nA: Absolut! Unsere Seitenschubzylinder sind f\u00fcr eine schnelle und problemlose Installation ausgelegt, wodurch Ausfallzeiten minimiert und sichergestellt wird, dass Ihr Gabelstapler schnell wieder einsatzbereit ist.<\/p>\n<p>&nbsp;<\/p>","protected":false},"excerpt":{"rendered":"<p>Side Shift Hydraulic Cylinders For Large Forklift Looking for reliable and efficient\u00a0Side Shift Hydraulic Cylinders for Large Forklifts? Our high-performance\u00a0Hydraulic Cylinders for Forklift Side Shifting\u00a0are designed to meet the demands of compact forklifts, offering precise side shifting for enhanced maneuverability in tight spaces. Built with\u00a0durable construction, these cylinders ensure long-lasting performance even in the toughest [&hellip;]<\/p>","protected":false},"featured_media":17581,"comment_status":"open","ping_status":"closed","template":"","meta":{"_et_pb_use_builder":"","_et_pb_old_content":"","_et_gb_content_width":""},"product_brand":[],"product_cat":[1550,1484,1376],"product_tag":[],"class_list":{"0":"post-17579","1":"product","2":"type-product","3":"status-publish","4":"has-post-thumbnail","6":"product_cat-double-acting-hydraulic-cylinder","7":"product_cat-forklift-hydraulic-cylinders","8":"product_cat-hydraulic-cylinder","10":"first","11":"instock","12":"shipping-taxable","13":"product-type-simple"},"amp_enabled":true,"_links":{"self":[{"href":"https:\/\/www.hydraulic-cylinders.net\/de\/wp-json\/wp\/v2\/product\/17579","targetHints":{"allow":["GET"]}}],"collection":[{"href":"https:\/\/www.hydraulic-cylinders.net\/de\/wp-json\/wp\/v2\/product"}],"about":[{"href":"https:\/\/www.hydraulic-cylinders.net\/de\/wp-json\/wp\/v2\/types\/product"}],"replies":[{"embeddable":true,"href":"https:\/\/www.hydraulic-cylinders.net\/de\/wp-json\/wp\/v2\/comments?post=17579"}],"wp:featuredmedia":[{"embeddable":true,"href":"https:\/\/www.hydraulic-cylinders.net\/de\/wp-json\/wp\/v2\/media\/17581"}],"wp:attachment":[{"href":"https:\/\/www.hydraulic-cylinders.net\/de\/wp-json\/wp\/v2\/media?parent=17579"}],"wp:term":[{"taxonomy":"product_brand","embeddable":true,"href":"https:\/\/www.hydraulic-cylinders.net\/de\/wp-json\/wp\/v2\/product_brand?post=17579"},{"taxonomy":"product_cat","embeddable":true,"href":"https:\/\/www.hydraulic-cylinders.net\/de\/wp-json\/wp\/v2\/product_cat?post=17579"},{"taxonomy":"product_tag","embeddable":true,"href":"https:\/\/www.hydraulic-cylinders.net\/de\/wp-json\/wp\/v2\/product_tag?post=17579"}],"curies":[{"name":"wp","href":"https:\/\/api.w.org\/{rel}","templated":true}]}}