{"id":1758,"date":"2023-10-13T03:29:58","date_gmt":"2023-10-13T03:29:58","guid":{"rendered":"https:\/\/hydraulic-cylinders.net\/?post_type=product&#038;p=1758"},"modified":"2025-04-15T05:55:27","modified_gmt":"2025-04-15T05:55:27","slug":"cutter-suction-dredger-piling-cylinder","status":"publish","type":"product","link":"https:\/\/www.hydraulic-cylinders.net\/de\/produkt\/cutter-suction-dredger-piling-cylinder\/","title":{"rendered":"Schneidkopf-Saugbagger-Pfahlzylinder"},"content":{"rendered":"<h1 style=\"text-align: center;\"><strong>Schneidkopf-Saugbagger-Pfahlzylinder<\/strong><\/h1>\n<p><img loading=\"lazy\" decoding=\"async\" class=\"aligncenter wp-image-1759\" src=\"https:\/\/hydraulic-cylinders.net\/wp-content\/uploads\/2023\/10\/cutter-suction-dredger-piling-cylinder-1-300x300.webp\" alt=\"\" width=\"400\" height=\"400\" \/><\/p>\n<p>Der Rammzylinder f\u00fcr Schneidkopfbagger ist ein leistungsstarkes und vielseitiges Hydraulikger\u00e4t, das speziell f\u00fcr maritime Bauprojekte entwickelt wurde. Dank seiner robusten Bauweise und hohen Leistungsf\u00e4higkeit ist dieser Rammzylinder eine Schl\u00fcsselkomponente moderner Baggerarbeiten.<\/p>\n<p>Der Rammzylinder f\u00fcr Schneidkopfsaugbagger ist ein zuverl\u00e4ssiges und vielseitiges Hydraulikger\u00e4t, das die Effizienz von Wasserbauprojekten deutlich steigert. Dank seiner robusten Konstruktion, des einstellbaren Hubs und des leistungsstarken Hydrauliksystems erm\u00f6glicht er pr\u00e4zise und effiziente Rammarbeiten. Durch die Einhaltung der korrekten Anwendungsmethoden und regelm\u00e4\u00dfige Wartung maximieren Anwender die Lebensdauer und Leistungsf\u00e4higkeit dieser wichtigen Komponente f\u00fcr Schneidkopfsaugbagger. Investieren Sie in den Rammzylinder f\u00fcr Schneidkopfsaugbagger und profitieren Sie von h\u00f6herer Produktivit\u00e4t und Genauigkeit bei Ihren Wasserbauprojekten.<\/p>\n<p>Hauptmerkmale des Schneidkopf-Saugbagger-Pfahlzylinders:<\/p>\n<ol>\n<li>Robuste Konstruktion: Der Rammzylinder f\u00fcr Schneidkopfsaugbagger ist so konstruiert, dass er den anspruchsvollen Bedingungen in maritimen Umgebungen standh\u00e4lt. Gefertigt aus hochwertigen Materialien, bietet er hervorragende Best\u00e4ndigkeit gegen Korrosion, Abrieb und St\u00f6\u00dfe und gew\u00e4hrleistet so eine lange Lebensdauer.<\/li>\n<li>Hydraulische Leistung: Ausgestattet mit einem Hochleistungshydrauliksystem liefert dieser Rammzylinder beeindruckende Kraft und Pr\u00e4zision. Er \u00fcbertr\u00e4gt die hydraulische Energie effizient f\u00fcr den Rammvorgang und sorgt so f\u00fcr h\u00f6here Produktivit\u00e4t und Genauigkeit.<\/li>\n<li>Einstellbare Hubl\u00e4nge: Der Rammzylinder bietet die Flexibilit\u00e4t, die Hubl\u00e4nge an die spezifischen Projektanforderungen anzupassen. Diese Anpassungsf\u00e4higkeit erm\u00f6glicht eine pr\u00e4zise Kontrolle der Rammtiefe und erf\u00fcllt somit vielf\u00e4ltige Anforderungen im Wasserbau.<\/li>\n<\/ol>\n<h2><strong>Parameter des Saugbagger-Pfahlzylinders:<\/strong><\/h2>\n<table border=\"1\" cellspacing=\"0\" cellpadding=\"0\">\n<tbody>\n<tr>\n<td>Produktname<\/td>\n<td>Schneidkopf-Saugbagger-Fahrzylinder<\/td>\n<\/tr>\n<tr>\n<td>Merkmale:<\/td>\n<td>Ist das wichtigste Ausf\u00fchrungselement des Fahrmechanismus des Schneidkopf-Saugbaggers<\/td>\n<\/tr>\n<tr>\n<td>Bohrungsdurchmesser:<\/td>\n<td>Bis zu 480 mm<\/td>\n<\/tr>\n<tr>\n<td>Stangendurchmesser:<\/td>\n<td>Bis zu 360 mm<br \/>\nHub bis zu 9400 mm<\/td>\n<\/tr>\n<tr>\n<td>Druck:<\/td>\n<td>bis zu 32 MPa<\/td>\n<\/tr>\n<tr>\n<td>Schubkraft:<\/td>\n<td>Maximal 2900 kN<\/td>\n<\/tr>\n<tr>\n<td>Anwendungen:<\/td>\n<td>Schneidkopf-Saugbagger<\/td>\n<\/tr>\n<\/tbody>\n<\/table>\n<div><\/div>\n<div>\n<div class=\"txtboxL\">\n<div class=\"txtboxL\">\n<div class=\"txtboxL\">\n<div class=\"txtboxL\">\n<div class=\"txtboxL\">\n<div class=\"txtboxL\">\n<div class=\"txtboxL\">\n<div class=\"txtboxL\">Merkmale:<\/div>\n<div class=\"txtboxR\">Ist das wichtigste Ausf\u00fchrungselement des Fahrmechanismus des Schneidkopf-Saugbaggers<\/div>\n<div class=\"txtboxL\">Spezifikation:<\/div>\n<div class=\"txtboxR\">Bohrungsdurchmesser: bis zu 480 mm<br \/>\nStangendurchmesser: bis 360mm<br \/>\nHub bis zu 9400 mm<\/div>\n<div class=\"txtboxL\">Druck:<\/div>\n<div class=\"txtboxR\">bis zu 32 MPa<\/div>\n<div class=\"txtboxL\">Schubkraft:<\/div>\n<div class=\"txtboxR\">Maximal 2900 kN<\/div>\n<\/div>\n<\/div>\n<\/div>\n<\/div>\n<\/div>\n<\/div>\n<\/div>\n<\/div>\n<h2><strong>Baggertank-Schneid-Saugzylinder Anwendung:<\/strong><\/h2>\n<p><img loading=\"lazy\" decoding=\"async\" class=\"alignnone wp-image-1757 size-full\" src=\"https:\/\/hydraulic-cylinders.net\/wp-content\/uploads\/2023\/10\/dredger-tank-cylinder-1.webp\" alt=\"\" width=\"600\" height=\"400\" srcset=\"https:\/\/hydraulic-cylinders.net\/wp-content\/uploads\/2023\/10\/dredger-tank-cylinder-1.webp 600w, https:\/\/hydraulic-cylinders.net\/wp-content\/uploads\/2023\/10\/dredger-tank-cylinder-1-480x320.webp 480w\" sizes=\"(min-width: 0px) and (max-width: 480px) 480px, (min-width: 481px) 600px, 100vw\" \/><\/p>\n<h2><strong>Anwendungsmethode des Schneidkopfes Saugbagger Rammzylinder<\/strong><strong>:<\/strong><\/h2>\n<ul>\n<li><strong>Vorbereitung:<\/strong> Vor Beginn der Rammarbeiten ist sicherzustellen, dass alle Sicherheitsvorschriften eingehalten werden. Der Rammzylinder, seine Anschl\u00fcsse und das Hydrauliksystem sind auf Besch\u00e4digungen oder Leckagen zu pr\u00fcfen. Es ist zu vergewissern, dass die Hydraulikversorgung korrekt angeschlossen ist und funktioniert.<\/li>\n<li><strong>Positionierung:<\/strong> Positionieren Sie den Rammzylinder des Schneidsaugbaggers an der gew\u00fcnschten Stelle f\u00fcr die Rammarbeiten. Richten Sie ihn auf den Zielbereich aus und gew\u00e4hrleisten Sie dabei die erforderliche Stabilit\u00e4t und Unterst\u00fctzung.<\/li>\n<li><strong>Verbindung:<\/strong> Verbinden Sie den Rammzylinder mithilfe kompatibler Armaturen und Schl\u00e4uche mit der Hydraulikquelle. Vergewissern Sie sich, dass die Verbindungen fest sitzen und dicht sind.<\/li>\n<li><strong>Einstellen der Hubl\u00e4nge:<\/strong> Stellen Sie die gew\u00fcnschte Hubl\u00e4nge am Rammzylinder unter Ber\u00fccksichtigung der f\u00fcr den Rammvorgang erforderlichen Tiefe ein. Passen Sie die Hubl\u00e4nge mithilfe der vorhandenen Bedienelemente oder Mechanismen gem\u00e4\u00df den Anweisungen des Herstellers an.<\/li>\n<li><strong>Rammarbeiten:<\/strong> Aktivieren Sie die Hydraulik, um den Rammvorgang zu starten. Der Rammzylinder des Schneidkopfbaggers dr\u00fcckt die Pf\u00e4hle in den Meeres- oder Flussgrund. \u00dcberwachen Sie den Vorgang genau, um die gew\u00fcnschte Tiefe und Genauigkeit sicherzustellen.<\/li>\n<\/ul>\n<h2><strong>Wie packt man einen Hydraulikzylinder neu?<\/strong><\/h2>\n<p>Das Nachfetten eines Hydraulikzylinders umfasst den Austausch der Dichtungen und anderer Bauteile, um seine Funktionsf\u00e4higkeit wiederherzustellen und Leckagen zu verhindern. Hier finden Sie eine allgemeine Anleitung zum Nachfetten eines Hydraulikzylinders:<\/p>\n<ol>\n<li><strong>Sicherheitsvorkehrungen:<\/strong>\n<ul>\n<li>Stellen Sie sicher, dass das Hydrauliksystem drucklos ist und der Zylinder vollst\u00e4ndig ausgefahren ist.<\/li>\n<li>Um eine versehentliche Aktivierung des Systems zu verhindern, m\u00fcssen die korrekten Sperr- und Kennzeichnungsverfahren eingehalten werden.<\/li>\n<\/ul>\n<\/li>\n<li><strong>Zylinderausbau:<\/strong>\n<ul>\n<li>Alle mit dem Zylinder verbundenen Hydraulikschl\u00e4uche und -armaturen abklemmen.<\/li>\n<li>Entfernen Sie alle Haltebolzen oder Schrauben, mit denen der Zylinder an der Maschine befestigt ist.<\/li>\n<li>Den Zylinder vorsichtig aus seinen Halterungen oder Anschl\u00fcssen herausschieben oder man\u00f6vrieren.<\/li>\n<\/ul>\n<\/li>\n<li><strong>Demontage:<\/strong>\n<ul>\n<li>Stellen Sie den Zylinder auf eine saubere Arbeitsfl\u00e4che.<\/li>\n<li>Entfernen Sie die Endkappe(n) des Zylinders mit geeignetem Werkzeug, z. B. Schraubenschl\u00fcsseln oder Steckschl\u00fcssels\u00e4tzen.<\/li>\n<li>Beachten Sie beim Auseinandernehmen die Reihenfolge und Ausrichtung der Bauteile.<\/li>\n<li>Entfernen Sie Kolben, Pleuelstange und Dichtungen aus dem Zylinderlauf.<\/li>\n<\/ul>\n<\/li>\n<li><strong>Dichtungswechsel:<\/strong>\n<ul>\n<li>Pr\u00fcfen Sie die alten Dichtungen auf Besch\u00e4digungen oder Verschlei\u00df und ersetzen Sie sie durch neue Dichtungen gleicher Gr\u00f6\u00dfe und Art.<\/li>\n<li>Die neuen Dichtungen vor dem Einbau mit Hydraulik\u00f6l einfetten.<\/li>\n<li>Setzen Sie die neuen Dichtungen vorsichtig in die vorgesehenen Nuten ein und achten Sie darauf, dass sie richtig sitzen.<\/li>\n<\/ul>\n<\/li>\n<li><strong>Komponentenpr\u00fcfung und -reinigung:<\/strong>\n<ul>\n<li>Pr\u00fcfen Sie Kolben, Pleuelstange und andere Bauteile auf Anzeichen von Besch\u00e4digung oder Verschlei\u00df.<\/li>\n<li>Reinigen Sie alle Teile gr\u00fcndlich mit einem geeigneten Reinigungsmittel, um Schmutz, Ablagerungen und Hydraulikfl\u00fcssigkeitsreste zu entfernen.<\/li>\n<li>Vor dem Zusammenbau sicherstellen, dass alle Oberfl\u00e4chen trocken sind.<\/li>\n<\/ul>\n<\/li>\n<li><strong>Zusammenbau:<\/strong>\n<ul>\n<li>Setzen Sie Kolben, Pleuelstange und Dichtungen in der richtigen Reihenfolge und Ausrichtung wieder in den Zylinder ein.<\/li>\n<li>Tragen Sie eine d\u00fcnne Schicht Hydraulik\u00f6l auf die Dichtungen und andere Kontaktfl\u00e4chen auf.<\/li>\n<li>Bringen Sie die Endkappe(n) vorsichtig wieder an und ziehen Sie sie gem\u00e4\u00df den Herstellervorgaben fest.<\/li>\n<li>Stellen Sie sicher, dass alle Gewindeverbindungen korrekt ausgerichtet und fest angezogen sind.<\/li>\n<\/ul>\n<\/li>\n<li><strong>Wiedereinbau des Zylinders:<\/strong>\n<ul>\n<li>Den wieder zusammengebauten Zylinder zur\u00fcck in seine Halterungen oder Anschl\u00fcsse schieben oder man\u00f6vrieren.<\/li>\n<li>Bringen Sie alle Sicherungsstifte oder -schrauben wieder an, um den Zylinder zu fixieren.<\/li>\n<li>Schlie\u00dfen Sie die Hydraulikschl\u00e4uche oder -armaturen wieder an den Zylinder an und achten Sie dabei auf die korrekte Ausrichtung und den festen Sitz.<\/li>\n<\/ul>\n<\/li>\n<li><strong>Pr\u00fcfung und Inspektion:<\/strong>\n<ul>\n<li>Das Hydrauliksystem muss wieder unter Druck gesetzt werden und es muss auf Lecks oder Funktionsst\u00f6rungen gepr\u00fcft werden.<\/li>\n<li>Den Zylinder vollst\u00e4ndig aus- und einfahren, um eine reibungslose Bewegung und einwandfreie Funktion zu gew\u00e4hrleisten.<\/li>\n<li>\u00dcberpr\u00fcfen Sie den Zylinder und seine Anschl\u00fcsse auf Undichtigkeiten oder andere Probleme.<\/li>\n<\/ul>\n<\/li>\n<\/ol>\n<h2><strong>F\u00e4higkeit und Kapazit\u00e4t der Fabrik:<\/strong><\/h2>\n<h3>(1) Montage<\/h3>\n<p>Wir verf\u00fcgen \u00fcber eine erstklassige, unabh\u00e4ngige Forschungs- und Entwicklungsmontageplattform. Die Hydraulikzylinder-Produktionswerkstatt verf\u00fcgt \u00fcber vier halbautomatische Montagelinien f\u00fcr Hubzylinder und eine automatische Montagelinie f\u00fcr Kippzylinder mit einer geplanten j\u00e4hrlichen Produktionskapazit\u00e4t von 1 Million St\u00fcck. Die Spezialzylinderwerkstatt ist mit verschiedenen Spezifikationen eines halbautomatischen Reinigungsmontagesystems mit einer geplanten j\u00e4hrlichen Produktionskapazit\u00e4t von 200.000 ausgestattet und mit renommierten CNC-Bearbeitungsger\u00e4ten, einem Bearbeitungszentrum, einer hochpr\u00e4zisen Spezialausr\u00fcstung f\u00fcr die Zylinderverarbeitung, einer Roboterschwei\u00dfmaschine, einer automatischen Reinigungsmaschine, einer automatischen Zylindermontagemaschine und einer automatischen Lackierproduktionslinie ausgestattet. Es sind mehr als 300 Sets (S\u00e4tze) an kritischer Ausr\u00fcstung vorhanden. Die optimale Zuweisung und effiziente Nutzung der Ausr\u00fcstungsressourcen gew\u00e4hrleistet die Genauigkeitsanforderungen der Produkte und erf\u00fcllt die hohen Qualit\u00e4tsanforderungen der Produkte.<\/p>\n<p><img loading=\"lazy\" decoding=\"async\" class=\"alignnone wp-image-626\" src=\"https:\/\/hydraulic-cylinders.net\/wp-content\/uploads\/2023\/08\/hydraulic-cylinder-product-1-300x158.webp\" alt=\"\" width=\"495\" height=\"260\" srcset=\"https:\/\/hydraulic-cylinders.net\/wp-content\/uploads\/2023\/08\/hydraulic-cylinder-product-1-300x158.webp 495w, https:\/\/hydraulic-cylinders.net\/wp-content\/uploads\/2023\/08\/hydraulic-cylinder-product-1-480x252.webp 480w\" sizes=\"(min-width: 0px) and (max-width: 480px) 480px, (min-width: 481px) 495px, 100vw\" \/> <img loading=\"lazy\" decoding=\"async\" class=\"alignnone wp-image-627\" src=\"https:\/\/hydraulic-cylinders.net\/wp-content\/uploads\/2023\/08\/hydraulic-cylinder-product-2-300x189.webp\" alt=\"\" width=\"413\" height=\"260\" \/><\/p>\n<h3>(2) Bearbeitungen<\/h3>\n<p>Die Bearbeitungswerkstatt ist mit einem ma\u00dfgeschneiderten Schr\u00e4gschienen-Drehzentrum, einem Bearbeitungszentrum, einer Hochgeschwindigkeits-Honmaschine, einem Schwei\u00dfroboter und anderen zugeh\u00f6rigen Ger\u00e4ten ausgestattet, die die Bearbeitung von Zylinderrohren mit einem maximalen Innendurchmesser von 400 mm und einer maximalen L\u00e4nge von 6 Metern erm\u00f6glichen.<\/p>\n<p><img loading=\"lazy\" decoding=\"async\" class=\"alignnone wp-image-628 size-large\" src=\"https:\/\/hydraulic-cylinders.net\/wp-content\/uploads\/2023\/08\/hydraulic-cylinder-product-3-1024x391.webp\" alt=\"\" width=\"1024\" height=\"391\" srcset=\"https:\/\/hydraulic-cylinders.net\/wp-content\/uploads\/2023\/08\/hydraulic-cylinder-product-3-980x374.webp 980w, https:\/\/hydraulic-cylinders.net\/wp-content\/uploads\/2023\/08\/hydraulic-cylinder-product-3-480x183.webp 480w\" sizes=\"(min-width: 0px) and (max-width: 480px) 480px, (min-width: 481px) and (max-width: 980px) 980px, (min-width: 981px) 1024px, 100vw\" \/><\/p>\n<h3>(3) Schwei\u00dfen<\/h3>\n<p><img loading=\"lazy\" decoding=\"async\" class=\"alignnone wp-image-629 size-large\" src=\"https:\/\/hydraulic-cylinders.net\/wp-content\/uploads\/2023\/08\/hydraulic-cylinder-product-4-1024x510.webp\" alt=\"\" width=\"1024\" height=\"510\" srcset=\"https:\/\/hydraulic-cylinders.net\/wp-content\/uploads\/2023\/08\/hydraulic-cylinder-product-4-980x488.webp 980w, https:\/\/hydraulic-cylinders.net\/wp-content\/uploads\/2023\/08\/hydraulic-cylinder-product-4-480x239.webp 480w\" sizes=\"(min-width: 0px) and (max-width: 480px) 480px, (min-width: 481px) and (max-width: 980px) 980px, (min-width: 981px) 1024px, 100vw\" \/><\/p>\n<h3>(4) Malerei und Beschichtung<\/h3>\n<p>Mit kleinen und mittleren Zylinder automatische Lackieranlagen auf Wasserbasis, zu erreichen automatische Roboter Be-und Entladen und automatische Spritzen, die Design-Kapazit\u00e4t von 4000 St\u00fcck pro Schicht;<br \/>\nWir verf\u00fcgen auch \u00fcber eine halbautomatische Lackieranlage f\u00fcr gro\u00dfe Zylinder, die von einer Energiekette angetrieben wird und eine Kapazit\u00e4t von 60 Kisten pro Schicht hat.<\/p>\n<p><img loading=\"lazy\" decoding=\"async\" class=\"alignnone wp-image-630\" src=\"https:\/\/hydraulic-cylinders.net\/wp-content\/uploads\/2023\/08\/hydraulic-cylinder-product-5-300x213.webp\" alt=\"\" width=\"366\" height=\"260\" \/> <img loading=\"lazy\" decoding=\"async\" class=\"alignnone wp-image-631\" src=\"https:\/\/hydraulic-cylinders.net\/wp-content\/uploads\/2023\/08\/hydraulic-cylinder-product-6-300x225.webp\" alt=\"\" width=\"347\" height=\"260\" \/><\/p>\n<h3>(5) Pr\u00fcfung<\/h3>\n<p>Wir verf\u00fcgen \u00fcber erstklassige Pr\u00fcfeinrichtungen und Pr\u00fcfst\u00e4nde, um sicherzustellen, dass die Leistung des Zylinders den Anforderungen entspricht.<\/p>\n<p><img loading=\"lazy\" decoding=\"async\" class=\"alignnone wp-image-632\" src=\"https:\/\/hydraulic-cylinders.net\/wp-content\/uploads\/2023\/08\/hydraulic-cylinder-product-8-300x200.webp\" alt=\"\" width=\"389\" height=\"260\" \/><\/p>\n<p>&nbsp;<\/p>\n<p>&nbsp;<\/p>\n<p>Wir sind einer der besten Hydraulikzylinderhersteller. Wir k\u00f6nnen umfassende Hydraulikzylinder anbieten. Wir bieten auch entsprechende <a href=\"https:\/\/hzpt.com\/agricultural-pto-gearbox\/\" target=\"_blank\" rel=\"noopener\">landwirtschaftliche Getriebe<\/a>. Wir haben unsere Produkte an Kunden weltweit exportiert und uns aufgrund unserer hervorragenden Produktqualit\u00e4t und unseres Kundendienstes einen guten Ruf erworben. Wir begr\u00fc\u00dfen Kunden im In- und Ausland, die uns kontaktieren, um Gesch\u00e4fte zu verhandeln, Informationen auszutauschen und <a href=\"https:\/\/www.hydraulic-cylinders.net\/de\/contact-us\/\">mit uns zusammenarbeiten<\/a>!<\/p>","protected":false},"excerpt":{"rendered":"<p>Cutter Suction Dredger Piling Cylinder The cutter suction dredger piling cylinder is a powerful and versatile hydraulic device designed specifically for marine construction projects. With its robust construction and high-performance capabilities, this piling cylinder is a key component in modern dredging operations. The cutter suction dredger piling cylinder is a reliable and versatile hydraulic device [&hellip;]<\/p>","protected":false},"featured_media":1760,"comment_status":"open","ping_status":"closed","template":"","meta":{"_et_pb_use_builder":"","_et_pb_old_content":"","_et_gb_content_width":""},"product_brand":[],"product_cat":[1535,1549,1552,1376],"product_tag":[1380],"class_list":{"0":"post-1758","1":"product","2":"type-product","3":"status-publish","4":"has-post-thumbnail","6":"product_cat-dredger-hydraulic-cylinders","7":"product_cat-single-acting-hydraulic-cylinder","8":"product_cat-stainless-steel-hydraulic-cylinder","9":"product_cat-hydraulic-cylinder","10":"product_tag-hydraulic-cylinder","12":"first","13":"instock","14":"shipping-taxable","15":"product-type-simple"},"amp_enabled":true,"_links":{"self":[{"href":"https:\/\/www.hydraulic-cylinders.net\/de\/wp-json\/wp\/v2\/product\/1758","targetHints":{"allow":["GET"]}}],"collection":[{"href":"https:\/\/www.hydraulic-cylinders.net\/de\/wp-json\/wp\/v2\/product"}],"about":[{"href":"https:\/\/www.hydraulic-cylinders.net\/de\/wp-json\/wp\/v2\/types\/product"}],"replies":[{"embeddable":true,"href":"https:\/\/www.hydraulic-cylinders.net\/de\/wp-json\/wp\/v2\/comments?post=1758"}],"wp:featuredmedia":[{"embeddable":true,"href":"https:\/\/www.hydraulic-cylinders.net\/de\/wp-json\/wp\/v2\/media\/1760"}],"wp:attachment":[{"href":"https:\/\/www.hydraulic-cylinders.net\/de\/wp-json\/wp\/v2\/media?parent=1758"}],"wp:term":[{"taxonomy":"product_brand","embeddable":true,"href":"https:\/\/www.hydraulic-cylinders.net\/de\/wp-json\/wp\/v2\/product_brand?post=1758"},{"taxonomy":"product_cat","embeddable":true,"href":"https:\/\/www.hydraulic-cylinders.net\/de\/wp-json\/wp\/v2\/product_cat?post=1758"},{"taxonomy":"product_tag","embeddable":true,"href":"https:\/\/www.hydraulic-cylinders.net\/de\/wp-json\/wp\/v2\/product_tag?post=1758"}],"curies":[{"name":"wp","href":"https:\/\/api.w.org\/{rel}","templated":true}]}}