{"id":17585,"date":"2025-03-18T05:51:01","date_gmt":"2025-03-18T05:51:01","guid":{"rendered":"https:\/\/www.hydraulic-cylinders.net\/?post_type=product&#038;p=17585"},"modified":"2025-04-11T03:15:29","modified_gmt":"2025-04-11T03:15:29","slug":"tilt-hydraulic-cylinders-for-large-forklift","status":"publish","type":"product","link":"https:\/\/www.hydraulic-cylinders.net\/de\/produkt\/tilt-hydraulic-cylinders-for-large-forklift\/","title":{"rendered":"Kipphydraulikzylinder f\u00fcr gro\u00dfe Gabelstapler"},"content":{"rendered":"<h1 style=\"text-align: center;\"><strong>Kipphydraulikzylinder f\u00fcr gro\u00dfe Gabelstapler<\/strong><\/h1>\n<p>Tilt hydraulic cylinders are essential components in large forklifts, designed to enhance their operational capabilities. These cylinders allow for precise tilting of the forklift&#8217;s forks, facilitating safe and efficient loading and unloading of materials. With their robust construction and advanced technology, tilt hydraulic cylinders significantly improve productivity in warehouses and construction sites.<\/p>\n<p>Neigehydraulische Zylinder sind f\u00fcr die optimale Funktionalit\u00e4t gro\u00dfer Gabelstapler unerl\u00e4sslich. Ihre F\u00e4higkeit, pr\u00e4zise Bewegungen zu erm\u00f6glichen, steigert nicht nur die Effizienz, sondern gew\u00e4hrleistet auch die Sicherheit beim Materialumschlag. Durch das Verst\u00e4ndnis ihrer Eigenschaften, Anwendungsmethoden und Wartungsanforderungen k\u00f6nnen Bediener die Vorteile dieser wichtigen Komponenten optimal nutzen. Die Investition in hochwertige neigehydraulische Zylinder garantiert verbesserte Leistung und Zuverl\u00e4ssigkeit in jeder anspruchsvollen Anwendung.<\/p>\n<h1 style=\"text-align: center;\"><img loading=\"lazy\" decoding=\"async\" class=\"alignnone wp-image-17587\" src=\"https:\/\/www.hydraulic-cylinders.net\/wp-content\/uploads\/2025\/03\/Tilt-hydraulic-cylinders-for-large-forklift.webp\" alt=\"Neigungshydraulzylinder f\u00fcr gro\u00dfe Gabelstapler\" width=\"500\" height=\"500\" srcset=\"https:\/\/www.hydraulic-cylinders.net\/wp-content\/uploads\/2025\/03\/Tilt-hydraulic-cylinders-for-large-forklift.webp 500w, https:\/\/www.hydraulic-cylinders.net\/wp-content\/uploads\/2025\/03\/Tilt-hydraulic-cylinders-for-large-forklift-480x480.webp 480w\" sizes=\"(min-width: 0px) and (max-width: 480px) 480px, (min-width: 481px) 500px, 100vw\" \/><\/h1>\n<p style=\"text-align: center;\"><strong>Kipphydraulikzylinder f\u00fcr gro\u00dfe Gabelstapler<\/strong><\/p>\n<h2><strong>Kipphydraulikzylinder f\u00fcr gro\u00dfe Gabelstapler <\/strong><strong>Technische Spezifikationen<\/strong><strong>:<\/strong><\/h2>\n<div class=\"Message_messageTextContainer__w64Sc\">\n<div>\n<div class=\"Markdown_markdownContainer__Tz3HQ\">\n<p><strong>Funktion:<\/strong> F\u00fchren Sie die Vorw\u00e4rts- und R\u00fcckw\u00e4rtsneigebewegung des Gabelstaplerportals durch.<br \/>\n<strong>Zylinderdurchmesser:<\/strong> 90 mm\u2013220 mm<br \/>\n<strong>Stangendurchmesser:<\/strong> 45 mm\u2013100 mm<br \/>\n<strong>Reisen:<\/strong> 37 mm\u2013363 mm<br \/>\n<strong>Maximaler Druck:<\/strong> 27 MPa<br \/>\n<strong>Maximaler Schub:<\/strong> 1026 kN<\/p>\n<\/div>\n<\/div>\n<\/div>\n<h2><strong>Gro\u00dfe Hydraulikzylinder-Serie f\u00fcr Gabelstapler:\u00a0<\/strong><\/h2>\n<h2><img loading=\"lazy\" decoding=\"async\" class=\"alignnone size-full wp-image-17582\" src=\"https:\/\/www.hydraulic-cylinders.net\/wp-content\/uploads\/2025\/03\/large-forklift-hydraulic-cylinder-construction.webp\" alt=\"\" width=\"1100\" height=\"615\" srcset=\"https:\/\/www.hydraulic-cylinders.net\/wp-content\/uploads\/2025\/03\/large-forklift-hydraulic-cylinder-construction.webp 1100w, https:\/\/www.hydraulic-cylinders.net\/wp-content\/uploads\/2025\/03\/large-forklift-hydraulic-cylinder-construction-980x548.webp 980w, https:\/\/www.hydraulic-cylinders.net\/wp-content\/uploads\/2025\/03\/large-forklift-hydraulic-cylinder-construction-480x268.webp 480w\" sizes=\"(min-width: 0px) and (max-width: 480px) 480px, (min-width: 481px) and (max-width: 980px) 980px, (min-width: 981px) 1100px, 100vw\" \/><\/h2>\n<h2><strong>Hauptmerkmale von Kipphydraulikzylindern f\u00fcr gro\u00dfe Gabelstapler<\/strong><strong>:<\/strong><\/h2>\n<ul>\n<li><strong>Hohe Tragf\u00e4higkeit:<\/strong> Hydraulische Kippzylinder sind f\u00fcr die Bew\u00e4ltigung hoher Lasten ausgelegt und daher unverzichtbar f\u00fcr anspruchsvolle Anwendungen. Ihre robuste Konstruktion gew\u00e4hrleistet einen sicheren und effizienten Betrieb, selbst beim Heben schwerer Lasten, wodurch das Unfallrisiko reduziert und die Produktivit\u00e4t auf der Baustelle gesteigert wird.<\/li>\n<li><strong>Langlebige Materialien:<\/strong> Diese Zylinder bestehen aus hochfestem Stahl und anderen widerstandsf\u00e4higen Materialien, die eine au\u00dfergew\u00f6hnliche Verschlei\u00dffestigkeit gew\u00e4hrleisten. Diese Langlebigkeit verl\u00e4ngert nicht nur die Lebensdauer des Zylinders, sondern minimiert auch den Bedarf an h\u00e4ufigem Austausch, was langfristig Zeit und Kosten spart.<\/li>\n<li><strong>Kompaktes Design:<\/strong> Die schlanke Bauweise der Kipphydraulikzylinder erm\u00f6glicht eine einfache Integration in bestehende Gabelstaplersysteme. Dank dieser Kompaktheit wird der Platz optimal genutzt, ohne die Leistung zu beeintr\u00e4chtigen, was das Man\u00f6vrieren auf engstem Raum erleichtert.<\/li>\n<li><strong>Einstellbarer Neigungswinkel:<\/strong> Eine der herausragenden Eigenschaften ist die M\u00f6glichkeit f\u00fcr den Bediener, den Neigungswinkel m\u00fchelos anzupassen. Diese Flexibilit\u00e4t erm\u00f6glicht vielf\u00e4ltige Einsatzm\u00f6glichkeiten, vom Stapeln bis zum Transport unterschiedlicher Materialien, und gew\u00e4hrleistet so, dass sich der Gabelstapler problemlos an spezifische Aufgaben anpassen l\u00e4sst.<\/li>\n<li><strong>Abgedichtete Komponenten:<\/strong> Die gekapselte Bauweise dieser Zylinder sch\u00fctzt die internen Komponenten wirksam vor Schmutz und Feuchtigkeit. Dies ist insbesondere in anspruchsvollen Umgebungen wichtig, da es einen zuverl\u00e4ssigen Betrieb gew\u00e4hrleistet und das Risiko von St\u00f6rungen minimiert, was letztendlich zu geringeren Wartungskosten und erh\u00f6hter Verf\u00fcgbarkeit f\u00fchrt.<\/li>\n<\/ul>\n<h2><strong>Anwendungsf\u00e4lle f\u00fcr neigbare Hydraulikzylinder f\u00fcr gro\u00dfe Gabelstapler:<\/strong><\/h2>\n<p>Neigbare Hydraulikzylinder spielen in verschiedenen Branchen eine entscheidende Rolle und verbessern die Effizienz und Sicherheit von Materialtransportvorg\u00e4ngen. Hier einige wichtige Anwendungsbereiche:<\/p>\n<h4>1. <strong>Lagerhaltung und Vertrieb<\/strong><\/h4>\n<p>In Lagerhallen erm\u00f6glichen neigbare Hydraulikzylinder Gabelstaplern die einfache Anpassung des Gabelwinkels. Diese Funktion ist unerl\u00e4sslich f\u00fcr das Stapeln von Paletten und erm\u00f6glicht das pr\u00e4zise Platzieren und Entnehmen von Waren. Sie verbessert die Raumausnutzung und optimiert die Abl\u00e4ufe beim Be- und Entladen.<\/p>\n<h4>2. <strong>Baustellen<\/strong><\/h4>\n<p>Auf Baustellen erleichtern diese Zylinder den Transport schwerer Materialien wie Betonbl\u00f6cke und Stahltr\u00e4ger. Die M\u00f6glichkeit, die Gabeln zu neigen, tr\u00e4gt zur Ladungssicherung w\u00e4hrend des Transports bei und gew\u00e4hrleistet eine sichere Lieferung an den gew\u00fcnschten Ort, wodurch das Unfallrisiko verringert wird.<\/p>\n<h4>3. <strong>Herstellung<\/strong><\/h4>\n<p>In der Fertigung unterst\u00fctzen neigbare Hydraulikzylinder die Montage und den Transport von Teilen. Sie erm\u00f6glichen es den Mitarbeitern, Komponenten pr\u00e4zise zu positionieren, was f\u00fcr die Qualit\u00e4tssicherung und Effizienz der Produktionsprozesse unerl\u00e4sslich ist.<\/p>\n<h4>4. <strong>Landwirtschaft<\/strong><\/h4>\n<p>In der Landwirtschaft werden neigbare Hydraulikzylinder an Gabelstaplern eingesetzt, um Ballen, Kisten und andere landwirtschaftliche Produkte zu handhaben. Der einstellbare Neigungswinkel erm\u00f6glicht Landwirten ein schnelles und sicheres Be- und Entladen und optimiert so ihren Arbeitsablauf w\u00e4hrend der Erntezeit.<\/p>\n<h4>5. <strong>Recycling und Abfallmanagement<\/strong><\/h4>\n<p>Diese Zylinder sind in Recyclinganlagen unverzichtbar, wo sie beim Transport und der Stapelung von Wertstoffen helfen. Durch die Neigefunktion lassen sich Abf\u00e4lle besser sortieren und verdichten, was die Betriebseffizienz und die Platznutzung verbessert.<\/p>\n<p>Suchen Sie nach Hochleistungs-Gabelstaplerzylindern? Schauen Sie sich unsere <a href=\"https:\/\/www.hydraulic-cylinders.net\/de\/forklift-hydraulic-cylinder\/\">Hochleistungs-Hydraulikzylinder<\/a>.<\/p>\n<h2><strong>Produktionsbereich f\u00fcr Gabelstaplerzylinder:<\/strong><\/h2>\n<h2><img loading=\"lazy\" decoding=\"async\" class=\"alignnone size-full wp-image-16972\" src=\"https:\/\/www.hydraulic-cylinders.net\/wp-content\/uploads\/2025\/01\/hydraulic-cylinder-factory-1-scaled.webp\" sizes=\"(min-width: 0px) and (max-width: 480px) 480px, (min-width: 481px) and (max-width: 980px) 980px, (min-width: 981px) and (max-width: 1280px) 1280px, (min-width: 1281px) 2016px, 100vw\" srcset=\"https:\/\/www.hydraulic-cylinders.net\/wp-content\/uploads\/2025\/01\/hydraulic-cylinder-factory-1-scaled.webp 2016w, https:\/\/www.hydraulic-cylinders.net\/wp-content\/uploads\/2025\/01\/hydraulic-cylinder-factory-1-1280x1625.webp 1280w, https:\/\/www.hydraulic-cylinders.net\/wp-content\/uploads\/2025\/01\/hydraulic-cylinder-factory-1-980x1244.webp 980w, https:\/\/www.hydraulic-cylinders.net\/wp-content\/uploads\/2025\/01\/hydraulic-cylinder-factory-1-480x610.webp 480w\" alt=\"\" width=\"2016\" height=\"2560\" \/><\/h2>\n<p>Wir verf\u00fcgen \u00fcber eine erstklassige, unabh\u00e4ngige F&amp;E-Plattform f\u00fcr die Montage. Die Produktionswerkstatt f\u00fcr Gabelstaplerzylinder hat vier halbautomatische Montagelinien f\u00fcr Hubzylinder und eine vollautomatische Montagelinie f\u00fcr Kippzylinder mit einer geplanten j\u00e4hrlichen Produktionskapazit\u00e4t von Millionen St\u00fcck. Die Spezialzylinderwerkstatt verf\u00fcgt \u00fcber halbautomatische Reinigungs- und Montagesysteme unterschiedlicher Spezifikationen mit einer geplanten j\u00e4hrlichen Produktionskapazit\u00e4t von 200.000 St\u00fcck. Sie ist mit CNC-Bearbeitungsmaschinen namhafter Marken, Bearbeitungszentren, Spezialger\u00e4ten f\u00fcr die hochpr\u00e4zise Zylinderbearbeitung, Roboterschwei\u00dfger\u00e4ten, automatischen Reinigungsmaschinen, automatischen Zylindermontagemaschinen und automatischen Lackierproduktionslinien ausgestattet. Wir haben mehr als 300 S\u00e4tze wichtiger Ger\u00e4te in Betrieb. Die optimierte Zuweisung und effiziente Nutzung der Ger\u00e4teressourcen gew\u00e4hrleistet die Pr\u00e4zisionsanforderungen der Produkte und erf\u00fcllt die hohen Standardqualit\u00e4tsanforderungen der Produkte.<\/p>\n<p>Die Bearbeitungswerkstatt ist mit ma\u00dfgefertigten Drehzentren mit kippbaren F\u00fchrungsschienen, Bearbeitungszentren, Hochgeschwindigkeits-Honmaschinen, Schwei\u00dfrobotern und anderen relevanten Ger\u00e4ten ausgestattet, die die Bearbeitung von Zylinderrohren mit einem maximalen Innendurchmesser von 400 mm und einer maximalen L\u00e4nge von 6 Metern bew\u00e4ltigen k\u00f6nnen.<\/p>\n<h2><img loading=\"lazy\" decoding=\"async\" class=\"alignnone size-full wp-image-16973\" src=\"https:\/\/www.hydraulic-cylinders.net\/wp-content\/uploads\/2025\/01\/hydraulic-cylinder-factory-2-scaled.webp\" sizes=\"(min-width: 0px) and (max-width: 480px) 480px, (min-width: 481px) and (max-width: 980px) 980px, (min-width: 981px) and (max-width: 1280px) 1280px, (min-width: 1281px) 2011px, 100vw\" srcset=\"https:\/\/www.hydraulic-cylinders.net\/wp-content\/uploads\/2025\/01\/hydraulic-cylinder-factory-2-scaled.webp 2011w, https:\/\/www.hydraulic-cylinders.net\/wp-content\/uploads\/2025\/01\/hydraulic-cylinder-factory-2-1280x1629.webp 1280w, https:\/\/www.hydraulic-cylinders.net\/wp-content\/uploads\/2025\/01\/hydraulic-cylinder-factory-2-980x1248.webp 980w, https:\/\/www.hydraulic-cylinders.net\/wp-content\/uploads\/2025\/01\/hydraulic-cylinder-factory-2-480x611.webp 480w\" alt=\"\" width=\"2011\" height=\"2560\" \/><\/h2>\n<p>Wir verf\u00fcgen \u00fcber eine vollautomatische Lackieranlage f\u00fcr kleine und mittelgro\u00dfe Zylinder mit automatischer Be- und Entladung sowie automatischen Spr\u00fchrobotern und einer Produktionskapazit\u00e4t von 4.000 Pl\u00e4tzen pro Schicht. F\u00fcr gro\u00dfe Zylinder haben wir eine weitere halbautomatische Lackieranlage mit Kettenantrieb und einer Kapazit\u00e4t von 60 Kisten pro Schicht.<\/p>\n<p>Um die Produktleistung weiter zu verbessern und die F\u00fchrungsposition unserer Hydraulikzylinder in der Branche zu etablieren, haben unser Unternehmen und zjimee gemeinsam ein umfassendes Leistungslabor f\u00fcr Hydraulikzylinder, Hydraulikventile und Hydraulikpumpen eingerichtet. Das Labor f\u00fchrt computergest\u00fctzte Tests mithilfe elektrohydraulischer Technologie durch. Die Testbedingungen werden von einem Computer voreingestellt, wodurch die Testgenauigkeit und Systemvielseitigkeit sowie die experimentellen Daten verbessert werden.<\/p>\n<p>Die automatische Datenerfassung erfolgt mittels Sensoren. Die Ausgabedaten, wie z. B. die interne Leckage und der Wirkungsgrad des Zylinders oder des Ventils, werden direkt vom Computer verarbeitet und in Standardeinheiten (ml\/min, 1 TP, 3 T) umgerechnet. Gleichzeitig wird zur Gew\u00e4hrleistung der Betriebssicherheit des Hydrauliksystems eine Zustands\u00fcberwachung wichtiger Leistungsparameter wie \u00d6ltemperatur, Fl\u00fcssigkeitsstand und Filterfunktion durchgef\u00fchrt. Der Hydraulikzylinder-Pr\u00fcfstand kann unter anderem die Leistungsf\u00e4higkeit des Zylinders unter Last testen.<br \/>\nDie Effizienz und die interne Leckage werden durch Messwerte ermittelt. Gleichzeitig ist das Ger\u00e4t mit einem Messgitter ausgestattet, das alle Pr\u00fcfanforderungen f\u00fcr Hydraulikzylinder gem\u00e4\u00df nationaler Norm erf\u00fcllt.<\/p>\n<p>&nbsp;<\/p>","protected":false},"excerpt":{"rendered":"<p>Tilt Hydraulic Cylinders For Large Forklift Tilt hydraulic cylinders are essential components in large forklifts, designed to enhance their operational capabilities. These cylinders allow for precise tilting of the forklift&#8217;s forks, facilitating safe and efficient loading and unloading of materials. With their robust construction and advanced technology, tilt hydraulic cylinders significantly improve productivity in warehouses [&hellip;]<\/p>","protected":false},"featured_media":17588,"comment_status":"open","ping_status":"closed","template":"","meta":{"_et_pb_use_builder":"","_et_pb_old_content":"","_et_gb_content_width":""},"product_brand":[],"product_cat":[1484,1550],"product_tag":[],"class_list":{"0":"post-17585","1":"product","2":"type-product","3":"status-publish","4":"has-post-thumbnail","6":"product_cat-forklift-hydraulic-cylinders","7":"product_cat-double-acting-hydraulic-cylinder","9":"first","10":"instock","11":"shipping-taxable","12":"product-type-simple"},"amp_enabled":true,"_links":{"self":[{"href":"https:\/\/www.hydraulic-cylinders.net\/de\/wp-json\/wp\/v2\/product\/17585","targetHints":{"allow":["GET"]}}],"collection":[{"href":"https:\/\/www.hydraulic-cylinders.net\/de\/wp-json\/wp\/v2\/product"}],"about":[{"href":"https:\/\/www.hydraulic-cylinders.net\/de\/wp-json\/wp\/v2\/types\/product"}],"replies":[{"embeddable":true,"href":"https:\/\/www.hydraulic-cylinders.net\/de\/wp-json\/wp\/v2\/comments?post=17585"}],"wp:featuredmedia":[{"embeddable":true,"href":"https:\/\/www.hydraulic-cylinders.net\/de\/wp-json\/wp\/v2\/media\/17588"}],"wp:attachment":[{"href":"https:\/\/www.hydraulic-cylinders.net\/de\/wp-json\/wp\/v2\/media?parent=17585"}],"wp:term":[{"taxonomy":"product_brand","embeddable":true,"href":"https:\/\/www.hydraulic-cylinders.net\/de\/wp-json\/wp\/v2\/product_brand?post=17585"},{"taxonomy":"product_cat","embeddable":true,"href":"https:\/\/www.hydraulic-cylinders.net\/de\/wp-json\/wp\/v2\/product_cat?post=17585"},{"taxonomy":"product_tag","embeddable":true,"href":"https:\/\/www.hydraulic-cylinders.net\/de\/wp-json\/wp\/v2\/product_tag?post=17585"}],"curies":[{"name":"wp","href":"https:\/\/api.w.org\/{rel}","templated":true}]}}