{"id":17593,"date":"2025-03-18T06:19:55","date_gmt":"2025-03-18T06:19:55","guid":{"rendered":"https:\/\/www.hydraulic-cylinders.net\/?post_type=product&#038;p=17593"},"modified":"2025-04-11T03:15:26","modified_gmt":"2025-04-11T03:15:26","slug":"steering-hydraulic-cylinders-for-large-forklift","status":"publish","type":"product","link":"https:\/\/www.hydraulic-cylinders.net\/de\/produkt\/steering-hydraulic-cylinders-for-large-forklift\/","title":{"rendered":"Lenkhydraulikzylinder f\u00fcr gro\u00dfe Gabelstapler"},"content":{"rendered":"<h1 style=\"text-align: center;\"><strong>Lenkhydraulikzylinder f\u00fcr gro\u00dfe Gabelstapler<\/strong><\/h1>\n<p>Lenkhydraulikzylinder sind unverzichtbare Komponenten gro\u00dfer Gabelstapler und liefern die notwendige Kraft und Pr\u00e4zision f\u00fcr die Lenkung. Sie erm\u00f6glichen ein reibungsloses Man\u00f6vrieren, das f\u00fcr das Fahren auf engstem Raum und die Ausf\u00fchrung komplexer Aufgaben unerl\u00e4sslich ist. Durch die Umwandlung von Hydraulikdruck in mechanische Kraft verbessern Lenkhydraulikzylinder die Gesamteffizienz und Sicherheit des Gabelstaplerbetriebs.<\/p>\n<p>Lenkhydraulikzylinder sind f\u00fcr den effektiven Betrieb gro\u00dfer Gabelstapler unerl\u00e4sslich. Ihre robuste Bauweise, Effizienz und Anpassungsf\u00e4higkeit machen sie zu einer Schl\u00fcsselkomponente in verschiedenen industriellen Anwendungen. Durch das Verst\u00e4ndnis ihrer Eigenschaften, der korrekten Anwendungsmethoden und der Wartungsanforderungen k\u00f6nnen Bediener die Leistung und Sicherheit ihrer Gabelstapler maximieren und somit die Produktivit\u00e4t am Arbeitsplatz steigern. Die Investition in hochwertige Lenkhydraulikzylinder gew\u00e4hrleistet eine zuverl\u00e4ssige und pr\u00e4zise Lenkung, die f\u00fcr das Man\u00f6vrieren in anspruchsvollen Umgebungen entscheidend ist.<\/p>\n<h1 style=\"text-align: center;\"><img loading=\"lazy\" decoding=\"async\" class=\"alignnone wp-image-17590\" src=\"https:\/\/www.hydraulic-cylinders.net\/wp-content\/uploads\/2025\/03\/Lift-hydraulic-cylinders-for-large-forklift.jpg\" alt=\"\" width=\"500\" height=\"500\" srcset=\"https:\/\/www.hydraulic-cylinders.net\/wp-content\/uploads\/2025\/03\/Lift-hydraulic-cylinders-for-large-forklift.jpg 500w, https:\/\/www.hydraulic-cylinders.net\/wp-content\/uploads\/2025\/03\/Lift-hydraulic-cylinders-for-large-forklift-480x480.jpg 480w\" sizes=\"(min-width: 0px) and (max-width: 480px) 480px, (min-width: 481px) 500px, 100vw\" \/><\/h1>\n<p style=\"text-align: center;\"><strong>Lenkhydraulikzylinder f\u00fcr gro\u00dfe Gabelstapler<\/strong><\/p>\n<h2><strong>Lenkhydraulikzylinder f\u00fcr gro\u00dfe Gabelstapler <\/strong><strong>Technische Spezifikationen<\/strong><strong>:<\/strong><\/h2>\n<p><strong>Funktion:<\/strong> Implementieren Sie die Lenkachsenfunktion des Gabelstaplers und aktivieren Sie die Reifenlenkung des Gabelstaplers.<br \/>\n<strong>Zylinderdurchmesser:<\/strong> 80 mm\u2013160 mm<br \/>\n<strong>Stangendurchmesser:<\/strong> 50 mm\u2013110 mm<br \/>\n<strong>Reisen:<\/strong> 71 mm \u00d7 2 \u2013 235 mm \u00d7 2<br \/>\n<strong>Maximaler Druck:<\/strong> 18MPa<br \/>\n<strong>Maximaler Schub:<\/strong> 362 kN<\/p>\n<h2><strong>Gro\u00dfe Hydraulikzylinder-Serie f\u00fcr Gabelstapler:\u00a0<\/strong><\/h2>\n<h2><img loading=\"lazy\" decoding=\"async\" class=\"alignnone size-full wp-image-17582\" src=\"https:\/\/www.hydraulic-cylinders.net\/wp-content\/uploads\/2025\/03\/large-forklift-hydraulic-cylinder-construction.webp\" alt=\"\" width=\"1100\" height=\"615\" srcset=\"https:\/\/www.hydraulic-cylinders.net\/wp-content\/uploads\/2025\/03\/large-forklift-hydraulic-cylinder-construction.webp 1100w, https:\/\/www.hydraulic-cylinders.net\/wp-content\/uploads\/2025\/03\/large-forklift-hydraulic-cylinder-construction-980x548.webp 980w, https:\/\/www.hydraulic-cylinders.net\/wp-content\/uploads\/2025\/03\/large-forklift-hydraulic-cylinder-construction-480x268.webp 480w\" sizes=\"(min-width: 0px) and (max-width: 480px) 480px, (min-width: 481px) and (max-width: 980px) 980px, (min-width: 981px) 1100px, 100vw\" \/><\/h2>\n<h2><strong>Hauptmerkmale von Lenkhydraulikzylindern f\u00fcr gro\u00dfe Gabelstapler<\/strong><strong>:<\/strong><\/h2>\n<ul>\n<li><strong>Robuste Konstruktion:<\/strong> Die Lenkhydraulikzylinder werden aus hochwertigem Stahl und verst\u00e4rkten Materialien gefertigt, wodurch sie den anspruchsvollen Bedingungen im Schwerlastbereich standhalten. Diese Langlebigkeit gew\u00e4hrleistet eine dauerhafte Leistung, reduziert den Bedarf an h\u00e4ufigen Austauschvorg\u00e4ngen und senkt die Wartungskosten.<\/li>\n<li><strong>Hohe Effizienz:<\/strong> Diese Zylinder sind f\u00fcr schnelle und pr\u00e4zise Lenkbewegungen ausgelegt. Diese Konstruktion verbessert die Kontrolle des Bedieners \u00fcber den Gabelstapler und erm\u00f6glicht pr\u00e4zise Man\u00f6ver. Ob beim Man\u00f6vrieren auf engstem Raum oder bei scharfen Kurven \u2013 der Bediener kann sich auf die sofortige Reaktion des Hydrauliksystems verlassen und so die Gesamtproduktivit\u00e4t steigern.<\/li>\n<li><strong>Kompaktes Design:<\/strong> Die kompakte Bauweise der Lenkhydraulikzylinder erm\u00f6glicht eine einfache Montage an verschiedenen Gabelstaplermodellen. Dadurch wird der Platz im Stapler optimal genutzt, sodass Hersteller die Leistung optimieren k\u00f6nnen, ohne die Funktionalit\u00e4t einzuschr\u00e4nken. Die Bediener profitieren von einer optimierten Anordnung, die die Wendigkeit in beengten Umgebungen verbessert.<\/li>\n<li><strong>Versiegelt zum Schutz:<\/strong> Die gekapselten Hydrauliksysteme dieser Zylinder bieten entscheidenden Schutz vor Schmutz und Feuchtigkeit. Diese Abdichtung tr\u00e4gt zur Erhaltung der Integrit\u00e4t des Hydraulik\u00f6ls bei und gew\u00e4hrleistet so eine gleichbleibende Leistung auch unter anspruchsvollen Bedingungen. Indem das Eindringen von Verunreinigungen verhindert wird, reduzieren diese Zylinder den Verschlei\u00df und verl\u00e4ngern dadurch ihre Lebensdauer.<\/li>\n<li><strong>Vielseitige Kompatibilit\u00e4t:<\/strong> Die Lenkhydraulikzylinder sind so konzipiert, dass sie mit einer Vielzahl von Gabelstaplermodellen kompatibel sind. Diese Vielseitigkeit macht sie zur idealen Wahl f\u00fcr die Flottenwartung und -modernisierung, da Unternehmen so die Ersatzteile f\u00fcr verschiedene Maschinen standardisieren k\u00f6nnen. Bediener k\u00f6nnen Zylinder problemlos austauschen oder aufr\u00fcsten, ohne sich Gedanken \u00fcber Kompatibilit\u00e4tsprobleme machen zu m\u00fcssen, was die Wartungsprozesse optimiert.<\/li>\n<\/ul>\n<h2><strong>Anwendungsf\u00e4lle f\u00fcr Lenkhydraulikzylinder f\u00fcr gro\u00dfe Gabelstapler:<\/strong><\/h2>\n<p>Hydraulische Lenkzylinder spielen eine entscheidende Rolle bei der Verbesserung der Funktionalit\u00e4t und Effizienz von Gro\u00dfgabelstaplern in verschiedenen Branchen. Hier einige wichtige Anwendungsf\u00e4lle:<\/p>\n<h4>1. <strong>Lagerbetrieb<\/strong><\/h4>\n<p>In Lagerhallen navigieren gro\u00dfe Gabelstapler mit hydraulischen Lenkzylindern durch enge G\u00e4nge und man\u00f6vrieren schwere Paletten. Die pr\u00e4zise Lenkung erm\u00f6glicht es den Bedienern, Waren effizient zu stapeln und zu entnehmen, wodurch der Platz optimal genutzt und die Bestandsverwaltung verbessert wird.<\/p>\n<h4>2. <strong>Baustellen<\/strong><\/h4>\n<p>Auf Baustellen erm\u00f6glichen diese Zylinder die notwendige Kontrolle beim Bewegen schwerer Materialien wie Stahltr\u00e4ger und Betonbl\u00f6cke. Die Bediener k\u00f6nnen den Gabelstapler auch auf engstem Raum problemlos man\u00f6vrieren und so ein sicheres und pr\u00e4zises Platzieren der Materialien gew\u00e4hrleisten \u2013 ein entscheidender Faktor f\u00fcr die Einhaltung des Projektzeitplans.<\/p>\n<h4>3. <strong>Produktionsanlagen<\/strong><\/h4>\n<p>In der Fertigung erleichtern Lenkhydraulikzylinder den Transport von Teilen und Komponenten zwischen verschiedenen Produktionsstufen. Die schnelle und pr\u00e4zise Lenkung erm\u00f6glicht es den Bedienern, Bauteile effizient zu bewegen, wodurch Ausfallzeiten reduziert und der Arbeitsablauf im gesamten Werk optimiert werden.<\/p>\n<h4>4. <strong>Landwirtschaftliche Anwendungen<\/strong><\/h4>\n<p>Gro\u00dfe Gabelstapler in der Landwirtschaft nutzen hydraulische Lenkzylinder zum Bewegen von Ballen, Kisten und anderen landwirtschaftlichen Produkten. Die verbesserte Man\u00f6vrierf\u00e4higkeit erm\u00f6glicht es Landwirten, Materialien schnell zu be- und entladen und so die Betriebsabl\u00e4ufe in der Hochsaison effizienter zu gestalten.<\/p>\n<h4>5. <strong>Recycling und Abfallmanagement<\/strong><\/h4>\n<p>In Recyclinganlagen unterst\u00fctzen Lenkhydraulikzylinder Gabelstapler beim Transport und der Stapelung von Wertstoffen. Ihre F\u00e4higkeit, sich in beengten Umgebungen zu bewegen, gew\u00e4hrleistet einen reibungslosen Betriebsablauf und verbessert so die Sortierprozesse und die Gesamteffizienz.<\/p>\n<h3><span style=\"color: #666666; font-size: 14px;\">Suchen Sie nach Hochleistungs-Gabelstaplerzylindern? Schauen Sie sich unsere <\/span><a style=\"font-size: 14px;\" href=\"https:\/\/www.hydraulic-cylinders.net\/de\/forklift-hydraulic-cylinder\/\">Hochleistungs-Hydraulikzylinder<\/a><span style=\"color: #666666; font-size: 14px;\">.<\/span><\/h3>\n<h2><strong>Produktionsbereich f\u00fcr Gabelstaplerzylinder:<\/strong><\/h2>\n<h2><img loading=\"lazy\" decoding=\"async\" class=\"alignnone size-full wp-image-16972\" src=\"https:\/\/www.hydraulic-cylinders.net\/wp-content\/uploads\/2025\/01\/hydraulic-cylinder-factory-1-scaled.webp\" sizes=\"(min-width: 0px) and (max-width: 480px) 480px, (min-width: 481px) and (max-width: 980px) 980px, (min-width: 981px) and (max-width: 1280px) 1280px, (min-width: 1281px) 2016px, 100vw\" srcset=\"https:\/\/www.hydraulic-cylinders.net\/wp-content\/uploads\/2025\/01\/hydraulic-cylinder-factory-1-scaled.webp 2016w, https:\/\/www.hydraulic-cylinders.net\/wp-content\/uploads\/2025\/01\/hydraulic-cylinder-factory-1-1280x1625.webp 1280w, https:\/\/www.hydraulic-cylinders.net\/wp-content\/uploads\/2025\/01\/hydraulic-cylinder-factory-1-980x1244.webp 980w, https:\/\/www.hydraulic-cylinders.net\/wp-content\/uploads\/2025\/01\/hydraulic-cylinder-factory-1-480x610.webp 480w\" alt=\"\" width=\"2016\" height=\"2560\" \/><\/h2>\n<p>Wir verf\u00fcgen \u00fcber eine erstklassige, unabh\u00e4ngige F&amp;E-Plattform f\u00fcr die Montage. Die Produktionswerkstatt f\u00fcr Gabelstaplerzylinder hat vier halbautomatische Montagelinien f\u00fcr Hubzylinder und eine vollautomatische Montagelinie f\u00fcr Kippzylinder mit einer geplanten j\u00e4hrlichen Produktionskapazit\u00e4t von Millionen St\u00fcck. Die Spezialzylinderwerkstatt verf\u00fcgt \u00fcber halbautomatische Reinigungs- und Montagesysteme unterschiedlicher Spezifikationen mit einer geplanten j\u00e4hrlichen Produktionskapazit\u00e4t von 200.000 St\u00fcck. Sie ist mit CNC-Bearbeitungsmaschinen namhafter Marken, Bearbeitungszentren, Spezialger\u00e4ten f\u00fcr die hochpr\u00e4zise Zylinderbearbeitung, Roboterschwei\u00dfger\u00e4ten, automatischen Reinigungsmaschinen, automatischen Zylindermontagemaschinen und automatischen Lackierproduktionslinien ausgestattet. Wir haben mehr als 300 S\u00e4tze wichtiger Ger\u00e4te in Betrieb. Die optimierte Zuweisung und effiziente Nutzung der Ger\u00e4teressourcen gew\u00e4hrleistet die Pr\u00e4zisionsanforderungen der Produkte und erf\u00fcllt die hohen Standardqualit\u00e4tsanforderungen der Produkte.<\/p>\n<p>Die Bearbeitungswerkstatt ist mit ma\u00dfgefertigten Drehzentren mit kippbaren F\u00fchrungsschienen, Bearbeitungszentren, Hochgeschwindigkeits-Honmaschinen, Schwei\u00dfrobotern und anderen relevanten Ger\u00e4ten ausgestattet, die die Bearbeitung von Zylinderrohren mit einem maximalen Innendurchmesser von 400 mm und einer maximalen L\u00e4nge von 6 Metern bew\u00e4ltigen k\u00f6nnen.<\/p>\n<h2><img loading=\"lazy\" decoding=\"async\" class=\"alignnone size-full wp-image-16973\" src=\"https:\/\/www.hydraulic-cylinders.net\/wp-content\/uploads\/2025\/01\/hydraulic-cylinder-factory-2-scaled.webp\" sizes=\"(min-width: 0px) and (max-width: 480px) 480px, (min-width: 481px) and (max-width: 980px) 980px, (min-width: 981px) and (max-width: 1280px) 1280px, (min-width: 1281px) 2011px, 100vw\" srcset=\"https:\/\/www.hydraulic-cylinders.net\/wp-content\/uploads\/2025\/01\/hydraulic-cylinder-factory-2-scaled.webp 2011w, https:\/\/www.hydraulic-cylinders.net\/wp-content\/uploads\/2025\/01\/hydraulic-cylinder-factory-2-1280x1629.webp 1280w, https:\/\/www.hydraulic-cylinders.net\/wp-content\/uploads\/2025\/01\/hydraulic-cylinder-factory-2-980x1248.webp 980w, https:\/\/www.hydraulic-cylinders.net\/wp-content\/uploads\/2025\/01\/hydraulic-cylinder-factory-2-480x611.webp 480w\" alt=\"\" width=\"2011\" height=\"2560\" \/><\/h2>\n<p>Wir verf\u00fcgen \u00fcber eine vollautomatische Lackieranlage f\u00fcr kleine und mittelgro\u00dfe Zylinder mit automatischer Be- und Entladung sowie automatischen Spr\u00fchrobotern und einer Produktionskapazit\u00e4t von 4.000 Pl\u00e4tzen pro Schicht. F\u00fcr gro\u00dfe Zylinder haben wir eine weitere halbautomatische Lackieranlage mit Kettenantrieb und einer Kapazit\u00e4t von 60 Kisten pro Schicht.<\/p>\n<p>Um die Produktleistung weiter zu verbessern und die F\u00fchrungsposition unserer Hydraulikzylinder in der Branche zu etablieren, haben unser Unternehmen und zjimee gemeinsam ein umfassendes Leistungslabor f\u00fcr Hydraulikzylinder, Hydraulikventile und Hydraulikpumpen eingerichtet. Das Labor f\u00fchrt computergest\u00fctzte Tests mithilfe elektrohydraulischer Technologie durch. Die Testbedingungen werden von einem Computer voreingestellt, wodurch die Testgenauigkeit und Systemvielseitigkeit sowie die experimentellen Daten verbessert werden.<\/p>\n<p>Die automatische Datenerfassung erfolgt mittels Sensoren. Die Ausgabedaten, wie z. B. die interne Leckage und der Wirkungsgrad des Zylinders oder des Ventils, werden direkt vom Computer verarbeitet und in Standardeinheiten (ml\/min, 1 TP, 3 T) umgerechnet. Gleichzeitig wird zur Gew\u00e4hrleistung der Betriebssicherheit des Hydrauliksystems eine Zustands\u00fcberwachung wichtiger Leistungsparameter wie \u00d6ltemperatur, Fl\u00fcssigkeitsstand und Filterfunktion durchgef\u00fchrt. Der Hydraulikzylinder-Pr\u00fcfstand kann unter anderem die Leistungsf\u00e4higkeit des Zylinders unter Last testen.<br \/>\nDie Effizienz und die interne Leckage werden durch Messwerte ermittelt. Gleichzeitig ist das Ger\u00e4t mit einem Messgitter ausgestattet, das alle Pr\u00fcfanforderungen f\u00fcr Hydraulikzylinder gem\u00e4\u00df nationaler Norm erf\u00fcllt.<\/p>\n<p>&nbsp;<\/p>","protected":false},"excerpt":{"rendered":"<p>Steering Hydraulic Cylinders For Large Forklift Steering hydraulic cylinders are vital components in large forklifts, providing the necessary power and precision for steering control. These cylinders enable smooth maneuverability, essential for navigating tight spaces and performing complex tasks. By converting hydraulic pressure into mechanical force, steering hydraulic cylinders enhance the overall efficiency and safety of [&hellip;]<\/p>","protected":false},"featured_media":17595,"comment_status":"open","ping_status":"closed","template":"","meta":{"_et_pb_use_builder":"","_et_pb_old_content":"","_et_gb_content_width":""},"product_brand":[],"product_cat":[1484,1550],"product_tag":[],"class_list":{"0":"post-17593","1":"product","2":"type-product","3":"status-publish","4":"has-post-thumbnail","6":"product_cat-forklift-hydraulic-cylinders","7":"product_cat-double-acting-hydraulic-cylinder","9":"first","10":"instock","11":"shipping-taxable","12":"product-type-simple"},"amp_enabled":true,"_links":{"self":[{"href":"https:\/\/www.hydraulic-cylinders.net\/de\/wp-json\/wp\/v2\/product\/17593","targetHints":{"allow":["GET"]}}],"collection":[{"href":"https:\/\/www.hydraulic-cylinders.net\/de\/wp-json\/wp\/v2\/product"}],"about":[{"href":"https:\/\/www.hydraulic-cylinders.net\/de\/wp-json\/wp\/v2\/types\/product"}],"replies":[{"embeddable":true,"href":"https:\/\/www.hydraulic-cylinders.net\/de\/wp-json\/wp\/v2\/comments?post=17593"}],"wp:featuredmedia":[{"embeddable":true,"href":"https:\/\/www.hydraulic-cylinders.net\/de\/wp-json\/wp\/v2\/media\/17595"}],"wp:attachment":[{"href":"https:\/\/www.hydraulic-cylinders.net\/de\/wp-json\/wp\/v2\/media?parent=17593"}],"wp:term":[{"taxonomy":"product_brand","embeddable":true,"href":"https:\/\/www.hydraulic-cylinders.net\/de\/wp-json\/wp\/v2\/product_brand?post=17593"},{"taxonomy":"product_cat","embeddable":true,"href":"https:\/\/www.hydraulic-cylinders.net\/de\/wp-json\/wp\/v2\/product_cat?post=17593"},{"taxonomy":"product_tag","embeddable":true,"href":"https:\/\/www.hydraulic-cylinders.net\/de\/wp-json\/wp\/v2\/product_tag?post=17593"}],"curies":[{"name":"wp","href":"https:\/\/api.w.org\/{rel}","templated":true}]}}