{"id":17601,"date":"2025-03-18T06:41:02","date_gmt":"2025-03-18T06:41:02","guid":{"rendered":"https:\/\/www.hydraulic-cylinders.net\/?post_type=product&#038;p=17601"},"modified":"2025-04-11T01:44:49","modified_gmt":"2025-04-11T01:44:49","slug":"lifting-hydraulic-cylinders-of-pallet-stacker-truck","status":"publish","type":"product","link":"https:\/\/www.hydraulic-cylinders.net\/de\/produkt\/lifting-hydraulic-cylinders-of-pallet-stacker-truck\/","title":{"rendered":"Hubhydraulikzylinder des Palettenstaplers"},"content":{"rendered":"<h1 style=\"text-align: center;\"><strong>Hubhydraulikzylinder des Palettenstaplers<\/strong><\/h1>\n<p>Hubhydraulikzylinder sind wesentliche Komponenten von Hubwagen und erm\u00f6glichen das effiziente Heben und Senken schwerer Lasten. Diese Zylinder wandeln Hydraulikdruck in mechanische Kraft um und liefern so die notwendige Leistung f\u00fcr das m\u00fchelose Handling von Paletten und anderen Materialien. Ihre Zuverl\u00e4ssigkeit und robuste Bauweise machen sie unverzichtbar f\u00fcr die Optimierung von Lagerabl\u00e4ufen und die Steigerung der Produktivit\u00e4t.<\/p>\n<p>Hubhydraulikzylinder sind f\u00fcr den effizienten Betrieb von Hubwagen unerl\u00e4sslich. Ihre hohe Tragf\u00e4higkeit, robuste Bauweise und der reibungslose Betrieb machen sie in verschiedenen industriellen Anwendungen unverzichtbar. Durch das Verst\u00e4ndnis ihrer Eigenschaften, der korrekten Anwendungsmethoden und der Wartungsanforderungen k\u00f6nnen Bediener die Leistung und Sicherheit ihrer Ger\u00e4te maximieren und so die Produktivit\u00e4t bei Materialtransportaufgaben steigern. Die Investition in hochwertige Hubhydraulikzylinder gew\u00e4hrleistet einen zuverl\u00e4ssigen und effizienten Betrieb, der f\u00fcr den Erfolg jedes Unternehmens entscheidend ist.<\/p>\n<h1 style=\"text-align: center;\"><img loading=\"lazy\" decoding=\"async\" class=\"alignnone wp-image-17603\" src=\"https:\/\/www.hydraulic-cylinders.net\/wp-content\/uploads\/2025\/03\/Lifting-hydraulic-cylinders-of-pallet-stacker-truck-scaled.webp\" alt=\"\" width=\"500\" height=\"500\" \/><\/h1>\n<p style=\"text-align: center;\"><strong>Hubhydraulikzylinder des Palettenstaplers<\/strong><\/p>\n<h2><strong>Hubhydraulikzylinder des Palettenstaplers\u00a0<\/strong><strong>Technische Spezifikationen<\/strong><strong>:<\/strong><\/h2>\n<p><strong>Funktion:<\/strong> Um die Hebe- und Senkbewegung des Portals zu erreichen<br \/>\n<strong>Zylinderdurchmesser:<\/strong> 45 mm \u2013 56 mm<br \/>\n<strong>Stangendurchmesser:<\/strong> 35 mm \u2013 40 mm<br \/>\n<strong>Reisen:<\/strong> 500 mm \u2013 1950 mm<br \/>\n<strong>Maximaler Druck:<\/strong> 20MPa<br \/>\n<strong>Maximaler Schub:<\/strong> 493KN<\/p>\n<h2><strong>Hydraulikzylinder-Serie f\u00fcr Palettenstapler:\u00a0<\/strong><\/h2>\n<h2><img loading=\"lazy\" decoding=\"async\" class=\"alignnone size-full wp-image-17605\" src=\"https:\/\/www.hydraulic-cylinders.net\/wp-content\/uploads\/2025\/03\/Hydraulic-cylinders-of-pallet-stacker-truck-construction.webp\" alt=\"Hydraulikzylinder der Palettenstaplerkonstruktion\" width=\"1100\" height=\"615\" srcset=\"https:\/\/www.hydraulic-cylinders.net\/wp-content\/uploads\/2025\/03\/Hydraulic-cylinders-of-pallet-stacker-truck-construction.webp 1100w, https:\/\/www.hydraulic-cylinders.net\/wp-content\/uploads\/2025\/03\/Hydraulic-cylinders-of-pallet-stacker-truck-construction-980x548.webp 980w, https:\/\/www.hydraulic-cylinders.net\/wp-content\/uploads\/2025\/03\/Hydraulic-cylinders-of-pallet-stacker-truck-construction-480x268.webp 480w\" sizes=\"(min-width: 0px) and (max-width: 480px) 480px, (min-width: 481px) and (max-width: 980px) 980px, (min-width: 981px) 1100px, 100vw\" \/><\/h2>\n<h2><strong>Hauptmerkmale der Hubhydraulikzylinder von Palettenstaplern<\/strong><strong>:<\/strong><\/h2>\n<ul>\n<li><strong>Hohe Tragf\u00e4higkeit:<\/strong> Die f\u00fcr hohe Gewichte ausgelegten Hubzylinder gew\u00e4hrleisten einen sicheren und effizienten Betrieb, selbst unter schweren Lasten. Diese Eigenschaft ist entscheidend, um Arbeitsunf\u00e4lle zu vermeiden und die Effizienz des Materialtransports zu verbessern.<\/li>\n<li><strong>Langlebige Konstruktion:<\/strong> Diese aus hochfesten Materialien gefertigten Zylinder sind verschlei\u00dffest und gew\u00e4hrleisten eine lange Lebensdauer. Ihre robuste Konstruktion minimiert das Ausfallrisiko und macht sie zu einer kosteng\u00fcnstigen L\u00f6sung f\u00fcr Unternehmen, die auf schwere Hebearbeiten angewiesen sind.<\/li>\n<li><strong>Reibungsloser Betrieb:<\/strong> Das Hydrauliksystem sorgt f\u00fcr gleichm\u00e4\u00dfige und sanfte Hubvorg\u00e4nge und reduziert St\u00f6\u00dfe und Vibrationen. Dies erh\u00f6ht die Sicherheit und verbessert die Laststabilit\u00e4t w\u00e4hrend des Betriebs, was ein pr\u00e4zises Handling erm\u00f6glicht.<\/li>\n<li><strong>Kompaktes Design:<\/strong> Die Hubhydraulikzylinder sind kompakt und lassen sich daher problemlos in verschiedene Hubwagenmodelle integrieren. Diese Bauweise maximiert die Platzeffizienz bei gleichzeitiger Agilit\u00e4t und Man\u00f6vrierf\u00e4higkeit.<\/li>\n<li><strong>Vielseitige Anwendungen:<\/strong> Diese Hydraulikzylinder sind mit verschiedenen Palettenstaplertypen kompatibel und eignen sich f\u00fcr diverse Branchen, darunter Logistik, Fertigung und Einzelhandel. Diese Vielseitigkeit erh\u00f6ht ihren Nutzen f\u00fcr unterschiedliche betriebliche Anforderungen.<\/li>\n<\/ul>\n<h2><strong>Anwendungsf\u00e4lle f\u00fcr Hubhydraulikzylinder von Palettenstaplern<\/strong><strong>:<\/strong><\/h2>\n<p>Hubhydraulische Zylinder sind entscheidende Komponenten von Hubwagen und erm\u00f6glichen ihnen die Ausf\u00fchrung einer Vielzahl wichtiger Aufgaben in der Materialhandhabung und Logistik. Hier einige wichtige Anwendungsbeispiele:<\/p>\n<h4>1. <strong>Lagerhaltung und Kommissionierung<\/strong><\/h4>\n<p>Palettenhubwagen mit hydraulischen Hubzylindern erm\u00f6glichen das effiziente Stapeln und Entnehmen von Paletten aus hohen Lagerregalen. Die Zylinder sorgen f\u00fcr ein sanftes Heben und Senken, optimieren die Nutzung des vertikalen Lagerraums und erm\u00f6glichen einen schnellen Zugriff auf den Warenbestand.<\/p>\n<h4>2. <strong>Be- und Entladevorg\u00e4nge<\/strong><\/h4>\n<p>Beim Be- und Entladen in Distributionszentren oder Einzelhandelsgesch\u00e4ften erm\u00f6glichen diese Hydraulikzylinder die pr\u00e4zise Positionierung von Paletten. Dadurch wird das Risiko von Warensch\u00e4den verringert und der Zeitaufwand f\u00fcr diese Vorg\u00e4nge minimiert.<\/p>\n<h4>3. <strong>Kommissionierung<\/strong><\/h4>\n<p>In Umgebungen, in denen Kommissionierung erforderlich ist, k\u00f6nnen Hubwagen mit hydraulischen Hubzylindern die Gabeln auf die erforderliche H\u00f6he anheben, um auf bestimmte Artikel zuzugreifen. Diese Funktion erh\u00f6ht die Effizienz und Genauigkeit bei der Abwicklung von Kundenauftr\u00e4gen.<\/p>\n<h4>4. <strong>Cross-Docking<\/strong><\/h4>\n<p>Beim Cross-Docking, wo Produkte direkt vom Wareneingang zum Warenausgang umgeladen werden, erm\u00f6glichen hydraulische Hubzylinder ein schnelles und effizientes Umladen der Paletten. Dies reduziert die Bearbeitungszeiten und verbessert die gesamte Logistikeffizienz.<\/p>\n<h4>5. <strong>Materialhandhabung in der Fertigung<\/strong><\/h4>\n<p>In Produktionsst\u00e4tten transportieren Hubwagen h\u00e4ufig Rohmaterialien und Fertigwaren. Die hydraulischen Hubzylinder erm\u00f6glichen es den Wagen, schwere Lasten sicher zwischen verschiedenen Produktionsbereichen zu bewegen und so einen reibungslosen Produktionsablauf zu gew\u00e4hrleisten.<\/p>\n<p>Suchen Sie nach Hochleistungs-Gabelstaplerzylindern? Schauen Sie sich unsere <a href=\"https:\/\/www.hydraulic-cylinders.net\/de\/forklift-hydraulic-cylinder\/\">Hochleistungs-Hydraulikzylinder<\/a>.<\/p>\n<h2><strong>Produktionsbereich f\u00fcr Gabelstaplerzylinder:<\/strong><\/h2>\n<h2><img loading=\"lazy\" decoding=\"async\" class=\"alignnone size-full wp-image-16972\" src=\"https:\/\/www.hydraulic-cylinders.net\/wp-content\/uploads\/2025\/01\/hydraulic-cylinder-factory-1-scaled.webp\" sizes=\"(min-width: 0px) and (max-width: 480px) 480px, (min-width: 481px) and (max-width: 980px) 980px, (min-width: 981px) and (max-width: 1280px) 1280px, (min-width: 1281px) 2016px, 100vw\" srcset=\"https:\/\/www.hydraulic-cylinders.net\/wp-content\/uploads\/2025\/01\/hydraulic-cylinder-factory-1-scaled.webp 2016w, https:\/\/www.hydraulic-cylinders.net\/wp-content\/uploads\/2025\/01\/hydraulic-cylinder-factory-1-1280x1625.webp 1280w, https:\/\/www.hydraulic-cylinders.net\/wp-content\/uploads\/2025\/01\/hydraulic-cylinder-factory-1-980x1244.webp 980w, https:\/\/www.hydraulic-cylinders.net\/wp-content\/uploads\/2025\/01\/hydraulic-cylinder-factory-1-480x610.webp 480w\" alt=\"\" width=\"2016\" height=\"2560\" \/><\/h2>\n<p>Wir verf\u00fcgen \u00fcber eine erstklassige, unabh\u00e4ngige F&amp;E-Plattform f\u00fcr die Montage. Die Produktionswerkstatt f\u00fcr Gabelstaplerzylinder hat vier halbautomatische Montagelinien f\u00fcr Hubzylinder und eine vollautomatische Montagelinie f\u00fcr Kippzylinder mit einer geplanten j\u00e4hrlichen Produktionskapazit\u00e4t von Millionen St\u00fcck. Die Spezialzylinderwerkstatt verf\u00fcgt \u00fcber halbautomatische Reinigungs- und Montagesysteme unterschiedlicher Spezifikationen mit einer geplanten j\u00e4hrlichen Produktionskapazit\u00e4t von 200.000 St\u00fcck. Sie ist mit CNC-Bearbeitungsmaschinen namhafter Marken, Bearbeitungszentren, Spezialger\u00e4ten f\u00fcr die hochpr\u00e4zise Zylinderbearbeitung, Roboterschwei\u00dfger\u00e4ten, automatischen Reinigungsmaschinen, automatischen Zylindermontagemaschinen und automatischen Lackierproduktionslinien ausgestattet. Wir haben mehr als 300 S\u00e4tze wichtiger Ger\u00e4te in Betrieb. Die optimierte Zuweisung und effiziente Nutzung der Ger\u00e4teressourcen gew\u00e4hrleistet die Pr\u00e4zisionsanforderungen der Produkte und erf\u00fcllt die hohen Standardqualit\u00e4tsanforderungen der Produkte.<\/p>\n<p>Die Bearbeitungswerkstatt ist mit ma\u00dfgefertigten Drehzentren mit kippbaren F\u00fchrungsschienen, Bearbeitungszentren, Hochgeschwindigkeits-Honmaschinen, Schwei\u00dfrobotern und anderen relevanten Ger\u00e4ten ausgestattet, die die Bearbeitung von Zylinderrohren mit einem maximalen Innendurchmesser von 400 mm und einer maximalen L\u00e4nge von 6 Metern bew\u00e4ltigen k\u00f6nnen.<\/p>\n<h2><img loading=\"lazy\" decoding=\"async\" class=\"alignnone size-full wp-image-16973\" src=\"https:\/\/www.hydraulic-cylinders.net\/wp-content\/uploads\/2025\/01\/hydraulic-cylinder-factory-2-scaled.webp\" sizes=\"(min-width: 0px) and (max-width: 480px) 480px, (min-width: 481px) and (max-width: 980px) 980px, (min-width: 981px) and (max-width: 1280px) 1280px, (min-width: 1281px) 2011px, 100vw\" srcset=\"https:\/\/www.hydraulic-cylinders.net\/wp-content\/uploads\/2025\/01\/hydraulic-cylinder-factory-2-scaled.webp 2011w, https:\/\/www.hydraulic-cylinders.net\/wp-content\/uploads\/2025\/01\/hydraulic-cylinder-factory-2-1280x1629.webp 1280w, https:\/\/www.hydraulic-cylinders.net\/wp-content\/uploads\/2025\/01\/hydraulic-cylinder-factory-2-980x1248.webp 980w, https:\/\/www.hydraulic-cylinders.net\/wp-content\/uploads\/2025\/01\/hydraulic-cylinder-factory-2-480x611.webp 480w\" alt=\"\" width=\"2011\" height=\"2560\" \/><\/h2>\n<p>Wir verf\u00fcgen \u00fcber eine vollautomatische Lackieranlage f\u00fcr kleine und mittelgro\u00dfe Zylinder mit automatischer Be- und Entladung sowie automatischen Spr\u00fchrobotern und einer Produktionskapazit\u00e4t von 4.000 Pl\u00e4tzen pro Schicht. F\u00fcr gro\u00dfe Zylinder haben wir eine weitere halbautomatische Lackieranlage mit Kettenantrieb und einer Kapazit\u00e4t von 60 Kisten pro Schicht.<\/p>\n<p>Um die Produktleistung weiter zu verbessern und die F\u00fchrungsposition unserer Hydraulikzylinder in der Branche zu etablieren, haben unser Unternehmen und zjimee gemeinsam ein umfassendes Leistungslabor f\u00fcr Hydraulikzylinder, Hydraulikventile und Hydraulikpumpen eingerichtet. Das Labor f\u00fchrt computergest\u00fctzte Tests mithilfe elektrohydraulischer Technologie durch. Die Testbedingungen werden von einem Computer voreingestellt, wodurch die Testgenauigkeit und Systemvielseitigkeit sowie die experimentellen Daten verbessert werden.<\/p>\n<p>Die automatische Datenerfassung erfolgt mittels Sensoren. Die Ausgabedaten, wie z. B. die interne Leckage und der Wirkungsgrad des Zylinders oder des Ventils, werden direkt vom Computer verarbeitet und in Standardeinheiten (ml\/min, 1 TP, 3 T) umgerechnet. Gleichzeitig wird zur Gew\u00e4hrleistung der Betriebssicherheit des Hydrauliksystems eine Zustands\u00fcberwachung wichtiger Leistungsparameter wie \u00d6ltemperatur, Fl\u00fcssigkeitsstand und Filterfunktion durchgef\u00fchrt. Der Hydraulikzylinder-Pr\u00fcfstand kann unter anderem die Leistungsf\u00e4higkeit des Zylinders unter Last testen.<br \/>\nDie Effizienz und die interne Leckage werden durch Messwerte ermittelt. Gleichzeitig ist das Ger\u00e4t mit einem Messgitter ausgestattet, das alle Pr\u00fcfanforderungen f\u00fcr Hydraulikzylinder gem\u00e4\u00df nationaler Norm erf\u00fcllt.<\/p>\n<p>&nbsp;<\/p>","protected":false},"excerpt":{"rendered":"<p>Lifting Hydraulic Cylinders of Pallet Stacker Truck Lifting hydraulic cylinders are essential components of pallet stacker trucks, enabling efficient lifting and lowering of heavy loads. These cylinders convert hydraulic pressure into mechanical force, providing the power necessary to handle pallets and other materials with ease. Their reliability and robust design make them crucial for optimizing [&hellip;]<\/p>","protected":false},"featured_media":17604,"comment_status":"open","ping_status":"closed","template":"","meta":{"_et_pb_use_builder":"","_et_pb_old_content":"","_et_gb_content_width":""},"product_brand":[],"product_cat":[1484,1549,1376],"product_tag":[],"class_list":{"0":"post-17601","1":"product","2":"type-product","3":"status-publish","4":"has-post-thumbnail","6":"product_cat-forklift-hydraulic-cylinders","7":"product_cat-single-acting-hydraulic-cylinder","8":"product_cat-hydraulic-cylinder","10":"first","11":"instock","12":"shipping-taxable","13":"product-type-simple"},"amp_enabled":true,"_links":{"self":[{"href":"https:\/\/www.hydraulic-cylinders.net\/de\/wp-json\/wp\/v2\/product\/17601","targetHints":{"allow":["GET"]}}],"collection":[{"href":"https:\/\/www.hydraulic-cylinders.net\/de\/wp-json\/wp\/v2\/product"}],"about":[{"href":"https:\/\/www.hydraulic-cylinders.net\/de\/wp-json\/wp\/v2\/types\/product"}],"replies":[{"embeddable":true,"href":"https:\/\/www.hydraulic-cylinders.net\/de\/wp-json\/wp\/v2\/comments?post=17601"}],"wp:featuredmedia":[{"embeddable":true,"href":"https:\/\/www.hydraulic-cylinders.net\/de\/wp-json\/wp\/v2\/media\/17604"}],"wp:attachment":[{"href":"https:\/\/www.hydraulic-cylinders.net\/de\/wp-json\/wp\/v2\/media?parent=17601"}],"wp:term":[{"taxonomy":"product_brand","embeddable":true,"href":"https:\/\/www.hydraulic-cylinders.net\/de\/wp-json\/wp\/v2\/product_brand?post=17601"},{"taxonomy":"product_cat","embeddable":true,"href":"https:\/\/www.hydraulic-cylinders.net\/de\/wp-json\/wp\/v2\/product_cat?post=17601"},{"taxonomy":"product_tag","embeddable":true,"href":"https:\/\/www.hydraulic-cylinders.net\/de\/wp-json\/wp\/v2\/product_tag?post=17601"}],"curies":[{"name":"wp","href":"https:\/\/api.w.org\/{rel}","templated":true}]}}