{"id":17606,"date":"2025-03-18T06:59:19","date_gmt":"2025-03-18T06:59:19","guid":{"rendered":"https:\/\/www.hydraulic-cylinders.net\/?post_type=product&#038;p=17606"},"modified":"2025-04-11T01:44:46","modified_gmt":"2025-04-11T01:44:46","slug":"lift-hydraulic-cylinders-for-forward-moving-forklift","status":"publish","type":"product","link":"https:\/\/www.hydraulic-cylinders.net\/de\/produkt\/lift-hydraulic-cylinders-for-forward-moving-forklift\/","title":{"rendered":"Hydraulikzylinder f\u00fcr vorw\u00e4rts fahrende Gabelstapler"},"content":{"rendered":"<h1 style=\"text-align: center;\"><strong>Hydraulikzylinder f\u00fcr vorw\u00e4rts fahrende Gabelstapler anheben<\/strong><\/h1>\n<p>Hubzylinder sind wesentliche Komponenten von Gabelstaplern und liefern die notwendige Hubkraft f\u00fcr das effiziente Heben schwerer Lasten. Sie wandeln Hydraulikdruck in mechanische Kraft um und erm\u00f6glichen so das pr\u00e4zise Heben und Senken von Lasten. Ihre robuste Bauweise und zuverl\u00e4ssige Leistung machen sie in verschiedenen industriellen Anwendungen unverzichtbar und tragen zur Steigerung von Produktivit\u00e4t und Sicherheit bei.<\/p>\n<p>Hubhydraulikzylinder sind f\u00fcr den effizienten Betrieb von Gabelstaplern unerl\u00e4sslich. Ihre hohe Tragf\u00e4higkeit, robuste Bauweise und der reibungslose Betrieb machen sie in verschiedenen industriellen Anwendungen unverzichtbar. Durch das Verst\u00e4ndnis ihrer Eigenschaften, der korrekten Anwendungsmethoden und der Wartungsanforderungen k\u00f6nnen Bediener die Leistung und Sicherheit ihrer Ger\u00e4te maximieren und so die Produktivit\u00e4t bei Materialtransportaufgaben steigern. Die Investition in hochwertige Hubhydraulikzylinder gew\u00e4hrleistet einen zuverl\u00e4ssigen und effizienten Betrieb \u2013 entscheidend f\u00fcr den Erfolg jedes Unternehmens.<\/p>\n<h1 style=\"text-align: center;\"><img loading=\"lazy\" decoding=\"async\" class=\"alignnone wp-image-17609\" src=\"https:\/\/www.hydraulic-cylinders.net\/wp-content\/uploads\/2025\/03\/Lift-hydraulic-cylinders-for-Forward-moving-forklift--scaled.webp\" alt=\"\" width=\"500\" height=\"500\" \/><\/h1>\n<p style=\"text-align: center;\"><strong>Hubhydraulikzylinder des Palettenstaplers<\/strong><\/p>\n<h2><strong>Hydraulikzylinder f\u00fcr vorw\u00e4rts fahrende Gabelstapler <\/strong><strong>Technische Spezifikationen<\/strong><strong>:<\/strong><\/h2>\n<p><strong>Funktion:<\/strong> Um die Hebe- und Senkbewegung des Portals zu erreichen<br \/>\n<strong>Zylinderdurchmesser:<\/strong> 45 mm\u201375 mm<br \/>\n<strong>Stangendurchmesser:<\/strong> 45 mm\u201365 mm<br \/>\n<strong>Reisen:<\/strong> 500 mm\u20133980 mm<br \/>\n<strong>Maximaler Druck:<\/strong> 21 MPa<br \/>\n<strong>Maximaler Schub:<\/strong> 93 kN<\/p>\n<h2><strong>Vorw\u00e4rtsfahrende Gabelstaplerzylinder-Serie:\u00a0<\/strong><\/h2>\n<h2><img loading=\"lazy\" decoding=\"async\" class=\"alignnone size-full wp-image-17611\" src=\"https:\/\/www.hydraulic-cylinders.net\/wp-content\/uploads\/2025\/03\/Forward-moving-forklift-hydraulic-cylinders-construction.webp\" alt=\"Konstruktion von Hydraulikzylindern f\u00fcr vorw\u00e4rtsfahrende Gabelstapler\" width=\"1100\" height=\"615\" srcset=\"https:\/\/www.hydraulic-cylinders.net\/wp-content\/uploads\/2025\/03\/Forward-moving-forklift-hydraulic-cylinders-construction.webp 1100w, https:\/\/www.hydraulic-cylinders.net\/wp-content\/uploads\/2025\/03\/Forward-moving-forklift-hydraulic-cylinders-construction-980x548.webp 980w, https:\/\/www.hydraulic-cylinders.net\/wp-content\/uploads\/2025\/03\/Forward-moving-forklift-hydraulic-cylinders-construction-480x268.webp 480w\" sizes=\"(min-width: 0px) and (max-width: 480px) 480px, (min-width: 481px) and (max-width: 980px) 980px, (min-width: 981px) 1100px, 100vw\" \/><\/h2>\n<h2><strong>Hauptmerkmale der Hubhydraulikzylinder f\u00fcr vorw\u00e4rtsfahrende Gabelstapler<\/strong><strong>:<\/strong><\/h2>\n<ul>\n<li><strong>Hohe Tragf\u00e4higkeit:<\/strong> Die Hydraulikzylinder von Hubger\u00e4ten sind speziell f\u00fcr das Heben schwerer Lasten ausgelegt und bieten die notwendige Kraft f\u00fcr ein sicheres Anheben. Diese F\u00e4higkeit ist entscheidend f\u00fcr die Unfallverh\u00fctung, da sie sicherstellt, dass der Gabelstapler innerhalb seiner Tragf\u00e4higkeitsgrenzen arbeitet. Durch die effiziente Materialhandhabung steigern diese Zylinder die Produktivit\u00e4t und verk\u00fcrzen die f\u00fcr Hebevorg\u00e4nge ben\u00f6tigte Zeit, sodass sich die Bediener auf andere wichtige T\u00e4tigkeiten konzentrieren k\u00f6nnen.<\/li>\n<li><strong>Langlebige Konstruktion:<\/strong> Die aus hochfesten Materialien gefertigten Hydraulikzylinder f\u00fcr Hebeb\u00fchnen sind selbst unter anspruchsvollsten Bedingungen verschlei\u00dffest. Ihre robuste Konstruktion gew\u00e4hrleistet nicht nur eine lange Lebensdauer, sondern minimiert auch das Risiko von mechanischen Ausf\u00e4llen erheblich. Diese Langlebigkeit f\u00fchrt zu geringeren Wartungskosten und weniger Ausfallzeiten und macht die Zylinder somit zu einer kosteng\u00fcnstigen Wahl f\u00fcr Unternehmen, die zuverl\u00e4ssige und widerstandsf\u00e4hige Ger\u00e4te f\u00fcr den t\u00e4glichen Einsatz suchen.<\/li>\n<li><strong>Reibungsloser Betrieb:<\/strong> Das Hydrauliksystem dieser Zylinder erm\u00f6glicht gleichm\u00e4\u00dfige und sanfte Hebe- und Senkvorg\u00e4nge, was f\u00fcr die Stabilit\u00e4t der Last unerl\u00e4sslich ist. Durch die Minimierung von St\u00f6\u00dfen und Vibrationen w\u00e4hrend des Betriebs erh\u00f6hen die Hydraulikzylinder die Sicherheit f\u00fcr den Bediener und das umliegende Personal. Dieser ruhige Betrieb tr\u00e4gt au\u00dferdem zu einer besseren Kontrolle beim Umgang mit empfindlichen oder zerbrechlichen Materialien bei und gew\u00e4hrleistet deren sicheren Halt w\u00e4hrend des gesamten Hebevorgangs.<\/li>\n<li><strong>Kompaktes Design:<\/strong> Lift hydraulic cylinders come in a variety of sizes to accommodate different forklift models, allowing for seamless integration into existing equipment. This compact design does not compromise the vehicle&#8217;s maneuverability, enabling operators to navigate tight spaces with ease. The adaptability of these cylinders ensures that they can be used across various applications without requiring significant modifications to the forklift.<\/li>\n<li><strong>Vielseitige Anwendungen:<\/strong> Diese Hydraulikzylinder eignen sich f\u00fcr eine Vielzahl von Branchen, darunter Logistik, Fertigung und Bauwesen. Ihre Vielseitigkeit erm\u00f6glicht den Einsatz in unterschiedlichsten Betriebsabl\u00e4ufen, von der Lagerung und Kommissionierung bis hin zu Schwerlasthebungen auf Baustellen. Dank dieser breiten Anwendbarkeit k\u00f6nnen Unternehmen die Hubzylinder in verschiedenen Bereichen nutzen, ihre Materialflussprozesse optimieren und die Gesamteffizienz steigern.<\/li>\n<\/ul>\n<h2><strong>Anwendungsf\u00e4lle f\u00fcr Hubhydraulikzylinder f\u00fcr vorw\u00e4rtsfahrende Gabelstapler<\/strong><strong>:<\/strong><\/h2>\n<p>Hydraulikzylinder f\u00fcr Hubvorrichtungen spielen eine entscheidende Rolle bei der Verbesserung der Funktionalit\u00e4t und Effizienz von Gabelstaplern in Vorw\u00e4rtsbewegung. Hier sind einige wichtige Anwendungsf\u00e4lle, die ihre Bedeutung in verschiedenen Branchen verdeutlichen:<\/p>\n<h3>1. <strong>Lagerbetrieb<\/strong><\/h3>\n<p>In Lagerhallen erm\u00f6glichen Hubzylinder Gabelstaplern das Stapeln und Entnehmen von Paletten in unterschiedlichen H\u00f6hen. Diese Funktion optimiert die vertikale Lagerfl\u00e4che und erm\u00f6glicht einen schnellen Zugriff auf den Warenbestand, wodurch Abl\u00e4ufe vereinfacht und die Gesamteffizienz gesteigert wird.<\/p>\n<h3>2. <strong>Be- und Entladen<\/strong><\/h3>\n<p>Hubhydraulikzylinder erleichtern das Be- und Entladen von Lkw und Containern. Indem sie Gabelstaplern ein sanftes Anheben und Absenken der Lasten erm\u00f6glichen, minimieren sie das Risiko von Produktbesch\u00e4digungen und reduzieren den Zeitaufwand f\u00fcr diese Arbeitsg\u00e4nge, wodurch die Gesamtproduktivit\u00e4t gesteigert wird.<\/p>\n<h3>3. <strong>Kommissionierung<\/strong><\/h3>\n<p>In Umgebungen, in denen die Kommissionierung von entscheidender Bedeutung ist, erm\u00f6glichen Hydraulikzylinder Gabelstaplern, sich pr\u00e4zise auf der erforderlichen H\u00f6he zu positionieren, um auf bestimmte Artikel zuzugreifen. Diese Funktionalit\u00e4t verbessert die Genauigkeit bei der Auftragsabwicklung und erh\u00f6ht die gesamte betriebliche Effizienz.<\/p>\n<h3>4. <strong>Cross-Docking<\/strong><\/h3>\n<p>Beim Cross-Docking, wo Produkte direkt vom Wareneingang zum Warenausgang umgeladen werden, helfen hydraulische Hubzylinder dabei, Paletten schnell und effizient zu bewegen. Dies reduziert die Bearbeitungszeit und gew\u00e4hrleistet einen reibungslosen Warenfluss in der Lieferkette.<\/p>\n<h3>5. <strong>Produktionsanlagen<\/strong><\/h3>\n<p>In der Fertigung unterst\u00fctzen hydraulische Hubzylinder den Transport von Rohmaterialien und Fertigprodukten zwischen verschiedenen Produktionsstufen. Ihre F\u00e4higkeit, schwere Gegenst\u00e4nde sicher anzuheben, optimiert den Arbeitsablauf und steigert die Produktivit\u00e4t an Montagelinien.<\/p>\n<p>Suchen Sie nach Hochleistungs-Gabelstaplerzylindern? Schauen Sie sich unsere <a href=\"https:\/\/www.hydraulic-cylinders.net\/de\/forklift-hydraulic-cylinder\/\">Hochleistungs-Hydraulikzylinder<\/a>.<\/p>\n<h2><strong>Produktionsbereich f\u00fcr Gabelstaplerzylinder:<\/strong><\/h2>\n<h2><img loading=\"lazy\" decoding=\"async\" class=\"alignnone size-full wp-image-16972\" src=\"https:\/\/www.hydraulic-cylinders.net\/wp-content\/uploads\/2025\/01\/hydraulic-cylinder-factory-1-scaled.webp\" sizes=\"(min-width: 0px) and (max-width: 480px) 480px, (min-width: 481px) and (max-width: 980px) 980px, (min-width: 981px) and (max-width: 1280px) 1280px, (min-width: 1281px) 2016px, 100vw\" srcset=\"https:\/\/www.hydraulic-cylinders.net\/wp-content\/uploads\/2025\/01\/hydraulic-cylinder-factory-1-scaled.webp 2016w, https:\/\/www.hydraulic-cylinders.net\/wp-content\/uploads\/2025\/01\/hydraulic-cylinder-factory-1-1280x1625.webp 1280w, https:\/\/www.hydraulic-cylinders.net\/wp-content\/uploads\/2025\/01\/hydraulic-cylinder-factory-1-980x1244.webp 980w, https:\/\/www.hydraulic-cylinders.net\/wp-content\/uploads\/2025\/01\/hydraulic-cylinder-factory-1-480x610.webp 480w\" alt=\"\" width=\"2016\" height=\"2560\" \/><\/h2>\n<p>Wir verf\u00fcgen \u00fcber eine erstklassige, unabh\u00e4ngige F&amp;E-Plattform f\u00fcr die Montage. Die Produktionswerkstatt f\u00fcr Gabelstaplerzylinder hat vier halbautomatische Montagelinien f\u00fcr Hubzylinder und eine vollautomatische Montagelinie f\u00fcr Kippzylinder mit einer geplanten j\u00e4hrlichen Produktionskapazit\u00e4t von Millionen St\u00fcck. Die Spezialzylinderwerkstatt verf\u00fcgt \u00fcber halbautomatische Reinigungs- und Montagesysteme unterschiedlicher Spezifikationen mit einer geplanten j\u00e4hrlichen Produktionskapazit\u00e4t von 200.000 St\u00fcck. Sie ist mit CNC-Bearbeitungsmaschinen namhafter Marken, Bearbeitungszentren, Spezialger\u00e4ten f\u00fcr die hochpr\u00e4zise Zylinderbearbeitung, Roboterschwei\u00dfger\u00e4ten, automatischen Reinigungsmaschinen, automatischen Zylindermontagemaschinen und automatischen Lackierproduktionslinien ausgestattet. Wir haben mehr als 300 S\u00e4tze wichtiger Ger\u00e4te in Betrieb. Die optimierte Zuweisung und effiziente Nutzung der Ger\u00e4teressourcen gew\u00e4hrleistet die Pr\u00e4zisionsanforderungen der Produkte und erf\u00fcllt die hohen Standardqualit\u00e4tsanforderungen der Produkte.<\/p>\n<p>Die Bearbeitungswerkstatt ist mit ma\u00dfgefertigten Drehzentren mit kippbaren F\u00fchrungsschienen, Bearbeitungszentren, Hochgeschwindigkeits-Honmaschinen, Schwei\u00dfrobotern und anderen relevanten Ger\u00e4ten ausgestattet, die die Bearbeitung von Zylinderrohren mit einem maximalen Innendurchmesser von 400 mm und einer maximalen L\u00e4nge von 6 Metern bew\u00e4ltigen k\u00f6nnen.<\/p>\n<h2><img loading=\"lazy\" decoding=\"async\" class=\"alignnone size-full wp-image-16973\" src=\"https:\/\/www.hydraulic-cylinders.net\/wp-content\/uploads\/2025\/01\/hydraulic-cylinder-factory-2-scaled.webp\" sizes=\"(min-width: 0px) and (max-width: 480px) 480px, (min-width: 481px) and (max-width: 980px) 980px, (min-width: 981px) and (max-width: 1280px) 1280px, (min-width: 1281px) 2011px, 100vw\" srcset=\"https:\/\/www.hydraulic-cylinders.net\/wp-content\/uploads\/2025\/01\/hydraulic-cylinder-factory-2-scaled.webp 2011w, https:\/\/www.hydraulic-cylinders.net\/wp-content\/uploads\/2025\/01\/hydraulic-cylinder-factory-2-1280x1629.webp 1280w, https:\/\/www.hydraulic-cylinders.net\/wp-content\/uploads\/2025\/01\/hydraulic-cylinder-factory-2-980x1248.webp 980w, https:\/\/www.hydraulic-cylinders.net\/wp-content\/uploads\/2025\/01\/hydraulic-cylinder-factory-2-480x611.webp 480w\" alt=\"\" width=\"2011\" height=\"2560\" \/><\/h2>\n<p>Wir verf\u00fcgen \u00fcber eine vollautomatische Lackieranlage f\u00fcr kleine und mittelgro\u00dfe Zylinder mit automatischer Be- und Entladung sowie automatischen Spr\u00fchrobotern und einer Produktionskapazit\u00e4t von 4.000 Pl\u00e4tzen pro Schicht. F\u00fcr gro\u00dfe Zylinder haben wir eine weitere halbautomatische Lackieranlage mit Kettenantrieb und einer Kapazit\u00e4t von 60 Kisten pro Schicht.<\/p>\n<p>Um die Produktleistung weiter zu verbessern und die F\u00fchrungsposition unserer Hydraulikzylinder in der Branche zu etablieren, haben unser Unternehmen und zjimee gemeinsam ein umfassendes Leistungslabor f\u00fcr Hydraulikzylinder, Hydraulikventile und Hydraulikpumpen eingerichtet. Das Labor f\u00fchrt computergest\u00fctzte Tests mithilfe elektrohydraulischer Technologie durch. Die Testbedingungen werden von einem Computer voreingestellt, wodurch die Testgenauigkeit und Systemvielseitigkeit sowie die experimentellen Daten verbessert werden.<\/p>\n<p>Die automatische Datenerfassung erfolgt mittels Sensoren. Die Ausgabedaten, wie z. B. die interne Leckage und der Wirkungsgrad des Zylinders oder des Ventils, werden direkt vom Computer verarbeitet und in Standardeinheiten (ml\/min, 1 TP, 3 T) umgerechnet. Gleichzeitig wird zur Gew\u00e4hrleistung der Betriebssicherheit des Hydrauliksystems eine Zustands\u00fcberwachung wichtiger Leistungsparameter wie \u00d6ltemperatur, Fl\u00fcssigkeitsstand und Filterfunktion durchgef\u00fchrt. Der Hydraulikzylinder-Pr\u00fcfstand kann unter anderem die Leistungsf\u00e4higkeit des Zylinders unter Last testen.<br \/>\nDie Effizienz und die interne Leckage werden durch Messwerte ermittelt. Gleichzeitig ist das Ger\u00e4t mit einem Messgitter ausgestattet, das alle Pr\u00fcfanforderungen f\u00fcr Hydraulikzylinder gem\u00e4\u00df nationaler Norm erf\u00fcllt.<\/p>","protected":false},"excerpt":{"rendered":"<p>Lift Hydraulic Cylinders For Forward Moving Forklift Lift hydraulic cylinders are essential components of forward moving forklifts, providing the necessary lifting power to handle heavy loads efficiently. These cylinders convert hydraulic pressure into mechanical force, enabling forklifts to raise and lower loads with precision. Their robust design and reliable performance make them indispensable in various [&hellip;]<\/p>","protected":false},"featured_media":17610,"comment_status":"open","ping_status":"closed","template":"","meta":{"_et_pb_use_builder":"","_et_pb_old_content":"","_et_gb_content_width":""},"product_brand":[],"product_cat":[1484,1549],"product_tag":[],"class_list":{"0":"post-17606","1":"product","2":"type-product","3":"status-publish","4":"has-post-thumbnail","6":"product_cat-forklift-hydraulic-cylinders","7":"product_cat-single-acting-hydraulic-cylinder","9":"first","10":"instock","11":"shipping-taxable","12":"product-type-simple"},"amp_enabled":true,"_links":{"self":[{"href":"https:\/\/www.hydraulic-cylinders.net\/de\/wp-json\/wp\/v2\/product\/17606","targetHints":{"allow":["GET"]}}],"collection":[{"href":"https:\/\/www.hydraulic-cylinders.net\/de\/wp-json\/wp\/v2\/product"}],"about":[{"href":"https:\/\/www.hydraulic-cylinders.net\/de\/wp-json\/wp\/v2\/types\/product"}],"replies":[{"embeddable":true,"href":"https:\/\/www.hydraulic-cylinders.net\/de\/wp-json\/wp\/v2\/comments?post=17606"}],"wp:featuredmedia":[{"embeddable":true,"href":"https:\/\/www.hydraulic-cylinders.net\/de\/wp-json\/wp\/v2\/media\/17610"}],"wp:attachment":[{"href":"https:\/\/www.hydraulic-cylinders.net\/de\/wp-json\/wp\/v2\/media?parent=17606"}],"wp:term":[{"taxonomy":"product_brand","embeddable":true,"href":"https:\/\/www.hydraulic-cylinders.net\/de\/wp-json\/wp\/v2\/product_brand?post=17606"},{"taxonomy":"product_cat","embeddable":true,"href":"https:\/\/www.hydraulic-cylinders.net\/de\/wp-json\/wp\/v2\/product_cat?post=17606"},{"taxonomy":"product_tag","embeddable":true,"href":"https:\/\/www.hydraulic-cylinders.net\/de\/wp-json\/wp\/v2\/product_tag?post=17606"}],"curies":[{"name":"wp","href":"https:\/\/api.w.org\/{rel}","templated":true}]}}