{"id":1762,"date":"2023-10-13T06:07:06","date_gmt":"2023-10-13T06:07:06","guid":{"rendered":"https:\/\/hydraulic-cylinders.net\/?post_type=product&#038;p=1762"},"modified":"2025-04-15T05:55:04","modified_gmt":"2025-04-15T05:55:04","slug":"trailing-suction-dredger-heave-compensation-cylinder","status":"publish","type":"product","link":"https:\/\/www.hydraulic-cylinders.net\/de\/produkt\/trailing-suction-dredger-heave-compensation-cylinder\/","title":{"rendered":"Hubkompensationszylinder f\u00fcr Schleppsaugbagger"},"content":{"rendered":"<h1 style=\"text-align: center;\"><strong> Hubkompensationszylinder f\u00fcr Schleppsaugbagger<\/strong><\/h1>\n<p><img loading=\"lazy\" decoding=\"async\" class=\"aligncenter wp-image-1766\" src=\"https:\/\/hydraulic-cylinders.net\/wp-content\/uploads\/2023\/10\/trailing-suction-dredger-heave-compensation-cylinder-1-300x300.webp\" alt=\"\" width=\"400\" height=\"400\" \/><\/p>\n<p>Der Hubausgleichszylinder f\u00fcr Saugbagger ist ein hochmodernes Hydraulikger\u00e4t, das die Effizienz und Effektivit\u00e4t von Baggerarbeiten revolutioniert hat. Dieser Zylinder wurde f\u00fcr einen pr\u00e4zisen Hubausgleich entwickelt und gew\u00e4hrleistet optimale Baggerleistungen auch in anspruchsvollen Meeresumgebungen.<\/p>\n<p>Der Hubkompensationszylinder f\u00fcr Saugbagger ver\u00e4ndert die Meeresbaggerung grundlegend. Seine hohe Kompensationsf\u00e4higkeit, die robuste Konstruktion und die hochpr\u00e4zise Steuerung tragen zu mehr Effizienz und Genauigkeit bei Baggerarbeiten bei. Durch die richtige Anwendung und einen proaktiven Wartungsansatz k\u00f6nnen Schiffsprofis die Leistung und Lebensdauer dieses au\u00dfergew\u00f6hnlichen Hydraulikger\u00e4ts maximieren. Nutzen Sie die Leistung des Hubkompensationszylinders f\u00fcr Saugbagger und erleben Sie den Unterschied, den er bei Ihren Baggerarbeiten bewirken kann.<\/p>\n<p>Hauptmerkmale des Hubkompensationszylinders f\u00fcr Schleppsaugbagger:<\/p>\n<ul>\n<li>Kompensationsfunktion: Der Hubkompensationszylinder des Schleppsaugbaggers wurde speziell entwickelt, um den Auswirkungen von Schiffshebungen w\u00e4hrend Baggerarbeiten entgegenzuwirken. Er gleicht vertikale Bewegungen effektiv aus und erm\u00f6glicht so eine konsistente und genaue Positionierung des Saugrohrs.<\/li>\n<li>Robuste Konstruktion: Dieser Zylinder wurde aus hochwertigen Materialien gefertigt, die au\u00dfergew\u00f6hnliche Festigkeit und Korrosionsbest\u00e4ndigkeit bieten. Er h\u00e4lt den rauen Bedingungen auf See stand und gew\u00e4hrleistet so lang anhaltende Leistung und Zuverl\u00e4ssigkeit.<\/li>\n<li>Hochpr\u00e4zise Steuerung: Das fortschrittliche Hydrauliksystem des Zylinders erm\u00f6glicht eine pr\u00e4zise Steuerung des Hubausgleichsvorgangs. Es erm\u00f6glicht reaktionsschnelle Anpassungen und stellt sicher, dass das Saugrohr die gew\u00fcnschte Tiefe und Position f\u00fcr effizientes Baggern beibeh\u00e4lt.<\/li>\n<\/ul>\n<h2><strong>Parameter des Hubkompensationszylinders f\u00fcr Schleppsaugbagger:<\/strong><\/h2>\n<table border=\"1\" cellspacing=\"0\" cellpadding=\"0\">\n<tbody>\n<tr>\n<td>Produktname<\/td>\n<td>Hubkompensationszylinder f\u00fcr Schleppsaugbagger<\/td>\n<\/tr>\n<tr>\n<td>Merkmale:<\/td>\n<td>Kompensieren Sie die relative Verschiebung des Schleppkopfes und des Rumpfes beim Arbeiten<\/td>\n<\/tr>\n<tr>\n<td>Bohrungsdurchmesser:<\/td>\n<td>Bis zu 400 mm<\/td>\n<\/tr>\n<tr>\n<td>Stangendurchmesser:<\/td>\n<td>Bis zu 360 mm<br \/>\nHub bis 4000mm<\/td>\n<\/tr>\n<tr>\n<td>Druck:<\/td>\n<td>bis zu 32 MPa<\/td>\n<\/tr>\n<tr>\n<td>Schubkraft:<\/td>\n<td>Maximal 1600 kN<\/td>\n<\/tr>\n<tr>\n<td>Anwendungen:<\/td>\n<td>Schleppsaugbagger<\/td>\n<\/tr>\n<\/tbody>\n<\/table>\n<div><\/div>\n<div>\n<div class=\"txtboxL\">Merkmale:<\/div>\n<div class=\"txtboxR\">Bereitstellung von Druck- und Zugkraft f\u00fcr das Ein- und Ausfahren des Stahlpfahls<\/div>\n<div class=\"txtboxL\">Spezifikation:<\/div>\n<div class=\"txtboxR\">Bohrungsdurchmesser: bis 620mm<br \/>\nStangendurchmesser: bis 360mm<br \/>\nHub bis zu 5200mm<\/div>\n<div class=\"txtboxL\">Druck:<\/div>\n<div class=\"txtboxR\">bis zu 32 MPa<\/div>\n<div class=\"txtboxL\">Schubkraft:<\/div>\n<div class=\"txtboxR\">Maximal 7500 kN<\/div>\n<div class=\"txtboxL\">Zugkraft:<\/div>\n<div class=\"txtboxR\">Maximal 5000 kN<\/div>\n<\/div>\n<h2><strong>Baggertank-Schneid-Saugzylinder Anwendung:<\/strong><\/h2>\n<p><img loading=\"lazy\" decoding=\"async\" class=\"alignnone wp-image-1757 size-full\" src=\"https:\/\/hydraulic-cylinders.net\/wp-content\/uploads\/2023\/10\/dredger-tank-cylinder-1.webp\" alt=\"\" width=\"600\" height=\"400\" srcset=\"https:\/\/hydraulic-cylinders.net\/wp-content\/uploads\/2023\/10\/dredger-tank-cylinder-1.webp 600w, https:\/\/hydraulic-cylinders.net\/wp-content\/uploads\/2023\/10\/dredger-tank-cylinder-1-480x320.webp 480w\" sizes=\"(min-width: 0px) and (max-width: 480px) 480px, (min-width: 481px) 600px, 100vw\" \/><\/p>\n<h2><strong>Verwendungsmethode des Hubkompensationszylinders f\u00fcr Schleppsaugbagger<\/strong><strong>:<\/strong><\/h2>\n<ol>\n<li><strong>Vorbereitung: <\/strong>F\u00fchren Sie vor der Verwendung des Hubausgleichszylinders des Schleppsaugbaggers eine gr\u00fcndliche Inspektion durch, um sicherzustellen, dass alle Komponenten ordnungsgem\u00e4\u00df funktionieren. Achten Sie auf Anzeichen von Besch\u00e4digungen, Lecks oder verschlissenen Dichtungen.<\/li>\n<li><strong>Installation:<\/strong> Montieren Sie den Zylinder sicher am Bagger oder an der zugeh\u00f6rigen Ausr\u00fcstung und sorgen Sie f\u00fcr Stabilit\u00e4t w\u00e4hrend des Betriebs. Beachten Sie die Anweisungen des Herstellers f\u00fcr die ordnungsgem\u00e4\u00dfe Installation, einschlie\u00dflich der Ausrichtung der Hydraulikanschl\u00fcsse.<\/li>\n<li><strong>Hydraulische Systemintegration:<\/strong> Schlie\u00dfen Sie den Zylinder mit geeigneten Schl\u00e4uchen oder Anschl\u00fcssen an die Hydraulikquelle an. Stellen Sie sicher, dass die Anschl\u00fcsse fest, dicht und richtig ausgerichtet sind.<\/li>\n<li><strong>Kalibrierung:<\/strong> Kalibrieren Sie das Hubkompensationssystem entsprechend den spezifischen Baggeranforderungen. Dies kann die Anpassung von Parametern wie Hubl\u00e4nge, Geschwindigkeit oder Druck beinhalten. Genaue Kalibrierungsmethoden finden Sie in den Anweisungen des Herstellers.<\/li>\n<li><strong>Betriebskontrolle: <\/strong>Aktivieren Sie die Hydraulik, um den Hubausgleich einzuleiten. Der Hubausgleichszylinder des Schleppsaugbaggers reagiert automatisch auf Schiffshub und h\u00e4lt die gew\u00fcnschte Saugrohrposition f\u00fcr effizientes Baggern aufrecht. \u00dcberwachen Sie den Vorgang genau, um optimale Ergebnisse zu erzielen.<\/li>\n<\/ol>\n<h2><strong>Wie funktioniert ein doppeltwirkender Hydraulikzylinder?<\/strong><\/h2>\n<p>Ein doppeltwirkender Hydraulikzylinder ist ein hydraulischer Aktuator, der in beide Richtungen arbeitet und sowohl beim Ausfahren als auch beim Einfahren Kraft und Bewegung erzeugt. Er besteht aus einem Zylinder, einem Kolben, Kolbenstangen, Dichtungen und Anschl\u00fcssen f\u00fcr die Hydraulikfl\u00fcssigkeit.<\/p>\n<p>Hier ist eine schrittweise Aufschl\u00fcsselung der Funktionsweise eines doppeltwirkenden Hydraulikzylinders:<\/p>\n<ol>\n<li><strong>Fl\u00fcssigkeitsaufnahme:<\/strong> Der Hydraulikzylinder ist mit einem Hydraulikaggregat oder einer Pumpe verbunden, die unter Druck stehende Hydraulikfl\u00fcssigkeit liefert. Bei der Fl\u00fcssigkeit handelt es sich in der Regel um eine Hydraulikfl\u00fcssigkeit auf \u00d6lbasis.<\/li>\n<li><strong>Ausfahrhub:<\/strong> Wenn Hydraulikfl\u00fcssigkeit in den Anschluss am Stangenende des Zylinders gelangt, gelangt sie in den Zylinder hinter dem Kolben. Der Druck der Fl\u00fcssigkeit dr\u00fcckt den Kolben und die damit verbundene Kolbenstange nach au\u00dfen und f\u00e4hrt so den Zylinder aus.<\/li>\n<li><strong>R\u00fcckzugshub:<\/strong> Zum Einfahren des Zylinders wird Hydraulikfl\u00fcssigkeit an die Zylinderkopf\u00f6ffnung geleitet. Die Fl\u00fcssigkeit gelangt vor dem Kolben in den Zylinder, \u00fcbt Druck aus und dr\u00fcckt Kolben und Kolbenstange zur\u00fcck in den Zylinder.<\/li>\n<li><strong>Versiegelungsmechanismus:<\/strong> Der Hydraulikzylinder ist mit Dichtungen wie Kolben- und Stangendichtungen ausgestattet, die ein Austreten von Hydraulikfl\u00fcssigkeit verhindern. Diese Dichtungen sorgen daf\u00fcr, dass die Fl\u00fcssigkeit im Zylinder bleibt, den Druck aufrechterh\u00e4lt und Kraftverlust verhindert wird.<\/li>\n<li><strong>Regelventile:<\/strong> Steuerventile dienen zur Steuerung der Richtung und des Durchflusses der Hydraulikfl\u00fcssigkeit. Diese Ventile leiten die Fl\u00fcssigkeit zum entsprechenden Anschluss des Zylinders und erm\u00f6glichen so je nach gew\u00fcnschter Bewegung ein Ausfahren oder Einfahren.<\/li>\n<li><strong>Kolben- und Stangenkonstruktion:<\/strong> Kolben und Kolbenstange sind \u00fcblicherweise voneinander abgedichtet, um sicherzustellen, dass das unter Druck stehende Fluid jeweils nur auf eine Seite des Kolbens wirkt. Diese Konstruktion erm\u00f6glicht separate Aus- und Einfahrh\u00fcbe und somit eine bidirektionale Bewegung.<\/li>\n<li><strong>Lastanwendung:<\/strong> Die Kolbenstange des Hydraulikzylinders ist mit der Last oder dem Mechanismus verbunden, der Kraft oder Bewegung ben\u00f6tigt. Wenn die Hydraulikfl\u00fcssigkeit den Kolben aus- oder einf\u00e4hrt, wird die erzeugte Kraft \u00fcber die Kolbenstange auf die Last \u00fcbertragen, wodurch diese bewegt oder Kraft ausge\u00fcbt werden kann.<\/li>\n<li><strong>Druckentlastung:<\/strong> Zur Steuerung der Geschwindigkeit und Kraft des Hydraulikzylinders k\u00f6nnen im Hydrauliksystem Druckbegrenzungsventile oder Durchflussregelventile eingesetzt werden. Diese Ventile regulieren Druck und Durchfluss der Hydraulikfl\u00fcssigkeit, verhindern einen \u00fcberm\u00e4\u00dfigen Druckaufbau und gew\u00e4hrleisten einen sicheren Betrieb.<\/li>\n<\/ol>\n<h2><strong>F\u00e4higkeit und Kapazit\u00e4t der Fabrik:<\/strong><\/h2>\n<h3>(1) Montage<\/h3>\n<p>Wir verf\u00fcgen \u00fcber eine erstklassige, unabh\u00e4ngige Forschungs- und Entwicklungsmontageplattform. Die Hydraulikzylinder-Produktionswerkstatt verf\u00fcgt \u00fcber vier halbautomatische Montagelinien f\u00fcr Hubzylinder und eine automatische Montagelinie f\u00fcr Kippzylinder mit einer geplanten j\u00e4hrlichen Produktionskapazit\u00e4t von 1 Million St\u00fcck. Die Spezialzylinderwerkstatt ist mit verschiedenen Spezifikationen eines halbautomatischen Reinigungsmontagesystems mit einer geplanten j\u00e4hrlichen Produktionskapazit\u00e4t von 200.000 ausgestattet und mit renommierten CNC-Bearbeitungsger\u00e4ten, einem Bearbeitungszentrum, einer hochpr\u00e4zisen Spezialausr\u00fcstung f\u00fcr die Zylinderverarbeitung, einer Roboterschwei\u00dfmaschine, einer automatischen Reinigungsmaschine, einer automatischen Zylindermontagemaschine und einer automatischen Lackierproduktionslinie ausgestattet. Es sind mehr als 300 Sets (S\u00e4tze) an kritischer Ausr\u00fcstung vorhanden. Die optimale Zuweisung und effiziente Nutzung der Ausr\u00fcstungsressourcen gew\u00e4hrleistet die Genauigkeitsanforderungen der Produkte und erf\u00fcllt die hohen Qualit\u00e4tsanforderungen der Produkte.<\/p>\n<p><img loading=\"lazy\" decoding=\"async\" class=\"alignnone wp-image-626\" src=\"https:\/\/hydraulic-cylinders.net\/wp-content\/uploads\/2023\/08\/hydraulic-cylinder-product-1-300x158.webp\" alt=\"\" width=\"495\" height=\"260\" srcset=\"https:\/\/hydraulic-cylinders.net\/wp-content\/uploads\/2023\/08\/hydraulic-cylinder-product-1-300x158.webp 495w, https:\/\/hydraulic-cylinders.net\/wp-content\/uploads\/2023\/08\/hydraulic-cylinder-product-1-480x252.webp 480w\" sizes=\"(min-width: 0px) and (max-width: 480px) 480px, (min-width: 481px) 495px, 100vw\" \/> <img loading=\"lazy\" decoding=\"async\" class=\"alignnone wp-image-627\" src=\"https:\/\/hydraulic-cylinders.net\/wp-content\/uploads\/2023\/08\/hydraulic-cylinder-product-2-300x189.webp\" alt=\"\" width=\"413\" height=\"260\" \/><\/p>\n<h3>(2) Bearbeitungen<\/h3>\n<p>Die Bearbeitungswerkstatt ist mit einem ma\u00dfgeschneiderten Schr\u00e4gschienen-Drehzentrum, einem Bearbeitungszentrum, einer Hochgeschwindigkeits-Honmaschine, einem Schwei\u00dfroboter und anderen zugeh\u00f6rigen Ger\u00e4ten ausgestattet, die die Bearbeitung von Zylinderrohren mit einem maximalen Innendurchmesser von 400 mm und einer maximalen L\u00e4nge von 6 Metern erm\u00f6glichen.<\/p>\n<p><img loading=\"lazy\" decoding=\"async\" class=\"alignnone wp-image-628 size-large\" src=\"https:\/\/hydraulic-cylinders.net\/wp-content\/uploads\/2023\/08\/hydraulic-cylinder-product-3-1024x391.webp\" alt=\"\" width=\"1024\" height=\"391\" srcset=\"https:\/\/hydraulic-cylinders.net\/wp-content\/uploads\/2023\/08\/hydraulic-cylinder-product-3-980x374.webp 980w, https:\/\/hydraulic-cylinders.net\/wp-content\/uploads\/2023\/08\/hydraulic-cylinder-product-3-480x183.webp 480w\" sizes=\"(min-width: 0px) and (max-width: 480px) 480px, (min-width: 481px) and (max-width: 980px) 980px, (min-width: 981px) 1024px, 100vw\" \/><\/p>\n<h3>(3) Schwei\u00dfen<\/h3>\n<p><img loading=\"lazy\" decoding=\"async\" class=\"alignnone wp-image-629 size-large\" src=\"https:\/\/hydraulic-cylinders.net\/wp-content\/uploads\/2023\/08\/hydraulic-cylinder-product-4-1024x510.webp\" alt=\"\" width=\"1024\" height=\"510\" srcset=\"https:\/\/hydraulic-cylinders.net\/wp-content\/uploads\/2023\/08\/hydraulic-cylinder-product-4-980x488.webp 980w, https:\/\/hydraulic-cylinders.net\/wp-content\/uploads\/2023\/08\/hydraulic-cylinder-product-4-480x239.webp 480w\" sizes=\"(min-width: 0px) and (max-width: 480px) 480px, (min-width: 481px) and (max-width: 980px) 980px, (min-width: 981px) 1024px, 100vw\" \/><\/p>\n<h3>(4) Malerei und Beschichtung<\/h3>\n<p>Mit kleinen und mittleren Zylinder automatische Lackieranlagen auf Wasserbasis, zu erreichen automatische Roboter Be-und Entladen und automatische Spritzen, die Design-Kapazit\u00e4t von 4000 St\u00fcck pro Schicht;<br \/>\nWir verf\u00fcgen auch \u00fcber eine halbautomatische Lackieranlage f\u00fcr gro\u00dfe Zylinder, die von einer Energiekette angetrieben wird und eine Kapazit\u00e4t von 60 Kisten pro Schicht hat.<\/p>\n<p><img loading=\"lazy\" decoding=\"async\" class=\"alignnone wp-image-630\" src=\"https:\/\/hydraulic-cylinders.net\/wp-content\/uploads\/2023\/08\/hydraulic-cylinder-product-5-300x213.webp\" alt=\"\" width=\"366\" height=\"260\" \/> <img loading=\"lazy\" decoding=\"async\" class=\"alignnone wp-image-631\" src=\"https:\/\/hydraulic-cylinders.net\/wp-content\/uploads\/2023\/08\/hydraulic-cylinder-product-6-300x225.webp\" alt=\"\" width=\"347\" height=\"260\" \/><\/p>\n<h3>(5) Pr\u00fcfung<\/h3>\n<p>Wir verf\u00fcgen \u00fcber erstklassige Pr\u00fcfeinrichtungen und Pr\u00fcfst\u00e4nde, um sicherzustellen, dass die Leistung des Zylinders den Anforderungen entspricht.<\/p>\n<p><img loading=\"lazy\" decoding=\"async\" class=\"alignnone wp-image-632\" src=\"https:\/\/hydraulic-cylinders.net\/wp-content\/uploads\/2023\/08\/hydraulic-cylinder-product-8-300x200.webp\" alt=\"\" width=\"389\" height=\"260\" \/><\/p>\n<p>&nbsp;<\/p>\n<p>&nbsp;<\/p>\n<p>Wir sind einer der besten Hydraulikzylinderhersteller. Wir k\u00f6nnen umfassende Hydraulikzylinder anbieten. Wir bieten auch entsprechende <a href=\"https:\/\/hzpt.com\/agricultural-pto-gearbox\/\" target=\"_blank\" rel=\"noopener\">landwirtschaftliche Getriebe<\/a>. Wir haben unsere Produkte an Kunden weltweit exportiert und uns aufgrund unserer hervorragenden Produktqualit\u00e4t und unseres Kundendienstes einen guten Ruf erworben. Wir begr\u00fc\u00dfen Kunden im In- und Ausland, die uns kontaktieren, um Gesch\u00e4fte zu verhandeln, Informationen auszutauschen und <a href=\"https:\/\/www.hydraulic-cylinders.net\/de\/contact-us\/\">mit uns zusammenarbeiten<\/a>!<\/p>","protected":false},"excerpt":{"rendered":"<p>Trailing Suction Dredger Heave Compensation Cylinder The trailing suction dredger heave compensation cylinder is a cutting-edge hydraulic device that has revolutionized the efficiency and effectiveness of dredging operations. Designed to provide precise heave compensation, this cylinder ensures optimal dredging performance even in challenging marine environments. The trailing suction dredger heave compensation cylinder is a game-changer [&hellip;]<\/p>","protected":false},"featured_media":1767,"comment_status":"open","ping_status":"closed","template":"","meta":{"_et_pb_use_builder":"","_et_pb_old_content":"","_et_gb_content_width":""},"product_brand":[],"product_cat":[1550,1535,1552,1376],"product_tag":[1380],"class_list":{"0":"post-1762","1":"product","2":"type-product","3":"status-publish","4":"has-post-thumbnail","6":"product_cat-double-acting-hydraulic-cylinder","7":"product_cat-dredger-hydraulic-cylinders","8":"product_cat-stainless-steel-hydraulic-cylinder","9":"product_cat-hydraulic-cylinder","10":"product_tag-hydraulic-cylinder","12":"first","13":"instock","14":"shipping-taxable","15":"product-type-simple"},"amp_enabled":true,"_links":{"self":[{"href":"https:\/\/www.hydraulic-cylinders.net\/de\/wp-json\/wp\/v2\/product\/1762","targetHints":{"allow":["GET"]}}],"collection":[{"href":"https:\/\/www.hydraulic-cylinders.net\/de\/wp-json\/wp\/v2\/product"}],"about":[{"href":"https:\/\/www.hydraulic-cylinders.net\/de\/wp-json\/wp\/v2\/types\/product"}],"replies":[{"embeddable":true,"href":"https:\/\/www.hydraulic-cylinders.net\/de\/wp-json\/wp\/v2\/comments?post=1762"}],"wp:featuredmedia":[{"embeddable":true,"href":"https:\/\/www.hydraulic-cylinders.net\/de\/wp-json\/wp\/v2\/media\/1767"}],"wp:attachment":[{"href":"https:\/\/www.hydraulic-cylinders.net\/de\/wp-json\/wp\/v2\/media?parent=1762"}],"wp:term":[{"taxonomy":"product_brand","embeddable":true,"href":"https:\/\/www.hydraulic-cylinders.net\/de\/wp-json\/wp\/v2\/product_brand?post=1762"},{"taxonomy":"product_cat","embeddable":true,"href":"https:\/\/www.hydraulic-cylinders.net\/de\/wp-json\/wp\/v2\/product_cat?post=1762"},{"taxonomy":"product_tag","embeddable":true,"href":"https:\/\/www.hydraulic-cylinders.net\/de\/wp-json\/wp\/v2\/product_tag?post=1762"}],"curies":[{"name":"wp","href":"https:\/\/api.w.org\/{rel}","templated":true}]}}