{"id":1772,"date":"2023-10-13T06:29:47","date_gmt":"2023-10-13T06:29:47","guid":{"rendered":"https:\/\/hydraulic-cylinders.net\/?post_type=product&#038;p=1772"},"modified":"2025-04-15T05:54:57","modified_gmt":"2025-04-15T05:54:57","slug":"trailing-suction-dredger-mud-door-cylinder","status":"publish","type":"product","link":"https:\/\/www.hydraulic-cylinders.net\/de\/produkt\/trailing-suction-dredger-mud-door-cylinder\/","title":{"rendered":"Schlammt\u00fcrzylinder f\u00fcr Schleppsaugbagger"},"content":{"rendered":"<h1 style=\"text-align: center;\"><strong>Schlammt\u00fcrzylinder f\u00fcr Schleppsaugbagger<\/strong><\/h1>\n<h1 style=\"text-align: center;\"><strong><img loading=\"lazy\" decoding=\"async\" class=\"alignnone wp-image-1774\" src=\"https:\/\/hydraulic-cylinders.net\/wp-content\/uploads\/2023\/10\/trailing-suction-dredger-mud-door-cylinder-1-1-300x300.webp\" alt=\"\" width=\"400\" height=\"400\" \/><\/strong><\/h1>\n<p>Der Schlammklappenzylinder des Saugbaggers ist eine wichtige Hydraulikkomponente, die die Effizienz und Effektivit\u00e4t von Baggerarbeiten verbessert. Dieser Zylinder spielt eine entscheidende Rolle bei der Steuerung des \u00d6ffnens und Schlie\u00dfens der Schlammklappen und gew\u00e4hrleistet so eine reibungslose Sedimentaufnahme und -abgabe.<\/p>\n<p>Der Schlammklappenzylinder f\u00fcr Saugbagger ist eine entscheidende Komponente f\u00fcr die Optimierung von Effizienz und Produktivit\u00e4t beim Baggern. Dank seiner robusten Konstruktion, pr\u00e4zisen Steuerung und sicheren Schlie\u00dfung gew\u00e4hrleistet dieser Hydraulikzylinder eine reibungslose Sedimentaufnahme und -abgabe und steigert so die Gesamteffizienz des Baggerns. Durch die Einhaltung der korrekten Anwendungsmethoden und regelm\u00e4\u00dfiger Wartungsarbeiten k\u00f6nnen Baggerfachleute die Leistung und Lebensdauer dieses au\u00dfergew\u00f6hnlichen Produkts maximieren. Nutzen Sie die Vorteile des Schlammklappenzylinders f\u00fcr Saugbagger und erleben Sie den Unterschied, den er bei Ihren Baggerarbeiten ausmacht.<\/p>\n<p>Hauptmerkmale des Schlammklappenzylinders f\u00fcr Saugbagger:<\/p>\n<ol>\n<li>Robuste Konstruktion:<\/li>\n<\/ol>\n<ul>\n<li>Der Zylinder der Schlammt\u00fcr ist aus hochwertigen Materialien gefertigt, was Langlebigkeit und Robustheit auch unter anspruchsvollen Baggerbedingungen gew\u00e4hrleistet.<br \/>\nEs ist so konstruiert, dass es hohem Druck, rauen Umgebungsbedingungen und st\u00e4ndiger Beanspruchung standh\u00e4lt und bei Baggerarbeiten eine gleichbleibende Leistung erbringt.<\/li>\n<\/ul>\n<ol start=\"2\">\n<li>Reibungsloser Betrieb:<\/li>\n<\/ol>\n<ul>\n<li>Dieser Zylinder gew\u00e4hrleistet einen reibungslosen und pr\u00e4zisen Betrieb und erm\u00f6glicht so eine effiziente Steuerung und Justierung der \u00d6ffnungs- und Schlie\u00dfmechanismen der Schmutzfangt\u00fcr.<\/li>\n<li>Es gew\u00e4hrleistet eine zuverl\u00e4ssige und genaue Positionierung der Schlammklappe und erm\u00f6glicht so eine optimale Ausbaggerungsleistung.<\/li>\n<\/ul>\n<ol start=\"3\">\n<li>Leistungsstarke Bet\u00e4tigung:<\/li>\n<\/ol>\n<ul>\n<li>Der Zylinder der Schmutzfangt\u00fcr bietet eine hohe Bet\u00e4tigungskraft und erm\u00f6glicht so ein m\u00fcheloses \u00d6ffnen und Schlie\u00dfen der Schmutzfangt\u00fcr.<\/li>\n<li>Es liefert die notwendige Kraft, um gro\u00dfe Mengen an Baggergut zu handhaben und eine effektive Eind\u00e4mmung und Abf\u00fchrung w\u00e4hrend der Baggerarbeiten zu gew\u00e4hrleisten.<\/li>\n<\/ul>\n<ol start=\"4\">\n<li>Anpassbare Parameter:<\/li>\n<\/ol>\n<ul>\n<li>Dieser Zylinder erm\u00f6glicht die individuelle Anpassung verschiedener Parameter, wie z. B. \u00d6ffnungs- und Schlie\u00dfgeschwindigkeit, Hubl\u00e4nge und Betriebsdruck.<\/li>\n<li>Die Bediener k\u00f6nnen die Einstellungen des Zylinders an die jeweiligen Baggeranforderungen anpassen und so die Effizienz und Effektivit\u00e4t des gesamten Vorgangs optimieren.<\/li>\n<\/ul>\n<h2><strong>Parameter des Schlammklappenzylinders f\u00fcr Schleppsaugbagger:<\/strong><\/h2>\n<table border=\"1\" cellspacing=\"0\" cellpadding=\"0\">\n<tbody>\n<tr>\n<td>Produktname<\/td>\n<td>Schlammt\u00fcrzylinder f\u00fcr Schleppsaugbagger<\/td>\n<\/tr>\n<tr>\n<td>Merkmale:<\/td>\n<td>Zugkraft zum \u00d6ffnen und Schlie\u00dfen der Schlammklappe; kann bei Bedarf mit einem Wegsensor ausgestattet werden<\/td>\n<\/tr>\n<tr>\n<td>Bohrungsdurchmesser:<\/td>\n<td>400 mm<\/td>\n<\/tr>\n<tr>\n<td>Stangendurchmesser:<\/td>\n<td>200 mm<br \/>\nHub: 1400 mm<\/td>\n<\/tr>\n<tr>\n<td>Druck:<\/td>\n<td>bis zu 32 MPa<\/td>\n<\/tr>\n<tr>\n<td>Zugkraft:<\/td>\n<td>Maximal 2355 kN<\/td>\n<\/tr>\n<tr>\n<td>Anwendungen:<\/td>\n<td>Schleppsaugbagger<\/td>\n<\/tr>\n<\/tbody>\n<\/table>\n<div><\/div>\n<div>\n<div class=\"txtboxL\">\n<div class=\"txtboxL\">\n<div class=\"txtboxL\">Merkmale:<\/div>\n<div class=\"txtboxR\">Zugkraft zum \u00d6ffnen und Schlie\u00dfen der Schlammklappe; kann bei Bedarf mit einem Wegsensor ausgestattet werden<\/div>\n<div class=\"txtboxL\">Spezifikation:<\/div>\n<div class=\"txtboxR\">Bohrungsdurchmesser: 400 mm<br \/>\nStangendurchmesser: 200 mm<br \/>\nHub: 1400 mm<\/div>\n<div class=\"txtboxL\">Druck:<\/div>\n<div class=\"txtboxR\">bis zu 32 MPa<\/div>\n<div class=\"txtboxL\">Zugkraft:<\/div>\n<div class=\"txtboxR\">Maximal 2355 kN<\/div>\n<\/div>\n<\/div>\n<\/div>\n<h2><strong>Baggertank-Schneid-Saugzylinder Anwendung:<\/strong><\/h2>\n<p><img loading=\"lazy\" decoding=\"async\" class=\"alignnone wp-image-1757 size-full\" src=\"https:\/\/hydraulic-cylinders.net\/wp-content\/uploads\/2023\/10\/dredger-tank-cylinder-1.webp\" alt=\"\" width=\"600\" height=\"400\" srcset=\"https:\/\/hydraulic-cylinders.net\/wp-content\/uploads\/2023\/10\/dredger-tank-cylinder-1.webp 600w, https:\/\/hydraulic-cylinders.net\/wp-content\/uploads\/2023\/10\/dredger-tank-cylinder-1-480x320.webp 480w\" sizes=\"(min-width: 0px) and (max-width: 480px) 480px, (min-width: 481px) 600px, 100vw\" \/><\/p>\n<h2><strong>Verwendungsmethode des Schlammklappenzylinders eines Saugbaggers<\/strong><strong>:<\/strong><\/h2>\n<ol>\n<li><strong>Installation:<\/strong><\/li>\n<\/ol>\n<ul>\n<li>Befolgen Sie die Anweisungen des Herstellers, um den Schlammklappenzylinder sicher am Saugbagger zu montieren.<\/li>\n<li>Stellen Sie die korrekte Ausrichtung und Befestigung an der Schmutzfangt\u00fcr und den zugeh\u00f6rigen Komponenten sicher, um einen reibungslosen und zuverl\u00e4ssigen Betrieb zu gew\u00e4hrleisten.<\/li>\n<\/ul>\n<ol start=\"2\">\n<li><strong>Steuerung und Einstellung:<\/strong><\/li>\n<\/ol>\n<ul>\n<li>Nutzen Sie das Steuerungssystem des Baggers, um den Zylinder der Schlammklappe zu bedienen und einzustellen.<\/li>\n<li>Das \u00d6ffnen und Schlie\u00dfen der Schlammklappe wird \u00fcber die daf\u00fcr vorgesehenen Bedienelemente gesteuert, wodurch eine pr\u00e4zise Kontrolle \u00fcber den Austrag des Baggerguts erm\u00f6glicht wird.<\/li>\n<\/ul>\n<ol start=\"3\">\n<li><strong>Baggerarbeiten:<\/strong><\/li>\n<\/ol>\n<ul>\n<li>Aktivieren Sie den Zylinder der Schlammklappe, um die Schlammklappe je nach Bedarf w\u00e4hrend der Baggerarbeiten zu \u00f6ffnen oder zu schlie\u00dfen.<\/li>\n<li>Passen Sie die Parameter des Zylinders, wie z. B. Drehzahl und Hubl\u00e4nge, an, um den Baggervorgang zu optimieren und eine effiziente Materialr\u00fcckhaltung und -abfuhr zu gew\u00e4hrleisten.<\/li>\n<\/ul>\n<h2><strong>Wie steuert man die Geschwindigkeit des Hydraulikzylinders?<\/strong><\/h2>\n<p>Ein Hydraulikzylinder ist ein mechanischer Aktor, der Hydraulikdruck in lineare Kraft und Bewegung umwandelt. Er besteht aus einem zylindrischen Zylinder, einem Kolben, einer Kolbenstange, Dichtungen und Anschl\u00fcssen f\u00fcr Hydraulikfl\u00fcssigkeit. Im Folgenden wird die Funktionsweise eines Hydraulikzylinders erl\u00e4utert:<\/p>\n<ol>\n<li><strong>Hydraulikfl\u00fcssigkeitsversorgung:<\/strong> Ein Hydraulikzylinder ist mit einem Hydraulikaggregat oder einer Pumpe verbunden, die unter Druck stehende Hydraulikfl\u00fcssigkeit liefert. Bei der Fl\u00fcssigkeit handelt es sich typischerweise um eine Hydraulikfl\u00fcssigkeit auf \u00d6lbasis.<\/li>\n<li><strong>Zylinderstruktur:<\/strong> Der Zylinder besitzt einen hohlen zylindrischen Lauf mit einem darin befindlichen Kolben. Der Kolben teilt den Zylinder in zwei Kammern: die Pleuelstangenkammer und die Kolbenkappenkammer.<\/li>\n<li><strong>Druckanwendung:<\/strong> Die Hydraulikfl\u00fcssigkeit wird je nach gew\u00fcnschter Bewegungsrichtung in eine der Zylinderkammern geleitet, entweder in die Kammer am Kolbenstangenende oder in die Kammer am Kappenende.<\/li>\n<li><strong>Druckdifferenz:<\/strong> Die unter Druck stehende Hydraulikfl\u00fcssigkeit wirkt auf die Kolbenoberfl\u00e4che und erzeugt eine Kraft, die den Kolben in die vorgegebene Richtung bewegt. Der Druckunterschied zwischen den beiden Kammern bewirkt die Kolbenbewegung.<\/li>\n<li><strong>Lineare Bewegung:<\/strong> Wenn die Hydraulikfl\u00fcssigkeit gegen den Kolben dr\u00fcckt, f\u00e4hrt die daran befestigte Kolbenstange je nach Str\u00f6mungsrichtung linear aus oder ein. Diese lineare Bewegung \u00fcbertr\u00e4gt die Kraft auf die mit der Kolbenstange verbundene Last oder den Mechanismus.<\/li>\n<li><strong>Versiegelungsmechanismus:<\/strong> Der Hydraulikzylinder ist mit Dichtungen wie Kolben- und Stangendichtungen ausgestattet, um das Austreten von Hydraulikfl\u00fcssigkeit zu verhindern. Diese Dichtungen halten den Druck im Zylinder aufrecht und gew\u00e4hrleisten einen reibungslosen Betrieb, indem sie den Fl\u00fcssigkeitsaustritt verhindern.<\/li>\n<li><strong>Regelventile:<\/strong> Steuerventile dienen der Steuerung von Richtung und Durchfluss des Hydraulik\u00f6ls. Sie lenken den Hydraulik\u00f6lfluss in die entsprechende Kammer des Zylinders und erm\u00f6glichen so das Aus- oder Einfahren des Kolbens.<\/li>\n<li><strong>Druckentlastung:<\/strong> Zur Steuerung von Geschwindigkeit und Kraft des Hydraulikzylinders k\u00f6nnen Druckbegrenzungsventile oder Durchflussregelventile in das Hydrauliksystem integriert werden. Diese Ventile regulieren Druck und Durchfluss der Hydraulikfl\u00fcssigkeit, verhindern \u00fcberm\u00e4\u00dfigen Druckaufbau und gew\u00e4hrleisten einen sicheren Betrieb.<\/li>\n<li><strong>Lastanwendung:<\/strong> Die Kolbenstange des Hydraulikzylinders ist mit der Last oder dem Mechanismus verbunden, der Kraft oder Bewegung ben\u00f6tigt. Beim Aus- oder Einfahren des Kolbens wird die erzeugte Kraft \u00fcber die Kolbenstange auf die Last \u00fcbertragen, wodurch diese sich bewegen oder eine Kraft aus\u00fcben kann.<\/li>\n<\/ol>\n<h2><strong>F\u00e4higkeit und Kapazit\u00e4t der Fabrik:<\/strong><\/h2>\n<h3>(1) Montage<\/h3>\n<p>Wir verf\u00fcgen \u00fcber eine erstklassige, unabh\u00e4ngige Forschungs- und Entwicklungsmontageplattform. Die Hydraulikzylinder-Produktionswerkstatt verf\u00fcgt \u00fcber vier halbautomatische Montagelinien f\u00fcr Hubzylinder und eine automatische Montagelinie f\u00fcr Kippzylinder mit einer geplanten j\u00e4hrlichen Produktionskapazit\u00e4t von 1 Million St\u00fcck. Die Spezialzylinderwerkstatt ist mit verschiedenen Spezifikationen eines halbautomatischen Reinigungsmontagesystems mit einer geplanten j\u00e4hrlichen Produktionskapazit\u00e4t von 200.000 ausgestattet und mit renommierten CNC-Bearbeitungsger\u00e4ten, einem Bearbeitungszentrum, einer hochpr\u00e4zisen Spezialausr\u00fcstung f\u00fcr die Zylinderverarbeitung, einer Roboterschwei\u00dfmaschine, einer automatischen Reinigungsmaschine, einer automatischen Zylindermontagemaschine und einer automatischen Lackierproduktionslinie ausgestattet. Es sind mehr als 300 Sets (S\u00e4tze) an kritischer Ausr\u00fcstung vorhanden. Die optimale Zuweisung und effiziente Nutzung der Ausr\u00fcstungsressourcen gew\u00e4hrleistet die Genauigkeitsanforderungen der Produkte und erf\u00fcllt die hohen Qualit\u00e4tsanforderungen der Produkte.<\/p>\n<p><img loading=\"lazy\" decoding=\"async\" class=\"alignnone wp-image-626\" src=\"https:\/\/hydraulic-cylinders.net\/wp-content\/uploads\/2023\/08\/hydraulic-cylinder-product-1-300x158.webp\" alt=\"\" width=\"495\" height=\"260\" srcset=\"https:\/\/hydraulic-cylinders.net\/wp-content\/uploads\/2023\/08\/hydraulic-cylinder-product-1-300x158.webp 495w, https:\/\/hydraulic-cylinders.net\/wp-content\/uploads\/2023\/08\/hydraulic-cylinder-product-1-480x252.webp 480w\" sizes=\"(min-width: 0px) and (max-width: 480px) 480px, (min-width: 481px) 495px, 100vw\" \/> <img loading=\"lazy\" decoding=\"async\" class=\"alignnone wp-image-627\" src=\"https:\/\/hydraulic-cylinders.net\/wp-content\/uploads\/2023\/08\/hydraulic-cylinder-product-2-300x189.webp\" alt=\"\" width=\"413\" height=\"260\" \/><\/p>\n<h3>(2) Bearbeitungen<\/h3>\n<p>Die Bearbeitungswerkstatt ist mit einem ma\u00dfgeschneiderten Schr\u00e4gschienen-Drehzentrum, einem Bearbeitungszentrum, einer Hochgeschwindigkeits-Honmaschine, einem Schwei\u00dfroboter und anderen zugeh\u00f6rigen Ger\u00e4ten ausgestattet, die die Bearbeitung von Zylinderrohren mit einem maximalen Innendurchmesser von 400 mm und einer maximalen L\u00e4nge von 6 Metern erm\u00f6glichen.<\/p>\n<p><img loading=\"lazy\" decoding=\"async\" class=\"alignnone wp-image-628 size-large\" src=\"https:\/\/hydraulic-cylinders.net\/wp-content\/uploads\/2023\/08\/hydraulic-cylinder-product-3-1024x391.webp\" alt=\"\" width=\"1024\" height=\"391\" srcset=\"https:\/\/hydraulic-cylinders.net\/wp-content\/uploads\/2023\/08\/hydraulic-cylinder-product-3-980x374.webp 980w, https:\/\/hydraulic-cylinders.net\/wp-content\/uploads\/2023\/08\/hydraulic-cylinder-product-3-480x183.webp 480w\" sizes=\"(min-width: 0px) and (max-width: 480px) 480px, (min-width: 481px) and (max-width: 980px) 980px, (min-width: 981px) 1024px, 100vw\" \/><\/p>\n<h3>(3) Schwei\u00dfen<\/h3>\n<p><img loading=\"lazy\" decoding=\"async\" class=\"alignnone wp-image-629 size-large\" src=\"https:\/\/hydraulic-cylinders.net\/wp-content\/uploads\/2023\/08\/hydraulic-cylinder-product-4-1024x510.webp\" alt=\"\" width=\"1024\" height=\"510\" srcset=\"https:\/\/hydraulic-cylinders.net\/wp-content\/uploads\/2023\/08\/hydraulic-cylinder-product-4-980x488.webp 980w, https:\/\/hydraulic-cylinders.net\/wp-content\/uploads\/2023\/08\/hydraulic-cylinder-product-4-480x239.webp 480w\" sizes=\"(min-width: 0px) and (max-width: 480px) 480px, (min-width: 481px) and (max-width: 980px) 980px, (min-width: 981px) 1024px, 100vw\" \/><\/p>\n<h3>(4) Malerei und Beschichtung<\/h3>\n<p>Mit kleinen und mittleren Zylinder automatische Lackieranlagen auf Wasserbasis, zu erreichen automatische Roboter Be-und Entladen und automatische Spritzen, die Design-Kapazit\u00e4t von 4000 St\u00fcck pro Schicht;<br \/>\nWir verf\u00fcgen auch \u00fcber eine halbautomatische Lackieranlage f\u00fcr gro\u00dfe Zylinder, die von einer Energiekette angetrieben wird und eine Kapazit\u00e4t von 60 Kisten pro Schicht hat.<\/p>\n<p><img loading=\"lazy\" decoding=\"async\" class=\"alignnone wp-image-630\" src=\"https:\/\/hydraulic-cylinders.net\/wp-content\/uploads\/2023\/08\/hydraulic-cylinder-product-5-300x213.webp\" alt=\"\" width=\"366\" height=\"260\" \/> <img loading=\"lazy\" decoding=\"async\" class=\"alignnone wp-image-631\" src=\"https:\/\/hydraulic-cylinders.net\/wp-content\/uploads\/2023\/08\/hydraulic-cylinder-product-6-300x225.webp\" alt=\"\" width=\"347\" height=\"260\" \/><\/p>\n<h3>(5) Pr\u00fcfung<\/h3>\n<p>Wir verf\u00fcgen \u00fcber erstklassige Pr\u00fcfeinrichtungen und Pr\u00fcfst\u00e4nde, um sicherzustellen, dass die Leistung des Zylinders den Anforderungen entspricht.<\/p>\n<p><img loading=\"lazy\" decoding=\"async\" class=\"alignnone wp-image-632\" src=\"https:\/\/hydraulic-cylinders.net\/wp-content\/uploads\/2023\/08\/hydraulic-cylinder-product-8-300x200.webp\" alt=\"\" width=\"389\" height=\"260\" \/><\/p>\n<p>&nbsp;<\/p>\n<p>&nbsp;<\/p>\n<p>Wir sind einer der besten Hydraulikzylinderhersteller. Wir k\u00f6nnen umfassende Hydraulikzylinder anbieten. Wir bieten auch entsprechende <a href=\"https:\/\/hzpt.com\/agricultural-pto-gearbox\/\" target=\"_blank\" rel=\"noopener\">landwirtschaftliche Getriebe<\/a>. Wir haben unsere Produkte an Kunden weltweit exportiert und uns aufgrund unserer hervorragenden Produktqualit\u00e4t und unseres Kundendienstes einen guten Ruf erworben. Wir begr\u00fc\u00dfen Kunden im In- und Ausland, die uns kontaktieren, um Gesch\u00e4fte zu verhandeln, Informationen auszutauschen und <a href=\"https:\/\/www.hydraulic-cylinders.net\/de\/contact-us\/\">mit uns zusammenarbeiten<\/a>!<\/p>","protected":false},"excerpt":{"rendered":"<p>Trailing Suction Dredger Mud Door Cylinder The trailing suction dredger mud door cylinder is a vital hydraulic component designed to improve the efficiency and effectiveness of dredging operations. This cylinder plays a crucial role in controlling the opening and closing of the mud doors, ensuring seamless sediment intake and discharge. The trailing suction dredger mud [&hellip;]<\/p>","protected":false},"featured_media":1773,"comment_status":"open","ping_status":"closed","template":"","meta":{"_et_pb_use_builder":"","_et_pb_old_content":"","_et_gb_content_width":""},"product_brand":[],"product_cat":[1550,1535,1552,1376],"product_tag":[1380],"class_list":{"0":"post-1772","1":"product","2":"type-product","3":"status-publish","4":"has-post-thumbnail","6":"product_cat-double-acting-hydraulic-cylinder","7":"product_cat-dredger-hydraulic-cylinders","8":"product_cat-stainless-steel-hydraulic-cylinder","9":"product_cat-hydraulic-cylinder","10":"product_tag-hydraulic-cylinder","12":"first","13":"instock","14":"shipping-taxable","15":"product-type-simple"},"amp_enabled":true,"_links":{"self":[{"href":"https:\/\/www.hydraulic-cylinders.net\/de\/wp-json\/wp\/v2\/product\/1772","targetHints":{"allow":["GET"]}}],"collection":[{"href":"https:\/\/www.hydraulic-cylinders.net\/de\/wp-json\/wp\/v2\/product"}],"about":[{"href":"https:\/\/www.hydraulic-cylinders.net\/de\/wp-json\/wp\/v2\/types\/product"}],"replies":[{"embeddable":true,"href":"https:\/\/www.hydraulic-cylinders.net\/de\/wp-json\/wp\/v2\/comments?post=1772"}],"wp:featuredmedia":[{"embeddable":true,"href":"https:\/\/www.hydraulic-cylinders.net\/de\/wp-json\/wp\/v2\/media\/1773"}],"wp:attachment":[{"href":"https:\/\/www.hydraulic-cylinders.net\/de\/wp-json\/wp\/v2\/media?parent=1772"}],"wp:term":[{"taxonomy":"product_brand","embeddable":true,"href":"https:\/\/www.hydraulic-cylinders.net\/de\/wp-json\/wp\/v2\/product_brand?post=1772"},{"taxonomy":"product_cat","embeddable":true,"href":"https:\/\/www.hydraulic-cylinders.net\/de\/wp-json\/wp\/v2\/product_cat?post=1772"},{"taxonomy":"product_tag","embeddable":true,"href":"https:\/\/www.hydraulic-cylinders.net\/de\/wp-json\/wp\/v2\/product_tag?post=1772"}],"curies":[{"name":"wp","href":"https:\/\/api.w.org\/{rel}","templated":true}]}}