{"id":1775,"date":"2023-10-13T06:57:31","date_gmt":"2023-10-13T06:57:31","guid":{"rendered":"https:\/\/hydraulic-cylinders.net\/?post_type=product&#038;p=1775"},"modified":"2025-04-15T05:54:54","modified_gmt":"2025-04-15T05:54:54","slug":"trailing-suction-dredger-overflow-cylinder","status":"publish","type":"product","link":"https:\/\/www.hydraulic-cylinders.net\/de\/produkt\/trailing-suction-dredger-overflow-cylinder\/","title":{"rendered":"\u00dcberlaufzylinder f\u00fcr Schleppsaugbagger"},"content":{"rendered":"<h1 style=\"text-align: center;\"><strong>\u00dcberlaufzylinder f\u00fcr Schleppsaugbagger<\/strong><\/h1>\n<h1 style=\"text-align: center;\"><img loading=\"lazy\" decoding=\"async\" class=\"alignnone wp-image-1776\" src=\"https:\/\/hydraulic-cylinders.net\/wp-content\/uploads\/2023\/10\/trailing-suction-dredger-overflow-cylinder-1-300x300.webp\" alt=\"\" width=\"400\" height=\"400\" \/><\/h1>\n<p>Der \u00dcberlaufzylinder von Schleppsaugbaggern ist ein wichtiger Bestandteil moderner Baggerausr\u00fcstung. Dieser Zylinder wurde zur Optimierung der Leistung von Schleppsaugbaggern entwickelt und spielt eine entscheidende Rolle bei der Steuerung des \u00dcberlaufsystems.<\/p>\n<p>Der \u00dcberlaufzylinder von Schleppsaugern ist ein wesentlicher Bestandteil f\u00fcr effiziente und effektive Baggerarbeiten. Dank seiner robusten Konstruktion, pr\u00e4zisen Steuerung, zuverl\u00e4ssigen Bet\u00e4tigung und anpassbaren Einstellungen verbessert dieser Zylinder die Gesamtleistung von Schleppsaugern. Durch Befolgen der empfohlenen Verwendungs- und Wartungsmethoden k\u00f6nnen Betreiber die Leistung und Lebensdauer des \u00dcberlaufzylinders maximieren und so die Effizienz und Effektivit\u00e4t der Baggerarbeiten verbessern.<\/p>\n<p>Hauptmerkmale des \u00dcberlaufzylinders eines Schleppsaugbaggers:<\/p>\n<ol>\n<li>Robuste Konstruktion:<\/li>\n<\/ol>\n<ul>\n<li>Der \u00dcberlaufzylinder ist aus hochwertigen Materialien gefertigt und gew\u00e4hrleistet Haltbarkeit und Langlebigkeit auch in anspruchsvollen Baggerumgebungen.<\/li>\n<li>Dank seiner robusten Konstruktion h\u00e4lt er hohem Druck, rauen Bedingungen und st\u00e4ndigem Einsatz stand und gew\u00e4hrleistet w\u00e4hrend der gesamten Baggerarbeiten eine gleichbleibende Leistung.<\/li>\n<\/ul>\n<ol start=\"2\">\n<li>Pr\u00e4zise Steuerung:<\/li>\n<\/ol>\n<ul>\n<li>Dieser Zylinder bietet eine pr\u00e4zise Kontrolle \u00fcber das \u00dcberlaufsystem und erm\u00f6glicht so eine genaue Handhabung des Baggerguts.<\/li>\n<li>Es gew\u00e4hrleistet eine optimale Steuerung und Regelung des \u00dcberlaufprozesses und erm\u00f6glicht so eine effiziente Sedimenttrennung und -ableitung.<\/li>\n<\/ul>\n<ol start=\"3\">\n<li>Zuverl\u00e4ssige Bet\u00e4tigung:<\/li>\n<\/ol>\n<ul>\n<li>Der \u00dcberlaufzylinder bietet zuverl\u00e4ssige Bet\u00e4tigungsm\u00f6glichkeiten und gew\u00e4hrleistet einen reibungslosen und gleichm\u00e4\u00dfigen Betrieb des \u00dcberlaufsystems.<\/li>\n<li>Es liefert die notwendige Kraft, um die Bewegung des \u00dcberlauftors zu steuern und so eine effektive Steuerung des Baggergutflusses zu gew\u00e4hrleisten.<\/li>\n<\/ul>\n<ol start=\"4\">\n<li>Anpassbare Einstellungen:<\/li>\n<\/ol>\n<ul>\n<li>Dieser Zylinder erm\u00f6glicht die individuelle Einstellung verschiedener Parameter wie \u00d6ffnungs- und Schlie\u00dfgeschwindigkeit, Hubl\u00e4nge und Bet\u00e4tigungsdruck.<\/li>\n<li>Die Bediener k\u00f6nnen diese Einstellungen an die spezifischen Baggeranforderungen anpassen und so die Effizienz und Effektivit\u00e4t des \u00dcberlaufsystems optimieren.<\/li>\n<\/ul>\n<h2><strong>Parameter des \u00dcberlaufzylinders des Schleppsaugbaggers:<\/strong><\/h2>\n<table border=\"1\" cellspacing=\"0\" cellpadding=\"0\">\n<tbody>\n<tr>\n<td>Produktname<\/td>\n<td>\u00dcberlaufzylinder f\u00fcr Schleppsaugbagger<\/td>\n<\/tr>\n<tr>\n<td>Merkmale:<\/td>\n<td>Zugkraft zum Anheben des Entlastungsrohres bereitstellen<\/td>\n<\/tr>\n<tr>\n<td>Bohrungsdurchmesser:<\/td>\n<td>Bis zu 280 mm<\/td>\n<\/tr>\n<tr>\n<td>Stangendurchmesser:<\/td>\n<td>Bis zu 180 mm<br \/>\nHub bis 6000 mm<\/td>\n<\/tr>\n<tr>\n<td>Druck:<\/td>\n<td>bis zu 32 MPa<\/td>\n<\/tr>\n<tr>\n<td>Zugkraft:<\/td>\n<td>Maximal 900 kN<\/td>\n<\/tr>\n<tr>\n<td>Anwendungen:<\/td>\n<td>Schleppsaugbagger<\/td>\n<\/tr>\n<\/tbody>\n<\/table>\n<div><\/div>\n<div>\n<div class=\"txtboxL\">\n<div class=\"txtboxL\">\n<div class=\"txtboxL\">\n<div class=\"txtboxL\">Merkmale:<\/div>\n<div class=\"txtboxR\">Zugkraft zum Anheben des Entlastungsrohres bereitstellen<\/div>\n<div class=\"txtboxL\">Spezifikation:<\/div>\n<div class=\"txtboxR\">Bohrungsdurchmesser: bis 280mm<br \/>\nStangendurchmesser: bis 180mm<br \/>\nHub bis zu 6000mm<\/div>\n<div class=\"txtboxL\">Druck:<\/div>\n<div class=\"txtboxR\">bis zu 32 MPa<\/div>\n<div class=\"txtboxL\">Zugkraft:<\/div>\n<div class=\"txtboxR\">Maximal 900 kN<\/div>\n<\/div>\n<\/div>\n<\/div>\n<\/div>\n<h2><strong>Baggertank-Schneid-Saugzylinder Anwendung:<\/strong><\/h2>\n<p><img loading=\"lazy\" decoding=\"async\" class=\"alignnone wp-image-1757 size-full\" src=\"https:\/\/hydraulic-cylinders.net\/wp-content\/uploads\/2023\/10\/dredger-tank-cylinder-1.webp\" alt=\"\" width=\"600\" height=\"400\" srcset=\"https:\/\/hydraulic-cylinders.net\/wp-content\/uploads\/2023\/10\/dredger-tank-cylinder-1.webp 600w, https:\/\/hydraulic-cylinders.net\/wp-content\/uploads\/2023\/10\/dredger-tank-cylinder-1-480x320.webp 480w\" sizes=\"(min-width: 0px) and (max-width: 480px) 480px, (min-width: 481px) 600px, 100vw\" \/><\/p>\n<h2><strong>Verwendungsmethode des \u00dcberlaufzylinders f\u00fcr Schleppsaugbagger<\/strong><strong>:<\/strong><\/h2>\n<ol>\n<li><strong>Installation:<\/strong><\/li>\n<\/ol>\n<ul>\n<li>Befolgen Sie die Richtlinien des Herstellers, um den \u00dcberlaufzylinder sicher auf dem Saugbagger zu installieren.<\/li>\n<li>Sorgen Sie f\u00fcr die richtige Ausrichtung und Befestigung des Zylinders am \u00dcberlauftor und den zugeh\u00f6rigen Komponenten, um einen reibungslosen und zuverl\u00e4ssigen Betrieb zu gew\u00e4hrleisten.<\/li>\n<\/ul>\n<ol start=\"2\">\n<li><strong>\u00dcberlaufsystemverwaltung:<\/strong><\/li>\n<\/ol>\n<ul>\n<li>Nutzen Sie das Steuersystem des Baggers, um den \u00dcberlaufzylinder zu bedienen und zu verwalten.<\/li>\n<li>Steuern Sie das \u00d6ffnen und Schlie\u00dfen des \u00dcberlauftors mithilfe der daf\u00fcr vorgesehenen Bedienelemente und erm\u00f6glichen Sie so eine pr\u00e4zise Kontrolle des Baggergutflusses und der Entladung.<\/li>\n<\/ul>\n<ol start=\"3\">\n<li><strong>Baggerarbeiten:<\/strong><\/li>\n<\/ol>\n<ul>\n<li>Aktivieren Sie den \u00dcberlaufzylinder, um die Position des \u00dcberlauftors w\u00e4hrend Baggerarbeiten nach Bedarf anzupassen.<\/li>\n<li>Passen Sie die Einstellungen des Zylinders, wie Geschwindigkeit und Hubl\u00e4nge, an, um den \u00dcberlaufprozess zu optimieren und eine effiziente Sedimenttrennung und -ableitung sicherzustellen.<\/li>\n<\/ul>\n<h2><strong>Wie demontiert man einen Hydraulikzylinder?<\/strong><\/h2>\n<p>Die Demontage eines Hydraulikzylinders erfordert sorgf\u00e4ltige Aufmerksamkeit und die Einhaltung der richtigen Verfahren, um eine sichere und effiziente Demontage zu gew\u00e4hrleisten. Hier finden Sie eine Schritt-f\u00fcr-Schritt-Anleitung zur Demontage eines Hydraulikzylinders:<\/p>\n<ol>\n<li><strong>Besorgen Sie sich die notwendigen Werkzeuge und Ger\u00e4te:<\/strong>\n<ul>\n<li>Schraubenschl\u00fcssel oder Steckschl\u00fcsselsatz<\/li>\n<li>Brechstange oder Schraubendreher<\/li>\n<li>Gummihammer oder r\u00fcckschlagfreier Hammer<\/li>\n<li>Saubere Lappen oder Werkstattt\u00fccher<\/li>\n<li>Auffangwanne oder Beh\u00e4lter f\u00fcr Hydraulikfl\u00fcssigkeit<\/li>\n<li>Schutzhandschuhe und Schutzbrille<\/li>\n<\/ul>\n<\/li>\n<li><strong>Bereiten Sie den Arbeitsbereich vor:<\/strong>\n<ul>\n<li>Sorgen Sie f\u00fcr einen sauberen und aufger\u00e4umten Arbeitsbereich mit ausreichend Platz zum Auslegen der demontierten Komponenten.<\/li>\n<li>Legen Sie eine saugf\u00e4hige Matte oder ein \u00f6labsorbierendes Material aus, um versch\u00fcttete Hydraulikfl\u00fcssigkeit aufzufangen.<\/li>\n<\/ul>\n<\/li>\n<li><strong>Hydraulikdruck entlasten:<\/strong>\n<ul>\n<li>Bevor Sie mit der Demontage beginnen, lassen Sie den Hydraulikdruck aus dem Zylinder ab. Dies kann durch Aktivieren des Hydrauliksteuerventils erfolgen, um den Zylinder vollst\u00e4ndig einzufahren.<\/li>\n<\/ul>\n<\/li>\n<li><strong>Armaturen und Anschl\u00fcsse entfernen:<\/strong>\n<ul>\n<li>L\u00f6sen und entfernen Sie vorsichtig mit Schraubenschl\u00fcsseln oder einem Steckschl\u00fcsselsatz alle am Zylinder befestigten Armaturen, Anschl\u00fcsse oder Hydraulikschl\u00e4uche.<\/li>\n<li>Merken Sie sich die Armaturen und ihre entsprechenden Positionen f\u00fcr den erneuten Zusammenbau.<\/li>\n<\/ul>\n<\/li>\n<li><strong>Sichern Sie den Zylinder:<\/strong>\n<ul>\n<li>Stellen Sie sicher, dass der Zylinder mit einer geeigneten Werkbank oder einem Schraubstock richtig abgest\u00fctzt ist, um ein Herunterfallen oder Wegrollen w\u00e4hrend der Demontage zu verhindern.<\/li>\n<\/ul>\n<\/li>\n<li><strong>Entfernen Sie die Stopfbuchse oder Endkappe:<\/strong>\n<ul>\n<li>Die Stopfbuchse oder Endkappe befindet sich normalerweise am Stangenende des Zylinders.<\/li>\n<li>Verwenden Sie einen Schraubenschl\u00fcssel oder eine Stecknuss, um die Halteschrauben oder -muttern zu l\u00f6sen und zu entfernen.<\/li>\n<li>Wenn die Stopfbuchse oder die Endkappe festsitzt, k\u00f6nnen Sie sie durch leichtes Klopfen mit einem Gummihammer oder einem r\u00fcckschlagfreien Hammer l\u00f6sen.<\/li>\n<li>Sobald die Stopfbuchse oder Endkappe gel\u00f6st ist, entfernen Sie sie vorsichtig und lassen Sie die Hydraulikfl\u00fcssigkeit in die Auffangwanne ablaufen.<\/li>\n<\/ul>\n<\/li>\n<li><strong>Kolben- und Stangenbaugruppe herausziehen:<\/strong>\n<ul>\n<li>Wenn Sie die Stopfbuchse oder Endkappe entfernt haben, k\u00f6nnen Sie nun auf die Kolben- und Stangenbaugruppe zugreifen.<\/li>\n<li>Schieben Sie die Kolben- und Stangenbaugruppe vorsichtig aus dem Zylinderrohr und achten Sie dabei darauf, dass Sie sie festhalten, damit sie nicht herunterf\u00e4llt oder besch\u00e4digt wird.<\/li>\n<li>Wenn die Baugruppe feststeckt, k\u00f6nnen Sie mit einem Brecheisen oder Schraubendreher vorsichtig Druck aus\u00fcben und so das L\u00f6sen erleichtern.<\/li>\n<\/ul>\n<\/li>\n<li><strong>\u00dcberpr\u00fcfen und reinigen Sie die Komponenten:<\/strong>\n<ul>\n<li>\u00dcberpr\u00fcfen Sie nach der Demontage alle Komponenten auf Anzeichen von Verschlei\u00df, Besch\u00e4digung oder Verunreinigung.<\/li>\n<li>Reinigen Sie die Komponenten gr\u00fcndlich mit sauberen Lappen oder Werkstattt\u00fcchern und entfernen Sie allen Schmutz, Ablagerungen oder Hydraulikfl\u00fcssigkeit.<\/li>\n<li>Achten Sie besonders auf Kolben, Stange, Zylinderlauf und Dichtungen.<\/li>\n<\/ul>\n<\/li>\n<li><strong>Komponenten ersetzen oder reparieren:<\/strong>\n<ul>\n<li>Wenn Komponenten abgenutzt oder besch\u00e4digt sind, wird empfohlen, sie durch neue zu ersetzen.<\/li>\n<li>\u00dcberpr\u00fcfen Sie die Dichtungen auf Verschlei\u00dferscheinungen und ersetzen Sie sie gegebenenfalls.<\/li>\n<li>Wenn Sie sich bez\u00fcglich des Austauschs oder der Reparatur von Komponenten nicht sicher sind, lesen Sie die Richtlinien des Herstellers oder holen Sie sich professionellen Rat ein.<\/li>\n<\/ul>\n<\/li>\n<li><strong>Zusammenbau:<\/strong>\n<ul>\n<li>Befolgen Sie zum Zusammenbau des Hydraulikzylinders die Anweisungen des Herstellers.<\/li>\n<li>Tragen Sie beim Zusammenbau eine geeignete Hydraulikfl\u00fcssigkeit oder ein geeignetes Schmiermittel auf die Dichtungen und Komponenten auf.<\/li>\n<li>Stellen Sie sicher, dass alle Armaturen und Anschl\u00fcsse mit dem angegebenen Drehmoment angezogen sind.<\/li>\n<li>\u00dcberpr\u00fcfen Sie die korrekte Ausrichtung und Orientierung der Komponenten noch einmal, bevor Sie den Zusammenbau abschlie\u00dfen.<\/li>\n<\/ul>\n<\/li>\n<\/ol>\n<h2><strong>F\u00e4higkeit und Kapazit\u00e4t der Fabrik:<\/strong><\/h2>\n<h3>(1) Montage<\/h3>\n<p>Wir verf\u00fcgen \u00fcber eine erstklassige, unabh\u00e4ngige Forschungs- und Entwicklungsmontageplattform. Die Hydraulikzylinder-Produktionswerkstatt verf\u00fcgt \u00fcber vier halbautomatische Montagelinien f\u00fcr Hubzylinder und eine automatische Montagelinie f\u00fcr Kippzylinder mit einer geplanten j\u00e4hrlichen Produktionskapazit\u00e4t von 1 Million St\u00fcck. Die Spezialzylinderwerkstatt ist mit verschiedenen Spezifikationen eines halbautomatischen Reinigungsmontagesystems mit einer geplanten j\u00e4hrlichen Produktionskapazit\u00e4t von 200.000 ausgestattet und mit renommierten CNC-Bearbeitungsger\u00e4ten, einem Bearbeitungszentrum, einer hochpr\u00e4zisen Spezialausr\u00fcstung f\u00fcr die Zylinderverarbeitung, einer Roboterschwei\u00dfmaschine, einer automatischen Reinigungsmaschine, einer automatischen Zylindermontagemaschine und einer automatischen Lackierproduktionslinie ausgestattet. Es sind mehr als 300 Sets (S\u00e4tze) an kritischer Ausr\u00fcstung vorhanden. Die optimale Zuweisung und effiziente Nutzung der Ausr\u00fcstungsressourcen gew\u00e4hrleistet die Genauigkeitsanforderungen der Produkte und erf\u00fcllt die hohen Qualit\u00e4tsanforderungen der Produkte.<\/p>\n<p><img loading=\"lazy\" decoding=\"async\" class=\"alignnone wp-image-626\" src=\"https:\/\/hydraulic-cylinders.net\/wp-content\/uploads\/2023\/08\/hydraulic-cylinder-product-1-300x158.webp\" alt=\"\" width=\"495\" height=\"260\" srcset=\"https:\/\/hydraulic-cylinders.net\/wp-content\/uploads\/2023\/08\/hydraulic-cylinder-product-1-300x158.webp 495w, https:\/\/hydraulic-cylinders.net\/wp-content\/uploads\/2023\/08\/hydraulic-cylinder-product-1-480x252.webp 480w\" sizes=\"(min-width: 0px) and (max-width: 480px) 480px, (min-width: 481px) 495px, 100vw\" \/> <img loading=\"lazy\" decoding=\"async\" class=\"alignnone wp-image-627\" src=\"https:\/\/hydraulic-cylinders.net\/wp-content\/uploads\/2023\/08\/hydraulic-cylinder-product-2-300x189.webp\" alt=\"\" width=\"413\" height=\"260\" \/><\/p>\n<h3>(2) Bearbeitungen<\/h3>\n<p>Die Bearbeitungswerkstatt ist mit einem ma\u00dfgeschneiderten Schr\u00e4gschienen-Drehzentrum, einem Bearbeitungszentrum, einer Hochgeschwindigkeits-Honmaschine, einem Schwei\u00dfroboter und anderen zugeh\u00f6rigen Ger\u00e4ten ausgestattet, die die Bearbeitung von Zylinderrohren mit einem maximalen Innendurchmesser von 400 mm und einer maximalen L\u00e4nge von 6 Metern erm\u00f6glichen.<\/p>\n<p><img loading=\"lazy\" decoding=\"async\" class=\"alignnone wp-image-628 size-large\" src=\"https:\/\/hydraulic-cylinders.net\/wp-content\/uploads\/2023\/08\/hydraulic-cylinder-product-3-1024x391.webp\" alt=\"\" width=\"1024\" height=\"391\" srcset=\"https:\/\/hydraulic-cylinders.net\/wp-content\/uploads\/2023\/08\/hydraulic-cylinder-product-3-980x374.webp 980w, https:\/\/hydraulic-cylinders.net\/wp-content\/uploads\/2023\/08\/hydraulic-cylinder-product-3-480x183.webp 480w\" sizes=\"(min-width: 0px) and (max-width: 480px) 480px, (min-width: 481px) and (max-width: 980px) 980px, (min-width: 981px) 1024px, 100vw\" \/><\/p>\n<h3>(3) Schwei\u00dfen<\/h3>\n<p><img loading=\"lazy\" decoding=\"async\" class=\"alignnone wp-image-629 size-large\" src=\"https:\/\/hydraulic-cylinders.net\/wp-content\/uploads\/2023\/08\/hydraulic-cylinder-product-4-1024x510.webp\" alt=\"\" width=\"1024\" height=\"510\" srcset=\"https:\/\/hydraulic-cylinders.net\/wp-content\/uploads\/2023\/08\/hydraulic-cylinder-product-4-980x488.webp 980w, https:\/\/hydraulic-cylinders.net\/wp-content\/uploads\/2023\/08\/hydraulic-cylinder-product-4-480x239.webp 480w\" sizes=\"(min-width: 0px) and (max-width: 480px) 480px, (min-width: 481px) and (max-width: 980px) 980px, (min-width: 981px) 1024px, 100vw\" \/><\/p>\n<h3>(4) Malerei und Beschichtung<\/h3>\n<p>Mit kleinen und mittleren Zylinder automatische Lackieranlagen auf Wasserbasis, zu erreichen automatische Roboter Be-und Entladen und automatische Spritzen, die Design-Kapazit\u00e4t von 4000 St\u00fcck pro Schicht;<br \/>\nWir verf\u00fcgen auch \u00fcber eine halbautomatische Lackieranlage f\u00fcr gro\u00dfe Zylinder, die von einer Energiekette angetrieben wird und eine Kapazit\u00e4t von 60 Kisten pro Schicht hat.<\/p>\n<p><img loading=\"lazy\" decoding=\"async\" class=\"alignnone wp-image-630\" src=\"https:\/\/hydraulic-cylinders.net\/wp-content\/uploads\/2023\/08\/hydraulic-cylinder-product-5-300x213.webp\" alt=\"\" width=\"366\" height=\"260\" \/> <img loading=\"lazy\" decoding=\"async\" class=\"alignnone wp-image-631\" src=\"https:\/\/hydraulic-cylinders.net\/wp-content\/uploads\/2023\/08\/hydraulic-cylinder-product-6-300x225.webp\" alt=\"\" width=\"347\" height=\"260\" \/><\/p>\n<h3>(5) Pr\u00fcfung<\/h3>\n<p>Wir verf\u00fcgen \u00fcber erstklassige Pr\u00fcfeinrichtungen und Pr\u00fcfst\u00e4nde, um sicherzustellen, dass die Leistung des Zylinders den Anforderungen entspricht.<\/p>\n<p><img loading=\"lazy\" decoding=\"async\" class=\"alignnone wp-image-632\" src=\"https:\/\/hydraulic-cylinders.net\/wp-content\/uploads\/2023\/08\/hydraulic-cylinder-product-8-300x200.webp\" alt=\"\" width=\"389\" height=\"260\" \/><\/p>\n<p>&nbsp;<\/p>\n<p>&nbsp;<\/p>\n<p>Wir sind einer der besten Hydraulikzylinderhersteller. Wir k\u00f6nnen umfassende Hydraulikzylinder anbieten. Wir bieten auch entsprechende <a href=\"https:\/\/hzpt.com\/agricultural-pto-gearbox\/\" target=\"_blank\" rel=\"noopener\">landwirtschaftliche Getriebe<\/a>. Wir haben unsere Produkte an Kunden weltweit exportiert und uns aufgrund unserer hervorragenden Produktqualit\u00e4t und unseres Kundendienstes einen guten Ruf erworben. Wir begr\u00fc\u00dfen Kunden im In- und Ausland, die uns kontaktieren, um Gesch\u00e4fte zu verhandeln, Informationen auszutauschen und <a href=\"https:\/\/www.hydraulic-cylinders.net\/de\/contact-us\/\">mit uns zusammenarbeiten<\/a>!<\/p>","protected":false},"excerpt":{"rendered":"<p>Trailing Suction Dredger Overflow Cylinder The trailing suction dredger overflow cylinder is a vital component in modern dredging equipment. Designed to optimize the performance of trailing suction dredgers, this cylinder plays a crucial role in managing the overflow system. The trailing suction dredger overflow cylinder is an essential component for achieving efficient and effective dredging [&hellip;]<\/p>","protected":false},"featured_media":1777,"comment_status":"open","ping_status":"closed","template":"","meta":{"_et_pb_use_builder":"","_et_pb_old_content":"","_et_gb_content_width":""},"product_brand":[],"product_cat":[1535,1549,1552,1376],"product_tag":[1380],"class_list":{"0":"post-1775","1":"product","2":"type-product","3":"status-publish","4":"has-post-thumbnail","6":"product_cat-dredger-hydraulic-cylinders","7":"product_cat-single-acting-hydraulic-cylinder","8":"product_cat-stainless-steel-hydraulic-cylinder","9":"product_cat-hydraulic-cylinder","10":"product_tag-hydraulic-cylinder","12":"first","13":"instock","14":"shipping-taxable","15":"product-type-simple"},"amp_enabled":true,"_links":{"self":[{"href":"https:\/\/www.hydraulic-cylinders.net\/de\/wp-json\/wp\/v2\/product\/1775","targetHints":{"allow":["GET"]}}],"collection":[{"href":"https:\/\/www.hydraulic-cylinders.net\/de\/wp-json\/wp\/v2\/product"}],"about":[{"href":"https:\/\/www.hydraulic-cylinders.net\/de\/wp-json\/wp\/v2\/types\/product"}],"replies":[{"embeddable":true,"href":"https:\/\/www.hydraulic-cylinders.net\/de\/wp-json\/wp\/v2\/comments?post=1775"}],"wp:featuredmedia":[{"embeddable":true,"href":"https:\/\/www.hydraulic-cylinders.net\/de\/wp-json\/wp\/v2\/media\/1777"}],"wp:attachment":[{"href":"https:\/\/www.hydraulic-cylinders.net\/de\/wp-json\/wp\/v2\/media?parent=1775"}],"wp:term":[{"taxonomy":"product_brand","embeddable":true,"href":"https:\/\/www.hydraulic-cylinders.net\/de\/wp-json\/wp\/v2\/product_brand?post=1775"},{"taxonomy":"product_cat","embeddable":true,"href":"https:\/\/www.hydraulic-cylinders.net\/de\/wp-json\/wp\/v2\/product_cat?post=1775"},{"taxonomy":"product_tag","embeddable":true,"href":"https:\/\/www.hydraulic-cylinders.net\/de\/wp-json\/wp\/v2\/product_tag?post=1775"}],"curies":[{"name":"wp","href":"https:\/\/api.w.org\/{rel}","templated":true}]}}