{"id":1778,"date":"2023-10-13T07:48:25","date_gmt":"2023-10-13T07:48:25","guid":{"rendered":"https:\/\/hydraulic-cylinders.net\/?post_type=product&#038;p=1778"},"modified":"2025-04-15T05:54:51","modified_gmt":"2025-04-15T05:54:51","slug":"barge-split-cylinder","status":"publish","type":"product","link":"https:\/\/www.hydraulic-cylinders.net\/de\/produkt\/barge-split-cylinder\/","title":{"rendered":"Barge Split Cylinder"},"content":{"rendered":"<h1 style=\"text-align: center;\"><strong>Barge Split Cylinder<\/strong><\/h1>\n<h1 style=\"text-align: center;\"><img loading=\"lazy\" decoding=\"async\" class=\"alignnone size-medium wp-image-1782\" src=\"https:\/\/hydraulic-cylinders.net\/wp-content\/uploads\/2023\/10\/split-cylinder-1-0-300x300.webp\" alt=\"\" width=\"300\" height=\"300\" \/><\/h1>\n<p>Der Barge Split Cylinder ist ein revolution\u00e4res Produkt zur Optimierung des Schiffsbetriebs, insbesondere beim Transport und Umschlag von G\u00fctern und Materialien. Dieser innovative Hydraulikzylinder bietet eine Reihe von Funktionen und Vorteilen, die Effizienz, Sicherheit und Produktivit\u00e4t steigern.<\/p>\n<p>Der Split-Zylinder f\u00fcr Lastk\u00e4hne bietet eine Reihe von Funktionen und Vorteilen, die die Effizienz, Sicherheit und Produktivit\u00e4t im Schiffsbetrieb steigern. Seine geteilte Bauweise, die hohe Tragf\u00e4higkeit, die pr\u00e4zise Steuerung und das zuverl\u00e4ssige Hydrauliksystem machen ihn wertvoll f\u00fcr den G\u00fcterumschlag, Baggerarbeiten und Offshore-Bauarbeiten. Durch Befolgen der empfohlenen Nutzungs- und Wartungsmethoden k\u00f6nnen Betreiber die Leistung und Langlebigkeit des Split-Zylinders f\u00fcr Lastk\u00e4hne maximieren und so die Effizienz und Effektivit\u00e4t des Schiffsbetriebs verbessern.<\/p>\n<p>Hauptmerkmale des geteilten Zylinders f\u00fcr Lastk\u00e4hne:<\/p>\n<ol>\n<li>Geteiltes Design f\u00fcr Vielseitigkeit:<\/li>\n<\/ol>\n<ul>\n<li>Der geteilte Zylinder des Lastkahns verf\u00fcgt \u00fcber ein einzigartiges geteiltes Design, das eine einfache Installation und Entfernung erm\u00f6glicht.<\/li>\n<li>Dieses Design erm\u00f6glicht ein schnelles und effizientes Anbringen oder Abnehmen des Zylinders und gew\u00e4hrleistet Flexibilit\u00e4t und Anpassungsf\u00e4higkeit f\u00fcr verschiedene Schiffsanwendungen.<\/li>\n<\/ul>\n<ol start=\"2\">\n<li>Hohe Tragf\u00e4higkeit:<\/li>\n<\/ol>\n<ul>\n<li>Der Zylinder zeichnet sich durch eine robuste Konstruktion aus, die hohen Belastungen und rauen Meeresbedingungen standh\u00e4lt.<\/li>\n<li>Aufgrund seiner hohen Tragf\u00e4higkeit eignet es sich f\u00fcr den Einsatz auf See, einschlie\u00dflich Frachtumschlag, Baggerarbeiten und Offshore-Bauarbeiten.<\/li>\n<\/ul>\n<ol start=\"3\">\n<li>Pr\u00e4zise Steuerung und Positionierung:<\/li>\n<\/ol>\n<ul>\n<li>Der geteilte Zylinder des Lastkahns bietet pr\u00e4zise Steuerungs- und Positionierungsm\u00f6glichkeiten und erm\u00f6glicht so die genaue Handhabung von Lasten oder Materialien.<\/li>\n<li>Bediener k\u00f6nnen sanfte und kontrollierte Bewegungen ausf\u00fchren und so eine pr\u00e4zise Platzierung und Ausrichtung w\u00e4hrend der Frachtabfertigung oder anderer Schiffsvorg\u00e4nge sicherstellen.<\/li>\n<\/ul>\n<ol start=\"4\">\n<li>Zuverl\u00e4ssiges Hydrauliksystem:<\/li>\n<\/ol>\n<ul>\n<li>Ausgestattet mit einem zuverl\u00e4ssigen Hydrauliksystem sorgt der Zylinder f\u00fcr konstante Leistung und reibungslosen Betrieb.<\/li>\n<li>Das Hydrauliksystem liefert ausreichend Leistung und Kontrolle und erm\u00f6glicht so einen reibungslosen und effizienten Betrieb des Zylinders in anspruchsvollen Meeresumgebungen.<\/li>\n<\/ul>\n<h2><strong>Parameter des geteilten Zylinders f\u00fcr Lastk\u00e4hne:<\/strong><\/h2>\n<table border=\"1\" cellspacing=\"0\" cellpadding=\"0\">\n<tbody>\n<tr>\n<td>Produktname<\/td>\n<td>Split Barge Split Cylinder<\/td>\n<\/tr>\n<tr>\n<td>Merkmale:<\/td>\n<td>Geschlossener Rumpf<\/td>\n<\/tr>\n<tr>\n<td>Bohrungsdurchmesser:<\/td>\n<td>Bis zu 550 mm<\/td>\n<\/tr>\n<tr>\n<td>Stangendurchmesser:<\/td>\n<td>Bis zu 280 mm<br \/>\nHub \u22641000 mm<\/td>\n<\/tr>\n<tr>\n<td>Zugkraft:<\/td>\n<td>Bis zu 6000 kN<\/td>\n<\/tr>\n<tr>\n<td>Druck:<\/td>\n<td>Bis zu 38 MPa<\/td>\n<\/tr>\n<tr>\n<td>Anwendungen:<\/td>\n<td>Split Barge<\/td>\n<\/tr>\n<\/tbody>\n<\/table>\n<div><\/div>\n<div>\n<div class=\"txtboxL\">\n<div class=\"txtboxL\">\n<div class=\"txtboxL\">\n<div class=\"txtboxL\">\n<div class=\"txtboxL\">Merkmale:<\/div>\n<div class=\"txtboxR\">Geschlossener Rumpf<\/div>\n<div class=\"txtboxL\">Spezifikation:<\/div>\n<div class=\"txtboxR\">Bohrungsdurchmesser: bis 550mm<br \/>\nStangendurchmesser: bis 280mm<br \/>\nHub \u22641000 mm<\/div>\n<div class=\"txtboxL\">Zugkraft:<\/div>\n<div class=\"txtboxR\">bis zu 6000KN<\/div>\n<div class=\"txtboxL\">Druck:<\/div>\n<div class=\"txtboxR\">bis zu 38 MPa<\/div>\n<\/div>\n<\/div>\n<\/div>\n<\/div>\n<\/div>\n<h2><strong>Anwendung f\u00fcr geteilte Lastkahnzylinder:<\/strong><\/h2>\n<p><img loading=\"lazy\" decoding=\"async\" class=\"alignnone wp-image-1780 size-full\" src=\"https:\/\/hydraulic-cylinders.net\/wp-content\/uploads\/2023\/10\/split-barge-cylinder-1.webp\" alt=\"\" width=\"1418\" height=\"946\" srcset=\"https:\/\/hydraulic-cylinders.net\/wp-content\/uploads\/2023\/10\/split-barge-cylinder-1.webp 1418w, https:\/\/hydraulic-cylinders.net\/wp-content\/uploads\/2023\/10\/split-barge-cylinder-1-1280x854.webp 1280w, https:\/\/hydraulic-cylinders.net\/wp-content\/uploads\/2023\/10\/split-barge-cylinder-1-980x654.webp 980w, https:\/\/hydraulic-cylinders.net\/wp-content\/uploads\/2023\/10\/split-barge-cylinder-1-480x320.webp 480w\" sizes=\"(min-width: 0px) and (max-width: 480px) 480px, (min-width: 481px) and (max-width: 980px) 980px, (min-width: 981px) and (max-width: 1280px) 1280px, (min-width: 1281px) 1418px, 100vw\" \/><\/p>\n<h2><strong>Verwendungsmethode des Barge Split Cylinder<\/strong><strong>:<\/strong><\/h2>\n<ol>\n<li><strong>Installation:<\/strong><\/li>\n<\/ol>\n<ul>\n<li>Sorgen Sie zun\u00e4chst f\u00fcr ein sicheres und stabiles Fundament f\u00fcr das Binnenschiff oder Schiff.<\/li>\n<li>Positionieren Sie den geteilten Zylinder des Lastkahns an der gew\u00fcnschten Stelle auf dem Lastkahn und achten Sie dabei auf die richtige Ausrichtung mit der zu handhabenden Ladung oder dem zu handhabenden Material.<\/li>\n<li>Befestigen Sie den Zylinder sicher mit den entsprechenden Montageteilen und befolgen Sie die Richtlinien des Herstellers hinsichtlich der Drehmomentangaben.<\/li>\n<\/ul>\n<ol start=\"2\">\n<li><strong>Hydraulische Anschl\u00fcsse:<\/strong><\/li>\n<\/ol>\n<ul>\n<li>Schlie\u00dfen Sie die Hydraulikschl\u00e4uche vom System des Lastkahns an den geteilten Zylinder des Lastkahns an.<\/li>\n<li>Stellen Sie sicher, dass die Verbindungen dicht und dicht sind.<\/li>\n<li>\u00dcberpr\u00fcfen Sie die Druck- und Durchflusseinstellungen des Hydrauliksystems, um die Kompatibilit\u00e4t mit den Anforderungen des Zylinders sicherzustellen.<\/li>\n<\/ul>\n<ol start=\"3\">\n<li><strong>Lasthandhabung:<\/strong><\/li>\n<\/ol>\n<ul>\n<li>Aktivieren Sie das Hydrauliksystem des Lastkahns und bet\u00e4tigen Sie die Steuerungen, um den geteilten Zylinder des Lastkahns nach Bedarf auszufahren oder einzufahren.<\/li>\n<li>Nutzen Sie die pr\u00e4zisen Steuerungsfunktionen, um die Ladung oder das Material pr\u00e4zise und effizient zu manipulieren.<\/li>\n<li>\u00dcberwachen Sie die Last w\u00e4hrend der Handhabung, um einen sicheren Betrieb zu gew\u00e4hrleisten.<\/li>\n<\/ul>\n<h2><strong>Wie entferne ich den Hydraulikzylinder vom Stuhl?<\/strong><\/h2>\n<p>Um einen Hydraulikzylinder von einem Stuhl zu entfernen, ben\u00f6tigen Sie einige wichtige Werkzeuge und m\u00fcssen diese Schritt-f\u00fcr-Schritt-Anleitung befolgen:<\/p>\n<ol>\n<li><strong>Besorgen Sie sich die notwendigen Werkzeuge:<\/strong>\n<ul>\n<li>Verstellbarer Schraubenschl\u00fcssel oder Rohrzange<\/li>\n<li>Gummihammer oder Hammer<\/li>\n<li>Schraubendreher (falls erforderlich)<\/li>\n<\/ul>\n<\/li>\n<li><strong>Bereiten Sie den Arbeitsbereich vor:<\/strong>\n<ul>\n<li>Sorgen Sie f\u00fcr einen sauberen und gut beleuchteten Arbeitsplatz.<\/li>\n<li>Legen Sie ein Tuch oder eine Schutzabdeckung auf den Boden, um Sch\u00e4den am Stuhl oder der Umgebung zu vermeiden.<\/li>\n<\/ul>\n<\/li>\n<li><strong>Suchen Sie die Befestigungspunkte:<\/strong>\n<ul>\n<li>Untersuchen Sie den Stuhl, um die Befestigungspunkte des Hydraulikzylinders zu identifizieren. Diese befinden sich normalerweise unter dem Sitzteil des Stuhls.<\/li>\n<li>Suchen Sie nach Abdeckungen oder Schutzkappen, die die Befestigungspunkte verdecken k\u00f6nnten.<\/li>\n<\/ul>\n<\/li>\n<li><strong>Entfernen Sie alle Abdeckungen oder Kappen:<\/strong>\n<ul>\n<li>Wenn sich Abdeckungen oder Kappen \u00fcber den Befestigungspunkten befinden, entfernen Sie diese mit einem Schraubendreher oder Ihren Fingern.<\/li>\n<li>Legen Sie die Abdeckungen oder Kappen an einem sicheren Ort ab.<\/li>\n<\/ul>\n<\/li>\n<li><strong>L\u00f6sen Sie die Haltemutter:<\/strong>\n<ul>\n<li>Greifen Sie die Haltemutter oben am Hydraulikzylinder mit einem verstellbaren Schraubenschl\u00fcssel oder einer Rohrzange.<\/li>\n<li>Drehen Sie den Schraubenschl\u00fcssel gegen den Uhrzeigersinn, um die Mutter zu l\u00f6sen.<\/li>\n<li>Beachten Sie, dass manche St\u00fchle anstelle einer Mutter einen Halteclip haben. In solchen F\u00e4llen m\u00fcssen Sie den Clip m\u00f6glicherweise mit einer Zange oder einem Schraubendreher entfernen.<\/li>\n<\/ul>\n<\/li>\n<li><strong>Entfernen Sie den Zylinder von der Stuhlbasis:<\/strong>\n<ul>\n<li>Nachdem Sie die Haltemutter gel\u00f6st haben, greifen Sie den Stuhlsitz mit einer Hand fest, um ihn zu stabilisieren.<\/li>\n<li>Halten Sie mit der anderen Hand den oberen Teil des Hydraulikzylinders fest.<\/li>\n<li>Wenden Sie nach oben gerichtete Kraft an, w\u00e4hrend Sie den Zylinder drehen und ziehen, um ihn von der Stuhlbasis zu trennen.<\/li>\n<li>Wenn der Zylinder festsitzt, k\u00f6nnen Sie ihn durch leichtes Klopfen mit einem Gummihammer oder Hammer l\u00f6sen.<\/li>\n<\/ul>\n<\/li>\n<li><strong>Pr\u00fcfen und reinigen:<\/strong>\n<ul>\n<li>\u00dcberpr\u00fcfen Sie den Hydraulikzylinder nach dem Ausbau auf Anzeichen von Besch\u00e4digung oder Verschlei\u00df.<\/li>\n<li>Reinigen Sie den Zylinder und die Stuhlbasis bei Bedarf mit einem Tuch oder einer milden Reinigungsl\u00f6sung.<\/li>\n<li>\u00dcberpr\u00fcfen Sie die Befestigungspunkte am Stuhl, um sicherzustellen, dass sie sauber und frei von Schmutz sind.<\/li>\n<\/ul>\n<\/li>\n<li><strong>Austausch oder Wartung:<\/strong>\n<ul>\n<li>Wenn Sie den Hydraulikzylinder zu Wartungs- oder Austauschzwecken entfernen, befolgen Sie die Anweisungen des Herstellers f\u00fcr das jeweilige Stuhlmodell.<\/li>\n<li>Wenn der Zylinder besch\u00e4digt ist oder eine Fehlfunktion aufweist, wenden Sie sich an den Hersteller oder einen Stuhlreparaturspezialisten, um einen geeigneten Ersatz zu erhalten.<\/li>\n<\/ul>\n<\/li>\n<\/ol>\n<h2><strong>F\u00e4higkeit und Kapazit\u00e4t der Fabrik:<\/strong><\/h2>\n<h3>(1) Montage<\/h3>\n<p>Wir verf\u00fcgen \u00fcber eine erstklassige, unabh\u00e4ngige Forschungs- und Entwicklungsmontageplattform. Die Hydraulikzylinder-Produktionswerkstatt verf\u00fcgt \u00fcber vier halbautomatische Montagelinien f\u00fcr Hubzylinder und eine automatische Montagelinie f\u00fcr Kippzylinder mit einer geplanten j\u00e4hrlichen Produktionskapazit\u00e4t von 1 Million St\u00fcck. Die Spezialzylinderwerkstatt ist mit verschiedenen Spezifikationen eines halbautomatischen Reinigungsmontagesystems mit einer geplanten j\u00e4hrlichen Produktionskapazit\u00e4t von 200.000 ausgestattet und mit renommierten CNC-Bearbeitungsger\u00e4ten, einem Bearbeitungszentrum, einer hochpr\u00e4zisen Spezialausr\u00fcstung f\u00fcr die Zylinderverarbeitung, einer Roboterschwei\u00dfmaschine, einer automatischen Reinigungsmaschine, einer automatischen Zylindermontagemaschine und einer automatischen Lackierproduktionslinie ausgestattet. Es sind mehr als 300 Sets (S\u00e4tze) an kritischer Ausr\u00fcstung vorhanden. Die optimale Zuweisung und effiziente Nutzung der Ausr\u00fcstungsressourcen gew\u00e4hrleistet die Genauigkeitsanforderungen der Produkte und erf\u00fcllt die hohen Qualit\u00e4tsanforderungen der Produkte.<\/p>\n<p><img loading=\"lazy\" decoding=\"async\" class=\"alignnone wp-image-626\" src=\"https:\/\/hydraulic-cylinders.net\/wp-content\/uploads\/2023\/08\/hydraulic-cylinder-product-1-300x158.webp\" alt=\"\" width=\"495\" height=\"260\" srcset=\"https:\/\/hydraulic-cylinders.net\/wp-content\/uploads\/2023\/08\/hydraulic-cylinder-product-1-300x158.webp 495w, https:\/\/hydraulic-cylinders.net\/wp-content\/uploads\/2023\/08\/hydraulic-cylinder-product-1-480x252.webp 480w\" sizes=\"(min-width: 0px) and (max-width: 480px) 480px, (min-width: 481px) 495px, 100vw\" \/> <img loading=\"lazy\" decoding=\"async\" class=\"alignnone wp-image-627\" src=\"https:\/\/hydraulic-cylinders.net\/wp-content\/uploads\/2023\/08\/hydraulic-cylinder-product-2-300x189.webp\" alt=\"\" width=\"413\" height=\"260\" \/><\/p>\n<h3>(2) Bearbeitungen<\/h3>\n<p>Die Bearbeitungswerkstatt ist mit einem ma\u00dfgeschneiderten Schr\u00e4gschienen-Drehzentrum, einem Bearbeitungszentrum, einer Hochgeschwindigkeits-Honmaschine, einem Schwei\u00dfroboter und anderen zugeh\u00f6rigen Ger\u00e4ten ausgestattet, die die Bearbeitung von Zylinderrohren mit einem maximalen Innendurchmesser von 400 mm und einer maximalen L\u00e4nge von 6 Metern erm\u00f6glichen.<\/p>\n<p><img loading=\"lazy\" decoding=\"async\" class=\"alignnone wp-image-628 size-large\" src=\"https:\/\/hydraulic-cylinders.net\/wp-content\/uploads\/2023\/08\/hydraulic-cylinder-product-3-1024x391.webp\" alt=\"\" width=\"1024\" height=\"391\" srcset=\"https:\/\/hydraulic-cylinders.net\/wp-content\/uploads\/2023\/08\/hydraulic-cylinder-product-3-980x374.webp 980w, https:\/\/hydraulic-cylinders.net\/wp-content\/uploads\/2023\/08\/hydraulic-cylinder-product-3-480x183.webp 480w\" sizes=\"(min-width: 0px) and (max-width: 480px) 480px, (min-width: 481px) and (max-width: 980px) 980px, (min-width: 981px) 1024px, 100vw\" \/><\/p>\n<h3>(3) Schwei\u00dfen<\/h3>\n<p><img loading=\"lazy\" decoding=\"async\" class=\"alignnone wp-image-629 size-large\" src=\"https:\/\/hydraulic-cylinders.net\/wp-content\/uploads\/2023\/08\/hydraulic-cylinder-product-4-1024x510.webp\" alt=\"\" width=\"1024\" height=\"510\" srcset=\"https:\/\/hydraulic-cylinders.net\/wp-content\/uploads\/2023\/08\/hydraulic-cylinder-product-4-980x488.webp 980w, https:\/\/hydraulic-cylinders.net\/wp-content\/uploads\/2023\/08\/hydraulic-cylinder-product-4-480x239.webp 480w\" sizes=\"(min-width: 0px) and (max-width: 480px) 480px, (min-width: 481px) and (max-width: 980px) 980px, (min-width: 981px) 1024px, 100vw\" \/><\/p>\n<h3>(4) Malerei und Beschichtung<\/h3>\n<p>Mit kleinen und mittleren Zylinder automatische Lackieranlagen auf Wasserbasis, zu erreichen automatische Roboter Be-und Entladen und automatische Spritzen, die Design-Kapazit\u00e4t von 4000 St\u00fcck pro Schicht;<br \/>\nWir verf\u00fcgen auch \u00fcber eine halbautomatische Lackieranlage f\u00fcr gro\u00dfe Zylinder, die von einer Energiekette angetrieben wird und eine Kapazit\u00e4t von 60 Kisten pro Schicht hat.<\/p>\n<p><img loading=\"lazy\" decoding=\"async\" class=\"alignnone wp-image-630\" src=\"https:\/\/hydraulic-cylinders.net\/wp-content\/uploads\/2023\/08\/hydraulic-cylinder-product-5-300x213.webp\" alt=\"\" width=\"366\" height=\"260\" \/> <img loading=\"lazy\" decoding=\"async\" class=\"alignnone wp-image-631\" src=\"https:\/\/hydraulic-cylinders.net\/wp-content\/uploads\/2023\/08\/hydraulic-cylinder-product-6-300x225.webp\" alt=\"\" width=\"347\" height=\"260\" \/><\/p>\n<h3>(5) Pr\u00fcfung<\/h3>\n<p>Wir verf\u00fcgen \u00fcber erstklassige Pr\u00fcfeinrichtungen und Pr\u00fcfst\u00e4nde, um sicherzustellen, dass die Leistung des Zylinders den Anforderungen entspricht.<\/p>\n<p><img loading=\"lazy\" decoding=\"async\" class=\"alignnone wp-image-632\" src=\"https:\/\/hydraulic-cylinders.net\/wp-content\/uploads\/2023\/08\/hydraulic-cylinder-product-8-300x200.webp\" alt=\"\" width=\"389\" height=\"260\" \/><\/p>\n<p>&nbsp;<\/p>\n<p>&nbsp;<\/p>\n<p>Wir sind einer der besten Hydraulikzylinderhersteller. Wir k\u00f6nnen umfassende Hydraulikzylinder anbieten. Wir bieten auch entsprechende <a href=\"https:\/\/hzpt.com\/agricultural-pto-gearbox\/\" target=\"_blank\" rel=\"noopener\">landwirtschaftliche Getriebe<\/a>. Wir haben unsere Produkte an Kunden weltweit exportiert und uns aufgrund unserer hervorragenden Produktqualit\u00e4t und unseres Kundendienstes einen guten Ruf erworben. Wir begr\u00fc\u00dfen Kunden im In- und Ausland, die uns kontaktieren, um Gesch\u00e4fte zu verhandeln, Informationen auszutauschen und <a href=\"https:\/\/www.hydraulic-cylinders.net\/de\/contact-us\/\">mit uns zusammenarbeiten<\/a>!<\/p>","protected":false},"excerpt":{"rendered":"<p>Barge Split Cylinder The barge split cylinder is a revolutionary product designed to optimize marine operations, particularly in transporting and handling goods and materials. This innovative hydraulic cylinder offers a range of features and benefits that enhance efficiency, safety, and productivity. The barge split cylinder offers a range of features and benefits that enhance efficiency, [&hellip;]<\/p>","protected":false},"featured_media":1783,"comment_status":"open","ping_status":"closed","template":"","meta":{"_et_pb_use_builder":"","_et_pb_old_content":"","_et_gb_content_width":""},"product_brand":[],"product_cat":[1550,1536,1552,1376],"product_tag":[1380],"class_list":{"0":"post-1778","1":"product","2":"type-product","3":"status-publish","4":"has-post-thumbnail","6":"product_cat-double-acting-hydraulic-cylinder","7":"product_cat-offshore-platform-hydraulic-cylinders","8":"product_cat-stainless-steel-hydraulic-cylinder","9":"product_cat-hydraulic-cylinder","10":"product_tag-hydraulic-cylinder","12":"first","13":"instock","14":"shipping-taxable","15":"product-type-simple"},"amp_enabled":true,"_links":{"self":[{"href":"https:\/\/www.hydraulic-cylinders.net\/de\/wp-json\/wp\/v2\/product\/1778","targetHints":{"allow":["GET"]}}],"collection":[{"href":"https:\/\/www.hydraulic-cylinders.net\/de\/wp-json\/wp\/v2\/product"}],"about":[{"href":"https:\/\/www.hydraulic-cylinders.net\/de\/wp-json\/wp\/v2\/types\/product"}],"replies":[{"embeddable":true,"href":"https:\/\/www.hydraulic-cylinders.net\/de\/wp-json\/wp\/v2\/comments?post=1778"}],"wp:featuredmedia":[{"embeddable":true,"href":"https:\/\/www.hydraulic-cylinders.net\/de\/wp-json\/wp\/v2\/media\/1783"}],"wp:attachment":[{"href":"https:\/\/www.hydraulic-cylinders.net\/de\/wp-json\/wp\/v2\/media?parent=1778"}],"wp:term":[{"taxonomy":"product_brand","embeddable":true,"href":"https:\/\/www.hydraulic-cylinders.net\/de\/wp-json\/wp\/v2\/product_brand?post=1778"},{"taxonomy":"product_cat","embeddable":true,"href":"https:\/\/www.hydraulic-cylinders.net\/de\/wp-json\/wp\/v2\/product_cat?post=1778"},{"taxonomy":"product_tag","embeddable":true,"href":"https:\/\/www.hydraulic-cylinders.net\/de\/wp-json\/wp\/v2\/product_tag?post=1778"}],"curies":[{"name":"wp","href":"https:\/\/api.w.org\/{rel}","templated":true}]}}