{"id":1785,"date":"2023-10-13T08:07:17","date_gmt":"2023-10-13T08:07:17","guid":{"rendered":"https:\/\/hydraulic-cylinders.net\/?post_type=product&#038;p=1785"},"modified":"2025-04-15T05:54:48","modified_gmt":"2025-04-15T05:54:48","slug":"jack-up-offshore-platform-lifting-cylinder","status":"publish","type":"product","link":"https:\/\/www.hydraulic-cylinders.net\/de\/produkt\/jack-up-offshore-platform-lifting-cylinder\/","title":{"rendered":"Hubzylinder f\u00fcr Offshore-Hubplattformen"},"content":{"rendered":"<h1 style=\"text-align: center;\"><strong>Hubzylinder f\u00fcr Offshore-Hubplattformen<\/strong><\/h1>\n<h1 style=\"text-align: center;\"><img loading=\"lazy\" decoding=\"async\" class=\"alignnone wp-image-1786\" src=\"https:\/\/hydraulic-cylinders.net\/wp-content\/uploads\/2023\/10\/lifting-cylinder-1-2-300x300.webp\" alt=\"\" width=\"400\" height=\"400\" \/><\/h1>\n<p>Der Hubzylinder f\u00fcr Offshore-Hubplattformen ist ein hochmodernes Hydrauliksystem, das speziell f\u00fcr Offshore-Plattformen entwickelt wurde. Er ist unerl\u00e4sslich f\u00fcr das Anheben und Stabilisieren von Medien und gew\u00e4hrleistet so einen sicheren und effizienten Betrieb in anspruchsvollen Offshore-Umgebungen. Dank seiner fortschrittlichen Funktionen und robusten Konstruktion ist dieser Hubzylinder die optimale L\u00f6sung f\u00fcr die Offshore-Industrie weltweit.<\/p>\n<p>Der Hubzylinder f\u00fcr Offshore-Hubplattformen ist ein zuverl\u00e4ssiges und effizientes Hydrauliksystem zum Anheben und Stabilisieren von Offshore-Plattformen. Seine robuste Konstruktion, hohe Tragf\u00e4higkeit und die M\u00f6glichkeit zur H\u00f6henverstellung gew\u00e4hrleisten einen sicheren und reibungslosen Betrieb auch in anspruchsvollen Offshore-Umgebungen. Durch die Einhaltung der empfohlenen Anwendungsmethoden und die Durchf\u00fchrung regelm\u00e4\u00dfiger Wartungsarbeiten k\u00f6nnen Betreiber die Lebensdauer und Leistungsf\u00e4higkeit dieser wichtigen Hebel\u00f6sung maximieren und so zum Erfolg von Offshore-Projekten beitragen.<\/p>\n<p>Hauptmerkmale des Hubzylinders von Offshore-Hubplattformen:<\/p>\n<ul>\n<li>Robuste Konstruktion: Der Hubzylinder ist f\u00fcr die rauen Bedingungen in Offshore-Umgebungen ausgelegt. Gefertigt aus hochwertigen, korrosionsbest\u00e4ndigen Materialien, bietet er au\u00dfergew\u00f6hnliche Langlebigkeit und reduziert den Wartungsaufwand auf ein Minimum.<\/li>\n<li>Hohe Tragf\u00e4higkeit: Der Hubzylinder zeichnet sich durch eine beeindruckende Tragf\u00e4higkeit aus und erm\u00f6glicht so das m\u00fchelose Heben schwerer Lasten. Er bietet zuverl\u00e4ssige Unterst\u00fctzung f\u00fcr die gesamte Plattform beim Anheben und gew\u00e4hrleistet dadurch Stabilit\u00e4t und Sicherheit im Betrieb.<\/li>\n<li>Hydraulischer Antrieb: Der Hubzylinder wird von einem Hydrauliksystem angetrieben und nutzt die Kraft der unter Druck stehenden Fl\u00fcssigkeiten, um die Plattform anzuheben und abzusenken. Dieser Hydraulikmechanismus erm\u00f6glicht eine pr\u00e4zise Steuerung des Hubvorgangs und gew\u00e4hrleistet so sanfte und kontrollierte Bewegungen.<\/li>\n<li>H\u00f6henverstellbar: Der Hubzylinder der Offshore-Hubplattform erm\u00f6glicht die Anpassung der Plattformh\u00f6he an unterschiedliche Wassertiefen und Seebedingungen. Diese Flexibilit\u00e4t gew\u00e4hrleistet die optimale Positionierung der Plattform, erh\u00f6ht die Stabilit\u00e4t und erleichtert einen effizienten Betrieb.<\/li>\n<\/ul>\n<h2><strong>Parameter des Hubzylinders einer Offshore-Hubplattform:<\/strong><\/h2>\n<table border=\"1\" cellspacing=\"0\" cellpadding=\"0\">\n<tbody>\n<tr>\n<td>Produktname<\/td>\n<td>Hubzylinder f\u00fcr Offshore-Hubplattformen<\/td>\n<\/tr>\n<tr>\n<td>Merkmale:<\/td>\n<td>Das Heben und Senken der Plattform wird durch Antreiben des Ringtr\u00e4gers realisiert.<\/td>\n<\/tr>\n<tr>\n<td>Bohrungsdurchmesser:<\/td>\n<td>Bis zu 700 mm<\/td>\n<\/tr>\n<tr>\n<td>Stangendurchmesser:<\/td>\n<td>Bis zu 420 mm<br \/>\nHub bis zu 2150 mm<\/td>\n<\/tr>\n<tr>\n<td>Druck:<\/td>\n<td>bis zu 32 MPa<\/td>\n<\/tr>\n<tr>\n<td>Sensor:<\/td>\n<td>Ein externer Wegsensor kann so konfiguriert werden, dass die Anforderungen an Wartung und Austausch des Sensors erf\u00fcllt werden, ohne die Zylinder demontieren zu m\u00fcssen.<\/td>\n<\/tr>\n<tr>\n<td>Anwendungen:<\/td>\n<td>Hubplattform f\u00fcr den Offshore-Bereich<\/td>\n<\/tr>\n<\/tbody>\n<\/table>\n<div><\/div>\n<div>\n<div class=\"txtboxL\">\n<div class=\"txtboxL\">\n<div class=\"txtboxL\">\n<div class=\"txtboxL\">\n<div class=\"txtboxL\">\n<div class=\"txtboxL\">Merkmale:<\/div>\n<div class=\"txtboxR\">Das Heben und Senken der Plattform wird durch Antreiben des Ringtr\u00e4gers realisiert.<\/div>\n<div class=\"txtboxL\">Spezifikation:<\/div>\n<div class=\"txtboxR\">Bohrungsdurchmesser: bis zu 700 mm<br \/>\nStangendurchmesser: bis zu 420 mm<br \/>\nHub bis zu 2150 mm<\/div>\n<div class=\"txtboxL\">Druck:<\/div>\n<div class=\"txtboxR\">bis zu 32 MPa<\/div>\n<div class=\"txtboxL\">Sensor:<\/div>\n<div class=\"txtboxR\">Ein externer Wegsensor kann so konfiguriert werden, dass die Anforderungen an Wartung und Austausch des Sensors erf\u00fcllt werden, ohne die Zylinder demontieren zu m\u00fcssen.<\/div>\n<\/div>\n<\/div>\n<\/div>\n<\/div>\n<\/div>\n<\/div>\n<h2><strong>Zylinderanwendung f\u00fcr Offshore-Hubplattformen:<\/strong><\/h2>\n<p><img loading=\"lazy\" decoding=\"async\" class=\"alignnone wp-image-1788 size-full\" src=\"https:\/\/hydraulic-cylinders.net\/wp-content\/uploads\/2023\/10\/jack-up-offshore-platform-cylinder-1.webp\" alt=\"\" width=\"1418\" height=\"946\" srcset=\"https:\/\/hydraulic-cylinders.net\/wp-content\/uploads\/2023\/10\/jack-up-offshore-platform-cylinder-1.webp 1418w, https:\/\/hydraulic-cylinders.net\/wp-content\/uploads\/2023\/10\/jack-up-offshore-platform-cylinder-1-1280x854.webp 1280w, https:\/\/hydraulic-cylinders.net\/wp-content\/uploads\/2023\/10\/jack-up-offshore-platform-cylinder-1-980x654.webp 980w, https:\/\/hydraulic-cylinders.net\/wp-content\/uploads\/2023\/10\/jack-up-offshore-platform-cylinder-1-480x320.webp 480w\" sizes=\"(min-width: 0px) and (max-width: 480px) 480px, (min-width: 481px) and (max-width: 980px) 980px, (min-width: 981px) and (max-width: 1280px) 1280px, (min-width: 1281px) 1418px, 100vw\" \/><\/p>\n<h2><strong>Verwendungsmethode des Hubzylinders f\u00fcr Offshore-Hubplattformen<\/strong><strong>:<\/strong><\/h2>\n<ol>\n<li>Vorbereitung vor dem Anheben: Vor Beginn des Anhebevorgangs sicherstellen, dass die Plattform sicher positioniert ist und alle Sicherheitsvorkehrungen getroffen wurden. Den Hubzylinder und die zugeh\u00f6rigen Komponenten gr\u00fcndlich pr\u00fcfen.<\/li>\n<li>Aktivierung des Hydrauliksystems: Aktivieren Sie das Hydrauliksystem und stellen Sie den korrekten Druck und die ausreichende Fl\u00fcssigkeitszufuhr sicher. Dadurch wird die notwendige Kraft bereitgestellt, damit der Hubzylinder die Plattform anheben kann.<\/li>\n<li>Kontrolliertes Anheben: Aktivieren Sie den Hubzylinder und nutzen Sie die Hydrauliksteuerung, um die Plattform schrittweise auf die gew\u00fcnschte H\u00f6he anzuheben. \u00dcberwachen Sie den Vorgang genau, um gleichm\u00e4\u00dfige und kontrollierte Bewegungen zu gew\u00e4hrleisten.<\/li>\n<li>Stabilisierung: Sobald die gew\u00fcnschte H\u00f6he erreicht ist, aktivieren Sie den Stabilisierungsmechanismus der Plattform, um sicherzustellen, dass die Plattform w\u00e4hrend des Betriebs sicher und waagerecht bleibt.<\/li>\n<\/ol>\n<h2><strong>Wie entfernt man die Bolzen eines Hydraulikzylinders?<\/strong><\/h2>\n<p>Das Entfernen von Hydraulikzylinderbolzen erfordert sorgf\u00e4ltiges Vorgehen und die Einhaltung der Sicherheitsvorschriften. Hier finden Sie eine Schritt-f\u00fcr-Schritt-Anleitung zum Entfernen von Hydraulikzylinderbolzen:<\/p>\n<ol>\n<li><strong>Bereiten Sie den Arbeitsbereich vor:<\/strong> Sorgen Sie f\u00fcr einen sauberen und gut beleuchteten Arbeitsbereich. Entfernen Sie alle Hindernisse um den Hydraulikzylinder herum, um den Ausbau des Bolzens zu erleichtern.<\/li>\n<li><strong>Druckabbau:<\/strong> Bevor Sie versuchen, die Bolzen zu entfernen, muss der Hydraulikdruck im System abgelassen werden. Dieser Schritt ist entscheidend, um pl\u00f6tzliche Bewegungen oder ein unerwartetes Freisetzen gespeicherter Energie zu verhindern. Befolgen Sie die Anweisungen des Herstellers zum sicheren Entl\u00fcften des Hydrauliksystems.<\/li>\n<li><strong>Pin-Typen identifizieren:<\/strong> Hydraulikzylinderbolzen gibt es in verschiedenen Ausf\u00fchrungen, z. B. als Gabelbolzen, Splinte oder Sprengringe. Um die geeignete Ausbaumethode zu ermitteln, muss der genaue Bolzentyp Ihres Hydraulikzylinders bestimmt werden.<\/li>\n<li><strong>Werkzeuge sammeln:<\/strong> Je nach Bolzentyp ben\u00f6tigen Sie m\u00f6glicherweise spezielle Werkzeuge zum Ausbau. G\u00e4ngige Werkzeuge sind Hammer, Durchschlag, Zange oder ein Bolzenauszieher f\u00fcr Hydraulikzylinder.<\/li>\n<li><strong>Entfernen der Halteteile:<\/strong> Falls der Stift mit Sicherungsteilen wie Splinten oder Sprengringen befestigt ist, entfernen Sie diese vorsichtig mit geeignetem Werkzeug. Achten Sie darauf, die umliegenden Bauteile nicht zu besch\u00e4digen.<\/li>\n<li><strong>Bei Bedarf Kriech\u00f6l auftragen:<\/strong> Wenn der Stift festsitzt oder sich nur schwer bewegen l\u00e4sst, kann das Auftragen von Kriech\u00f6l helfen, Rost oder Ablagerungen zu l\u00f6sen. Lassen Sie das \u00d6l einige Minuten einwirken, um das Entfernen zu erleichtern.<\/li>\n<li><strong>Tippe auf die Stecknadel:<\/strong> Mit einem Hammer und einem Durchschlag oder einem Stiftausdreher den Stift vorsichtig von der gegen\u00fcberliegenden Seite des Befestigungselements herausklopfen. Beginnen Sie mit leichten Schl\u00e4gen, um Besch\u00e4digungen zu vermeiden, und erh\u00f6hen Sie die Kraft bei Bedarf schrittweise. Ziel ist es, den Stift ohne \u00fcberm\u00e4\u00dfige Krafteinwirkung zu l\u00f6sen.<\/li>\n<li><strong>Wackeln und Ziehen:<\/strong> Sobald sich der Stift bewegt, bewegen Sie ihn hin und her und \u00fcben Sie dabei Druck nach au\u00dfen aus, um ihn aus dem Hydraulikzylinder zu entfernen. Gehen Sie dabei behutsam vor und vermeiden Sie \u00fcberm\u00e4\u00dfige Kraftanwendung, da dies zu Besch\u00e4digungen oder Verletzungen f\u00fchren kann.<\/li>\n<li><strong>\u00dcberpr\u00fcfen Sie den Stift:<\/strong> Pr\u00fcfen Sie den Bolzen nach dem Ausbau auf Besch\u00e4digungen oder Verschlei\u00df. Ist der Bolzen besch\u00e4digt, ersetzen Sie ihn vor dem Zusammenbau des Hydraulikzylinders durch einen neuen.<\/li>\n<li><strong>Reinigen und schmieren:<\/strong> Reinigen Sie den Bolzen und die Bolzenl\u00f6cher im Hydraulikzylinder gr\u00fcndlich. Entfernen Sie jegliche Ablagerungen, Rost oder altes Schmiermittel. Tragen Sie vor dem Wiedereinbau ein geeignetes Schmiermittel auf den Bolzen auf, um einen reibungslosen Betrieb zu gew\u00e4hrleisten.<\/li>\n<\/ol>\n<h2><strong>F\u00e4higkeit und Kapazit\u00e4t der Fabrik:<\/strong><\/h2>\n<h3>(1) Montage<\/h3>\n<p>Wir verf\u00fcgen \u00fcber eine erstklassige, unabh\u00e4ngige Forschungs- und Entwicklungsmontageplattform. Die Hydraulikzylinder-Produktionswerkstatt verf\u00fcgt \u00fcber vier halbautomatische Montagelinien f\u00fcr Hubzylinder und eine automatische Montagelinie f\u00fcr Kippzylinder mit einer geplanten j\u00e4hrlichen Produktionskapazit\u00e4t von 1 Million St\u00fcck. Die Spezialzylinderwerkstatt ist mit verschiedenen Spezifikationen eines halbautomatischen Reinigungsmontagesystems mit einer geplanten j\u00e4hrlichen Produktionskapazit\u00e4t von 200.000 ausgestattet und mit renommierten CNC-Bearbeitungsger\u00e4ten, einem Bearbeitungszentrum, einer hochpr\u00e4zisen Spezialausr\u00fcstung f\u00fcr die Zylinderverarbeitung, einer Roboterschwei\u00dfmaschine, einer automatischen Reinigungsmaschine, einer automatischen Zylindermontagemaschine und einer automatischen Lackierproduktionslinie ausgestattet. Es sind mehr als 300 Sets (S\u00e4tze) an kritischer Ausr\u00fcstung vorhanden. Die optimale Zuweisung und effiziente Nutzung der Ausr\u00fcstungsressourcen gew\u00e4hrleistet die Genauigkeitsanforderungen der Produkte und erf\u00fcllt die hohen Qualit\u00e4tsanforderungen der Produkte.<\/p>\n<p><img loading=\"lazy\" decoding=\"async\" class=\"alignnone wp-image-626\" src=\"https:\/\/hydraulic-cylinders.net\/wp-content\/uploads\/2023\/08\/hydraulic-cylinder-product-1-300x158.webp\" alt=\"\" width=\"495\" height=\"260\" srcset=\"https:\/\/hydraulic-cylinders.net\/wp-content\/uploads\/2023\/08\/hydraulic-cylinder-product-1-300x158.webp 495w, https:\/\/hydraulic-cylinders.net\/wp-content\/uploads\/2023\/08\/hydraulic-cylinder-product-1-480x252.webp 480w\" sizes=\"(min-width: 0px) and (max-width: 480px) 480px, (min-width: 481px) 495px, 100vw\" \/> <img loading=\"lazy\" decoding=\"async\" class=\"alignnone wp-image-627\" src=\"https:\/\/hydraulic-cylinders.net\/wp-content\/uploads\/2023\/08\/hydraulic-cylinder-product-2-300x189.webp\" alt=\"\" width=\"413\" height=\"260\" \/><\/p>\n<h3>(2) Bearbeitungen<\/h3>\n<p>Die Bearbeitungswerkstatt ist mit einem ma\u00dfgeschneiderten Schr\u00e4gschienen-Drehzentrum, einem Bearbeitungszentrum, einer Hochgeschwindigkeits-Honmaschine, einem Schwei\u00dfroboter und anderen zugeh\u00f6rigen Ger\u00e4ten ausgestattet, die die Bearbeitung von Zylinderrohren mit einem maximalen Innendurchmesser von 400 mm und einer maximalen L\u00e4nge von 6 Metern erm\u00f6glichen.<\/p>\n<p><img loading=\"lazy\" decoding=\"async\" class=\"alignnone wp-image-628 size-large\" src=\"https:\/\/hydraulic-cylinders.net\/wp-content\/uploads\/2023\/08\/hydraulic-cylinder-product-3-1024x391.webp\" alt=\"\" width=\"1024\" height=\"391\" srcset=\"https:\/\/hydraulic-cylinders.net\/wp-content\/uploads\/2023\/08\/hydraulic-cylinder-product-3-980x374.webp 980w, https:\/\/hydraulic-cylinders.net\/wp-content\/uploads\/2023\/08\/hydraulic-cylinder-product-3-480x183.webp 480w\" sizes=\"(min-width: 0px) and (max-width: 480px) 480px, (min-width: 481px) and (max-width: 980px) 980px, (min-width: 981px) 1024px, 100vw\" \/><\/p>\n<h3>(3) Schwei\u00dfen<\/h3>\n<p><img loading=\"lazy\" decoding=\"async\" class=\"alignnone wp-image-629 size-large\" src=\"https:\/\/hydraulic-cylinders.net\/wp-content\/uploads\/2023\/08\/hydraulic-cylinder-product-4-1024x510.webp\" alt=\"\" width=\"1024\" height=\"510\" srcset=\"https:\/\/hydraulic-cylinders.net\/wp-content\/uploads\/2023\/08\/hydraulic-cylinder-product-4-980x488.webp 980w, https:\/\/hydraulic-cylinders.net\/wp-content\/uploads\/2023\/08\/hydraulic-cylinder-product-4-480x239.webp 480w\" sizes=\"(min-width: 0px) and (max-width: 480px) 480px, (min-width: 481px) and (max-width: 980px) 980px, (min-width: 981px) 1024px, 100vw\" \/><\/p>\n<h3>(4) Malerei und Beschichtung<\/h3>\n<p>Mit kleinen und mittleren Zylinder automatische Lackieranlagen auf Wasserbasis, zu erreichen automatische Roboter Be-und Entladen und automatische Spritzen, die Design-Kapazit\u00e4t von 4000 St\u00fcck pro Schicht;<br \/>\nWir verf\u00fcgen auch \u00fcber eine halbautomatische Lackieranlage f\u00fcr gro\u00dfe Zylinder, die von einer Energiekette angetrieben wird und eine Kapazit\u00e4t von 60 Kisten pro Schicht hat.<\/p>\n<p><img loading=\"lazy\" decoding=\"async\" class=\"alignnone wp-image-630\" src=\"https:\/\/hydraulic-cylinders.net\/wp-content\/uploads\/2023\/08\/hydraulic-cylinder-product-5-300x213.webp\" alt=\"\" width=\"366\" height=\"260\" \/> <img loading=\"lazy\" decoding=\"async\" class=\"alignnone wp-image-631\" src=\"https:\/\/hydraulic-cylinders.net\/wp-content\/uploads\/2023\/08\/hydraulic-cylinder-product-6-300x225.webp\" alt=\"\" width=\"347\" height=\"260\" \/><\/p>\n<h3>(5) Pr\u00fcfung<\/h3>\n<p>Wir verf\u00fcgen \u00fcber erstklassige Pr\u00fcfeinrichtungen und Pr\u00fcfst\u00e4nde, um sicherzustellen, dass die Leistung des Zylinders den Anforderungen entspricht.<\/p>\n<p><img loading=\"lazy\" decoding=\"async\" class=\"alignnone wp-image-632\" src=\"https:\/\/hydraulic-cylinders.net\/wp-content\/uploads\/2023\/08\/hydraulic-cylinder-product-8-300x200.webp\" alt=\"\" width=\"389\" height=\"260\" \/><\/p>\n<p>&nbsp;<\/p>\n<p>&nbsp;<\/p>\n<p>Wir sind einer der besten Hydraulikzylinderhersteller. Wir k\u00f6nnen umfassende Hydraulikzylinder anbieten. Wir bieten auch entsprechende <a href=\"https:\/\/hzpt.com\/agricultural-pto-gearbox\/\" target=\"_blank\" rel=\"noopener\">landwirtschaftliche Getriebe<\/a>. Wir haben unsere Produkte an Kunden weltweit exportiert und uns aufgrund unserer hervorragenden Produktqualit\u00e4t und unseres Kundendienstes einen guten Ruf erworben. Wir begr\u00fc\u00dfen Kunden im In- und Ausland, die uns kontaktieren, um Gesch\u00e4fte zu verhandeln, Informationen auszutauschen und <a href=\"https:\/\/www.hydraulic-cylinders.net\/de\/contact-us\/\">mit uns zusammenarbeiten<\/a>!<\/p>","protected":false},"excerpt":{"rendered":"<p>Jack-up Offshore Platform Lifting Cylinder The jack-up offshore platform lifting cylinder is a cutting-edge hydraulic system explicitly designed for offshore platforms. It is crucial in elevating and stabilizing media, ensuring safe and efficient operations in challenging offshore environments. With its advanced features and robust construction, this lifting cylinder is the go-to solution for offshore industries [&hellip;]<\/p>","protected":false},"featured_media":1787,"comment_status":"open","ping_status":"closed","template":"","meta":{"_et_pb_use_builder":"","_et_pb_old_content":"","_et_gb_content_width":""},"product_brand":[],"product_cat":[1536,1549,1552,1376],"product_tag":[1380],"class_list":{"0":"post-1785","1":"product","2":"type-product","3":"status-publish","4":"has-post-thumbnail","6":"product_cat-offshore-platform-hydraulic-cylinders","7":"product_cat-single-acting-hydraulic-cylinder","8":"product_cat-stainless-steel-hydraulic-cylinder","9":"product_cat-hydraulic-cylinder","10":"product_tag-hydraulic-cylinder","12":"first","13":"instock","14":"shipping-taxable","15":"product-type-simple"},"amp_enabled":true,"_links":{"self":[{"href":"https:\/\/www.hydraulic-cylinders.net\/de\/wp-json\/wp\/v2\/product\/1785","targetHints":{"allow":["GET"]}}],"collection":[{"href":"https:\/\/www.hydraulic-cylinders.net\/de\/wp-json\/wp\/v2\/product"}],"about":[{"href":"https:\/\/www.hydraulic-cylinders.net\/de\/wp-json\/wp\/v2\/types\/product"}],"replies":[{"embeddable":true,"href":"https:\/\/www.hydraulic-cylinders.net\/de\/wp-json\/wp\/v2\/comments?post=1785"}],"wp:featuredmedia":[{"embeddable":true,"href":"https:\/\/www.hydraulic-cylinders.net\/de\/wp-json\/wp\/v2\/media\/1787"}],"wp:attachment":[{"href":"https:\/\/www.hydraulic-cylinders.net\/de\/wp-json\/wp\/v2\/media?parent=1785"}],"wp:term":[{"taxonomy":"product_brand","embeddable":true,"href":"https:\/\/www.hydraulic-cylinders.net\/de\/wp-json\/wp\/v2\/product_brand?post=1785"},{"taxonomy":"product_cat","embeddable":true,"href":"https:\/\/www.hydraulic-cylinders.net\/de\/wp-json\/wp\/v2\/product_cat?post=1785"},{"taxonomy":"product_tag","embeddable":true,"href":"https:\/\/www.hydraulic-cylinders.net\/de\/wp-json\/wp\/v2\/product_tag?post=1785"}],"curies":[{"name":"wp","href":"https:\/\/api.w.org\/{rel}","templated":true}]}}