{"id":1859,"date":"2023-10-18T02:17:53","date_gmt":"2023-10-18T02:17:53","guid":{"rendered":"https:\/\/hydraulic-cylinders.net\/?post_type=product&#038;p=1859"},"modified":"2025-04-15T05:42:38","modified_gmt":"2025-04-15T05:42:38","slug":"stacker-reclaimer-belt-tensioning-cylinder","status":"publish","type":"product","link":"https:\/\/www.hydraulic-cylinders.net\/de\/produkt\/stacker-reclaimer-belt-tensioning-cylinder\/","title":{"rendered":"Spannzylinder f\u00fcr Stapler-R\u00fcckgewinnungsband"},"content":{"rendered":"<h1 style=\"text-align: center;\"><strong>Spannzylinder f\u00fcr Stapler-R\u00fcckgewinnungsband<\/strong><\/h1>\n<h1 style=\"text-align: center;\"><img loading=\"lazy\" decoding=\"async\" class=\"alignnone wp-image-1860\" src=\"https:\/\/hydraulic-cylinders.net\/wp-content\/uploads\/2023\/10\/belt-tensioning-cylinder-1-300x300.webp\" alt=\"\" width=\"400\" height=\"400\" \/><\/h1>\n<p>Der Spannzylinder des F\u00f6rderbandes von Stapler- und R\u00fcckgewinnungsanlagen ist eine Schl\u00fcsselkomponente in F\u00f6rdersystemen f\u00fcr die Materialhandhabung. Er spielt eine entscheidende Rolle bei der Aufrechterhaltung der korrekten Spannung und Ausrichtung des F\u00f6rderbandes und gew\u00e4hrleistet so einen effizienten und zuverl\u00e4ssigen Transport von Sch\u00fcttg\u00fctern. Dieser spezielle Hydraulikzylinder zeichnet sich durch au\u00dfergew\u00f6hnliche Leistung und Langlebigkeit aus und erm\u00f6glicht es dem Bedienpersonal, die F\u00f6rderleistung zu optimieren und gleichzeitig die Lebensdauer des F\u00f6rderbandes zu verl\u00e4ngern.<\/p>\n<p>Der Spannzylinder f\u00fcr F\u00f6rderb\u00e4nder von Staplerf\u00f6rderern ist eine zentrale Komponente von F\u00f6rderanlagen. Er bietet pr\u00e4zise Spannungsregelung, robuste Bauweise und zuverl\u00e4ssige Bandausrichtung. Durch die Optimierung der Spannung und die Aufrechterhaltung der korrekten Bandausrichtung verbessert er die F\u00f6rderleistung, minimiert Ausfallzeiten und verl\u00e4ngert die Lebensdauer des F\u00f6rderbandes. Unternehmen k\u00f6nnen die Leistung, Lebensdauer und Zuverl\u00e4ssigkeit ihrer F\u00f6rderanlagen durch die Einhaltung der empfohlenen Anwendungsmethoden und die Durchf\u00fchrung regelm\u00e4\u00dfiger Wartungsarbeiten maximieren. Der Spannzylinder f\u00fcr F\u00f6rderb\u00e4nder von Staplerf\u00f6rderern ist eine wertvolle Investition f\u00fcr Materialflussprozesse und erm\u00f6glicht es den Bedienern, in dynamischen und anspruchsvollen Materialflussumgebungen optimale Effizienz, Genauigkeit und Produktivit\u00e4t zu erzielen.<\/p>\n<p>Hauptmerkmale des Spannzylinders f\u00fcr das F\u00f6rderband des Stapler-R\u00fcckgewinnungsger\u00e4ts:<\/p>\n<ul>\n<li>Pr\u00e4zise Spannungsregelung: Der Bandspannzylinder erm\u00f6glicht die pr\u00e4zise Steuerung der Bandspannung. Dadurch k\u00f6nnen Bediener die Spannung an die spezifischen Anforderungen des F\u00f6rderguts anpassen und so optimale Leistung gew\u00e4hrleisten sowie Bandschlupf oder Besch\u00e4digungen verhindern.<\/li>\n<li>Robuste Konstruktion: Der aus hochwertigen Materialien gefertigte und robuste Riemenspannzylinder ist f\u00fcr die anspruchsvollen Bedingungen im Materialtransport ausgelegt. Seine stabile Konstruktion gew\u00e4hrleistet zuverl\u00e4ssige Leistung, selbst unter hohen Belastungen, Vibrationen und in rauen Umgebungen.<\/li>\n<li>Zuverl\u00e4ssige Bandausrichtung: Die Zylinderkonstruktion gew\u00e4hrleistet eine gleichm\u00e4\u00dfige und pr\u00e4zise Bandausrichtung. Durch die Aufrechterhaltung der optimalen Spannung wird eine Fehlausrichtung des Bandes verhindert und das Risiko von Materialverlusten reduziert. Dies minimiert Ausfallzeiten und verbessert die Betriebseffizienz.<\/li>\n<\/ul>\n<h2><strong>Parameter f\u00fcr Stacker Reclaimer Chaser Pitch Cylinder:<\/strong><\/h2>\n<table border=\"1\" cellspacing=\"0\" cellpadding=\"0\">\n<tbody>\n<tr>\n<td>Produktname<\/td>\n<td>Spannzylinder f\u00fcr Stapler-R\u00fcckgewinnungsband<\/td>\n<\/tr>\n<tr>\n<td>Merkmale:<\/td>\n<td>Riemenspannung und -spiel pr\u00fcfen<\/td>\n<\/tr>\n<tr>\n<td>Bohrungsdurchmesser:<\/td>\n<td>80 mm \uff5e 180 m<\/td>\n<\/tr>\n<tr>\n<td>Stangendurchmesser:<\/td>\n<td>45 mm bis 120 mm<br \/>\nHub 500 mm \uff5e 1500 mm<\/td>\n<\/tr>\n<tr>\n<td>Druck:<\/td>\n<td>bis zu 35 MPa<\/td>\n<\/tr>\n<tr>\n<td>Anwendungen:<\/td>\n<td>Stacker Reclaimer<\/td>\n<\/tr>\n<\/tbody>\n<\/table>\n<h2><strong>Anwendung des Stacker-R\u00fcckgewinnungszylinders:<\/strong><\/h2>\n<p><img loading=\"lazy\" decoding=\"async\" class=\"alignnone wp-image-1854 size-full\" src=\"https:\/\/hydraulic-cylinders.net\/wp-content\/uploads\/2023\/10\/stacker-reclaimer-cylinder-1.webp\" alt=\"\" width=\"494\" height=\"330\" srcset=\"https:\/\/hydraulic-cylinders.net\/wp-content\/uploads\/2023\/10\/stacker-reclaimer-cylinder-1.webp 494w, https:\/\/hydraulic-cylinders.net\/wp-content\/uploads\/2023\/10\/stacker-reclaimer-cylinder-1-480x321.webp 480w\" sizes=\"(min-width: 0px) and (max-width: 480px) 480px, (min-width: 481px) 494px, 100vw\" \/><\/p>\n<h2><strong>Anwendungsmethode des Stacker Reclaimer Chaser Pitch Cylinder<\/strong><strong>:<\/strong><\/h2>\n<p>Spannungseinstellung: Befolgen Sie diese Schritte, um den Spannzylinder des Stacker Reclaimer-Bandes effektiv zu nutzen:<\/p>\n<p>a. Schalten Sie das Hydrauliksystem ein, das das F\u00f6rderband antreibt, und stellen Sie sicher, dass sich der Hydraulikdruck im empfohlenen Betriebsbereich befindet.<br \/>\nb. Verwenden Sie die bereitgestellte Steuerungsschnittstelle oder den Einstellmechanismus, um die auf das F\u00f6rderband ausge\u00fcbte Spannung zu erh\u00f6hen oder zu verringern.<br \/>\nc. \u00dcberwachen Sie die Leistung des Riemens und passen Sie die Spannung an, um eine optimale Ausrichtung zu gew\u00e4hrleisten und ein Durchrutschen oder eine Besch\u00e4digung zu verhindern.<\/p>\n<h2><strong>Was kostet die Reparatur eines Hydraulikzylinders?<\/strong><\/h2>\n<p>Die Reparaturkosten eines Hydraulikzylinders k\u00f6nnen je nach verschiedenen Faktoren variieren, darunter das Ausma\u00df des Schadens oder Verschlei\u00dfes, die Zylindergr\u00f6\u00dfe, die Verf\u00fcgbarkeit von Ersatzteilen und die Arbeitskosten. Die Reparatur eines Hydraulikzylinders umfasst typischerweise die Demontage des Zylinders, die Inspektion und Reparatur oder den Austausch besch\u00e4digter Komponenten sowie die Neuabdichtung und den Wiederzusammenbau, um die Funktionsf\u00e4higkeit wiederherzustellen.<\/p>\n<p>Folgende Faktoren k\u00f6nnen die Reparaturkosten eines Hydraulikzylinders beeinflussen:<\/p>\n<ol>\n<li><strong>Besch\u00e4digung oder Abnutzung:<\/strong> Der Umfang der Besch\u00e4digung oder des Verschlei\u00dfes im Zylinder kann die Kosten beeinflussen. Kleinere Reparaturen oder der Austausch von Dichtungen k\u00f6nnen g\u00fcnstiger sein als die Reparatur oder der Austausch wichtiger Bauteile wie Kolben, Pleuelstange oder Zylinderlaufbuchse.<\/li>\n<li><strong>Ersatzteile:<\/strong> Die Verf\u00fcgbarkeit und die Kosten der f\u00fcr die Reparatur ben\u00f6tigten Ersatzteile k\u00f6nnen variieren. F\u00fcr manche Zylinder sind Ersatzteile leicht erh\u00e4ltlich und preiswert, w\u00e4hrend f\u00fcr andere spezielle oder ma\u00dfgefertigte Komponenten ben\u00f6tigt werden, was die Kosten erh\u00f6hen kann.<\/li>\n<li><strong>Zylindergr\u00f6\u00dfe:<\/strong> Gr\u00f6\u00dfere Zylinder erfordern unter Umst\u00e4nden mehr Zeit und Aufwand f\u00fcr die Reparatur, was sich auf die Gesamtkosten auswirkt.<\/li>\n<li><strong>Arbeitskosten:<\/strong> Die Arbeitskosten k\u00f6nnen je nach Komplexit\u00e4t der Reparatur, erforderlichem Qualifikationsniveau und Standort des Serviceanbieters variieren. Zu den Arbeitskosten k\u00f6nnen Demontage, Inspektion, Reinigung, Reparatur oder Austausch von Bauteilen, Neuabdichtung und Wiedermontage geh\u00f6ren.<\/li>\n<li><strong>Zus\u00e4tzliche Dienstleistungen:<\/strong> Falls weitere Dienstleistungen wie Bearbeitung, Schwei\u00dfen oder Honen erforderlich sind, k\u00f6nnen diese die Gesamtkosten der Reparatur erh\u00f6hen.<\/li>\n<\/ol>\n<h2><strong>F\u00e4higkeit und Kapazit\u00e4t der Fabrik:<\/strong><\/h2>\n<h3>(1) Montage<\/h3>\n<p>Wir verf\u00fcgen \u00fcber eine erstklassige, unabh\u00e4ngige Forschungs- und Entwicklungsmontageplattform. Die Hydraulikzylinder-Produktionswerkstatt verf\u00fcgt \u00fcber vier halbautomatische Montagelinien f\u00fcr Hubzylinder und eine automatische Montagelinie f\u00fcr Kippzylinder mit einer geplanten j\u00e4hrlichen Produktionskapazit\u00e4t von 1 Million St\u00fcck. Die Spezialzylinderwerkstatt ist mit verschiedenen Spezifikationen eines halbautomatischen Reinigungsmontagesystems mit einer geplanten j\u00e4hrlichen Produktionskapazit\u00e4t von 200.000 ausgestattet und mit renommierten CNC-Bearbeitungsger\u00e4ten, einem Bearbeitungszentrum, einer hochpr\u00e4zisen Spezialausr\u00fcstung f\u00fcr die Zylinderverarbeitung, einer Roboterschwei\u00dfmaschine, einer automatischen Reinigungsmaschine, einer automatischen Zylindermontagemaschine und einer automatischen Lackierproduktionslinie ausgestattet. Es sind mehr als 300 Sets (S\u00e4tze) an kritischer Ausr\u00fcstung vorhanden. Die optimale Zuweisung und effiziente Nutzung der Ausr\u00fcstungsressourcen gew\u00e4hrleistet die Genauigkeitsanforderungen der Produkte und erf\u00fcllt die hohen Qualit\u00e4tsanforderungen der Produkte.<\/p>\n<p><img loading=\"lazy\" decoding=\"async\" class=\"alignnone wp-image-626\" src=\"https:\/\/hydraulic-cylinders.net\/wp-content\/uploads\/2023\/08\/hydraulic-cylinder-product-1-300x158.webp\" alt=\"\" width=\"495\" height=\"260\" srcset=\"https:\/\/hydraulic-cylinders.net\/wp-content\/uploads\/2023\/08\/hydraulic-cylinder-product-1-300x158.webp 495w, https:\/\/hydraulic-cylinders.net\/wp-content\/uploads\/2023\/08\/hydraulic-cylinder-product-1-480x252.webp 480w\" sizes=\"(min-width: 0px) and (max-width: 480px) 480px, (min-width: 481px) 495px, 100vw\" \/> <img loading=\"lazy\" decoding=\"async\" class=\"alignnone wp-image-627\" src=\"https:\/\/hydraulic-cylinders.net\/wp-content\/uploads\/2023\/08\/hydraulic-cylinder-product-2-300x189.webp\" alt=\"\" width=\"413\" height=\"260\" \/><\/p>\n<h3>(2) Bearbeitungen<\/h3>\n<p>Die Bearbeitungswerkstatt ist mit einem ma\u00dfgeschneiderten Schr\u00e4gschienen-Drehzentrum, einem Bearbeitungszentrum, einer Hochgeschwindigkeits-Honmaschine, einem Schwei\u00dfroboter und anderen zugeh\u00f6rigen Ger\u00e4ten ausgestattet, die die Bearbeitung von Zylinderrohren mit einem maximalen Innendurchmesser von 400 mm und einer maximalen L\u00e4nge von 6 Metern erm\u00f6glichen.<\/p>\n<p><img loading=\"lazy\" decoding=\"async\" class=\"alignnone wp-image-628 size-large\" src=\"https:\/\/hydraulic-cylinders.net\/wp-content\/uploads\/2023\/08\/hydraulic-cylinder-product-3-1024x391.webp\" alt=\"\" width=\"1024\" height=\"391\" srcset=\"https:\/\/hydraulic-cylinders.net\/wp-content\/uploads\/2023\/08\/hydraulic-cylinder-product-3-980x374.webp 980w, https:\/\/hydraulic-cylinders.net\/wp-content\/uploads\/2023\/08\/hydraulic-cylinder-product-3-480x183.webp 480w\" sizes=\"(min-width: 0px) and (max-width: 480px) 480px, (min-width: 481px) and (max-width: 980px) 980px, (min-width: 981px) 1024px, 100vw\" \/><\/p>\n<h3>(3) Schwei\u00dfen<\/h3>\n<p><img loading=\"lazy\" decoding=\"async\" class=\"alignnone wp-image-629 size-large\" src=\"https:\/\/hydraulic-cylinders.net\/wp-content\/uploads\/2023\/08\/hydraulic-cylinder-product-4-1024x510.webp\" alt=\"\" width=\"1024\" height=\"510\" srcset=\"https:\/\/hydraulic-cylinders.net\/wp-content\/uploads\/2023\/08\/hydraulic-cylinder-product-4-980x488.webp 980w, https:\/\/hydraulic-cylinders.net\/wp-content\/uploads\/2023\/08\/hydraulic-cylinder-product-4-480x239.webp 480w\" sizes=\"(min-width: 0px) and (max-width: 480px) 480px, (min-width: 481px) and (max-width: 980px) 980px, (min-width: 981px) 1024px, 100vw\" \/><\/p>\n<h3>(4) Malerei und Beschichtung<\/h3>\n<p>Mit kleinen und mittleren Zylinder automatische Lackieranlagen auf Wasserbasis, zu erreichen automatische Roboter Be-und Entladen und automatische Spritzen, die Design-Kapazit\u00e4t von 4000 St\u00fcck pro Schicht;<br \/>\nWir verf\u00fcgen auch \u00fcber eine halbautomatische Lackieranlage f\u00fcr gro\u00dfe Zylinder, die von einer Energiekette angetrieben wird und eine Kapazit\u00e4t von 60 Kisten pro Schicht hat.<\/p>\n<p><img loading=\"lazy\" decoding=\"async\" class=\"alignnone wp-image-630\" src=\"https:\/\/hydraulic-cylinders.net\/wp-content\/uploads\/2023\/08\/hydraulic-cylinder-product-5-300x213.webp\" alt=\"\" width=\"366\" height=\"260\" \/> <img loading=\"lazy\" decoding=\"async\" class=\"alignnone wp-image-631\" src=\"https:\/\/hydraulic-cylinders.net\/wp-content\/uploads\/2023\/08\/hydraulic-cylinder-product-6-300x225.webp\" alt=\"\" width=\"347\" height=\"260\" \/><\/p>\n<h3>(5) Pr\u00fcfung<\/h3>\n<p>Wir verf\u00fcgen \u00fcber erstklassige Pr\u00fcfeinrichtungen und Pr\u00fcfst\u00e4nde, um sicherzustellen, dass die Leistung des Zylinders den Anforderungen entspricht.<\/p>\n<p><img loading=\"lazy\" decoding=\"async\" class=\"alignnone wp-image-632\" src=\"https:\/\/hydraulic-cylinders.net\/wp-content\/uploads\/2023\/08\/hydraulic-cylinder-product-8-300x200.webp\" alt=\"\" width=\"389\" height=\"260\" \/><\/p>\n<p>&nbsp;<\/p>\n<p>&nbsp;<\/p>\n<p>Wir sind einer der besten Hydraulikzylinderhersteller. Wir k\u00f6nnen umfassende Hydraulikzylinder anbieten. Wir bieten auch entsprechende <a href=\"https:\/\/hzpt.com\/agricultural-pto-gearbox\/\" target=\"_blank\" rel=\"noopener\">landwirtschaftliche Getriebe<\/a>. Wir haben unsere Produkte an Kunden weltweit exportiert und uns aufgrund unserer hervorragenden Produktqualit\u00e4t und unseres Kundendienstes einen guten Ruf erworben. Wir begr\u00fc\u00dfen Kunden im In- und Ausland, die uns kontaktieren, um Gesch\u00e4fte zu verhandeln, Informationen auszutauschen und <a href=\"https:\/\/www.hydraulic-cylinders.net\/de\/contact-us\/\">mit uns zusammenarbeiten<\/a>!<\/p>\n<p>&nbsp;<\/p>\n<p>&nbsp;<\/p>","protected":false},"excerpt":{"rendered":"<p>Stacker Reclaimer Belt Tensioning Cylinder The stacker reclaimer belt tensioning cylinder is a critical component in conveyor systems used in material handling operations. It plays a crucial role in maintaining proper tension and alignment of the conveyor belt, ensuring efficient and reliable transportation of bulk materials. This specialized hydraulic cylinder offers exceptional performance and durability, [&hellip;]<\/p>","protected":false},"featured_media":1861,"comment_status":"open","ping_status":"closed","template":"","meta":{"_et_pb_use_builder":"","_et_pb_old_content":"","_et_gb_content_width":""},"product_brand":[],"product_cat":[1549,1516,1552],"product_tag":[1380],"class_list":{"0":"post-1859","1":"product","2":"type-product","3":"status-publish","4":"has-post-thumbnail","6":"product_cat-single-acting-hydraulic-cylinder","7":"product_cat-stacker-reclaimer-hydraulic-cylinders","8":"product_cat-stainless-steel-hydraulic-cylinder","9":"product_tag-hydraulic-cylinder","11":"first","12":"instock","13":"shipping-taxable","14":"product-type-simple"},"amp_enabled":true,"_links":{"self":[{"href":"https:\/\/www.hydraulic-cylinders.net\/de\/wp-json\/wp\/v2\/product\/1859","targetHints":{"allow":["GET"]}}],"collection":[{"href":"https:\/\/www.hydraulic-cylinders.net\/de\/wp-json\/wp\/v2\/product"}],"about":[{"href":"https:\/\/www.hydraulic-cylinders.net\/de\/wp-json\/wp\/v2\/types\/product"}],"replies":[{"embeddable":true,"href":"https:\/\/www.hydraulic-cylinders.net\/de\/wp-json\/wp\/v2\/comments?post=1859"}],"wp:featuredmedia":[{"embeddable":true,"href":"https:\/\/www.hydraulic-cylinders.net\/de\/wp-json\/wp\/v2\/media\/1861"}],"wp:attachment":[{"href":"https:\/\/www.hydraulic-cylinders.net\/de\/wp-json\/wp\/v2\/media?parent=1859"}],"wp:term":[{"taxonomy":"product_brand","embeddable":true,"href":"https:\/\/www.hydraulic-cylinders.net\/de\/wp-json\/wp\/v2\/product_brand?post=1859"},{"taxonomy":"product_cat","embeddable":true,"href":"https:\/\/www.hydraulic-cylinders.net\/de\/wp-json\/wp\/v2\/product_cat?post=1859"},{"taxonomy":"product_tag","embeddable":true,"href":"https:\/\/www.hydraulic-cylinders.net\/de\/wp-json\/wp\/v2\/product_tag?post=1859"}],"curies":[{"name":"wp","href":"https:\/\/api.w.org\/{rel}","templated":true}]}}