{"id":1877,"date":"2023-10-18T07:57:51","date_gmt":"2023-10-18T07:57:51","guid":{"rendered":"https:\/\/hydraulic-cylinders.net\/?post_type=product&#038;p=1877"},"modified":"2025-04-11T03:43:31","modified_gmt":"2025-04-11T03:43:31","slug":"shield-machine-articulated-cylinder","status":"publish","type":"product","link":"https:\/\/www.hydraulic-cylinders.net\/de\/produkt\/shield-machine-articulated-cylinder\/","title":{"rendered":"Gelenkzylinder der Schildmaschine"},"content":{"rendered":"<h1 style=\"text-align: center;\"><strong>Gelenkzylinder der Schildmaschine<\/strong><\/h1>\n<p><img loading=\"lazy\" decoding=\"async\" class=\"aligncenter wp-image-1878\" src=\"https:\/\/hydraulic-cylinders.net\/wp-content\/uploads\/2023\/10\/articulated-cylinder-1-300x300.webp\" alt=\"\" width=\"400\" height=\"400\" \/><\/p>\n<p>Der Gelenkzylinder f\u00fcr Schildmaschinen ist eine hochmoderne Hydraulikkomponente, die speziell f\u00fcr Schildmaschinen im Tunnel- und Tiefbau entwickelt wurde. Dank seiner au\u00dfergew\u00f6hnlichen Flexibilit\u00e4t, Zuverl\u00e4ssigkeit und Effizienz tr\u00e4gt dieser Zylinder entscheidend zu reibungslosen Vortriebsarbeiten bei. Dieser Artikel befasst sich mit den wichtigsten Eigenschaften, Anwendungsmethoden und Wartungstipps dieses bemerkenswerten Produkts.<\/p>\n<p>Der Gelenkzylinder der Schildmaschine revolutioniert den Tunnelbau mit seinem flexiblen Bewegungsbereich, seiner robusten Konstruktion und der pr\u00e4zisen hydraulischen Steuerung. Seine Gelenkkonstruktion erm\u00f6glicht au\u00dfergew\u00f6hnliche Anpassungsf\u00e4higkeit, Man\u00f6vrierf\u00e4higkeit und Effizienz und macht ihn unverzichtbar f\u00fcr erfolgreiche Tiefbauprojekte. Bei Einhaltung der empfohlenen Anwendungsmethoden und regelm\u00e4\u00dfiger Wartung liefert der Gelenkzylinder der Schildmaschine stets au\u00dfergew\u00f6hnliche Leistung und gew\u00e4hrleistet einen reibungslosen Ablauf Ihrer Tunnelbauarbeiten. Erleben Sie die Flexibilit\u00e4t, Effizienz und Zuverl\u00e4ssigkeit des Gelenkzylinders der Schildmaschine und sch\u00f6pfen Sie das volle Potenzial Ihrer Tunnelbauprojekte aus.<\/p>\n<p>Hauptmerkmale des Gelenkzylinders der Schildmaschine:<\/p>\n<ol>\n<li>Gelenkkonstruktion: Der Gelenkzylinder der Schildmaschine verf\u00fcgt \u00fcber eine innovative Gelenkkonstruktion, die eine verbesserte Man\u00f6vrierf\u00e4higkeit und Anpassungsf\u00e4higkeit bei Tunnelarbeiten erm\u00f6glicht. Dank ihrer einzigartigen Struktur kann die Schildmaschine problemlos durch anspruchsvolles Gel\u00e4nde, enge Kurven und unterschiedliche Tunnelausrichtungen navigieren und so maximale Effizienz und Projekterfolg gew\u00e4hrleisten.<\/li>\n<li>Robuste Konstruktion: Dieser Zylinder wurde aus hochwertigen Materialien und mit pr\u00e4ziser Technik gefertigt und zeichnet sich durch au\u00dfergew\u00f6hnliche Haltbarkeit und Widerstandsf\u00e4higkeit gegen die anspruchsvollen Bedingungen im Tiefbau aus. Seine robuste Konstruktion gew\u00e4hrleistet zuverl\u00e4ssige Leistung, Langlebigkeit und minimale Ausfallzeiten, selbst unter h\u00e4rtesten Betriebsbedingungen.<\/li>\n<li>Flexibler Bewegungsbereich: Der Gelenkzylinder bietet einen gro\u00dfen Bewegungsbereich, sodass die Schildmaschine ihre Position je nach Bedarf anpassen kann. Diese Flexibilit\u00e4t erm\u00f6glicht eine pr\u00e4zise Ausrichtung, effiziente Aushubarbeiten und eine verbesserte Tunnelgenauigkeit, was letztendlich zu einer schnelleren Projektabwicklung und geringeren Kosten f\u00fchrt.<\/li>\n<li>Hydraulisches Steuersystem: Ausgestattet mit fortschrittlichen hydraulischen Steuersystemen erm\u00f6glicht der Gelenkzylinder der Schildmaschine eine pr\u00e4zise und reaktionsschnelle Steuerung der Gelenkbewegung. Dies gew\u00e4hrleistet einen reibungslosen Betrieb und erm\u00f6glicht dem Bediener eine optimale Kontrolle \u00fcber die Schildmaschine, was die Sicherheit und Produktivit\u00e4t erh\u00f6ht.<\/li>\n<\/ol>\n<h2><strong>Parameter des Gelenkzylinders der Schildmaschine:<\/strong><\/h2>\n<table border=\"1\" cellspacing=\"0\" cellpadding=\"0\">\n<tbody>\n<tr>\n<td>Produktname<\/td>\n<td>Gelenkzylinder der Schildmaschine<\/td>\n<\/tr>\n<tr>\n<td>Merkmale:<\/td>\n<td>Aktive Knicklenkung: Schneidkopfsteuerung\/koordinierter Werkzeugwechsel<br \/>\nPassive Artikulation: Ziehen Sie den Schwanz des Schildes nach vorne<\/td>\n<\/tr>\n<tr>\n<td>Bohrungsdurchmesser:<\/td>\n<td>125 mm \uff5e 550 mm<\/td>\n<\/tr>\n<tr>\n<td>Stangendurchmesser:<\/td>\n<td>\u00a070 mm \uff5e 370 mm<br \/>\nHub 140 mm \uff5e 1200 mm<\/td>\n<\/tr>\n<tr>\n<td>Druck:<\/td>\n<td>Bis zu 35 MPa<\/td>\n<\/tr>\n<tr>\n<td>Anwendungen:<\/td>\n<td>Schildmaschine, Tunnelbohrmaschine<\/td>\n<\/tr>\n<\/tbody>\n<\/table>\n<h2><strong>Anwendung des Schubzylinders einer Schildmaschine:<\/strong><\/h2>\n<p><img loading=\"lazy\" decoding=\"async\" class=\"alignnone wp-image-1875 size-full\" src=\"https:\/\/hydraulic-cylinders.net\/wp-content\/uploads\/2023\/10\/harsh-corrosive-cylinder-1.webp\" alt=\"\" width=\"1418\" height=\"946\" srcset=\"https:\/\/hydraulic-cylinders.net\/wp-content\/uploads\/2023\/10\/harsh-corrosive-cylinder-1.webp 1418w, https:\/\/hydraulic-cylinders.net\/wp-content\/uploads\/2023\/10\/harsh-corrosive-cylinder-1-1280x854.webp 1280w, https:\/\/hydraulic-cylinders.net\/wp-content\/uploads\/2023\/10\/harsh-corrosive-cylinder-1-980x654.webp 980w, https:\/\/hydraulic-cylinders.net\/wp-content\/uploads\/2023\/10\/harsh-corrosive-cylinder-1-480x320.webp 480w\" sizes=\"(min-width: 0px) and (max-width: 480px) 480px, (min-width: 481px) and (max-width: 980px) 980px, (min-width: 981px) and (max-width: 1280px) 1280px, (min-width: 1281px) 1418px, 100vw\" \/><\/p>\n<h2><strong>Verwendungsmethode des Gelenkzylinders der Schildmaschine<\/strong><strong>:<\/strong><\/h2>\n<ul>\n<li><strong>Bewertung vor der Installation:<\/strong>\u00a0 Bevor Sie den Gelenkzylinder der Schildmaschine installieren, bewerten Sie die Projektanforderungen, einschlie\u00dflich Tunnelabmessungen, Ausrichtungsbeschr\u00e4nkungen und Bodenbedingungen. Diese Bewertung hilft bei der Bestimmung der geeigneten Zylinderspezifikationen und -konfiguration f\u00fcr optimale Leistung.<\/li>\n<li><strong>Installation und Integration:<\/strong> Befolgen Sie diese Schritte f\u00fcr eine erfolgreiche Installation:\n<ul>\n<li>Montieren Sie den Gelenkzylinder sicher an der Schildmaschine und achten Sie dabei auf die richtige Ausrichtung und Stabilit\u00e4t gem\u00e4\u00df den Richtlinien des Herstellers.<\/li>\n<li>Schlie\u00dfen Sie die Hydraulikleitungen an den Zylinder an und achten Sie dabei auf dichte und leckagefreie Verbindungen. Achten Sie auf die Kompatibilit\u00e4t mit dem Hydrauliksystem und verwenden Sie geeignete Armaturen und Schl\u00e4uche.<\/li>\n<\/ul>\n<\/li>\n<li><strong>Einrichtung des Hydrauliksystems:<\/strong> Integrieren Sie den Zylinder in das Hydrauliksystem der Schildmaschine und verbinden Sie ihn mit einer zuverl\u00e4ssigen Stromquelle und einem Steuermechanismus. Die richtige Einrichtung und Kalibrierung des Hydrauliksystems sind entscheidend f\u00fcr optimale Leistung und Sicherheit.<\/li>\n<li><strong>Betriebskontrolle:<\/strong> Machen Sie sich mit der Steuerung des Gelenkzylinders vertraut. Verstehen Sie die Steuereingaben und ihre Auswirkungen auf den Bewegungsbereich des Zylinders. \u00dcben Sie die Bedienung des Steuerungssystems, um eine reibungslose und pr\u00e4zise Gelenkbewegung beim Tunnelbau zu gew\u00e4hrleisten.<\/li>\n<\/ul>\n<h2><strong>Wie entl\u00fcftet man einen Hydraulikzylinder an einem Muldenkipper?<\/strong><\/h2>\n<p><strong>Schritt 1: Fahrzeug vorbereiten und Sicherheitsvorkehrungen treffen<\/strong><\/p>\n<ul>\n<li>Stellen Sie den Muldenkipper auf einer ebenen Fl\u00e4che ab und ziehen Sie die Feststellbremse an.<\/li>\n<li>Schalten Sie den Motor aus und ziehen Sie den Schl\u00fcssel aus der Z\u00fcndung, um eine versehentliche Aktivierung des Hydrauliksystems zu verhindern.<\/li>\n<li>Tragen Sie geeignete pers\u00f6nliche Schutzausr\u00fcstung wie Handschuhe und Schutzbrille, um sich vor Hydraulikfl\u00fcssigkeit und Schmutz zu sch\u00fctzen.<\/li>\n<\/ul>\n<p><strong>Schritt 2: Suchen Sie das Entl\u00fcftungsventil<\/strong><\/p>\n<ul>\n<li>Identifizieren Sie die Hydraulikzylinder, die entl\u00fcftet werden m\u00fcssen. Diese Zylinder sind normalerweise mit dem Hebemechanismus des Muldenkippers verbunden.<\/li>\n<li>Suchen Sie das\/die Entl\u00fcftungsventil(e) an den Hydraulikzylindern. Das Entl\u00fcftungsventil ist ein kleines Anschlussst\u00fcck mit einer Staubkappe.<\/li>\n<\/ul>\n<p><strong>Schritt 3: Auf die Blutung vorbereiten<\/strong><\/p>\n<ul>\n<li>Entfernen Sie die Staubkappe vom Entl\u00fcftungsventil.<\/li>\n<li>Legen Sie Lappen oder Handt\u00fccher um das Entl\u00fcftungsventil, um w\u00e4hrend des Entl\u00fcftungsvorgangs austretende Hydraulikfl\u00fcssigkeit aufzufangen.<\/li>\n<\/ul>\n<p><strong>Schritt 4: Entl\u00fcftungsprozess<\/strong><\/p>\n<ul>\n<li>Mithilfe einer weiteren Person, die die Bedienelemente in der Kabine bedient, kommunizieren und koordinieren Sie den Entl\u00fcftungsvorgang.<\/li>\n<li>Weisen Sie die Person, die die Steuerung bedient, je nach Konfiguration des Muldenkippers an, das Hydrauliksystem im Modus \u201eSenken\u201c oder \u201eAbkippen\u201c zu aktivieren.<\/li>\n<li>\u00d6ffnen Sie das Entl\u00fcftungsventil, indem Sie es gegen den Uhrzeigersinn drehen. Beim \u00d6ffnen des Ventils werden Hydraulikfl\u00fcssigkeit und Luftblasen aus dem System entfernt.<\/li>\n<li>Lassen Sie die Hydraulikfl\u00fcssigkeit ausflie\u00dfen, bis ein gleichm\u00e4\u00dfiger Strahl zu sehen ist. Dies zeigt an, dass die Luft entwichen ist. Schlie\u00dfen Sie das Entl\u00fcftungsventil, indem Sie es im Uhrzeigersinn drehen.<\/li>\n<\/ul>\n<p><strong>Schritt 5: Wiederholen Sie den Vorgang<\/strong><\/p>\n<ul>\n<li>Wiederholen Sie den Entl\u00fcftungsvorgang f\u00fcr jeden Hydraulikzylinder, der entl\u00fcftet werden muss, und befolgen Sie dabei die oben beschriebenen Schritte.<\/li>\n<li>Stellen Sie sicher, dass jedes Entl\u00fcftungsventil nach dem Entl\u00fcften fest geschlossen ist, um ein Austreten von Hydraulikfl\u00fcssigkeit zu verhindern.<\/li>\n<\/ul>\n<p><strong>Schritt 6: Fl\u00fcssigkeitsstand und Betrieb pr\u00fcfen<\/strong><\/p>\n<ul>\n<li>\u00dcberpr\u00fcfen Sie den Hydraulikfl\u00fcssigkeitsstand im Beh\u00e4lter des Muldenkippers. F\u00fcllen Sie bei Bedarf Fl\u00fcssigkeit gem\u00e4\u00df den Anweisungen des Herstellers nach.<\/li>\n<li>Starten Sie den Motor und bet\u00e4tigen Sie das Hydrauliksystem, um die Funktion der entl\u00fcfteten Zylinder zu testen. Stellen Sie sicher, dass sie reibungslos und ohne ungew\u00f6hnliche Ger\u00e4usche oder Leistungsprobleme aus- und einfahren.<\/li>\n<\/ul>\n<h2><strong>F\u00e4higkeit und Kapazit\u00e4t der Fabrik:<\/strong><\/h2>\n<h3>(1) Montage<\/h3>\n<p>Wir verf\u00fcgen \u00fcber eine erstklassige, unabh\u00e4ngige Forschungs- und Entwicklungsmontageplattform. Die Hydraulikzylinder-Produktionswerkstatt verf\u00fcgt \u00fcber vier halbautomatische Montagelinien f\u00fcr Hubzylinder und eine automatische Montagelinie f\u00fcr Kippzylinder mit einer geplanten j\u00e4hrlichen Produktionskapazit\u00e4t von 1 Million St\u00fcck. Die Spezialzylinderwerkstatt ist mit verschiedenen Spezifikationen eines halbautomatischen Reinigungsmontagesystems mit einer geplanten j\u00e4hrlichen Produktionskapazit\u00e4t von 200.000 ausgestattet und mit renommierten CNC-Bearbeitungsger\u00e4ten, einem Bearbeitungszentrum, einer hochpr\u00e4zisen Spezialausr\u00fcstung f\u00fcr die Zylinderverarbeitung, einer Roboterschwei\u00dfmaschine, einer automatischen Reinigungsmaschine, einer automatischen Zylindermontagemaschine und einer automatischen Lackierproduktionslinie ausgestattet. Es sind mehr als 300 Sets (S\u00e4tze) an kritischer Ausr\u00fcstung vorhanden. Die optimale Zuweisung und effiziente Nutzung der Ausr\u00fcstungsressourcen gew\u00e4hrleistet die Genauigkeitsanforderungen der Produkte und erf\u00fcllt die hohen Qualit\u00e4tsanforderungen der Produkte.<\/p>\n<p><img loading=\"lazy\" decoding=\"async\" class=\"alignnone wp-image-626\" src=\"https:\/\/hydraulic-cylinders.net\/wp-content\/uploads\/2023\/08\/hydraulic-cylinder-product-1-300x158.webp\" alt=\"\" width=\"495\" height=\"260\" srcset=\"https:\/\/hydraulic-cylinders.net\/wp-content\/uploads\/2023\/08\/hydraulic-cylinder-product-1-300x158.webp 495w, https:\/\/hydraulic-cylinders.net\/wp-content\/uploads\/2023\/08\/hydraulic-cylinder-product-1-480x252.webp 480w\" sizes=\"(min-width: 0px) and (max-width: 480px) 480px, (min-width: 481px) 495px, 100vw\" \/> <img loading=\"lazy\" decoding=\"async\" class=\"alignnone wp-image-627\" src=\"https:\/\/hydraulic-cylinders.net\/wp-content\/uploads\/2023\/08\/hydraulic-cylinder-product-2-300x189.webp\" alt=\"\" width=\"413\" height=\"260\" \/><\/p>\n<h3>(2) Bearbeitungen<\/h3>\n<p>Die Bearbeitungswerkstatt ist mit einem ma\u00dfgeschneiderten Schr\u00e4gschienen-Drehzentrum, einem Bearbeitungszentrum, einer Hochgeschwindigkeits-Honmaschine, einem Schwei\u00dfroboter und anderen zugeh\u00f6rigen Ger\u00e4ten ausgestattet, die die Bearbeitung von Zylinderrohren mit einem maximalen Innendurchmesser von 400 mm und einer maximalen L\u00e4nge von 6 Metern erm\u00f6glichen.<\/p>\n<p><img loading=\"lazy\" decoding=\"async\" class=\"alignnone wp-image-628 size-large\" src=\"https:\/\/hydraulic-cylinders.net\/wp-content\/uploads\/2023\/08\/hydraulic-cylinder-product-3-1024x391.webp\" alt=\"\" width=\"1024\" height=\"391\" srcset=\"https:\/\/hydraulic-cylinders.net\/wp-content\/uploads\/2023\/08\/hydraulic-cylinder-product-3-980x374.webp 980w, https:\/\/hydraulic-cylinders.net\/wp-content\/uploads\/2023\/08\/hydraulic-cylinder-product-3-480x183.webp 480w\" sizes=\"(min-width: 0px) and (max-width: 480px) 480px, (min-width: 481px) and (max-width: 980px) 980px, (min-width: 981px) 1024px, 100vw\" \/><\/p>\n<h3>(3) Schwei\u00dfen<\/h3>\n<p><img loading=\"lazy\" decoding=\"async\" class=\"alignnone wp-image-629 size-large\" src=\"https:\/\/hydraulic-cylinders.net\/wp-content\/uploads\/2023\/08\/hydraulic-cylinder-product-4-1024x510.webp\" alt=\"\" width=\"1024\" height=\"510\" srcset=\"https:\/\/hydraulic-cylinders.net\/wp-content\/uploads\/2023\/08\/hydraulic-cylinder-product-4-980x488.webp 980w, https:\/\/hydraulic-cylinders.net\/wp-content\/uploads\/2023\/08\/hydraulic-cylinder-product-4-480x239.webp 480w\" sizes=\"(min-width: 0px) and (max-width: 480px) 480px, (min-width: 481px) and (max-width: 980px) 980px, (min-width: 981px) 1024px, 100vw\" \/><\/p>\n<h3>(4) Malerei und Beschichtung<\/h3>\n<p>Mit kleinen und mittleren Zylinder automatische Lackieranlagen auf Wasserbasis, zu erreichen automatische Roboter Be-und Entladen und automatische Spritzen, die Design-Kapazit\u00e4t von 4000 St\u00fcck pro Schicht;<br \/>\nWir verf\u00fcgen auch \u00fcber eine halbautomatische Lackieranlage f\u00fcr gro\u00dfe Zylinder, die von einer Energiekette angetrieben wird und eine Kapazit\u00e4t von 60 Kisten pro Schicht hat.<\/p>\n<p><img loading=\"lazy\" decoding=\"async\" class=\"alignnone wp-image-630\" src=\"https:\/\/hydraulic-cylinders.net\/wp-content\/uploads\/2023\/08\/hydraulic-cylinder-product-5-300x213.webp\" alt=\"\" width=\"366\" height=\"260\" \/> <img loading=\"lazy\" decoding=\"async\" class=\"alignnone wp-image-631\" src=\"https:\/\/hydraulic-cylinders.net\/wp-content\/uploads\/2023\/08\/hydraulic-cylinder-product-6-300x225.webp\" alt=\"\" width=\"347\" height=\"260\" \/><\/p>\n<h3>(5) Pr\u00fcfung<\/h3>\n<p>Wir verf\u00fcgen \u00fcber erstklassige Pr\u00fcfeinrichtungen und Pr\u00fcfst\u00e4nde, um sicherzustellen, dass die Leistung des Zylinders den Anforderungen entspricht.<\/p>\n<p><img loading=\"lazy\" decoding=\"async\" class=\"alignnone wp-image-632\" src=\"https:\/\/hydraulic-cylinders.net\/wp-content\/uploads\/2023\/08\/hydraulic-cylinder-product-8-300x200.webp\" alt=\"\" width=\"389\" height=\"260\" \/><\/p>\n<p>&nbsp;<\/p>\n<p>&nbsp;<\/p>\n<p>Wir sind einer der besten Hydraulikzylinderhersteller. Wir k\u00f6nnen umfassende Hydraulikzylinder anbieten. Wir bieten auch entsprechende <a href=\"https:\/\/hzpt.com\/agricultural-pto-gearbox\/\" target=\"_blank\" rel=\"noopener\">landwirtschaftliche Getriebe<\/a>. Wir haben unsere Produkte an Kunden weltweit exportiert und uns aufgrund unserer hervorragenden Produktqualit\u00e4t und unseres Kundendienstes einen guten Ruf erworben. Wir begr\u00fc\u00dfen Kunden im In- und Ausland, die uns kontaktieren, um Gesch\u00e4fte zu verhandeln, Informationen auszutauschen und <a href=\"https:\/\/www.hydraulic-cylinders.net\/de\/contact-us\/\">mit uns zusammenarbeiten<\/a>!<\/p>\n<p>&nbsp;<\/p>","protected":false},"excerpt":{"rendered":"<p>Shield Machine Articulated Cylinder The shield machine articulated cylinder is a cutting-edge hydraulic component specifically designed for shield machines used in tunneling and underground construction projects. With its exceptional flexibility, reliability, and efficiency, this cylinder is vital in ensuring smooth excavation operations. This article will delve into the key characteristics, usage methods, and maintenance tips [&hellip;]<\/p>","protected":false},"featured_media":1881,"comment_status":"open","ping_status":"closed","template":"","meta":{"_et_pb_use_builder":"","_et_pb_old_content":"","_et_gb_content_width":""},"product_brand":[],"product_cat":[1550,1519],"product_tag":[1380],"class_list":{"0":"post-1877","1":"product","2":"type-product","3":"status-publish","4":"has-post-thumbnail","6":"product_cat-double-acting-hydraulic-cylinder","7":"product_cat-shield-machine-hydraulic-cylinders","8":"product_tag-hydraulic-cylinder","10":"first","11":"instock","12":"shipping-taxable","13":"product-type-simple"},"amp_enabled":true,"_links":{"self":[{"href":"https:\/\/www.hydraulic-cylinders.net\/de\/wp-json\/wp\/v2\/product\/1877","targetHints":{"allow":["GET"]}}],"collection":[{"href":"https:\/\/www.hydraulic-cylinders.net\/de\/wp-json\/wp\/v2\/product"}],"about":[{"href":"https:\/\/www.hydraulic-cylinders.net\/de\/wp-json\/wp\/v2\/types\/product"}],"replies":[{"embeddable":true,"href":"https:\/\/www.hydraulic-cylinders.net\/de\/wp-json\/wp\/v2\/comments?post=1877"}],"wp:featuredmedia":[{"embeddable":true,"href":"https:\/\/www.hydraulic-cylinders.net\/de\/wp-json\/wp\/v2\/media\/1881"}],"wp:attachment":[{"href":"https:\/\/www.hydraulic-cylinders.net\/de\/wp-json\/wp\/v2\/media?parent=1877"}],"wp:term":[{"taxonomy":"product_brand","embeddable":true,"href":"https:\/\/www.hydraulic-cylinders.net\/de\/wp-json\/wp\/v2\/product_brand?post=1877"},{"taxonomy":"product_cat","embeddable":true,"href":"https:\/\/www.hydraulic-cylinders.net\/de\/wp-json\/wp\/v2\/product_cat?post=1877"},{"taxonomy":"product_tag","embeddable":true,"href":"https:\/\/www.hydraulic-cylinders.net\/de\/wp-json\/wp\/v2\/product_tag?post=1877"}],"curies":[{"name":"wp","href":"https:\/\/api.w.org\/{rel}","templated":true}]}}