{"id":1882,"date":"2023-10-18T08:18:09","date_gmt":"2023-10-18T08:18:09","guid":{"rendered":"https:\/\/hydraulic-cylinders.net\/?post_type=product&#038;p=1882"},"modified":"2025-04-11T02:52:07","modified_gmt":"2025-04-11T02:52:07","slug":"shield-machine-assembly-lifting-cylinder","status":"publish","type":"product","link":"https:\/\/www.hydraulic-cylinders.net\/de\/produkt\/shield-machine-assembly-lifting-cylinder\/","title":{"rendered":"Hebezylinder f\u00fcr Schutzmaschinenmontage"},"content":{"rendered":"<h1 style=\"text-align: center;\"><strong>Hebezylinder f\u00fcr Schutzmaschinenmontage<\/strong><\/h1>\n<p><img loading=\"lazy\" decoding=\"async\" class=\"aligncenter wp-image-1884\" src=\"https:\/\/hydraulic-cylinders.net\/wp-content\/uploads\/2023\/10\/assembly-lifting-cylinder-1-300x300.webp\" alt=\"\" width=\"400\" height=\"400\" \/><\/p>\n<p>Der Hubzylinder f\u00fcr die Schildmaschinenmontage ist eine hochentwickelte Hydraulikkomponente, die speziell f\u00fcr Schildmaschinen im Tunnelbau entwickelt wurde. Dank seiner au\u00dfergew\u00f6hnlichen Hubkraft, Zuverl\u00e4ssigkeit und Pr\u00e4zision gew\u00e4hrleistet dieser Zylinder effiziente und genaue Montagevorg\u00e4nge. Dieser Artikel erl\u00e4utert die wichtigsten Eigenschaften, Anwendungsmethoden und Wartungshinweise dieses bemerkenswerten Produkts.<\/p>\n<p>Der Hubzylinder f\u00fcr die Tunnelbohrmaschine ist eine zuverl\u00e4ssige und robuste Hydraulikkomponente, die den Montageprozess im Tunnelbau revolutioniert. Dank seiner au\u00dfergew\u00f6hnlichen Hubkraft, pr\u00e4zisen Steuerung und Langlebigkeit steigert dieser Zylinder Effizienz und Genauigkeit, verk\u00fcrzt Projektlaufzeiten und erh\u00f6ht die Produktivit\u00e4t. Bei Einhaltung der empfohlenen Anwendungsmethoden und regelm\u00e4\u00dfiger Wartung gew\u00e4hrleistet der Hubzylinder f\u00fcr die Tunnelbohrmaschine dauerhaft herausragende Leistung und somit reibungslose Montageabl\u00e4ufe und erfolgreiche Tunnelbauprojekte. Steigern Sie die Effizienz und Pr\u00e4zision Ihrer Bauprojekte mit dem Hubzylinder f\u00fcr die Tunnelbohrmaschine.<\/p>\n<p>Hauptmerkmale des Gelenkzylinders der Schildmaschine:<\/p>\n<ul>\n<li>Hohe Hubkraft: Der Hubzylinder f\u00fcr die Montage der Schildmaschine zeichnet sich durch seine robuste Konstruktion aus, die das problemlose Heben schwerer Lasten erm\u00f6glicht. Dank seiner hohen Hubkraft tr\u00e4gt dieser Zylinder zu einer reibungslosen und effizienten Montage der Schildmaschinenkomponenten bei, wodurch die Bauzeit verk\u00fcrzt und die Produktivit\u00e4t gesteigert wird.<\/li>\n<li>Pr\u00e4zise Steuerung: Ausgestattet mit fortschrittlichen Hydrauliksystemen erm\u00f6glicht dieser Zylinder eine pr\u00e4zise und reaktionsschnelle Steuerung des Hubvorgangs. Bediener k\u00f6nnen Hubgeschwindigkeit und -position genau einstellen, wodurch eine optimale Ausrichtung gew\u00e4hrleistet und das Fehlerrisiko beim Montageprozess minimiert wird.<\/li>\n<li>Langlebigkeit und Zuverl\u00e4ssigkeit: Der aus hochwertigen Materialien gefertigte und f\u00fcr die anspruchsvollen Bedingungen im Tunnelbau konzipierte Hubzylinder der Schildvortriebsanlage zeichnet sich durch au\u00dfergew\u00f6hnliche Langlebigkeit und Zuverl\u00e4ssigkeit aus. Seine robuste Konstruktion gew\u00e4hrleistet dauerhafte Leistung und minimiert Ausfallzeiten und Wartungskosten.<\/li>\n<li>Sicherheitsmerkmale: Der Zylinder verf\u00fcgt \u00fcber Sicherheitsmerkmale, die das Wohlbefinden der Bediener und die Sicherheit der Umgebung gew\u00e4hrleisten. Zu diesen Merkmalen geh\u00f6ren \u00dcberlastschutzmechanismen, Not-Aus-Funktionen und ausfallsichere Systeme zur Unfallverh\u00fctung und f\u00fcr sichere Hebevorg\u00e4nge.<\/li>\n<\/ul>\n<h2><strong>Parameter des Gelenkzylinders der Schildmaschine:<\/strong><\/h2>\n<table border=\"1\" cellspacing=\"0\" cellpadding=\"0\">\n<tbody>\n<tr>\n<td>Produktname<\/td>\n<td>Gelenkzylinder der Schildmaschine<\/td>\n<\/tr>\n<tr>\n<td>Merkmale:<\/td>\n<td>Aktive Knicklenkung: Schneidkopfsteuerung\/koordinierter Werkzeugwechsel<br \/>\nPassive Artikulation: Ziehen Sie den Schwanz des Schildes nach vorne<\/td>\n<\/tr>\n<tr>\n<td>Bohrungsdurchmesser:<\/td>\n<td>125 mm \uff5e 550 mm<\/td>\n<\/tr>\n<tr>\n<td>Stangendurchmesser:<\/td>\n<td>\u00a070 mm \uff5e 370 mm<br \/>\nHub 140 mm \uff5e 1200 mm<\/td>\n<\/tr>\n<tr>\n<td>Druck:<\/td>\n<td>Bis zu 35 MPa<\/td>\n<\/tr>\n<tr>\n<td>Anwendungen:<\/td>\n<td>Schildmaschine, Tunnelbohrmaschine<\/td>\n<\/tr>\n<\/tbody>\n<\/table>\n<h2><strong>Anwendung des Schubzylinders einer Schildmaschine:<\/strong><\/h2>\n<p><img loading=\"lazy\" decoding=\"async\" class=\"alignnone wp-image-1875 size-full\" src=\"https:\/\/hydraulic-cylinders.net\/wp-content\/uploads\/2023\/10\/harsh-corrosive-cylinder-1.webp\" alt=\"\" width=\"1418\" height=\"946\" srcset=\"https:\/\/hydraulic-cylinders.net\/wp-content\/uploads\/2023\/10\/harsh-corrosive-cylinder-1.webp 1418w, https:\/\/hydraulic-cylinders.net\/wp-content\/uploads\/2023\/10\/harsh-corrosive-cylinder-1-1280x854.webp 1280w, https:\/\/hydraulic-cylinders.net\/wp-content\/uploads\/2023\/10\/harsh-corrosive-cylinder-1-980x654.webp 980w, https:\/\/hydraulic-cylinders.net\/wp-content\/uploads\/2023\/10\/harsh-corrosive-cylinder-1-480x320.webp 480w\" sizes=\"(min-width: 0px) and (max-width: 480px) 480px, (min-width: 481px) and (max-width: 980px) 980px, (min-width: 981px) and (max-width: 1280px) 1280px, (min-width: 1281px) 1418px, 100vw\" \/><\/p>\n<h2><strong>Verwendungsmethode des Gelenkzylinders der Schildmaschine<\/strong><strong>:<\/strong><\/h2>\n<ul>\n<li><strong>Planung vor der Montage:<\/strong> Vor Beginn der Montage ist eine gr\u00fcndliche Pr\u00fcfung der Komponenten der Schutzvorrichtung, der Montagereihenfolge und der Sicherheitsanforderungen durchzuf\u00fchren. Die Hebepunkte sind zu planen und die optimale Positionierung des Hebezylinders f\u00fcr die Montage der Schutzvorrichtung zu bestimmen, um maximale Hebeleistung und Stabilit\u00e4t zu gew\u00e4hrleisten.<\/li>\n<li><strong>Zylinderinstallation:<\/strong>\u00a0 Montieren Sie den Hebezylinder der Schildmaschinenbaugruppe sicher an der Schildmaschine und achten Sie dabei auf eine sichere Befestigung und Ausrichtung gem\u00e4\u00df den Herstellerangaben. Verwenden Sie geeignete Montagevorrichtungen wie Schrauben oder Halterungen, um eine stabile Verbindung zu gew\u00e4hrleisten.<\/li>\n<li><strong>Hydraulische Systemintegration:<\/strong> Verbinden Sie den Zylinder mithilfe kompatibler Schl\u00e4uche und Anschl\u00fcsse mit dem Hydrauliksystem der Schildmaschine. Achten Sie auf dichte und leckagefreie Verbindungen, um Hydraulikfl\u00fcssigkeitsverluste zu vermeiden und eine optimale Systemleistung zu gew\u00e4hrleisten.<\/li>\n<li><strong>Betriebskontrolle:<\/strong> Machen Sie sich mit den Steuermechanismen und der Bedienung des Hubzylinders f\u00fcr die Montage der Schutzvorrichtung vertraut. Verstehen Sie die Steuereingaben und deren Auswirkungen auf den Hubvorgang. \u00dcben Sie die Bedienung, um Sicherheit zu erlangen und ein reibungsloses und pr\u00e4zises Anheben w\u00e4hrend des Montageprozesses zu gew\u00e4hrleisten.<\/li>\n<\/ul>\n<h2><strong>Wie entl\u00fcftet man einen einfachwirkenden Hydraulikzylinder?<\/strong><\/h2>\n<p>Das Entl\u00fcften eines einfachwirkenden Hydraulikzylinders ist ein relativ unkomplizierter Vorgang. Bei einfachwirkenden Zylindern wirkt der Hydraulikdruck auf eine Seite des Kolbens, w\u00e4hrend die andere Seite durch die Schwerkraft oder eine \u00e4u\u00dfere Kraft in ihre Ausgangsposition zur\u00fcckkehrt. Hier finden Sie eine Schritt-f\u00fcr-Schritt-Anleitung zum Entl\u00fcften eines einfachwirkenden Hydraulikzylinders:<\/p>\n<ol>\n<li><strong>Vorbereitung:<\/strong>\n<ul>\n<li>Stellen Sie sicher, dass das Hydrauliksystem abgeschaltet und der Druck abgelassen ist.<\/li>\n<li>Tragen Sie pers\u00f6nliche Schutzausr\u00fcstung, Handschuhe und eine Schutzbrille, um sich vor Hydraulikfl\u00fcssigkeit zu sch\u00fctzen.<\/li>\n<\/ul>\n<\/li>\n<li><strong>Identifizieren Sie das Entl\u00fcftungsventil:<\/strong>\n<ul>\n<li>Suchen Sie das Entl\u00fcftungsventil am Hydraulikzylinder. Es handelt sich in der Regel um ein kleines Anschlussst\u00fcck mit einer Staubkappe. Durch das Entl\u00fcftungsventil kann die im Zylinder eingeschlossene Luft entweichen.<\/li>\n<\/ul>\n<\/li>\n<li><strong>Positionieren Sie den Zylinder:<\/strong>\n<ul>\n<li>Schieben Sie den Zylinder in seine vollst\u00e4ndig eingefahrene Position. Dadurch wird sichergestellt, dass das Entl\u00fcftungsventil zug\u00e4nglich ist und Luft nach oben in den Zylinder entweichen kann.<\/li>\n<\/ul>\n<\/li>\n<li><strong>Staubkappe entfernen:<\/strong>\n<ul>\n<li>Nehmen Sie die Staubkappe vom Entl\u00fcftungsventil ab. Legen Sie sie an einem sicheren Ort beiseite.<\/li>\n<\/ul>\n<\/li>\n<li><strong>\u00d6ffnen Sie das Entl\u00fcftungsventil:<\/strong>\n<ul>\n<li>Mit einem geeigneten Schraubenschl\u00fcssel oder Werkzeug das Entl\u00fcftungsventil gegen den Uhrzeigersinn drehen, um es zu \u00f6ffnen. Dadurch k\u00f6nnen Luft und eventuell eingeschlossene Fl\u00fcssigkeit aus dem Zylinder entweichen.<\/li>\n<\/ul>\n<\/li>\n<li><strong>Den Zylinder ausfahren:<\/strong>\n<ul>\n<li>Durch Aktivierung der Hydraulikpumpe oder des Zylindersteuerventils wird Hydraulikdruck auf den Zylinder ausge\u00fcbt. Dadurch f\u00e4hrt der Zylinder aus und dr\u00fcckt Fl\u00fcssigkeit und Luft durch das ge\u00f6ffnete Entl\u00fcftungsventil heraus.<\/li>\n<\/ul>\n<\/li>\n<li><strong>Fl\u00fcssigkeitsfluss beobachten:<\/strong>\n<ul>\n<li>Beobachten Sie den Fl\u00fcssigkeitsaustritt aus dem Entl\u00fcftungsventil. Anfangs k\u00f6nnen Luftblasen zusammen mit der Bremsfl\u00fcssigkeit austreten. Lassen Sie die Fl\u00fcssigkeit so lange ablaufen, bis keine Blasen mehr austreten. Dies zeigt an, dass die Luft aus dem Zylinder entwichen ist.<\/li>\n<\/ul>\n<\/li>\n<li><strong>Entl\u00fcftungsventil schlie\u00dfen:<\/strong>\n<ul>\n<li>Sobald alle Luftblasen entfernt sind, schlie\u00dfen Sie das Entl\u00fcftungsventil im Uhrzeigersinn. Achten Sie darauf, dass es fest verschlossen ist, um ein Austreten von Fl\u00fcssigkeit zu verhindern.<\/li>\n<\/ul>\n<\/li>\n<li><strong>Zylinder einfahren:<\/strong>\n<ul>\n<li>Den Hydraulikdruck reduzieren und den Zylinder vollst\u00e4ndig einfahren lassen. Dies kann das Bet\u00e4tigen eines Steuerventils oder das L\u00f6sen jeglicher \u00e4u\u00dferer Kr\u00e4fte erfordern, die den Zylinder in ausgefahrener Position halten.<\/li>\n<\/ul>\n<\/li>\n<li><strong>Bei Bedarf wiederholen:<\/strong>\n<ul>\n<li>Falls Sie weiterhin Luftblasen bemerken oder ein schwammiges Gef\u00fchl beim Betrieb des Zylinders feststellen, wiederholen Sie den Entl\u00fcftungsvorgang, bis die gesamte Luft entfernt ist.<\/li>\n<\/ul>\n<\/li>\n<li><strong>Fl\u00fcssigkeitsstand pr\u00fcfen:<\/strong>\n<ul>\n<li>Nach dem Entl\u00fcften des Zylinders den Hydraulikfl\u00fcssigkeitsstand im Systembeh\u00e4lter pr\u00fcfen. Gegebenenfalls Fl\u00fcssigkeit nachf\u00fcllen, um den empfohlenen Stand zu erreichen.<\/li>\n<\/ul>\n<\/li>\n<\/ol>\n<h2><strong>F\u00e4higkeit und Kapazit\u00e4t der Fabrik:<\/strong><\/h2>\n<h3>(1) Montage<\/h3>\n<p>Wir verf\u00fcgen \u00fcber eine erstklassige, unabh\u00e4ngige Forschungs- und Entwicklungsmontageplattform. Die Hydraulikzylinder-Produktionswerkstatt verf\u00fcgt \u00fcber vier halbautomatische Montagelinien f\u00fcr Hubzylinder und eine automatische Montagelinie f\u00fcr Kippzylinder mit einer geplanten j\u00e4hrlichen Produktionskapazit\u00e4t von 1 Million St\u00fcck. Die Spezialzylinderwerkstatt ist mit verschiedenen Spezifikationen eines halbautomatischen Reinigungsmontagesystems mit einer geplanten j\u00e4hrlichen Produktionskapazit\u00e4t von 200.000 ausgestattet und mit renommierten CNC-Bearbeitungsger\u00e4ten, einem Bearbeitungszentrum, einer hochpr\u00e4zisen Spezialausr\u00fcstung f\u00fcr die Zylinderverarbeitung, einer Roboterschwei\u00dfmaschine, einer automatischen Reinigungsmaschine, einer automatischen Zylindermontagemaschine und einer automatischen Lackierproduktionslinie ausgestattet. Es sind mehr als 300 Sets (S\u00e4tze) an kritischer Ausr\u00fcstung vorhanden. Die optimale Zuweisung und effiziente Nutzung der Ausr\u00fcstungsressourcen gew\u00e4hrleistet die Genauigkeitsanforderungen der Produkte und erf\u00fcllt die hohen Qualit\u00e4tsanforderungen der Produkte.<\/p>\n<p><img loading=\"lazy\" decoding=\"async\" class=\"alignnone wp-image-626\" src=\"https:\/\/hydraulic-cylinders.net\/wp-content\/uploads\/2023\/08\/hydraulic-cylinder-product-1-300x158.webp\" alt=\"\" width=\"495\" height=\"260\" srcset=\"https:\/\/hydraulic-cylinders.net\/wp-content\/uploads\/2023\/08\/hydraulic-cylinder-product-1-300x158.webp 495w, https:\/\/hydraulic-cylinders.net\/wp-content\/uploads\/2023\/08\/hydraulic-cylinder-product-1-480x252.webp 480w\" sizes=\"(min-width: 0px) and (max-width: 480px) 480px, (min-width: 481px) 495px, 100vw\" \/> <img loading=\"lazy\" decoding=\"async\" class=\"alignnone wp-image-627\" src=\"https:\/\/hydraulic-cylinders.net\/wp-content\/uploads\/2023\/08\/hydraulic-cylinder-product-2-300x189.webp\" alt=\"\" width=\"413\" height=\"260\" \/><\/p>\n<h3>(2) Bearbeitungen<\/h3>\n<p>Die Bearbeitungswerkstatt ist mit einem ma\u00dfgeschneiderten Schr\u00e4gschienen-Drehzentrum, einem Bearbeitungszentrum, einer Hochgeschwindigkeits-Honmaschine, einem Schwei\u00dfroboter und anderen zugeh\u00f6rigen Ger\u00e4ten ausgestattet, die die Bearbeitung von Zylinderrohren mit einem maximalen Innendurchmesser von 400 mm und einer maximalen L\u00e4nge von 6 Metern erm\u00f6glichen.<\/p>\n<p><img loading=\"lazy\" decoding=\"async\" class=\"alignnone wp-image-628 size-large\" src=\"https:\/\/hydraulic-cylinders.net\/wp-content\/uploads\/2023\/08\/hydraulic-cylinder-product-3-1024x391.webp\" alt=\"\" width=\"1024\" height=\"391\" srcset=\"https:\/\/hydraulic-cylinders.net\/wp-content\/uploads\/2023\/08\/hydraulic-cylinder-product-3-980x374.webp 980w, https:\/\/hydraulic-cylinders.net\/wp-content\/uploads\/2023\/08\/hydraulic-cylinder-product-3-480x183.webp 480w\" sizes=\"(min-width: 0px) and (max-width: 480px) 480px, (min-width: 481px) and (max-width: 980px) 980px, (min-width: 981px) 1024px, 100vw\" \/><\/p>\n<h3>(3) Schwei\u00dfen<\/h3>\n<p><img loading=\"lazy\" decoding=\"async\" class=\"alignnone wp-image-629 size-large\" src=\"https:\/\/hydraulic-cylinders.net\/wp-content\/uploads\/2023\/08\/hydraulic-cylinder-product-4-1024x510.webp\" alt=\"\" width=\"1024\" height=\"510\" srcset=\"https:\/\/hydraulic-cylinders.net\/wp-content\/uploads\/2023\/08\/hydraulic-cylinder-product-4-980x488.webp 980w, https:\/\/hydraulic-cylinders.net\/wp-content\/uploads\/2023\/08\/hydraulic-cylinder-product-4-480x239.webp 480w\" sizes=\"(min-width: 0px) and (max-width: 480px) 480px, (min-width: 481px) and (max-width: 980px) 980px, (min-width: 981px) 1024px, 100vw\" \/><\/p>\n<h3>(4) Malerei und Beschichtung<\/h3>\n<p>Mit kleinen und mittleren Zylinder automatische Lackieranlagen auf Wasserbasis, zu erreichen automatische Roboter Be-und Entladen und automatische Spritzen, die Design-Kapazit\u00e4t von 4000 St\u00fcck pro Schicht;<br \/>\nWir verf\u00fcgen auch \u00fcber eine halbautomatische Lackieranlage f\u00fcr gro\u00dfe Zylinder, die von einer Energiekette angetrieben wird und eine Kapazit\u00e4t von 60 Kisten pro Schicht hat.<\/p>\n<p><img loading=\"lazy\" decoding=\"async\" class=\"alignnone wp-image-630\" src=\"https:\/\/hydraulic-cylinders.net\/wp-content\/uploads\/2023\/08\/hydraulic-cylinder-product-5-300x213.webp\" alt=\"\" width=\"366\" height=\"260\" \/> <img loading=\"lazy\" decoding=\"async\" class=\"alignnone wp-image-631\" src=\"https:\/\/hydraulic-cylinders.net\/wp-content\/uploads\/2023\/08\/hydraulic-cylinder-product-6-300x225.webp\" alt=\"\" width=\"347\" height=\"260\" \/><\/p>\n<h3>(5) Pr\u00fcfung<\/h3>\n<p>Wir verf\u00fcgen \u00fcber erstklassige Pr\u00fcfeinrichtungen und Pr\u00fcfst\u00e4nde, um sicherzustellen, dass die Leistung des Zylinders den Anforderungen entspricht.<\/p>\n<p><img loading=\"lazy\" decoding=\"async\" class=\"alignnone wp-image-632\" src=\"https:\/\/hydraulic-cylinders.net\/wp-content\/uploads\/2023\/08\/hydraulic-cylinder-product-8-300x200.webp\" alt=\"\" width=\"389\" height=\"260\" \/><\/p>\n<p>&nbsp;<\/p>\n<p>&nbsp;<\/p>\n<p>Wir sind einer der besten Hydraulikzylinderhersteller. Wir k\u00f6nnen umfassende Hydraulikzylinder anbieten. Wir bieten auch entsprechende <a href=\"https:\/\/hzpt.com\/agricultural-pto-gearbox\/\" target=\"_blank\" rel=\"noopener\">landwirtschaftliche Getriebe<\/a>. Wir haben unsere Produkte an Kunden weltweit exportiert und uns aufgrund unserer hervorragenden Produktqualit\u00e4t und unseres Kundendienstes einen guten Ruf erworben. Wir begr\u00fc\u00dfen Kunden im In- und Ausland, die uns kontaktieren, um Gesch\u00e4fte zu verhandeln, Informationen auszutauschen und <a href=\"https:\/\/www.hydraulic-cylinders.net\/de\/contact-us\/\">mit uns zusammenarbeiten<\/a>!<\/p>\n<p>&nbsp;<\/p>","protected":false},"excerpt":{"rendered":"<p>Shield Machine Assembly Lifting Cylinder The shield machine assembly lifting cylinder is an advanced hydraulic component explicitly designed for shield machines used in tunnel construction projects. This cylinder ensures efficient and accurate assembly operations with its exceptional lifting capabilities, reliability, and precision. This article will explore the key characteristics, usage methods, and maintenance guidelines for [&hellip;]<\/p>","protected":false},"featured_media":1885,"comment_status":"open","ping_status":"closed","template":"","meta":{"_et_pb_use_builder":"","_et_pb_old_content":"","_et_gb_content_width":""},"product_brand":[],"product_cat":[1519,1549],"product_tag":[1380],"class_list":{"0":"post-1882","1":"product","2":"type-product","3":"status-publish","4":"has-post-thumbnail","6":"product_cat-shield-machine-hydraulic-cylinders","7":"product_cat-single-acting-hydraulic-cylinder","8":"product_tag-hydraulic-cylinder","10":"first","11":"instock","12":"shipping-taxable","13":"product-type-simple"},"amp_enabled":true,"_links":{"self":[{"href":"https:\/\/www.hydraulic-cylinders.net\/de\/wp-json\/wp\/v2\/product\/1882","targetHints":{"allow":["GET"]}}],"collection":[{"href":"https:\/\/www.hydraulic-cylinders.net\/de\/wp-json\/wp\/v2\/product"}],"about":[{"href":"https:\/\/www.hydraulic-cylinders.net\/de\/wp-json\/wp\/v2\/types\/product"}],"replies":[{"embeddable":true,"href":"https:\/\/www.hydraulic-cylinders.net\/de\/wp-json\/wp\/v2\/comments?post=1882"}],"wp:featuredmedia":[{"embeddable":true,"href":"https:\/\/www.hydraulic-cylinders.net\/de\/wp-json\/wp\/v2\/media\/1885"}],"wp:attachment":[{"href":"https:\/\/www.hydraulic-cylinders.net\/de\/wp-json\/wp\/v2\/media?parent=1882"}],"wp:term":[{"taxonomy":"product_brand","embeddable":true,"href":"https:\/\/www.hydraulic-cylinders.net\/de\/wp-json\/wp\/v2\/product_brand?post=1882"},{"taxonomy":"product_cat","embeddable":true,"href":"https:\/\/www.hydraulic-cylinders.net\/de\/wp-json\/wp\/v2\/product_cat?post=1882"},{"taxonomy":"product_tag","embeddable":true,"href":"https:\/\/www.hydraulic-cylinders.net\/de\/wp-json\/wp\/v2\/product_tag?post=1882"}],"curies":[{"name":"wp","href":"https:\/\/api.w.org\/{rel}","templated":true}]}}