{"id":1886,"date":"2023-10-18T08:32:35","date_gmt":"2023-10-18T08:32:35","guid":{"rendered":"https:\/\/hydraulic-cylinders.net\/?post_type=product&#038;p=1886"},"modified":"2025-04-11T03:43:28","modified_gmt":"2025-04-11T03:43:28","slug":"shield-machine-anti-torque-cylinder","status":"publish","type":"product","link":"https:\/\/www.hydraulic-cylinders.net\/de\/produkt\/shield-machine-anti-torque-cylinder\/","title":{"rendered":"Shield Machine Anti-Drehmoment-Zylinder"},"content":{"rendered":"<h1 style=\"text-align: center;\"><strong>Shield Machine Anti-Drehmoment-Zylinder<\/strong><\/h1>\n<p><img loading=\"lazy\" decoding=\"async\" class=\"aligncenter wp-image-1888\" src=\"https:\/\/hydraulic-cylinders.net\/wp-content\/uploads\/2023\/10\/anti-torque-cylinder-1-300x300.webp\" alt=\"\" width=\"400\" height=\"400\" \/><\/p>\n<p>Der Drehmomentausgleichszylinder f\u00fcr Tunnelbohrmaschinen ist eine hochmoderne Hydraulikkomponente, die f\u00fcr mehr Stabilit\u00e4t und Kontrolle beim Tunnelvortrieb sorgt. Dieser Spezialzylinder spielt eine entscheidende Rolle bei der Reduzierung der w\u00e4hrend des Vortriebs entstehenden Drehmomente und gew\u00e4hrleistet so optimale Leistung und Sicherheit. In diesem ausf\u00fchrlichen Artikel werden wir die wichtigsten Eigenschaften, Anwendungsmethoden und Wartungsrichtlinien f\u00fcr den Drehmomentausgleichszylinder von Tunnelbohrmaschinen detailliert erl\u00e4utern.<\/p>\n<p>Der Drehmomentausgleichszylinder f\u00fcr Tunnelbohrmaschinen ist eine hochmoderne Hydraulikkomponente, die Stabilit\u00e4t und Kontrolle beim Tunnelvortrieb verbessert. Dank seiner Drehmomentminderung, pr\u00e4zisen Steuerung, robusten Konstruktion und kompakten Bauweise gew\u00e4hrleistet dieser Zylinder sicherere und effizientere Vortriebsprozesse. Bei Einhaltung der empfohlenen Anwendungsmethoden und regelm\u00e4\u00dfiger Wartung bietet der Drehmomentausgleichszylinder f\u00fcr Tunnelbohrmaschinen dauerhaft hervorragende Leistung und sorgt f\u00fcr Stabilit\u00e4t, Kontrolle und Sicherheit beim Tunnelvortrieb. Steigern Sie den Erfolg Ihrer Tunnelprojekte mit der Stabilit\u00e4t und Kontrolle, die der Drehmomentausgleichszylinder f\u00fcr Tunnelbohrmaschinen bietet.<\/p>\n<p>Hauptmerkmale des Gelenkzylinders der Schildmaschine:<\/p>\n<ul>\n<li>Drehmomentminderung: Der Drehmomentausgleichszylinder der Schildvortriebsmaschine wirkt den Drehmomentkr\u00e4ften entgegen, die beim Tunnelvortrieb durch den rotierenden Bohrkopf entstehen. Durch die Gegenkraft wird die Stabilit\u00e4t gew\u00e4hrleistet und \u00fcberm\u00e4\u00dfige Maschinenbewegungen verhindert. Dies reduziert das Unfallrisiko und erh\u00f6ht die allgemeine Betriebssicherheit.<\/li>\n<li>Pr\u00e4zise Steuerung: Ausgestattet mit fortschrittlichen hydraulischen Steuerungssystemen erm\u00f6glicht dieser Zylinder dem Bediener die pr\u00e4zise Kontrolle der aufgebrachten Gegenkraft. Diese hohe Kontrollgenauigkeit erm\u00f6glicht Feineinstellungen w\u00e4hrend des Tunnelbaus, gew\u00e4hrleistet eine exakte Ausrichtung und minimiert Abweichungen.<\/li>\n<li>Robuste Konstruktion: Der Drehmoment-Zylinder der Schildvortriebsmaschine ist aus hochfesten Materialien gefertigt, um den anspruchsvollen Bedingungen beim Tunnelvortrieb standzuhalten. Seine robuste Bauweise gew\u00e4hrleistet Langlebigkeit, lange Lebensdauer und konstante Leistung, selbst unter rauen Bedingungen.<\/li>\n<li>Kompaktes Design: Dank seines kompakten und platzsparenden Designs l\u00e4sst sich dieser Zylinder nahtlos in die Schildmaschine integrieren, wodurch zus\u00e4tzliches Volumen minimiert und die Gesamtbalance und Man\u00f6vrierf\u00e4higkeit der Anlage erhalten bleibt.<\/li>\n<\/ul>\n<h2><strong>Parameter des Gelenkzylinders der Schildmaschine:<\/strong><\/h2>\n<table border=\"1\" cellspacing=\"0\" cellpadding=\"0\">\n<tbody>\n<tr>\n<td>Produktname<\/td>\n<td>Shield Machine Anti-Drehmoment-Zylinder<\/td>\n<\/tr>\n<tr>\n<td>Merkmale:<\/td>\n<td>Das Drehmoment bei der Drehung des Schneidkopfes \u00fcbertragen.<\/td>\n<\/tr>\n<tr>\n<td>Bohrungsdurchmesser:<\/td>\n<td>330 mm bis 570 mm<\/td>\n<\/tr>\n<tr>\n<td>Stangendurchmesser:<\/td>\n<td>260 mm bis 530 mm<br \/>\nHub 120 mm \uff5e 160 mm<\/td>\n<\/tr>\n<tr>\n<td>Druck:<\/td>\n<td>Im Allgemeinen bis zu 35 MPa<br \/>\nMaximal bis zu 42 MPa<\/td>\n<\/tr>\n<tr>\n<td>Anwendungen:<\/td>\n<td>Schildmaschine, Tunnelbohrmaschine<\/td>\n<\/tr>\n<\/tbody>\n<\/table>\n<h2><strong>Anwendung des Schubzylinders einer Schildmaschine:<\/strong><\/h2>\n<p><img loading=\"lazy\" decoding=\"async\" class=\"alignnone wp-image-1875 size-full\" src=\"https:\/\/hydraulic-cylinders.net\/wp-content\/uploads\/2023\/10\/harsh-corrosive-cylinder-1.webp\" alt=\"\" width=\"1418\" height=\"946\" srcset=\"https:\/\/hydraulic-cylinders.net\/wp-content\/uploads\/2023\/10\/harsh-corrosive-cylinder-1.webp 1418w, https:\/\/hydraulic-cylinders.net\/wp-content\/uploads\/2023\/10\/harsh-corrosive-cylinder-1-1280x854.webp 1280w, https:\/\/hydraulic-cylinders.net\/wp-content\/uploads\/2023\/10\/harsh-corrosive-cylinder-1-980x654.webp 980w, https:\/\/hydraulic-cylinders.net\/wp-content\/uploads\/2023\/10\/harsh-corrosive-cylinder-1-480x320.webp 480w\" sizes=\"(min-width: 0px) and (max-width: 480px) 480px, (min-width: 481px) and (max-width: 980px) 980px, (min-width: 981px) and (max-width: 1280px) 1280px, (min-width: 1281px) 1418px, 100vw\" \/><\/p>\n<h2><strong>Verwendungsmethode des Gelenkzylinders der Schildmaschine<\/strong><strong>:<\/strong><\/h2>\n<ol>\n<li><strong>Zylinderinstallation:<\/strong>\u00a0 Montieren Sie den Drehmomentausgleichszylinder der Schutzmaschine gem\u00e4\u00df den Anweisungen des Herstellers. Achten Sie auf die korrekte Ausrichtung und sichere Befestigung an der Schutzmaschinenkonstruktion mithilfe geeigneter Montagehalterungen oder Zubeh\u00f6rteile.<\/li>\n<li><strong>Hydraulische Systemintegration:<\/strong> Schlie\u00dfen Sie den Zylinder mithilfe kompatibler Schl\u00e4uche und Armaturen an das Hydrauliksystem der Schildmaschine an. Stellen Sie sicher, dass alle Verbindungen fest, dicht und ausreichend angezogen sind, um eine optimale Hydraulikleistung zu gew\u00e4hrleisten.<\/li>\n<li><strong>Bedienelemente:<\/strong> Machen Sie sich mit den Bedienelementen und Mechanismen des Anti-Drehmoment-Zylinders der Shield Machine vertraut. Verstehen Sie, wie Sie die angewendete Anti-Drehmoment-Kraft einstellen, und \u00fcben Sie die Anwendung der Regeln, um eine pr\u00e4zise und reaktionsschnelle Bedienung zu gew\u00e4hrleisten.<\/li>\n<li><strong>Betriebliche \u00dcberlegungen:<\/strong> \u00dcberwachen Sie w\u00e4hrend des Tunnelvortriebs die Drehmomentkr\u00e4fte des Schneidkopfes und passen Sie die vom Zylinder aufgebrachte Gegenkraft an. Bewerten Sie kontinuierlich die Vortriebsbedingungen und optimieren Sie die Einstellungen der Gegenkraft, um Stabilit\u00e4t und Kontrolle zu gew\u00e4hrleisten.<\/li>\n<\/ol>\n<h2><strong>Wie entl\u00fcftet man einen Zweiwege-Hydraulikzylinder?<\/strong><\/h2>\n<p>Das Entl\u00fcften eines Zweiwege-Hydraulikzylinders ist ein Vorgang, bei dem die Luft aus dem System entfernt wird, um einen einwandfreien Betrieb zu gew\u00e4hrleisten und Probleme wie schwammiges Ansprechverhalten oder Leistungsverlust zu vermeiden. Ein Zweiwege-Hydraulikzylinder ist ein doppeltwirkender Zylinder, der den Kolben mithilfe von Hydraulikdruck aus- und einf\u00e4hrt. Hier finden Sie eine Schritt-f\u00fcr-Schritt-Anleitung zum Entl\u00fcften eines Zweiwege-Hydraulikzylinders:<\/p>\n<ol>\n<li><strong>Vorbereitung:<\/strong>\n<ul>\n<li>Stellen Sie sicher, dass das Hydrauliksystem abgeschaltet und der Druck abgelassen ist.<\/li>\n<li>Tragen Sie pers\u00f6nliche Schutzausr\u00fcstung, einschlie\u00dflich Handschuhen und Schutzbrille, um sich vor Hydraulikfl\u00fcssigkeit zu sch\u00fctzen.<\/li>\n<\/ul>\n<\/li>\n<li><strong>Identifizieren Sie das Entl\u00fcftungsventil:<\/strong>\n<ul>\n<li>Suchen Sie das Entl\u00fcftungsventil am Hydraulikzylinder. Es handelt sich \u00fcblicherweise um ein kleines Anschlussst\u00fcck mit einer Staubkappe. Durch das Entl\u00fcftungsventil kann die im Zylinder eingeschlossene Luft entweichen.<\/li>\n<\/ul>\n<\/li>\n<li><strong>Den Zylinder ausfahren:<\/strong>\n<ul>\n<li>Aktivieren Sie die Hydraulikpumpe oder das Ventil, um den Zylinder so zu steuern, dass der Kolben vollst\u00e4ndig ausf\u00e4hrt. Diese Bewegung hilft dabei, eventuell vorhandene Luftblasen nach oben in den Zylinder zu bef\u00f6rdern.<\/li>\n<\/ul>\n<\/li>\n<li><strong>Staubkappe entfernen:<\/strong>\n<ul>\n<li>Nehmen Sie die Staubkappe vom Entl\u00fcftungsventil ab. Legen Sie sie an einem sicheren Ort beiseite.<\/li>\n<\/ul>\n<\/li>\n<li><strong>\u00d6ffnen Sie das Entl\u00fcftungsventil:<\/strong>\n<ul>\n<li>Mit einem geeigneten Schraubenschl\u00fcssel oder Werkzeug das Entl\u00fcftungsventil gegen den Uhrzeigersinn drehen, um es zu \u00f6ffnen. Dadurch k\u00f6nnen Luft und eventuell eingeschlossene Fl\u00fcssigkeit aus dem Zylinder entweichen.<\/li>\n<\/ul>\n<\/li>\n<li><strong>Zylinder einfahren:<\/strong>\n<ul>\n<li>Den Hydraulikdruck reduzieren und den Zylinder vollst\u00e4ndig einfahren lassen. Dies kann das Bet\u00e4tigen eines Steuerventils oder das L\u00f6sen jeglicher \u00e4u\u00dferer Kr\u00e4fte erfordern, die den Zylinder in ausgefahrener Position gehalten haben.<\/li>\n<\/ul>\n<\/li>\n<li><strong>Fl\u00fcssigkeitsfluss beobachten:<\/strong>\n<ul>\n<li>Beobachten Sie den Fl\u00fcssigkeitsfluss am Entl\u00fcftungsventil. Anfangs k\u00f6nnen Luftblasen zusammen mit der Fl\u00fcssigkeit austreten. Lassen Sie die Fl\u00fcssigkeit so lange flie\u00dfen, bis keine Blasen mehr austreten. Dies zeigt an, dass die Luft aus dem Zylinder entwichen ist.<\/li>\n<\/ul>\n<\/li>\n<li><strong>Entl\u00fcftungsventil schlie\u00dfen:<\/strong>\n<ul>\n<li>Sobald alle Luftblasen entfernt sind, schlie\u00dfen Sie das Entl\u00fcftungsventil durch Drehen im Uhrzeigersinn. Achten Sie darauf, dass es fest verschlossen ist, um ein Austreten von Fl\u00fcssigkeit zu verhindern.<\/li>\n<\/ul>\n<\/li>\n<li><strong>Zylinder aus- und einfahren:<\/strong>\n<ul>\n<li>Wiederholen Sie die Schritte 3 bis 8, indem Sie den Zylinder erneut aus- und einfahren, um sicherzustellen, dass die restliche Luft aus dem System entweicht. Dieser Schritt tr\u00e4gt zu einer gr\u00fcndlichen Entl\u00fcftung des Hydraulikzylinders bei.<\/li>\n<\/ul>\n<\/li>\n<li><strong>Fl\u00fcssigkeitsstand pr\u00fcfen:<\/strong>\n<ul>\n<li>Nach dem Entl\u00fcften des Zylinders den Hydraulikfl\u00fcssigkeitsstand im Systembeh\u00e4lter pr\u00fcfen. Gegebenenfalls Fl\u00fcssigkeit nachf\u00fcllen, um den empfohlenen Stand zu erreichen.<\/li>\n<\/ul>\n<\/li>\n<\/ol>\n<h2><strong>F\u00e4higkeit und Kapazit\u00e4t der Fabrik:<\/strong><\/h2>\n<h3>(1) Montage<\/h3>\n<p>Wir verf\u00fcgen \u00fcber eine erstklassige, unabh\u00e4ngige Forschungs- und Entwicklungsmontageplattform. Die Hydraulikzylinder-Produktionswerkstatt verf\u00fcgt \u00fcber vier halbautomatische Montagelinien f\u00fcr Hubzylinder und eine automatische Montagelinie f\u00fcr Kippzylinder mit einer geplanten j\u00e4hrlichen Produktionskapazit\u00e4t von 1 Million St\u00fcck. Die Spezialzylinderwerkstatt ist mit verschiedenen Spezifikationen eines halbautomatischen Reinigungsmontagesystems mit einer geplanten j\u00e4hrlichen Produktionskapazit\u00e4t von 200.000 ausgestattet und mit renommierten CNC-Bearbeitungsger\u00e4ten, einem Bearbeitungszentrum, einer hochpr\u00e4zisen Spezialausr\u00fcstung f\u00fcr die Zylinderverarbeitung, einer Roboterschwei\u00dfmaschine, einer automatischen Reinigungsmaschine, einer automatischen Zylindermontagemaschine und einer automatischen Lackierproduktionslinie ausgestattet. Es sind mehr als 300 Sets (S\u00e4tze) an kritischer Ausr\u00fcstung vorhanden. Die optimale Zuweisung und effiziente Nutzung der Ausr\u00fcstungsressourcen gew\u00e4hrleistet die Genauigkeitsanforderungen der Produkte und erf\u00fcllt die hohen Qualit\u00e4tsanforderungen der Produkte.<\/p>\n<p><img loading=\"lazy\" decoding=\"async\" class=\"alignnone wp-image-626\" src=\"https:\/\/hydraulic-cylinders.net\/wp-content\/uploads\/2023\/08\/hydraulic-cylinder-product-1-300x158.webp\" alt=\"\" width=\"495\" height=\"260\" srcset=\"https:\/\/hydraulic-cylinders.net\/wp-content\/uploads\/2023\/08\/hydraulic-cylinder-product-1-300x158.webp 495w, https:\/\/hydraulic-cylinders.net\/wp-content\/uploads\/2023\/08\/hydraulic-cylinder-product-1-480x252.webp 480w\" sizes=\"(min-width: 0px) and (max-width: 480px) 480px, (min-width: 481px) 495px, 100vw\" \/> <img loading=\"lazy\" decoding=\"async\" class=\"alignnone wp-image-627\" src=\"https:\/\/hydraulic-cylinders.net\/wp-content\/uploads\/2023\/08\/hydraulic-cylinder-product-2-300x189.webp\" alt=\"\" width=\"413\" height=\"260\" \/><\/p>\n<h3>(2) Bearbeitungen<\/h3>\n<p>Die Bearbeitungswerkstatt ist mit einem ma\u00dfgeschneiderten Schr\u00e4gschienen-Drehzentrum, einem Bearbeitungszentrum, einer Hochgeschwindigkeits-Honmaschine, einem Schwei\u00dfroboter und anderen zugeh\u00f6rigen Ger\u00e4ten ausgestattet, die die Bearbeitung von Zylinderrohren mit einem maximalen Innendurchmesser von 400 mm und einer maximalen L\u00e4nge von 6 Metern erm\u00f6glichen.<\/p>\n<p><img loading=\"lazy\" decoding=\"async\" class=\"alignnone wp-image-628 size-large\" src=\"https:\/\/hydraulic-cylinders.net\/wp-content\/uploads\/2023\/08\/hydraulic-cylinder-product-3-1024x391.webp\" alt=\"\" width=\"1024\" height=\"391\" srcset=\"https:\/\/hydraulic-cylinders.net\/wp-content\/uploads\/2023\/08\/hydraulic-cylinder-product-3-980x374.webp 980w, https:\/\/hydraulic-cylinders.net\/wp-content\/uploads\/2023\/08\/hydraulic-cylinder-product-3-480x183.webp 480w\" sizes=\"(min-width: 0px) and (max-width: 480px) 480px, (min-width: 481px) and (max-width: 980px) 980px, (min-width: 981px) 1024px, 100vw\" \/><\/p>\n<h3>(3) Schwei\u00dfen<\/h3>\n<p><img loading=\"lazy\" decoding=\"async\" class=\"alignnone wp-image-629 size-large\" src=\"https:\/\/hydraulic-cylinders.net\/wp-content\/uploads\/2023\/08\/hydraulic-cylinder-product-4-1024x510.webp\" alt=\"\" width=\"1024\" height=\"510\" srcset=\"https:\/\/hydraulic-cylinders.net\/wp-content\/uploads\/2023\/08\/hydraulic-cylinder-product-4-980x488.webp 980w, https:\/\/hydraulic-cylinders.net\/wp-content\/uploads\/2023\/08\/hydraulic-cylinder-product-4-480x239.webp 480w\" sizes=\"(min-width: 0px) and (max-width: 480px) 480px, (min-width: 481px) and (max-width: 980px) 980px, (min-width: 981px) 1024px, 100vw\" \/><\/p>\n<h3>(4) Malerei und Beschichtung<\/h3>\n<p>Mit kleinen und mittleren Zylinder automatische Lackieranlagen auf Wasserbasis, zu erreichen automatische Roboter Be-und Entladen und automatische Spritzen, die Design-Kapazit\u00e4t von 4000 St\u00fcck pro Schicht;<br \/>\nWir verf\u00fcgen auch \u00fcber eine halbautomatische Lackieranlage f\u00fcr gro\u00dfe Zylinder, die von einer Energiekette angetrieben wird und eine Kapazit\u00e4t von 60 Kisten pro Schicht hat.<\/p>\n<p><img loading=\"lazy\" decoding=\"async\" class=\"alignnone wp-image-630\" src=\"https:\/\/hydraulic-cylinders.net\/wp-content\/uploads\/2023\/08\/hydraulic-cylinder-product-5-300x213.webp\" alt=\"\" width=\"366\" height=\"260\" \/> <img loading=\"lazy\" decoding=\"async\" class=\"alignnone wp-image-631\" src=\"https:\/\/hydraulic-cylinders.net\/wp-content\/uploads\/2023\/08\/hydraulic-cylinder-product-6-300x225.webp\" alt=\"\" width=\"347\" height=\"260\" \/><\/p>\n<h3>(5) Pr\u00fcfung<\/h3>\n<p>Wir verf\u00fcgen \u00fcber erstklassige Pr\u00fcfeinrichtungen und Pr\u00fcfst\u00e4nde, um sicherzustellen, dass die Leistung des Zylinders den Anforderungen entspricht.<\/p>\n<p><img loading=\"lazy\" decoding=\"async\" class=\"alignnone wp-image-632\" src=\"https:\/\/hydraulic-cylinders.net\/wp-content\/uploads\/2023\/08\/hydraulic-cylinder-product-8-300x200.webp\" alt=\"\" width=\"389\" height=\"260\" \/><\/p>\n<p>&nbsp;<\/p>\n<p>&nbsp;<\/p>\n<p>Wir sind einer der besten Hydraulikzylinderhersteller. Wir k\u00f6nnen umfassende Hydraulikzylinder anbieten. Wir bieten auch entsprechende <a href=\"https:\/\/hzpt.com\/agricultural-pto-gearbox\/\" target=\"_blank\" rel=\"noopener\">landwirtschaftliche Getriebe<\/a>. Wir haben unsere Produkte an Kunden weltweit exportiert und uns aufgrund unserer hervorragenden Produktqualit\u00e4t und unseres Kundendienstes einen guten Ruf erworben. Wir begr\u00fc\u00dfen Kunden im In- und Ausland, die uns kontaktieren, um Gesch\u00e4fte zu verhandeln, Informationen auszutauschen und <a href=\"https:\/\/www.hydraulic-cylinders.net\/de\/contact-us\/\">mit uns zusammenarbeiten<\/a>!<\/p>\n<p>&nbsp;<\/p>","protected":false},"excerpt":{"rendered":"<p>Shield Machine Anti-torque Cylinder The shield machine anti-torque cylinder is a cutting-edge hydraulic component designed to provide enhanced stability and control in tunneling operations. This specialized cylinder plays a vital role in mitigating torque forces generated during the excavation process, ensuring optimal performance and safety. In this comprehensive article, we will delve into the key [&hellip;]<\/p>","protected":false},"featured_media":1889,"comment_status":"open","ping_status":"closed","template":"","meta":{"_et_pb_use_builder":"","_et_pb_old_content":"","_et_gb_content_width":""},"product_brand":[],"product_cat":[1550,1519],"product_tag":[1380],"class_list":{"0":"post-1886","1":"product","2":"type-product","3":"status-publish","4":"has-post-thumbnail","6":"product_cat-double-acting-hydraulic-cylinder","7":"product_cat-shield-machine-hydraulic-cylinders","8":"product_tag-hydraulic-cylinder","10":"first","11":"instock","12":"shipping-taxable","13":"product-type-simple"},"amp_enabled":true,"_links":{"self":[{"href":"https:\/\/www.hydraulic-cylinders.net\/de\/wp-json\/wp\/v2\/product\/1886","targetHints":{"allow":["GET"]}}],"collection":[{"href":"https:\/\/www.hydraulic-cylinders.net\/de\/wp-json\/wp\/v2\/product"}],"about":[{"href":"https:\/\/www.hydraulic-cylinders.net\/de\/wp-json\/wp\/v2\/types\/product"}],"replies":[{"embeddable":true,"href":"https:\/\/www.hydraulic-cylinders.net\/de\/wp-json\/wp\/v2\/comments?post=1886"}],"wp:featuredmedia":[{"embeddable":true,"href":"https:\/\/www.hydraulic-cylinders.net\/de\/wp-json\/wp\/v2\/media\/1889"}],"wp:attachment":[{"href":"https:\/\/www.hydraulic-cylinders.net\/de\/wp-json\/wp\/v2\/media?parent=1886"}],"wp:term":[{"taxonomy":"product_brand","embeddable":true,"href":"https:\/\/www.hydraulic-cylinders.net\/de\/wp-json\/wp\/v2\/product_brand?post=1886"},{"taxonomy":"product_cat","embeddable":true,"href":"https:\/\/www.hydraulic-cylinders.net\/de\/wp-json\/wp\/v2\/product_cat?post=1886"},{"taxonomy":"product_tag","embeddable":true,"href":"https:\/\/www.hydraulic-cylinders.net\/de\/wp-json\/wp\/v2\/product_tag?post=1886"}],"curies":[{"name":"wp","href":"https:\/\/api.w.org\/{rel}","templated":true}]}}